{"id":11143,"date":"2018-03-08T12:27:09","date_gmt":"2018-03-08T09:27:09","guid":{"rendered":"https:\/\/www.camlock.org\/kasutamistingimused\/"},"modified":"2025-05-08T19:57:11","modified_gmt":"2025-05-08T16:57:11","slug":"kasutamistingimused","status":"publish","type":"page","link":"https:\/\/www.camlock.org\/et\/kasutamistingimused\/","title":{"rendered":"Privaatsuspoliitika"},"content":{"rendered":"\n<h2 class=\"wp-block-heading\">Privaatsuspoliitika<\/h2>\n\n<p>Camlock.org (MasterChem O\u00dc) (edaspidi andmet\u00f6\u00f6tleja) on v\u00f5tnud endale kohustuse kaitsta klientide ja kasutajate privaatsust. Sellest l\u00e4htuvalt oleme koostanud k\u00e4esolevad privaatsuspoliitika p\u00f5him\u00f5tted, mis k\u00e4sitlevad kliendi andmete kogumist, kasutamist, avaldamist, edastamist ja talletamist. Meie tegevus internetis on koosk\u00f5las k\u00f5igi asjakohaste tegevuste ja vastavate Euroopa Liidu \u00f5igusaktide ja Eesti Vabariigi seadustega. Leia veidi aega ja tutvu meie privaatsusp\u00f5him\u00f5tetega.<\/p>\n\n<h2 class=\"wp-block-heading\">Isikuandmete kogumine, t\u00f6\u00f6tlemine ja s\u00e4ilitamine<\/h2>\n\n<p>Isikuandmed, mida andmet\u00f6\u00f6tleja kogub, t\u00f6\u00f6tleb ja s\u00e4ilitab, on kogutud elektrooniliselt, peamiselt kodulehe, e-posti ja paberkandja vahendusel.<\/p>\n\n<p>Oma isikuandmete jagamisega annab andmesubjekt andmet\u00f6\u00f6tlejale \u00f5iguse koguda, korraldada, kasutada ja hallata privaatsuspoliitikas m\u00e4\u00e4ratletud eesm\u00e4rgil isikuandmeid, mida andmesubjekt otse v\u00f5i kaudselt kodulehel kaupu v\u00f5i teenuseid ostes andmet\u00f6\u00f6tlejale jagab.<\/p>\n\n<p>Andmesubjekt vastutab selle eest, et tema poolt esitatud andmed oleksid t\u00e4psed, \u00f5iged ja terviklikud. Teadlikult valeandmete esitamist peetakse privaatsuspoliitika rikkumiseks. Andmesubjekt on kohustatud andmet\u00f6\u00f6tlejat viivitamatult teavitama esitatud andmete muutumisest.<\/p>\n\n<p>Andmet\u00f6\u00f6tleja ei vastuta andmesubjekti poolt valeandmete esitamisest p\u00f5hjustatud kahju eest andmesubjektile v\u00f5i kolmandatele osapooltele.<\/p>\n\n<h2 class=\"wp-block-heading\">Klientide isikuandmete t\u00f6\u00f6tlemine<\/h2>\n\n<p>Andmet\u00f6\u00f6tleja v\u00f5ib t\u00f6\u00f6delda j\u00e4rgnevaid andmesubjekti isikuandmeid:<\/p>\n\n<ul class=\"wp-block-list\">\n<li>Kontaktandmed (sh ees- ja perekonnanimi, isikukood, postiaadress, telefoninumber, e-posti aadress, kohaletoimetamise aadress, arvelduskonto number, maksekaardi detailid)<br\/><\/li>\n\n\n\n<li>Veebisaidi kasutamisel kliendi kontoinfost v\u00f5i k\u00fcpsiste (coocies) kaudu<\/li>\n<\/ul>\n\n<h2 class=\"wp-block-heading\">Muude andmete kogumine<\/h2>\n\n<p>V\u00f5ime koguda ka andmeid klienditegevuste kohta meie veebisaidil. Need andmed koondatakse ja neid kasutatakse selleks, et saaksime klientidele edastada kasulikumat teavet ja saaksime teada, millised veebisaidi, toodete ja teenuste osad on k\u00f5ige huvipakkuvamad. Koondandmeid k\u00e4sitletakse selles privaatsuspoliitikas isikustamata andmetena.<\/p>\n\n<p>Lisaks eeltoodule on andmet\u00f6\u00f6tlejal \u00f5igus koguda kliendi kohta andmeid, mis on k\u00e4ttesaadavad avalikes registrites.<\/p>\n\n<h2 class=\"wp-block-heading\">Kogutud isikuandmete kasutamine ja s\u00e4ilitamine<\/h2>\n\n<p>Kogutud isikuandmete abil saame teavitada kliente Camlock.org\u2019i tooteuudistest, kampaaniatest ja tulevastest s\u00fcndmustest. Klient, kes ei soovi olla meie uudiskirjaloendis v\u00f5i saada teavitusi teda huvitada v\u00f5ivatest toodetest, saab ennast adressaatide sihtr\u00fchmast igal ajal eemaldada.<br\/>Kogutud isikuandmeid kasutame ka kauba kohaletoimetamiseks ning kliendi ees v\u00f5etud kohustuste t\u00e4itmiseks.<br\/><br\/>Privaatsuspoliitika tingimustega n\u00f5ustumisel annab klient Camlock.orgile n\u00f5usoleku enda andmete automatiseeritud t\u00f6\u00f6tlemiseks. V\u00f5id alati oma n\u00f5usoleku tagasi v\u00f5tta meie kodulehe vahendusel v\u00f5i kirjalikku taasesitamist v\u00f5imaldavas vormis avalduse tegemisega. Tagasiulatuvat j\u00f5udu avaldusel ega n\u00f5usoleku tagasiv\u00f5tmisel ei ole.<\/p>\n\n<p>To ensure better customer service, I may disclose information about individual users to a third party who provides services to Camlock.org and is contractually bound to keeping any shared information confidential. Such third party may be, for instance, our partner whose duty is to deliver goods sold in our e-shop, or provide hire-purchase services. The Camlock.org is in charge of the processing of personal data. The controller transmits the personal data necessary for making payments to the processor, Maksekeskus AS.<\/p>\n\n<p>Camlock.org s\u00e4ilitab k\u00f5iki kliendi isikuandmeid kuni p\u00fcsikliendilepingu l\u00f5ppemiseni. Andmeid, mida Camlock.org peab seaduse kohaselt s\u00e4ilitama (nt raamatupidamisandmed), s\u00e4ilitab Camlock.org vastavalt seaduse s\u00e4tetele.<\/p>\n\n<h2 class=\"wp-block-heading\">Isikuandmete kaitse<\/h2>\n\n<p>Camlock.org rakendab k\u00f5iki ettevaatusabin\u00f5usid (sh administratiivsed, tehnilised ja f\u00fc\u00fcsilised meetmed) kliendi isikuandmete kaitsmiseks. Juurdep\u00e4\u00e4s andmete muutmiseks ja t\u00f6\u00f6tlemiseks on ainult selleks volitatud isikutel.<\/p>\n\n<p>S\u00e4ilitame isikuandmeid vaid rangelt minimaalselt vajaliku aja. Isikuandmeid s\u00e4ilitame kuni 5 aastat alates viimasest tellimusest v\u00f5i hooldust\u00f6\u00f6st. Andmete hoiustamisel l\u00e4htume ka raamatupidamise seaduse n\u00f5uetest.<\/p>\n\n<p>Isikuandmed, mille s\u00e4ilitamise t\u00e4htaeg on m\u00f6\u00f6dunud, h\u00e4vitatakse v\u00f5i anon\u00fcmiseeritakse kasutades selleks parimaid praktikaid<\/p>\n\n<h2 class=\"wp-block-heading\">Turvalisus<\/h2>\n\n<p>K\u00f5iki Camlock.org e-poe k\u00fclastamise ja ostude sooritamise k\u00e4igus teatavaks saanud kliendi isikuandmeid k\u00e4sitletakse kui konfidentsiaalset infot. Kr\u00fcpteeritud andmesidekanal pankadega tagab ostu sooritaja isikuandmete ja pangarekvisiitide turvalisuse.<\/p>\n\n<h2 class=\"wp-block-heading\">Privaatsuspoliitika tingimused ja muudatused<\/h2>\n\n<p>Meie veebisaiti kasutama asudes v\u00f5i p\u00fcsikliendi avalduse t\u00e4itmisel oled k\u00e4esolevate p\u00f5him\u00f5tete ja tingimustega tutvunud ning need teadmiseks v\u00f5tnud. J\u00e4tame endale \u00f5iguse vajadusel privaatsuspoliitika \u00fcldtingimusi muuta, teavitades sellest meie veebilehel ja v\u00f5imalusel e-posti teel.<\/p>\n\n<p>K\u00f5igi privaatsuspoliitika v\u00f5i andmet\u00f6\u00f6tluse kohta tekkivate k\u00fcsimuste v\u00f5i muredega palume v\u00f5tta meiega \u00fchendust aadressil <a href=\"mailto:info@camlock.org\">info@camlock.org<\/a><\/p>\n\n<p><\/p>\n","protected":false},"excerpt":{"rendered":"<p>Privaatsuspoliitika Camlock.org (MasterChem O\u00dc) (edaspidi andmet\u00f6\u00f6tleja) on v\u00f5tnud endale kohustuse kaitsta klientide ja kasutajate privaatsust. Sellest l\u00e4htuvalt oleme koostanud k\u00e4esolevad privaatsuspoliitika p\u00f5him\u00f5tted, mis k\u00e4sitlevad kliendi andmete kogumist, kasutamist, avaldamist, edastamist ja talletamist. Meie tegevus internetis on koosk\u00f5las k\u00f5igi asjakohaste tegevuste ja vastavate Euroopa Liidu \u00f5igusaktide ja Eesti Vabariigi seadustega. Leia veidi aega ja tutvu meie [&hellip;]<\/p>\n","protected":false},"author":1,"featured_media":0,"parent":0,"menu_order":0,"comment_status":"closed","ping_status":"closed","template":"","meta":{"footnotes":""},"class_list":["post-11143","page","type-page","status-publish","hentry"],"yoast_head":"<!-- This site is optimized with the Yoast SEO plugin v27.4 - https:\/\/yoast.com\/product\/yoast-seo-wordpress\/ -->\n<title>Privaatsuspoliitika - Camlock Fittings, Cam-lock liitmikud m\u00fc\u00fck<\/title>\n<meta name=\"robots\" content=\"index, follow, max-snippet:-1, max-image-preview:large, max-video-preview:-1\" \/>\n<link rel=\"canonical\" href=\"https:\/\/www.camlock.org\/et\/kasutamistingimused\/\" \/>\n<meta property=\"og:locale\" content=\"et_EE\" \/>\n<meta property=\"og:type\" content=\"article\" \/>\n<meta property=\"og:title\" content=\"Privaatsuspoliitika - Camlock Fittings, Cam-lock liitmikud m\u00fc\u00fck\" \/>\n<meta property=\"og:description\" content=\"Privaatsuspoliitika Camlock.org (MasterChem O\u00dc) (edaspidi andmet\u00f6\u00f6tleja) on v\u00f5tnud endale kohustuse kaitsta klientide ja kasutajate privaatsust. Sellest l\u00e4htuvalt oleme koostanud k\u00e4esolevad privaatsuspoliitika p\u00f5him\u00f5tted, mis k\u00e4sitlevad kliendi andmete kogumist, kasutamist, avaldamist, edastamist ja talletamist. Meie tegevus internetis on koosk\u00f5las k\u00f5igi asjakohaste tegevuste ja vastavate Euroopa Liidu \u00f5igusaktide ja Eesti Vabariigi seadustega. Leia veidi aega ja tutvu meie [&hellip;]\" \/>\n<meta property=\"og:url\" content=\"https:\/\/www.camlock.org\/et\/kasutamistingimused\/\" \/>\n<meta property=\"og:site_name\" content=\"Camlock Fittings, Cam-lock liitmikud m\u00fc\u00fck\" \/>\n<meta property=\"article:modified_time\" content=\"2025-05-08T16:57:11+00:00\" \/>\n<meta name=\"twitter:card\" content=\"summary_large_image\" \/>\n<meta name=\"twitter:label1\" content=\"Est. reading time\" \/>\n\t<meta name=\"twitter:data1\" content=\"3 minutit\" \/>\n<script type=\"application\/ld+json\" class=\"yoast-schema-graph\">{\"@context\":\"https:\\\/\\\/schema.org\",\"@graph\":[{\"@type\":\"WebPage\",\"@id\":\"https:\\\/\\\/www.camlock.org\\\/et\\\/kasutamistingimused\\\/\",\"url\":\"https:\\\/\\\/www.camlock.org\\\/et\\\/kasutamistingimused\\\/\",\"name\":\"Privaatsuspoliitika - Camlock Fittings, Cam-lock liitmikud m\u00fc\u00fck\",\"isPartOf\":{\"@id\":\"https:\\\/\\\/www.camlock.org\\\/et\\\/?lang=et\\\/#website\"},\"datePublished\":\"2018-03-08T09:27:09+00:00\",\"dateModified\":\"2025-05-08T16:57:11+00:00\",\"breadcrumb\":{\"@id\":\"https:\\\/\\\/www.camlock.org\\\/et\\\/kasutamistingimused\\\/#breadcrumb\"},\"inLanguage\":\"et\",\"potentialAction\":[{\"@type\":\"ReadAction\",\"target\":[\"https:\\\/\\\/www.camlock.org\\\/et\\\/kasutamistingimused\\\/\"]}]},{\"@type\":\"BreadcrumbList\",\"@id\":\"https:\\\/\\\/www.camlock.org\\\/et\\\/kasutamistingimused\\\/#breadcrumb\",\"itemListElement\":[{\"@type\":\"ListItem\",\"position\":1,\"name\":\"Home\",\"item\":\"https:\\\/\\\/www.camlock.org\\\/et\\\/\"},{\"@type\":\"ListItem\",\"position\":2,\"name\":\"Privaatsuspoliitika\"}]},{\"@type\":\"WebSite\",\"@id\":\"https:\\\/\\\/www.camlock.org\\\/et\\\/?lang=et\\\/#website\",\"url\":\"https:\\\/\\\/www.camlock.org\\\/et\\\/?lang=et\\\/\",\"name\":\"Camlock Fittings, Cam-lock liitmikud m\u00fc\u00fck\",\"description\":\"Camlock Fittings, Cam-lock liitmikud m\u00fc\u00fck\",\"potentialAction\":[{\"@type\":\"SearchAction\",\"target\":{\"@type\":\"EntryPoint\",\"urlTemplate\":\"https:\\\/\\\/www.camlock.org\\\/et\\\/?lang=et\\\/?s={search_term_string}\"},\"query-input\":{\"@type\":\"PropertyValueSpecification\",\"valueRequired\":true,\"valueName\":\"search_term_string\"}}],\"inLanguage\":\"et\"}]}<\/script>\n<!-- \/ Yoast SEO plugin. -->","yoast_head_json":{"title":"Privaatsuspoliitika - Camlock Fittings, Cam-lock liitmikud m\u00fc\u00fck","robots":{"index":"index","follow":"follow","max-snippet":"max-snippet:-1","max-image-preview":"max-image-preview:large","max-video-preview":"max-video-preview:-1"},"canonical":"https:\/\/www.camlock.org\/et\/kasutamistingimused\/","og_locale":"et_EE","og_type":"article","og_title":"Privaatsuspoliitika - Camlock Fittings, Cam-lock liitmikud m\u00fc\u00fck","og_description":"Privaatsuspoliitika Camlock.org (MasterChem O\u00dc) (edaspidi andmet\u00f6\u00f6tleja) on v\u00f5tnud endale kohustuse kaitsta klientide ja kasutajate privaatsust. Sellest l\u00e4htuvalt oleme koostanud k\u00e4esolevad privaatsuspoliitika p\u00f5him\u00f5tted, mis k\u00e4sitlevad kliendi andmete kogumist, kasutamist, avaldamist, edastamist ja talletamist. Meie tegevus internetis on koosk\u00f5las k\u00f5igi asjakohaste tegevuste ja vastavate Euroopa Liidu \u00f5igusaktide ja Eesti Vabariigi seadustega. Leia veidi aega ja tutvu meie [&hellip;]","og_url":"https:\/\/www.camlock.org\/et\/kasutamistingimused\/","og_site_name":"Camlock Fittings, Cam-lock liitmikud m\u00fc\u00fck","article_modified_time":"2025-05-08T16:57:11+00:00","twitter_card":"summary_large_image","twitter_misc":{"Est. reading time":"3 minutit"},"schema":{"@context":"https:\/\/schema.org","@graph":[{"@type":"WebPage","@id":"https:\/\/www.camlock.org\/et\/kasutamistingimused\/","url":"https:\/\/www.camlock.org\/et\/kasutamistingimused\/","name":"Privaatsuspoliitika - Camlock Fittings, Cam-lock liitmikud m\u00fc\u00fck","isPartOf":{"@id":"https:\/\/www.camlock.org\/et\/?lang=et\/#website"},"datePublished":"2018-03-08T09:27:09+00:00","dateModified":"2025-05-08T16:57:11+00:00","breadcrumb":{"@id":"https:\/\/www.camlock.org\/et\/kasutamistingimused\/#breadcrumb"},"inLanguage":"et","potentialAction":[{"@type":"ReadAction","target":["https:\/\/www.camlock.org\/et\/kasutamistingimused\/"]}]},{"@type":"BreadcrumbList","@id":"https:\/\/www.camlock.org\/et\/kasutamistingimused\/#breadcrumb","itemListElement":[{"@type":"ListItem","position":1,"name":"Home","item":"https:\/\/www.camlock.org\/et\/"},{"@type":"ListItem","position":2,"name":"Privaatsuspoliitika"}]},{"@type":"WebSite","@id":"https:\/\/www.camlock.org\/et\/?lang=et\/#website","url":"https:\/\/www.camlock.org\/et\/?lang=et\/","name":"Camlock Fittings, Cam-lock liitmikud m\u00fc\u00fck","description":"Camlock Fittings, Cam-lock liitmikud m\u00fc\u00fck","potentialAction":[{"@type":"SearchAction","target":{"@type":"EntryPoint","urlTemplate":"https:\/\/www.camlock.org\/et\/?lang=et\/?s={search_term_string}"},"query-input":{"@type":"PropertyValueSpecification","valueRequired":true,"valueName":"search_term_string"}}],"inLanguage":"et"}]}},"_links":{"self":[{"href":"https:\/\/www.camlock.org\/et\/wp-json\/wp\/v2\/pages\/11143","targetHints":{"allow":["GET"]}}],"collection":[{"href":"https:\/\/www.camlock.org\/et\/wp-json\/wp\/v2\/pages"}],"about":[{"href":"https:\/\/www.camlock.org\/et\/wp-json\/wp\/v2\/types\/page"}],"author":[{"embeddable":true,"href":"https:\/\/www.camlock.org\/et\/wp-json\/wp\/v2\/users\/1"}],"replies":[{"embeddable":true,"href":"https:\/\/www.camlock.org\/et\/wp-json\/wp\/v2\/comments?post=11143"}],"version-history":[{"count":5,"href":"https:\/\/www.camlock.org\/et\/wp-json\/wp\/v2\/pages\/11143\/revisions"}],"predecessor-version":[{"id":23963,"href":"https:\/\/www.camlock.org\/et\/wp-json\/wp\/v2\/pages\/11143\/revisions\/23963"}],"wp:attachment":[{"href":"https:\/\/www.camlock.org\/et\/wp-json\/wp\/v2\/media?parent=11143"}],"curies":[{"name":"wp","href":"https:\/\/api.w.org\/{rel}","templated":true}]}}