{"id":11249,"date":"2018-04-15T20:59:20","date_gmt":"2018-04-15T17:59:20","guid":{"rendered":"https:\/\/www.camlock.org\/kontakt-2\/"},"modified":"2025-05-08T17:53:40","modified_gmt":"2025-05-08T14:53:40","slug":"kontakt-2","status":"publish","type":"page","link":"https:\/\/www.camlock.org\/et\/kontakt-2\/","title":{"rendered":"Kontakt"},"content":{"rendered":"<p>[vc_row full_width=&#8221;stretch_row_content_no_spaces&#8221; layout=&#8221;ts-row-boxed&#8221; enable_parallax=&#8221;&#8221; el_class=&#8221;map-contact&#8221;][vc_column]\t\t<div class=\"google-map-container\" style=\"height:560px\" \n\t\t\tdata-address=\"Estonia, Muuga, Lao 4\" data-zoom=\"12\" data-map_type=\"ROADMAP\" data-title=\"\">\n\t\t\t<div style=\"height:560px\"><\/div>\n\t\t<\/div>\n\t\t[\/vc_column][\/vc_row][vc_row css=&#8221;.vc_custom_1478007643581{padding-top: 26px !important;}&#8221;][vc_column][vc_column_text]<\/p>\n<h5 style=\"color: #000000; text-align: center; margin: 0;\">V\u00d5TA JULGELT<\/h5>\n<p><\/p>\n<h3 class=\"title-bottom-line\" style=\"font-weight: bold; color: #000000; text-align: center;\">\u00dcHENDUST<\/h3>\n<p><\/p>\n<p style=\"text-align: center;\">Vastame k\u00f5ikide Teie k\u00fcsimustele.<\/p>\n<p>[\/vc_column_text][vc_row_inner css=&#8221;.vc_custom_1478053234990{padding-top: 30px !important;}&#8221;][vc_column_inner width=&#8221;1\/3&#8243;][vc_column_text]<\/p>\n<div class=\"office-address primary-text\" style=\"text-align: center;\">AADRESS<\/div>\n<p><\/p>\n<p style=\"text-align: center;\">Eesti, Maardu 74114, Lao 4<\/p>\n<p>[\/vc_column_text][\/vc_column_inner][vc_column_inner width=&#8221;1\/3&#8243;][vc_column_text]<\/p>\n<div class=\"phone-numbers primary-text\" style=\"text-align: center;\">TELEFON<\/div>\n<p><\/p>\n<p style=\"text-align: center;\">Tel +372 6237782<\/p>\n<p><\/p>\n<p style=\"text-align: center;\">Tel +372 5098500<\/p>\n<p><\/p>\n<p style=\"text-align: center;\">Tel +372 55513600<\/p>\n<p>[\/vc_column_text][\/vc_column_inner][vc_column_inner width=&#8221;1\/3&#8243;][vc_column_text]<\/p>\n<div class=\"email-address primary-text\" style=\"text-align: center;\">EMAIL<\/div>\n<p><\/p>\n<p style=\"text-align: center;\">info@camlock.org<\/p>\n<p>\n[\/vc_column_text][\/vc_column_inner][\/vc_row_inner]\n<div class=\"wpcf7 no-js\" id=\"wpcf7-f17-o1\" lang=\"en-US\" dir=\"ltr\" data-wpcf7-id=\"17\">\n<div class=\"screen-reader-response\"><p role=\"status\" aria-live=\"polite\" aria-atomic=\"true\"><\/p> <ul><\/ul><\/div>\n<form action=\"\/et\/wp-json\/wp\/v2\/pages\/11249#wpcf7-f17-o1\" method=\"post\" class=\"wpcf7-form init\" aria-label=\"Contact form\" novalidate=\"novalidate\" data-status=\"init\">\n<fieldset class=\"hidden-fields-container\"><input type=\"hidden\" name=\"_wpcf7\" value=\"17\" \/><input type=\"hidden\" name=\"_wpcf7_version\" value=\"6.1.5\" \/><input type=\"hidden\" name=\"_wpcf7_locale\" value=\"en_US\" \/><input type=\"hidden\" name=\"_wpcf7_unit_tag\" value=\"wpcf7-f17-o1\" \/><input type=\"hidden\" name=\"_wpcf7_container_post\" value=\"0\" \/><input type=\"hidden\" name=\"_wpcf7_posted_data_hash\" value=\"\" \/><input type=\"hidden\" name=\"_wpcf7_recaptcha_response\" value=\"\" \/>\n<\/fieldset>\n<div class=\"contact-form\">\n\t<div class=\"col-1\">\n\t\t<p><label>Your Name <span class=\"required\">*<\/span><\/label><span class=\"wpcf7-form-control-wrap\" data-name=\"your-name\"><input size=\"40\" maxlength=\"400\" class=\"wpcf7-form-control wpcf7-text wpcf7-validates-as-required\" aria-required=\"true\" aria-invalid=\"false\" value=\"\" type=\"text\" name=\"your-name\" \/><\/span>\n\t\t<\/p>\n\t\t<p><label>Email address <span class=\"required\">*<\/span><\/label><span class=\"wpcf7-form-control-wrap\" data-name=\"your-email\"><input size=\"40\" maxlength=\"400\" class=\"wpcf7-form-control wpcf7-email wpcf7-validates-as-required wpcf7-text wpcf7-validates-as-email\" aria-required=\"true\" aria-invalid=\"false\" value=\"\" type=\"email\" name=\"your-email\" \/><\/span>\n\t\t<\/p>\n\t\t<p><label>Subject<\/label><span class=\"wpcf7-form-control-wrap\" data-name=\"your-subject\"><input size=\"40\" maxlength=\"400\" class=\"wpcf7-form-control wpcf7-text\" aria-invalid=\"false\" value=\"\" type=\"text\" name=\"your-subject\" \/><\/span>\n\t\t<\/p>\n\t<\/div>\n\t<div class=\"col-2\">\n\t\t<p><label>Message<\/label><span class=\"wpcf7-form-control-wrap\" data-name=\"your-message\"><textarea cols=\"40\" rows=\"10\" maxlength=\"2000\" class=\"wpcf7-form-control wpcf7-textarea\" aria-invalid=\"false\" name=\"your-message\"><\/textarea><\/span>\n\t\t<\/p>\n\t<\/div>\n\t<div class=\"sumbit-contact\">\n\t\t<p><input class=\"wpcf7-form-control wpcf7-submit has-spinner\" type=\"submit\" value=\"Submit\" \/>\n\t\t<\/p>\n\t<\/div>\n<\/div><div class=\"wpcf7-response-output\" aria-hidden=\"true\"><\/div>\n<\/form>\n<\/div>\n[\/vc_column][\/vc_row]<\/p>\n","protected":false},"excerpt":{"rendered":"<p>[vc_row full_width=&#8221;stretch_row_content_no_spaces&#8221; layout=&#8221;ts-row-boxed&#8221; enable_parallax=&#8221;&#8221; el_class=&#8221;map-contact&#8221;][vc_column][\/vc_column][\/vc_row][vc_row css=&#8221;.vc_custom_1478007643581{padding-top: 26px !important;}&#8221;][vc_column][vc_column_text] V\u00d5TA JULGELT \u00dcHENDUST Vastame k\u00f5ikide Teie k\u00fcsimustele. [\/vc_column_text][vc_row_inner css=&#8221;.vc_custom_1478053234990{padding-top: 30px !important;}&#8221;][vc_column_inner width=&#8221;1\/3&#8243;][vc_column_text] AADRESS Eesti, Maardu 74114, Lao 4 [\/vc_column_text][\/vc_column_inner][vc_column_inner width=&#8221;1\/3&#8243;][vc_column_text] TELEFON Tel +372 6237782 Tel +372 5098500 Tel +372 55513600 [\/vc_column_text][\/vc_column_inner][vc_column_inner width=&#8221;1\/3&#8243;][vc_column_text] EMAIL info@camlock.org [\/vc_column_text][\/vc_column_inner][\/vc_row_inner][\/vc_column][\/vc_row]<\/p>\n","protected":false},"author":1,"featured_media":0,"parent":0,"menu_order":0,"comment_status":"closed","ping_status":"closed","template":"","meta":{"footnotes":""},"class_list":["post-11249","page","type-page","status-publish","hentry"],"yoast_head":"<!-- This site is optimized with the Yoast SEO plugin v27.4 - https:\/\/yoast.com\/product\/yoast-seo-wordpress\/ -->\n<title>Kontakt - Camlock Fittings, Cam-lock liitmikud m\u00fc\u00fck<\/title>\n<meta name=\"robots\" content=\"index, follow, max-snippet:-1, max-image-preview:large, max-video-preview:-1\" \/>\n<link rel=\"canonical\" href=\"https:\/\/www.camlock.org\/et\/kontakt-2\/\" \/>\n<meta property=\"og:locale\" content=\"et_EE\" \/>\n<meta property=\"og:type\" content=\"article\" \/>\n<meta property=\"og:title\" content=\"Kontakt - Camlock Fittings, Cam-lock liitmikud m\u00fc\u00fck\" \/>\n<meta property=\"og:description\" content=\"[vc_row full_width=&#8221;stretch_row_content_no_spaces&#8221; layout=&#8221;ts-row-boxed&#8221; enable_parallax=&#8221;&#8221; el_class=&#8221;map-contact&#8221;][vc_column][\/vc_column][\/vc_row][vc_row css=&#8221;.vc_custom_1478007643581{padding-top: 26px !important;}&#8221;][vc_column][vc_column_text] V\u00d5TA JULGELT \u00dcHENDUST Vastame k\u00f5ikide Teie k\u00fcsimustele. [\/vc_column_text][vc_row_inner css=&#8221;.vc_custom_1478053234990{padding-top: 30px !important;}&#8221;][vc_column_inner width=&#8221;1\/3&#8243;][vc_column_text] AADRESS Eesti, Maardu 74114, Lao 4 [\/vc_column_text][\/vc_column_inner][vc_column_inner width=&#8221;1\/3&#8243;][vc_column_text] TELEFON Tel +372 6237782 Tel +372 5098500 Tel +372 55513600 [\/vc_column_text][\/vc_column_inner][vc_column_inner width=&#8221;1\/3&#8243;][vc_column_text] EMAIL info@camlock.org [\/vc_column_text][\/vc_column_inner][\/vc_row_inner][\/vc_column][\/vc_row]\" \/>\n<meta property=\"og:url\" content=\"https:\/\/www.camlock.org\/et\/kontakt-2\/\" \/>\n<meta property=\"og:site_name\" content=\"Camlock Fittings, Cam-lock liitmikud m\u00fc\u00fck\" \/>\n<meta property=\"article:modified_time\" content=\"2025-05-08T14:53:40+00:00\" \/>\n<meta name=\"twitter:card\" content=\"summary_large_image\" \/>\n<meta name=\"twitter:label1\" content=\"Est. reading time\" \/>\n\t<meta name=\"twitter:data1\" content=\"1 minut\" \/>\n<script type=\"application\/ld+json\" class=\"yoast-schema-graph\">{\"@context\":\"https:\\\/\\\/schema.org\",\"@graph\":[{\"@type\":\"WebPage\",\"@id\":\"https:\\\/\\\/www.camlock.org\\\/et\\\/kontakt-2\\\/\",\"url\":\"https:\\\/\\\/www.camlock.org\\\/et\\\/kontakt-2\\\/\",\"name\":\"Kontakt - Camlock Fittings, Cam-lock liitmikud m\u00fc\u00fck\",\"isPartOf\":{\"@id\":\"https:\\\/\\\/www.camlock.org\\\/et\\\/?lang=et\\\/#website\"},\"datePublished\":\"2018-04-15T17:59:20+00:00\",\"dateModified\":\"2025-05-08T14:53:40+00:00\",\"breadcrumb\":{\"@id\":\"https:\\\/\\\/www.camlock.org\\\/et\\\/kontakt-2\\\/#breadcrumb\"},\"inLanguage\":\"et\",\"potentialAction\":[{\"@type\":\"ReadAction\",\"target\":[\"https:\\\/\\\/www.camlock.org\\\/et\\\/kontakt-2\\\/\"]}]},{\"@type\":\"BreadcrumbList\",\"@id\":\"https:\\\/\\\/www.camlock.org\\\/et\\\/kontakt-2\\\/#breadcrumb\",\"itemListElement\":[{\"@type\":\"ListItem\",\"position\":1,\"name\":\"Home\",\"item\":\"https:\\\/\\\/www.camlock.org\\\/et\\\/\"},{\"@type\":\"ListItem\",\"position\":2,\"name\":\"Kontakt\"}]},{\"@type\":\"WebSite\",\"@id\":\"https:\\\/\\\/www.camlock.org\\\/et\\\/?lang=et\\\/#website\",\"url\":\"https:\\\/\\\/www.camlock.org\\\/et\\\/?lang=et\\\/\",\"name\":\"Camlock Fittings, Cam-lock liitmikud m\u00fc\u00fck\",\"description\":\"Camlock Fittings, Cam-lock liitmikud m\u00fc\u00fck\",\"potentialAction\":[{\"@type\":\"SearchAction\",\"target\":{\"@type\":\"EntryPoint\",\"urlTemplate\":\"https:\\\/\\\/www.camlock.org\\\/et\\\/?lang=et\\\/?s={search_term_string}\"},\"query-input\":{\"@type\":\"PropertyValueSpecification\",\"valueRequired\":true,\"valueName\":\"search_term_string\"}}],\"inLanguage\":\"et\"}]}<\/script>\n<!-- \/ Yoast SEO plugin. -->","yoast_head_json":{"title":"Kontakt - Camlock Fittings, Cam-lock liitmikud m\u00fc\u00fck","robots":{"index":"index","follow":"follow","max-snippet":"max-snippet:-1","max-image-preview":"max-image-preview:large","max-video-preview":"max-video-preview:-1"},"canonical":"https:\/\/www.camlock.org\/et\/kontakt-2\/","og_locale":"et_EE","og_type":"article","og_title":"Kontakt - Camlock Fittings, Cam-lock liitmikud m\u00fc\u00fck","og_description":"[vc_row full_width=&#8221;stretch_row_content_no_spaces&#8221; layout=&#8221;ts-row-boxed&#8221; enable_parallax=&#8221;&#8221; el_class=&#8221;map-contact&#8221;][vc_column][\/vc_column][\/vc_row][vc_row css=&#8221;.vc_custom_1478007643581{padding-top: 26px !important;}&#8221;][vc_column][vc_column_text] V\u00d5TA JULGELT \u00dcHENDUST Vastame k\u00f5ikide Teie k\u00fcsimustele. [\/vc_column_text][vc_row_inner css=&#8221;.vc_custom_1478053234990{padding-top: 30px !important;}&#8221;][vc_column_inner width=&#8221;1\/3&#8243;][vc_column_text] AADRESS Eesti, Maardu 74114, Lao 4 [\/vc_column_text][\/vc_column_inner][vc_column_inner width=&#8221;1\/3&#8243;][vc_column_text] TELEFON Tel +372 6237782 Tel +372 5098500 Tel +372 55513600 [\/vc_column_text][\/vc_column_inner][vc_column_inner width=&#8221;1\/3&#8243;][vc_column_text] EMAIL info@camlock.org [\/vc_column_text][\/vc_column_inner][\/vc_row_inner][\/vc_column][\/vc_row]","og_url":"https:\/\/www.camlock.org\/et\/kontakt-2\/","og_site_name":"Camlock Fittings, Cam-lock liitmikud m\u00fc\u00fck","article_modified_time":"2025-05-08T14:53:40+00:00","twitter_card":"summary_large_image","twitter_misc":{"Est. reading time":"1 minut"},"schema":{"@context":"https:\/\/schema.org","@graph":[{"@type":"WebPage","@id":"https:\/\/www.camlock.org\/et\/kontakt-2\/","url":"https:\/\/www.camlock.org\/et\/kontakt-2\/","name":"Kontakt - Camlock Fittings, Cam-lock liitmikud m\u00fc\u00fck","isPartOf":{"@id":"https:\/\/www.camlock.org\/et\/?lang=et\/#website"},"datePublished":"2018-04-15T17:59:20+00:00","dateModified":"2025-05-08T14:53:40+00:00","breadcrumb":{"@id":"https:\/\/www.camlock.org\/et\/kontakt-2\/#breadcrumb"},"inLanguage":"et","potentialAction":[{"@type":"ReadAction","target":["https:\/\/www.camlock.org\/et\/kontakt-2\/"]}]},{"@type":"BreadcrumbList","@id":"https:\/\/www.camlock.org\/et\/kontakt-2\/#breadcrumb","itemListElement":[{"@type":"ListItem","position":1,"name":"Home","item":"https:\/\/www.camlock.org\/et\/"},{"@type":"ListItem","position":2,"name":"Kontakt"}]},{"@type":"WebSite","@id":"https:\/\/www.camlock.org\/et\/?lang=et\/#website","url":"https:\/\/www.camlock.org\/et\/?lang=et\/","name":"Camlock Fittings, Cam-lock liitmikud m\u00fc\u00fck","description":"Camlock Fittings, Cam-lock liitmikud m\u00fc\u00fck","potentialAction":[{"@type":"SearchAction","target":{"@type":"EntryPoint","urlTemplate":"https:\/\/www.camlock.org\/et\/?lang=et\/?s={search_term_string}"},"query-input":{"@type":"PropertyValueSpecification","valueRequired":true,"valueName":"search_term_string"}}],"inLanguage":"et"}]}},"_links":{"self":[{"href":"https:\/\/www.camlock.org\/et\/wp-json\/wp\/v2\/pages\/11249","targetHints":{"allow":["GET"]}}],"collection":[{"href":"https:\/\/www.camlock.org\/et\/wp-json\/wp\/v2\/pages"}],"about":[{"href":"https:\/\/www.camlock.org\/et\/wp-json\/wp\/v2\/types\/page"}],"author":[{"embeddable":true,"href":"https:\/\/www.camlock.org\/et\/wp-json\/wp\/v2\/users\/1"}],"replies":[{"embeddable":true,"href":"https:\/\/www.camlock.org\/et\/wp-json\/wp\/v2\/comments?post=11249"}],"version-history":[{"count":11,"href":"https:\/\/www.camlock.org\/et\/wp-json\/wp\/v2\/pages\/11249\/revisions"}],"predecessor-version":[{"id":23929,"href":"https:\/\/www.camlock.org\/et\/wp-json\/wp\/v2\/pages\/11249\/revisions\/23929"}],"wp:attachment":[{"href":"https:\/\/www.camlock.org\/et\/wp-json\/wp\/v2\/media?parent=11249"}],"curies":[{"name":"wp","href":"https:\/\/api.w.org\/{rel}","templated":true}]}}