{"id":10155,"date":"2018-01-19T10:34:53","date_gmt":"2018-01-19T07:34:53","guid":{"rendered":"https:\/\/www.camlock.org\/product\/type-f-nylon-camlock-fitting-male-coupler-x-male-bsp\/"},"modified":"2025-05-14T20:52:43","modified_gmt":"2025-05-14T17:52:43","slug":"type-f-nylon-camlock-fitting-male-coupler-x-male-bsp","status":"publish","type":"product","link":"https:\/\/www.camlock.org\/et\/toode\/type-f-nylon-camlock-fitting-male-coupler-x-male-bsp\/","title":{"rendered":"F-t\u00fc\u00fcpi nailonist nukklukustusliitmik &#8211; v\u00e4lis\u00fchendus x BSP-istmik"},"content":{"rendered":"<p>Nailonist nukklukk\u00fchendusi kasutatakse sageli tulet\u00f5rjepumpades v\u00f5i IBC-pumpades v\u00f5i rakendustes, kus on vaja kiir\u00fchendust\/ -lahti\u00fchendust. Vooliku kiir\u00fchendus s\u00e4\u00e4stab palju rohkem aega kui keermete v\u00f5i \u00e4\u00e4rik\u00fchenduste kinnitamine. <\/p>\n","protected":false},"excerpt":{"rendered":"<p>Nailonist Camlock adapter t\u00fc\u00fcp F &#8211; on soonega v\u00e4lisadapter ja sama suurusega BSP\/NPT v\u00e4liskeermega. F-t\u00fc\u00fcpi kasutatakse sageli koos C-, B-, D- ja DC-t\u00fc\u00fcpi \u00fchendustega. <\/p>\n","protected":false},"featured_media":8882,"template":"","meta":[],"product_brand":[],"product_cat":[125],"product_tag":[126,270],"class_list":{"0":"post-10155","1":"product","2":"type-product","3":"status-publish","4":"has-post-thumbnail","6":"product_cat-nylon-camlock-couplings","7":"product_tag-nylon-et","8":"product_tag-type-f-et","10":"first","11":"instock","12":"taxable","13":"shipping-taxable","14":"purchasable","15":"product-type-variable"},"yoast_head":"<!-- This site is optimized with the Yoast SEO plugin v27.4 - https:\/\/yoast.com\/product\/yoast-seo-wordpress\/ -->\n<title>F-t\u00fc\u00fcpi nailonist nukklukustusliitmik - v\u00e4lis\u00fchendus x BSP-istmik<\/title>\n<meta name=\"description\" content=\"F-t\u00fc\u00fcpi nailonist camlock-\u00fchendused on sageli kasutusel tulet\u00f5rjepumpades v\u00f5i IBC-pumpades v\u00f5i rakendustes, kus on vaja kiir\u00fchendust \/ -l\u00fclitust. Vooliku kiir\u00fchendus s\u00e4\u00e4stab palju rohkem aega kui keermete v\u00f5i \u00e4\u00e4rik\u00fchenduste kinnitamine.\" \/>\n<meta name=\"robots\" content=\"index, follow, max-snippet:-1, max-image-preview:large, max-video-preview:-1\" \/>\n<link rel=\"canonical\" href=\"https:\/\/www.camlock.org\/et\/toode\/type-f-nylon-camlock-fitting-male-coupler-x-male-bsp\/\" \/>\n<meta property=\"og:locale\" content=\"et_EE\" \/>\n<meta property=\"og:type\" content=\"article\" \/>\n<meta property=\"og:title\" content=\"F-t\u00fc\u00fcpi nailonist nukklukustusliitmik - v\u00e4lis\u00fchendus x BSP-istmik\" \/>\n<meta property=\"og:description\" content=\"F-t\u00fc\u00fcpi nailonist camlock-\u00fchendused on sageli kasutusel tulet\u00f5rjepumpades v\u00f5i IBC-pumpades v\u00f5i rakendustes, kus on vaja kiir\u00fchendust \/ -l\u00fclitust. Vooliku kiir\u00fchendus s\u00e4\u00e4stab palju rohkem aega kui keermete v\u00f5i \u00e4\u00e4rik\u00fchenduste kinnitamine.\" \/>\n<meta property=\"og:url\" content=\"https:\/\/www.camlock.org\/et\/toode\/type-f-nylon-camlock-fitting-male-coupler-x-male-bsp\/\" \/>\n<meta property=\"og:site_name\" content=\"Camlock Fittings, Cam-lock liitmikud m\u00fc\u00fck\" \/>\n<meta property=\"article:modified_time\" content=\"2025-05-14T17:52:43+00:00\" \/>\n<meta property=\"og:image\" content=\"https:\/\/www.camlock.org\/wp-content\/uploads\/2018\/01\/Camlock_Nylon_type-F_40mm_F200NY_.jpg\" \/>\n\t<meta property=\"og:image:width\" content=\"1000\" \/>\n\t<meta property=\"og:image:height\" content=\"1134\" \/>\n\t<meta property=\"og:image:type\" content=\"image\/jpeg\" \/>\n<meta name=\"twitter:card\" content=\"summary_large_image\" \/>\n<script type=\"application\/ld+json\" class=\"yoast-schema-graph\">{\"@context\":\"https:\\\/\\\/schema.org\",\"@graph\":[{\"@type\":\"WebPage\",\"@id\":\"https:\\\/\\\/www.camlock.org\\\/et\\\/toode\\\/type-f-nylon-camlock-fitting-male-coupler-x-male-bsp\\\/\",\"url\":\"https:\\\/\\\/www.camlock.org\\\/et\\\/toode\\\/type-f-nylon-camlock-fitting-male-coupler-x-male-bsp\\\/\",\"name\":\"F-t\u00fc\u00fcpi nailonist nukklukustusliitmik - v\u00e4lis\u00fchendus x BSP-istmik\",\"isPartOf\":{\"@id\":\"https:\\\/\\\/www.camlock.org\\\/et\\\/?lang=et\\\/#website\"},\"primaryImageOfPage\":{\"@id\":\"https:\\\/\\\/www.camlock.org\\\/et\\\/toode\\\/type-f-nylon-camlock-fitting-male-coupler-x-male-bsp\\\/#primaryimage\"},\"image\":{\"@id\":\"https:\\\/\\\/www.camlock.org\\\/et\\\/toode\\\/type-f-nylon-camlock-fitting-male-coupler-x-male-bsp\\\/#primaryimage\"},\"thumbnailUrl\":\"https:\\\/\\\/www.camlock.org\\\/wp-content\\\/uploads\\\/2018\\\/01\\\/Camlock_Nylon_type-F_40mm_F200NY_.jpg\",\"datePublished\":\"2018-01-19T07:34:53+00:00\",\"dateModified\":\"2025-05-14T17:52:43+00:00\",\"description\":\"F-t\u00fc\u00fcpi nailonist camlock-\u00fchendused on sageli kasutusel tulet\u00f5rjepumpades v\u00f5i IBC-pumpades v\u00f5i rakendustes, kus on vaja kiir\u00fchendust \\\/ -l\u00fclitust. Vooliku kiir\u00fchendus s\u00e4\u00e4stab palju rohkem aega kui keermete v\u00f5i \u00e4\u00e4rik\u00fchenduste kinnitamine.\",\"breadcrumb\":{\"@id\":\"https:\\\/\\\/www.camlock.org\\\/et\\\/toode\\\/type-f-nylon-camlock-fitting-male-coupler-x-male-bsp\\\/#breadcrumb\"},\"inLanguage\":\"et\",\"potentialAction\":[{\"@type\":\"ReadAction\",\"target\":[\"https:\\\/\\\/www.camlock.org\\\/et\\\/toode\\\/type-f-nylon-camlock-fitting-male-coupler-x-male-bsp\\\/\"]}]},{\"@type\":\"ImageObject\",\"inLanguage\":\"et\",\"@id\":\"https:\\\/\\\/www.camlock.org\\\/et\\\/toode\\\/type-f-nylon-camlock-fitting-male-coupler-x-male-bsp\\\/#primaryimage\",\"url\":\"https:\\\/\\\/www.camlock.org\\\/wp-content\\\/uploads\\\/2018\\\/01\\\/Camlock_Nylon_type-F_40mm_F200NY_.jpg\",\"contentUrl\":\"https:\\\/\\\/www.camlock.org\\\/wp-content\\\/uploads\\\/2018\\\/01\\\/Camlock_Nylon_type-F_40mm_F200NY_.jpg\",\"width\":1000,\"height\":1134,\"caption\":\"F-t\u00fc\u00fcpi nailonist nukklukustusliitmik - v\u00e4lis\u00fchendus x BSP v\u00e4liskeermega\"},{\"@type\":\"BreadcrumbList\",\"@id\":\"https:\\\/\\\/www.camlock.org\\\/et\\\/toode\\\/type-f-nylon-camlock-fitting-male-coupler-x-male-bsp\\\/#breadcrumb\",\"itemListElement\":[{\"@type\":\"ListItem\",\"position\":1,\"name\":\"Home\",\"item\":\"https:\\\/\\\/www.camlock.org\\\/et\\\/\"},{\"@type\":\"ListItem\",\"position\":2,\"name\":\"Pood\",\"item\":\"https:\\\/\\\/www.camlock.org\\\/et\\\/pood\\\/\"},{\"@type\":\"ListItem\",\"position\":3,\"name\":\"F-t\u00fc\u00fcpi nailonist nukklukustusliitmik &#8211; v\u00e4lis\u00fchendus x BSP-istmik\"}]},{\"@type\":\"WebSite\",\"@id\":\"https:\\\/\\\/www.camlock.org\\\/et\\\/?lang=et\\\/#website\",\"url\":\"https:\\\/\\\/www.camlock.org\\\/et\\\/?lang=et\\\/\",\"name\":\"Camlock Fittings, Cam-lock liitmikud m\u00fc\u00fck\",\"description\":\"Camlock Fittings, Cam-lock liitmikud m\u00fc\u00fck\",\"potentialAction\":[{\"@type\":\"SearchAction\",\"target\":{\"@type\":\"EntryPoint\",\"urlTemplate\":\"https:\\\/\\\/www.camlock.org\\\/et\\\/?lang=et\\\/?s={search_term_string}\"},\"query-input\":{\"@type\":\"PropertyValueSpecification\",\"valueRequired\":true,\"valueName\":\"search_term_string\"}}],\"inLanguage\":\"et\"}]}<\/script>\n<!-- \/ Yoast SEO plugin. -->","yoast_head_json":{"title":"F-t\u00fc\u00fcpi nailonist nukklukustusliitmik - v\u00e4lis\u00fchendus x BSP-istmik","description":"F-t\u00fc\u00fcpi nailonist camlock-\u00fchendused on sageli kasutusel tulet\u00f5rjepumpades v\u00f5i IBC-pumpades v\u00f5i rakendustes, kus on vaja kiir\u00fchendust \/ -l\u00fclitust. Vooliku kiir\u00fchendus s\u00e4\u00e4stab palju rohkem aega kui keermete v\u00f5i \u00e4\u00e4rik\u00fchenduste kinnitamine.","robots":{"index":"index","follow":"follow","max-snippet":"max-snippet:-1","max-image-preview":"max-image-preview:large","max-video-preview":"max-video-preview:-1"},"canonical":"https:\/\/www.camlock.org\/et\/toode\/type-f-nylon-camlock-fitting-male-coupler-x-male-bsp\/","og_locale":"et_EE","og_type":"article","og_title":"F-t\u00fc\u00fcpi nailonist nukklukustusliitmik - v\u00e4lis\u00fchendus x BSP-istmik","og_description":"F-t\u00fc\u00fcpi nailonist camlock-\u00fchendused on sageli kasutusel tulet\u00f5rjepumpades v\u00f5i IBC-pumpades v\u00f5i rakendustes, kus on vaja kiir\u00fchendust \/ -l\u00fclitust. Vooliku kiir\u00fchendus s\u00e4\u00e4stab palju rohkem aega kui keermete v\u00f5i \u00e4\u00e4rik\u00fchenduste kinnitamine.","og_url":"https:\/\/www.camlock.org\/et\/toode\/type-f-nylon-camlock-fitting-male-coupler-x-male-bsp\/","og_site_name":"Camlock Fittings, Cam-lock liitmikud m\u00fc\u00fck","article_modified_time":"2025-05-14T17:52:43+00:00","og_image":[{"width":1000,"height":1134,"url":"https:\/\/www.camlock.org\/wp-content\/uploads\/2018\/01\/Camlock_Nylon_type-F_40mm_F200NY_.jpg","type":"image\/jpeg"}],"twitter_card":"summary_large_image","schema":{"@context":"https:\/\/schema.org","@graph":[{"@type":"WebPage","@id":"https:\/\/www.camlock.org\/et\/toode\/type-f-nylon-camlock-fitting-male-coupler-x-male-bsp\/","url":"https:\/\/www.camlock.org\/et\/toode\/type-f-nylon-camlock-fitting-male-coupler-x-male-bsp\/","name":"F-t\u00fc\u00fcpi nailonist nukklukustusliitmik - v\u00e4lis\u00fchendus x BSP-istmik","isPartOf":{"@id":"https:\/\/www.camlock.org\/et\/?lang=et\/#website"},"primaryImageOfPage":{"@id":"https:\/\/www.camlock.org\/et\/toode\/type-f-nylon-camlock-fitting-male-coupler-x-male-bsp\/#primaryimage"},"image":{"@id":"https:\/\/www.camlock.org\/et\/toode\/type-f-nylon-camlock-fitting-male-coupler-x-male-bsp\/#primaryimage"},"thumbnailUrl":"https:\/\/www.camlock.org\/wp-content\/uploads\/2018\/01\/Camlock_Nylon_type-F_40mm_F200NY_.jpg","datePublished":"2018-01-19T07:34:53+00:00","dateModified":"2025-05-14T17:52:43+00:00","description":"F-t\u00fc\u00fcpi nailonist camlock-\u00fchendused on sageli kasutusel tulet\u00f5rjepumpades v\u00f5i IBC-pumpades v\u00f5i rakendustes, kus on vaja kiir\u00fchendust \/ -l\u00fclitust. Vooliku kiir\u00fchendus s\u00e4\u00e4stab palju rohkem aega kui keermete v\u00f5i \u00e4\u00e4rik\u00fchenduste kinnitamine.","breadcrumb":{"@id":"https:\/\/www.camlock.org\/et\/toode\/type-f-nylon-camlock-fitting-male-coupler-x-male-bsp\/#breadcrumb"},"inLanguage":"et","potentialAction":[{"@type":"ReadAction","target":["https:\/\/www.camlock.org\/et\/toode\/type-f-nylon-camlock-fitting-male-coupler-x-male-bsp\/"]}]},{"@type":"ImageObject","inLanguage":"et","@id":"https:\/\/www.camlock.org\/et\/toode\/type-f-nylon-camlock-fitting-male-coupler-x-male-bsp\/#primaryimage","url":"https:\/\/www.camlock.org\/wp-content\/uploads\/2018\/01\/Camlock_Nylon_type-F_40mm_F200NY_.jpg","contentUrl":"https:\/\/www.camlock.org\/wp-content\/uploads\/2018\/01\/Camlock_Nylon_type-F_40mm_F200NY_.jpg","width":1000,"height":1134,"caption":"F-t\u00fc\u00fcpi nailonist nukklukustusliitmik - v\u00e4lis\u00fchendus x BSP v\u00e4liskeermega"},{"@type":"BreadcrumbList","@id":"https:\/\/www.camlock.org\/et\/toode\/type-f-nylon-camlock-fitting-male-coupler-x-male-bsp\/#breadcrumb","itemListElement":[{"@type":"ListItem","position":1,"name":"Home","item":"https:\/\/www.camlock.org\/et\/"},{"@type":"ListItem","position":2,"name":"Pood","item":"https:\/\/www.camlock.org\/et\/pood\/"},{"@type":"ListItem","position":3,"name":"F-t\u00fc\u00fcpi nailonist nukklukustusliitmik &#8211; v\u00e4lis\u00fchendus x BSP-istmik"}]},{"@type":"WebSite","@id":"https:\/\/www.camlock.org\/et\/?lang=et\/#website","url":"https:\/\/www.camlock.org\/et\/?lang=et\/","name":"Camlock Fittings, Cam-lock liitmikud m\u00fc\u00fck","description":"Camlock Fittings, Cam-lock liitmikud m\u00fc\u00fck","potentialAction":[{"@type":"SearchAction","target":{"@type":"EntryPoint","urlTemplate":"https:\/\/www.camlock.org\/et\/?lang=et\/?s={search_term_string}"},"query-input":{"@type":"PropertyValueSpecification","valueRequired":true,"valueName":"search_term_string"}}],"inLanguage":"et"}]}},"_links":{"self":[{"href":"https:\/\/www.camlock.org\/et\/wp-json\/wp\/v2\/product\/10155","targetHints":{"allow":["GET"]}}],"collection":[{"href":"https:\/\/www.camlock.org\/et\/wp-json\/wp\/v2\/product"}],"about":[{"href":"https:\/\/www.camlock.org\/et\/wp-json\/wp\/v2\/types\/product"}],"wp:featuredmedia":[{"embeddable":true,"href":"https:\/\/www.camlock.org\/et\/wp-json\/wp\/v2\/media\/8882"}],"wp:attachment":[{"href":"https:\/\/www.camlock.org\/et\/wp-json\/wp\/v2\/media?parent=10155"}],"wp:term":[{"taxonomy":"product_brand","embeddable":true,"href":"https:\/\/www.camlock.org\/et\/wp-json\/wp\/v2\/product_brand?post=10155"},{"taxonomy":"product_cat","embeddable":true,"href":"https:\/\/www.camlock.org\/et\/wp-json\/wp\/v2\/product_cat?post=10155"},{"taxonomy":"product_tag","embeddable":true,"href":"https:\/\/www.camlock.org\/et\/wp-json\/wp\/v2\/product_tag?post=10155"}],"curies":[{"name":"wp","href":"https:\/\/api.w.org\/{rel}","templated":true}]}}