{"id":10298,"date":"2018-01-19T10:41:08","date_gmt":"2018-01-19T07:41:08","guid":{"rendered":"https:\/\/www.camlock.org\/product\/type-dc-nylon-camlock-fitting-female-end-coupler\/"},"modified":"2025-05-14T20:45:14","modified_gmt":"2025-05-14T17:45:14","slug":"dc-t-pi-nailon-hendus-camlock","status":"publish","type":"product","link":"https:\/\/www.camlock.org\/et\/toode\/dc-t-pi-nailon-hendus-camlock\/","title":{"rendered":"T\u00fc\u00fcp DC nailonist nukklukustusliitmik &#8211; emase otsa \u00fchendusliitmik"},"content":{"rendered":"<p>Tolmukork &#8211; nukkluku tolmukorki kasutatakse selleks, et hoida v\u00f5\u00f5rkehad eemal k\u00f5ikidest nukklukkudega liitmikest. Neid ei tohi kunagi kasutada, kui s\u00fcsteem t\u00f6\u00f6tab r\u00f5hu all. <\/p>\n","protected":false},"excerpt":{"rendered":"<p>DC-t\u00fc\u00fcpi nailonist nukklukk\u00fchendusi kasutatakse koos A-, E- ja F-t\u00fc\u00fcpi adapteritega \u00fchenduse otsa tihendamiseks.<\/p>\n","protected":false},"featured_media":8990,"template":"","meta":[],"product_brand":[],"product_cat":[125],"product_tag":[126,286],"class_list":{"0":"post-10298","1":"product","2":"type-product","3":"status-publish","4":"has-post-thumbnail","6":"product_cat-nylon-camlock-couplings","7":"product_tag-nylon-et","8":"product_tag-type-dc-et","10":"first","11":"instock","12":"taxable","13":"shipping-taxable","14":"purchasable","15":"product-type-variable"},"yoast_head":"<!-- This site is optimized with the Yoast SEO plugin v27.4 - https:\/\/yoast.com\/product\/yoast-seo-wordpress\/ -->\n<title>T\u00fc\u00fcp DC nailonist nukklukustusliitmik - emase otsa \u00fchendusliitmik<\/title>\n<meta name=\"description\" content=\"Tolmukork - t\u00fc\u00fcbi DC nailonist nukk\u00fchenduste tolmukorkid on m\u00f5eldud selleks, et hoida v\u00f5\u00f5rkehad eemal k\u00f5ikidest nukk\u00fchendustest. Neid ei tohi kunagi kasutada, kui s\u00fcsteem t\u00f6\u00f6tab r\u00f5hu all.\" \/>\n<meta name=\"robots\" content=\"index, follow, max-snippet:-1, max-image-preview:large, max-video-preview:-1\" \/>\n<link rel=\"canonical\" href=\"https:\/\/www.camlock.org\/et\/toode\/dc-t-pi-nailon-hendus-camlock\/\" \/>\n<meta property=\"og:locale\" content=\"et_EE\" \/>\n<meta property=\"og:type\" content=\"article\" \/>\n<meta property=\"og:title\" content=\"T\u00fc\u00fcp DC nailonist nukklukustusliitmik - emase otsa \u00fchendusliitmik\" \/>\n<meta property=\"og:description\" content=\"Tolmukork - t\u00fc\u00fcbi DC nailonist nukk\u00fchenduste tolmukorkid on m\u00f5eldud selleks, et hoida v\u00f5\u00f5rkehad eemal k\u00f5ikidest nukk\u00fchendustest. Neid ei tohi kunagi kasutada, kui s\u00fcsteem t\u00f6\u00f6tab r\u00f5hu all.\" \/>\n<meta property=\"og:url\" content=\"https:\/\/www.camlock.org\/et\/toode\/dc-t-pi-nailon-hendus-camlock\/\" \/>\n<meta property=\"og:site_name\" content=\"Camlock Fittings, Cam-lock liitmikud m\u00fc\u00fck\" \/>\n<meta property=\"article:modified_time\" content=\"2025-05-14T17:45:14+00:00\" \/>\n<meta property=\"og:image\" content=\"https:\/\/www.camlock.org\/wp-content\/uploads\/2018\/01\/Camlock_Nylon_type-DC_50mm_DC200NY_.jpg\" \/>\n\t<meta property=\"og:image:width\" content=\"1000\" \/>\n\t<meta property=\"og:image:height\" content=\"1134\" \/>\n\t<meta property=\"og:image:type\" content=\"image\/jpeg\" \/>\n<meta name=\"twitter:card\" content=\"summary_large_image\" \/>\n<script type=\"application\/ld+json\" class=\"yoast-schema-graph\">{\"@context\":\"https:\\\/\\\/schema.org\",\"@graph\":[{\"@type\":\"WebPage\",\"@id\":\"https:\\\/\\\/www.camlock.org\\\/et\\\/toode\\\/dc-t-pi-nailon-hendus-camlock\\\/\",\"url\":\"https:\\\/\\\/www.camlock.org\\\/et\\\/toode\\\/dc-t-pi-nailon-hendus-camlock\\\/\",\"name\":\"T\u00fc\u00fcp DC nailonist nukklukustusliitmik - emase otsa \u00fchendusliitmik\",\"isPartOf\":{\"@id\":\"https:\\\/\\\/www.camlock.org\\\/et\\\/?lang=et\\\/#website\"},\"primaryImageOfPage\":{\"@id\":\"https:\\\/\\\/www.camlock.org\\\/et\\\/toode\\\/dc-t-pi-nailon-hendus-camlock\\\/#primaryimage\"},\"image\":{\"@id\":\"https:\\\/\\\/www.camlock.org\\\/et\\\/toode\\\/dc-t-pi-nailon-hendus-camlock\\\/#primaryimage\"},\"thumbnailUrl\":\"https:\\\/\\\/www.camlock.org\\\/wp-content\\\/uploads\\\/2018\\\/01\\\/Camlock_Nylon_type-DC_50mm_DC200NY_.jpg\",\"datePublished\":\"2018-01-19T07:41:08+00:00\",\"dateModified\":\"2025-05-14T17:45:14+00:00\",\"description\":\"Tolmukork - t\u00fc\u00fcbi DC nailonist nukk\u00fchenduste tolmukorkid on m\u00f5eldud selleks, et hoida v\u00f5\u00f5rkehad eemal k\u00f5ikidest nukk\u00fchendustest. Neid ei tohi kunagi kasutada, kui s\u00fcsteem t\u00f6\u00f6tab r\u00f5hu all.\",\"breadcrumb\":{\"@id\":\"https:\\\/\\\/www.camlock.org\\\/et\\\/toode\\\/dc-t-pi-nailon-hendus-camlock\\\/#breadcrumb\"},\"inLanguage\":\"et\",\"potentialAction\":[{\"@type\":\"ReadAction\",\"target\":[\"https:\\\/\\\/www.camlock.org\\\/et\\\/toode\\\/dc-t-pi-nailon-hendus-camlock\\\/\"]}]},{\"@type\":\"ImageObject\",\"inLanguage\":\"et\",\"@id\":\"https:\\\/\\\/www.camlock.org\\\/et\\\/toode\\\/dc-t-pi-nailon-hendus-camlock\\\/#primaryimage\",\"url\":\"https:\\\/\\\/www.camlock.org\\\/wp-content\\\/uploads\\\/2018\\\/01\\\/Camlock_Nylon_type-DC_50mm_DC200NY_.jpg\",\"contentUrl\":\"https:\\\/\\\/www.camlock.org\\\/wp-content\\\/uploads\\\/2018\\\/01\\\/Camlock_Nylon_type-DC_50mm_DC200NY_.jpg\",\"width\":1000,\"height\":1134,\"caption\":\"DC-t\u00fc\u00fcpi nailon\u00fchendus Camlock\"},{\"@type\":\"BreadcrumbList\",\"@id\":\"https:\\\/\\\/www.camlock.org\\\/et\\\/toode\\\/dc-t-pi-nailon-hendus-camlock\\\/#breadcrumb\",\"itemListElement\":[{\"@type\":\"ListItem\",\"position\":1,\"name\":\"Home\",\"item\":\"https:\\\/\\\/www.camlock.org\\\/et\\\/\"},{\"@type\":\"ListItem\",\"position\":2,\"name\":\"Pood\",\"item\":\"https:\\\/\\\/www.camlock.org\\\/et\\\/pood\\\/\"},{\"@type\":\"ListItem\",\"position\":3,\"name\":\"T\u00fc\u00fcp DC nailonist nukklukustusliitmik &#8211; emase otsa \u00fchendusliitmik\"}]},{\"@type\":\"WebSite\",\"@id\":\"https:\\\/\\\/www.camlock.org\\\/et\\\/?lang=et\\\/#website\",\"url\":\"https:\\\/\\\/www.camlock.org\\\/et\\\/?lang=et\\\/\",\"name\":\"Camlock Fittings, Cam-lock liitmikud m\u00fc\u00fck\",\"description\":\"Camlock Fittings, Cam-lock liitmikud m\u00fc\u00fck\",\"potentialAction\":[{\"@type\":\"SearchAction\",\"target\":{\"@type\":\"EntryPoint\",\"urlTemplate\":\"https:\\\/\\\/www.camlock.org\\\/et\\\/?lang=et\\\/?s={search_term_string}\"},\"query-input\":{\"@type\":\"PropertyValueSpecification\",\"valueRequired\":true,\"valueName\":\"search_term_string\"}}],\"inLanguage\":\"et\"}]}<\/script>\n<!-- \/ Yoast SEO plugin. -->","yoast_head_json":{"title":"T\u00fc\u00fcp DC nailonist nukklukustusliitmik - emase otsa \u00fchendusliitmik","description":"Tolmukork - t\u00fc\u00fcbi DC nailonist nukk\u00fchenduste tolmukorkid on m\u00f5eldud selleks, et hoida v\u00f5\u00f5rkehad eemal k\u00f5ikidest nukk\u00fchendustest. Neid ei tohi kunagi kasutada, kui s\u00fcsteem t\u00f6\u00f6tab r\u00f5hu all.","robots":{"index":"index","follow":"follow","max-snippet":"max-snippet:-1","max-image-preview":"max-image-preview:large","max-video-preview":"max-video-preview:-1"},"canonical":"https:\/\/www.camlock.org\/et\/toode\/dc-t-pi-nailon-hendus-camlock\/","og_locale":"et_EE","og_type":"article","og_title":"T\u00fc\u00fcp DC nailonist nukklukustusliitmik - emase otsa \u00fchendusliitmik","og_description":"Tolmukork - t\u00fc\u00fcbi DC nailonist nukk\u00fchenduste tolmukorkid on m\u00f5eldud selleks, et hoida v\u00f5\u00f5rkehad eemal k\u00f5ikidest nukk\u00fchendustest. Neid ei tohi kunagi kasutada, kui s\u00fcsteem t\u00f6\u00f6tab r\u00f5hu all.","og_url":"https:\/\/www.camlock.org\/et\/toode\/dc-t-pi-nailon-hendus-camlock\/","og_site_name":"Camlock Fittings, Cam-lock liitmikud m\u00fc\u00fck","article_modified_time":"2025-05-14T17:45:14+00:00","og_image":[{"width":1000,"height":1134,"url":"https:\/\/www.camlock.org\/wp-content\/uploads\/2018\/01\/Camlock_Nylon_type-DC_50mm_DC200NY_.jpg","type":"image\/jpeg"}],"twitter_card":"summary_large_image","schema":{"@context":"https:\/\/schema.org","@graph":[{"@type":"WebPage","@id":"https:\/\/www.camlock.org\/et\/toode\/dc-t-pi-nailon-hendus-camlock\/","url":"https:\/\/www.camlock.org\/et\/toode\/dc-t-pi-nailon-hendus-camlock\/","name":"T\u00fc\u00fcp DC nailonist nukklukustusliitmik - emase otsa \u00fchendusliitmik","isPartOf":{"@id":"https:\/\/www.camlock.org\/et\/?lang=et\/#website"},"primaryImageOfPage":{"@id":"https:\/\/www.camlock.org\/et\/toode\/dc-t-pi-nailon-hendus-camlock\/#primaryimage"},"image":{"@id":"https:\/\/www.camlock.org\/et\/toode\/dc-t-pi-nailon-hendus-camlock\/#primaryimage"},"thumbnailUrl":"https:\/\/www.camlock.org\/wp-content\/uploads\/2018\/01\/Camlock_Nylon_type-DC_50mm_DC200NY_.jpg","datePublished":"2018-01-19T07:41:08+00:00","dateModified":"2025-05-14T17:45:14+00:00","description":"Tolmukork - t\u00fc\u00fcbi DC nailonist nukk\u00fchenduste tolmukorkid on m\u00f5eldud selleks, et hoida v\u00f5\u00f5rkehad eemal k\u00f5ikidest nukk\u00fchendustest. Neid ei tohi kunagi kasutada, kui s\u00fcsteem t\u00f6\u00f6tab r\u00f5hu all.","breadcrumb":{"@id":"https:\/\/www.camlock.org\/et\/toode\/dc-t-pi-nailon-hendus-camlock\/#breadcrumb"},"inLanguage":"et","potentialAction":[{"@type":"ReadAction","target":["https:\/\/www.camlock.org\/et\/toode\/dc-t-pi-nailon-hendus-camlock\/"]}]},{"@type":"ImageObject","inLanguage":"et","@id":"https:\/\/www.camlock.org\/et\/toode\/dc-t-pi-nailon-hendus-camlock\/#primaryimage","url":"https:\/\/www.camlock.org\/wp-content\/uploads\/2018\/01\/Camlock_Nylon_type-DC_50mm_DC200NY_.jpg","contentUrl":"https:\/\/www.camlock.org\/wp-content\/uploads\/2018\/01\/Camlock_Nylon_type-DC_50mm_DC200NY_.jpg","width":1000,"height":1134,"caption":"DC-t\u00fc\u00fcpi nailon\u00fchendus Camlock"},{"@type":"BreadcrumbList","@id":"https:\/\/www.camlock.org\/et\/toode\/dc-t-pi-nailon-hendus-camlock\/#breadcrumb","itemListElement":[{"@type":"ListItem","position":1,"name":"Home","item":"https:\/\/www.camlock.org\/et\/"},{"@type":"ListItem","position":2,"name":"Pood","item":"https:\/\/www.camlock.org\/et\/pood\/"},{"@type":"ListItem","position":3,"name":"T\u00fc\u00fcp DC nailonist nukklukustusliitmik &#8211; emase otsa \u00fchendusliitmik"}]},{"@type":"WebSite","@id":"https:\/\/www.camlock.org\/et\/?lang=et\/#website","url":"https:\/\/www.camlock.org\/et\/?lang=et\/","name":"Camlock Fittings, Cam-lock liitmikud m\u00fc\u00fck","description":"Camlock Fittings, Cam-lock liitmikud m\u00fc\u00fck","potentialAction":[{"@type":"SearchAction","target":{"@type":"EntryPoint","urlTemplate":"https:\/\/www.camlock.org\/et\/?lang=et\/?s={search_term_string}"},"query-input":{"@type":"PropertyValueSpecification","valueRequired":true,"valueName":"search_term_string"}}],"inLanguage":"et"}]}},"_links":{"self":[{"href":"https:\/\/www.camlock.org\/et\/wp-json\/wp\/v2\/product\/10298","targetHints":{"allow":["GET"]}}],"collection":[{"href":"https:\/\/www.camlock.org\/et\/wp-json\/wp\/v2\/product"}],"about":[{"href":"https:\/\/www.camlock.org\/et\/wp-json\/wp\/v2\/types\/product"}],"wp:featuredmedia":[{"embeddable":true,"href":"https:\/\/www.camlock.org\/et\/wp-json\/wp\/v2\/media\/8990"}],"wp:attachment":[{"href":"https:\/\/www.camlock.org\/et\/wp-json\/wp\/v2\/media?parent=10298"}],"wp:term":[{"taxonomy":"product_brand","embeddable":true,"href":"https:\/\/www.camlock.org\/et\/wp-json\/wp\/v2\/product_brand?post=10298"},{"taxonomy":"product_cat","embeddable":true,"href":"https:\/\/www.camlock.org\/et\/wp-json\/wp\/v2\/product_cat?post=10298"},{"taxonomy":"product_tag","embeddable":true,"href":"https:\/\/www.camlock.org\/et\/wp-json\/wp\/v2\/product_tag?post=10298"}],"curies":[{"name":"wp","href":"https:\/\/api.w.org\/{rel}","templated":true}]}}