{"id":10535,"date":"2018-01-28T21:51:34","date_gmt":"2018-01-28T18:51:34","guid":{"rendered":"https:\/\/www.camlock.org\/product\/type-a-polypropylene-camlock-coupler-male-coupler-x-female-bsp-thread\/"},"modified":"2025-05-14T20:04:12","modified_gmt":"2025-05-14T17:04:12","slug":"type-a-polypropylene-camlock-coupler-male-coupler-x-female-bsp-thread","status":"publish","type":"product","link":"https:\/\/www.camlock.org\/et\/toode\/type-a-polypropylene-camlock-coupler-male-coupler-x-female-bsp-thread\/","title":{"rendered":"A-t\u00fc\u00fcpi pol\u00fcprop\u00fcleenist nukk\u00fchendusliitmik &#8211; v\u00e4lisliitmik x BSP-keermega sisekeermestik"},"content":{"rendered":"<p>Must Camlock adapter t\u00fc\u00fcp A &#8211; isasadapter \u00d7 BSP emas (v\u00f5imalik ka NPT), on sageli koos D, B, C ja DC t\u00fc\u00fcpi liitmikega, et ohutult \u00fchendada voolikud kiiresti. Pol\u00fcprop\u00fcleenist nokk- ja soomusliitmik parandab t\u00f6\u00f6 t\u00f5husust ja v\u00e4listab keeruliste keermete ja \u00e4\u00e4rikute kasutamise. Isaspoolne soonega ots sobib mis tahes sama suurusega emaspoolse nukkliitmikuga. Emane S60x6 pol\u00fcprop\u00fcleenist \u00fchendab teie 1000-liitrise IBC-paagi ventiili. Saab \u00fchendada vooliku paagiga ja vee otse paagist. Seda positsiooni saate tellida ka meie Euroopa veebipoest.     <\/p>\n","protected":false},"excerpt":{"rendered":"<p>Hoiatus: Pol\u00fcprop\u00fcleenist nukk\u00fchendust EI kasutata kokkusurutud rakendustes.<\/p>\n","protected":false},"featured_media":9299,"template":"","meta":[],"product_brand":[],"product_cat":[138],"product_tag":[321,127],"class_list":{"0":"post-10535","1":"product","2":"type-product","3":"status-publish","4":"has-post-thumbnail","6":"product_cat-polupropuleenist-camlocki-uhendusseadised","7":"product_tag-polypropylene-et","8":"product_tag-type-a-et","10":"first","11":"onbackorder","12":"taxable","13":"shipping-taxable","14":"purchasable","15":"product-type-variable"},"yoast_head":"<!-- This site is optimized with the Yoast SEO plugin v27.4 - https:\/\/yoast.com\/product\/yoast-seo-wordpress\/ -->\n<title>A-t\u00fc\u00fcpi pol\u00fcprop\u00fcleenist nukk\u00fchendusliitmik<\/title>\n<meta name=\"description\" content=\"A-t\u00fc\u00fcpi pol\u00fcprop\u00fcleenist Camlock-liitmik - isasadapter \u00d7 BSP-keermestik (v\u00f5imalik ka NPT), on sageli koos D-, B-, C- ja DC-t\u00fc\u00fcpi liitmikega, et tagada ohutu vooliku kiirliitmik.\" \/>\n<meta name=\"robots\" content=\"index, follow, max-snippet:-1, max-image-preview:large, max-video-preview:-1\" \/>\n<link rel=\"canonical\" href=\"https:\/\/www.camlock.org\/et\/toode\/type-a-polypropylene-camlock-coupler-male-coupler-x-female-bsp-thread\/\" \/>\n<meta property=\"og:locale\" content=\"et_EE\" \/>\n<meta property=\"og:type\" content=\"article\" \/>\n<meta property=\"og:title\" content=\"A-t\u00fc\u00fcpi pol\u00fcprop\u00fcleenist nukk\u00fchendusliitmik\" \/>\n<meta property=\"og:description\" content=\"A-t\u00fc\u00fcpi pol\u00fcprop\u00fcleenist Camlock-liitmik - isasadapter \u00d7 BSP-keermestik (v\u00f5imalik ka NPT), on sageli koos D-, B-, C- ja DC-t\u00fc\u00fcpi liitmikega, et tagada ohutu vooliku kiirliitmik.\" \/>\n<meta property=\"og:url\" content=\"https:\/\/www.camlock.org\/et\/toode\/type-a-polypropylene-camlock-coupler-male-coupler-x-female-bsp-thread\/\" \/>\n<meta property=\"og:site_name\" content=\"Camlock Fittings, Cam-lock liitmikud m\u00fc\u00fck\" \/>\n<meta property=\"article:modified_time\" content=\"2025-05-14T17:04:12+00:00\" \/>\n<meta property=\"og:image\" content=\"https:\/\/www.camlock.org\/wp-content\/uploads\/2018\/01\/Camlock_Polypropylen_type-A_200mm_A050PP_f.jpg\" \/>\n\t<meta property=\"og:image:width\" content=\"1000\" \/>\n\t<meta property=\"og:image:height\" content=\"1134\" \/>\n\t<meta property=\"og:image:type\" content=\"image\/jpeg\" \/>\n<meta name=\"twitter:card\" content=\"summary_large_image\" \/>\n<script type=\"application\/ld+json\" class=\"yoast-schema-graph\">{\"@context\":\"https:\\\/\\\/schema.org\",\"@graph\":[{\"@type\":\"WebPage\",\"@id\":\"https:\\\/\\\/www.camlock.org\\\/et\\\/toode\\\/type-a-polypropylene-camlock-coupler-male-coupler-x-female-bsp-thread\\\/\",\"url\":\"https:\\\/\\\/www.camlock.org\\\/et\\\/toode\\\/type-a-polypropylene-camlock-coupler-male-coupler-x-female-bsp-thread\\\/\",\"name\":\"A-t\u00fc\u00fcpi pol\u00fcprop\u00fcleenist nukk\u00fchendusliitmik\",\"isPartOf\":{\"@id\":\"https:\\\/\\\/www.camlock.org\\\/et\\\/?lang=et\\\/#website\"},\"primaryImageOfPage\":{\"@id\":\"https:\\\/\\\/www.camlock.org\\\/et\\\/toode\\\/type-a-polypropylene-camlock-coupler-male-coupler-x-female-bsp-thread\\\/#primaryimage\"},\"image\":{\"@id\":\"https:\\\/\\\/www.camlock.org\\\/et\\\/toode\\\/type-a-polypropylene-camlock-coupler-male-coupler-x-female-bsp-thread\\\/#primaryimage\"},\"thumbnailUrl\":\"https:\\\/\\\/www.camlock.org\\\/wp-content\\\/uploads\\\/2018\\\/01\\\/Camlock_Polypropylen_type-A_200mm_A050PP_f.jpg\",\"datePublished\":\"2018-01-28T18:51:34+00:00\",\"dateModified\":\"2025-05-14T17:04:12+00:00\",\"description\":\"A-t\u00fc\u00fcpi pol\u00fcprop\u00fcleenist Camlock-liitmik - isasadapter \u00d7 BSP-keermestik (v\u00f5imalik ka NPT), on sageli koos D-, B-, C- ja DC-t\u00fc\u00fcpi liitmikega, et tagada ohutu vooliku kiirliitmik.\",\"breadcrumb\":{\"@id\":\"https:\\\/\\\/www.camlock.org\\\/et\\\/toode\\\/type-a-polypropylene-camlock-coupler-male-coupler-x-female-bsp-thread\\\/#breadcrumb\"},\"inLanguage\":\"et\",\"potentialAction\":[{\"@type\":\"ReadAction\",\"target\":[\"https:\\\/\\\/www.camlock.org\\\/et\\\/toode\\\/type-a-polypropylene-camlock-coupler-male-coupler-x-female-bsp-thread\\\/\"]}]},{\"@type\":\"ImageObject\",\"inLanguage\":\"et\",\"@id\":\"https:\\\/\\\/www.camlock.org\\\/et\\\/toode\\\/type-a-polypropylene-camlock-coupler-male-coupler-x-female-bsp-thread\\\/#primaryimage\",\"url\":\"https:\\\/\\\/www.camlock.org\\\/wp-content\\\/uploads\\\/2018\\\/01\\\/Camlock_Polypropylen_type-A_200mm_A050PP_f.jpg\",\"contentUrl\":\"https:\\\/\\\/www.camlock.org\\\/wp-content\\\/uploads\\\/2018\\\/01\\\/Camlock_Polypropylen_type-A_200mm_A050PP_f.jpg\",\"width\":1000,\"height\":1134,\"caption\":\"A-t\u00fc\u00fcpi pol\u00fcprop\u00fcleenist nukk\u00fchendusliitmik - v\u00e4lisliitmik x BSP-keermega sisekeermestik\"},{\"@type\":\"BreadcrumbList\",\"@id\":\"https:\\\/\\\/www.camlock.org\\\/et\\\/toode\\\/type-a-polypropylene-camlock-coupler-male-coupler-x-female-bsp-thread\\\/#breadcrumb\",\"itemListElement\":[{\"@type\":\"ListItem\",\"position\":1,\"name\":\"Home\",\"item\":\"https:\\\/\\\/www.camlock.org\\\/et\\\/\"},{\"@type\":\"ListItem\",\"position\":2,\"name\":\"Pood\",\"item\":\"https:\\\/\\\/www.camlock.org\\\/et\\\/pood\\\/\"},{\"@type\":\"ListItem\",\"position\":3,\"name\":\"A-t\u00fc\u00fcpi pol\u00fcprop\u00fcleenist nukk\u00fchendusliitmik &#8211; v\u00e4lisliitmik x BSP-keermega sisekeermestik\"}]},{\"@type\":\"WebSite\",\"@id\":\"https:\\\/\\\/www.camlock.org\\\/et\\\/?lang=et\\\/#website\",\"url\":\"https:\\\/\\\/www.camlock.org\\\/et\\\/?lang=et\\\/\",\"name\":\"Camlock Fittings, Cam-lock liitmikud m\u00fc\u00fck\",\"description\":\"Camlock Fittings, Cam-lock liitmikud m\u00fc\u00fck\",\"potentialAction\":[{\"@type\":\"SearchAction\",\"target\":{\"@type\":\"EntryPoint\",\"urlTemplate\":\"https:\\\/\\\/www.camlock.org\\\/et\\\/?lang=et\\\/?s={search_term_string}\"},\"query-input\":{\"@type\":\"PropertyValueSpecification\",\"valueRequired\":true,\"valueName\":\"search_term_string\"}}],\"inLanguage\":\"et\"}]}<\/script>\n<!-- \/ Yoast SEO plugin. -->","yoast_head_json":{"title":"A-t\u00fc\u00fcpi pol\u00fcprop\u00fcleenist nukk\u00fchendusliitmik","description":"A-t\u00fc\u00fcpi pol\u00fcprop\u00fcleenist Camlock-liitmik - isasadapter \u00d7 BSP-keermestik (v\u00f5imalik ka NPT), on sageli koos D-, B-, C- ja DC-t\u00fc\u00fcpi liitmikega, et tagada ohutu vooliku kiirliitmik.","robots":{"index":"index","follow":"follow","max-snippet":"max-snippet:-1","max-image-preview":"max-image-preview:large","max-video-preview":"max-video-preview:-1"},"canonical":"https:\/\/www.camlock.org\/et\/toode\/type-a-polypropylene-camlock-coupler-male-coupler-x-female-bsp-thread\/","og_locale":"et_EE","og_type":"article","og_title":"A-t\u00fc\u00fcpi pol\u00fcprop\u00fcleenist nukk\u00fchendusliitmik","og_description":"A-t\u00fc\u00fcpi pol\u00fcprop\u00fcleenist Camlock-liitmik - isasadapter \u00d7 BSP-keermestik (v\u00f5imalik ka NPT), on sageli koos D-, B-, C- ja DC-t\u00fc\u00fcpi liitmikega, et tagada ohutu vooliku kiirliitmik.","og_url":"https:\/\/www.camlock.org\/et\/toode\/type-a-polypropylene-camlock-coupler-male-coupler-x-female-bsp-thread\/","og_site_name":"Camlock Fittings, Cam-lock liitmikud m\u00fc\u00fck","article_modified_time":"2025-05-14T17:04:12+00:00","og_image":[{"width":1000,"height":1134,"url":"https:\/\/www.camlock.org\/wp-content\/uploads\/2018\/01\/Camlock_Polypropylen_type-A_200mm_A050PP_f.jpg","type":"image\/jpeg"}],"twitter_card":"summary_large_image","schema":{"@context":"https:\/\/schema.org","@graph":[{"@type":"WebPage","@id":"https:\/\/www.camlock.org\/et\/toode\/type-a-polypropylene-camlock-coupler-male-coupler-x-female-bsp-thread\/","url":"https:\/\/www.camlock.org\/et\/toode\/type-a-polypropylene-camlock-coupler-male-coupler-x-female-bsp-thread\/","name":"A-t\u00fc\u00fcpi pol\u00fcprop\u00fcleenist nukk\u00fchendusliitmik","isPartOf":{"@id":"https:\/\/www.camlock.org\/et\/?lang=et\/#website"},"primaryImageOfPage":{"@id":"https:\/\/www.camlock.org\/et\/toode\/type-a-polypropylene-camlock-coupler-male-coupler-x-female-bsp-thread\/#primaryimage"},"image":{"@id":"https:\/\/www.camlock.org\/et\/toode\/type-a-polypropylene-camlock-coupler-male-coupler-x-female-bsp-thread\/#primaryimage"},"thumbnailUrl":"https:\/\/www.camlock.org\/wp-content\/uploads\/2018\/01\/Camlock_Polypropylen_type-A_200mm_A050PP_f.jpg","datePublished":"2018-01-28T18:51:34+00:00","dateModified":"2025-05-14T17:04:12+00:00","description":"A-t\u00fc\u00fcpi pol\u00fcprop\u00fcleenist Camlock-liitmik - isasadapter \u00d7 BSP-keermestik (v\u00f5imalik ka NPT), on sageli koos D-, B-, C- ja DC-t\u00fc\u00fcpi liitmikega, et tagada ohutu vooliku kiirliitmik.","breadcrumb":{"@id":"https:\/\/www.camlock.org\/et\/toode\/type-a-polypropylene-camlock-coupler-male-coupler-x-female-bsp-thread\/#breadcrumb"},"inLanguage":"et","potentialAction":[{"@type":"ReadAction","target":["https:\/\/www.camlock.org\/et\/toode\/type-a-polypropylene-camlock-coupler-male-coupler-x-female-bsp-thread\/"]}]},{"@type":"ImageObject","inLanguage":"et","@id":"https:\/\/www.camlock.org\/et\/toode\/type-a-polypropylene-camlock-coupler-male-coupler-x-female-bsp-thread\/#primaryimage","url":"https:\/\/www.camlock.org\/wp-content\/uploads\/2018\/01\/Camlock_Polypropylen_type-A_200mm_A050PP_f.jpg","contentUrl":"https:\/\/www.camlock.org\/wp-content\/uploads\/2018\/01\/Camlock_Polypropylen_type-A_200mm_A050PP_f.jpg","width":1000,"height":1134,"caption":"A-t\u00fc\u00fcpi pol\u00fcprop\u00fcleenist nukk\u00fchendusliitmik - v\u00e4lisliitmik x BSP-keermega sisekeermestik"},{"@type":"BreadcrumbList","@id":"https:\/\/www.camlock.org\/et\/toode\/type-a-polypropylene-camlock-coupler-male-coupler-x-female-bsp-thread\/#breadcrumb","itemListElement":[{"@type":"ListItem","position":1,"name":"Home","item":"https:\/\/www.camlock.org\/et\/"},{"@type":"ListItem","position":2,"name":"Pood","item":"https:\/\/www.camlock.org\/et\/pood\/"},{"@type":"ListItem","position":3,"name":"A-t\u00fc\u00fcpi pol\u00fcprop\u00fcleenist nukk\u00fchendusliitmik &#8211; v\u00e4lisliitmik x BSP-keermega sisekeermestik"}]},{"@type":"WebSite","@id":"https:\/\/www.camlock.org\/et\/?lang=et\/#website","url":"https:\/\/www.camlock.org\/et\/?lang=et\/","name":"Camlock Fittings, Cam-lock liitmikud m\u00fc\u00fck","description":"Camlock Fittings, Cam-lock liitmikud m\u00fc\u00fck","potentialAction":[{"@type":"SearchAction","target":{"@type":"EntryPoint","urlTemplate":"https:\/\/www.camlock.org\/et\/?lang=et\/?s={search_term_string}"},"query-input":{"@type":"PropertyValueSpecification","valueRequired":true,"valueName":"search_term_string"}}],"inLanguage":"et"}]}},"_links":{"self":[{"href":"https:\/\/www.camlock.org\/et\/wp-json\/wp\/v2\/product\/10535","targetHints":{"allow":["GET"]}}],"collection":[{"href":"https:\/\/www.camlock.org\/et\/wp-json\/wp\/v2\/product"}],"about":[{"href":"https:\/\/www.camlock.org\/et\/wp-json\/wp\/v2\/types\/product"}],"wp:featuredmedia":[{"embeddable":true,"href":"https:\/\/www.camlock.org\/et\/wp-json\/wp\/v2\/media\/9299"}],"wp:attachment":[{"href":"https:\/\/www.camlock.org\/et\/wp-json\/wp\/v2\/media?parent=10535"}],"wp:term":[{"taxonomy":"product_brand","embeddable":true,"href":"https:\/\/www.camlock.org\/et\/wp-json\/wp\/v2\/product_brand?post=10535"},{"taxonomy":"product_cat","embeddable":true,"href":"https:\/\/www.camlock.org\/et\/wp-json\/wp\/v2\/product_cat?post=10535"},{"taxonomy":"product_tag","embeddable":true,"href":"https:\/\/www.camlock.org\/et\/wp-json\/wp\/v2\/product_tag?post=10535"}],"curies":[{"name":"wp","href":"https:\/\/api.w.org\/{rel}","templated":true}]}}