{"id":10598,"date":"2018-01-28T23:08:17","date_gmt":"2018-01-28T20:08:17","guid":{"rendered":"https:\/\/www.camlock.org\/product\/type-c-polypropylene-camlock-coupler-female-coupler-x-hose-shank\/"},"modified":"2025-05-14T19:20:55","modified_gmt":"2025-05-14T16:20:55","slug":"type-c-polypropylene-camlock-coupler-female-coupler-x-hose-shank","status":"publish","type":"product","link":"https:\/\/www.camlock.org\/et\/toode\/type-c-polypropylene-camlock-coupler-female-coupler-x-hose-shank\/","title":{"rendered":"C-t\u00fc\u00fcpi pol\u00fcprop\u00fcleenist nukk\u00fchendusliitmik &#8211; emasliitmik \u00d7 voolikuvars"},"content":{"rendered":"<p>C-t\u00fc\u00fcpi pol\u00fcprop\u00fcleenist nukk\u00fchendusliitmik &#8211; emasliitmik voolikuotsaga &#8211; C-t\u00fc\u00fcpi pol\u00fc nukk\u00fchendusliitmike \u00fches otsas on emasliitmik ja teises otsas on isasliitmik voolikuotsaga. Nukleaarne camlocki ots v\u00f5tab vastu mis tahes isase camlocki adapteri ja voolikuots sisestatakse mis tahes sobiva suurusega vooliku sisse ja kinnitatakse raskeveokast roostevabast terasest poltklambriga. <\/p>\n","protected":false},"excerpt":{"rendered":"<p>C-t\u00fc\u00fcpi kasutatakse tavaliselt koos A-, E-, F- ja DP-t\u00fc\u00fcpi adapteritega.<\/p>\n","protected":false},"featured_media":9584,"template":"","meta":[],"product_brand":[],"product_cat":[138],"product_tag":[321,225],"class_list":{"0":"post-10598","1":"product","2":"type-product","3":"status-publish","4":"has-post-thumbnail","6":"product_cat-polupropuleenist-camlocki-uhendusseadised","7":"product_tag-polypropylene-et","8":"product_tag-type--et","10":"first","11":"instock","12":"taxable","13":"shipping-taxable","14":"purchasable","15":"product-type-variable"},"yoast_head":"<!-- This site is optimized with the Yoast SEO plugin v27.4 - https:\/\/yoast.com\/product\/yoast-seo-wordpress\/ -->\n<title>C-t\u00fc\u00fcpi pol\u00fcprop\u00fcleenist nukk\u00fchendusliitmik - emasliitmik \u00d7 voolikuvars<\/title>\n<meta name=\"description\" content=\"C-t\u00fc\u00fcpi pol\u00fcprop\u00fcleenist nukk\u00fchendusliitmik - emasliitmik voolikuotsaga - C-t\u00fc\u00fcpi pol\u00fc nukk\u00fchendusliitmike \u00fches otsas on emasliitmik ja teises otsas on isasliitmik voolikuotsaga.\" \/>\n<meta name=\"robots\" content=\"index, follow, max-snippet:-1, max-image-preview:large, max-video-preview:-1\" \/>\n<link rel=\"canonical\" href=\"https:\/\/www.camlock.org\/et\/toode\/type-c-polypropylene-camlock-coupler-female-coupler-x-hose-shank\/\" \/>\n<meta property=\"og:locale\" content=\"et_EE\" \/>\n<meta property=\"og:type\" content=\"article\" \/>\n<meta property=\"og:title\" content=\"C-t\u00fc\u00fcpi pol\u00fcprop\u00fcleenist nukk\u00fchendusliitmik - emasliitmik \u00d7 voolikuvars\" \/>\n<meta property=\"og:description\" content=\"C-t\u00fc\u00fcpi pol\u00fcprop\u00fcleenist nukk\u00fchendusliitmik - emasliitmik voolikuotsaga - C-t\u00fc\u00fcpi pol\u00fc nukk\u00fchendusliitmike \u00fches otsas on emasliitmik ja teises otsas on isasliitmik voolikuotsaga.\" \/>\n<meta property=\"og:url\" content=\"https:\/\/www.camlock.org\/et\/toode\/type-c-polypropylene-camlock-coupler-female-coupler-x-hose-shank\/\" \/>\n<meta property=\"og:site_name\" content=\"Camlock Fittings, Cam-lock liitmikud m\u00fc\u00fck\" \/>\n<meta property=\"article:modified_time\" content=\"2025-05-14T16:20:55+00:00\" \/>\n<meta property=\"og:image\" content=\"https:\/\/www.camlock.org\/wp-content\/uploads\/2018\/01\/Camlock_Polypropylen_type-C_50mm_C200PP_.jpg\" \/>\n\t<meta property=\"og:image:width\" content=\"1000\" \/>\n\t<meta property=\"og:image:height\" content=\"1134\" \/>\n\t<meta property=\"og:image:type\" content=\"image\/jpeg\" \/>\n<meta name=\"twitter:card\" content=\"summary_large_image\" \/>\n<script type=\"application\/ld+json\" class=\"yoast-schema-graph\">{\"@context\":\"https:\\\/\\\/schema.org\",\"@graph\":[{\"@type\":\"WebPage\",\"@id\":\"https:\\\/\\\/www.camlock.org\\\/et\\\/toode\\\/type-c-polypropylene-camlock-coupler-female-coupler-x-hose-shank\\\/\",\"url\":\"https:\\\/\\\/www.camlock.org\\\/et\\\/toode\\\/type-c-polypropylene-camlock-coupler-female-coupler-x-hose-shank\\\/\",\"name\":\"C-t\u00fc\u00fcpi pol\u00fcprop\u00fcleenist nukk\u00fchendusliitmik - emasliitmik \u00d7 voolikuvars\",\"isPartOf\":{\"@id\":\"https:\\\/\\\/www.camlock.org\\\/et\\\/?lang=et\\\/#website\"},\"primaryImageOfPage\":{\"@id\":\"https:\\\/\\\/www.camlock.org\\\/et\\\/toode\\\/type-c-polypropylene-camlock-coupler-female-coupler-x-hose-shank\\\/#primaryimage\"},\"image\":{\"@id\":\"https:\\\/\\\/www.camlock.org\\\/et\\\/toode\\\/type-c-polypropylene-camlock-coupler-female-coupler-x-hose-shank\\\/#primaryimage\"},\"thumbnailUrl\":\"https:\\\/\\\/www.camlock.org\\\/wp-content\\\/uploads\\\/2018\\\/01\\\/Camlock_Polypropylen_type-C_50mm_C200PP_.jpg\",\"datePublished\":\"2018-01-28T20:08:17+00:00\",\"dateModified\":\"2025-05-14T16:20:55+00:00\",\"description\":\"C-t\u00fc\u00fcpi pol\u00fcprop\u00fcleenist nukk\u00fchendusliitmik - emasliitmik voolikuotsaga - C-t\u00fc\u00fcpi pol\u00fc nukk\u00fchendusliitmike \u00fches otsas on emasliitmik ja teises otsas on isasliitmik voolikuotsaga.\",\"breadcrumb\":{\"@id\":\"https:\\\/\\\/www.camlock.org\\\/et\\\/toode\\\/type-c-polypropylene-camlock-coupler-female-coupler-x-hose-shank\\\/#breadcrumb\"},\"inLanguage\":\"et\",\"potentialAction\":[{\"@type\":\"ReadAction\",\"target\":[\"https:\\\/\\\/www.camlock.org\\\/et\\\/toode\\\/type-c-polypropylene-camlock-coupler-female-coupler-x-hose-shank\\\/\"]}]},{\"@type\":\"ImageObject\",\"inLanguage\":\"et\",\"@id\":\"https:\\\/\\\/www.camlock.org\\\/et\\\/toode\\\/type-c-polypropylene-camlock-coupler-female-coupler-x-hose-shank\\\/#primaryimage\",\"url\":\"https:\\\/\\\/www.camlock.org\\\/wp-content\\\/uploads\\\/2018\\\/01\\\/Camlock_Polypropylen_type-C_50mm_C200PP_.jpg\",\"contentUrl\":\"https:\\\/\\\/www.camlock.org\\\/wp-content\\\/uploads\\\/2018\\\/01\\\/Camlock_Polypropylen_type-C_50mm_C200PP_.jpg\",\"width\":1000,\"height\":1134,\"caption\":\"C-t\u00fc\u00fcpi pol\u00fcprop\u00fcleenist nukk\u00fchendusliitmik - emasliitmik \u00d7 voolikuvars\"},{\"@type\":\"BreadcrumbList\",\"@id\":\"https:\\\/\\\/www.camlock.org\\\/et\\\/toode\\\/type-c-polypropylene-camlock-coupler-female-coupler-x-hose-shank\\\/#breadcrumb\",\"itemListElement\":[{\"@type\":\"ListItem\",\"position\":1,\"name\":\"Home\",\"item\":\"https:\\\/\\\/www.camlock.org\\\/et\\\/\"},{\"@type\":\"ListItem\",\"position\":2,\"name\":\"Pood\",\"item\":\"https:\\\/\\\/www.camlock.org\\\/et\\\/pood\\\/\"},{\"@type\":\"ListItem\",\"position\":3,\"name\":\"C-t\u00fc\u00fcpi pol\u00fcprop\u00fcleenist nukk\u00fchendusliitmik &#8211; emasliitmik \u00d7 voolikuvars\"}]},{\"@type\":\"WebSite\",\"@id\":\"https:\\\/\\\/www.camlock.org\\\/et\\\/?lang=et\\\/#website\",\"url\":\"https:\\\/\\\/www.camlock.org\\\/et\\\/?lang=et\\\/\",\"name\":\"Camlock Fittings, Cam-lock liitmikud m\u00fc\u00fck\",\"description\":\"Camlock Fittings, Cam-lock liitmikud m\u00fc\u00fck\",\"potentialAction\":[{\"@type\":\"SearchAction\",\"target\":{\"@type\":\"EntryPoint\",\"urlTemplate\":\"https:\\\/\\\/www.camlock.org\\\/et\\\/?lang=et\\\/?s={search_term_string}\"},\"query-input\":{\"@type\":\"PropertyValueSpecification\",\"valueRequired\":true,\"valueName\":\"search_term_string\"}}],\"inLanguage\":\"et\"}]}<\/script>\n<!-- \/ Yoast SEO plugin. -->","yoast_head_json":{"title":"C-t\u00fc\u00fcpi pol\u00fcprop\u00fcleenist nukk\u00fchendusliitmik - emasliitmik \u00d7 voolikuvars","description":"C-t\u00fc\u00fcpi pol\u00fcprop\u00fcleenist nukk\u00fchendusliitmik - emasliitmik voolikuotsaga - C-t\u00fc\u00fcpi pol\u00fc nukk\u00fchendusliitmike \u00fches otsas on emasliitmik ja teises otsas on isasliitmik voolikuotsaga.","robots":{"index":"index","follow":"follow","max-snippet":"max-snippet:-1","max-image-preview":"max-image-preview:large","max-video-preview":"max-video-preview:-1"},"canonical":"https:\/\/www.camlock.org\/et\/toode\/type-c-polypropylene-camlock-coupler-female-coupler-x-hose-shank\/","og_locale":"et_EE","og_type":"article","og_title":"C-t\u00fc\u00fcpi pol\u00fcprop\u00fcleenist nukk\u00fchendusliitmik - emasliitmik \u00d7 voolikuvars","og_description":"C-t\u00fc\u00fcpi pol\u00fcprop\u00fcleenist nukk\u00fchendusliitmik - emasliitmik voolikuotsaga - C-t\u00fc\u00fcpi pol\u00fc nukk\u00fchendusliitmike \u00fches otsas on emasliitmik ja teises otsas on isasliitmik voolikuotsaga.","og_url":"https:\/\/www.camlock.org\/et\/toode\/type-c-polypropylene-camlock-coupler-female-coupler-x-hose-shank\/","og_site_name":"Camlock Fittings, Cam-lock liitmikud m\u00fc\u00fck","article_modified_time":"2025-05-14T16:20:55+00:00","og_image":[{"width":1000,"height":1134,"url":"https:\/\/www.camlock.org\/wp-content\/uploads\/2018\/01\/Camlock_Polypropylen_type-C_50mm_C200PP_.jpg","type":"image\/jpeg"}],"twitter_card":"summary_large_image","schema":{"@context":"https:\/\/schema.org","@graph":[{"@type":"WebPage","@id":"https:\/\/www.camlock.org\/et\/toode\/type-c-polypropylene-camlock-coupler-female-coupler-x-hose-shank\/","url":"https:\/\/www.camlock.org\/et\/toode\/type-c-polypropylene-camlock-coupler-female-coupler-x-hose-shank\/","name":"C-t\u00fc\u00fcpi pol\u00fcprop\u00fcleenist nukk\u00fchendusliitmik - emasliitmik \u00d7 voolikuvars","isPartOf":{"@id":"https:\/\/www.camlock.org\/et\/?lang=et\/#website"},"primaryImageOfPage":{"@id":"https:\/\/www.camlock.org\/et\/toode\/type-c-polypropylene-camlock-coupler-female-coupler-x-hose-shank\/#primaryimage"},"image":{"@id":"https:\/\/www.camlock.org\/et\/toode\/type-c-polypropylene-camlock-coupler-female-coupler-x-hose-shank\/#primaryimage"},"thumbnailUrl":"https:\/\/www.camlock.org\/wp-content\/uploads\/2018\/01\/Camlock_Polypropylen_type-C_50mm_C200PP_.jpg","datePublished":"2018-01-28T20:08:17+00:00","dateModified":"2025-05-14T16:20:55+00:00","description":"C-t\u00fc\u00fcpi pol\u00fcprop\u00fcleenist nukk\u00fchendusliitmik - emasliitmik voolikuotsaga - C-t\u00fc\u00fcpi pol\u00fc nukk\u00fchendusliitmike \u00fches otsas on emasliitmik ja teises otsas on isasliitmik voolikuotsaga.","breadcrumb":{"@id":"https:\/\/www.camlock.org\/et\/toode\/type-c-polypropylene-camlock-coupler-female-coupler-x-hose-shank\/#breadcrumb"},"inLanguage":"et","potentialAction":[{"@type":"ReadAction","target":["https:\/\/www.camlock.org\/et\/toode\/type-c-polypropylene-camlock-coupler-female-coupler-x-hose-shank\/"]}]},{"@type":"ImageObject","inLanguage":"et","@id":"https:\/\/www.camlock.org\/et\/toode\/type-c-polypropylene-camlock-coupler-female-coupler-x-hose-shank\/#primaryimage","url":"https:\/\/www.camlock.org\/wp-content\/uploads\/2018\/01\/Camlock_Polypropylen_type-C_50mm_C200PP_.jpg","contentUrl":"https:\/\/www.camlock.org\/wp-content\/uploads\/2018\/01\/Camlock_Polypropylen_type-C_50mm_C200PP_.jpg","width":1000,"height":1134,"caption":"C-t\u00fc\u00fcpi pol\u00fcprop\u00fcleenist nukk\u00fchendusliitmik - emasliitmik \u00d7 voolikuvars"},{"@type":"BreadcrumbList","@id":"https:\/\/www.camlock.org\/et\/toode\/type-c-polypropylene-camlock-coupler-female-coupler-x-hose-shank\/#breadcrumb","itemListElement":[{"@type":"ListItem","position":1,"name":"Home","item":"https:\/\/www.camlock.org\/et\/"},{"@type":"ListItem","position":2,"name":"Pood","item":"https:\/\/www.camlock.org\/et\/pood\/"},{"@type":"ListItem","position":3,"name":"C-t\u00fc\u00fcpi pol\u00fcprop\u00fcleenist nukk\u00fchendusliitmik &#8211; emasliitmik \u00d7 voolikuvars"}]},{"@type":"WebSite","@id":"https:\/\/www.camlock.org\/et\/?lang=et\/#website","url":"https:\/\/www.camlock.org\/et\/?lang=et\/","name":"Camlock Fittings, Cam-lock liitmikud m\u00fc\u00fck","description":"Camlock Fittings, Cam-lock liitmikud m\u00fc\u00fck","potentialAction":[{"@type":"SearchAction","target":{"@type":"EntryPoint","urlTemplate":"https:\/\/www.camlock.org\/et\/?lang=et\/?s={search_term_string}"},"query-input":{"@type":"PropertyValueSpecification","valueRequired":true,"valueName":"search_term_string"}}],"inLanguage":"et"}]}},"_links":{"self":[{"href":"https:\/\/www.camlock.org\/et\/wp-json\/wp\/v2\/product\/10598","targetHints":{"allow":["GET"]}}],"collection":[{"href":"https:\/\/www.camlock.org\/et\/wp-json\/wp\/v2\/product"}],"about":[{"href":"https:\/\/www.camlock.org\/et\/wp-json\/wp\/v2\/types\/product"}],"wp:featuredmedia":[{"embeddable":true,"href":"https:\/\/www.camlock.org\/et\/wp-json\/wp\/v2\/media\/9584"}],"wp:attachment":[{"href":"https:\/\/www.camlock.org\/et\/wp-json\/wp\/v2\/media?parent=10598"}],"wp:term":[{"taxonomy":"product_brand","embeddable":true,"href":"https:\/\/www.camlock.org\/et\/wp-json\/wp\/v2\/product_brand?post=10598"},{"taxonomy":"product_cat","embeddable":true,"href":"https:\/\/www.camlock.org\/et\/wp-json\/wp\/v2\/product_cat?post=10598"},{"taxonomy":"product_tag","embeddable":true,"href":"https:\/\/www.camlock.org\/et\/wp-json\/wp\/v2\/product_tag?post=10598"}],"curies":[{"name":"wp","href":"https:\/\/api.w.org\/{rel}","templated":true}]}}