{"id":10607,"date":"2018-01-29T00:42:07","date_gmt":"2018-01-28T21:42:07","guid":{"rendered":"https:\/\/www.camlock.org\/product\/type-e-polypropylene-camlock-coupler-male-coupler-x-hose-shank\/"},"modified":"2025-05-14T18:08:52","modified_gmt":"2025-05-14T15:08:52","slug":"type-e-polypropylene-camlock-coupler-male-coupler-x-hose-shank","status":"publish","type":"product","link":"https:\/\/www.camlock.org\/et\/toode\/type-e-polypropylene-camlock-coupler-male-coupler-x-hose-shank\/","title":{"rendered":"E-t\u00fc\u00fcpi pol\u00fcprop\u00fcleenist nukk\u00fchendusliitmik &#8211; v\u00e4lisliitmik \u00d7 voolikuvars"},"content":{"rendered":"<p>E-t\u00fc\u00fcpi pol\u00fcprop\u00fcleenist liitmik t\u00e4hendab isasadapterit vooliku sabaga &#8211; E-t\u00fc\u00fcpi nukklukul on \u00fches otsas isane nukklukk ja teises otsas isane vooliku sabaga. Nukksulguri isasotsik v\u00f5tab vastu mis tahes naissoost nukksulguri adapteri ja voolikuotsik sisestatakse mis tahes sobiva suurusega vooliku sisse ja kinnitatakse raskeveokast roostevabast terasest poltklambriga. <\/p>\n","protected":false},"excerpt":{"rendered":"<p>E-t\u00fc\u00fcpi adapterit kasutatakse tavaliselt koos C-t\u00fc\u00fcpi haakeseadisega. Seda E-t\u00fc\u00fcpi adapterit v\u00f5ib siiski kasutada koos B- v\u00f5i D-t\u00fc\u00fcpi \u00fchendusega ning sobiva suurusega DC (tolmukork). <\/p>\n","protected":false},"featured_media":9784,"template":"","meta":[],"product_brand":[],"product_cat":[138],"product_tag":[321,269],"class_list":{"0":"post-10607","1":"product","2":"type-product","3":"status-publish","4":"has-post-thumbnail","6":"product_cat-polupropuleenist-camlocki-uhendusseadised","7":"product_tag-polypropylene-et","8":"product_tag-type-e-et","10":"first","11":"instock","12":"taxable","13":"shipping-taxable","14":"purchasable","15":"product-type-variable"},"yoast_head":"<!-- This site is optimized with the Yoast SEO plugin v27.4 - https:\/\/yoast.com\/product\/yoast-seo-wordpress\/ -->\n<title>E-t\u00fc\u00fcpi pol\u00fcprop\u00fcleenist nukk\u00fchendusliitmik - v\u00e4lisliitmik \u00d7 voolikuvars<\/title>\n<meta name=\"description\" content=\"E-t\u00fc\u00fcpi pol\u00fcprop\u00fcleenist liitmik t\u00e4hendab isasadapterit vooliku sabaga - E-t\u00fc\u00fcpi nukklukul on \u00fches otsas isane nukklukk ja teises otsas isane vooliku sabaga.\" \/>\n<meta name=\"robots\" content=\"index, follow, max-snippet:-1, max-image-preview:large, max-video-preview:-1\" \/>\n<link rel=\"canonical\" href=\"https:\/\/www.camlock.org\/et\/toode\/type-e-polypropylene-camlock-coupler-male-coupler-x-hose-shank\/\" \/>\n<meta property=\"og:locale\" content=\"et_EE\" \/>\n<meta property=\"og:type\" content=\"article\" \/>\n<meta property=\"og:title\" content=\"E-t\u00fc\u00fcpi pol\u00fcprop\u00fcleenist nukk\u00fchendusliitmik - v\u00e4lisliitmik \u00d7 voolikuvars\" \/>\n<meta property=\"og:description\" content=\"E-t\u00fc\u00fcpi pol\u00fcprop\u00fcleenist liitmik t\u00e4hendab isasadapterit vooliku sabaga - E-t\u00fc\u00fcpi nukklukul on \u00fches otsas isane nukklukk ja teises otsas isane vooliku sabaga.\" \/>\n<meta property=\"og:url\" content=\"https:\/\/www.camlock.org\/et\/toode\/type-e-polypropylene-camlock-coupler-male-coupler-x-hose-shank\/\" \/>\n<meta property=\"og:site_name\" content=\"Camlock Fittings, Cam-lock liitmikud m\u00fc\u00fck\" \/>\n<meta property=\"article:modified_time\" content=\"2025-05-14T15:08:52+00:00\" \/>\n<meta property=\"og:image\" content=\"https:\/\/www.camlock.org\/wp-content\/uploads\/2018\/01\/Camlock_Polypropylene_type-E_50mm_E200PP_.jpg\" \/>\n\t<meta property=\"og:image:width\" content=\"1000\" \/>\n\t<meta property=\"og:image:height\" content=\"1134\" \/>\n\t<meta property=\"og:image:type\" content=\"image\/jpeg\" \/>\n<meta name=\"twitter:card\" content=\"summary_large_image\" \/>\n<script type=\"application\/ld+json\" class=\"yoast-schema-graph\">{\"@context\":\"https:\\\/\\\/schema.org\",\"@graph\":[{\"@type\":\"WebPage\",\"@id\":\"https:\\\/\\\/www.camlock.org\\\/et\\\/toode\\\/type-e-polypropylene-camlock-coupler-male-coupler-x-hose-shank\\\/\",\"url\":\"https:\\\/\\\/www.camlock.org\\\/et\\\/toode\\\/type-e-polypropylene-camlock-coupler-male-coupler-x-hose-shank\\\/\",\"name\":\"E-t\u00fc\u00fcpi pol\u00fcprop\u00fcleenist nukk\u00fchendusliitmik - v\u00e4lisliitmik \u00d7 voolikuvars\",\"isPartOf\":{\"@id\":\"https:\\\/\\\/www.camlock.org\\\/et\\\/?lang=et\\\/#website\"},\"primaryImageOfPage\":{\"@id\":\"https:\\\/\\\/www.camlock.org\\\/et\\\/toode\\\/type-e-polypropylene-camlock-coupler-male-coupler-x-hose-shank\\\/#primaryimage\"},\"image\":{\"@id\":\"https:\\\/\\\/www.camlock.org\\\/et\\\/toode\\\/type-e-polypropylene-camlock-coupler-male-coupler-x-hose-shank\\\/#primaryimage\"},\"thumbnailUrl\":\"https:\\\/\\\/www.camlock.org\\\/wp-content\\\/uploads\\\/2018\\\/01\\\/Camlock_Polypropylene_type-E_50mm_E200PP_.jpg\",\"datePublished\":\"2018-01-28T21:42:07+00:00\",\"dateModified\":\"2025-05-14T15:08:52+00:00\",\"description\":\"E-t\u00fc\u00fcpi pol\u00fcprop\u00fcleenist liitmik t\u00e4hendab isasadapterit vooliku sabaga - E-t\u00fc\u00fcpi nukklukul on \u00fches otsas isane nukklukk ja teises otsas isane vooliku sabaga.\",\"breadcrumb\":{\"@id\":\"https:\\\/\\\/www.camlock.org\\\/et\\\/toode\\\/type-e-polypropylene-camlock-coupler-male-coupler-x-hose-shank\\\/#breadcrumb\"},\"inLanguage\":\"et\",\"potentialAction\":[{\"@type\":\"ReadAction\",\"target\":[\"https:\\\/\\\/www.camlock.org\\\/et\\\/toode\\\/type-e-polypropylene-camlock-coupler-male-coupler-x-hose-shank\\\/\"]}]},{\"@type\":\"ImageObject\",\"inLanguage\":\"et\",\"@id\":\"https:\\\/\\\/www.camlock.org\\\/et\\\/toode\\\/type-e-polypropylene-camlock-coupler-male-coupler-x-hose-shank\\\/#primaryimage\",\"url\":\"https:\\\/\\\/www.camlock.org\\\/wp-content\\\/uploads\\\/2018\\\/01\\\/Camlock_Polypropylene_type-E_50mm_E200PP_.jpg\",\"contentUrl\":\"https:\\\/\\\/www.camlock.org\\\/wp-content\\\/uploads\\\/2018\\\/01\\\/Camlock_Polypropylene_type-E_50mm_E200PP_.jpg\",\"width\":1000,\"height\":1134,\"caption\":\"E-t\u00fc\u00fcpi pol\u00fcprop\u00fcleenist nukk\u00fchendusliitmik - v\u00e4lisliitmik \u00d7 voolikuvars\"},{\"@type\":\"BreadcrumbList\",\"@id\":\"https:\\\/\\\/www.camlock.org\\\/et\\\/toode\\\/type-e-polypropylene-camlock-coupler-male-coupler-x-hose-shank\\\/#breadcrumb\",\"itemListElement\":[{\"@type\":\"ListItem\",\"position\":1,\"name\":\"Home\",\"item\":\"https:\\\/\\\/www.camlock.org\\\/et\\\/\"},{\"@type\":\"ListItem\",\"position\":2,\"name\":\"Pood\",\"item\":\"https:\\\/\\\/www.camlock.org\\\/et\\\/pood\\\/\"},{\"@type\":\"ListItem\",\"position\":3,\"name\":\"E-t\u00fc\u00fcpi pol\u00fcprop\u00fcleenist nukk\u00fchendusliitmik &#8211; v\u00e4lisliitmik \u00d7 voolikuvars\"}]},{\"@type\":\"WebSite\",\"@id\":\"https:\\\/\\\/www.camlock.org\\\/et\\\/?lang=et\\\/#website\",\"url\":\"https:\\\/\\\/www.camlock.org\\\/et\\\/?lang=et\\\/\",\"name\":\"Camlock Fittings, Cam-lock liitmikud m\u00fc\u00fck\",\"description\":\"Camlock Fittings, Cam-lock liitmikud m\u00fc\u00fck\",\"potentialAction\":[{\"@type\":\"SearchAction\",\"target\":{\"@type\":\"EntryPoint\",\"urlTemplate\":\"https:\\\/\\\/www.camlock.org\\\/et\\\/?lang=et\\\/?s={search_term_string}\"},\"query-input\":{\"@type\":\"PropertyValueSpecification\",\"valueRequired\":true,\"valueName\":\"search_term_string\"}}],\"inLanguage\":\"et\"}]}<\/script>\n<!-- \/ Yoast SEO plugin. -->","yoast_head_json":{"title":"E-t\u00fc\u00fcpi pol\u00fcprop\u00fcleenist nukk\u00fchendusliitmik - v\u00e4lisliitmik \u00d7 voolikuvars","description":"E-t\u00fc\u00fcpi pol\u00fcprop\u00fcleenist liitmik t\u00e4hendab isasadapterit vooliku sabaga - E-t\u00fc\u00fcpi nukklukul on \u00fches otsas isane nukklukk ja teises otsas isane vooliku sabaga.","robots":{"index":"index","follow":"follow","max-snippet":"max-snippet:-1","max-image-preview":"max-image-preview:large","max-video-preview":"max-video-preview:-1"},"canonical":"https:\/\/www.camlock.org\/et\/toode\/type-e-polypropylene-camlock-coupler-male-coupler-x-hose-shank\/","og_locale":"et_EE","og_type":"article","og_title":"E-t\u00fc\u00fcpi pol\u00fcprop\u00fcleenist nukk\u00fchendusliitmik - v\u00e4lisliitmik \u00d7 voolikuvars","og_description":"E-t\u00fc\u00fcpi pol\u00fcprop\u00fcleenist liitmik t\u00e4hendab isasadapterit vooliku sabaga - E-t\u00fc\u00fcpi nukklukul on \u00fches otsas isane nukklukk ja teises otsas isane vooliku sabaga.","og_url":"https:\/\/www.camlock.org\/et\/toode\/type-e-polypropylene-camlock-coupler-male-coupler-x-hose-shank\/","og_site_name":"Camlock Fittings, Cam-lock liitmikud m\u00fc\u00fck","article_modified_time":"2025-05-14T15:08:52+00:00","og_image":[{"width":1000,"height":1134,"url":"https:\/\/www.camlock.org\/wp-content\/uploads\/2018\/01\/Camlock_Polypropylene_type-E_50mm_E200PP_.jpg","type":"image\/jpeg"}],"twitter_card":"summary_large_image","schema":{"@context":"https:\/\/schema.org","@graph":[{"@type":"WebPage","@id":"https:\/\/www.camlock.org\/et\/toode\/type-e-polypropylene-camlock-coupler-male-coupler-x-hose-shank\/","url":"https:\/\/www.camlock.org\/et\/toode\/type-e-polypropylene-camlock-coupler-male-coupler-x-hose-shank\/","name":"E-t\u00fc\u00fcpi pol\u00fcprop\u00fcleenist nukk\u00fchendusliitmik - v\u00e4lisliitmik \u00d7 voolikuvars","isPartOf":{"@id":"https:\/\/www.camlock.org\/et\/?lang=et\/#website"},"primaryImageOfPage":{"@id":"https:\/\/www.camlock.org\/et\/toode\/type-e-polypropylene-camlock-coupler-male-coupler-x-hose-shank\/#primaryimage"},"image":{"@id":"https:\/\/www.camlock.org\/et\/toode\/type-e-polypropylene-camlock-coupler-male-coupler-x-hose-shank\/#primaryimage"},"thumbnailUrl":"https:\/\/www.camlock.org\/wp-content\/uploads\/2018\/01\/Camlock_Polypropylene_type-E_50mm_E200PP_.jpg","datePublished":"2018-01-28T21:42:07+00:00","dateModified":"2025-05-14T15:08:52+00:00","description":"E-t\u00fc\u00fcpi pol\u00fcprop\u00fcleenist liitmik t\u00e4hendab isasadapterit vooliku sabaga - E-t\u00fc\u00fcpi nukklukul on \u00fches otsas isane nukklukk ja teises otsas isane vooliku sabaga.","breadcrumb":{"@id":"https:\/\/www.camlock.org\/et\/toode\/type-e-polypropylene-camlock-coupler-male-coupler-x-hose-shank\/#breadcrumb"},"inLanguage":"et","potentialAction":[{"@type":"ReadAction","target":["https:\/\/www.camlock.org\/et\/toode\/type-e-polypropylene-camlock-coupler-male-coupler-x-hose-shank\/"]}]},{"@type":"ImageObject","inLanguage":"et","@id":"https:\/\/www.camlock.org\/et\/toode\/type-e-polypropylene-camlock-coupler-male-coupler-x-hose-shank\/#primaryimage","url":"https:\/\/www.camlock.org\/wp-content\/uploads\/2018\/01\/Camlock_Polypropylene_type-E_50mm_E200PP_.jpg","contentUrl":"https:\/\/www.camlock.org\/wp-content\/uploads\/2018\/01\/Camlock_Polypropylene_type-E_50mm_E200PP_.jpg","width":1000,"height":1134,"caption":"E-t\u00fc\u00fcpi pol\u00fcprop\u00fcleenist nukk\u00fchendusliitmik - v\u00e4lisliitmik \u00d7 voolikuvars"},{"@type":"BreadcrumbList","@id":"https:\/\/www.camlock.org\/et\/toode\/type-e-polypropylene-camlock-coupler-male-coupler-x-hose-shank\/#breadcrumb","itemListElement":[{"@type":"ListItem","position":1,"name":"Home","item":"https:\/\/www.camlock.org\/et\/"},{"@type":"ListItem","position":2,"name":"Pood","item":"https:\/\/www.camlock.org\/et\/pood\/"},{"@type":"ListItem","position":3,"name":"E-t\u00fc\u00fcpi pol\u00fcprop\u00fcleenist nukk\u00fchendusliitmik &#8211; v\u00e4lisliitmik \u00d7 voolikuvars"}]},{"@type":"WebSite","@id":"https:\/\/www.camlock.org\/et\/?lang=et\/#website","url":"https:\/\/www.camlock.org\/et\/?lang=et\/","name":"Camlock Fittings, Cam-lock liitmikud m\u00fc\u00fck","description":"Camlock Fittings, Cam-lock liitmikud m\u00fc\u00fck","potentialAction":[{"@type":"SearchAction","target":{"@type":"EntryPoint","urlTemplate":"https:\/\/www.camlock.org\/et\/?lang=et\/?s={search_term_string}"},"query-input":{"@type":"PropertyValueSpecification","valueRequired":true,"valueName":"search_term_string"}}],"inLanguage":"et"}]}},"_links":{"self":[{"href":"https:\/\/www.camlock.org\/et\/wp-json\/wp\/v2\/product\/10607","targetHints":{"allow":["GET"]}}],"collection":[{"href":"https:\/\/www.camlock.org\/et\/wp-json\/wp\/v2\/product"}],"about":[{"href":"https:\/\/www.camlock.org\/et\/wp-json\/wp\/v2\/types\/product"}],"wp:featuredmedia":[{"embeddable":true,"href":"https:\/\/www.camlock.org\/et\/wp-json\/wp\/v2\/media\/9784"}],"wp:attachment":[{"href":"https:\/\/www.camlock.org\/et\/wp-json\/wp\/v2\/media?parent=10607"}],"wp:term":[{"taxonomy":"product_brand","embeddable":true,"href":"https:\/\/www.camlock.org\/et\/wp-json\/wp\/v2\/product_brand?post=10607"},{"taxonomy":"product_cat","embeddable":true,"href":"https:\/\/www.camlock.org\/et\/wp-json\/wp\/v2\/product_cat?post=10607"},{"taxonomy":"product_tag","embeddable":true,"href":"https:\/\/www.camlock.org\/et\/wp-json\/wp\/v2\/product_tag?post=10607"}],"curies":[{"name":"wp","href":"https:\/\/api.w.org\/{rel}","templated":true}]}}