{"id":11523,"date":"2018-06-03T17:16:49","date_gmt":"2018-06-03T14:16:57","guid":{"rendered":"https:\/\/www.camlock.org\/?post_type=product&#038;p=11523"},"modified":"2025-05-14T13:03:02","modified_gmt":"2025-05-14T10:03:02","slug":"c-roostevabast-camlock","status":"publish","type":"product","link":"https:\/\/www.camlock.org\/et\/toode\/c-roostevabast-camlock\/","title":{"rendered":"T\u00fc\u00fcp C roostevabast terasest 316 Camlock Coupler &#8211; emasliitmik \u00d7 voolikuvars"},"content":{"rendered":"<p>C-t\u00fc\u00fcpi roostevabast terasest nukklukkliitmik &#8211; emasliitmik voolikuotsaga &#8211; C-t\u00fc\u00fcpi terasest nukklukkliitmike \u00fches otsas on emasliitmik ja teises otsas on isasliitmik voolikuotsaga. Nukleaarse nukkluku ots v\u00f5tab vastu mis tahes isasnukkadapterit ja voolikuots sisestatakse mis tahes sobiva suurusega vooliku sisse ja kinnitatakse raskeveokast roostevabast terasest poltklambriga. <\/p>\n","protected":false},"excerpt":{"rendered":"<p>C-t\u00fc\u00fcpi kasutatakse tavaliselt koos A-, E-, F- ja DP-t\u00fc\u00fcpi adapteritega.<\/p>\n","protected":false},"featured_media":12911,"template":"","meta":[],"product_brand":[],"product_cat":[414],"product_tag":[415,225],"class_list":{"0":"post-11523","1":"product","2":"type-product","3":"status-publish","4":"has-post-thumbnail","6":"product_cat-camlock-roostevabast-liitmikud","7":"product_tag-roostevaba-teras","8":"product_tag-type--et","10":"first","11":"instock","12":"taxable","13":"shipping-taxable","14":"purchasable","15":"product-type-variable"},"yoast_head":"<!-- This site is optimized with the Yoast SEO plugin v27.4 - https:\/\/yoast.com\/product\/yoast-seo-wordpress\/ -->\n<title>T\u00fc\u00fcp C roostevabast terasest 316 Camlock Coupler<\/title>\n<meta name=\"description\" content=\"C-t\u00fc\u00fcpi roostevabast terasest nukklukkliitmik - emasliitmik voolikuotsaga - C-t\u00fc\u00fcpi terasest nukklukkliitmike \u00fches otsas on emasliitmik ja teises otsas on isasliitmik voolikuotsaga.\" \/>\n<meta name=\"robots\" content=\"index, follow, max-snippet:-1, max-image-preview:large, max-video-preview:-1\" \/>\n<link rel=\"canonical\" href=\"https:\/\/www.camlock.org\/et\/toode\/c-roostevabast-camlock\/\" \/>\n<meta property=\"og:locale\" content=\"et_EE\" \/>\n<meta property=\"og:type\" content=\"article\" \/>\n<meta property=\"og:title\" content=\"T\u00fc\u00fcp C roostevabast terasest 316 Camlock Coupler\" \/>\n<meta property=\"og:description\" content=\"C-t\u00fc\u00fcpi roostevabast terasest nukklukkliitmik - emasliitmik voolikuotsaga - C-t\u00fc\u00fcpi terasest nukklukkliitmike \u00fches otsas on emasliitmik ja teises otsas on isasliitmik voolikuotsaga.\" \/>\n<meta property=\"og:url\" content=\"https:\/\/www.camlock.org\/et\/toode\/c-roostevabast-camlock\/\" \/>\n<meta property=\"og:site_name\" content=\"Camlock Fittings, Cam-lock liitmikud m\u00fc\u00fck\" \/>\n<meta property=\"article:modified_time\" content=\"2025-05-14T10:03:02+00:00\" \/>\n<meta property=\"og:image\" content=\"https:\/\/www.camlock.org\/wp-content\/uploads\/2018\/06\/Camlock_SS316_type_C_50mm_D200SS-1.jpg\" \/>\n\t<meta property=\"og:image:width\" content=\"1000\" \/>\n\t<meta property=\"og:image:height\" content=\"1000\" \/>\n\t<meta property=\"og:image:type\" content=\"image\/jpeg\" \/>\n<meta name=\"twitter:card\" content=\"summary_large_image\" \/>\n<script type=\"application\/ld+json\" class=\"yoast-schema-graph\">{\"@context\":\"https:\\\/\\\/schema.org\",\"@graph\":[{\"@type\":\"WebPage\",\"@id\":\"https:\\\/\\\/www.camlock.org\\\/et\\\/toode\\\/c-roostevabast-camlock\\\/\",\"url\":\"https:\\\/\\\/www.camlock.org\\\/et\\\/toode\\\/c-roostevabast-camlock\\\/\",\"name\":\"T\u00fc\u00fcp C roostevabast terasest 316 Camlock Coupler\",\"isPartOf\":{\"@id\":\"https:\\\/\\\/www.camlock.org\\\/et\\\/?lang=et\\\/#website\"},\"primaryImageOfPage\":{\"@id\":\"https:\\\/\\\/www.camlock.org\\\/et\\\/toode\\\/c-roostevabast-camlock\\\/#primaryimage\"},\"image\":{\"@id\":\"https:\\\/\\\/www.camlock.org\\\/et\\\/toode\\\/c-roostevabast-camlock\\\/#primaryimage\"},\"thumbnailUrl\":\"https:\\\/\\\/www.camlock.org\\\/wp-content\\\/uploads\\\/2018\\\/06\\\/Camlock_SS316_type_C_50mm_D200SS-1.jpg\",\"datePublished\":\"2018-06-03T14:16:57+00:00\",\"dateModified\":\"2025-05-14T10:03:02+00:00\",\"description\":\"C-t\u00fc\u00fcpi roostevabast terasest nukklukkliitmik - emasliitmik voolikuotsaga - C-t\u00fc\u00fcpi terasest nukklukkliitmike \u00fches otsas on emasliitmik ja teises otsas on isasliitmik voolikuotsaga.\",\"breadcrumb\":{\"@id\":\"https:\\\/\\\/www.camlock.org\\\/et\\\/toode\\\/c-roostevabast-camlock\\\/#breadcrumb\"},\"inLanguage\":\"et\",\"potentialAction\":[{\"@type\":\"ReadAction\",\"target\":[\"https:\\\/\\\/www.camlock.org\\\/et\\\/toode\\\/c-roostevabast-camlock\\\/\"]}]},{\"@type\":\"ImageObject\",\"inLanguage\":\"et\",\"@id\":\"https:\\\/\\\/www.camlock.org\\\/et\\\/toode\\\/c-roostevabast-camlock\\\/#primaryimage\",\"url\":\"https:\\\/\\\/www.camlock.org\\\/wp-content\\\/uploads\\\/2018\\\/06\\\/Camlock_SS316_type_C_50mm_D200SS-1.jpg\",\"contentUrl\":\"https:\\\/\\\/www.camlock.org\\\/wp-content\\\/uploads\\\/2018\\\/06\\\/Camlock_SS316_type_C_50mm_D200SS-1.jpg\",\"width\":1000,\"height\":1000,\"caption\":\"Camlock SS316 t\u00fc\u00fcp C 50mm D200S\"},{\"@type\":\"BreadcrumbList\",\"@id\":\"https:\\\/\\\/www.camlock.org\\\/et\\\/toode\\\/c-roostevabast-camlock\\\/#breadcrumb\",\"itemListElement\":[{\"@type\":\"ListItem\",\"position\":1,\"name\":\"Home\",\"item\":\"https:\\\/\\\/www.camlock.org\\\/et\\\/\"},{\"@type\":\"ListItem\",\"position\":2,\"name\":\"Pood\",\"item\":\"https:\\\/\\\/www.camlock.org\\\/et\\\/pood\\\/\"},{\"@type\":\"ListItem\",\"position\":3,\"name\":\"T\u00fc\u00fcp C roostevabast terasest 316 Camlock Coupler &#8211; emasliitmik \u00d7 voolikuvars\"}]},{\"@type\":\"WebSite\",\"@id\":\"https:\\\/\\\/www.camlock.org\\\/et\\\/?lang=et\\\/#website\",\"url\":\"https:\\\/\\\/www.camlock.org\\\/et\\\/?lang=et\\\/\",\"name\":\"Camlock Fittings, Cam-lock liitmikud m\u00fc\u00fck\",\"description\":\"Camlock Fittings, Cam-lock liitmikud m\u00fc\u00fck\",\"potentialAction\":[{\"@type\":\"SearchAction\",\"target\":{\"@type\":\"EntryPoint\",\"urlTemplate\":\"https:\\\/\\\/www.camlock.org\\\/et\\\/?lang=et\\\/?s={search_term_string}\"},\"query-input\":{\"@type\":\"PropertyValueSpecification\",\"valueRequired\":true,\"valueName\":\"search_term_string\"}}],\"inLanguage\":\"et\"}]}<\/script>\n<!-- \/ Yoast SEO plugin. -->","yoast_head_json":{"title":"T\u00fc\u00fcp C roostevabast terasest 316 Camlock Coupler","description":"C-t\u00fc\u00fcpi roostevabast terasest nukklukkliitmik - emasliitmik voolikuotsaga - C-t\u00fc\u00fcpi terasest nukklukkliitmike \u00fches otsas on emasliitmik ja teises otsas on isasliitmik voolikuotsaga.","robots":{"index":"index","follow":"follow","max-snippet":"max-snippet:-1","max-image-preview":"max-image-preview:large","max-video-preview":"max-video-preview:-1"},"canonical":"https:\/\/www.camlock.org\/et\/toode\/c-roostevabast-camlock\/","og_locale":"et_EE","og_type":"article","og_title":"T\u00fc\u00fcp C roostevabast terasest 316 Camlock Coupler","og_description":"C-t\u00fc\u00fcpi roostevabast terasest nukklukkliitmik - emasliitmik voolikuotsaga - C-t\u00fc\u00fcpi terasest nukklukkliitmike \u00fches otsas on emasliitmik ja teises otsas on isasliitmik voolikuotsaga.","og_url":"https:\/\/www.camlock.org\/et\/toode\/c-roostevabast-camlock\/","og_site_name":"Camlock Fittings, Cam-lock liitmikud m\u00fc\u00fck","article_modified_time":"2025-05-14T10:03:02+00:00","og_image":[{"width":1000,"height":1000,"url":"https:\/\/www.camlock.org\/wp-content\/uploads\/2018\/06\/Camlock_SS316_type_C_50mm_D200SS-1.jpg","type":"image\/jpeg"}],"twitter_card":"summary_large_image","schema":{"@context":"https:\/\/schema.org","@graph":[{"@type":"WebPage","@id":"https:\/\/www.camlock.org\/et\/toode\/c-roostevabast-camlock\/","url":"https:\/\/www.camlock.org\/et\/toode\/c-roostevabast-camlock\/","name":"T\u00fc\u00fcp C roostevabast terasest 316 Camlock Coupler","isPartOf":{"@id":"https:\/\/www.camlock.org\/et\/?lang=et\/#website"},"primaryImageOfPage":{"@id":"https:\/\/www.camlock.org\/et\/toode\/c-roostevabast-camlock\/#primaryimage"},"image":{"@id":"https:\/\/www.camlock.org\/et\/toode\/c-roostevabast-camlock\/#primaryimage"},"thumbnailUrl":"https:\/\/www.camlock.org\/wp-content\/uploads\/2018\/06\/Camlock_SS316_type_C_50mm_D200SS-1.jpg","datePublished":"2018-06-03T14:16:57+00:00","dateModified":"2025-05-14T10:03:02+00:00","description":"C-t\u00fc\u00fcpi roostevabast terasest nukklukkliitmik - emasliitmik voolikuotsaga - C-t\u00fc\u00fcpi terasest nukklukkliitmike \u00fches otsas on emasliitmik ja teises otsas on isasliitmik voolikuotsaga.","breadcrumb":{"@id":"https:\/\/www.camlock.org\/et\/toode\/c-roostevabast-camlock\/#breadcrumb"},"inLanguage":"et","potentialAction":[{"@type":"ReadAction","target":["https:\/\/www.camlock.org\/et\/toode\/c-roostevabast-camlock\/"]}]},{"@type":"ImageObject","inLanguage":"et","@id":"https:\/\/www.camlock.org\/et\/toode\/c-roostevabast-camlock\/#primaryimage","url":"https:\/\/www.camlock.org\/wp-content\/uploads\/2018\/06\/Camlock_SS316_type_C_50mm_D200SS-1.jpg","contentUrl":"https:\/\/www.camlock.org\/wp-content\/uploads\/2018\/06\/Camlock_SS316_type_C_50mm_D200SS-1.jpg","width":1000,"height":1000,"caption":"Camlock SS316 t\u00fc\u00fcp C 50mm D200S"},{"@type":"BreadcrumbList","@id":"https:\/\/www.camlock.org\/et\/toode\/c-roostevabast-camlock\/#breadcrumb","itemListElement":[{"@type":"ListItem","position":1,"name":"Home","item":"https:\/\/www.camlock.org\/et\/"},{"@type":"ListItem","position":2,"name":"Pood","item":"https:\/\/www.camlock.org\/et\/pood\/"},{"@type":"ListItem","position":3,"name":"T\u00fc\u00fcp C roostevabast terasest 316 Camlock Coupler &#8211; emasliitmik \u00d7 voolikuvars"}]},{"@type":"WebSite","@id":"https:\/\/www.camlock.org\/et\/?lang=et\/#website","url":"https:\/\/www.camlock.org\/et\/?lang=et\/","name":"Camlock Fittings, Cam-lock liitmikud m\u00fc\u00fck","description":"Camlock Fittings, Cam-lock liitmikud m\u00fc\u00fck","potentialAction":[{"@type":"SearchAction","target":{"@type":"EntryPoint","urlTemplate":"https:\/\/www.camlock.org\/et\/?lang=et\/?s={search_term_string}"},"query-input":{"@type":"PropertyValueSpecification","valueRequired":true,"valueName":"search_term_string"}}],"inLanguage":"et"}]}},"_links":{"self":[{"href":"https:\/\/www.camlock.org\/et\/wp-json\/wp\/v2\/product\/11523","targetHints":{"allow":["GET"]}}],"collection":[{"href":"https:\/\/www.camlock.org\/et\/wp-json\/wp\/v2\/product"}],"about":[{"href":"https:\/\/www.camlock.org\/et\/wp-json\/wp\/v2\/types\/product"}],"wp:featuredmedia":[{"embeddable":true,"href":"https:\/\/www.camlock.org\/et\/wp-json\/wp\/v2\/media\/12911"}],"wp:attachment":[{"href":"https:\/\/www.camlock.org\/et\/wp-json\/wp\/v2\/media?parent=11523"}],"wp:term":[{"taxonomy":"product_brand","embeddable":true,"href":"https:\/\/www.camlock.org\/et\/wp-json\/wp\/v2\/product_brand?post=11523"},{"taxonomy":"product_cat","embeddable":true,"href":"https:\/\/www.camlock.org\/et\/wp-json\/wp\/v2\/product_cat?post=11523"},{"taxonomy":"product_tag","embeddable":true,"href":"https:\/\/www.camlock.org\/et\/wp-json\/wp\/v2\/product_tag?post=11523"}],"curies":[{"name":"wp","href":"https:\/\/api.w.org\/{rel}","templated":true}]}}