{"id":11910,"date":"2018-06-03T18:09:03","date_gmt":"2018-06-03T15:09:24","guid":{"rendered":"https:\/\/www.camlock.org\/?post_type=product&#038;p=11910"},"modified":"2025-05-14T12:08:35","modified_gmt":"2025-05-14T09:08:35","slug":"a-roostevabast-camlock","status":"publish","type":"product","link":"https:\/\/www.camlock.org\/et\/toode\/a-roostevabast-camlock\/","title":{"rendered":"A-t\u00fc\u00fcpi roostevabast terasest 316 nukk\u00fchendusliitmik"},"content":{"rendered":"<p>Must Camlock adapter t\u00fc\u00fcp A &#8211; isasadapter \u00d7 BSP emas (v\u00f5imalik ka NPT), on sageli koos D, B, C ja DC t\u00fc\u00fcpi \u00fchendustega, et tagada ohutu kiire voolikute \u00fchendamine. Roostevabast terasest nokk- ja soomusliitmik parandab t\u00f6\u00f6 t\u00f5husust ja v\u00e4listab keeruliste keermete ja \u00e4\u00e4rikute kasutamise.  Isasosa soonega ots sobib mis tahes sama suurusega emasosa nukklukuga liitmikuga. S60x6 terasest emasl\u00fcli \u00fchendab teie 1000-liitrise IBC-paagi ventiili. Saab \u00fchendada vooliku paagiga ja vee otse paagist. Seda positsiooni saate tellida ka meie Euroopa veebipoest.   <\/p>\n","protected":false},"excerpt":{"rendered":"<p>Saab \u00fchendada vooliku paagiga ja vee otse paagist. Seda v\u00f5imalust saate tellida ka meie Euroopa veebipoest. <\/p>\n","protected":false},"featured_media":12800,"template":"","meta":[],"product_brand":[],"product_cat":[414],"product_tag":[415,127],"class_list":{"0":"post-11910","1":"product","2":"type-product","3":"status-publish","4":"has-post-thumbnail","6":"product_cat-camlock-roostevabast-liitmikud","7":"product_tag-roostevaba-teras","8":"product_tag-type-a-et","10":"first","11":"onbackorder","12":"taxable","13":"shipping-taxable","14":"purchasable","15":"product-type-variable"},"yoast_head":"<!-- This site is optimized with the Yoast SEO plugin v27.4 - https:\/\/yoast.com\/product\/yoast-seo-wordpress\/ -->\n<title>A-t\u00fc\u00fcpi roostevabast terasest 316 nukk\u00fchendusliitmik<\/title>\n<meta name=\"description\" content=\"A-t\u00fc\u00fcpi roostevabast terasest 316 Camlock - isasadapter \u00d7 BSP emas (v\u00f5imalik ka NPT), on sageli koos D-, B-, C- ja DC-t\u00fc\u00fcpi \u00fchendustega, et tagada ohutu kiire voolikute \u00fchendamine.\" \/>\n<meta name=\"robots\" content=\"index, follow, max-snippet:-1, max-image-preview:large, max-video-preview:-1\" \/>\n<link rel=\"canonical\" href=\"https:\/\/www.camlock.org\/et\/toode\/a-roostevabast-camlock\/\" \/>\n<meta property=\"og:locale\" content=\"et_EE\" \/>\n<meta property=\"og:type\" content=\"article\" \/>\n<meta property=\"og:title\" content=\"A-t\u00fc\u00fcpi roostevabast terasest 316 nukk\u00fchendusliitmik\" \/>\n<meta property=\"og:description\" content=\"A-t\u00fc\u00fcpi roostevabast terasest 316 Camlock - isasadapter \u00d7 BSP emas (v\u00f5imalik ka NPT), on sageli koos D-, B-, C- ja DC-t\u00fc\u00fcpi \u00fchendustega, et tagada ohutu kiire voolikute \u00fchendamine.\" \/>\n<meta property=\"og:url\" content=\"https:\/\/www.camlock.org\/et\/toode\/a-roostevabast-camlock\/\" \/>\n<meta property=\"og:site_name\" content=\"Camlock Fittings, Cam-lock liitmikud m\u00fc\u00fck\" \/>\n<meta property=\"article:modified_time\" content=\"2025-05-14T09:08:35+00:00\" \/>\n<meta property=\"og:image\" content=\"https:\/\/www.camlock.org\/wp-content\/uploads\/2018\/06\/Camlock_SS316_type_A_50mm_D200SS.jpg\" \/>\n\t<meta property=\"og:image:width\" content=\"1000\" \/>\n\t<meta property=\"og:image:height\" content=\"1000\" \/>\n\t<meta property=\"og:image:type\" content=\"image\/jpeg\" \/>\n<meta name=\"twitter:card\" content=\"summary_large_image\" \/>\n<script type=\"application\/ld+json\" class=\"yoast-schema-graph\">{\"@context\":\"https:\\\/\\\/schema.org\",\"@graph\":[{\"@type\":\"WebPage\",\"@id\":\"https:\\\/\\\/www.camlock.org\\\/et\\\/toode\\\/a-roostevabast-camlock\\\/\",\"url\":\"https:\\\/\\\/www.camlock.org\\\/et\\\/toode\\\/a-roostevabast-camlock\\\/\",\"name\":\"A-t\u00fc\u00fcpi roostevabast terasest 316 nukk\u00fchendusliitmik\",\"isPartOf\":{\"@id\":\"https:\\\/\\\/www.camlock.org\\\/et\\\/?lang=et\\\/#website\"},\"primaryImageOfPage\":{\"@id\":\"https:\\\/\\\/www.camlock.org\\\/et\\\/toode\\\/a-roostevabast-camlock\\\/#primaryimage\"},\"image\":{\"@id\":\"https:\\\/\\\/www.camlock.org\\\/et\\\/toode\\\/a-roostevabast-camlock\\\/#primaryimage\"},\"thumbnailUrl\":\"https:\\\/\\\/www.camlock.org\\\/wp-content\\\/uploads\\\/2018\\\/06\\\/Camlock_SS316_type_A_50mm_D200SS.jpg\",\"datePublished\":\"2018-06-03T15:09:24+00:00\",\"dateModified\":\"2025-05-14T09:08:35+00:00\",\"description\":\"A-t\u00fc\u00fcpi roostevabast terasest 316 Camlock - isasadapter \u00d7 BSP emas (v\u00f5imalik ka NPT), on sageli koos D-, B-, C- ja DC-t\u00fc\u00fcpi \u00fchendustega, et tagada ohutu kiire voolikute \u00fchendamine.\",\"breadcrumb\":{\"@id\":\"https:\\\/\\\/www.camlock.org\\\/et\\\/toode\\\/a-roostevabast-camlock\\\/#breadcrumb\"},\"inLanguage\":\"et\",\"potentialAction\":[{\"@type\":\"ReadAction\",\"target\":[\"https:\\\/\\\/www.camlock.org\\\/et\\\/toode\\\/a-roostevabast-camlock\\\/\"]}]},{\"@type\":\"ImageObject\",\"inLanguage\":\"et\",\"@id\":\"https:\\\/\\\/www.camlock.org\\\/et\\\/toode\\\/a-roostevabast-camlock\\\/#primaryimage\",\"url\":\"https:\\\/\\\/www.camlock.org\\\/wp-content\\\/uploads\\\/2018\\\/06\\\/Camlock_SS316_type_A_50mm_D200SS.jpg\",\"contentUrl\":\"https:\\\/\\\/www.camlock.org\\\/wp-content\\\/uploads\\\/2018\\\/06\\\/Camlock_SS316_type_A_50mm_D200SS.jpg\",\"width\":1000,\"height\":1000,\"caption\":\"Camlock SS316 t\u00fc\u00fcp A 50mm D200SS\"},{\"@type\":\"BreadcrumbList\",\"@id\":\"https:\\\/\\\/www.camlock.org\\\/et\\\/toode\\\/a-roostevabast-camlock\\\/#breadcrumb\",\"itemListElement\":[{\"@type\":\"ListItem\",\"position\":1,\"name\":\"Home\",\"item\":\"https:\\\/\\\/www.camlock.org\\\/et\\\/\"},{\"@type\":\"ListItem\",\"position\":2,\"name\":\"Pood\",\"item\":\"https:\\\/\\\/www.camlock.org\\\/et\\\/pood\\\/\"},{\"@type\":\"ListItem\",\"position\":3,\"name\":\"A-t\u00fc\u00fcpi roostevabast terasest 316 nukk\u00fchendusliitmik\"}]},{\"@type\":\"WebSite\",\"@id\":\"https:\\\/\\\/www.camlock.org\\\/et\\\/?lang=et\\\/#website\",\"url\":\"https:\\\/\\\/www.camlock.org\\\/et\\\/?lang=et\\\/\",\"name\":\"Camlock Fittings, Cam-lock liitmikud m\u00fc\u00fck\",\"description\":\"Camlock Fittings, Cam-lock liitmikud m\u00fc\u00fck\",\"potentialAction\":[{\"@type\":\"SearchAction\",\"target\":{\"@type\":\"EntryPoint\",\"urlTemplate\":\"https:\\\/\\\/www.camlock.org\\\/et\\\/?lang=et\\\/?s={search_term_string}\"},\"query-input\":{\"@type\":\"PropertyValueSpecification\",\"valueRequired\":true,\"valueName\":\"search_term_string\"}}],\"inLanguage\":\"et\"}]}<\/script>\n<!-- \/ Yoast SEO plugin. -->","yoast_head_json":{"title":"A-t\u00fc\u00fcpi roostevabast terasest 316 nukk\u00fchendusliitmik","description":"A-t\u00fc\u00fcpi roostevabast terasest 316 Camlock - isasadapter \u00d7 BSP emas (v\u00f5imalik ka NPT), on sageli koos D-, B-, C- ja DC-t\u00fc\u00fcpi \u00fchendustega, et tagada ohutu kiire voolikute \u00fchendamine.","robots":{"index":"index","follow":"follow","max-snippet":"max-snippet:-1","max-image-preview":"max-image-preview:large","max-video-preview":"max-video-preview:-1"},"canonical":"https:\/\/www.camlock.org\/et\/toode\/a-roostevabast-camlock\/","og_locale":"et_EE","og_type":"article","og_title":"A-t\u00fc\u00fcpi roostevabast terasest 316 nukk\u00fchendusliitmik","og_description":"A-t\u00fc\u00fcpi roostevabast terasest 316 Camlock - isasadapter \u00d7 BSP emas (v\u00f5imalik ka NPT), on sageli koos D-, B-, C- ja DC-t\u00fc\u00fcpi \u00fchendustega, et tagada ohutu kiire voolikute \u00fchendamine.","og_url":"https:\/\/www.camlock.org\/et\/toode\/a-roostevabast-camlock\/","og_site_name":"Camlock Fittings, Cam-lock liitmikud m\u00fc\u00fck","article_modified_time":"2025-05-14T09:08:35+00:00","og_image":[{"width":1000,"height":1000,"url":"https:\/\/www.camlock.org\/wp-content\/uploads\/2018\/06\/Camlock_SS316_type_A_50mm_D200SS.jpg","type":"image\/jpeg"}],"twitter_card":"summary_large_image","schema":{"@context":"https:\/\/schema.org","@graph":[{"@type":"WebPage","@id":"https:\/\/www.camlock.org\/et\/toode\/a-roostevabast-camlock\/","url":"https:\/\/www.camlock.org\/et\/toode\/a-roostevabast-camlock\/","name":"A-t\u00fc\u00fcpi roostevabast terasest 316 nukk\u00fchendusliitmik","isPartOf":{"@id":"https:\/\/www.camlock.org\/et\/?lang=et\/#website"},"primaryImageOfPage":{"@id":"https:\/\/www.camlock.org\/et\/toode\/a-roostevabast-camlock\/#primaryimage"},"image":{"@id":"https:\/\/www.camlock.org\/et\/toode\/a-roostevabast-camlock\/#primaryimage"},"thumbnailUrl":"https:\/\/www.camlock.org\/wp-content\/uploads\/2018\/06\/Camlock_SS316_type_A_50mm_D200SS.jpg","datePublished":"2018-06-03T15:09:24+00:00","dateModified":"2025-05-14T09:08:35+00:00","description":"A-t\u00fc\u00fcpi roostevabast terasest 316 Camlock - isasadapter \u00d7 BSP emas (v\u00f5imalik ka NPT), on sageli koos D-, B-, C- ja DC-t\u00fc\u00fcpi \u00fchendustega, et tagada ohutu kiire voolikute \u00fchendamine.","breadcrumb":{"@id":"https:\/\/www.camlock.org\/et\/toode\/a-roostevabast-camlock\/#breadcrumb"},"inLanguage":"et","potentialAction":[{"@type":"ReadAction","target":["https:\/\/www.camlock.org\/et\/toode\/a-roostevabast-camlock\/"]}]},{"@type":"ImageObject","inLanguage":"et","@id":"https:\/\/www.camlock.org\/et\/toode\/a-roostevabast-camlock\/#primaryimage","url":"https:\/\/www.camlock.org\/wp-content\/uploads\/2018\/06\/Camlock_SS316_type_A_50mm_D200SS.jpg","contentUrl":"https:\/\/www.camlock.org\/wp-content\/uploads\/2018\/06\/Camlock_SS316_type_A_50mm_D200SS.jpg","width":1000,"height":1000,"caption":"Camlock SS316 t\u00fc\u00fcp A 50mm D200SS"},{"@type":"BreadcrumbList","@id":"https:\/\/www.camlock.org\/et\/toode\/a-roostevabast-camlock\/#breadcrumb","itemListElement":[{"@type":"ListItem","position":1,"name":"Home","item":"https:\/\/www.camlock.org\/et\/"},{"@type":"ListItem","position":2,"name":"Pood","item":"https:\/\/www.camlock.org\/et\/pood\/"},{"@type":"ListItem","position":3,"name":"A-t\u00fc\u00fcpi roostevabast terasest 316 nukk\u00fchendusliitmik"}]},{"@type":"WebSite","@id":"https:\/\/www.camlock.org\/et\/?lang=et\/#website","url":"https:\/\/www.camlock.org\/et\/?lang=et\/","name":"Camlock Fittings, Cam-lock liitmikud m\u00fc\u00fck","description":"Camlock Fittings, Cam-lock liitmikud m\u00fc\u00fck","potentialAction":[{"@type":"SearchAction","target":{"@type":"EntryPoint","urlTemplate":"https:\/\/www.camlock.org\/et\/?lang=et\/?s={search_term_string}"},"query-input":{"@type":"PropertyValueSpecification","valueRequired":true,"valueName":"search_term_string"}}],"inLanguage":"et"}]}},"_links":{"self":[{"href":"https:\/\/www.camlock.org\/et\/wp-json\/wp\/v2\/product\/11910","targetHints":{"allow":["GET"]}}],"collection":[{"href":"https:\/\/www.camlock.org\/et\/wp-json\/wp\/v2\/product"}],"about":[{"href":"https:\/\/www.camlock.org\/et\/wp-json\/wp\/v2\/types\/product"}],"wp:featuredmedia":[{"embeddable":true,"href":"https:\/\/www.camlock.org\/et\/wp-json\/wp\/v2\/media\/12800"}],"wp:attachment":[{"href":"https:\/\/www.camlock.org\/et\/wp-json\/wp\/v2\/media?parent=11910"}],"wp:term":[{"taxonomy":"product_brand","embeddable":true,"href":"https:\/\/www.camlock.org\/et\/wp-json\/wp\/v2\/product_brand?post=11910"},{"taxonomy":"product_cat","embeddable":true,"href":"https:\/\/www.camlock.org\/et\/wp-json\/wp\/v2\/product_cat?post=11910"},{"taxonomy":"product_tag","embeddable":true,"href":"https:\/\/www.camlock.org\/et\/wp-json\/wp\/v2\/product_tag?post=11910"}],"curies":[{"name":"wp","href":"https:\/\/api.w.org\/{rel}","templated":true}]}}