{"id":13516,"date":"2019-12-04T01:18:48","date_gmt":"2019-12-03T22:18:48","guid":{"rendered":"https:\/\/www.camlock.org\/product\/e-roostevabast-camlock\/"},"modified":"2025-05-12T15:53:35","modified_gmt":"2025-05-12T12:53:35","slug":"e-roostevabast-camlock","status":"publish","type":"product","link":"https:\/\/www.camlock.org\/et\/toode\/e-roostevabast-camlock\/","title":{"rendered":"E-t\u00fc\u00fcpi roostevabast terasest 316 Camlock Coupler &#8211; v\u00e4lis\u00fchendus \u00d7 voolikuvars"},"content":{"rendered":"<p>E-t\u00fc\u00fcpi roostevabast terasest 316 liitmik t\u00e4hendab isasadapterit voolikuotsaga &#8211; E-t\u00fc\u00fcpi nukklukul on \u00fches otsas isasnokklukk ja teises otsas isasvoolikuots. Isaspoolne nukkluku ots v\u00f5tab vastu mis tahes naissoost nukklukuadapterit ja voolikuots sisestatakse mis tahes sobiva suurusega vooliku sisse ja kinnitatakse raskeveokast roostevabast terasest poltklambriga. <\/p>\n","protected":false},"excerpt":{"rendered":"<p>Nimmelukk\u00fchendus BSP-keermega &#8211; D-t\u00fc\u00fcpi nukklukkudel on nukkluku sisemine ots ja sama suurusega BSP-keermega sisemine keermestus. Nukleaarne camlocki ots sobib mis tahes sama suurusega isas-camlocki liitmikuga. D-t\u00fc\u00fcpi mustad nukklukkmuhvid kasutatakse sageli koos A-t\u00fc\u00fcpi adapteritega ning m\u00f5nikord ka koos sama suurusega E ja F-t\u00fc\u00fcpi ning DP-t\u00fc\u00fcpi (tolmupistik) pistikutega. PP-muhvid on varustatud roostevabast terasest k\u00e4epidemete, r\u00f5ngaste ja tihvtidega, et pikendada nende eeldatavat kasutusiga.<\/p>\n","protected":false},"featured_media":12970,"template":"","meta":[],"product_brand":[],"product_cat":[414],"product_tag":[415,269],"class_list":{"0":"post-13516","1":"product","2":"type-product","3":"status-publish","4":"has-post-thumbnail","6":"product_cat-camlock-roostevabast-liitmikud","7":"product_tag-roostevaba-teras","8":"product_tag-type-e-et","10":"first","11":"onbackorder","12":"taxable","13":"shipping-taxable","14":"purchasable","15":"product-type-variable"},"yoast_head":"<!-- This site is optimized with the Yoast SEO plugin v27.4 - https:\/\/yoast.com\/product\/yoast-seo-wordpress\/ -->\n<title>E-t\u00fc\u00fcpi roostevabast terasest 316 Camlock Coupler - v\u00e4lis\u00fchendus \u00d7 voolikuvars<\/title>\n<meta name=\"description\" content=\"E-t\u00fc\u00fcpi roostevabast terasest 316 liitmik t\u00e4hendab isasadapterit voolikuotsaga - E-t\u00fc\u00fcpi nukklukul on \u00fches otsas isane nukklukk ja teises otsas isane voolikuots.\" \/>\n<meta name=\"robots\" content=\"index, follow, max-snippet:-1, max-image-preview:large, max-video-preview:-1\" \/>\n<link rel=\"canonical\" href=\"https:\/\/www.camlock.org\/et\/toode\/e-roostevabast-camlock\/\" \/>\n<meta property=\"og:locale\" content=\"et_EE\" \/>\n<meta property=\"og:type\" content=\"article\" \/>\n<meta property=\"og:title\" content=\"E-t\u00fc\u00fcpi roostevabast terasest 316 Camlock Coupler - v\u00e4lis\u00fchendus \u00d7 voolikuvars\" \/>\n<meta property=\"og:description\" content=\"E-t\u00fc\u00fcpi roostevabast terasest 316 liitmik t\u00e4hendab isasadapterit voolikuotsaga - E-t\u00fc\u00fcpi nukklukul on \u00fches otsas isane nukklukk ja teises otsas isane voolikuots.\" \/>\n<meta property=\"og:url\" content=\"https:\/\/www.camlock.org\/et\/toode\/e-roostevabast-camlock\/\" \/>\n<meta property=\"og:site_name\" content=\"Camlock Fittings, Cam-lock liitmikud m\u00fc\u00fck\" \/>\n<meta property=\"article:modified_time\" content=\"2025-05-12T12:53:35+00:00\" \/>\n<meta property=\"og:image\" content=\"https:\/\/www.camlock.org\/wp-content\/uploads\/2019\/12\/Camlock_SS316_type_E_50mm_D200SS.jpg\" \/>\n\t<meta property=\"og:image:width\" content=\"1000\" \/>\n\t<meta property=\"og:image:height\" content=\"1000\" \/>\n\t<meta property=\"og:image:type\" content=\"image\/jpeg\" \/>\n<meta name=\"twitter:card\" content=\"summary_large_image\" \/>\n<script type=\"application\/ld+json\" class=\"yoast-schema-graph\">{\"@context\":\"https:\\\/\\\/schema.org\",\"@graph\":[{\"@type\":\"WebPage\",\"@id\":\"https:\\\/\\\/www.camlock.org\\\/et\\\/toode\\\/e-roostevabast-camlock\\\/\",\"url\":\"https:\\\/\\\/www.camlock.org\\\/et\\\/toode\\\/e-roostevabast-camlock\\\/\",\"name\":\"E-t\u00fc\u00fcpi roostevabast terasest 316 Camlock Coupler - v\u00e4lis\u00fchendus \u00d7 voolikuvars\",\"isPartOf\":{\"@id\":\"https:\\\/\\\/www.camlock.org\\\/et\\\/?lang=et\\\/#website\"},\"primaryImageOfPage\":{\"@id\":\"https:\\\/\\\/www.camlock.org\\\/et\\\/toode\\\/e-roostevabast-camlock\\\/#primaryimage\"},\"image\":{\"@id\":\"https:\\\/\\\/www.camlock.org\\\/et\\\/toode\\\/e-roostevabast-camlock\\\/#primaryimage\"},\"thumbnailUrl\":\"https:\\\/\\\/www.camlock.org\\\/wp-content\\\/uploads\\\/2019\\\/12\\\/Camlock_SS316_type_E_50mm_D200SS.jpg\",\"datePublished\":\"2019-12-03T22:18:48+00:00\",\"dateModified\":\"2025-05-12T12:53:35+00:00\",\"description\":\"E-t\u00fc\u00fcpi roostevabast terasest 316 liitmik t\u00e4hendab isasadapterit voolikuotsaga - E-t\u00fc\u00fcpi nukklukul on \u00fches otsas isane nukklukk ja teises otsas isane voolikuots.\",\"breadcrumb\":{\"@id\":\"https:\\\/\\\/www.camlock.org\\\/et\\\/toode\\\/e-roostevabast-camlock\\\/#breadcrumb\"},\"inLanguage\":\"et\",\"potentialAction\":[{\"@type\":\"ReadAction\",\"target\":[\"https:\\\/\\\/www.camlock.org\\\/et\\\/toode\\\/e-roostevabast-camlock\\\/\"]}]},{\"@type\":\"ImageObject\",\"inLanguage\":\"et\",\"@id\":\"https:\\\/\\\/www.camlock.org\\\/et\\\/toode\\\/e-roostevabast-camlock\\\/#primaryimage\",\"url\":\"https:\\\/\\\/www.camlock.org\\\/wp-content\\\/uploads\\\/2019\\\/12\\\/Camlock_SS316_type_E_50mm_D200SS.jpg\",\"contentUrl\":\"https:\\\/\\\/www.camlock.org\\\/wp-content\\\/uploads\\\/2019\\\/12\\\/Camlock_SS316_type_E_50mm_D200SS.jpg\",\"width\":1000,\"height\":1000,\"caption\":\"E-t\u00fc\u00fcpi roostevabast Camlock 50mm D200SS\"},{\"@type\":\"BreadcrumbList\",\"@id\":\"https:\\\/\\\/www.camlock.org\\\/et\\\/toode\\\/e-roostevabast-camlock\\\/#breadcrumb\",\"itemListElement\":[{\"@type\":\"ListItem\",\"position\":1,\"name\":\"Home\",\"item\":\"https:\\\/\\\/www.camlock.org\\\/et\\\/\"},{\"@type\":\"ListItem\",\"position\":2,\"name\":\"Pood\",\"item\":\"https:\\\/\\\/www.camlock.org\\\/et\\\/pood\\\/\"},{\"@type\":\"ListItem\",\"position\":3,\"name\":\"E-t\u00fc\u00fcpi roostevabast terasest 316 Camlock Coupler &#8211; v\u00e4lis\u00fchendus \u00d7 voolikuvars\"}]},{\"@type\":\"WebSite\",\"@id\":\"https:\\\/\\\/www.camlock.org\\\/et\\\/?lang=et\\\/#website\",\"url\":\"https:\\\/\\\/www.camlock.org\\\/et\\\/?lang=et\\\/\",\"name\":\"Camlock Fittings, Cam-lock liitmikud m\u00fc\u00fck\",\"description\":\"Camlock Fittings, Cam-lock liitmikud m\u00fc\u00fck\",\"potentialAction\":[{\"@type\":\"SearchAction\",\"target\":{\"@type\":\"EntryPoint\",\"urlTemplate\":\"https:\\\/\\\/www.camlock.org\\\/et\\\/?lang=et\\\/?s={search_term_string}\"},\"query-input\":{\"@type\":\"PropertyValueSpecification\",\"valueRequired\":true,\"valueName\":\"search_term_string\"}}],\"inLanguage\":\"et\"}]}<\/script>\n<!-- \/ Yoast SEO plugin. -->","yoast_head_json":{"title":"E-t\u00fc\u00fcpi roostevabast terasest 316 Camlock Coupler - v\u00e4lis\u00fchendus \u00d7 voolikuvars","description":"E-t\u00fc\u00fcpi roostevabast terasest 316 liitmik t\u00e4hendab isasadapterit voolikuotsaga - E-t\u00fc\u00fcpi nukklukul on \u00fches otsas isane nukklukk ja teises otsas isane voolikuots.","robots":{"index":"index","follow":"follow","max-snippet":"max-snippet:-1","max-image-preview":"max-image-preview:large","max-video-preview":"max-video-preview:-1"},"canonical":"https:\/\/www.camlock.org\/et\/toode\/e-roostevabast-camlock\/","og_locale":"et_EE","og_type":"article","og_title":"E-t\u00fc\u00fcpi roostevabast terasest 316 Camlock Coupler - v\u00e4lis\u00fchendus \u00d7 voolikuvars","og_description":"E-t\u00fc\u00fcpi roostevabast terasest 316 liitmik t\u00e4hendab isasadapterit voolikuotsaga - E-t\u00fc\u00fcpi nukklukul on \u00fches otsas isane nukklukk ja teises otsas isane voolikuots.","og_url":"https:\/\/www.camlock.org\/et\/toode\/e-roostevabast-camlock\/","og_site_name":"Camlock Fittings, Cam-lock liitmikud m\u00fc\u00fck","article_modified_time":"2025-05-12T12:53:35+00:00","og_image":[{"width":1000,"height":1000,"url":"https:\/\/www.camlock.org\/wp-content\/uploads\/2019\/12\/Camlock_SS316_type_E_50mm_D200SS.jpg","type":"image\/jpeg"}],"twitter_card":"summary_large_image","schema":{"@context":"https:\/\/schema.org","@graph":[{"@type":"WebPage","@id":"https:\/\/www.camlock.org\/et\/toode\/e-roostevabast-camlock\/","url":"https:\/\/www.camlock.org\/et\/toode\/e-roostevabast-camlock\/","name":"E-t\u00fc\u00fcpi roostevabast terasest 316 Camlock Coupler - v\u00e4lis\u00fchendus \u00d7 voolikuvars","isPartOf":{"@id":"https:\/\/www.camlock.org\/et\/?lang=et\/#website"},"primaryImageOfPage":{"@id":"https:\/\/www.camlock.org\/et\/toode\/e-roostevabast-camlock\/#primaryimage"},"image":{"@id":"https:\/\/www.camlock.org\/et\/toode\/e-roostevabast-camlock\/#primaryimage"},"thumbnailUrl":"https:\/\/www.camlock.org\/wp-content\/uploads\/2019\/12\/Camlock_SS316_type_E_50mm_D200SS.jpg","datePublished":"2019-12-03T22:18:48+00:00","dateModified":"2025-05-12T12:53:35+00:00","description":"E-t\u00fc\u00fcpi roostevabast terasest 316 liitmik t\u00e4hendab isasadapterit voolikuotsaga - E-t\u00fc\u00fcpi nukklukul on \u00fches otsas isane nukklukk ja teises otsas isane voolikuots.","breadcrumb":{"@id":"https:\/\/www.camlock.org\/et\/toode\/e-roostevabast-camlock\/#breadcrumb"},"inLanguage":"et","potentialAction":[{"@type":"ReadAction","target":["https:\/\/www.camlock.org\/et\/toode\/e-roostevabast-camlock\/"]}]},{"@type":"ImageObject","inLanguage":"et","@id":"https:\/\/www.camlock.org\/et\/toode\/e-roostevabast-camlock\/#primaryimage","url":"https:\/\/www.camlock.org\/wp-content\/uploads\/2019\/12\/Camlock_SS316_type_E_50mm_D200SS.jpg","contentUrl":"https:\/\/www.camlock.org\/wp-content\/uploads\/2019\/12\/Camlock_SS316_type_E_50mm_D200SS.jpg","width":1000,"height":1000,"caption":"E-t\u00fc\u00fcpi roostevabast Camlock 50mm D200SS"},{"@type":"BreadcrumbList","@id":"https:\/\/www.camlock.org\/et\/toode\/e-roostevabast-camlock\/#breadcrumb","itemListElement":[{"@type":"ListItem","position":1,"name":"Home","item":"https:\/\/www.camlock.org\/et\/"},{"@type":"ListItem","position":2,"name":"Pood","item":"https:\/\/www.camlock.org\/et\/pood\/"},{"@type":"ListItem","position":3,"name":"E-t\u00fc\u00fcpi roostevabast terasest 316 Camlock Coupler &#8211; v\u00e4lis\u00fchendus \u00d7 voolikuvars"}]},{"@type":"WebSite","@id":"https:\/\/www.camlock.org\/et\/?lang=et\/#website","url":"https:\/\/www.camlock.org\/et\/?lang=et\/","name":"Camlock Fittings, Cam-lock liitmikud m\u00fc\u00fck","description":"Camlock Fittings, Cam-lock liitmikud m\u00fc\u00fck","potentialAction":[{"@type":"SearchAction","target":{"@type":"EntryPoint","urlTemplate":"https:\/\/www.camlock.org\/et\/?lang=et\/?s={search_term_string}"},"query-input":{"@type":"PropertyValueSpecification","valueRequired":true,"valueName":"search_term_string"}}],"inLanguage":"et"}]}},"_links":{"self":[{"href":"https:\/\/www.camlock.org\/et\/wp-json\/wp\/v2\/product\/13516","targetHints":{"allow":["GET"]}}],"collection":[{"href":"https:\/\/www.camlock.org\/et\/wp-json\/wp\/v2\/product"}],"about":[{"href":"https:\/\/www.camlock.org\/et\/wp-json\/wp\/v2\/types\/product"}],"wp:featuredmedia":[{"embeddable":true,"href":"https:\/\/www.camlock.org\/et\/wp-json\/wp\/v2\/media\/12970"}],"wp:attachment":[{"href":"https:\/\/www.camlock.org\/et\/wp-json\/wp\/v2\/media?parent=13516"}],"wp:term":[{"taxonomy":"product_brand","embeddable":true,"href":"https:\/\/www.camlock.org\/et\/wp-json\/wp\/v2\/product_brand?post=13516"},{"taxonomy":"product_cat","embeddable":true,"href":"https:\/\/www.camlock.org\/et\/wp-json\/wp\/v2\/product_cat?post=13516"},{"taxonomy":"product_tag","embeddable":true,"href":"https:\/\/www.camlock.org\/et\/wp-json\/wp\/v2\/product_tag?post=13516"}],"curies":[{"name":"wp","href":"https:\/\/api.w.org\/{rel}","templated":true}]}}