{"id":13528,"date":"2019-12-04T01:42:06","date_gmt":"2019-12-03T22:42:06","guid":{"rendered":"https:\/\/www.camlock.org\/product\/f-roostevabast-camlock\/"},"modified":"2025-05-12T15:25:54","modified_gmt":"2025-05-12T12:25:54","slug":"f-roostevabast-camlock","status":"publish","type":"product","link":"https:\/\/www.camlock.org\/et\/toode\/f-roostevabast-camlock\/","title":{"rendered":"F-t\u00fc\u00fcpi roostevabast terasest 316 Camlock Coupler &#8211; v\u00e4lis\u00fchendus x BSP v\u00e4liskeermega"},"content":{"rendered":"<p>F-t\u00fc\u00fcpi roostevabast terasest 316 Camlock-muhve kasutatakse sageli tulet\u00f5rjepumpades v\u00f5i IBC-pumpades v\u00f5i rakendustes, kus on vaja kiir\u00fchendust \/ -l\u00fclitust. Vooliku kiir\u00fchendus s\u00e4\u00e4stab palju rohkem aega kui keermete v\u00f5i \u00e4\u00e4rik\u00fchenduste kinnitamine. <\/p>\n","protected":false},"excerpt":{"rendered":"<p>Roostevabast terasest 316 Camlock adapter t\u00fc\u00fcp F &#8211; on soonega v\u00e4lisadapter ja sama suurusega BSP\/NPT v\u00e4liskeermega. F-t\u00fc\u00fcpi kasutatakse sageli koos C-, B-, D- ja DC-t\u00fc\u00fcpi \u00fchendustega. <\/p>\n","protected":false},"featured_media":13019,"template":"","meta":[],"product_brand":[],"product_cat":[414],"product_tag":[415,270],"class_list":{"0":"post-13528","1":"product","2":"type-product","3":"status-publish","4":"has-post-thumbnail","6":"product_cat-camlock-roostevabast-liitmikud","7":"product_tag-roostevaba-teras","8":"product_tag-type-f-et","10":"first","11":"onbackorder","12":"taxable","13":"shipping-taxable","14":"purchasable","15":"product-type-variable"},"yoast_head":"<!-- This site is optimized with the Yoast SEO plugin v27.4 - https:\/\/yoast.com\/product\/yoast-seo-wordpress\/ -->\n<title>F-t\u00fc\u00fcpi roostevabast terasest 316 nukk\u00fchendusliitmik<\/title>\n<meta name=\"description\" content=\"F-t\u00fc\u00fcpi roostevabast terasest 316 Camlock-muhve kasutatakse sageli tulet\u00f5rjepumpades v\u00f5i IBC-pumpades v\u00f5i rakendustes, kus on vaja kiir\u00fchendust \/ -l\u00fclitust. Vooliku kiir\u00fchendus s\u00e4\u00e4stab palju rohkem aega kui keermete v\u00f5i \u00e4\u00e4rik\u00fchenduste kinnitamine.\" \/>\n<meta name=\"robots\" content=\"index, follow, max-snippet:-1, max-image-preview:large, max-video-preview:-1\" \/>\n<link rel=\"canonical\" href=\"https:\/\/www.camlock.org\/et\/toode\/f-roostevabast-camlock\/\" \/>\n<meta property=\"og:locale\" content=\"et_EE\" \/>\n<meta property=\"og:type\" content=\"article\" \/>\n<meta property=\"og:title\" content=\"F-t\u00fc\u00fcpi roostevabast terasest 316 nukk\u00fchendusliitmik\" \/>\n<meta property=\"og:description\" content=\"F-t\u00fc\u00fcpi roostevabast terasest 316 Camlock-muhve kasutatakse sageli tulet\u00f5rjepumpades v\u00f5i IBC-pumpades v\u00f5i rakendustes, kus on vaja kiir\u00fchendust \/ -l\u00fclitust. Vooliku kiir\u00fchendus s\u00e4\u00e4stab palju rohkem aega kui keermete v\u00f5i \u00e4\u00e4rik\u00fchenduste kinnitamine.\" \/>\n<meta property=\"og:url\" content=\"https:\/\/www.camlock.org\/et\/toode\/f-roostevabast-camlock\/\" \/>\n<meta property=\"og:site_name\" content=\"Camlock Fittings, Cam-lock liitmikud m\u00fc\u00fck\" \/>\n<meta property=\"article:modified_time\" content=\"2025-05-12T12:25:54+00:00\" \/>\n<meta property=\"og:image\" content=\"https:\/\/www.camlock.org\/wp-content\/uploads\/2019\/12\/Camlock_SS316_type_F_50mm_D200SS.jpg\" \/>\n\t<meta property=\"og:image:width\" content=\"1000\" \/>\n\t<meta property=\"og:image:height\" content=\"1000\" \/>\n\t<meta property=\"og:image:type\" content=\"image\/jpeg\" \/>\n<meta name=\"twitter:card\" content=\"summary_large_image\" \/>\n<script type=\"application\/ld+json\" class=\"yoast-schema-graph\">{\"@context\":\"https:\\\/\\\/schema.org\",\"@graph\":[{\"@type\":\"WebPage\",\"@id\":\"https:\\\/\\\/www.camlock.org\\\/et\\\/toode\\\/f-roostevabast-camlock\\\/\",\"url\":\"https:\\\/\\\/www.camlock.org\\\/et\\\/toode\\\/f-roostevabast-camlock\\\/\",\"name\":\"F-t\u00fc\u00fcpi roostevabast terasest 316 nukk\u00fchendusliitmik\",\"isPartOf\":{\"@id\":\"https:\\\/\\\/www.camlock.org\\\/et\\\/?lang=et\\\/#website\"},\"primaryImageOfPage\":{\"@id\":\"https:\\\/\\\/www.camlock.org\\\/et\\\/toode\\\/f-roostevabast-camlock\\\/#primaryimage\"},\"image\":{\"@id\":\"https:\\\/\\\/www.camlock.org\\\/et\\\/toode\\\/f-roostevabast-camlock\\\/#primaryimage\"},\"thumbnailUrl\":\"https:\\\/\\\/www.camlock.org\\\/wp-content\\\/uploads\\\/2019\\\/12\\\/Camlock_SS316_type_F_50mm_D200SS.jpg\",\"datePublished\":\"2019-12-03T22:42:06+00:00\",\"dateModified\":\"2025-05-12T12:25:54+00:00\",\"description\":\"F-t\u00fc\u00fcpi roostevabast terasest 316 Camlock-muhve kasutatakse sageli tulet\u00f5rjepumpades v\u00f5i IBC-pumpades v\u00f5i rakendustes, kus on vaja kiir\u00fchendust \\\/ -l\u00fclitust. Vooliku kiir\u00fchendus s\u00e4\u00e4stab palju rohkem aega kui keermete v\u00f5i \u00e4\u00e4rik\u00fchenduste kinnitamine.\",\"breadcrumb\":{\"@id\":\"https:\\\/\\\/www.camlock.org\\\/et\\\/toode\\\/f-roostevabast-camlock\\\/#breadcrumb\"},\"inLanguage\":\"et\",\"potentialAction\":[{\"@type\":\"ReadAction\",\"target\":[\"https:\\\/\\\/www.camlock.org\\\/et\\\/toode\\\/f-roostevabast-camlock\\\/\"]}]},{\"@type\":\"ImageObject\",\"inLanguage\":\"et\",\"@id\":\"https:\\\/\\\/www.camlock.org\\\/et\\\/toode\\\/f-roostevabast-camlock\\\/#primaryimage\",\"url\":\"https:\\\/\\\/www.camlock.org\\\/wp-content\\\/uploads\\\/2019\\\/12\\\/Camlock_SS316_type_F_50mm_D200SS.jpg\",\"contentUrl\":\"https:\\\/\\\/www.camlock.org\\\/wp-content\\\/uploads\\\/2019\\\/12\\\/Camlock_SS316_type_F_50mm_D200SS.jpg\",\"width\":1000,\"height\":1000,\"caption\":\"Camlock SS316 type F 50mm D200SS\"},{\"@type\":\"BreadcrumbList\",\"@id\":\"https:\\\/\\\/www.camlock.org\\\/et\\\/toode\\\/f-roostevabast-camlock\\\/#breadcrumb\",\"itemListElement\":[{\"@type\":\"ListItem\",\"position\":1,\"name\":\"Home\",\"item\":\"https:\\\/\\\/www.camlock.org\\\/et\\\/\"},{\"@type\":\"ListItem\",\"position\":2,\"name\":\"Pood\",\"item\":\"https:\\\/\\\/www.camlock.org\\\/et\\\/pood\\\/\"},{\"@type\":\"ListItem\",\"position\":3,\"name\":\"F-t\u00fc\u00fcpi roostevabast terasest 316 Camlock Coupler &#8211; v\u00e4lis\u00fchendus x BSP v\u00e4liskeermega\"}]},{\"@type\":\"WebSite\",\"@id\":\"https:\\\/\\\/www.camlock.org\\\/et\\\/?lang=et\\\/#website\",\"url\":\"https:\\\/\\\/www.camlock.org\\\/et\\\/?lang=et\\\/\",\"name\":\"Camlock Fittings, Cam-lock liitmikud m\u00fc\u00fck\",\"description\":\"Camlock Fittings, Cam-lock liitmikud m\u00fc\u00fck\",\"potentialAction\":[{\"@type\":\"SearchAction\",\"target\":{\"@type\":\"EntryPoint\",\"urlTemplate\":\"https:\\\/\\\/www.camlock.org\\\/et\\\/?lang=et\\\/?s={search_term_string}\"},\"query-input\":{\"@type\":\"PropertyValueSpecification\",\"valueRequired\":true,\"valueName\":\"search_term_string\"}}],\"inLanguage\":\"et\"}]}<\/script>\n<!-- \/ Yoast SEO plugin. -->","yoast_head_json":{"title":"F-t\u00fc\u00fcpi roostevabast terasest 316 nukk\u00fchendusliitmik","description":"F-t\u00fc\u00fcpi roostevabast terasest 316 Camlock-muhve kasutatakse sageli tulet\u00f5rjepumpades v\u00f5i IBC-pumpades v\u00f5i rakendustes, kus on vaja kiir\u00fchendust \/ -l\u00fclitust. Vooliku kiir\u00fchendus s\u00e4\u00e4stab palju rohkem aega kui keermete v\u00f5i \u00e4\u00e4rik\u00fchenduste kinnitamine.","robots":{"index":"index","follow":"follow","max-snippet":"max-snippet:-1","max-image-preview":"max-image-preview:large","max-video-preview":"max-video-preview:-1"},"canonical":"https:\/\/www.camlock.org\/et\/toode\/f-roostevabast-camlock\/","og_locale":"et_EE","og_type":"article","og_title":"F-t\u00fc\u00fcpi roostevabast terasest 316 nukk\u00fchendusliitmik","og_description":"F-t\u00fc\u00fcpi roostevabast terasest 316 Camlock-muhve kasutatakse sageli tulet\u00f5rjepumpades v\u00f5i IBC-pumpades v\u00f5i rakendustes, kus on vaja kiir\u00fchendust \/ -l\u00fclitust. Vooliku kiir\u00fchendus s\u00e4\u00e4stab palju rohkem aega kui keermete v\u00f5i \u00e4\u00e4rik\u00fchenduste kinnitamine.","og_url":"https:\/\/www.camlock.org\/et\/toode\/f-roostevabast-camlock\/","og_site_name":"Camlock Fittings, Cam-lock liitmikud m\u00fc\u00fck","article_modified_time":"2025-05-12T12:25:54+00:00","og_image":[{"width":1000,"height":1000,"url":"https:\/\/www.camlock.org\/wp-content\/uploads\/2019\/12\/Camlock_SS316_type_F_50mm_D200SS.jpg","type":"image\/jpeg"}],"twitter_card":"summary_large_image","schema":{"@context":"https:\/\/schema.org","@graph":[{"@type":"WebPage","@id":"https:\/\/www.camlock.org\/et\/toode\/f-roostevabast-camlock\/","url":"https:\/\/www.camlock.org\/et\/toode\/f-roostevabast-camlock\/","name":"F-t\u00fc\u00fcpi roostevabast terasest 316 nukk\u00fchendusliitmik","isPartOf":{"@id":"https:\/\/www.camlock.org\/et\/?lang=et\/#website"},"primaryImageOfPage":{"@id":"https:\/\/www.camlock.org\/et\/toode\/f-roostevabast-camlock\/#primaryimage"},"image":{"@id":"https:\/\/www.camlock.org\/et\/toode\/f-roostevabast-camlock\/#primaryimage"},"thumbnailUrl":"https:\/\/www.camlock.org\/wp-content\/uploads\/2019\/12\/Camlock_SS316_type_F_50mm_D200SS.jpg","datePublished":"2019-12-03T22:42:06+00:00","dateModified":"2025-05-12T12:25:54+00:00","description":"F-t\u00fc\u00fcpi roostevabast terasest 316 Camlock-muhve kasutatakse sageli tulet\u00f5rjepumpades v\u00f5i IBC-pumpades v\u00f5i rakendustes, kus on vaja kiir\u00fchendust \/ -l\u00fclitust. Vooliku kiir\u00fchendus s\u00e4\u00e4stab palju rohkem aega kui keermete v\u00f5i \u00e4\u00e4rik\u00fchenduste kinnitamine.","breadcrumb":{"@id":"https:\/\/www.camlock.org\/et\/toode\/f-roostevabast-camlock\/#breadcrumb"},"inLanguage":"et","potentialAction":[{"@type":"ReadAction","target":["https:\/\/www.camlock.org\/et\/toode\/f-roostevabast-camlock\/"]}]},{"@type":"ImageObject","inLanguage":"et","@id":"https:\/\/www.camlock.org\/et\/toode\/f-roostevabast-camlock\/#primaryimage","url":"https:\/\/www.camlock.org\/wp-content\/uploads\/2019\/12\/Camlock_SS316_type_F_50mm_D200SS.jpg","contentUrl":"https:\/\/www.camlock.org\/wp-content\/uploads\/2019\/12\/Camlock_SS316_type_F_50mm_D200SS.jpg","width":1000,"height":1000,"caption":"Camlock SS316 type F 50mm D200SS"},{"@type":"BreadcrumbList","@id":"https:\/\/www.camlock.org\/et\/toode\/f-roostevabast-camlock\/#breadcrumb","itemListElement":[{"@type":"ListItem","position":1,"name":"Home","item":"https:\/\/www.camlock.org\/et\/"},{"@type":"ListItem","position":2,"name":"Pood","item":"https:\/\/www.camlock.org\/et\/pood\/"},{"@type":"ListItem","position":3,"name":"F-t\u00fc\u00fcpi roostevabast terasest 316 Camlock Coupler &#8211; v\u00e4lis\u00fchendus x BSP v\u00e4liskeermega"}]},{"@type":"WebSite","@id":"https:\/\/www.camlock.org\/et\/?lang=et\/#website","url":"https:\/\/www.camlock.org\/et\/?lang=et\/","name":"Camlock Fittings, Cam-lock liitmikud m\u00fc\u00fck","description":"Camlock Fittings, Cam-lock liitmikud m\u00fc\u00fck","potentialAction":[{"@type":"SearchAction","target":{"@type":"EntryPoint","urlTemplate":"https:\/\/www.camlock.org\/et\/?lang=et\/?s={search_term_string}"},"query-input":{"@type":"PropertyValueSpecification","valueRequired":true,"valueName":"search_term_string"}}],"inLanguage":"et"}]}},"_links":{"self":[{"href":"https:\/\/www.camlock.org\/et\/wp-json\/wp\/v2\/product\/13528","targetHints":{"allow":["GET"]}}],"collection":[{"href":"https:\/\/www.camlock.org\/et\/wp-json\/wp\/v2\/product"}],"about":[{"href":"https:\/\/www.camlock.org\/et\/wp-json\/wp\/v2\/types\/product"}],"wp:featuredmedia":[{"embeddable":true,"href":"https:\/\/www.camlock.org\/et\/wp-json\/wp\/v2\/media\/13019"}],"wp:attachment":[{"href":"https:\/\/www.camlock.org\/et\/wp-json\/wp\/v2\/media?parent=13528"}],"wp:term":[{"taxonomy":"product_brand","embeddable":true,"href":"https:\/\/www.camlock.org\/et\/wp-json\/wp\/v2\/product_brand?post=13528"},{"taxonomy":"product_cat","embeddable":true,"href":"https:\/\/www.camlock.org\/et\/wp-json\/wp\/v2\/product_cat?post=13528"},{"taxonomy":"product_tag","embeddable":true,"href":"https:\/\/www.camlock.org\/et\/wp-json\/wp\/v2\/product_tag?post=13528"}],"curies":[{"name":"wp","href":"https:\/\/api.w.org\/{rel}","templated":true}]}}