{"id":13552,"date":"2019-12-04T02:11:51","date_gmt":"2019-12-03T23:11:51","guid":{"rendered":"https:\/\/www.camlock.org\/product\/dp-roostevabast-camlock\/"},"modified":"2025-05-12T13:42:34","modified_gmt":"2025-05-12T10:42:34","slug":"dp-roostevabast-camlock","status":"publish","type":"product","link":"https:\/\/www.camlock.org\/et\/toode\/dp-roostevabast-camlock\/","title":{"rendered":"T\u00fc\u00fcp DP roostevabast terasest 316 Camlock Coupler &#8211; v\u00e4lis\u00fchendusliitmik"},"content":{"rendered":"<p>Tolmukork &#8211; Camlocki tolmukorki kasutatakse selleks, et hoida v\u00f5\u00f5rkehad eemal mis tahes emaslukk-liitmikust.<\/p>\n","protected":false},"excerpt":{"rendered":"<p>Roostevabast terasest nukklukuga v\u00e4lisotsakute adapter osa DP sisestatakse tavaliselt sama suurusega B-, C- ja D-t\u00fc\u00fcpi adapteritesse.<\/p>\n","protected":false},"featured_media":13116,"template":"","meta":[],"product_brand":[],"product_cat":[414],"product_tag":[415,285],"class_list":{"0":"post-13552","1":"product","2":"type-product","3":"status-publish","4":"has-post-thumbnail","6":"product_cat-camlock-roostevabast-liitmikud","7":"product_tag-roostevaba-teras","8":"product_tag-type-dp-et","10":"first","11":"onbackorder","12":"taxable","13":"shipping-taxable","14":"purchasable","15":"product-type-variable"},"yoast_head":"<!-- This site is optimized with the Yoast SEO plugin v27.4 - https:\/\/yoast.com\/product\/yoast-seo-wordpress\/ -->\n<title>T\u00fc\u00fcp DP roostevabast terasest 316 Camlock Coupler - v\u00e4lis\u00fchendusliitmik<\/title>\n<meta name=\"description\" content=\"Tolmukork - t\u00fc\u00fcp DP Roostevabast terasest Camlocki tolmukorkid on m\u00f5eldud selleks, et hoida v\u00f5\u00f5rkehad eemal k\u00f5ikidest nukkliitmikest. Roostevabast terasest nukklukuga isas.\" \/>\n<meta name=\"robots\" content=\"index, follow, max-snippet:-1, max-image-preview:large, max-video-preview:-1\" \/>\n<link rel=\"canonical\" href=\"https:\/\/www.camlock.org\/et\/toode\/dp-roostevabast-camlock\/\" \/>\n<meta property=\"og:locale\" content=\"et_EE\" \/>\n<meta property=\"og:type\" content=\"article\" \/>\n<meta property=\"og:title\" content=\"T\u00fc\u00fcp DP roostevabast terasest 316 Camlock Coupler - v\u00e4lis\u00fchendusliitmik\" \/>\n<meta property=\"og:description\" content=\"Tolmukork - t\u00fc\u00fcp DP Roostevabast terasest Camlocki tolmukorkid on m\u00f5eldud selleks, et hoida v\u00f5\u00f5rkehad eemal k\u00f5ikidest nukkliitmikest. Roostevabast terasest nukklukuga isas.\" \/>\n<meta property=\"og:url\" content=\"https:\/\/www.camlock.org\/et\/toode\/dp-roostevabast-camlock\/\" \/>\n<meta property=\"og:site_name\" content=\"Camlock Fittings, Cam-lock liitmikud m\u00fc\u00fck\" \/>\n<meta property=\"article:modified_time\" content=\"2025-05-12T10:42:34+00:00\" \/>\n<meta property=\"og:image\" content=\"https:\/\/www.camlock.org\/wp-content\/uploads\/2019\/12\/Camlock_SS316_type_DP_50mm_D200SS.jpg\" \/>\n\t<meta property=\"og:image:width\" content=\"1000\" \/>\n\t<meta property=\"og:image:height\" content=\"1000\" \/>\n\t<meta property=\"og:image:type\" content=\"image\/jpeg\" \/>\n<meta name=\"twitter:card\" content=\"summary_large_image\" \/>\n<script type=\"application\/ld+json\" class=\"yoast-schema-graph\">{\"@context\":\"https:\\\/\\\/schema.org\",\"@graph\":[{\"@type\":\"WebPage\",\"@id\":\"https:\\\/\\\/www.camlock.org\\\/et\\\/toode\\\/dp-roostevabast-camlock\\\/\",\"url\":\"https:\\\/\\\/www.camlock.org\\\/et\\\/toode\\\/dp-roostevabast-camlock\\\/\",\"name\":\"T\u00fc\u00fcp DP roostevabast terasest 316 Camlock Coupler - v\u00e4lis\u00fchendusliitmik\",\"isPartOf\":{\"@id\":\"https:\\\/\\\/www.camlock.org\\\/et\\\/?lang=et\\\/#website\"},\"primaryImageOfPage\":{\"@id\":\"https:\\\/\\\/www.camlock.org\\\/et\\\/toode\\\/dp-roostevabast-camlock\\\/#primaryimage\"},\"image\":{\"@id\":\"https:\\\/\\\/www.camlock.org\\\/et\\\/toode\\\/dp-roostevabast-camlock\\\/#primaryimage\"},\"thumbnailUrl\":\"https:\\\/\\\/www.camlock.org\\\/wp-content\\\/uploads\\\/2019\\\/12\\\/Camlock_SS316_type_DP_50mm_D200SS.jpg\",\"datePublished\":\"2019-12-03T23:11:51+00:00\",\"dateModified\":\"2025-05-12T10:42:34+00:00\",\"description\":\"Tolmukork - t\u00fc\u00fcp DP Roostevabast terasest Camlocki tolmukorkid on m\u00f5eldud selleks, et hoida v\u00f5\u00f5rkehad eemal k\u00f5ikidest nukkliitmikest. Roostevabast terasest nukklukuga isas.\",\"breadcrumb\":{\"@id\":\"https:\\\/\\\/www.camlock.org\\\/et\\\/toode\\\/dp-roostevabast-camlock\\\/#breadcrumb\"},\"inLanguage\":\"et\",\"potentialAction\":[{\"@type\":\"ReadAction\",\"target\":[\"https:\\\/\\\/www.camlock.org\\\/et\\\/toode\\\/dp-roostevabast-camlock\\\/\"]}]},{\"@type\":\"ImageObject\",\"inLanguage\":\"et\",\"@id\":\"https:\\\/\\\/www.camlock.org\\\/et\\\/toode\\\/dp-roostevabast-camlock\\\/#primaryimage\",\"url\":\"https:\\\/\\\/www.camlock.org\\\/wp-content\\\/uploads\\\/2019\\\/12\\\/Camlock_SS316_type_DP_50mm_D200SS.jpg\",\"contentUrl\":\"https:\\\/\\\/www.camlock.org\\\/wp-content\\\/uploads\\\/2019\\\/12\\\/Camlock_SS316_type_DP_50mm_D200SS.jpg\",\"width\":1000,\"height\":1000,\"caption\":\"DP-t\u00fc\u00fcpi roostevabast Camlock 50mm D200SS\"},{\"@type\":\"BreadcrumbList\",\"@id\":\"https:\\\/\\\/www.camlock.org\\\/et\\\/toode\\\/dp-roostevabast-camlock\\\/#breadcrumb\",\"itemListElement\":[{\"@type\":\"ListItem\",\"position\":1,\"name\":\"Home\",\"item\":\"https:\\\/\\\/www.camlock.org\\\/et\\\/\"},{\"@type\":\"ListItem\",\"position\":2,\"name\":\"Pood\",\"item\":\"https:\\\/\\\/www.camlock.org\\\/et\\\/pood\\\/\"},{\"@type\":\"ListItem\",\"position\":3,\"name\":\"T\u00fc\u00fcp DP roostevabast terasest 316 Camlock Coupler &#8211; v\u00e4lis\u00fchendusliitmik\"}]},{\"@type\":\"WebSite\",\"@id\":\"https:\\\/\\\/www.camlock.org\\\/et\\\/?lang=et\\\/#website\",\"url\":\"https:\\\/\\\/www.camlock.org\\\/et\\\/?lang=et\\\/\",\"name\":\"Camlock Fittings, Cam-lock liitmikud m\u00fc\u00fck\",\"description\":\"Camlock Fittings, Cam-lock liitmikud m\u00fc\u00fck\",\"potentialAction\":[{\"@type\":\"SearchAction\",\"target\":{\"@type\":\"EntryPoint\",\"urlTemplate\":\"https:\\\/\\\/www.camlock.org\\\/et\\\/?lang=et\\\/?s={search_term_string}\"},\"query-input\":{\"@type\":\"PropertyValueSpecification\",\"valueRequired\":true,\"valueName\":\"search_term_string\"}}],\"inLanguage\":\"et\"}]}<\/script>\n<!-- \/ Yoast SEO plugin. -->","yoast_head_json":{"title":"T\u00fc\u00fcp DP roostevabast terasest 316 Camlock Coupler - v\u00e4lis\u00fchendusliitmik","description":"Tolmukork - t\u00fc\u00fcp DP Roostevabast terasest Camlocki tolmukorkid on m\u00f5eldud selleks, et hoida v\u00f5\u00f5rkehad eemal k\u00f5ikidest nukkliitmikest. Roostevabast terasest nukklukuga isas.","robots":{"index":"index","follow":"follow","max-snippet":"max-snippet:-1","max-image-preview":"max-image-preview:large","max-video-preview":"max-video-preview:-1"},"canonical":"https:\/\/www.camlock.org\/et\/toode\/dp-roostevabast-camlock\/","og_locale":"et_EE","og_type":"article","og_title":"T\u00fc\u00fcp DP roostevabast terasest 316 Camlock Coupler - v\u00e4lis\u00fchendusliitmik","og_description":"Tolmukork - t\u00fc\u00fcp DP Roostevabast terasest Camlocki tolmukorkid on m\u00f5eldud selleks, et hoida v\u00f5\u00f5rkehad eemal k\u00f5ikidest nukkliitmikest. Roostevabast terasest nukklukuga isas.","og_url":"https:\/\/www.camlock.org\/et\/toode\/dp-roostevabast-camlock\/","og_site_name":"Camlock Fittings, Cam-lock liitmikud m\u00fc\u00fck","article_modified_time":"2025-05-12T10:42:34+00:00","og_image":[{"width":1000,"height":1000,"url":"https:\/\/www.camlock.org\/wp-content\/uploads\/2019\/12\/Camlock_SS316_type_DP_50mm_D200SS.jpg","type":"image\/jpeg"}],"twitter_card":"summary_large_image","schema":{"@context":"https:\/\/schema.org","@graph":[{"@type":"WebPage","@id":"https:\/\/www.camlock.org\/et\/toode\/dp-roostevabast-camlock\/","url":"https:\/\/www.camlock.org\/et\/toode\/dp-roostevabast-camlock\/","name":"T\u00fc\u00fcp DP roostevabast terasest 316 Camlock Coupler - v\u00e4lis\u00fchendusliitmik","isPartOf":{"@id":"https:\/\/www.camlock.org\/et\/?lang=et\/#website"},"primaryImageOfPage":{"@id":"https:\/\/www.camlock.org\/et\/toode\/dp-roostevabast-camlock\/#primaryimage"},"image":{"@id":"https:\/\/www.camlock.org\/et\/toode\/dp-roostevabast-camlock\/#primaryimage"},"thumbnailUrl":"https:\/\/www.camlock.org\/wp-content\/uploads\/2019\/12\/Camlock_SS316_type_DP_50mm_D200SS.jpg","datePublished":"2019-12-03T23:11:51+00:00","dateModified":"2025-05-12T10:42:34+00:00","description":"Tolmukork - t\u00fc\u00fcp DP Roostevabast terasest Camlocki tolmukorkid on m\u00f5eldud selleks, et hoida v\u00f5\u00f5rkehad eemal k\u00f5ikidest nukkliitmikest. Roostevabast terasest nukklukuga isas.","breadcrumb":{"@id":"https:\/\/www.camlock.org\/et\/toode\/dp-roostevabast-camlock\/#breadcrumb"},"inLanguage":"et","potentialAction":[{"@type":"ReadAction","target":["https:\/\/www.camlock.org\/et\/toode\/dp-roostevabast-camlock\/"]}]},{"@type":"ImageObject","inLanguage":"et","@id":"https:\/\/www.camlock.org\/et\/toode\/dp-roostevabast-camlock\/#primaryimage","url":"https:\/\/www.camlock.org\/wp-content\/uploads\/2019\/12\/Camlock_SS316_type_DP_50mm_D200SS.jpg","contentUrl":"https:\/\/www.camlock.org\/wp-content\/uploads\/2019\/12\/Camlock_SS316_type_DP_50mm_D200SS.jpg","width":1000,"height":1000,"caption":"DP-t\u00fc\u00fcpi roostevabast Camlock 50mm D200SS"},{"@type":"BreadcrumbList","@id":"https:\/\/www.camlock.org\/et\/toode\/dp-roostevabast-camlock\/#breadcrumb","itemListElement":[{"@type":"ListItem","position":1,"name":"Home","item":"https:\/\/www.camlock.org\/et\/"},{"@type":"ListItem","position":2,"name":"Pood","item":"https:\/\/www.camlock.org\/et\/pood\/"},{"@type":"ListItem","position":3,"name":"T\u00fc\u00fcp DP roostevabast terasest 316 Camlock Coupler &#8211; v\u00e4lis\u00fchendusliitmik"}]},{"@type":"WebSite","@id":"https:\/\/www.camlock.org\/et\/?lang=et\/#website","url":"https:\/\/www.camlock.org\/et\/?lang=et\/","name":"Camlock Fittings, Cam-lock liitmikud m\u00fc\u00fck","description":"Camlock Fittings, Cam-lock liitmikud m\u00fc\u00fck","potentialAction":[{"@type":"SearchAction","target":{"@type":"EntryPoint","urlTemplate":"https:\/\/www.camlock.org\/et\/?lang=et\/?s={search_term_string}"},"query-input":{"@type":"PropertyValueSpecification","valueRequired":true,"valueName":"search_term_string"}}],"inLanguage":"et"}]}},"_links":{"self":[{"href":"https:\/\/www.camlock.org\/et\/wp-json\/wp\/v2\/product\/13552","targetHints":{"allow":["GET"]}}],"collection":[{"href":"https:\/\/www.camlock.org\/et\/wp-json\/wp\/v2\/product"}],"about":[{"href":"https:\/\/www.camlock.org\/et\/wp-json\/wp\/v2\/types\/product"}],"wp:featuredmedia":[{"embeddable":true,"href":"https:\/\/www.camlock.org\/et\/wp-json\/wp\/v2\/media\/13116"}],"wp:attachment":[{"href":"https:\/\/www.camlock.org\/et\/wp-json\/wp\/v2\/media?parent=13552"}],"wp:term":[{"taxonomy":"product_brand","embeddable":true,"href":"https:\/\/www.camlock.org\/et\/wp-json\/wp\/v2\/product_brand?post=13552"},{"taxonomy":"product_cat","embeddable":true,"href":"https:\/\/www.camlock.org\/et\/wp-json\/wp\/v2\/product_cat?post=13552"},{"taxonomy":"product_tag","embeddable":true,"href":"https:\/\/www.camlock.org\/et\/wp-json\/wp\/v2\/product_tag?post=13552"}],"curies":[{"name":"wp","href":"https:\/\/api.w.org\/{rel}","templated":true}]}}