{"id":14347,"date":"2019-12-21T20:25:50","date_gmt":"2019-12-21T17:25:58","guid":{"rendered":"https:\/\/www.camlock.org\/?post_type=product&#038;p=14347"},"modified":"2025-05-12T13:18:47","modified_gmt":"2025-05-12T10:18:47","slug":"a-t-pi-alumiiniumist-camlock","status":"publish","type":"product","link":"https:\/\/www.camlock.org\/et\/toode\/a-t-pi-alumiiniumist-camlock\/","title":{"rendered":"A-t\u00fc\u00fcpi alumiiniumist nukklukustusliitmik"},"content":{"rendered":"<p>Alumiiniumist nokk- ja soonte\u00fchendus parandab t\u00f6\u00f6 t\u00f5husust ning v\u00e4listab keeruliste keermete ja \u00e4\u00e4rikute kasutamise. Isaspoolne soonega ots sobib mis tahes sama suurusega emaspoolse nukkliitmikuga. Alumiiniumist nukklukk\u00fchendused on hea korrosioonikindlus keemiliste jahutusvedelike, k\u00fctuste, vee, laki ja m\u00f5nikord ka tahkete materjalide, n\u00e4iteks l\u00e4ga segu ja pulbrite suhtes.  <\/p>\n","protected":false},"excerpt":{"rendered":"<p>Alumiiniumist Camlock-adapterit t\u00fc\u00fcp A &#8211; isasadapter \u00d7 emas BSP kasutatakse tavaliselt D-t\u00fc\u00fcpi \u00fchendustega, samas kui B- ja C-t\u00fc\u00fcpi \u00fchendused ning sama suurusega tolmukork (t\u00fc\u00fcp DC) on saadaval.<\/p>\n","protected":false},"featured_media":14508,"template":"","meta":[],"product_brand":[],"product_cat":[442],"product_tag":[438,127],"class_list":{"0":"post-14347","1":"product","2":"type-product","3":"status-publish","4":"has-post-thumbnail","6":"product_cat-aluminium-camlock-coupling-fittings-et","7":"product_tag-alumiinium","8":"product_tag-type-a-et","10":"first","11":"instock","12":"taxable","13":"shipping-taxable","14":"purchasable","15":"product-type-variable"},"yoast_head":"<!-- This site is optimized with the Yoast SEO plugin v27.5 - https:\/\/yoast.com\/product\/yoast-seo-wordpress\/ -->\n<title>A-t\u00fc\u00fcpi alumiiniumist nukklukustusliitmik - Camlock Fittings, Cam-lock liitmikud m\u00fc\u00fck<\/title>\n<meta name=\"description\" content=\"Alumiiniumist nokk- ja soonte\u00fchendus parandab t\u00f6\u00f6 t\u00f5husust ning v\u00e4listab keeruliste keermete ja \u00e4\u00e4rikute kasutamise. Isaspoolne soonega ots sobib mis tahes sama suurusega emaspoolse nukkliitmikuga.\" \/>\n<meta name=\"robots\" content=\"index, follow, max-snippet:-1, max-image-preview:large, max-video-preview:-1\" \/>\n<link rel=\"canonical\" href=\"https:\/\/www.camlock.org\/et\/toode\/a-t-pi-alumiiniumist-camlock\/\" \/>\n<meta property=\"og:locale\" content=\"et_EE\" \/>\n<meta property=\"og:type\" content=\"article\" \/>\n<meta property=\"og:title\" content=\"A-t\u00fc\u00fcpi alumiiniumist nukklukustusliitmik - Camlock Fittings, Cam-lock liitmikud m\u00fc\u00fck\" \/>\n<meta property=\"og:description\" content=\"Alumiiniumist nokk- ja soonte\u00fchendus parandab t\u00f6\u00f6 t\u00f5husust ning v\u00e4listab keeruliste keermete ja \u00e4\u00e4rikute kasutamise. Isaspoolne soonega ots sobib mis tahes sama suurusega emaspoolse nukkliitmikuga.\" \/>\n<meta property=\"og:url\" content=\"https:\/\/www.camlock.org\/et\/toode\/a-t-pi-alumiiniumist-camlock\/\" \/>\n<meta property=\"og:site_name\" content=\"Camlock Fittings, Cam-lock liitmikud m\u00fc\u00fck\" \/>\n<meta property=\"article:modified_time\" content=\"2025-05-12T10:18:47+00:00\" \/>\n<meta property=\"og:image\" content=\"https:\/\/www.camlock.org\/wp-content\/uploads\/2019\/12\/Camlock_Aluminium_type_A_50mm_D200AL.jpg\" \/>\n\t<meta property=\"og:image:width\" content=\"1000\" \/>\n\t<meta property=\"og:image:height\" content=\"1000\" \/>\n\t<meta property=\"og:image:type\" content=\"image\/jpeg\" \/>\n<meta name=\"twitter:card\" content=\"summary_large_image\" \/>\n<script type=\"application\/ld+json\" class=\"yoast-schema-graph\">{\"@context\":\"https:\\\/\\\/schema.org\",\"@graph\":[{\"@type\":\"WebPage\",\"@id\":\"https:\\\/\\\/www.camlock.org\\\/et\\\/toode\\\/a-t-pi-alumiiniumist-camlock\\\/\",\"url\":\"https:\\\/\\\/www.camlock.org\\\/et\\\/toode\\\/a-t-pi-alumiiniumist-camlock\\\/\",\"name\":\"A-t\u00fc\u00fcpi alumiiniumist nukklukustusliitmik - Camlock Fittings, Cam-lock liitmikud m\u00fc\u00fck\",\"isPartOf\":{\"@id\":\"https:\\\/\\\/www.camlock.org\\\/et\\\/?lang=et\\\/#website\"},\"primaryImageOfPage\":{\"@id\":\"https:\\\/\\\/www.camlock.org\\\/et\\\/toode\\\/a-t-pi-alumiiniumist-camlock\\\/#primaryimage\"},\"image\":{\"@id\":\"https:\\\/\\\/www.camlock.org\\\/et\\\/toode\\\/a-t-pi-alumiiniumist-camlock\\\/#primaryimage\"},\"thumbnailUrl\":\"https:\\\/\\\/www.camlock.org\\\/wp-content\\\/uploads\\\/2019\\\/12\\\/Camlock_Aluminium_type_A_50mm_D200AL.jpg\",\"datePublished\":\"2019-12-21T17:25:58+00:00\",\"dateModified\":\"2025-05-12T10:18:47+00:00\",\"description\":\"Alumiiniumist nokk- ja soonte\u00fchendus parandab t\u00f6\u00f6 t\u00f5husust ning v\u00e4listab keeruliste keermete ja \u00e4\u00e4rikute kasutamise. Isaspoolne soonega ots sobib mis tahes sama suurusega emaspoolse nukkliitmikuga.\",\"breadcrumb\":{\"@id\":\"https:\\\/\\\/www.camlock.org\\\/et\\\/toode\\\/a-t-pi-alumiiniumist-camlock\\\/#breadcrumb\"},\"inLanguage\":\"et\",\"potentialAction\":[{\"@type\":\"ReadAction\",\"target\":[\"https:\\\/\\\/www.camlock.org\\\/et\\\/toode\\\/a-t-pi-alumiiniumist-camlock\\\/\"]}]},{\"@type\":\"ImageObject\",\"inLanguage\":\"et\",\"@id\":\"https:\\\/\\\/www.camlock.org\\\/et\\\/toode\\\/a-t-pi-alumiiniumist-camlock\\\/#primaryimage\",\"url\":\"https:\\\/\\\/www.camlock.org\\\/wp-content\\\/uploads\\\/2019\\\/12\\\/Camlock_Aluminium_type_A_50mm_D200AL.jpg\",\"contentUrl\":\"https:\\\/\\\/www.camlock.org\\\/wp-content\\\/uploads\\\/2019\\\/12\\\/Camlock_Aluminium_type_A_50mm_D200AL.jpg\",\"width\":1000,\"height\":1000,\"caption\":\"Camlock Aluminium type A 50mm D200AL\"},{\"@type\":\"BreadcrumbList\",\"@id\":\"https:\\\/\\\/www.camlock.org\\\/et\\\/toode\\\/a-t-pi-alumiiniumist-camlock\\\/#breadcrumb\",\"itemListElement\":[{\"@type\":\"ListItem\",\"position\":1,\"name\":\"Home\",\"item\":\"https:\\\/\\\/www.camlock.org\\\/et\\\/\"},{\"@type\":\"ListItem\",\"position\":2,\"name\":\"Pood\",\"item\":\"https:\\\/\\\/www.camlock.org\\\/et\\\/pood\\\/\"},{\"@type\":\"ListItem\",\"position\":3,\"name\":\"A-t\u00fc\u00fcpi alumiiniumist nukklukustusliitmik\"}]},{\"@type\":\"WebSite\",\"@id\":\"https:\\\/\\\/www.camlock.org\\\/et\\\/?lang=et\\\/#website\",\"url\":\"https:\\\/\\\/www.camlock.org\\\/et\\\/?lang=et\\\/\",\"name\":\"Camlock Fittings, Cam-lock liitmikud m\u00fc\u00fck\",\"description\":\"Camlock Fittings, Cam-lock liitmikud m\u00fc\u00fck\",\"potentialAction\":[{\"@type\":\"SearchAction\",\"target\":{\"@type\":\"EntryPoint\",\"urlTemplate\":\"https:\\\/\\\/www.camlock.org\\\/et\\\/?lang=et\\\/?s={search_term_string}\"},\"query-input\":{\"@type\":\"PropertyValueSpecification\",\"valueRequired\":true,\"valueName\":\"search_term_string\"}}],\"inLanguage\":\"et\"}]}<\/script>\n<!-- \/ Yoast SEO plugin. -->","yoast_head_json":{"title":"A-t\u00fc\u00fcpi alumiiniumist nukklukustusliitmik - Camlock Fittings, Cam-lock liitmikud m\u00fc\u00fck","description":"Alumiiniumist nokk- ja soonte\u00fchendus parandab t\u00f6\u00f6 t\u00f5husust ning v\u00e4listab keeruliste keermete ja \u00e4\u00e4rikute kasutamise. Isaspoolne soonega ots sobib mis tahes sama suurusega emaspoolse nukkliitmikuga.","robots":{"index":"index","follow":"follow","max-snippet":"max-snippet:-1","max-image-preview":"max-image-preview:large","max-video-preview":"max-video-preview:-1"},"canonical":"https:\/\/www.camlock.org\/et\/toode\/a-t-pi-alumiiniumist-camlock\/","og_locale":"et_EE","og_type":"article","og_title":"A-t\u00fc\u00fcpi alumiiniumist nukklukustusliitmik - Camlock Fittings, Cam-lock liitmikud m\u00fc\u00fck","og_description":"Alumiiniumist nokk- ja soonte\u00fchendus parandab t\u00f6\u00f6 t\u00f5husust ning v\u00e4listab keeruliste keermete ja \u00e4\u00e4rikute kasutamise. Isaspoolne soonega ots sobib mis tahes sama suurusega emaspoolse nukkliitmikuga.","og_url":"https:\/\/www.camlock.org\/et\/toode\/a-t-pi-alumiiniumist-camlock\/","og_site_name":"Camlock Fittings, Cam-lock liitmikud m\u00fc\u00fck","article_modified_time":"2025-05-12T10:18:47+00:00","og_image":[{"width":1000,"height":1000,"url":"https:\/\/www.camlock.org\/wp-content\/uploads\/2019\/12\/Camlock_Aluminium_type_A_50mm_D200AL.jpg","type":"image\/jpeg"}],"twitter_card":"summary_large_image","schema":{"@context":"https:\/\/schema.org","@graph":[{"@type":"WebPage","@id":"https:\/\/www.camlock.org\/et\/toode\/a-t-pi-alumiiniumist-camlock\/","url":"https:\/\/www.camlock.org\/et\/toode\/a-t-pi-alumiiniumist-camlock\/","name":"A-t\u00fc\u00fcpi alumiiniumist nukklukustusliitmik - Camlock Fittings, Cam-lock liitmikud m\u00fc\u00fck","isPartOf":{"@id":"https:\/\/www.camlock.org\/et\/?lang=et\/#website"},"primaryImageOfPage":{"@id":"https:\/\/www.camlock.org\/et\/toode\/a-t-pi-alumiiniumist-camlock\/#primaryimage"},"image":{"@id":"https:\/\/www.camlock.org\/et\/toode\/a-t-pi-alumiiniumist-camlock\/#primaryimage"},"thumbnailUrl":"https:\/\/www.camlock.org\/wp-content\/uploads\/2019\/12\/Camlock_Aluminium_type_A_50mm_D200AL.jpg","datePublished":"2019-12-21T17:25:58+00:00","dateModified":"2025-05-12T10:18:47+00:00","description":"Alumiiniumist nokk- ja soonte\u00fchendus parandab t\u00f6\u00f6 t\u00f5husust ning v\u00e4listab keeruliste keermete ja \u00e4\u00e4rikute kasutamise. Isaspoolne soonega ots sobib mis tahes sama suurusega emaspoolse nukkliitmikuga.","breadcrumb":{"@id":"https:\/\/www.camlock.org\/et\/toode\/a-t-pi-alumiiniumist-camlock\/#breadcrumb"},"inLanguage":"et","potentialAction":[{"@type":"ReadAction","target":["https:\/\/www.camlock.org\/et\/toode\/a-t-pi-alumiiniumist-camlock\/"]}]},{"@type":"ImageObject","inLanguage":"et","@id":"https:\/\/www.camlock.org\/et\/toode\/a-t-pi-alumiiniumist-camlock\/#primaryimage","url":"https:\/\/www.camlock.org\/wp-content\/uploads\/2019\/12\/Camlock_Aluminium_type_A_50mm_D200AL.jpg","contentUrl":"https:\/\/www.camlock.org\/wp-content\/uploads\/2019\/12\/Camlock_Aluminium_type_A_50mm_D200AL.jpg","width":1000,"height":1000,"caption":"Camlock Aluminium type A 50mm D200AL"},{"@type":"BreadcrumbList","@id":"https:\/\/www.camlock.org\/et\/toode\/a-t-pi-alumiiniumist-camlock\/#breadcrumb","itemListElement":[{"@type":"ListItem","position":1,"name":"Home","item":"https:\/\/www.camlock.org\/et\/"},{"@type":"ListItem","position":2,"name":"Pood","item":"https:\/\/www.camlock.org\/et\/pood\/"},{"@type":"ListItem","position":3,"name":"A-t\u00fc\u00fcpi alumiiniumist nukklukustusliitmik"}]},{"@type":"WebSite","@id":"https:\/\/www.camlock.org\/et\/?lang=et\/#website","url":"https:\/\/www.camlock.org\/et\/?lang=et\/","name":"Camlock Fittings, Cam-lock liitmikud m\u00fc\u00fck","description":"Camlock Fittings, Cam-lock liitmikud m\u00fc\u00fck","potentialAction":[{"@type":"SearchAction","target":{"@type":"EntryPoint","urlTemplate":"https:\/\/www.camlock.org\/et\/?lang=et\/?s={search_term_string}"},"query-input":{"@type":"PropertyValueSpecification","valueRequired":true,"valueName":"search_term_string"}}],"inLanguage":"et"}]}},"_links":{"self":[{"href":"https:\/\/www.camlock.org\/et\/wp-json\/wp\/v2\/product\/14347","targetHints":{"allow":["GET"]}}],"collection":[{"href":"https:\/\/www.camlock.org\/et\/wp-json\/wp\/v2\/product"}],"about":[{"href":"https:\/\/www.camlock.org\/et\/wp-json\/wp\/v2\/types\/product"}],"wp:featuredmedia":[{"embeddable":true,"href":"https:\/\/www.camlock.org\/et\/wp-json\/wp\/v2\/media\/14508"}],"wp:attachment":[{"href":"https:\/\/www.camlock.org\/et\/wp-json\/wp\/v2\/media?parent=14347"}],"wp:term":[{"taxonomy":"product_brand","embeddable":true,"href":"https:\/\/www.camlock.org\/et\/wp-json\/wp\/v2\/product_brand?post=14347"},{"taxonomy":"product_cat","embeddable":true,"href":"https:\/\/www.camlock.org\/et\/wp-json\/wp\/v2\/product_cat?post=14347"},{"taxonomy":"product_tag","embeddable":true,"href":"https:\/\/www.camlock.org\/et\/wp-json\/wp\/v2\/product_tag?post=14347"}],"curies":[{"name":"wp","href":"https:\/\/api.w.org\/{rel}","templated":true}]}}