{"id":14696,"date":"2019-12-22T11:15:03","date_gmt":"2019-12-22T08:15:13","guid":{"rendered":"https:\/\/www.camlock.org\/?post_type=product&#038;p=14696"},"modified":"2025-05-12T13:04:38","modified_gmt":"2025-05-12T10:04:38","slug":"b-t-pi-alumiiniumist-camlock","status":"publish","type":"product","link":"https:\/\/www.camlock.org\/et\/toode\/b-t-pi-alumiiniumist-camlock\/","title":{"rendered":"B-t\u00fc\u00fcpi alumiiniumist nukklukuga keermestatud v\u00e4lis\u00fchendusliitmik"},"content":{"rendered":"<p>B-t\u00fc\u00fcpi alumiiniumist Camlock-adapter on \u00fche suurusega emasliitmik ja teise suurusega BSP-keermega v\u00e4lisliitmik. B-t\u00fc\u00fcpi nukklukkudel on emasluku ots ja sama suurusega BSP v\u00e4liskeermega v\u00e4liskeere.  Nukleaarne camlocki ots sobib mis tahes sama suurusega isas-camlocki liitmikuga.<\/p>\n","protected":false},"excerpt":{"rendered":"<p>B-t\u00fc\u00fcpi alumiiniumist nukklukk\u00fchendust kasutatakse tavaliselt koos F-t\u00fc\u00fcpi adapteriga, m\u00f5nikord ka A ja E-t\u00fc\u00fcpi ja DP (tolmupistik) sama suurusega.<\/p>\n","protected":false},"featured_media":14769,"template":"","meta":[],"product_brand":[],"product_cat":[442],"product_tag":[438,234],"class_list":{"0":"post-14696","1":"product","2":"type-product","3":"status-publish","4":"has-post-thumbnail","6":"product_cat-aluminium-camlock-coupling-fittings-et","7":"product_tag-alumiinium","8":"product_tag-type-b-et","10":"first","11":"instock","12":"taxable","13":"shipping-taxable","14":"purchasable","15":"product-type-variable"},"yoast_head":"<!-- This site is optimized with the Yoast SEO plugin v27.4 - https:\/\/yoast.com\/product\/yoast-seo-wordpress\/ -->\n<title>B-t\u00fc\u00fcpi alumiiniumist nukklukuga keermestatud v\u00e4lis\u00fchendusliitmik -<\/title>\n<meta name=\"description\" content=\"B-t\u00fc\u00fcpi alumiiniumist nukklukk- ja soonmuhvid muudavad vooliku \u00fchendamise\/l\u00f5petamise imelihtne ning v\u00e4listavad keerulise niidi ja \u00e4\u00e4riku kasutamise. Sisestate lihtsalt isasadapteri emasliitmikusse, kuni tihendiga on kontakt.\" \/>\n<meta name=\"robots\" content=\"index, follow, max-snippet:-1, max-image-preview:large, max-video-preview:-1\" \/>\n<link rel=\"canonical\" href=\"https:\/\/www.camlock.org\/et\/toode\/b-t-pi-alumiiniumist-camlock\/\" \/>\n<meta property=\"og:locale\" content=\"et_EE\" \/>\n<meta property=\"og:type\" content=\"article\" \/>\n<meta property=\"og:title\" content=\"B-t\u00fc\u00fcpi alumiiniumist nukklukuga keermestatud v\u00e4lis\u00fchendusliitmik -\" \/>\n<meta property=\"og:description\" content=\"B-t\u00fc\u00fcpi alumiiniumist nukklukk- ja soonmuhvid muudavad vooliku \u00fchendamise\/l\u00f5petamise imelihtne ning v\u00e4listavad keerulise niidi ja \u00e4\u00e4riku kasutamise. Sisestate lihtsalt isasadapteri emasliitmikusse, kuni tihendiga on kontakt.\" \/>\n<meta property=\"og:url\" content=\"https:\/\/www.camlock.org\/et\/toode\/b-t-pi-alumiiniumist-camlock\/\" \/>\n<meta property=\"og:site_name\" content=\"Camlock Fittings, Cam-lock liitmikud m\u00fc\u00fck\" \/>\n<meta property=\"article:modified_time\" content=\"2025-05-12T10:04:38+00:00\" \/>\n<meta property=\"og:image\" content=\"https:\/\/www.camlock.org\/wp-content\/uploads\/2019\/12\/Camlock_Aluminium_type_B_50mm_D200AL.jpg\" \/>\n\t<meta property=\"og:image:width\" content=\"1000\" \/>\n\t<meta property=\"og:image:height\" content=\"1000\" \/>\n\t<meta property=\"og:image:type\" content=\"image\/jpeg\" \/>\n<meta name=\"twitter:card\" content=\"summary_large_image\" \/>\n<script type=\"application\/ld+json\" class=\"yoast-schema-graph\">{\"@context\":\"https:\\\/\\\/schema.org\",\"@graph\":[{\"@type\":\"WebPage\",\"@id\":\"https:\\\/\\\/www.camlock.org\\\/et\\\/toode\\\/b-t-pi-alumiiniumist-camlock\\\/\",\"url\":\"https:\\\/\\\/www.camlock.org\\\/et\\\/toode\\\/b-t-pi-alumiiniumist-camlock\\\/\",\"name\":\"B-t\u00fc\u00fcpi alumiiniumist nukklukuga keermestatud v\u00e4lis\u00fchendusliitmik -\",\"isPartOf\":{\"@id\":\"https:\\\/\\\/www.camlock.org\\\/et\\\/?lang=et\\\/#website\"},\"primaryImageOfPage\":{\"@id\":\"https:\\\/\\\/www.camlock.org\\\/et\\\/toode\\\/b-t-pi-alumiiniumist-camlock\\\/#primaryimage\"},\"image\":{\"@id\":\"https:\\\/\\\/www.camlock.org\\\/et\\\/toode\\\/b-t-pi-alumiiniumist-camlock\\\/#primaryimage\"},\"thumbnailUrl\":\"https:\\\/\\\/www.camlock.org\\\/wp-content\\\/uploads\\\/2019\\\/12\\\/Camlock_Aluminium_type_B_50mm_D200AL.jpg\",\"datePublished\":\"2019-12-22T08:15:13+00:00\",\"dateModified\":\"2025-05-12T10:04:38+00:00\",\"description\":\"B-t\u00fc\u00fcpi alumiiniumist nukklukk- ja soonmuhvid muudavad vooliku \u00fchendamise\\\/l\u00f5petamise imelihtne ning v\u00e4listavad keerulise niidi ja \u00e4\u00e4riku kasutamise. Sisestate lihtsalt isasadapteri emasliitmikusse, kuni tihendiga on kontakt.\",\"breadcrumb\":{\"@id\":\"https:\\\/\\\/www.camlock.org\\\/et\\\/toode\\\/b-t-pi-alumiiniumist-camlock\\\/#breadcrumb\"},\"inLanguage\":\"et\",\"potentialAction\":[{\"@type\":\"ReadAction\",\"target\":[\"https:\\\/\\\/www.camlock.org\\\/et\\\/toode\\\/b-t-pi-alumiiniumist-camlock\\\/\"]}]},{\"@type\":\"ImageObject\",\"inLanguage\":\"et\",\"@id\":\"https:\\\/\\\/www.camlock.org\\\/et\\\/toode\\\/b-t-pi-alumiiniumist-camlock\\\/#primaryimage\",\"url\":\"https:\\\/\\\/www.camlock.org\\\/wp-content\\\/uploads\\\/2019\\\/12\\\/Camlock_Aluminium_type_B_50mm_D200AL.jpg\",\"contentUrl\":\"https:\\\/\\\/www.camlock.org\\\/wp-content\\\/uploads\\\/2019\\\/12\\\/Camlock_Aluminium_type_B_50mm_D200AL.jpg\",\"width\":1000,\"height\":1000,\"caption\":\"T\u00fc\u00fcp B alumiiniumist Camlock sisustamine - naissoost haakeseadis \u00d7 Mees BSP l\u00f5ng 50mm D200AL\"},{\"@type\":\"BreadcrumbList\",\"@id\":\"https:\\\/\\\/www.camlock.org\\\/et\\\/toode\\\/b-t-pi-alumiiniumist-camlock\\\/#breadcrumb\",\"itemListElement\":[{\"@type\":\"ListItem\",\"position\":1,\"name\":\"Home\",\"item\":\"https:\\\/\\\/www.camlock.org\\\/et\\\/\"},{\"@type\":\"ListItem\",\"position\":2,\"name\":\"Pood\",\"item\":\"https:\\\/\\\/www.camlock.org\\\/et\\\/pood\\\/\"},{\"@type\":\"ListItem\",\"position\":3,\"name\":\"B-t\u00fc\u00fcpi alumiiniumist nukklukuga keermestatud v\u00e4lis\u00fchendusliitmik\"}]},{\"@type\":\"WebSite\",\"@id\":\"https:\\\/\\\/www.camlock.org\\\/et\\\/?lang=et\\\/#website\",\"url\":\"https:\\\/\\\/www.camlock.org\\\/et\\\/?lang=et\\\/\",\"name\":\"Camlock Fittings, Cam-lock liitmikud m\u00fc\u00fck\",\"description\":\"Camlock Fittings, Cam-lock liitmikud m\u00fc\u00fck\",\"potentialAction\":[{\"@type\":\"SearchAction\",\"target\":{\"@type\":\"EntryPoint\",\"urlTemplate\":\"https:\\\/\\\/www.camlock.org\\\/et\\\/?lang=et\\\/?s={search_term_string}\"},\"query-input\":{\"@type\":\"PropertyValueSpecification\",\"valueRequired\":true,\"valueName\":\"search_term_string\"}}],\"inLanguage\":\"et\"}]}<\/script>\n<!-- \/ Yoast SEO plugin. -->","yoast_head_json":{"title":"B-t\u00fc\u00fcpi alumiiniumist nukklukuga keermestatud v\u00e4lis\u00fchendusliitmik -","description":"B-t\u00fc\u00fcpi alumiiniumist nukklukk- ja soonmuhvid muudavad vooliku \u00fchendamise\/l\u00f5petamise imelihtne ning v\u00e4listavad keerulise niidi ja \u00e4\u00e4riku kasutamise. Sisestate lihtsalt isasadapteri emasliitmikusse, kuni tihendiga on kontakt.","robots":{"index":"index","follow":"follow","max-snippet":"max-snippet:-1","max-image-preview":"max-image-preview:large","max-video-preview":"max-video-preview:-1"},"canonical":"https:\/\/www.camlock.org\/et\/toode\/b-t-pi-alumiiniumist-camlock\/","og_locale":"et_EE","og_type":"article","og_title":"B-t\u00fc\u00fcpi alumiiniumist nukklukuga keermestatud v\u00e4lis\u00fchendusliitmik -","og_description":"B-t\u00fc\u00fcpi alumiiniumist nukklukk- ja soonmuhvid muudavad vooliku \u00fchendamise\/l\u00f5petamise imelihtne ning v\u00e4listavad keerulise niidi ja \u00e4\u00e4riku kasutamise. Sisestate lihtsalt isasadapteri emasliitmikusse, kuni tihendiga on kontakt.","og_url":"https:\/\/www.camlock.org\/et\/toode\/b-t-pi-alumiiniumist-camlock\/","og_site_name":"Camlock Fittings, Cam-lock liitmikud m\u00fc\u00fck","article_modified_time":"2025-05-12T10:04:38+00:00","og_image":[{"width":1000,"height":1000,"url":"https:\/\/www.camlock.org\/wp-content\/uploads\/2019\/12\/Camlock_Aluminium_type_B_50mm_D200AL.jpg","type":"image\/jpeg"}],"twitter_card":"summary_large_image","schema":{"@context":"https:\/\/schema.org","@graph":[{"@type":"WebPage","@id":"https:\/\/www.camlock.org\/et\/toode\/b-t-pi-alumiiniumist-camlock\/","url":"https:\/\/www.camlock.org\/et\/toode\/b-t-pi-alumiiniumist-camlock\/","name":"B-t\u00fc\u00fcpi alumiiniumist nukklukuga keermestatud v\u00e4lis\u00fchendusliitmik -","isPartOf":{"@id":"https:\/\/www.camlock.org\/et\/?lang=et\/#website"},"primaryImageOfPage":{"@id":"https:\/\/www.camlock.org\/et\/toode\/b-t-pi-alumiiniumist-camlock\/#primaryimage"},"image":{"@id":"https:\/\/www.camlock.org\/et\/toode\/b-t-pi-alumiiniumist-camlock\/#primaryimage"},"thumbnailUrl":"https:\/\/www.camlock.org\/wp-content\/uploads\/2019\/12\/Camlock_Aluminium_type_B_50mm_D200AL.jpg","datePublished":"2019-12-22T08:15:13+00:00","dateModified":"2025-05-12T10:04:38+00:00","description":"B-t\u00fc\u00fcpi alumiiniumist nukklukk- ja soonmuhvid muudavad vooliku \u00fchendamise\/l\u00f5petamise imelihtne ning v\u00e4listavad keerulise niidi ja \u00e4\u00e4riku kasutamise. Sisestate lihtsalt isasadapteri emasliitmikusse, kuni tihendiga on kontakt.","breadcrumb":{"@id":"https:\/\/www.camlock.org\/et\/toode\/b-t-pi-alumiiniumist-camlock\/#breadcrumb"},"inLanguage":"et","potentialAction":[{"@type":"ReadAction","target":["https:\/\/www.camlock.org\/et\/toode\/b-t-pi-alumiiniumist-camlock\/"]}]},{"@type":"ImageObject","inLanguage":"et","@id":"https:\/\/www.camlock.org\/et\/toode\/b-t-pi-alumiiniumist-camlock\/#primaryimage","url":"https:\/\/www.camlock.org\/wp-content\/uploads\/2019\/12\/Camlock_Aluminium_type_B_50mm_D200AL.jpg","contentUrl":"https:\/\/www.camlock.org\/wp-content\/uploads\/2019\/12\/Camlock_Aluminium_type_B_50mm_D200AL.jpg","width":1000,"height":1000,"caption":"T\u00fc\u00fcp B alumiiniumist Camlock sisustamine - naissoost haakeseadis \u00d7 Mees BSP l\u00f5ng 50mm D200AL"},{"@type":"BreadcrumbList","@id":"https:\/\/www.camlock.org\/et\/toode\/b-t-pi-alumiiniumist-camlock\/#breadcrumb","itemListElement":[{"@type":"ListItem","position":1,"name":"Home","item":"https:\/\/www.camlock.org\/et\/"},{"@type":"ListItem","position":2,"name":"Pood","item":"https:\/\/www.camlock.org\/et\/pood\/"},{"@type":"ListItem","position":3,"name":"B-t\u00fc\u00fcpi alumiiniumist nukklukuga keermestatud v\u00e4lis\u00fchendusliitmik"}]},{"@type":"WebSite","@id":"https:\/\/www.camlock.org\/et\/?lang=et\/#website","url":"https:\/\/www.camlock.org\/et\/?lang=et\/","name":"Camlock Fittings, Cam-lock liitmikud m\u00fc\u00fck","description":"Camlock Fittings, Cam-lock liitmikud m\u00fc\u00fck","potentialAction":[{"@type":"SearchAction","target":{"@type":"EntryPoint","urlTemplate":"https:\/\/www.camlock.org\/et\/?lang=et\/?s={search_term_string}"},"query-input":{"@type":"PropertyValueSpecification","valueRequired":true,"valueName":"search_term_string"}}],"inLanguage":"et"}]}},"_links":{"self":[{"href":"https:\/\/www.camlock.org\/et\/wp-json\/wp\/v2\/product\/14696","targetHints":{"allow":["GET"]}}],"collection":[{"href":"https:\/\/www.camlock.org\/et\/wp-json\/wp\/v2\/product"}],"about":[{"href":"https:\/\/www.camlock.org\/et\/wp-json\/wp\/v2\/types\/product"}],"wp:featuredmedia":[{"embeddable":true,"href":"https:\/\/www.camlock.org\/et\/wp-json\/wp\/v2\/media\/14769"}],"wp:attachment":[{"href":"https:\/\/www.camlock.org\/et\/wp-json\/wp\/v2\/media?parent=14696"}],"wp:term":[{"taxonomy":"product_brand","embeddable":true,"href":"https:\/\/www.camlock.org\/et\/wp-json\/wp\/v2\/product_brand?post=14696"},{"taxonomy":"product_cat","embeddable":true,"href":"https:\/\/www.camlock.org\/et\/wp-json\/wp\/v2\/product_cat?post=14696"},{"taxonomy":"product_tag","embeddable":true,"href":"https:\/\/www.camlock.org\/et\/wp-json\/wp\/v2\/product_tag?post=14696"}],"curies":[{"name":"wp","href":"https:\/\/api.w.org\/{rel}","templated":true}]}}