{"id":15007,"date":"2019-12-22T17:04:10","date_gmt":"2019-12-22T14:04:19","guid":{"rendered":"https:\/\/www.camlock.org\/?post_type=product&#038;p=15007"},"modified":"2025-05-12T12:51:56","modified_gmt":"2025-05-12T09:51:56","slug":"c-t-pi-alumiiniumist-snaplock-liitmikud","status":"publish","type":"product","link":"https:\/\/www.camlock.org\/et\/toode\/c-t-pi-alumiiniumist-snaplock-liitmikud\/","title":{"rendered":"C-t\u00fc\u00fcpi alumiiniumist Camlock-liitmikud &#8211; voolikukinnitusliitmikud"},"content":{"rendered":"<p>C-t\u00fc\u00fcpi alumiiniumist nukklukkliitmik &#8211; emasliitmik voolikuotsaga &#8211; C-t\u00fc\u00fcpi alumiiniumist nukklukkliitmike \u00fches otsas on emasliitmik ja teises otsas on isasliitmik voolikuotsaga. Nukleaarne camlocki ots v\u00f5tab vastu mis tahes isase camlocki adapteri ja voolikuots sisestatakse mis tahes sobiva suurusega vooliku sisse ja kinnitatakse raskeveokast roostevabast terasest poltklambriga. <\/p>\n","protected":false},"excerpt":{"rendered":"<p>Nukleaarne camlocki ots v\u00f5tab vastu mis tahes isase camlocki adapteri ja vooliku saba sisestatakse mis tahes \u00f5iges suuruses vooliku sisse ja kinnitatakse raske roostevabast terasest poltklambriga. C-t\u00fc\u00fcpi kasutatakse tavaliselt koos A-, E-, F- ja DP-t\u00fc\u00fcpi adapteritega. <\/p>\n","protected":false},"featured_media":15068,"template":"","meta":[],"product_brand":[],"product_cat":[442],"product_tag":[438,225],"class_list":{"0":"post-15007","1":"product","2":"type-product","3":"status-publish","4":"has-post-thumbnail","6":"product_cat-aluminium-camlock-coupling-fittings-et","7":"product_tag-alumiinium","8":"product_tag-type--et","10":"first","11":"onbackorder","12":"taxable","13":"shipping-taxable","14":"purchasable","15":"product-type-variable"},"yoast_head":"<!-- This site is optimized with the Yoast SEO plugin v27.4 - https:\/\/yoast.com\/product\/yoast-seo-wordpress\/ -->\n<title>C-t\u00fc\u00fcpi alumiiniumist Camlock-liitmikud - voolikukinnitusliitmikud -<\/title>\n<meta name=\"description\" content=\"C-t\u00fc\u00fcpi alumiiniumist camlocki ots v\u00f5tab vastu mis tahes isas-camlocki adapteri ja vooliku saba sisestatakse mis tahes \u00f5iges suuruses vooliku sisse ja kinnitatakse raskeveokast roostevabast terasest poltklambriga.\" \/>\n<meta name=\"robots\" content=\"index, follow, max-snippet:-1, max-image-preview:large, max-video-preview:-1\" \/>\n<link rel=\"canonical\" href=\"https:\/\/www.camlock.org\/et\/toode\/c-t-pi-alumiiniumist-snaplock-liitmikud\/\" \/>\n<meta property=\"og:locale\" content=\"et_EE\" \/>\n<meta property=\"og:type\" content=\"article\" \/>\n<meta property=\"og:title\" content=\"C-t\u00fc\u00fcpi alumiiniumist Camlock-liitmikud - voolikukinnitusliitmikud -\" \/>\n<meta property=\"og:description\" content=\"C-t\u00fc\u00fcpi alumiiniumist camlocki ots v\u00f5tab vastu mis tahes isas-camlocki adapteri ja vooliku saba sisestatakse mis tahes \u00f5iges suuruses vooliku sisse ja kinnitatakse raskeveokast roostevabast terasest poltklambriga.\" \/>\n<meta property=\"og:url\" content=\"https:\/\/www.camlock.org\/et\/toode\/c-t-pi-alumiiniumist-snaplock-liitmikud\/\" \/>\n<meta property=\"og:site_name\" content=\"Camlock Fittings, Cam-lock liitmikud m\u00fc\u00fck\" \/>\n<meta property=\"article:modified_time\" content=\"2025-05-12T09:51:56+00:00\" \/>\n<meta property=\"og:image\" content=\"https:\/\/www.camlock.org\/wp-content\/uploads\/2019\/12\/Camlock_Aluminium_type_C_50mm_D200AL.jpg\" \/>\n\t<meta property=\"og:image:width\" content=\"1000\" \/>\n\t<meta property=\"og:image:height\" content=\"1000\" \/>\n\t<meta property=\"og:image:type\" content=\"image\/jpeg\" \/>\n<meta name=\"twitter:card\" content=\"summary_large_image\" \/>\n<script type=\"application\/ld+json\" class=\"yoast-schema-graph\">{\"@context\":\"https:\\\/\\\/schema.org\",\"@graph\":[{\"@type\":\"WebPage\",\"@id\":\"https:\\\/\\\/www.camlock.org\\\/et\\\/toode\\\/c-t-pi-alumiiniumist-snaplock-liitmikud\\\/\",\"url\":\"https:\\\/\\\/www.camlock.org\\\/et\\\/toode\\\/c-t-pi-alumiiniumist-snaplock-liitmikud\\\/\",\"name\":\"C-t\u00fc\u00fcpi alumiiniumist Camlock-liitmikud - voolikukinnitusliitmikud -\",\"isPartOf\":{\"@id\":\"https:\\\/\\\/www.camlock.org\\\/et\\\/?lang=et\\\/#website\"},\"primaryImageOfPage\":{\"@id\":\"https:\\\/\\\/www.camlock.org\\\/et\\\/toode\\\/c-t-pi-alumiiniumist-snaplock-liitmikud\\\/#primaryimage\"},\"image\":{\"@id\":\"https:\\\/\\\/www.camlock.org\\\/et\\\/toode\\\/c-t-pi-alumiiniumist-snaplock-liitmikud\\\/#primaryimage\"},\"thumbnailUrl\":\"https:\\\/\\\/www.camlock.org\\\/wp-content\\\/uploads\\\/2019\\\/12\\\/Camlock_Aluminium_type_C_50mm_D200AL.jpg\",\"datePublished\":\"2019-12-22T14:04:19+00:00\",\"dateModified\":\"2025-05-12T09:51:56+00:00\",\"description\":\"C-t\u00fc\u00fcpi alumiiniumist camlocki ots v\u00f5tab vastu mis tahes isas-camlocki adapteri ja vooliku saba sisestatakse mis tahes \u00f5iges suuruses vooliku sisse ja kinnitatakse raskeveokast roostevabast terasest poltklambriga.\",\"breadcrumb\":{\"@id\":\"https:\\\/\\\/www.camlock.org\\\/et\\\/toode\\\/c-t-pi-alumiiniumist-snaplock-liitmikud\\\/#breadcrumb\"},\"inLanguage\":\"et\",\"potentialAction\":[{\"@type\":\"ReadAction\",\"target\":[\"https:\\\/\\\/www.camlock.org\\\/et\\\/toode\\\/c-t-pi-alumiiniumist-snaplock-liitmikud\\\/\"]}]},{\"@type\":\"ImageObject\",\"inLanguage\":\"et\",\"@id\":\"https:\\\/\\\/www.camlock.org\\\/et\\\/toode\\\/c-t-pi-alumiiniumist-snaplock-liitmikud\\\/#primaryimage\",\"url\":\"https:\\\/\\\/www.camlock.org\\\/wp-content\\\/uploads\\\/2019\\\/12\\\/Camlock_Aluminium_type_C_50mm_D200AL.jpg\",\"contentUrl\":\"https:\\\/\\\/www.camlock.org\\\/wp-content\\\/uploads\\\/2019\\\/12\\\/Camlock_Aluminium_type_C_50mm_D200AL.jpg\",\"width\":1000,\"height\":1000,\"caption\":\"Camlock Alumiinium t\u00fc\u00fcp C 50mm D200AL\"},{\"@type\":\"BreadcrumbList\",\"@id\":\"https:\\\/\\\/www.camlock.org\\\/et\\\/toode\\\/c-t-pi-alumiiniumist-snaplock-liitmikud\\\/#breadcrumb\",\"itemListElement\":[{\"@type\":\"ListItem\",\"position\":1,\"name\":\"Home\",\"item\":\"https:\\\/\\\/www.camlock.org\\\/et\\\/\"},{\"@type\":\"ListItem\",\"position\":2,\"name\":\"Pood\",\"item\":\"https:\\\/\\\/www.camlock.org\\\/et\\\/pood\\\/\"},{\"@type\":\"ListItem\",\"position\":3,\"name\":\"C-t\u00fc\u00fcpi alumiiniumist Camlock-liitmikud &#8211; voolikukinnitusliitmikud\"}]},{\"@type\":\"WebSite\",\"@id\":\"https:\\\/\\\/www.camlock.org\\\/et\\\/?lang=et\\\/#website\",\"url\":\"https:\\\/\\\/www.camlock.org\\\/et\\\/?lang=et\\\/\",\"name\":\"Camlock Fittings, Cam-lock liitmikud m\u00fc\u00fck\",\"description\":\"Camlock Fittings, Cam-lock liitmikud m\u00fc\u00fck\",\"potentialAction\":[{\"@type\":\"SearchAction\",\"target\":{\"@type\":\"EntryPoint\",\"urlTemplate\":\"https:\\\/\\\/www.camlock.org\\\/et\\\/?lang=et\\\/?s={search_term_string}\"},\"query-input\":{\"@type\":\"PropertyValueSpecification\",\"valueRequired\":true,\"valueName\":\"search_term_string\"}}],\"inLanguage\":\"et\"}]}<\/script>\n<!-- \/ Yoast SEO plugin. -->","yoast_head_json":{"title":"C-t\u00fc\u00fcpi alumiiniumist Camlock-liitmikud - voolikukinnitusliitmikud -","description":"C-t\u00fc\u00fcpi alumiiniumist camlocki ots v\u00f5tab vastu mis tahes isas-camlocki adapteri ja vooliku saba sisestatakse mis tahes \u00f5iges suuruses vooliku sisse ja kinnitatakse raskeveokast roostevabast terasest poltklambriga.","robots":{"index":"index","follow":"follow","max-snippet":"max-snippet:-1","max-image-preview":"max-image-preview:large","max-video-preview":"max-video-preview:-1"},"canonical":"https:\/\/www.camlock.org\/et\/toode\/c-t-pi-alumiiniumist-snaplock-liitmikud\/","og_locale":"et_EE","og_type":"article","og_title":"C-t\u00fc\u00fcpi alumiiniumist Camlock-liitmikud - voolikukinnitusliitmikud -","og_description":"C-t\u00fc\u00fcpi alumiiniumist camlocki ots v\u00f5tab vastu mis tahes isas-camlocki adapteri ja vooliku saba sisestatakse mis tahes \u00f5iges suuruses vooliku sisse ja kinnitatakse raskeveokast roostevabast terasest poltklambriga.","og_url":"https:\/\/www.camlock.org\/et\/toode\/c-t-pi-alumiiniumist-snaplock-liitmikud\/","og_site_name":"Camlock Fittings, Cam-lock liitmikud m\u00fc\u00fck","article_modified_time":"2025-05-12T09:51:56+00:00","og_image":[{"width":1000,"height":1000,"url":"https:\/\/www.camlock.org\/wp-content\/uploads\/2019\/12\/Camlock_Aluminium_type_C_50mm_D200AL.jpg","type":"image\/jpeg"}],"twitter_card":"summary_large_image","schema":{"@context":"https:\/\/schema.org","@graph":[{"@type":"WebPage","@id":"https:\/\/www.camlock.org\/et\/toode\/c-t-pi-alumiiniumist-snaplock-liitmikud\/","url":"https:\/\/www.camlock.org\/et\/toode\/c-t-pi-alumiiniumist-snaplock-liitmikud\/","name":"C-t\u00fc\u00fcpi alumiiniumist Camlock-liitmikud - voolikukinnitusliitmikud -","isPartOf":{"@id":"https:\/\/www.camlock.org\/et\/?lang=et\/#website"},"primaryImageOfPage":{"@id":"https:\/\/www.camlock.org\/et\/toode\/c-t-pi-alumiiniumist-snaplock-liitmikud\/#primaryimage"},"image":{"@id":"https:\/\/www.camlock.org\/et\/toode\/c-t-pi-alumiiniumist-snaplock-liitmikud\/#primaryimage"},"thumbnailUrl":"https:\/\/www.camlock.org\/wp-content\/uploads\/2019\/12\/Camlock_Aluminium_type_C_50mm_D200AL.jpg","datePublished":"2019-12-22T14:04:19+00:00","dateModified":"2025-05-12T09:51:56+00:00","description":"C-t\u00fc\u00fcpi alumiiniumist camlocki ots v\u00f5tab vastu mis tahes isas-camlocki adapteri ja vooliku saba sisestatakse mis tahes \u00f5iges suuruses vooliku sisse ja kinnitatakse raskeveokast roostevabast terasest poltklambriga.","breadcrumb":{"@id":"https:\/\/www.camlock.org\/et\/toode\/c-t-pi-alumiiniumist-snaplock-liitmikud\/#breadcrumb"},"inLanguage":"et","potentialAction":[{"@type":"ReadAction","target":["https:\/\/www.camlock.org\/et\/toode\/c-t-pi-alumiiniumist-snaplock-liitmikud\/"]}]},{"@type":"ImageObject","inLanguage":"et","@id":"https:\/\/www.camlock.org\/et\/toode\/c-t-pi-alumiiniumist-snaplock-liitmikud\/#primaryimage","url":"https:\/\/www.camlock.org\/wp-content\/uploads\/2019\/12\/Camlock_Aluminium_type_C_50mm_D200AL.jpg","contentUrl":"https:\/\/www.camlock.org\/wp-content\/uploads\/2019\/12\/Camlock_Aluminium_type_C_50mm_D200AL.jpg","width":1000,"height":1000,"caption":"Camlock Alumiinium t\u00fc\u00fcp C 50mm D200AL"},{"@type":"BreadcrumbList","@id":"https:\/\/www.camlock.org\/et\/toode\/c-t-pi-alumiiniumist-snaplock-liitmikud\/#breadcrumb","itemListElement":[{"@type":"ListItem","position":1,"name":"Home","item":"https:\/\/www.camlock.org\/et\/"},{"@type":"ListItem","position":2,"name":"Pood","item":"https:\/\/www.camlock.org\/et\/pood\/"},{"@type":"ListItem","position":3,"name":"C-t\u00fc\u00fcpi alumiiniumist Camlock-liitmikud &#8211; voolikukinnitusliitmikud"}]},{"@type":"WebSite","@id":"https:\/\/www.camlock.org\/et\/?lang=et\/#website","url":"https:\/\/www.camlock.org\/et\/?lang=et\/","name":"Camlock Fittings, Cam-lock liitmikud m\u00fc\u00fck","description":"Camlock Fittings, Cam-lock liitmikud m\u00fc\u00fck","potentialAction":[{"@type":"SearchAction","target":{"@type":"EntryPoint","urlTemplate":"https:\/\/www.camlock.org\/et\/?lang=et\/?s={search_term_string}"},"query-input":{"@type":"PropertyValueSpecification","valueRequired":true,"valueName":"search_term_string"}}],"inLanguage":"et"}]}},"_links":{"self":[{"href":"https:\/\/www.camlock.org\/et\/wp-json\/wp\/v2\/product\/15007","targetHints":{"allow":["GET"]}}],"collection":[{"href":"https:\/\/www.camlock.org\/et\/wp-json\/wp\/v2\/product"}],"about":[{"href":"https:\/\/www.camlock.org\/et\/wp-json\/wp\/v2\/types\/product"}],"wp:featuredmedia":[{"embeddable":true,"href":"https:\/\/www.camlock.org\/et\/wp-json\/wp\/v2\/media\/15068"}],"wp:attachment":[{"href":"https:\/\/www.camlock.org\/et\/wp-json\/wp\/v2\/media?parent=15007"}],"wp:term":[{"taxonomy":"product_brand","embeddable":true,"href":"https:\/\/www.camlock.org\/et\/wp-json\/wp\/v2\/product_brand?post=15007"},{"taxonomy":"product_cat","embeddable":true,"href":"https:\/\/www.camlock.org\/et\/wp-json\/wp\/v2\/product_cat?post=15007"},{"taxonomy":"product_tag","embeddable":true,"href":"https:\/\/www.camlock.org\/et\/wp-json\/wp\/v2\/product_tag?post=15007"}],"curies":[{"name":"wp","href":"https:\/\/api.w.org\/{rel}","templated":true}]}}