{"id":15279,"date":"2019-12-22T21:50:45","date_gmt":"2019-12-22T18:50:54","guid":{"rendered":"https:\/\/www.camlock.org\/?post_type=product&#038;p=15279"},"modified":"2025-05-12T12:22:20","modified_gmt":"2025-05-12T09:22:20","slug":"d-t-pi-alumiiniumist-snaplock-liitmikud","status":"publish","type":"product","link":"https:\/\/www.camlock.org\/et\/toode\/d-t-pi-alumiiniumist-snaplock-liitmikud\/","title":{"rendered":"D-t\u00fc\u00fcpi alumiiniumist Snaplock liitmikud &#8211; sisekeermega liitmik"},"content":{"rendered":"<p>Nukleaarne camlocki ots sobib mis tahes sama suurusega isas-camlocki liitmikuga. D-t\u00fc\u00fcpi nukklukk\u00fchendusi kasutatakse sageli koos A-t\u00fc\u00fcpi adapteritega ning m\u00f5nikord ka koos sama suurusega E ja F-t\u00fc\u00fcpi ning DP-t\u00fc\u00fcpi (tolmupistik) liitmikega. Alumiiniummuhvid on varustatud roostevabast terasest k\u00e4epidemete, r\u00f5ngaste ja tihvtidega, et pikendada nende eeldatavat kasutusiga.  <\/p>\n","protected":false},"excerpt":{"rendered":"<p>Nimmelukk\u00fchendus BSP-keermega &#8211; D-t\u00fc\u00fcpi nukklukkudel on nukkluku sisemine ots ja sama suurusega BSP-keermega sisemine keermestus.<\/p>\n","protected":false},"featured_media":15352,"template":"","meta":[],"product_brand":[],"product_cat":[442],"product_tag":[438,252],"class_list":{"0":"post-15279","1":"product","2":"type-product","3":"status-publish","4":"has-post-thumbnail","6":"product_cat-aluminium-camlock-coupling-fittings-et","7":"product_tag-alumiinium","8":"product_tag-type-d-et","10":"first","11":"onbackorder","12":"taxable","13":"shipping-taxable","14":"purchasable","15":"product-type-variable"},"yoast_head":"<!-- This site is optimized with the Yoast SEO plugin v27.4 - https:\/\/yoast.com\/product\/yoast-seo-wordpress\/ -->\n<title>D-t\u00fc\u00fcpi alumiiniumist Snaplock liitmikud - sisekeermega liitmik<\/title>\n<meta name=\"description\" content=\"Nukleaarne camlocki ots sobib mis tahes sama suurusega isas-camlocki liitmikuga. D-t\u00fc\u00fcpi nukklukustusliitmikke kasutatakse sageli koos A-t\u00fc\u00fcpi adapteritega ning m\u00f5nikord ka koos sama suurusega E ja F-t\u00fc\u00fcpi ning DP-t\u00fc\u00fcpi (tolmupistik) liitmikega.\" \/>\n<meta name=\"robots\" content=\"index, follow, max-snippet:-1, max-image-preview:large, max-video-preview:-1\" \/>\n<link rel=\"canonical\" href=\"https:\/\/www.camlock.org\/et\/toode\/d-t-pi-alumiiniumist-snaplock-liitmikud\/\" \/>\n<meta property=\"og:locale\" content=\"et_EE\" \/>\n<meta property=\"og:type\" content=\"article\" \/>\n<meta property=\"og:title\" content=\"D-t\u00fc\u00fcpi alumiiniumist Snaplock liitmikud - sisekeermega liitmik\" \/>\n<meta property=\"og:description\" content=\"Nukleaarne camlocki ots sobib mis tahes sama suurusega isas-camlocki liitmikuga. D-t\u00fc\u00fcpi nukklukustusliitmikke kasutatakse sageli koos A-t\u00fc\u00fcpi adapteritega ning m\u00f5nikord ka koos sama suurusega E ja F-t\u00fc\u00fcpi ning DP-t\u00fc\u00fcpi (tolmupistik) liitmikega.\" \/>\n<meta property=\"og:url\" content=\"https:\/\/www.camlock.org\/et\/toode\/d-t-pi-alumiiniumist-snaplock-liitmikud\/\" \/>\n<meta property=\"og:site_name\" content=\"Camlock Fittings, Cam-lock liitmikud m\u00fc\u00fck\" \/>\n<meta property=\"article:modified_time\" content=\"2025-05-12T09:22:20+00:00\" \/>\n<meta property=\"og:image\" content=\"https:\/\/www.camlock.org\/wp-content\/uploads\/2019\/12\/Camlock_Aluminium_type_D_50mm_D200AL.jpg\" \/>\n\t<meta property=\"og:image:width\" content=\"1000\" \/>\n\t<meta property=\"og:image:height\" content=\"1000\" \/>\n\t<meta property=\"og:image:type\" content=\"image\/jpeg\" \/>\n<meta name=\"twitter:card\" content=\"summary_large_image\" \/>\n<script type=\"application\/ld+json\" class=\"yoast-schema-graph\">{\"@context\":\"https:\\\/\\\/schema.org\",\"@graph\":[{\"@type\":\"WebPage\",\"@id\":\"https:\\\/\\\/www.camlock.org\\\/et\\\/toode\\\/d-t-pi-alumiiniumist-snaplock-liitmikud\\\/\",\"url\":\"https:\\\/\\\/www.camlock.org\\\/et\\\/toode\\\/d-t-pi-alumiiniumist-snaplock-liitmikud\\\/\",\"name\":\"D-t\u00fc\u00fcpi alumiiniumist Snaplock liitmikud - sisekeermega liitmik\",\"isPartOf\":{\"@id\":\"https:\\\/\\\/www.camlock.org\\\/et\\\/?lang=et\\\/#website\"},\"primaryImageOfPage\":{\"@id\":\"https:\\\/\\\/www.camlock.org\\\/et\\\/toode\\\/d-t-pi-alumiiniumist-snaplock-liitmikud\\\/#primaryimage\"},\"image\":{\"@id\":\"https:\\\/\\\/www.camlock.org\\\/et\\\/toode\\\/d-t-pi-alumiiniumist-snaplock-liitmikud\\\/#primaryimage\"},\"thumbnailUrl\":\"https:\\\/\\\/www.camlock.org\\\/wp-content\\\/uploads\\\/2019\\\/12\\\/Camlock_Aluminium_type_D_50mm_D200AL.jpg\",\"datePublished\":\"2019-12-22T18:50:54+00:00\",\"dateModified\":\"2025-05-12T09:22:20+00:00\",\"description\":\"Nukleaarne camlocki ots sobib mis tahes sama suurusega isas-camlocki liitmikuga. D-t\u00fc\u00fcpi nukklukustusliitmikke kasutatakse sageli koos A-t\u00fc\u00fcpi adapteritega ning m\u00f5nikord ka koos sama suurusega E ja F-t\u00fc\u00fcpi ning DP-t\u00fc\u00fcpi (tolmupistik) liitmikega.\",\"breadcrumb\":{\"@id\":\"https:\\\/\\\/www.camlock.org\\\/et\\\/toode\\\/d-t-pi-alumiiniumist-snaplock-liitmikud\\\/#breadcrumb\"},\"inLanguage\":\"et\",\"potentialAction\":[{\"@type\":\"ReadAction\",\"target\":[\"https:\\\/\\\/www.camlock.org\\\/et\\\/toode\\\/d-t-pi-alumiiniumist-snaplock-liitmikud\\\/\"]}]},{\"@type\":\"ImageObject\",\"inLanguage\":\"et\",\"@id\":\"https:\\\/\\\/www.camlock.org\\\/et\\\/toode\\\/d-t-pi-alumiiniumist-snaplock-liitmikud\\\/#primaryimage\",\"url\":\"https:\\\/\\\/www.camlock.org\\\/wp-content\\\/uploads\\\/2019\\\/12\\\/Camlock_Aluminium_type_D_50mm_D200AL.jpg\",\"contentUrl\":\"https:\\\/\\\/www.camlock.org\\\/wp-content\\\/uploads\\\/2019\\\/12\\\/Camlock_Aluminium_type_D_50mm_D200AL.jpg\",\"width\":1000,\"height\":1000,\"caption\":\"Camlock Alumiinium t\u00fc\u00fcp D 50mm D200AL\"},{\"@type\":\"BreadcrumbList\",\"@id\":\"https:\\\/\\\/www.camlock.org\\\/et\\\/toode\\\/d-t-pi-alumiiniumist-snaplock-liitmikud\\\/#breadcrumb\",\"itemListElement\":[{\"@type\":\"ListItem\",\"position\":1,\"name\":\"Home\",\"item\":\"https:\\\/\\\/www.camlock.org\\\/et\\\/\"},{\"@type\":\"ListItem\",\"position\":2,\"name\":\"Pood\",\"item\":\"https:\\\/\\\/www.camlock.org\\\/et\\\/pood\\\/\"},{\"@type\":\"ListItem\",\"position\":3,\"name\":\"D-t\u00fc\u00fcpi alumiiniumist Snaplock liitmikud &#8211; sisekeermega liitmik\"}]},{\"@type\":\"WebSite\",\"@id\":\"https:\\\/\\\/www.camlock.org\\\/et\\\/?lang=et\\\/#website\",\"url\":\"https:\\\/\\\/www.camlock.org\\\/et\\\/?lang=et\\\/\",\"name\":\"Camlock Fittings, Cam-lock liitmikud m\u00fc\u00fck\",\"description\":\"Camlock Fittings, Cam-lock liitmikud m\u00fc\u00fck\",\"potentialAction\":[{\"@type\":\"SearchAction\",\"target\":{\"@type\":\"EntryPoint\",\"urlTemplate\":\"https:\\\/\\\/www.camlock.org\\\/et\\\/?lang=et\\\/?s={search_term_string}\"},\"query-input\":{\"@type\":\"PropertyValueSpecification\",\"valueRequired\":true,\"valueName\":\"search_term_string\"}}],\"inLanguage\":\"et\"}]}<\/script>\n<!-- \/ Yoast SEO plugin. -->","yoast_head_json":{"title":"D-t\u00fc\u00fcpi alumiiniumist Snaplock liitmikud - sisekeermega liitmik","description":"Nukleaarne camlocki ots sobib mis tahes sama suurusega isas-camlocki liitmikuga. D-t\u00fc\u00fcpi nukklukustusliitmikke kasutatakse sageli koos A-t\u00fc\u00fcpi adapteritega ning m\u00f5nikord ka koos sama suurusega E ja F-t\u00fc\u00fcpi ning DP-t\u00fc\u00fcpi (tolmupistik) liitmikega.","robots":{"index":"index","follow":"follow","max-snippet":"max-snippet:-1","max-image-preview":"max-image-preview:large","max-video-preview":"max-video-preview:-1"},"canonical":"https:\/\/www.camlock.org\/et\/toode\/d-t-pi-alumiiniumist-snaplock-liitmikud\/","og_locale":"et_EE","og_type":"article","og_title":"D-t\u00fc\u00fcpi alumiiniumist Snaplock liitmikud - sisekeermega liitmik","og_description":"Nukleaarne camlocki ots sobib mis tahes sama suurusega isas-camlocki liitmikuga. D-t\u00fc\u00fcpi nukklukustusliitmikke kasutatakse sageli koos A-t\u00fc\u00fcpi adapteritega ning m\u00f5nikord ka koos sama suurusega E ja F-t\u00fc\u00fcpi ning DP-t\u00fc\u00fcpi (tolmupistik) liitmikega.","og_url":"https:\/\/www.camlock.org\/et\/toode\/d-t-pi-alumiiniumist-snaplock-liitmikud\/","og_site_name":"Camlock Fittings, Cam-lock liitmikud m\u00fc\u00fck","article_modified_time":"2025-05-12T09:22:20+00:00","og_image":[{"width":1000,"height":1000,"url":"https:\/\/www.camlock.org\/wp-content\/uploads\/2019\/12\/Camlock_Aluminium_type_D_50mm_D200AL.jpg","type":"image\/jpeg"}],"twitter_card":"summary_large_image","schema":{"@context":"https:\/\/schema.org","@graph":[{"@type":"WebPage","@id":"https:\/\/www.camlock.org\/et\/toode\/d-t-pi-alumiiniumist-snaplock-liitmikud\/","url":"https:\/\/www.camlock.org\/et\/toode\/d-t-pi-alumiiniumist-snaplock-liitmikud\/","name":"D-t\u00fc\u00fcpi alumiiniumist Snaplock liitmikud - sisekeermega liitmik","isPartOf":{"@id":"https:\/\/www.camlock.org\/et\/?lang=et\/#website"},"primaryImageOfPage":{"@id":"https:\/\/www.camlock.org\/et\/toode\/d-t-pi-alumiiniumist-snaplock-liitmikud\/#primaryimage"},"image":{"@id":"https:\/\/www.camlock.org\/et\/toode\/d-t-pi-alumiiniumist-snaplock-liitmikud\/#primaryimage"},"thumbnailUrl":"https:\/\/www.camlock.org\/wp-content\/uploads\/2019\/12\/Camlock_Aluminium_type_D_50mm_D200AL.jpg","datePublished":"2019-12-22T18:50:54+00:00","dateModified":"2025-05-12T09:22:20+00:00","description":"Nukleaarne camlocki ots sobib mis tahes sama suurusega isas-camlocki liitmikuga. D-t\u00fc\u00fcpi nukklukustusliitmikke kasutatakse sageli koos A-t\u00fc\u00fcpi adapteritega ning m\u00f5nikord ka koos sama suurusega E ja F-t\u00fc\u00fcpi ning DP-t\u00fc\u00fcpi (tolmupistik) liitmikega.","breadcrumb":{"@id":"https:\/\/www.camlock.org\/et\/toode\/d-t-pi-alumiiniumist-snaplock-liitmikud\/#breadcrumb"},"inLanguage":"et","potentialAction":[{"@type":"ReadAction","target":["https:\/\/www.camlock.org\/et\/toode\/d-t-pi-alumiiniumist-snaplock-liitmikud\/"]}]},{"@type":"ImageObject","inLanguage":"et","@id":"https:\/\/www.camlock.org\/et\/toode\/d-t-pi-alumiiniumist-snaplock-liitmikud\/#primaryimage","url":"https:\/\/www.camlock.org\/wp-content\/uploads\/2019\/12\/Camlock_Aluminium_type_D_50mm_D200AL.jpg","contentUrl":"https:\/\/www.camlock.org\/wp-content\/uploads\/2019\/12\/Camlock_Aluminium_type_D_50mm_D200AL.jpg","width":1000,"height":1000,"caption":"Camlock Alumiinium t\u00fc\u00fcp D 50mm D200AL"},{"@type":"BreadcrumbList","@id":"https:\/\/www.camlock.org\/et\/toode\/d-t-pi-alumiiniumist-snaplock-liitmikud\/#breadcrumb","itemListElement":[{"@type":"ListItem","position":1,"name":"Home","item":"https:\/\/www.camlock.org\/et\/"},{"@type":"ListItem","position":2,"name":"Pood","item":"https:\/\/www.camlock.org\/et\/pood\/"},{"@type":"ListItem","position":3,"name":"D-t\u00fc\u00fcpi alumiiniumist Snaplock liitmikud &#8211; sisekeermega liitmik"}]},{"@type":"WebSite","@id":"https:\/\/www.camlock.org\/et\/?lang=et\/#website","url":"https:\/\/www.camlock.org\/et\/?lang=et\/","name":"Camlock Fittings, Cam-lock liitmikud m\u00fc\u00fck","description":"Camlock Fittings, Cam-lock liitmikud m\u00fc\u00fck","potentialAction":[{"@type":"SearchAction","target":{"@type":"EntryPoint","urlTemplate":"https:\/\/www.camlock.org\/et\/?lang=et\/?s={search_term_string}"},"query-input":{"@type":"PropertyValueSpecification","valueRequired":true,"valueName":"search_term_string"}}],"inLanguage":"et"}]}},"_links":{"self":[{"href":"https:\/\/www.camlock.org\/et\/wp-json\/wp\/v2\/product\/15279","targetHints":{"allow":["GET"]}}],"collection":[{"href":"https:\/\/www.camlock.org\/et\/wp-json\/wp\/v2\/product"}],"about":[{"href":"https:\/\/www.camlock.org\/et\/wp-json\/wp\/v2\/types\/product"}],"wp:featuredmedia":[{"embeddable":true,"href":"https:\/\/www.camlock.org\/et\/wp-json\/wp\/v2\/media\/15352"}],"wp:attachment":[{"href":"https:\/\/www.camlock.org\/et\/wp-json\/wp\/v2\/media?parent=15279"}],"wp:term":[{"taxonomy":"product_brand","embeddable":true,"href":"https:\/\/www.camlock.org\/et\/wp-json\/wp\/v2\/product_brand?post=15279"},{"taxonomy":"product_cat","embeddable":true,"href":"https:\/\/www.camlock.org\/et\/wp-json\/wp\/v2\/product_cat?post=15279"},{"taxonomy":"product_tag","embeddable":true,"href":"https:\/\/www.camlock.org\/et\/wp-json\/wp\/v2\/product_tag?post=15279"}],"curies":[{"name":"wp","href":"https:\/\/api.w.org\/{rel}","templated":true}]}}