{"id":15607,"date":"2019-12-22T23:11:17","date_gmt":"2019-12-22T20:11:19","guid":{"rendered":"https:\/\/www.camlock.org\/?post_type=product&#038;p=15607"},"modified":"2025-05-12T11:43:50","modified_gmt":"2025-05-12T08:43:50","slug":"t-p-e-alumiiniumist-snaplock-liitmikud","status":"publish","type":"product","link":"https:\/\/www.camlock.org\/et\/toode\/t-p-e-alumiiniumist-snaplock-liitmikud\/","title":{"rendered":"E-t\u00fc\u00fcpi alumiiniumist Camlock liitmikud &#8211; voolikuadapter"},"content":{"rendered":"<p>E-t\u00fc\u00fcpi alumiiniumist nukklukk t\u00e4hendab isasadapterit voolikuotsaga &#8211; E-t\u00fc\u00fcpi nukklukul on \u00fches otsas isane nukklukk ja teises otsas isane voolikuots. Isaspoolne nukkluku ots v\u00f5tab vastu mis tahes naissoost nukklukuadapteri ja voolikuots sisestatakse mis tahes sobiva suurusega vooliku sisse ja kinnitatakse raskeveokast roostevabast terasest poltklambriga. <\/p>\n","protected":false},"excerpt":{"rendered":"<p>E-t\u00fc\u00fcpi adapterit kasutatakse tavaliselt koos C-t\u00fc\u00fcpi haakeseadisega. Seda E-t\u00fc\u00fcpi adapterit v\u00f5ib siiski kasutada koos B- v\u00f5i D-t\u00fc\u00fcpi \u00fchendusega ning sobiva suurusega DC (tolmukork). <\/p>\n","protected":false},"featured_media":15656,"template":"","meta":[],"product_brand":[],"product_cat":[442],"product_tag":[438,269],"class_list":{"0":"post-15607","1":"product","2":"type-product","3":"status-publish","4":"has-post-thumbnail","6":"product_cat-aluminium-camlock-coupling-fittings-et","7":"product_tag-alumiinium","8":"product_tag-type-e-et","10":"first","11":"onbackorder","12":"taxable","13":"shipping-taxable","14":"purchasable","15":"product-type-variable"},"yoast_head":"<!-- This site is optimized with the Yoast SEO plugin v27.4 - https:\/\/yoast.com\/product\/yoast-seo-wordpress\/ -->\n<title>E-t\u00fc\u00fcpi alumiiniumist Camlock liitmikud - voolikuadapter<\/title>\n<meta name=\"description\" content=\"E-t\u00fc\u00fcpi alumiiniumist liitmik t\u00e4hendab isasadapterit voolikuotsaga - E-t\u00fc\u00fcpi nokklukul on \u00fches otsas isasnokklukk ja teises otsas isasvoolikuots.\" \/>\n<meta name=\"robots\" content=\"index, follow, max-snippet:-1, max-image-preview:large, max-video-preview:-1\" \/>\n<link rel=\"canonical\" href=\"https:\/\/www.camlock.org\/et\/toode\/t-p-e-alumiiniumist-snaplock-liitmikud\/\" \/>\n<meta property=\"og:locale\" content=\"et_EE\" \/>\n<meta property=\"og:type\" content=\"article\" \/>\n<meta property=\"og:title\" content=\"E-t\u00fc\u00fcpi alumiiniumist Camlock liitmikud - voolikuadapter\" \/>\n<meta property=\"og:description\" content=\"E-t\u00fc\u00fcpi alumiiniumist liitmik t\u00e4hendab isasadapterit voolikuotsaga - E-t\u00fc\u00fcpi nokklukul on \u00fches otsas isasnokklukk ja teises otsas isasvoolikuots.\" \/>\n<meta property=\"og:url\" content=\"https:\/\/www.camlock.org\/et\/toode\/t-p-e-alumiiniumist-snaplock-liitmikud\/\" \/>\n<meta property=\"og:site_name\" content=\"Camlock Fittings, Cam-lock liitmikud m\u00fc\u00fck\" \/>\n<meta property=\"article:modified_time\" content=\"2025-05-12T08:43:50+00:00\" \/>\n<meta property=\"og:image\" content=\"https:\/\/www.camlock.org\/wp-content\/uploads\/2019\/12\/Camlock_Aluminium_type_E_50mm_D200AL.jpg\" \/>\n\t<meta property=\"og:image:width\" content=\"1000\" \/>\n\t<meta property=\"og:image:height\" content=\"1000\" \/>\n\t<meta property=\"og:image:type\" content=\"image\/jpeg\" \/>\n<meta name=\"twitter:card\" content=\"summary_large_image\" \/>\n<script type=\"application\/ld+json\" class=\"yoast-schema-graph\">{\"@context\":\"https:\\\/\\\/schema.org\",\"@graph\":[{\"@type\":\"WebPage\",\"@id\":\"https:\\\/\\\/www.camlock.org\\\/et\\\/toode\\\/t-p-e-alumiiniumist-snaplock-liitmikud\\\/\",\"url\":\"https:\\\/\\\/www.camlock.org\\\/et\\\/toode\\\/t-p-e-alumiiniumist-snaplock-liitmikud\\\/\",\"name\":\"E-t\u00fc\u00fcpi alumiiniumist Camlock liitmikud - voolikuadapter\",\"isPartOf\":{\"@id\":\"https:\\\/\\\/www.camlock.org\\\/et\\\/?lang=et\\\/#website\"},\"primaryImageOfPage\":{\"@id\":\"https:\\\/\\\/www.camlock.org\\\/et\\\/toode\\\/t-p-e-alumiiniumist-snaplock-liitmikud\\\/#primaryimage\"},\"image\":{\"@id\":\"https:\\\/\\\/www.camlock.org\\\/et\\\/toode\\\/t-p-e-alumiiniumist-snaplock-liitmikud\\\/#primaryimage\"},\"thumbnailUrl\":\"https:\\\/\\\/www.camlock.org\\\/wp-content\\\/uploads\\\/2019\\\/12\\\/Camlock_Aluminium_type_E_50mm_D200AL.jpg\",\"datePublished\":\"2019-12-22T20:11:19+00:00\",\"dateModified\":\"2025-05-12T08:43:50+00:00\",\"description\":\"E-t\u00fc\u00fcpi alumiiniumist liitmik t\u00e4hendab isasadapterit voolikuotsaga - E-t\u00fc\u00fcpi nokklukul on \u00fches otsas isasnokklukk ja teises otsas isasvoolikuots.\",\"breadcrumb\":{\"@id\":\"https:\\\/\\\/www.camlock.org\\\/et\\\/toode\\\/t-p-e-alumiiniumist-snaplock-liitmikud\\\/#breadcrumb\"},\"inLanguage\":\"et\",\"potentialAction\":[{\"@type\":\"ReadAction\",\"target\":[\"https:\\\/\\\/www.camlock.org\\\/et\\\/toode\\\/t-p-e-alumiiniumist-snaplock-liitmikud\\\/\"]}]},{\"@type\":\"ImageObject\",\"inLanguage\":\"et\",\"@id\":\"https:\\\/\\\/www.camlock.org\\\/et\\\/toode\\\/t-p-e-alumiiniumist-snaplock-liitmikud\\\/#primaryimage\",\"url\":\"https:\\\/\\\/www.camlock.org\\\/wp-content\\\/uploads\\\/2019\\\/12\\\/Camlock_Aluminium_type_E_50mm_D200AL.jpg\",\"contentUrl\":\"https:\\\/\\\/www.camlock.org\\\/wp-content\\\/uploads\\\/2019\\\/12\\\/Camlock_Aluminium_type_E_50mm_D200AL.jpg\",\"width\":1000,\"height\":1000,\"caption\":\"Camlock Alumiinium t\u00fc\u00fcp E 50mm D200AL\"},{\"@type\":\"BreadcrumbList\",\"@id\":\"https:\\\/\\\/www.camlock.org\\\/et\\\/toode\\\/t-p-e-alumiiniumist-snaplock-liitmikud\\\/#breadcrumb\",\"itemListElement\":[{\"@type\":\"ListItem\",\"position\":1,\"name\":\"Home\",\"item\":\"https:\\\/\\\/www.camlock.org\\\/et\\\/\"},{\"@type\":\"ListItem\",\"position\":2,\"name\":\"Pood\",\"item\":\"https:\\\/\\\/www.camlock.org\\\/et\\\/pood\\\/\"},{\"@type\":\"ListItem\",\"position\":3,\"name\":\"E-t\u00fc\u00fcpi alumiiniumist Camlock liitmikud &#8211; voolikuadapter\"}]},{\"@type\":\"WebSite\",\"@id\":\"https:\\\/\\\/www.camlock.org\\\/et\\\/?lang=et\\\/#website\",\"url\":\"https:\\\/\\\/www.camlock.org\\\/et\\\/?lang=et\\\/\",\"name\":\"Camlock Fittings, Cam-lock liitmikud m\u00fc\u00fck\",\"description\":\"Camlock Fittings, Cam-lock liitmikud m\u00fc\u00fck\",\"potentialAction\":[{\"@type\":\"SearchAction\",\"target\":{\"@type\":\"EntryPoint\",\"urlTemplate\":\"https:\\\/\\\/www.camlock.org\\\/et\\\/?lang=et\\\/?s={search_term_string}\"},\"query-input\":{\"@type\":\"PropertyValueSpecification\",\"valueRequired\":true,\"valueName\":\"search_term_string\"}}],\"inLanguage\":\"et\"}]}<\/script>\n<!-- \/ Yoast SEO plugin. -->","yoast_head_json":{"title":"E-t\u00fc\u00fcpi alumiiniumist Camlock liitmikud - voolikuadapter","description":"E-t\u00fc\u00fcpi alumiiniumist liitmik t\u00e4hendab isasadapterit voolikuotsaga - E-t\u00fc\u00fcpi nokklukul on \u00fches otsas isasnokklukk ja teises otsas isasvoolikuots.","robots":{"index":"index","follow":"follow","max-snippet":"max-snippet:-1","max-image-preview":"max-image-preview:large","max-video-preview":"max-video-preview:-1"},"canonical":"https:\/\/www.camlock.org\/et\/toode\/t-p-e-alumiiniumist-snaplock-liitmikud\/","og_locale":"et_EE","og_type":"article","og_title":"E-t\u00fc\u00fcpi alumiiniumist Camlock liitmikud - voolikuadapter","og_description":"E-t\u00fc\u00fcpi alumiiniumist liitmik t\u00e4hendab isasadapterit voolikuotsaga - E-t\u00fc\u00fcpi nokklukul on \u00fches otsas isasnokklukk ja teises otsas isasvoolikuots.","og_url":"https:\/\/www.camlock.org\/et\/toode\/t-p-e-alumiiniumist-snaplock-liitmikud\/","og_site_name":"Camlock Fittings, Cam-lock liitmikud m\u00fc\u00fck","article_modified_time":"2025-05-12T08:43:50+00:00","og_image":[{"width":1000,"height":1000,"url":"https:\/\/www.camlock.org\/wp-content\/uploads\/2019\/12\/Camlock_Aluminium_type_E_50mm_D200AL.jpg","type":"image\/jpeg"}],"twitter_card":"summary_large_image","schema":{"@context":"https:\/\/schema.org","@graph":[{"@type":"WebPage","@id":"https:\/\/www.camlock.org\/et\/toode\/t-p-e-alumiiniumist-snaplock-liitmikud\/","url":"https:\/\/www.camlock.org\/et\/toode\/t-p-e-alumiiniumist-snaplock-liitmikud\/","name":"E-t\u00fc\u00fcpi alumiiniumist Camlock liitmikud - voolikuadapter","isPartOf":{"@id":"https:\/\/www.camlock.org\/et\/?lang=et\/#website"},"primaryImageOfPage":{"@id":"https:\/\/www.camlock.org\/et\/toode\/t-p-e-alumiiniumist-snaplock-liitmikud\/#primaryimage"},"image":{"@id":"https:\/\/www.camlock.org\/et\/toode\/t-p-e-alumiiniumist-snaplock-liitmikud\/#primaryimage"},"thumbnailUrl":"https:\/\/www.camlock.org\/wp-content\/uploads\/2019\/12\/Camlock_Aluminium_type_E_50mm_D200AL.jpg","datePublished":"2019-12-22T20:11:19+00:00","dateModified":"2025-05-12T08:43:50+00:00","description":"E-t\u00fc\u00fcpi alumiiniumist liitmik t\u00e4hendab isasadapterit voolikuotsaga - E-t\u00fc\u00fcpi nokklukul on \u00fches otsas isasnokklukk ja teises otsas isasvoolikuots.","breadcrumb":{"@id":"https:\/\/www.camlock.org\/et\/toode\/t-p-e-alumiiniumist-snaplock-liitmikud\/#breadcrumb"},"inLanguage":"et","potentialAction":[{"@type":"ReadAction","target":["https:\/\/www.camlock.org\/et\/toode\/t-p-e-alumiiniumist-snaplock-liitmikud\/"]}]},{"@type":"ImageObject","inLanguage":"et","@id":"https:\/\/www.camlock.org\/et\/toode\/t-p-e-alumiiniumist-snaplock-liitmikud\/#primaryimage","url":"https:\/\/www.camlock.org\/wp-content\/uploads\/2019\/12\/Camlock_Aluminium_type_E_50mm_D200AL.jpg","contentUrl":"https:\/\/www.camlock.org\/wp-content\/uploads\/2019\/12\/Camlock_Aluminium_type_E_50mm_D200AL.jpg","width":1000,"height":1000,"caption":"Camlock Alumiinium t\u00fc\u00fcp E 50mm D200AL"},{"@type":"BreadcrumbList","@id":"https:\/\/www.camlock.org\/et\/toode\/t-p-e-alumiiniumist-snaplock-liitmikud\/#breadcrumb","itemListElement":[{"@type":"ListItem","position":1,"name":"Home","item":"https:\/\/www.camlock.org\/et\/"},{"@type":"ListItem","position":2,"name":"Pood","item":"https:\/\/www.camlock.org\/et\/pood\/"},{"@type":"ListItem","position":3,"name":"E-t\u00fc\u00fcpi alumiiniumist Camlock liitmikud &#8211; voolikuadapter"}]},{"@type":"WebSite","@id":"https:\/\/www.camlock.org\/et\/?lang=et\/#website","url":"https:\/\/www.camlock.org\/et\/?lang=et\/","name":"Camlock Fittings, Cam-lock liitmikud m\u00fc\u00fck","description":"Camlock Fittings, Cam-lock liitmikud m\u00fc\u00fck","potentialAction":[{"@type":"SearchAction","target":{"@type":"EntryPoint","urlTemplate":"https:\/\/www.camlock.org\/et\/?lang=et\/?s={search_term_string}"},"query-input":{"@type":"PropertyValueSpecification","valueRequired":true,"valueName":"search_term_string"}}],"inLanguage":"et"}]}},"_links":{"self":[{"href":"https:\/\/www.camlock.org\/et\/wp-json\/wp\/v2\/product\/15607","targetHints":{"allow":["GET"]}}],"collection":[{"href":"https:\/\/www.camlock.org\/et\/wp-json\/wp\/v2\/product"}],"about":[{"href":"https:\/\/www.camlock.org\/et\/wp-json\/wp\/v2\/types\/product"}],"wp:featuredmedia":[{"embeddable":true,"href":"https:\/\/www.camlock.org\/et\/wp-json\/wp\/v2\/media\/15656"}],"wp:attachment":[{"href":"https:\/\/www.camlock.org\/et\/wp-json\/wp\/v2\/media?parent=15607"}],"wp:term":[{"taxonomy":"product_brand","embeddable":true,"href":"https:\/\/www.camlock.org\/et\/wp-json\/wp\/v2\/product_brand?post=15607"},{"taxonomy":"product_cat","embeddable":true,"href":"https:\/\/www.camlock.org\/et\/wp-json\/wp\/v2\/product_cat?post=15607"},{"taxonomy":"product_tag","embeddable":true,"href":"https:\/\/www.camlock.org\/et\/wp-json\/wp\/v2\/product_tag?post=15607"}],"curies":[{"name":"wp","href":"https:\/\/api.w.org\/{rel}","templated":true}]}}