{"id":15696,"date":"2019-12-23T00:51:42","date_gmt":"2019-12-22T21:51:44","guid":{"rendered":"https:\/\/www.camlock.org\/?post_type=product&#038;p=15696"},"modified":"2025-05-12T11:33:52","modified_gmt":"2025-05-12T08:33:52","slug":"f-t-pi-alumiiniumist-snaplock-liitmikud","status":"publish","type":"product","link":"https:\/\/www.camlock.org\/et\/toode\/f-t-pi-alumiiniumist-snaplock-liitmikud\/","title":{"rendered":"F-t\u00fc\u00fcpi alumiiniumist Snaplock liitmikud &#8211; v\u00e4liskeermega adapter"},"content":{"rendered":"<p>F-t\u00fc\u00fcpi alumiiniumist Snaplock-muhve kasutatakse sageli tulet\u00f5rjepumpades v\u00f5i IBC-pumpades v\u00f5i rakendustes, kus on vaja kiir\u00fchendust \/ -l\u00fclitust. Vooliku kiirliitmik s\u00e4\u00e4stab palju rohkem aega kui keermete v\u00f5i \u00e4\u00e4rik\u00fchenduste kinnitamine. <\/p>\n","protected":false},"excerpt":{"rendered":"<p>Alumiiniumist Camlock adapter t\u00fc\u00fcp F &#8211; omab soonega v\u00e4lisadapterit ja sama suurusega BSP\/NPT v\u00e4liskeerme. F-t\u00fc\u00fcpi kasutatakse sageli koos C-, B-, D- ja DC-t\u00fc\u00fcpi \u00fchendustega. <\/p>\n","protected":false},"featured_media":15724,"template":"","meta":[],"product_brand":[],"product_cat":[442],"product_tag":[438,270],"class_list":{"0":"post-15696","1":"product","2":"type-product","3":"status-publish","4":"has-post-thumbnail","6":"product_cat-aluminium-camlock-coupling-fittings-et","7":"product_tag-alumiinium","8":"product_tag-type-f-et","10":"first","11":"onbackorder","12":"taxable","13":"shipping-taxable","14":"purchasable","15":"product-type-variable"},"yoast_head":"<!-- This site is optimized with the Yoast SEO plugin v27.4 - https:\/\/yoast.com\/product\/yoast-seo-wordpress\/ -->\n<title>F-t\u00fc\u00fcpi alumiiniumist Snaplock liitmikud - v\u00e4liskeermega adapter<\/title>\n<meta name=\"description\" content=\"Alumiiniumist Camlock adapter t\u00fc\u00fcp F - omab soonega v\u00e4lisadapterit ja sama suurusega BSP\/NPT v\u00e4liskeerme. F-t\u00fc\u00fcpi kasutatakse sageli koos C-, B-, D- ja DC-t\u00fc\u00fcbiga.\" \/>\n<meta name=\"robots\" content=\"index, follow, max-snippet:-1, max-image-preview:large, max-video-preview:-1\" \/>\n<link rel=\"canonical\" href=\"https:\/\/www.camlock.org\/et\/toode\/f-t-pi-alumiiniumist-snaplock-liitmikud\/\" \/>\n<meta property=\"og:locale\" content=\"et_EE\" \/>\n<meta property=\"og:type\" content=\"article\" \/>\n<meta property=\"og:title\" content=\"F-t\u00fc\u00fcpi alumiiniumist Snaplock liitmikud - v\u00e4liskeermega adapter\" \/>\n<meta property=\"og:description\" content=\"Alumiiniumist Camlock adapter t\u00fc\u00fcp F - omab soonega v\u00e4lisadapterit ja sama suurusega BSP\/NPT v\u00e4liskeerme. F-t\u00fc\u00fcpi kasutatakse sageli koos C-, B-, D- ja DC-t\u00fc\u00fcbiga.\" \/>\n<meta property=\"og:url\" content=\"https:\/\/www.camlock.org\/et\/toode\/f-t-pi-alumiiniumist-snaplock-liitmikud\/\" \/>\n<meta property=\"og:site_name\" content=\"Camlock Fittings, Cam-lock liitmikud m\u00fc\u00fck\" \/>\n<meta property=\"article:modified_time\" content=\"2025-05-12T08:33:52+00:00\" \/>\n<meta property=\"og:image\" content=\"https:\/\/www.camlock.org\/wp-content\/uploads\/2019\/12\/Camlock_Aluminium_type_F_38mm_D150AL.jpg\" \/>\n\t<meta property=\"og:image:width\" content=\"1000\" \/>\n\t<meta property=\"og:image:height\" content=\"1000\" \/>\n\t<meta property=\"og:image:type\" content=\"image\/jpeg\" \/>\n<meta name=\"twitter:card\" content=\"summary_large_image\" \/>\n<script type=\"application\/ld+json\" class=\"yoast-schema-graph\">{\"@context\":\"https:\\\/\\\/schema.org\",\"@graph\":[{\"@type\":\"WebPage\",\"@id\":\"https:\\\/\\\/www.camlock.org\\\/et\\\/toode\\\/f-t-pi-alumiiniumist-snaplock-liitmikud\\\/\",\"url\":\"https:\\\/\\\/www.camlock.org\\\/et\\\/toode\\\/f-t-pi-alumiiniumist-snaplock-liitmikud\\\/\",\"name\":\"F-t\u00fc\u00fcpi alumiiniumist Snaplock liitmikud - v\u00e4liskeermega adapter\",\"isPartOf\":{\"@id\":\"https:\\\/\\\/www.camlock.org\\\/et\\\/?lang=et\\\/#website\"},\"primaryImageOfPage\":{\"@id\":\"https:\\\/\\\/www.camlock.org\\\/et\\\/toode\\\/f-t-pi-alumiiniumist-snaplock-liitmikud\\\/#primaryimage\"},\"image\":{\"@id\":\"https:\\\/\\\/www.camlock.org\\\/et\\\/toode\\\/f-t-pi-alumiiniumist-snaplock-liitmikud\\\/#primaryimage\"},\"thumbnailUrl\":\"https:\\\/\\\/www.camlock.org\\\/wp-content\\\/uploads\\\/2019\\\/12\\\/Camlock_Aluminium_type_F_38mm_D150AL.jpg\",\"datePublished\":\"2019-12-22T21:51:44+00:00\",\"dateModified\":\"2025-05-12T08:33:52+00:00\",\"description\":\"Alumiiniumist Camlock adapter t\u00fc\u00fcp F - omab soonega v\u00e4lisadapterit ja sama suurusega BSP\\\/NPT v\u00e4liskeerme. F-t\u00fc\u00fcpi kasutatakse sageli koos C-, B-, D- ja DC-t\u00fc\u00fcbiga.\",\"breadcrumb\":{\"@id\":\"https:\\\/\\\/www.camlock.org\\\/et\\\/toode\\\/f-t-pi-alumiiniumist-snaplock-liitmikud\\\/#breadcrumb\"},\"inLanguage\":\"et\",\"potentialAction\":[{\"@type\":\"ReadAction\",\"target\":[\"https:\\\/\\\/www.camlock.org\\\/et\\\/toode\\\/f-t-pi-alumiiniumist-snaplock-liitmikud\\\/\"]}]},{\"@type\":\"ImageObject\",\"inLanguage\":\"et\",\"@id\":\"https:\\\/\\\/www.camlock.org\\\/et\\\/toode\\\/f-t-pi-alumiiniumist-snaplock-liitmikud\\\/#primaryimage\",\"url\":\"https:\\\/\\\/www.camlock.org\\\/wp-content\\\/uploads\\\/2019\\\/12\\\/Camlock_Aluminium_type_F_38mm_D150AL.jpg\",\"contentUrl\":\"https:\\\/\\\/www.camlock.org\\\/wp-content\\\/uploads\\\/2019\\\/12\\\/Camlock_Aluminium_type_F_38mm_D150AL.jpg\",\"width\":1000,\"height\":1000,\"caption\":\"Camlock Alumiinium t\u00fc\u00fcp F 38mm D150AL\"},{\"@type\":\"BreadcrumbList\",\"@id\":\"https:\\\/\\\/www.camlock.org\\\/et\\\/toode\\\/f-t-pi-alumiiniumist-snaplock-liitmikud\\\/#breadcrumb\",\"itemListElement\":[{\"@type\":\"ListItem\",\"position\":1,\"name\":\"Home\",\"item\":\"https:\\\/\\\/www.camlock.org\\\/et\\\/\"},{\"@type\":\"ListItem\",\"position\":2,\"name\":\"Pood\",\"item\":\"https:\\\/\\\/www.camlock.org\\\/et\\\/pood\\\/\"},{\"@type\":\"ListItem\",\"position\":3,\"name\":\"F-t\u00fc\u00fcpi alumiiniumist Snaplock liitmikud &#8211; v\u00e4liskeermega adapter\"}]},{\"@type\":\"WebSite\",\"@id\":\"https:\\\/\\\/www.camlock.org\\\/et\\\/?lang=et\\\/#website\",\"url\":\"https:\\\/\\\/www.camlock.org\\\/et\\\/?lang=et\\\/\",\"name\":\"Camlock Fittings, Cam-lock liitmikud m\u00fc\u00fck\",\"description\":\"Camlock Fittings, Cam-lock liitmikud m\u00fc\u00fck\",\"potentialAction\":[{\"@type\":\"SearchAction\",\"target\":{\"@type\":\"EntryPoint\",\"urlTemplate\":\"https:\\\/\\\/www.camlock.org\\\/et\\\/?lang=et\\\/?s={search_term_string}\"},\"query-input\":{\"@type\":\"PropertyValueSpecification\",\"valueRequired\":true,\"valueName\":\"search_term_string\"}}],\"inLanguage\":\"et\"}]}<\/script>\n<!-- \/ Yoast SEO plugin. -->","yoast_head_json":{"title":"F-t\u00fc\u00fcpi alumiiniumist Snaplock liitmikud - v\u00e4liskeermega adapter","description":"Alumiiniumist Camlock adapter t\u00fc\u00fcp F - omab soonega v\u00e4lisadapterit ja sama suurusega BSP\/NPT v\u00e4liskeerme. F-t\u00fc\u00fcpi kasutatakse sageli koos C-, B-, D- ja DC-t\u00fc\u00fcbiga.","robots":{"index":"index","follow":"follow","max-snippet":"max-snippet:-1","max-image-preview":"max-image-preview:large","max-video-preview":"max-video-preview:-1"},"canonical":"https:\/\/www.camlock.org\/et\/toode\/f-t-pi-alumiiniumist-snaplock-liitmikud\/","og_locale":"et_EE","og_type":"article","og_title":"F-t\u00fc\u00fcpi alumiiniumist Snaplock liitmikud - v\u00e4liskeermega adapter","og_description":"Alumiiniumist Camlock adapter t\u00fc\u00fcp F - omab soonega v\u00e4lisadapterit ja sama suurusega BSP\/NPT v\u00e4liskeerme. F-t\u00fc\u00fcpi kasutatakse sageli koos C-, B-, D- ja DC-t\u00fc\u00fcbiga.","og_url":"https:\/\/www.camlock.org\/et\/toode\/f-t-pi-alumiiniumist-snaplock-liitmikud\/","og_site_name":"Camlock Fittings, Cam-lock liitmikud m\u00fc\u00fck","article_modified_time":"2025-05-12T08:33:52+00:00","og_image":[{"width":1000,"height":1000,"url":"https:\/\/www.camlock.org\/wp-content\/uploads\/2019\/12\/Camlock_Aluminium_type_F_38mm_D150AL.jpg","type":"image\/jpeg"}],"twitter_card":"summary_large_image","schema":{"@context":"https:\/\/schema.org","@graph":[{"@type":"WebPage","@id":"https:\/\/www.camlock.org\/et\/toode\/f-t-pi-alumiiniumist-snaplock-liitmikud\/","url":"https:\/\/www.camlock.org\/et\/toode\/f-t-pi-alumiiniumist-snaplock-liitmikud\/","name":"F-t\u00fc\u00fcpi alumiiniumist Snaplock liitmikud - v\u00e4liskeermega adapter","isPartOf":{"@id":"https:\/\/www.camlock.org\/et\/?lang=et\/#website"},"primaryImageOfPage":{"@id":"https:\/\/www.camlock.org\/et\/toode\/f-t-pi-alumiiniumist-snaplock-liitmikud\/#primaryimage"},"image":{"@id":"https:\/\/www.camlock.org\/et\/toode\/f-t-pi-alumiiniumist-snaplock-liitmikud\/#primaryimage"},"thumbnailUrl":"https:\/\/www.camlock.org\/wp-content\/uploads\/2019\/12\/Camlock_Aluminium_type_F_38mm_D150AL.jpg","datePublished":"2019-12-22T21:51:44+00:00","dateModified":"2025-05-12T08:33:52+00:00","description":"Alumiiniumist Camlock adapter t\u00fc\u00fcp F - omab soonega v\u00e4lisadapterit ja sama suurusega BSP\/NPT v\u00e4liskeerme. F-t\u00fc\u00fcpi kasutatakse sageli koos C-, B-, D- ja DC-t\u00fc\u00fcbiga.","breadcrumb":{"@id":"https:\/\/www.camlock.org\/et\/toode\/f-t-pi-alumiiniumist-snaplock-liitmikud\/#breadcrumb"},"inLanguage":"et","potentialAction":[{"@type":"ReadAction","target":["https:\/\/www.camlock.org\/et\/toode\/f-t-pi-alumiiniumist-snaplock-liitmikud\/"]}]},{"@type":"ImageObject","inLanguage":"et","@id":"https:\/\/www.camlock.org\/et\/toode\/f-t-pi-alumiiniumist-snaplock-liitmikud\/#primaryimage","url":"https:\/\/www.camlock.org\/wp-content\/uploads\/2019\/12\/Camlock_Aluminium_type_F_38mm_D150AL.jpg","contentUrl":"https:\/\/www.camlock.org\/wp-content\/uploads\/2019\/12\/Camlock_Aluminium_type_F_38mm_D150AL.jpg","width":1000,"height":1000,"caption":"Camlock Alumiinium t\u00fc\u00fcp F 38mm D150AL"},{"@type":"BreadcrumbList","@id":"https:\/\/www.camlock.org\/et\/toode\/f-t-pi-alumiiniumist-snaplock-liitmikud\/#breadcrumb","itemListElement":[{"@type":"ListItem","position":1,"name":"Home","item":"https:\/\/www.camlock.org\/et\/"},{"@type":"ListItem","position":2,"name":"Pood","item":"https:\/\/www.camlock.org\/et\/pood\/"},{"@type":"ListItem","position":3,"name":"F-t\u00fc\u00fcpi alumiiniumist Snaplock liitmikud &#8211; v\u00e4liskeermega adapter"}]},{"@type":"WebSite","@id":"https:\/\/www.camlock.org\/et\/?lang=et\/#website","url":"https:\/\/www.camlock.org\/et\/?lang=et\/","name":"Camlock Fittings, Cam-lock liitmikud m\u00fc\u00fck","description":"Camlock Fittings, Cam-lock liitmikud m\u00fc\u00fck","potentialAction":[{"@type":"SearchAction","target":{"@type":"EntryPoint","urlTemplate":"https:\/\/www.camlock.org\/et\/?lang=et\/?s={search_term_string}"},"query-input":{"@type":"PropertyValueSpecification","valueRequired":true,"valueName":"search_term_string"}}],"inLanguage":"et"}]}},"_links":{"self":[{"href":"https:\/\/www.camlock.org\/et\/wp-json\/wp\/v2\/product\/15696","targetHints":{"allow":["GET"]}}],"collection":[{"href":"https:\/\/www.camlock.org\/et\/wp-json\/wp\/v2\/product"}],"about":[{"href":"https:\/\/www.camlock.org\/et\/wp-json\/wp\/v2\/types\/product"}],"wp:featuredmedia":[{"embeddable":true,"href":"https:\/\/www.camlock.org\/et\/wp-json\/wp\/v2\/media\/15724"}],"wp:attachment":[{"href":"https:\/\/www.camlock.org\/et\/wp-json\/wp\/v2\/media?parent=15696"}],"wp:term":[{"taxonomy":"product_brand","embeddable":true,"href":"https:\/\/www.camlock.org\/et\/wp-json\/wp\/v2\/product_brand?post=15696"},{"taxonomy":"product_cat","embeddable":true,"href":"https:\/\/www.camlock.org\/et\/wp-json\/wp\/v2\/product_cat?post=15696"},{"taxonomy":"product_tag","embeddable":true,"href":"https:\/\/www.camlock.org\/et\/wp-json\/wp\/v2\/product_tag?post=15696"}],"curies":[{"name":"wp","href":"https:\/\/api.w.org\/{rel}","templated":true}]}}