{"id":15794,"date":"2019-12-23T09:57:49","date_gmt":"2019-12-23T06:57:52","guid":{"rendered":"https:\/\/www.camlock.org\/?post_type=product&#038;p=15794"},"modified":"2025-05-12T10:42:26","modified_gmt":"2025-05-12T07:42:26","slug":"t-p-dc-alumiiniumist-camlock","status":"publish","type":"product","link":"https:\/\/www.camlock.org\/et\/toode\/t-p-dc-alumiiniumist-camlock\/","title":{"rendered":"T\u00fc\u00fcp DC alumiiniumist Camlock"},"content":{"rendered":"<p>Tolmukork &#8211; nukkluku tolmukorki kasutatakse selleks, et hoida v\u00f5\u00f5rkehad eemal k\u00f5ikidest nukklukkudega liitmikest. Neid ei tohi kunagi kasutada, kui s\u00fcsteem t\u00f6\u00f6tab r\u00f5hu all. <\/p>\n","protected":false},"excerpt":{"rendered":"<p>Alumiiniumist nukklukk-liitmikku osa DC kasutatakse tavaliselt \u00fchesuguse suurusega A, E ja F adapteritega.<\/p>\n","protected":false},"featured_media":15819,"template":"","meta":[],"product_brand":[],"product_cat":[442],"product_tag":[438,286],"class_list":{"0":"post-15794","1":"product","2":"type-product","3":"status-publish","4":"has-post-thumbnail","6":"product_cat-aluminium-camlock-coupling-fittings-et","7":"product_tag-alumiinium","8":"product_tag-type-dc-et","10":"first","11":"onbackorder","12":"taxable","13":"shipping-taxable","14":"purchasable","15":"product-type-variable"},"yoast_head":"<!-- This site is optimized with the Yoast SEO plugin v27.4 - https:\/\/yoast.com\/product\/yoast-seo-wordpress\/ -->\n<title>T\u00fc\u00fcp DC alumiiniumist Camlock<\/title>\n<meta name=\"description\" content=\"Tolmukork - nukkluku tolmukorki kasutatakse selleks, et hoida v\u00f5\u00f5rkehad eemal k\u00f5ikidest nukklukkudega liitmikest. Neid ei tohi kunagi kasutada, kui s\u00fcsteem t\u00f6\u00f6tab r\u00f5hu all. Alumiiniumist nukklukk-liitmikku osa DC kasutatakse tavaliselt koos sama suurusega A, E ja F adapteritega.\" \/>\n<meta name=\"robots\" content=\"index, follow, max-snippet:-1, max-image-preview:large, max-video-preview:-1\" \/>\n<link rel=\"canonical\" href=\"https:\/\/www.camlock.org\/et\/toode\/t-p-dc-alumiiniumist-camlock\/\" \/>\n<meta property=\"og:locale\" content=\"et_EE\" \/>\n<meta property=\"og:type\" content=\"article\" \/>\n<meta property=\"og:title\" content=\"T\u00fc\u00fcp DC alumiiniumist Camlock\" \/>\n<meta property=\"og:description\" content=\"Tolmukork - nukkluku tolmukorki kasutatakse selleks, et hoida v\u00f5\u00f5rkehad eemal k\u00f5ikidest nukklukkudega liitmikest. Neid ei tohi kunagi kasutada, kui s\u00fcsteem t\u00f6\u00f6tab r\u00f5hu all. Alumiiniumist nukklukk-liitmikku osa DC kasutatakse tavaliselt koos sama suurusega A, E ja F adapteritega.\" \/>\n<meta property=\"og:url\" content=\"https:\/\/www.camlock.org\/et\/toode\/t-p-dc-alumiiniumist-camlock\/\" \/>\n<meta property=\"og:site_name\" content=\"Camlock Fittings, Cam-lock liitmikud m\u00fc\u00fck\" \/>\n<meta property=\"article:modified_time\" content=\"2025-05-12T07:42:26+00:00\" \/>\n<meta property=\"og:image\" content=\"https:\/\/www.camlock.org\/wp-content\/uploads\/2019\/12\/Camlock_Aluminium_type_DC_50mm_D200AL.jpg\" \/>\n\t<meta property=\"og:image:width\" content=\"1000\" \/>\n\t<meta property=\"og:image:height\" content=\"1000\" \/>\n\t<meta property=\"og:image:type\" content=\"image\/jpeg\" \/>\n<meta name=\"twitter:card\" content=\"summary_large_image\" \/>\n<script type=\"application\/ld+json\" class=\"yoast-schema-graph\">{\"@context\":\"https:\\\/\\\/schema.org\",\"@graph\":[{\"@type\":\"WebPage\",\"@id\":\"https:\\\/\\\/www.camlock.org\\\/et\\\/toode\\\/t-p-dc-alumiiniumist-camlock\\\/\",\"url\":\"https:\\\/\\\/www.camlock.org\\\/et\\\/toode\\\/t-p-dc-alumiiniumist-camlock\\\/\",\"name\":\"T\u00fc\u00fcp DC alumiiniumist Camlock\",\"isPartOf\":{\"@id\":\"https:\\\/\\\/www.camlock.org\\\/et\\\/?lang=et\\\/#website\"},\"primaryImageOfPage\":{\"@id\":\"https:\\\/\\\/www.camlock.org\\\/et\\\/toode\\\/t-p-dc-alumiiniumist-camlock\\\/#primaryimage\"},\"image\":{\"@id\":\"https:\\\/\\\/www.camlock.org\\\/et\\\/toode\\\/t-p-dc-alumiiniumist-camlock\\\/#primaryimage\"},\"thumbnailUrl\":\"https:\\\/\\\/www.camlock.org\\\/wp-content\\\/uploads\\\/2019\\\/12\\\/Camlock_Aluminium_type_DC_50mm_D200AL.jpg\",\"datePublished\":\"2019-12-23T06:57:52+00:00\",\"dateModified\":\"2025-05-12T07:42:26+00:00\",\"description\":\"Tolmukork - nukkluku tolmukorki kasutatakse selleks, et hoida v\u00f5\u00f5rkehad eemal k\u00f5ikidest nukklukkudega liitmikest. Neid ei tohi kunagi kasutada, kui s\u00fcsteem t\u00f6\u00f6tab r\u00f5hu all. Alumiiniumist nukklukk-liitmikku osa DC kasutatakse tavaliselt koos sama suurusega A, E ja F adapteritega.\",\"breadcrumb\":{\"@id\":\"https:\\\/\\\/www.camlock.org\\\/et\\\/toode\\\/t-p-dc-alumiiniumist-camlock\\\/#breadcrumb\"},\"inLanguage\":\"et\",\"potentialAction\":[{\"@type\":\"ReadAction\",\"target\":[\"https:\\\/\\\/www.camlock.org\\\/et\\\/toode\\\/t-p-dc-alumiiniumist-camlock\\\/\"]}]},{\"@type\":\"ImageObject\",\"inLanguage\":\"et\",\"@id\":\"https:\\\/\\\/www.camlock.org\\\/et\\\/toode\\\/t-p-dc-alumiiniumist-camlock\\\/#primaryimage\",\"url\":\"https:\\\/\\\/www.camlock.org\\\/wp-content\\\/uploads\\\/2019\\\/12\\\/Camlock_Aluminium_type_DC_50mm_D200AL.jpg\",\"contentUrl\":\"https:\\\/\\\/www.camlock.org\\\/wp-content\\\/uploads\\\/2019\\\/12\\\/Camlock_Aluminium_type_DC_50mm_D200AL.jpg\",\"width\":1000,\"height\":1000,\"caption\":\"T\u00fc\u00fcp DC alumiiniumist Camlock DC 50mm D200AL\"},{\"@type\":\"BreadcrumbList\",\"@id\":\"https:\\\/\\\/www.camlock.org\\\/et\\\/toode\\\/t-p-dc-alumiiniumist-camlock\\\/#breadcrumb\",\"itemListElement\":[{\"@type\":\"ListItem\",\"position\":1,\"name\":\"Home\",\"item\":\"https:\\\/\\\/www.camlock.org\\\/et\\\/\"},{\"@type\":\"ListItem\",\"position\":2,\"name\":\"Pood\",\"item\":\"https:\\\/\\\/www.camlock.org\\\/et\\\/pood\\\/\"},{\"@type\":\"ListItem\",\"position\":3,\"name\":\"T\u00fc\u00fcp DC alumiiniumist Camlock\"}]},{\"@type\":\"WebSite\",\"@id\":\"https:\\\/\\\/www.camlock.org\\\/et\\\/?lang=et\\\/#website\",\"url\":\"https:\\\/\\\/www.camlock.org\\\/et\\\/?lang=et\\\/\",\"name\":\"Camlock Fittings, Cam-lock liitmikud m\u00fc\u00fck\",\"description\":\"Camlock Fittings, Cam-lock liitmikud m\u00fc\u00fck\",\"potentialAction\":[{\"@type\":\"SearchAction\",\"target\":{\"@type\":\"EntryPoint\",\"urlTemplate\":\"https:\\\/\\\/www.camlock.org\\\/et\\\/?lang=et\\\/?s={search_term_string}\"},\"query-input\":{\"@type\":\"PropertyValueSpecification\",\"valueRequired\":true,\"valueName\":\"search_term_string\"}}],\"inLanguage\":\"et\"}]}<\/script>\n<!-- \/ Yoast SEO plugin. -->","yoast_head_json":{"title":"T\u00fc\u00fcp DC alumiiniumist Camlock","description":"Tolmukork - nukkluku tolmukorki kasutatakse selleks, et hoida v\u00f5\u00f5rkehad eemal k\u00f5ikidest nukklukkudega liitmikest. Neid ei tohi kunagi kasutada, kui s\u00fcsteem t\u00f6\u00f6tab r\u00f5hu all. Alumiiniumist nukklukk-liitmikku osa DC kasutatakse tavaliselt koos sama suurusega A, E ja F adapteritega.","robots":{"index":"index","follow":"follow","max-snippet":"max-snippet:-1","max-image-preview":"max-image-preview:large","max-video-preview":"max-video-preview:-1"},"canonical":"https:\/\/www.camlock.org\/et\/toode\/t-p-dc-alumiiniumist-camlock\/","og_locale":"et_EE","og_type":"article","og_title":"T\u00fc\u00fcp DC alumiiniumist Camlock","og_description":"Tolmukork - nukkluku tolmukorki kasutatakse selleks, et hoida v\u00f5\u00f5rkehad eemal k\u00f5ikidest nukklukkudega liitmikest. Neid ei tohi kunagi kasutada, kui s\u00fcsteem t\u00f6\u00f6tab r\u00f5hu all. Alumiiniumist nukklukk-liitmikku osa DC kasutatakse tavaliselt koos sama suurusega A, E ja F adapteritega.","og_url":"https:\/\/www.camlock.org\/et\/toode\/t-p-dc-alumiiniumist-camlock\/","og_site_name":"Camlock Fittings, Cam-lock liitmikud m\u00fc\u00fck","article_modified_time":"2025-05-12T07:42:26+00:00","og_image":[{"width":1000,"height":1000,"url":"https:\/\/www.camlock.org\/wp-content\/uploads\/2019\/12\/Camlock_Aluminium_type_DC_50mm_D200AL.jpg","type":"image\/jpeg"}],"twitter_card":"summary_large_image","schema":{"@context":"https:\/\/schema.org","@graph":[{"@type":"WebPage","@id":"https:\/\/www.camlock.org\/et\/toode\/t-p-dc-alumiiniumist-camlock\/","url":"https:\/\/www.camlock.org\/et\/toode\/t-p-dc-alumiiniumist-camlock\/","name":"T\u00fc\u00fcp DC alumiiniumist Camlock","isPartOf":{"@id":"https:\/\/www.camlock.org\/et\/?lang=et\/#website"},"primaryImageOfPage":{"@id":"https:\/\/www.camlock.org\/et\/toode\/t-p-dc-alumiiniumist-camlock\/#primaryimage"},"image":{"@id":"https:\/\/www.camlock.org\/et\/toode\/t-p-dc-alumiiniumist-camlock\/#primaryimage"},"thumbnailUrl":"https:\/\/www.camlock.org\/wp-content\/uploads\/2019\/12\/Camlock_Aluminium_type_DC_50mm_D200AL.jpg","datePublished":"2019-12-23T06:57:52+00:00","dateModified":"2025-05-12T07:42:26+00:00","description":"Tolmukork - nukkluku tolmukorki kasutatakse selleks, et hoida v\u00f5\u00f5rkehad eemal k\u00f5ikidest nukklukkudega liitmikest. Neid ei tohi kunagi kasutada, kui s\u00fcsteem t\u00f6\u00f6tab r\u00f5hu all. Alumiiniumist nukklukk-liitmikku osa DC kasutatakse tavaliselt koos sama suurusega A, E ja F adapteritega.","breadcrumb":{"@id":"https:\/\/www.camlock.org\/et\/toode\/t-p-dc-alumiiniumist-camlock\/#breadcrumb"},"inLanguage":"et","potentialAction":[{"@type":"ReadAction","target":["https:\/\/www.camlock.org\/et\/toode\/t-p-dc-alumiiniumist-camlock\/"]}]},{"@type":"ImageObject","inLanguage":"et","@id":"https:\/\/www.camlock.org\/et\/toode\/t-p-dc-alumiiniumist-camlock\/#primaryimage","url":"https:\/\/www.camlock.org\/wp-content\/uploads\/2019\/12\/Camlock_Aluminium_type_DC_50mm_D200AL.jpg","contentUrl":"https:\/\/www.camlock.org\/wp-content\/uploads\/2019\/12\/Camlock_Aluminium_type_DC_50mm_D200AL.jpg","width":1000,"height":1000,"caption":"T\u00fc\u00fcp DC alumiiniumist Camlock DC 50mm D200AL"},{"@type":"BreadcrumbList","@id":"https:\/\/www.camlock.org\/et\/toode\/t-p-dc-alumiiniumist-camlock\/#breadcrumb","itemListElement":[{"@type":"ListItem","position":1,"name":"Home","item":"https:\/\/www.camlock.org\/et\/"},{"@type":"ListItem","position":2,"name":"Pood","item":"https:\/\/www.camlock.org\/et\/pood\/"},{"@type":"ListItem","position":3,"name":"T\u00fc\u00fcp DC alumiiniumist Camlock"}]},{"@type":"WebSite","@id":"https:\/\/www.camlock.org\/et\/?lang=et\/#website","url":"https:\/\/www.camlock.org\/et\/?lang=et\/","name":"Camlock Fittings, Cam-lock liitmikud m\u00fc\u00fck","description":"Camlock Fittings, Cam-lock liitmikud m\u00fc\u00fck","potentialAction":[{"@type":"SearchAction","target":{"@type":"EntryPoint","urlTemplate":"https:\/\/www.camlock.org\/et\/?lang=et\/?s={search_term_string}"},"query-input":{"@type":"PropertyValueSpecification","valueRequired":true,"valueName":"search_term_string"}}],"inLanguage":"et"}]}},"_links":{"self":[{"href":"https:\/\/www.camlock.org\/et\/wp-json\/wp\/v2\/product\/15794","targetHints":{"allow":["GET"]}}],"collection":[{"href":"https:\/\/www.camlock.org\/et\/wp-json\/wp\/v2\/product"}],"about":[{"href":"https:\/\/www.camlock.org\/et\/wp-json\/wp\/v2\/types\/product"}],"wp:featuredmedia":[{"embeddable":true,"href":"https:\/\/www.camlock.org\/et\/wp-json\/wp\/v2\/media\/15819"}],"wp:attachment":[{"href":"https:\/\/www.camlock.org\/et\/wp-json\/wp\/v2\/media?parent=15794"}],"wp:term":[{"taxonomy":"product_brand","embeddable":true,"href":"https:\/\/www.camlock.org\/et\/wp-json\/wp\/v2\/product_brand?post=15794"},{"taxonomy":"product_cat","embeddable":true,"href":"https:\/\/www.camlock.org\/et\/wp-json\/wp\/v2\/product_cat?post=15794"},{"taxonomy":"product_tag","embeddable":true,"href":"https:\/\/www.camlock.org\/et\/wp-json\/wp\/v2\/product_tag?post=15794"}],"curies":[{"name":"wp","href":"https:\/\/api.w.org\/{rel}","templated":true}]}}