{"id":8262,"date":"2017-11-30T16:02:48","date_gmt":"2017-11-30T13:02:48","guid":{"rendered":"https:\/\/www.camlock.org\/product\/type-a-nylon-camlock-coupling-male-adapter-x-female-bsp-thread\/"},"modified":"2025-05-14T22:20:13","modified_gmt":"2025-05-14T19:20:13","slug":"type-a-nylon-camlock-coupling-male-adapter-x-female-bsp-thread","status":"publish","type":"product","link":"https:\/\/www.camlock.org\/et\/toode\/type-a-nylon-camlock-coupling-male-adapter-x-female-bsp-thread\/","title":{"rendered":"T\u00fc\u00fcp A Nylon Camlock Fitting &#8211; meessoost\u00fcliti x naine BSP Thread"},"content":{"rendered":"<p>Nailonist Camlock-adapter, t\u00fc\u00fcp A &#8211; isasadapter \u00d7 emane BSP, kasutatakse tavaliselt D-t\u00fc\u00fcpi liitmikega, samas kui saadaval on ka sama suurusega B- ja C-t\u00fc\u00fcpi liitmikud ning tolmukorgid (t\u00fc\u00fcp DC). Nailonist nukk- ja sooneliitmik parandab t\u00f6\u00f6 efektiivsust ja k\u00f5rvaldab keermete ja \u00e4\u00e4rikute keerulise k\u00e4sitsemise. Isane soonega ots sobib igasse sama suurusega emasesse Camlock-liitmikku. Nailonist Camlock-liitmikel on hea korrosioonikindlus keemiliste jahutusvedelike, k\u00fctuste, vee, laki ja m\u00f5nikord ka tahkete materjalide, n\u00e4iteks suspensioonisegude ja pulbrite suhtes.   <\/p>\n","protected":false},"excerpt":{"rendered":"<p><span id=\"result_box\" class=\"\" lang=\"et\" tabindex=\"-1\"><span class=\"\">T\u00fc\u00fcpi B Nylon kaameraklambri\u00fchendust kasutatakse tavaliselt Type F adapteriga, m\u00f5nikord sama suurusega t\u00fc\u00fcp A &amp; E ja DP (Dust Plug).<\/span><\/span><\/p>\n","protected":false},"featured_media":8217,"template":"","meta":[],"product_brand":[],"product_cat":[125],"product_tag":[126,127],"class_list":{"0":"post-8262","1":"product","2":"type-product","3":"status-publish","4":"has-post-thumbnail","6":"product_cat-nylon-camlock-couplings","7":"product_tag-nylon-et","8":"product_tag-type-a-et","10":"first","11":"instock","12":"taxable","13":"shipping-taxable","14":"purchasable","15":"product-type-variable"},"yoast_head":"<!-- This site is optimized with the Yoast SEO plugin v27.4 - https:\/\/yoast.com\/product\/yoast-seo-wordpress\/ -->\n<title>T\u00fc\u00fcp A Nylon Camlock Fitting - meessoost\u00fcliti x naine BSP Thread<\/title>\n<meta name=\"description\" content=\"Nailonist Camlock-adapter, t\u00fc\u00fcp A - isasadapter \u00d7 emane BSP, kasutatakse tavaliselt D-t\u00fc\u00fcpi liitmikega, samas on saadaval ka sama suurusega B- ja C-t\u00fc\u00fcpi liitmikud ning tolmukatted (t\u00fc\u00fcp DC).\" \/>\n<meta name=\"robots\" content=\"index, follow, max-snippet:-1, max-image-preview:large, max-video-preview:-1\" \/>\n<link rel=\"canonical\" href=\"https:\/\/www.camlock.org\/et\/toode\/type-a-nylon-camlock-coupling-male-adapter-x-female-bsp-thread\/\" \/>\n<meta property=\"og:locale\" content=\"et_EE\" \/>\n<meta property=\"og:type\" content=\"article\" \/>\n<meta property=\"og:title\" content=\"T\u00fc\u00fcp A Nylon Camlock Fitting - meessoost\u00fcliti x naine BSP Thread\" \/>\n<meta property=\"og:description\" content=\"Nailonist Camlock-adapter, t\u00fc\u00fcp A - isasadapter \u00d7 emane BSP, kasutatakse tavaliselt D-t\u00fc\u00fcpi liitmikega, samas on saadaval ka sama suurusega B- ja C-t\u00fc\u00fcpi liitmikud ning tolmukatted (t\u00fc\u00fcp DC).\" \/>\n<meta property=\"og:url\" content=\"https:\/\/www.camlock.org\/et\/toode\/type-a-nylon-camlock-coupling-male-adapter-x-female-bsp-thread\/\" \/>\n<meta property=\"og:site_name\" content=\"Camlock Fittings, Cam-lock liitmikud m\u00fc\u00fck\" \/>\n<meta property=\"article:modified_time\" content=\"2025-05-14T19:20:13+00:00\" \/>\n<meta property=\"og:image\" content=\"https:\/\/www.camlock.org\/wp-content\/uploads\/2017\/11\/Camlock_Nylon_type-A_200mm_A050NL_.jpg\" \/>\n\t<meta property=\"og:image:width\" content=\"1000\" \/>\n\t<meta property=\"og:image:height\" content=\"1134\" \/>\n\t<meta property=\"og:image:type\" content=\"image\/jpeg\" \/>\n<meta name=\"twitter:card\" content=\"summary_large_image\" \/>\n<script type=\"application\/ld+json\" class=\"yoast-schema-graph\">{\"@context\":\"https:\\\/\\\/schema.org\",\"@graph\":[{\"@type\":\"WebPage\",\"@id\":\"https:\\\/\\\/www.camlock.org\\\/et\\\/toode\\\/type-a-nylon-camlock-coupling-male-adapter-x-female-bsp-thread\\\/\",\"url\":\"https:\\\/\\\/www.camlock.org\\\/et\\\/toode\\\/type-a-nylon-camlock-coupling-male-adapter-x-female-bsp-thread\\\/\",\"name\":\"T\u00fc\u00fcp A Nylon Camlock Fitting - meessoost\u00fcliti x naine BSP Thread\",\"isPartOf\":{\"@id\":\"https:\\\/\\\/www.camlock.org\\\/et\\\/?lang=et\\\/#website\"},\"primaryImageOfPage\":{\"@id\":\"https:\\\/\\\/www.camlock.org\\\/et\\\/toode\\\/type-a-nylon-camlock-coupling-male-adapter-x-female-bsp-thread\\\/#primaryimage\"},\"image\":{\"@id\":\"https:\\\/\\\/www.camlock.org\\\/et\\\/toode\\\/type-a-nylon-camlock-coupling-male-adapter-x-female-bsp-thread\\\/#primaryimage\"},\"thumbnailUrl\":\"https:\\\/\\\/www.camlock.org\\\/wp-content\\\/uploads\\\/2017\\\/11\\\/Camlock_Nylon_type-A_200mm_A050NL_.jpg\",\"datePublished\":\"2017-11-30T13:02:48+00:00\",\"dateModified\":\"2025-05-14T19:20:13+00:00\",\"description\":\"Nailonist Camlock-adapter, t\u00fc\u00fcp A - isasadapter \u00d7 emane BSP, kasutatakse tavaliselt D-t\u00fc\u00fcpi liitmikega, samas on saadaval ka sama suurusega B- ja C-t\u00fc\u00fcpi liitmikud ning tolmukatted (t\u00fc\u00fcp DC).\",\"breadcrumb\":{\"@id\":\"https:\\\/\\\/www.camlock.org\\\/et\\\/toode\\\/type-a-nylon-camlock-coupling-male-adapter-x-female-bsp-thread\\\/#breadcrumb\"},\"inLanguage\":\"et\",\"potentialAction\":[{\"@type\":\"ReadAction\",\"target\":[\"https:\\\/\\\/www.camlock.org\\\/et\\\/toode\\\/type-a-nylon-camlock-coupling-male-adapter-x-female-bsp-thread\\\/\"]}]},{\"@type\":\"ImageObject\",\"inLanguage\":\"et\",\"@id\":\"https:\\\/\\\/www.camlock.org\\\/et\\\/toode\\\/type-a-nylon-camlock-coupling-male-adapter-x-female-bsp-thread\\\/#primaryimage\",\"url\":\"https:\\\/\\\/www.camlock.org\\\/wp-content\\\/uploads\\\/2017\\\/11\\\/Camlock_Nylon_type-A_200mm_A050NL_.jpg\",\"contentUrl\":\"https:\\\/\\\/www.camlock.org\\\/wp-content\\\/uploads\\\/2017\\\/11\\\/Camlock_Nylon_type-A_200mm_A050NL_.jpg\",\"width\":1000,\"height\":1134,\"caption\":\"Type A Nylon Camlock - Coupling Male Adapter x Female BSP Thread\"},{\"@type\":\"BreadcrumbList\",\"@id\":\"https:\\\/\\\/www.camlock.org\\\/et\\\/toode\\\/type-a-nylon-camlock-coupling-male-adapter-x-female-bsp-thread\\\/#breadcrumb\",\"itemListElement\":[{\"@type\":\"ListItem\",\"position\":1,\"name\":\"Home\",\"item\":\"https:\\\/\\\/www.camlock.org\\\/et\\\/\"},{\"@type\":\"ListItem\",\"position\":2,\"name\":\"Pood\",\"item\":\"https:\\\/\\\/www.camlock.org\\\/et\\\/pood\\\/\"},{\"@type\":\"ListItem\",\"position\":3,\"name\":\"T\u00fc\u00fcp A Nylon Camlock Fitting &#8211; meessoost\u00fcliti x naine BSP Thread\"}]},{\"@type\":\"WebSite\",\"@id\":\"https:\\\/\\\/www.camlock.org\\\/et\\\/?lang=et\\\/#website\",\"url\":\"https:\\\/\\\/www.camlock.org\\\/et\\\/?lang=et\\\/\",\"name\":\"Camlock Fittings, Cam-lock liitmikud m\u00fc\u00fck\",\"description\":\"Camlock Fittings, Cam-lock liitmikud m\u00fc\u00fck\",\"potentialAction\":[{\"@type\":\"SearchAction\",\"target\":{\"@type\":\"EntryPoint\",\"urlTemplate\":\"https:\\\/\\\/www.camlock.org\\\/et\\\/?lang=et\\\/?s={search_term_string}\"},\"query-input\":{\"@type\":\"PropertyValueSpecification\",\"valueRequired\":true,\"valueName\":\"search_term_string\"}}],\"inLanguage\":\"et\"}]}<\/script>\n<!-- \/ Yoast SEO plugin. -->","yoast_head_json":{"title":"T\u00fc\u00fcp A Nylon Camlock Fitting - meessoost\u00fcliti x naine BSP Thread","description":"Nailonist Camlock-adapter, t\u00fc\u00fcp A - isasadapter \u00d7 emane BSP, kasutatakse tavaliselt D-t\u00fc\u00fcpi liitmikega, samas on saadaval ka sama suurusega B- ja C-t\u00fc\u00fcpi liitmikud ning tolmukatted (t\u00fc\u00fcp DC).","robots":{"index":"index","follow":"follow","max-snippet":"max-snippet:-1","max-image-preview":"max-image-preview:large","max-video-preview":"max-video-preview:-1"},"canonical":"https:\/\/www.camlock.org\/et\/toode\/type-a-nylon-camlock-coupling-male-adapter-x-female-bsp-thread\/","og_locale":"et_EE","og_type":"article","og_title":"T\u00fc\u00fcp A Nylon Camlock Fitting - meessoost\u00fcliti x naine BSP Thread","og_description":"Nailonist Camlock-adapter, t\u00fc\u00fcp A - isasadapter \u00d7 emane BSP, kasutatakse tavaliselt D-t\u00fc\u00fcpi liitmikega, samas on saadaval ka sama suurusega B- ja C-t\u00fc\u00fcpi liitmikud ning tolmukatted (t\u00fc\u00fcp DC).","og_url":"https:\/\/www.camlock.org\/et\/toode\/type-a-nylon-camlock-coupling-male-adapter-x-female-bsp-thread\/","og_site_name":"Camlock Fittings, Cam-lock liitmikud m\u00fc\u00fck","article_modified_time":"2025-05-14T19:20:13+00:00","og_image":[{"width":1000,"height":1134,"url":"https:\/\/www.camlock.org\/wp-content\/uploads\/2017\/11\/Camlock_Nylon_type-A_200mm_A050NL_.jpg","type":"image\/jpeg"}],"twitter_card":"summary_large_image","schema":{"@context":"https:\/\/schema.org","@graph":[{"@type":"WebPage","@id":"https:\/\/www.camlock.org\/et\/toode\/type-a-nylon-camlock-coupling-male-adapter-x-female-bsp-thread\/","url":"https:\/\/www.camlock.org\/et\/toode\/type-a-nylon-camlock-coupling-male-adapter-x-female-bsp-thread\/","name":"T\u00fc\u00fcp A Nylon Camlock Fitting - meessoost\u00fcliti x naine BSP Thread","isPartOf":{"@id":"https:\/\/www.camlock.org\/et\/?lang=et\/#website"},"primaryImageOfPage":{"@id":"https:\/\/www.camlock.org\/et\/toode\/type-a-nylon-camlock-coupling-male-adapter-x-female-bsp-thread\/#primaryimage"},"image":{"@id":"https:\/\/www.camlock.org\/et\/toode\/type-a-nylon-camlock-coupling-male-adapter-x-female-bsp-thread\/#primaryimage"},"thumbnailUrl":"https:\/\/www.camlock.org\/wp-content\/uploads\/2017\/11\/Camlock_Nylon_type-A_200mm_A050NL_.jpg","datePublished":"2017-11-30T13:02:48+00:00","dateModified":"2025-05-14T19:20:13+00:00","description":"Nailonist Camlock-adapter, t\u00fc\u00fcp A - isasadapter \u00d7 emane BSP, kasutatakse tavaliselt D-t\u00fc\u00fcpi liitmikega, samas on saadaval ka sama suurusega B- ja C-t\u00fc\u00fcpi liitmikud ning tolmukatted (t\u00fc\u00fcp DC).","breadcrumb":{"@id":"https:\/\/www.camlock.org\/et\/toode\/type-a-nylon-camlock-coupling-male-adapter-x-female-bsp-thread\/#breadcrumb"},"inLanguage":"et","potentialAction":[{"@type":"ReadAction","target":["https:\/\/www.camlock.org\/et\/toode\/type-a-nylon-camlock-coupling-male-adapter-x-female-bsp-thread\/"]}]},{"@type":"ImageObject","inLanguage":"et","@id":"https:\/\/www.camlock.org\/et\/toode\/type-a-nylon-camlock-coupling-male-adapter-x-female-bsp-thread\/#primaryimage","url":"https:\/\/www.camlock.org\/wp-content\/uploads\/2017\/11\/Camlock_Nylon_type-A_200mm_A050NL_.jpg","contentUrl":"https:\/\/www.camlock.org\/wp-content\/uploads\/2017\/11\/Camlock_Nylon_type-A_200mm_A050NL_.jpg","width":1000,"height":1134,"caption":"Type A Nylon Camlock - Coupling Male Adapter x Female BSP Thread"},{"@type":"BreadcrumbList","@id":"https:\/\/www.camlock.org\/et\/toode\/type-a-nylon-camlock-coupling-male-adapter-x-female-bsp-thread\/#breadcrumb","itemListElement":[{"@type":"ListItem","position":1,"name":"Home","item":"https:\/\/www.camlock.org\/et\/"},{"@type":"ListItem","position":2,"name":"Pood","item":"https:\/\/www.camlock.org\/et\/pood\/"},{"@type":"ListItem","position":3,"name":"T\u00fc\u00fcp A Nylon Camlock Fitting &#8211; meessoost\u00fcliti x naine BSP Thread"}]},{"@type":"WebSite","@id":"https:\/\/www.camlock.org\/et\/?lang=et\/#website","url":"https:\/\/www.camlock.org\/et\/?lang=et\/","name":"Camlock Fittings, Cam-lock liitmikud m\u00fc\u00fck","description":"Camlock Fittings, Cam-lock liitmikud m\u00fc\u00fck","potentialAction":[{"@type":"SearchAction","target":{"@type":"EntryPoint","urlTemplate":"https:\/\/www.camlock.org\/et\/?lang=et\/?s={search_term_string}"},"query-input":{"@type":"PropertyValueSpecification","valueRequired":true,"valueName":"search_term_string"}}],"inLanguage":"et"}]}},"_links":{"self":[{"href":"https:\/\/www.camlock.org\/et\/wp-json\/wp\/v2\/product\/8262","targetHints":{"allow":["GET"]}}],"collection":[{"href":"https:\/\/www.camlock.org\/et\/wp-json\/wp\/v2\/product"}],"about":[{"href":"https:\/\/www.camlock.org\/et\/wp-json\/wp\/v2\/types\/product"}],"wp:featuredmedia":[{"embeddable":true,"href":"https:\/\/www.camlock.org\/et\/wp-json\/wp\/v2\/media\/8217"}],"wp:attachment":[{"href":"https:\/\/www.camlock.org\/et\/wp-json\/wp\/v2\/media?parent=8262"}],"wp:term":[{"taxonomy":"product_brand","embeddable":true,"href":"https:\/\/www.camlock.org\/et\/wp-json\/wp\/v2\/product_brand?post=8262"},{"taxonomy":"product_cat","embeddable":true,"href":"https:\/\/www.camlock.org\/et\/wp-json\/wp\/v2\/product_cat?post=8262"},{"taxonomy":"product_tag","embeddable":true,"href":"https:\/\/www.camlock.org\/et\/wp-json\/wp\/v2\/product_tag?post=8262"}],"curies":[{"name":"wp","href":"https:\/\/api.w.org\/{rel}","templated":true}]}}