{"id":8385,"date":"2017-12-13T13:31:26","date_gmt":"2018-01-18T13:39:10","guid":{"rendered":"https:\/\/www.camlock.org\/?post_type=product&#038;p=8385"},"modified":"2025-05-14T22:04:12","modified_gmt":"2025-05-14T19:04:12","slug":"type-b-nylon-camlock-fitting-male-adapter-x-female-bsp-thread","status":"publish","type":"product","link":"https:\/\/www.camlock.org\/et\/toode\/type-b-nylon-camlock-fitting-male-adapter-x-female-bsp-thread\/","title":{"rendered":"T\u00fc\u00fcp B Nylon Camlock &#8211; haakeseadis meessoost adapter x naine BSP-niit"},"content":{"rendered":"<p>B-t\u00fc\u00fcpi kollast nukk-liitmikku kasutatakse tavaliselt koos F-t\u00fc\u00fcpi adapteriga, m\u00f5nikord ka sama suurusega A- ja E-t\u00fc\u00fcpi adapteriga ning DP-ga (tolmukork). Nailonist nukk- ja soon\u00fchendused v\u00f5imaldavad vooliku kiiret \u00fchendamist\/lahti\u00fchendamist ning v\u00e4listavad keerme ja \u00e4\u00e4riku keerulise k\u00e4sitsemise. Lihtsalt sisestage isasadapter emasliitmikku, kuni see puutub kokku tihendiga. Seej\u00e4rel suruge hoovad alla, et tekitada tihendi \u00fchtlane kokkusurumine.   <\/p>\n","protected":false},"excerpt":{"rendered":"<p>B-t\u00fc\u00fcpi lukustusliitmikku kasutatakse tavaliselt koos F-t\u00fc\u00fcpi adapteriga, m\u00f5nikord ka sama suurusega A- ja E-t\u00fc\u00fcpi adapteri ning DP-t\u00fc\u00fcpi (tolmukorgiga).<\/p>\n","protected":false},"featured_media":8333,"template":"","meta":[],"product_brand":[],"product_cat":[125],"product_tag":[126,234],"class_list":{"0":"post-8385","1":"product","2":"type-product","3":"status-publish","4":"has-post-thumbnail","6":"product_cat-nylon-camlock-couplings","7":"product_tag-nylon-et","8":"product_tag-type-b-et","10":"first","11":"instock","12":"taxable","13":"shipping-taxable","14":"purchasable","15":"product-type-variable"},"yoast_head":"<!-- This site is optimized with the Yoast SEO plugin v27.4 - https:\/\/yoast.com\/product\/yoast-seo-wordpress\/ -->\n<title>T\u00fc\u00fcp B Nylon Camlock - haakeseadis meessoost adapter x naine BSP-niit<\/title>\n<meta name=\"description\" content=\"B-t\u00fc\u00fcpi kollast nukk-liitmikku kasutatakse tavaliselt koos F-t\u00fc\u00fcpi adapteriga, m\u00f5nikord ka sama suurusega A- ja E-t\u00fc\u00fcpi adapterite ning DP-t\u00fc\u00fcpi (tolmukorgiga) adapteritega. Nailonist nukk- ja soon\u00fchendused v\u00f5imaldavad vooliku kiiret \u00fchendamist\/lahti\u00fchendamist ning v\u00e4listavad keerme ja \u00e4\u00e4riku keerulise k\u00e4sitsemise.\" \/>\n<meta name=\"robots\" content=\"index, follow, max-snippet:-1, max-image-preview:large, max-video-preview:-1\" \/>\n<link rel=\"canonical\" href=\"https:\/\/www.camlock.org\/et\/toode\/type-b-nylon-camlock-fitting-male-adapter-x-female-bsp-thread\/\" \/>\n<meta property=\"og:locale\" content=\"et_EE\" \/>\n<meta property=\"og:type\" content=\"article\" \/>\n<meta property=\"og:title\" content=\"T\u00fc\u00fcp B Nylon Camlock - haakeseadis meessoost adapter x naine BSP-niit\" \/>\n<meta property=\"og:description\" content=\"B-t\u00fc\u00fcpi kollast nukk-liitmikku kasutatakse tavaliselt koos F-t\u00fc\u00fcpi adapteriga, m\u00f5nikord ka sama suurusega A- ja E-t\u00fc\u00fcpi adapterite ning DP-t\u00fc\u00fcpi (tolmukorgiga) adapteritega. Nailonist nukk- ja soon\u00fchendused v\u00f5imaldavad vooliku kiiret \u00fchendamist\/lahti\u00fchendamist ning v\u00e4listavad keerme ja \u00e4\u00e4riku keerulise k\u00e4sitsemise.\" \/>\n<meta property=\"og:url\" content=\"https:\/\/www.camlock.org\/et\/toode\/type-b-nylon-camlock-fitting-male-adapter-x-female-bsp-thread\/\" \/>\n<meta property=\"og:site_name\" content=\"Camlock Fittings, Cam-lock liitmikud m\u00fc\u00fck\" \/>\n<meta property=\"article:modified_time\" content=\"2025-05-14T19:04:12+00:00\" \/>\n<meta property=\"og:image\" content=\"https:\/\/www.camlock.org\/wp-content\/uploads\/2017\/12\/Camlock_Nylon_type-B_50mm_B200NY_.jpg\" \/>\n\t<meta property=\"og:image:width\" content=\"1000\" \/>\n\t<meta property=\"og:image:height\" content=\"1134\" \/>\n\t<meta property=\"og:image:type\" content=\"image\/jpeg\" \/>\n<meta name=\"twitter:card\" content=\"summary_large_image\" \/>\n<script type=\"application\/ld+json\" class=\"yoast-schema-graph\">{\"@context\":\"https:\\\/\\\/schema.org\",\"@graph\":[{\"@type\":\"WebPage\",\"@id\":\"https:\\\/\\\/www.camlock.org\\\/et\\\/toode\\\/type-b-nylon-camlock-fitting-male-adapter-x-female-bsp-thread\\\/\",\"url\":\"https:\\\/\\\/www.camlock.org\\\/et\\\/toode\\\/type-b-nylon-camlock-fitting-male-adapter-x-female-bsp-thread\\\/\",\"name\":\"T\u00fc\u00fcp B Nylon Camlock - haakeseadis meessoost adapter x naine BSP-niit\",\"isPartOf\":{\"@id\":\"https:\\\/\\\/www.camlock.org\\\/et\\\/?lang=et\\\/#website\"},\"primaryImageOfPage\":{\"@id\":\"https:\\\/\\\/www.camlock.org\\\/et\\\/toode\\\/type-b-nylon-camlock-fitting-male-adapter-x-female-bsp-thread\\\/#primaryimage\"},\"image\":{\"@id\":\"https:\\\/\\\/www.camlock.org\\\/et\\\/toode\\\/type-b-nylon-camlock-fitting-male-adapter-x-female-bsp-thread\\\/#primaryimage\"},\"thumbnailUrl\":\"https:\\\/\\\/www.camlock.org\\\/wp-content\\\/uploads\\\/2017\\\/12\\\/Camlock_Nylon_type-B_50mm_B200NY_.jpg\",\"datePublished\":\"2018-01-18T13:39:10+00:00\",\"dateModified\":\"2025-05-14T19:04:12+00:00\",\"description\":\"B-t\u00fc\u00fcpi kollast nukk-liitmikku kasutatakse tavaliselt koos F-t\u00fc\u00fcpi adapteriga, m\u00f5nikord ka sama suurusega A- ja E-t\u00fc\u00fcpi adapterite ning DP-t\u00fc\u00fcpi (tolmukorgiga) adapteritega. Nailonist nukk- ja soon\u00fchendused v\u00f5imaldavad vooliku kiiret \u00fchendamist\\\/lahti\u00fchendamist ning v\u00e4listavad keerme ja \u00e4\u00e4riku keerulise k\u00e4sitsemise.\",\"breadcrumb\":{\"@id\":\"https:\\\/\\\/www.camlock.org\\\/et\\\/toode\\\/type-b-nylon-camlock-fitting-male-adapter-x-female-bsp-thread\\\/#breadcrumb\"},\"inLanguage\":\"et\",\"potentialAction\":[{\"@type\":\"ReadAction\",\"target\":[\"https:\\\/\\\/www.camlock.org\\\/et\\\/toode\\\/type-b-nylon-camlock-fitting-male-adapter-x-female-bsp-thread\\\/\"]}]},{\"@type\":\"ImageObject\",\"inLanguage\":\"et\",\"@id\":\"https:\\\/\\\/www.camlock.org\\\/et\\\/toode\\\/type-b-nylon-camlock-fitting-male-adapter-x-female-bsp-thread\\\/#primaryimage\",\"url\":\"https:\\\/\\\/www.camlock.org\\\/wp-content\\\/uploads\\\/2017\\\/12\\\/Camlock_Nylon_type-B_50mm_B200NY_.jpg\",\"contentUrl\":\"https:\\\/\\\/www.camlock.org\\\/wp-content\\\/uploads\\\/2017\\\/12\\\/Camlock_Nylon_type-B_50mm_B200NY_.jpg\",\"width\":1000,\"height\":1134,\"caption\":\"T\u00fc\u00fcp B Nylon Camlock - haakeseadis meessoost adapter x naine BSP-niit\"},{\"@type\":\"BreadcrumbList\",\"@id\":\"https:\\\/\\\/www.camlock.org\\\/et\\\/toode\\\/type-b-nylon-camlock-fitting-male-adapter-x-female-bsp-thread\\\/#breadcrumb\",\"itemListElement\":[{\"@type\":\"ListItem\",\"position\":1,\"name\":\"Home\",\"item\":\"https:\\\/\\\/www.camlock.org\\\/et\\\/\"},{\"@type\":\"ListItem\",\"position\":2,\"name\":\"Pood\",\"item\":\"https:\\\/\\\/www.camlock.org\\\/et\\\/pood\\\/\"},{\"@type\":\"ListItem\",\"position\":3,\"name\":\"T\u00fc\u00fcp B Nylon Camlock &#8211; haakeseadis meessoost adapter x naine BSP-niit\"}]},{\"@type\":\"WebSite\",\"@id\":\"https:\\\/\\\/www.camlock.org\\\/et\\\/?lang=et\\\/#website\",\"url\":\"https:\\\/\\\/www.camlock.org\\\/et\\\/?lang=et\\\/\",\"name\":\"Camlock Fittings, Cam-lock liitmikud m\u00fc\u00fck\",\"description\":\"Camlock Fittings, Cam-lock liitmikud m\u00fc\u00fck\",\"potentialAction\":[{\"@type\":\"SearchAction\",\"target\":{\"@type\":\"EntryPoint\",\"urlTemplate\":\"https:\\\/\\\/www.camlock.org\\\/et\\\/?lang=et\\\/?s={search_term_string}\"},\"query-input\":{\"@type\":\"PropertyValueSpecification\",\"valueRequired\":true,\"valueName\":\"search_term_string\"}}],\"inLanguage\":\"et\"}]}<\/script>\n<!-- \/ Yoast SEO plugin. -->","yoast_head_json":{"title":"T\u00fc\u00fcp B Nylon Camlock - haakeseadis meessoost adapter x naine BSP-niit","description":"B-t\u00fc\u00fcpi kollast nukk-liitmikku kasutatakse tavaliselt koos F-t\u00fc\u00fcpi adapteriga, m\u00f5nikord ka sama suurusega A- ja E-t\u00fc\u00fcpi adapterite ning DP-t\u00fc\u00fcpi (tolmukorgiga) adapteritega. Nailonist nukk- ja soon\u00fchendused v\u00f5imaldavad vooliku kiiret \u00fchendamist\/lahti\u00fchendamist ning v\u00e4listavad keerme ja \u00e4\u00e4riku keerulise k\u00e4sitsemise.","robots":{"index":"index","follow":"follow","max-snippet":"max-snippet:-1","max-image-preview":"max-image-preview:large","max-video-preview":"max-video-preview:-1"},"canonical":"https:\/\/www.camlock.org\/et\/toode\/type-b-nylon-camlock-fitting-male-adapter-x-female-bsp-thread\/","og_locale":"et_EE","og_type":"article","og_title":"T\u00fc\u00fcp B Nylon Camlock - haakeseadis meessoost adapter x naine BSP-niit","og_description":"B-t\u00fc\u00fcpi kollast nukk-liitmikku kasutatakse tavaliselt koos F-t\u00fc\u00fcpi adapteriga, m\u00f5nikord ka sama suurusega A- ja E-t\u00fc\u00fcpi adapterite ning DP-t\u00fc\u00fcpi (tolmukorgiga) adapteritega. Nailonist nukk- ja soon\u00fchendused v\u00f5imaldavad vooliku kiiret \u00fchendamist\/lahti\u00fchendamist ning v\u00e4listavad keerme ja \u00e4\u00e4riku keerulise k\u00e4sitsemise.","og_url":"https:\/\/www.camlock.org\/et\/toode\/type-b-nylon-camlock-fitting-male-adapter-x-female-bsp-thread\/","og_site_name":"Camlock Fittings, Cam-lock liitmikud m\u00fc\u00fck","article_modified_time":"2025-05-14T19:04:12+00:00","og_image":[{"width":1000,"height":1134,"url":"https:\/\/www.camlock.org\/wp-content\/uploads\/2017\/12\/Camlock_Nylon_type-B_50mm_B200NY_.jpg","type":"image\/jpeg"}],"twitter_card":"summary_large_image","schema":{"@context":"https:\/\/schema.org","@graph":[{"@type":"WebPage","@id":"https:\/\/www.camlock.org\/et\/toode\/type-b-nylon-camlock-fitting-male-adapter-x-female-bsp-thread\/","url":"https:\/\/www.camlock.org\/et\/toode\/type-b-nylon-camlock-fitting-male-adapter-x-female-bsp-thread\/","name":"T\u00fc\u00fcp B Nylon Camlock - haakeseadis meessoost adapter x naine BSP-niit","isPartOf":{"@id":"https:\/\/www.camlock.org\/et\/?lang=et\/#website"},"primaryImageOfPage":{"@id":"https:\/\/www.camlock.org\/et\/toode\/type-b-nylon-camlock-fitting-male-adapter-x-female-bsp-thread\/#primaryimage"},"image":{"@id":"https:\/\/www.camlock.org\/et\/toode\/type-b-nylon-camlock-fitting-male-adapter-x-female-bsp-thread\/#primaryimage"},"thumbnailUrl":"https:\/\/www.camlock.org\/wp-content\/uploads\/2017\/12\/Camlock_Nylon_type-B_50mm_B200NY_.jpg","datePublished":"2018-01-18T13:39:10+00:00","dateModified":"2025-05-14T19:04:12+00:00","description":"B-t\u00fc\u00fcpi kollast nukk-liitmikku kasutatakse tavaliselt koos F-t\u00fc\u00fcpi adapteriga, m\u00f5nikord ka sama suurusega A- ja E-t\u00fc\u00fcpi adapterite ning DP-t\u00fc\u00fcpi (tolmukorgiga) adapteritega. Nailonist nukk- ja soon\u00fchendused v\u00f5imaldavad vooliku kiiret \u00fchendamist\/lahti\u00fchendamist ning v\u00e4listavad keerme ja \u00e4\u00e4riku keerulise k\u00e4sitsemise.","breadcrumb":{"@id":"https:\/\/www.camlock.org\/et\/toode\/type-b-nylon-camlock-fitting-male-adapter-x-female-bsp-thread\/#breadcrumb"},"inLanguage":"et","potentialAction":[{"@type":"ReadAction","target":["https:\/\/www.camlock.org\/et\/toode\/type-b-nylon-camlock-fitting-male-adapter-x-female-bsp-thread\/"]}]},{"@type":"ImageObject","inLanguage":"et","@id":"https:\/\/www.camlock.org\/et\/toode\/type-b-nylon-camlock-fitting-male-adapter-x-female-bsp-thread\/#primaryimage","url":"https:\/\/www.camlock.org\/wp-content\/uploads\/2017\/12\/Camlock_Nylon_type-B_50mm_B200NY_.jpg","contentUrl":"https:\/\/www.camlock.org\/wp-content\/uploads\/2017\/12\/Camlock_Nylon_type-B_50mm_B200NY_.jpg","width":1000,"height":1134,"caption":"T\u00fc\u00fcp B Nylon Camlock - haakeseadis meessoost adapter x naine BSP-niit"},{"@type":"BreadcrumbList","@id":"https:\/\/www.camlock.org\/et\/toode\/type-b-nylon-camlock-fitting-male-adapter-x-female-bsp-thread\/#breadcrumb","itemListElement":[{"@type":"ListItem","position":1,"name":"Home","item":"https:\/\/www.camlock.org\/et\/"},{"@type":"ListItem","position":2,"name":"Pood","item":"https:\/\/www.camlock.org\/et\/pood\/"},{"@type":"ListItem","position":3,"name":"T\u00fc\u00fcp B Nylon Camlock &#8211; haakeseadis meessoost adapter x naine BSP-niit"}]},{"@type":"WebSite","@id":"https:\/\/www.camlock.org\/et\/?lang=et\/#website","url":"https:\/\/www.camlock.org\/et\/?lang=et\/","name":"Camlock Fittings, Cam-lock liitmikud m\u00fc\u00fck","description":"Camlock Fittings, Cam-lock liitmikud m\u00fc\u00fck","potentialAction":[{"@type":"SearchAction","target":{"@type":"EntryPoint","urlTemplate":"https:\/\/www.camlock.org\/et\/?lang=et\/?s={search_term_string}"},"query-input":{"@type":"PropertyValueSpecification","valueRequired":true,"valueName":"search_term_string"}}],"inLanguage":"et"}]}},"_links":{"self":[{"href":"https:\/\/www.camlock.org\/et\/wp-json\/wp\/v2\/product\/8385","targetHints":{"allow":["GET"]}}],"collection":[{"href":"https:\/\/www.camlock.org\/et\/wp-json\/wp\/v2\/product"}],"about":[{"href":"https:\/\/www.camlock.org\/et\/wp-json\/wp\/v2\/types\/product"}],"wp:featuredmedia":[{"embeddable":true,"href":"https:\/\/www.camlock.org\/et\/wp-json\/wp\/v2\/media\/8333"}],"wp:attachment":[{"href":"https:\/\/www.camlock.org\/et\/wp-json\/wp\/v2\/media?parent=8385"}],"wp:term":[{"taxonomy":"product_brand","embeddable":true,"href":"https:\/\/www.camlock.org\/et\/wp-json\/wp\/v2\/product_brand?post=8385"},{"taxonomy":"product_cat","embeddable":true,"href":"https:\/\/www.camlock.org\/et\/wp-json\/wp\/v2\/product_cat?post=8385"},{"taxonomy":"product_tag","embeddable":true,"href":"https:\/\/www.camlock.org\/et\/wp-json\/wp\/v2\/product_tag?post=8385"}],"curies":[{"name":"wp","href":"https:\/\/api.w.org\/{rel}","templated":true}]}}