{"id":8596,"date":"2018-01-16T22:13:30","date_gmt":"2018-01-16T19:13:30","guid":{"rendered":"https:\/\/www.camlock.org\/product\/nylon-camlocki-sisseseade-naissoost-haakeseadis-x-kaapihulss\/"},"modified":"2025-05-14T21:37:55","modified_gmt":"2025-05-14T18:37:55","slug":"nylon-camlocki-sisseseade-naissoost-haakeseadis-x-kaapihulss","status":"publish","type":"product","link":"https:\/\/www.camlock.org\/et\/toode\/nylon-camlocki-sisseseade-naissoost-haakeseadis-x-kaapihulss\/","title":{"rendered":"C-t\u00fc\u00fcpi nailonist nukklukustusliitmik &#8211; emasliitmik \u00d7 voolikuvars"},"content":{"rendered":"<p>Naisliitmik voolikuotsaga &#8211; C-t\u00fc\u00fcpi nailonist nukklukul on \u00fches otsas emaslukk ja teises otsas isasvoolikuots. Nukleaarse nukkluku ots v\u00f5tab vastu mis tahes isase nukklukuadapteri ja vooliku saba sisestatakse mis tahes sobiva suurusega vooliku sisse ja kinnitatakse tugeva roostevabast terasest poltklambriga. <\/p>\n","protected":false},"excerpt":{"rendered":"<p>C-t\u00fc\u00fcpi kasutatakse tavaliselt koos A-, E-, F- ja DP-t\u00fc\u00fcpi adapteritega.<\/p>\n","protected":false},"featured_media":8463,"template":"","meta":[],"product_brand":[],"product_cat":[125],"product_tag":[126,225],"class_list":{"0":"post-8596","1":"product","2":"type-product","3":"status-publish","4":"has-post-thumbnail","6":"product_cat-nylon-camlock-couplings","7":"product_tag-nylon-et","8":"product_tag-type--et","10":"first","11":"instock","12":"taxable","13":"shipping-taxable","14":"purchasable","15":"product-type-variable"},"yoast_head":"<!-- This site is optimized with the Yoast SEO plugin v27.3 - https:\/\/yoast.com\/product\/yoast-seo-wordpress\/ -->\n<title>C-t\u00fc\u00fcpi nailonist nukklukustusliitmik - emasliitmik \u00d7 voolikuvars<\/title>\n<meta name=\"description\" content=\"Naisliitmik voolikuotsaga - C-t\u00fc\u00fcpi nailonist nukklukulukk on \u00fches otsas emaslukk ja teises otsas isasvoolikuots.\" \/>\n<meta name=\"robots\" content=\"index, follow, max-snippet:-1, max-image-preview:large, max-video-preview:-1\" \/>\n<link rel=\"canonical\" href=\"https:\/\/www.camlock.org\/et\/toode\/nylon-camlocki-sisseseade-naissoost-haakeseadis-x-kaapihulss\/\" \/>\n<meta property=\"og:locale\" content=\"et_EE\" \/>\n<meta property=\"og:type\" content=\"article\" \/>\n<meta property=\"og:title\" content=\"C-t\u00fc\u00fcpi nailonist nukklukustusliitmik - emasliitmik \u00d7 voolikuvars\" \/>\n<meta property=\"og:description\" content=\"Naisliitmik voolikuotsaga - C-t\u00fc\u00fcpi nailonist nukklukulukk on \u00fches otsas emaslukk ja teises otsas isasvoolikuots.\" \/>\n<meta property=\"og:url\" content=\"https:\/\/www.camlock.org\/et\/toode\/nylon-camlocki-sisseseade-naissoost-haakeseadis-x-kaapihulss\/\" \/>\n<meta property=\"og:site_name\" content=\"Camlock Fittings, Cam-lock liitmikud m\u00fc\u00fck\" \/>\n<meta property=\"article:modified_time\" content=\"2025-05-14T18:37:55+00:00\" \/>\n<meta property=\"og:image\" content=\"https:\/\/www.camlock.org\/wp-content\/uploads\/2018\/01\/Camlock_Nylon_type-C_200mm_A050NL_.jpg\" \/>\n\t<meta property=\"og:image:width\" content=\"1000\" \/>\n\t<meta property=\"og:image:height\" content=\"1134\" \/>\n\t<meta property=\"og:image:type\" content=\"image\/jpeg\" \/>\n<meta name=\"twitter:card\" content=\"summary_large_image\" \/>\n<script type=\"application\/ld+json\" class=\"yoast-schema-graph\">{\"@context\":\"https:\\\/\\\/schema.org\",\"@graph\":[{\"@type\":\"WebPage\",\"@id\":\"https:\\\/\\\/www.camlock.org\\\/et\\\/toode\\\/nylon-camlocki-sisseseade-naissoost-haakeseadis-x-kaapihulss\\\/\",\"url\":\"https:\\\/\\\/www.camlock.org\\\/et\\\/toode\\\/nylon-camlocki-sisseseade-naissoost-haakeseadis-x-kaapihulss\\\/\",\"name\":\"C-t\u00fc\u00fcpi nailonist nukklukustusliitmik - emasliitmik \u00d7 voolikuvars\",\"isPartOf\":{\"@id\":\"https:\\\/\\\/www.camlock.org\\\/et\\\/?lang=et\\\/#website\"},\"primaryImageOfPage\":{\"@id\":\"https:\\\/\\\/www.camlock.org\\\/et\\\/toode\\\/nylon-camlocki-sisseseade-naissoost-haakeseadis-x-kaapihulss\\\/#primaryimage\"},\"image\":{\"@id\":\"https:\\\/\\\/www.camlock.org\\\/et\\\/toode\\\/nylon-camlocki-sisseseade-naissoost-haakeseadis-x-kaapihulss\\\/#primaryimage\"},\"thumbnailUrl\":\"https:\\\/\\\/www.camlock.org\\\/wp-content\\\/uploads\\\/2018\\\/01\\\/Camlock_Nylon_type-C_200mm_A050NL_.jpg\",\"datePublished\":\"2018-01-16T19:13:30+00:00\",\"dateModified\":\"2025-05-14T18:37:55+00:00\",\"description\":\"Naisliitmik voolikuotsaga - C-t\u00fc\u00fcpi nailonist nukklukulukk on \u00fches otsas emaslukk ja teises otsas isasvoolikuots.\",\"breadcrumb\":{\"@id\":\"https:\\\/\\\/www.camlock.org\\\/et\\\/toode\\\/nylon-camlocki-sisseseade-naissoost-haakeseadis-x-kaapihulss\\\/#breadcrumb\"},\"inLanguage\":\"et\",\"potentialAction\":[{\"@type\":\"ReadAction\",\"target\":[\"https:\\\/\\\/www.camlock.org\\\/et\\\/toode\\\/nylon-camlocki-sisseseade-naissoost-haakeseadis-x-kaapihulss\\\/\"]}]},{\"@type\":\"ImageObject\",\"inLanguage\":\"et\",\"@id\":\"https:\\\/\\\/www.camlock.org\\\/et\\\/toode\\\/nylon-camlocki-sisseseade-naissoost-haakeseadis-x-kaapihulss\\\/#primaryimage\",\"url\":\"https:\\\/\\\/www.camlock.org\\\/wp-content\\\/uploads\\\/2018\\\/01\\\/Camlock_Nylon_type-C_200mm_A050NL_.jpg\",\"contentUrl\":\"https:\\\/\\\/www.camlock.org\\\/wp-content\\\/uploads\\\/2018\\\/01\\\/Camlock_Nylon_type-C_200mm_A050NL_.jpg\",\"width\":1000,\"height\":1134,\"caption\":\"C-t\u00fc\u00fcpi nailonist nukklukustusliitmik - emasliitmik \u00d7 voolikuvars\"},{\"@type\":\"BreadcrumbList\",\"@id\":\"https:\\\/\\\/www.camlock.org\\\/et\\\/toode\\\/nylon-camlocki-sisseseade-naissoost-haakeseadis-x-kaapihulss\\\/#breadcrumb\",\"itemListElement\":[{\"@type\":\"ListItem\",\"position\":1,\"name\":\"Home\",\"item\":\"https:\\\/\\\/www.camlock.org\\\/et\\\/\"},{\"@type\":\"ListItem\",\"position\":2,\"name\":\"Pood\",\"item\":\"https:\\\/\\\/www.camlock.org\\\/et\\\/pood\\\/\"},{\"@type\":\"ListItem\",\"position\":3,\"name\":\"C-t\u00fc\u00fcpi nailonist nukklukustusliitmik &#8211; emasliitmik \u00d7 voolikuvars\"}]},{\"@type\":\"WebSite\",\"@id\":\"https:\\\/\\\/www.camlock.org\\\/et\\\/?lang=et\\\/#website\",\"url\":\"https:\\\/\\\/www.camlock.org\\\/et\\\/?lang=et\\\/\",\"name\":\"Camlock Fittings, Cam-lock liitmikud m\u00fc\u00fck\",\"description\":\"Camlock Fittings, Cam-lock liitmikud m\u00fc\u00fck\",\"potentialAction\":[{\"@type\":\"SearchAction\",\"target\":{\"@type\":\"EntryPoint\",\"urlTemplate\":\"https:\\\/\\\/www.camlock.org\\\/et\\\/?lang=et\\\/?s={search_term_string}\"},\"query-input\":{\"@type\":\"PropertyValueSpecification\",\"valueRequired\":true,\"valueName\":\"search_term_string\"}}],\"inLanguage\":\"et\"}]}<\/script>\n<!-- \/ Yoast SEO plugin. -->","yoast_head_json":{"title":"C-t\u00fc\u00fcpi nailonist nukklukustusliitmik - emasliitmik \u00d7 voolikuvars","description":"Naisliitmik voolikuotsaga - C-t\u00fc\u00fcpi nailonist nukklukulukk on \u00fches otsas emaslukk ja teises otsas isasvoolikuots.","robots":{"index":"index","follow":"follow","max-snippet":"max-snippet:-1","max-image-preview":"max-image-preview:large","max-video-preview":"max-video-preview:-1"},"canonical":"https:\/\/www.camlock.org\/et\/toode\/nylon-camlocki-sisseseade-naissoost-haakeseadis-x-kaapihulss\/","og_locale":"et_EE","og_type":"article","og_title":"C-t\u00fc\u00fcpi nailonist nukklukustusliitmik - emasliitmik \u00d7 voolikuvars","og_description":"Naisliitmik voolikuotsaga - C-t\u00fc\u00fcpi nailonist nukklukulukk on \u00fches otsas emaslukk ja teises otsas isasvoolikuots.","og_url":"https:\/\/www.camlock.org\/et\/toode\/nylon-camlocki-sisseseade-naissoost-haakeseadis-x-kaapihulss\/","og_site_name":"Camlock Fittings, Cam-lock liitmikud m\u00fc\u00fck","article_modified_time":"2025-05-14T18:37:55+00:00","og_image":[{"width":1000,"height":1134,"url":"https:\/\/www.camlock.org\/wp-content\/uploads\/2018\/01\/Camlock_Nylon_type-C_200mm_A050NL_.jpg","type":"image\/jpeg"}],"twitter_card":"summary_large_image","schema":{"@context":"https:\/\/schema.org","@graph":[{"@type":"WebPage","@id":"https:\/\/www.camlock.org\/et\/toode\/nylon-camlocki-sisseseade-naissoost-haakeseadis-x-kaapihulss\/","url":"https:\/\/www.camlock.org\/et\/toode\/nylon-camlocki-sisseseade-naissoost-haakeseadis-x-kaapihulss\/","name":"C-t\u00fc\u00fcpi nailonist nukklukustusliitmik - emasliitmik \u00d7 voolikuvars","isPartOf":{"@id":"https:\/\/www.camlock.org\/et\/?lang=et\/#website"},"primaryImageOfPage":{"@id":"https:\/\/www.camlock.org\/et\/toode\/nylon-camlocki-sisseseade-naissoost-haakeseadis-x-kaapihulss\/#primaryimage"},"image":{"@id":"https:\/\/www.camlock.org\/et\/toode\/nylon-camlocki-sisseseade-naissoost-haakeseadis-x-kaapihulss\/#primaryimage"},"thumbnailUrl":"https:\/\/www.camlock.org\/wp-content\/uploads\/2018\/01\/Camlock_Nylon_type-C_200mm_A050NL_.jpg","datePublished":"2018-01-16T19:13:30+00:00","dateModified":"2025-05-14T18:37:55+00:00","description":"Naisliitmik voolikuotsaga - C-t\u00fc\u00fcpi nailonist nukklukulukk on \u00fches otsas emaslukk ja teises otsas isasvoolikuots.","breadcrumb":{"@id":"https:\/\/www.camlock.org\/et\/toode\/nylon-camlocki-sisseseade-naissoost-haakeseadis-x-kaapihulss\/#breadcrumb"},"inLanguage":"et","potentialAction":[{"@type":"ReadAction","target":["https:\/\/www.camlock.org\/et\/toode\/nylon-camlocki-sisseseade-naissoost-haakeseadis-x-kaapihulss\/"]}]},{"@type":"ImageObject","inLanguage":"et","@id":"https:\/\/www.camlock.org\/et\/toode\/nylon-camlocki-sisseseade-naissoost-haakeseadis-x-kaapihulss\/#primaryimage","url":"https:\/\/www.camlock.org\/wp-content\/uploads\/2018\/01\/Camlock_Nylon_type-C_200mm_A050NL_.jpg","contentUrl":"https:\/\/www.camlock.org\/wp-content\/uploads\/2018\/01\/Camlock_Nylon_type-C_200mm_A050NL_.jpg","width":1000,"height":1134,"caption":"C-t\u00fc\u00fcpi nailonist nukklukustusliitmik - emasliitmik \u00d7 voolikuvars"},{"@type":"BreadcrumbList","@id":"https:\/\/www.camlock.org\/et\/toode\/nylon-camlocki-sisseseade-naissoost-haakeseadis-x-kaapihulss\/#breadcrumb","itemListElement":[{"@type":"ListItem","position":1,"name":"Home","item":"https:\/\/www.camlock.org\/et\/"},{"@type":"ListItem","position":2,"name":"Pood","item":"https:\/\/www.camlock.org\/et\/pood\/"},{"@type":"ListItem","position":3,"name":"C-t\u00fc\u00fcpi nailonist nukklukustusliitmik &#8211; emasliitmik \u00d7 voolikuvars"}]},{"@type":"WebSite","@id":"https:\/\/www.camlock.org\/et\/?lang=et\/#website","url":"https:\/\/www.camlock.org\/et\/?lang=et\/","name":"Camlock Fittings, Cam-lock liitmikud m\u00fc\u00fck","description":"Camlock Fittings, Cam-lock liitmikud m\u00fc\u00fck","potentialAction":[{"@type":"SearchAction","target":{"@type":"EntryPoint","urlTemplate":"https:\/\/www.camlock.org\/et\/?lang=et\/?s={search_term_string}"},"query-input":{"@type":"PropertyValueSpecification","valueRequired":true,"valueName":"search_term_string"}}],"inLanguage":"et"}]}},"_links":{"self":[{"href":"https:\/\/www.camlock.org\/et\/wp-json\/wp\/v2\/product\/8596","targetHints":{"allow":["GET"]}}],"collection":[{"href":"https:\/\/www.camlock.org\/et\/wp-json\/wp\/v2\/product"}],"about":[{"href":"https:\/\/www.camlock.org\/et\/wp-json\/wp\/v2\/types\/product"}],"wp:featuredmedia":[{"embeddable":true,"href":"https:\/\/www.camlock.org\/et\/wp-json\/wp\/v2\/media\/8463"}],"wp:attachment":[{"href":"https:\/\/www.camlock.org\/et\/wp-json\/wp\/v2\/media?parent=8596"}],"wp:term":[{"taxonomy":"product_brand","embeddable":true,"href":"https:\/\/www.camlock.org\/et\/wp-json\/wp\/v2\/product_brand?post=8596"},{"taxonomy":"product_cat","embeddable":true,"href":"https:\/\/www.camlock.org\/et\/wp-json\/wp\/v2\/product_cat?post=8596"},{"taxonomy":"product_tag","embeddable":true,"href":"https:\/\/www.camlock.org\/et\/wp-json\/wp\/v2\/product_tag?post=8596"}],"curies":[{"name":"wp","href":"https:\/\/api.w.org\/{rel}","templated":true}]}}