{"id":9337,"date":"2018-01-18T17:12:14","date_gmt":"2018-01-18T14:12:14","guid":{"rendered":"https:\/\/www.camlock.org\/product\/tuup-d-nylon-camlock-fitting-naissoost-haakeseadis-x-naine-bsp-thread\/"},"modified":"2025-05-14T21:26:35","modified_gmt":"2025-05-14T18:26:35","slug":"type-d-nylon-camlock-fitting-female-coupler-x-female-bsp-thread","status":"publish","type":"product","link":"https:\/\/www.camlock.org\/et\/toode\/type-d-nylon-camlock-fitting-female-coupler-x-female-bsp-thread\/","title":{"rendered":"D-t\u00fc\u00fcpi nailonist nukklukustusliitmik &#8211; emasliitmik \u00d7 BSP-keermega emasliitmik"},"content":{"rendered":"<p>Nimmelukk\u00fchendus BSP-keermega &#8211; D-t\u00fc\u00fcpi nukklukkudel on nukkluku sisemine ots ja sama suurusega BSP-keermega sisemine keermestus. Kollast v\u00e4rvi nukklukuga D-t\u00fc\u00fcpi nukk- ja soonmuhve kasutatakse sageli koos A-t\u00fc\u00fcpi adapteritega ning m\u00f5nikord ka koos sama suurusega E ja F-t\u00fc\u00fcpi ning DP-t\u00fc\u00fcpi (tolmupistik) \u00fchendustega. \u00dckski camlock-liitmik ei sobi suru\u00f5hu- v\u00f5i aururakenduste jaoks. <\/p>\n","protected":false},"excerpt":{"rendered":"<p>Nimmelukk\u00fchendus BSP-keermega &#8211; D-t\u00fc\u00fcpi nukklukkudel on nukkluku sisemine ots ja sama suurusega BSP-keermega sisemine keermestus.<\/p>\n","protected":false},"featured_media":8671,"template":"","meta":[],"product_brand":[],"product_cat":[125],"product_tag":[126,252],"class_list":{"0":"post-9337","1":"product","2":"type-product","3":"status-publish","4":"has-post-thumbnail","6":"product_cat-nylon-camlock-couplings","7":"product_tag-nylon-et","8":"product_tag-type-d-et","10":"first","11":"instock","12":"taxable","13":"shipping-taxable","14":"purchasable","15":"product-type-variable"},"yoast_head":"<!-- This site is optimized with the Yoast SEO plugin v27.4 - https:\/\/yoast.com\/product\/yoast-seo-wordpress\/ -->\n<title>D-t\u00fc\u00fcpi nailonist nukklukustusliitmik - emasliitmik \u00d7 BSP-keermega emasliitmik<\/title>\n<meta name=\"description\" content=\"Nimmelukk\u00fchendus BSP-keermega - D-t\u00fc\u00fcpi nukklukkudel on nukkluku sisemine ots ja sama suurusega BSP-keermega sisemine keermestus. Kollast v\u00e4rvi nukklukuga D-t\u00fc\u00fcpi nukk- ja soonmuhve kasutatakse sageli koos A-t\u00fc\u00fcpi adapteritega ning m\u00f5nikord ka koos sama suurusega E ja F-t\u00fc\u00fcpi ning DP-t\u00fc\u00fcpi (tolmupistik) \u00fchendustega.\" \/>\n<meta name=\"robots\" content=\"index, follow, max-snippet:-1, max-image-preview:large, max-video-preview:-1\" \/>\n<link rel=\"canonical\" href=\"https:\/\/www.camlock.org\/et\/toode\/type-d-nylon-camlock-fitting-female-coupler-x-female-bsp-thread\/\" \/>\n<meta property=\"og:locale\" content=\"et_EE\" \/>\n<meta property=\"og:type\" content=\"article\" \/>\n<meta property=\"og:title\" content=\"D-t\u00fc\u00fcpi nailonist nukklukustusliitmik - emasliitmik \u00d7 BSP-keermega emasliitmik\" \/>\n<meta property=\"og:description\" content=\"Nimmelukk\u00fchendus BSP-keermega - D-t\u00fc\u00fcpi nukklukkudel on nukkluku sisemine ots ja sama suurusega BSP-keermega sisemine keermestus. Kollast v\u00e4rvi nukklukuga D-t\u00fc\u00fcpi nukk- ja soonmuhve kasutatakse sageli koos A-t\u00fc\u00fcpi adapteritega ning m\u00f5nikord ka koos sama suurusega E ja F-t\u00fc\u00fcpi ning DP-t\u00fc\u00fcpi (tolmupistik) \u00fchendustega.\" \/>\n<meta property=\"og:url\" content=\"https:\/\/www.camlock.org\/et\/toode\/type-d-nylon-camlock-fitting-female-coupler-x-female-bsp-thread\/\" \/>\n<meta property=\"og:site_name\" content=\"Camlock Fittings, Cam-lock liitmikud m\u00fc\u00fck\" \/>\n<meta property=\"article:modified_time\" content=\"2025-05-14T18:26:35+00:00\" \/>\n<meta property=\"og:image\" content=\"https:\/\/www.camlock.org\/wp-content\/uploads\/2018\/01\/Camlock_Nylon_type-D_50mm_D200NY_.jpg\" \/>\n\t<meta property=\"og:image:width\" content=\"1000\" \/>\n\t<meta property=\"og:image:height\" content=\"1134\" \/>\n\t<meta property=\"og:image:type\" content=\"image\/jpeg\" \/>\n<meta name=\"twitter:card\" content=\"summary_large_image\" \/>\n<script type=\"application\/ld+json\" class=\"yoast-schema-graph\">{\"@context\":\"https:\\\/\\\/schema.org\",\"@graph\":[{\"@type\":\"WebPage\",\"@id\":\"https:\\\/\\\/www.camlock.org\\\/et\\\/toode\\\/type-d-nylon-camlock-fitting-female-coupler-x-female-bsp-thread\\\/\",\"url\":\"https:\\\/\\\/www.camlock.org\\\/et\\\/toode\\\/type-d-nylon-camlock-fitting-female-coupler-x-female-bsp-thread\\\/\",\"name\":\"D-t\u00fc\u00fcpi nailonist nukklukustusliitmik - emasliitmik \u00d7 BSP-keermega emasliitmik\",\"isPartOf\":{\"@id\":\"https:\\\/\\\/www.camlock.org\\\/et\\\/?lang=et\\\/#website\"},\"primaryImageOfPage\":{\"@id\":\"https:\\\/\\\/www.camlock.org\\\/et\\\/toode\\\/type-d-nylon-camlock-fitting-female-coupler-x-female-bsp-thread\\\/#primaryimage\"},\"image\":{\"@id\":\"https:\\\/\\\/www.camlock.org\\\/et\\\/toode\\\/type-d-nylon-camlock-fitting-female-coupler-x-female-bsp-thread\\\/#primaryimage\"},\"thumbnailUrl\":\"https:\\\/\\\/www.camlock.org\\\/wp-content\\\/uploads\\\/2018\\\/01\\\/Camlock_Nylon_type-D_50mm_D200NY_.jpg\",\"datePublished\":\"2018-01-18T14:12:14+00:00\",\"dateModified\":\"2025-05-14T18:26:35+00:00\",\"description\":\"Nimmelukk\u00fchendus BSP-keermega - D-t\u00fc\u00fcpi nukklukkudel on nukkluku sisemine ots ja sama suurusega BSP-keermega sisemine keermestus. Kollast v\u00e4rvi nukklukuga D-t\u00fc\u00fcpi nukk- ja soonmuhve kasutatakse sageli koos A-t\u00fc\u00fcpi adapteritega ning m\u00f5nikord ka koos sama suurusega E ja F-t\u00fc\u00fcpi ning DP-t\u00fc\u00fcpi (tolmupistik) \u00fchendustega.\",\"breadcrumb\":{\"@id\":\"https:\\\/\\\/www.camlock.org\\\/et\\\/toode\\\/type-d-nylon-camlock-fitting-female-coupler-x-female-bsp-thread\\\/#breadcrumb\"},\"inLanguage\":\"et\",\"potentialAction\":[{\"@type\":\"ReadAction\",\"target\":[\"https:\\\/\\\/www.camlock.org\\\/et\\\/toode\\\/type-d-nylon-camlock-fitting-female-coupler-x-female-bsp-thread\\\/\"]}]},{\"@type\":\"ImageObject\",\"inLanguage\":\"et\",\"@id\":\"https:\\\/\\\/www.camlock.org\\\/et\\\/toode\\\/type-d-nylon-camlock-fitting-female-coupler-x-female-bsp-thread\\\/#primaryimage\",\"url\":\"https:\\\/\\\/www.camlock.org\\\/wp-content\\\/uploads\\\/2018\\\/01\\\/Camlock_Nylon_type-D_50mm_D200NY_.jpg\",\"contentUrl\":\"https:\\\/\\\/www.camlock.org\\\/wp-content\\\/uploads\\\/2018\\\/01\\\/Camlock_Nylon_type-D_50mm_D200NY_.jpg\",\"width\":1000,\"height\":1134,\"caption\":\"D-t\u00fc\u00fcpi nailonist nukklukustusliitmik - emasliitmik \u00d7 BSP-keermega emasliitmik\"},{\"@type\":\"BreadcrumbList\",\"@id\":\"https:\\\/\\\/www.camlock.org\\\/et\\\/toode\\\/type-d-nylon-camlock-fitting-female-coupler-x-female-bsp-thread\\\/#breadcrumb\",\"itemListElement\":[{\"@type\":\"ListItem\",\"position\":1,\"name\":\"Home\",\"item\":\"https:\\\/\\\/www.camlock.org\\\/et\\\/\"},{\"@type\":\"ListItem\",\"position\":2,\"name\":\"Pood\",\"item\":\"https:\\\/\\\/www.camlock.org\\\/et\\\/pood\\\/\"},{\"@type\":\"ListItem\",\"position\":3,\"name\":\"D-t\u00fc\u00fcpi nailonist nukklukustusliitmik &#8211; emasliitmik \u00d7 BSP-keermega emasliitmik\"}]},{\"@type\":\"WebSite\",\"@id\":\"https:\\\/\\\/www.camlock.org\\\/et\\\/?lang=et\\\/#website\",\"url\":\"https:\\\/\\\/www.camlock.org\\\/et\\\/?lang=et\\\/\",\"name\":\"Camlock Fittings, Cam-lock liitmikud m\u00fc\u00fck\",\"description\":\"Camlock Fittings, Cam-lock liitmikud m\u00fc\u00fck\",\"potentialAction\":[{\"@type\":\"SearchAction\",\"target\":{\"@type\":\"EntryPoint\",\"urlTemplate\":\"https:\\\/\\\/www.camlock.org\\\/et\\\/?lang=et\\\/?s={search_term_string}\"},\"query-input\":{\"@type\":\"PropertyValueSpecification\",\"valueRequired\":true,\"valueName\":\"search_term_string\"}}],\"inLanguage\":\"et\"}]}<\/script>\n<!-- \/ Yoast SEO plugin. -->","yoast_head_json":{"title":"D-t\u00fc\u00fcpi nailonist nukklukustusliitmik - emasliitmik \u00d7 BSP-keermega emasliitmik","description":"Nimmelukk\u00fchendus BSP-keermega - D-t\u00fc\u00fcpi nukklukkudel on nukkluku sisemine ots ja sama suurusega BSP-keermega sisemine keermestus. Kollast v\u00e4rvi nukklukuga D-t\u00fc\u00fcpi nukk- ja soonmuhve kasutatakse sageli koos A-t\u00fc\u00fcpi adapteritega ning m\u00f5nikord ka koos sama suurusega E ja F-t\u00fc\u00fcpi ning DP-t\u00fc\u00fcpi (tolmupistik) \u00fchendustega.","robots":{"index":"index","follow":"follow","max-snippet":"max-snippet:-1","max-image-preview":"max-image-preview:large","max-video-preview":"max-video-preview:-1"},"canonical":"https:\/\/www.camlock.org\/et\/toode\/type-d-nylon-camlock-fitting-female-coupler-x-female-bsp-thread\/","og_locale":"et_EE","og_type":"article","og_title":"D-t\u00fc\u00fcpi nailonist nukklukustusliitmik - emasliitmik \u00d7 BSP-keermega emasliitmik","og_description":"Nimmelukk\u00fchendus BSP-keermega - D-t\u00fc\u00fcpi nukklukkudel on nukkluku sisemine ots ja sama suurusega BSP-keermega sisemine keermestus. Kollast v\u00e4rvi nukklukuga D-t\u00fc\u00fcpi nukk- ja soonmuhve kasutatakse sageli koos A-t\u00fc\u00fcpi adapteritega ning m\u00f5nikord ka koos sama suurusega E ja F-t\u00fc\u00fcpi ning DP-t\u00fc\u00fcpi (tolmupistik) \u00fchendustega.","og_url":"https:\/\/www.camlock.org\/et\/toode\/type-d-nylon-camlock-fitting-female-coupler-x-female-bsp-thread\/","og_site_name":"Camlock Fittings, Cam-lock liitmikud m\u00fc\u00fck","article_modified_time":"2025-05-14T18:26:35+00:00","og_image":[{"width":1000,"height":1134,"url":"https:\/\/www.camlock.org\/wp-content\/uploads\/2018\/01\/Camlock_Nylon_type-D_50mm_D200NY_.jpg","type":"image\/jpeg"}],"twitter_card":"summary_large_image","schema":{"@context":"https:\/\/schema.org","@graph":[{"@type":"WebPage","@id":"https:\/\/www.camlock.org\/et\/toode\/type-d-nylon-camlock-fitting-female-coupler-x-female-bsp-thread\/","url":"https:\/\/www.camlock.org\/et\/toode\/type-d-nylon-camlock-fitting-female-coupler-x-female-bsp-thread\/","name":"D-t\u00fc\u00fcpi nailonist nukklukustusliitmik - emasliitmik \u00d7 BSP-keermega emasliitmik","isPartOf":{"@id":"https:\/\/www.camlock.org\/et\/?lang=et\/#website"},"primaryImageOfPage":{"@id":"https:\/\/www.camlock.org\/et\/toode\/type-d-nylon-camlock-fitting-female-coupler-x-female-bsp-thread\/#primaryimage"},"image":{"@id":"https:\/\/www.camlock.org\/et\/toode\/type-d-nylon-camlock-fitting-female-coupler-x-female-bsp-thread\/#primaryimage"},"thumbnailUrl":"https:\/\/www.camlock.org\/wp-content\/uploads\/2018\/01\/Camlock_Nylon_type-D_50mm_D200NY_.jpg","datePublished":"2018-01-18T14:12:14+00:00","dateModified":"2025-05-14T18:26:35+00:00","description":"Nimmelukk\u00fchendus BSP-keermega - D-t\u00fc\u00fcpi nukklukkudel on nukkluku sisemine ots ja sama suurusega BSP-keermega sisemine keermestus. Kollast v\u00e4rvi nukklukuga D-t\u00fc\u00fcpi nukk- ja soonmuhve kasutatakse sageli koos A-t\u00fc\u00fcpi adapteritega ning m\u00f5nikord ka koos sama suurusega E ja F-t\u00fc\u00fcpi ning DP-t\u00fc\u00fcpi (tolmupistik) \u00fchendustega.","breadcrumb":{"@id":"https:\/\/www.camlock.org\/et\/toode\/type-d-nylon-camlock-fitting-female-coupler-x-female-bsp-thread\/#breadcrumb"},"inLanguage":"et","potentialAction":[{"@type":"ReadAction","target":["https:\/\/www.camlock.org\/et\/toode\/type-d-nylon-camlock-fitting-female-coupler-x-female-bsp-thread\/"]}]},{"@type":"ImageObject","inLanguage":"et","@id":"https:\/\/www.camlock.org\/et\/toode\/type-d-nylon-camlock-fitting-female-coupler-x-female-bsp-thread\/#primaryimage","url":"https:\/\/www.camlock.org\/wp-content\/uploads\/2018\/01\/Camlock_Nylon_type-D_50mm_D200NY_.jpg","contentUrl":"https:\/\/www.camlock.org\/wp-content\/uploads\/2018\/01\/Camlock_Nylon_type-D_50mm_D200NY_.jpg","width":1000,"height":1134,"caption":"D-t\u00fc\u00fcpi nailonist nukklukustusliitmik - emasliitmik \u00d7 BSP-keermega emasliitmik"},{"@type":"BreadcrumbList","@id":"https:\/\/www.camlock.org\/et\/toode\/type-d-nylon-camlock-fitting-female-coupler-x-female-bsp-thread\/#breadcrumb","itemListElement":[{"@type":"ListItem","position":1,"name":"Home","item":"https:\/\/www.camlock.org\/et\/"},{"@type":"ListItem","position":2,"name":"Pood","item":"https:\/\/www.camlock.org\/et\/pood\/"},{"@type":"ListItem","position":3,"name":"D-t\u00fc\u00fcpi nailonist nukklukustusliitmik &#8211; emasliitmik \u00d7 BSP-keermega emasliitmik"}]},{"@type":"WebSite","@id":"https:\/\/www.camlock.org\/et\/?lang=et\/#website","url":"https:\/\/www.camlock.org\/et\/?lang=et\/","name":"Camlock Fittings, Cam-lock liitmikud m\u00fc\u00fck","description":"Camlock Fittings, Cam-lock liitmikud m\u00fc\u00fck","potentialAction":[{"@type":"SearchAction","target":{"@type":"EntryPoint","urlTemplate":"https:\/\/www.camlock.org\/et\/?lang=et\/?s={search_term_string}"},"query-input":{"@type":"PropertyValueSpecification","valueRequired":true,"valueName":"search_term_string"}}],"inLanguage":"et"}]}},"_links":{"self":[{"href":"https:\/\/www.camlock.org\/et\/wp-json\/wp\/v2\/product\/9337","targetHints":{"allow":["GET"]}}],"collection":[{"href":"https:\/\/www.camlock.org\/et\/wp-json\/wp\/v2\/product"}],"about":[{"href":"https:\/\/www.camlock.org\/et\/wp-json\/wp\/v2\/types\/product"}],"wp:featuredmedia":[{"embeddable":true,"href":"https:\/\/www.camlock.org\/et\/wp-json\/wp\/v2\/media\/8671"}],"wp:attachment":[{"href":"https:\/\/www.camlock.org\/et\/wp-json\/wp\/v2\/media?parent=9337"}],"wp:term":[{"taxonomy":"product_brand","embeddable":true,"href":"https:\/\/www.camlock.org\/et\/wp-json\/wp\/v2\/product_brand?post=9337"},{"taxonomy":"product_cat","embeddable":true,"href":"https:\/\/www.camlock.org\/et\/wp-json\/wp\/v2\/product_cat?post=9337"},{"taxonomy":"product_tag","embeddable":true,"href":"https:\/\/www.camlock.org\/et\/wp-json\/wp\/v2\/product_tag?post=9337"}],"curies":[{"name":"wp","href":"https:\/\/api.w.org\/{rel}","templated":true}]}}