{"id":23966,"date":"2025-05-08T20:11:25","date_gmt":"2025-05-08T17:11:25","guid":{"rendered":"https:\/\/www.camlock.org\/tietosuojak-yt-nt\/"},"modified":"2025-05-08T20:11:25","modified_gmt":"2025-05-08T17:11:25","slug":"tietosuojak-yt-nt","status":"publish","type":"page","link":"https:\/\/www.camlock.org\/fi\/tietosuojak-yt-nt\/","title":{"rendered":"Tietosuojak\u00e4yt\u00e4nt\u00f6"},"content":{"rendered":"\n<h2 class=\"wp-block-heading\">Tietosuojak\u00e4yt\u00e4nt\u00f6<\/h2>\n\n<p>Camlock.org (Masterchem OU) on sitoutunut suojelemaan asiakkaidensa ja k\u00e4ytt\u00e4jiens\u00e4 yksityisyytt\u00e4. Siksi olemme laatineet n\u00e4m\u00e4 tietosuojaperiaatteet, jotka koskevat asiakastietojen ker\u00e4\u00e4mist\u00e4, k\u00e4ytt\u00f6\u00e4, luovuttamista, siirt\u00e4mist\u00e4 ja s\u00e4ilytt\u00e4mist\u00e4. Toimintamme Internetiss\u00e4 noudattaa kaikkia asiaankuuluvia k\u00e4yt\u00e4nt\u00f6j\u00e4 sek\u00e4 EU:n lains\u00e4\u00e4d\u00e4nt\u00f6\u00e4 ja Viron tasavallan lakeja. Ota hetki aikaa ja tutustu tietosuojaan soveltamiimme periaatteisiin.<\/p>\n\n<h2 class=\"wp-block-heading\">Henkil\u00f6tietojen ker\u00e4\u00e4minen, k\u00e4sittely ja tallentaminen<\/h2>\n\n<p>Rekisterinpit\u00e4j\u00e4n ker\u00e4\u00e4m\u00e4t, k\u00e4sittelem\u00e4t ja tallentamat henkil\u00f6tiedot on ker\u00e4tty s\u00e4hk\u00f6isesti, p\u00e4\u00e4asiassa verkkosivuston, s\u00e4hk\u00f6postin ja paperin v\u00e4lityksell\u00e4.<\/p>\n\n<p>Jakamalla henkil\u00f6tietojaan rekister\u00f6ity antaa rekisterinpit\u00e4j\u00e4lle oikeuden ker\u00e4t\u00e4, j\u00e4rjest\u00e4\u00e4, k\u00e4ytt\u00e4\u00e4 ja hallinnoida tietosuojaselosteessa m\u00e4\u00e4riteltyj\u00e4 tarkoituksia varten henkil\u00f6tietoja, jotka rekister\u00f6ity jakaa rekisterinpit\u00e4j\u00e4n kanssa joko suoraan tai v\u00e4lillisesti ostaessaan tavaroita tai palveluja verkkosivustolta.<\/p>\n\n<p>Rekister\u00f6ity vastaa toimittamiensa tietojen tarkkuudesta, oikeellisuudesta ja eheydest\u00e4. Tietoisesti v\u00e4\u00e4rien tietojen antaminen katsotaan yksityisyyden suojaa koskevan politiikan rikkomiseksi. Rekister\u00f6idyn on ilmoitettava rekisterinpit\u00e4j\u00e4lle v\u00e4litt\u00f6m\u00e4sti kaikista toimitettujen tietojen muutoksista.<\/p>\n\n<p>Rekisterinpit\u00e4j\u00e4 ei ole vastuussa vahingoista tai menetyksist\u00e4, joita rekister\u00f6idylle tai kolmannelle osapuolelle aiheutuu siit\u00e4, ett\u00e4 rekister\u00f6ity on antanut v\u00e4\u00e4ri\u00e4 tietoja.<\/p>\n\n<h2 class=\"wp-block-heading\">Asiakkaiden henkil\u00f6tietojen k\u00e4sittely<\/h2>\n\n<p>Rekisterinpit\u00e4j\u00e4 voi k\u00e4sitell\u00e4 seuraavia rekister\u00f6idyn henkil\u00f6tietoja:<\/p>\n\n<ul class=\"wp-block-list\">\n<li>Kun annat meille yhteystietosi (mm. nimesi, henkil\u00f6tunnuksesi, postiosoitteesi, puhelinnumerosi, s\u00e4hk\u00f6postiosoitteesi ja haluamasi viestint\u00e4menetelm\u00e4) verkkosivustollamme;<\/li>\n\n\n\n<li>kun k\u00e4yt\u00e4t verkkosivustoamme, tietoja ker\u00e4t\u00e4\u00e4n tilisi tai ev\u00e4steiden avulla;<\/li>\n<\/ul>\n\n<h2 class=\"wp-block-heading\">Muiden tietojen ker\u00e4\u00e4minen<\/h2>\n\n<p>Voimme my\u00f6s ker\u00e4t\u00e4 yleisluonteisia tietoja siit\u00e4, miten asiakkaamme ovat vuorovaikutuksessa verkkokauppojemme ja verkkosivuston kanssa. N\u00e4m\u00e4 tiedot yhdistet\u00e4\u00e4n ja niit\u00e4 k\u00e4ytet\u00e4\u00e4n, jotta asiakkaille voidaan tarjota heille hy\u00f6dyllisemp\u00e4\u00e4 tietoa ja selvitt\u00e4\u00e4, mitk\u00e4 verkkosivuston osat, tuotteet ja palvelut her\u00e4tt\u00e4v\u00e4t eniten kiinnostusta. T\u00e4ss\u00e4 tietosuojak\u00e4yt\u00e4nn\u00f6ss\u00e4 t\u00e4llaisia yhdistettyj\u00e4 tietoja pidet\u00e4\u00e4n ei-henkil\u00f6kohtaisina tietoina.<\/p>\n\n<p>Edell\u00e4 mainitun lis\u00e4ksi rekisterinpit\u00e4j\u00e4ll\u00e4 on oikeus ker\u00e4t\u00e4 asiakasta koskevia tietoja, jotka ovat saatavilla julkisista rekistereist\u00e4.<\/p>\n\n<h2 class=\"wp-block-heading\">Ker\u00e4ttyjen henkil\u00f6tietojen k\u00e4ytt\u00f6 ja tallentaminen<\/h2>\n\n<p>Voimme k\u00e4ytt\u00e4\u00e4 ker\u00e4\u00e4mi\u00e4mme henkil\u00f6tietoja n\u00e4ytt\u00e4m\u00e4\u00e4n asiakkaille Camlock.orgin tuoteuutisia, kampanjoita ja tulevia tapahtumia. Asiakkaat, jotka haluavat j\u00e4tt\u00e4yty\u00e4 pois uutiskirjeiden postituslistalta tai jotka eiv\u00e4t halua saada tietoa heit\u00e4 mahdollisesti kiinnostavista tuotteista, voivat milloin tahansa peruuttaa postituslistan. K\u00e4yt\u00e4mme ker\u00e4\u00e4mi\u00e4mme henkil\u00f6tietoja my\u00f6s tavaroiden toimittamiseen ja sellaisten velvoitteiden t\u00e4ytt\u00e4miseen, joita olemme mahdollisesti ottaneet asiakasta kohtaan.<br\/>Hyv\u00e4ksym\u00e4ll\u00e4 tietosuojak\u00e4yt\u00e4nn\u00f6n ehdot ja edellytykset asiakas antaa Camlock.orgille suostumuksensa tietojensa automaattiseen k\u00e4sittelyyn. Voit peruuttaa suostumuksesi milloin tahansa verkkosivuillamme tai l\u00e4hett\u00e4m\u00e4ll\u00e4 meille kirjallisen pyynn\u00f6n monistettavassa muodossa. T\u00e4llaisilla pyynn\u00f6ill\u00e4 ja suostumuksilla ei ole taannehtivaa vaikutusta.<\/p>\n\n<p>Paremman asiakaspalvelun varmistamiseksi saatan luovuttaa yksitt\u00e4isi\u00e4 k\u00e4ytt\u00e4ji\u00e4 koskevia tietoja kolmannelle osapuolelle, joka tarjoaa palveluita Camlock.org-sivustolle ja joka on sopimuksen mukaan velvollinen pit\u00e4m\u00e4\u00e4n kaikki jaetut tiedot luottamuksellisina. T\u00e4llainen kolmas osapuoli voi olla esimerkiksi yhteisty\u00f6kumppanimme, jonka teht\u00e4v\u00e4n\u00e4 on toimittaa verkkokaupassamme myyt\u00e4vi\u00e4 tavaroita tai tarjota osamaksupalveluja. Camlock.org vastaa henkil\u00f6tietojen k\u00e4sittelyst\u00e4. Rekisterinpit\u00e4j\u00e4 toimittaa maksujen suorittamiseen tarvittavat henkil\u00f6tiedot henkil\u00f6tietojen k\u00e4sittelij\u00e4lle, Maksekeskus AS:lle.<\/p>\n\n<p>Camlock.org kaikki asiakkaan henkil\u00f6tiedot, kunnes kanta-asiakassopimus p\u00e4\u00e4ttyy. Camlock.org tallentaa tiedot, jotka Camlock.orgin on s\u00e4ilytett\u00e4v\u00e4 lain nojalla (esim. kirjanpitotiedot), lain s\u00e4\u00e4nn\u00f6sten mukaisesti.<\/p>\n\n<h2 class=\"wp-block-heading\">Henkil\u00f6tietojen turvallisuus<\/h2>\n\n<p>Camlock.org toteuttaa kaikki varotoimet (mukaan lukien hallinnolliset, tekniset ja fyysiset toimenpiteet) asiakkaiden henkil\u00f6tietojen suojaamiseksi. Ainoastaan valtuutetuilla henkil\u00f6ill\u00e4 on p\u00e4\u00e4sy henkil\u00f6tietoihin niiden muuttamista ja k\u00e4sittely\u00e4 varten.<\/p>\n\n<p>S\u00e4ilyt\u00e4mme henkil\u00f6tietoja vain ehdottoman v\u00e4himm\u00e4isajan. S\u00e4ilyt\u00e4mme henkil\u00f6tietoja enint\u00e4\u00e4n 5 vuotta viimeisest\u00e4 tilauksesta tai huoltoty\u00f6st\u00e4. Noudatamme tietojen s\u00e4ilytt\u00e4misess\u00e4 my\u00f6s kirjanpitolain vaatimuksia.<\/p>\n\n<p>Henkil\u00f6tiedot, joiden s\u00e4ilytysaika on p\u00e4\u00e4ttynyt, on tuhottava tai anonymisoitava parhaita k\u00e4yt\u00e4nt\u00f6j\u00e4 noudattaen.<\/p>\n\n<h2 class=\"wp-block-heading\">Turvallisuus<\/h2>\n\n<p>Kaikki henkil\u00f6tiedot, jotka annat vieraillessasi ja tehdess\u00e4si ostoksia Camlock.orgin verkkokaupassa, katsotaan luottamuksellisiksi tiedoiksi. Salatun tiedonsiirtokanavan k\u00e4ytt\u00f6 pankkien kanssa takaa, ett\u00e4 ostajien henkil\u00f6tiedot ja pankkitiedot ovat suojattuja.<\/p>\n\n<h2 class=\"wp-block-heading\">Tietosuojaselosteen ehdot ja muutokset siihen<\/h2>\n\n<p>Aloittamalla verkkosivustomme k\u00e4yt\u00f6n tai t\u00e4ytt\u00e4m\u00e4ll\u00e4 kanta-asiakashakemuksen vahvistat, ett\u00e4 olet lukenut n\u00e4m\u00e4 periaatteet ja ehdot ja hyv\u00e4ksyt ne. Pid\u00e4t\u00e4mme oikeuden muuttaa tarvittaessa t\u00e4m\u00e4n tietosuojak\u00e4yt\u00e4nn\u00f6n yleisi\u00e4 ehtoja ilmoittamalla siit\u00e4 kaikille kanta-asiakkaillemme, mutta pyrimme parhaan kykymme mukaan varmistamaan, ett\u00e4 tietosuojak\u00e4yt\u00e4nt\u00f6mme pidet\u00e4\u00e4n ajan tasalla ja ett\u00e4 se on saatavilla verkkosivustollamme.<\/p>\n\n<p>Jos sinulla on kysymyksi\u00e4 tai huolenaiheita t\u00e4st\u00e4 tietosuojak\u00e4yt\u00e4nn\u00f6st\u00e4 tai tietojenk\u00e4sittelyst\u00e4, ota meihin yhteytt\u00e4 osoitteeseen <a href=\"mailto:info@camlock.org\">info@camlock.org<\/a>.<\/p>\n\n<p><\/p>\n","protected":false},"excerpt":{"rendered":"<p>Tietosuojak\u00e4yt\u00e4nt\u00f6 Camlock.org (Masterchem OU) on sitoutunut suojelemaan asiakkaidensa ja k\u00e4ytt\u00e4jiens\u00e4 yksityisyytt\u00e4. Siksi olemme laatineet n\u00e4m\u00e4 tietosuojaperiaatteet, jotka koskevat asiakastietojen ker\u00e4\u00e4mist\u00e4, k\u00e4ytt\u00f6\u00e4, luovuttamista, siirt\u00e4mist\u00e4 ja s\u00e4ilytt\u00e4mist\u00e4. Toimintamme Internetiss\u00e4 noudattaa kaikkia asiaankuuluvia k\u00e4yt\u00e4nt\u00f6j\u00e4 sek\u00e4 EU:n lains\u00e4\u00e4d\u00e4nt\u00f6\u00e4 ja Viron tasavallan lakeja. Ota hetki aikaa ja tutustu tietosuojaan soveltamiimme periaatteisiin. Henkil\u00f6tietojen ker\u00e4\u00e4minen, k\u00e4sittely ja tallentaminen Rekisterinpit\u00e4j\u00e4n ker\u00e4\u00e4m\u00e4t, k\u00e4sittelem\u00e4t ja [&hellip;]<\/p>\n","protected":false},"author":1,"featured_media":0,"parent":0,"menu_order":0,"comment_status":"closed","ping_status":"closed","template":"","meta":{"footnotes":""},"class_list":["post-23966","page","type-page","status-publish","hentry"],"yoast_head":"<!-- This site is optimized with the Yoast SEO plugin v27.4 - https:\/\/yoast.com\/product\/yoast-seo-wordpress\/ -->\n<title>Tietosuojak\u00e4yt\u00e4nt\u00f6 - \u041f\u0440\u043e\u0434\u0430\u0436\u0430 \u043a\u0430\u043c\u043b\u043e\u043a (Camlock) \u0441\u043e\u0435\u0434\u0438\u043d\u0435\u043d\u0438\u0439<\/title>\n<meta name=\"robots\" content=\"index, follow, max-snippet:-1, max-image-preview:large, max-video-preview:-1\" \/>\n<link rel=\"canonical\" href=\"https:\/\/www.camlock.org\/fi\/tietosuojak-yt-nt\/\" \/>\n<meta property=\"og:locale\" content=\"fi_FI\" \/>\n<meta property=\"og:type\" content=\"article\" \/>\n<meta property=\"og:title\" content=\"Tietosuojak\u00e4yt\u00e4nt\u00f6 - \u041f\u0440\u043e\u0434\u0430\u0436\u0430 \u043a\u0430\u043c\u043b\u043e\u043a (Camlock) \u0441\u043e\u0435\u0434\u0438\u043d\u0435\u043d\u0438\u0439\" \/>\n<meta property=\"og:description\" content=\"Tietosuojak\u00e4yt\u00e4nt\u00f6 Camlock.org (Masterchem OU) on sitoutunut suojelemaan asiakkaidensa ja k\u00e4ytt\u00e4jiens\u00e4 yksityisyytt\u00e4. Siksi olemme laatineet n\u00e4m\u00e4 tietosuojaperiaatteet, jotka koskevat asiakastietojen ker\u00e4\u00e4mist\u00e4, k\u00e4ytt\u00f6\u00e4, luovuttamista, siirt\u00e4mist\u00e4 ja s\u00e4ilytt\u00e4mist\u00e4. Toimintamme Internetiss\u00e4 noudattaa kaikkia asiaankuuluvia k\u00e4yt\u00e4nt\u00f6j\u00e4 sek\u00e4 EU:n lains\u00e4\u00e4d\u00e4nt\u00f6\u00e4 ja Viron tasavallan lakeja. Ota hetki aikaa ja tutustu tietosuojaan soveltamiimme periaatteisiin. Henkil\u00f6tietojen ker\u00e4\u00e4minen, k\u00e4sittely ja tallentaminen Rekisterinpit\u00e4j\u00e4n ker\u00e4\u00e4m\u00e4t, k\u00e4sittelem\u00e4t ja [&hellip;]\" \/>\n<meta property=\"og:url\" content=\"https:\/\/www.camlock.org\/fi\/tietosuojak-yt-nt\/\" \/>\n<meta property=\"og:site_name\" content=\"\u041f\u0440\u043e\u0434\u0430\u0436\u0430 \u043a\u0430\u043c\u043b\u043e\u043a (Camlock) \u0441\u043e\u0435\u0434\u0438\u043d\u0435\u043d\u0438\u0439\" \/>\n<meta name=\"twitter:card\" content=\"summary_large_image\" \/>\n<meta name=\"twitter:label1\" content=\"Arvioitu lukuaika\" \/>\n\t<meta name=\"twitter:data1\" content=\"4 minuuttia\" \/>\n<script type=\"application\/ld+json\" class=\"yoast-schema-graph\">{\"@context\":\"https:\\\/\\\/schema.org\",\"@graph\":[{\"@type\":\"WebPage\",\"@id\":\"https:\\\/\\\/www.camlock.org\\\/fi\\\/tietosuojak-yt-nt\\\/\",\"url\":\"https:\\\/\\\/www.camlock.org\\\/fi\\\/tietosuojak-yt-nt\\\/\",\"name\":\"Tietosuojak\u00e4yt\u00e4nt\u00f6 - \u041f\u0440\u043e\u0434\u0430\u0436\u0430 \u043a\u0430\u043c\u043b\u043e\u043a (Camlock) \u0441\u043e\u0435\u0434\u0438\u043d\u0435\u043d\u0438\u0439\",\"isPartOf\":{\"@id\":\"https:\\\/\\\/www.camlock.org\\\/fi\\\/?lang=et\\\/#website\"},\"datePublished\":\"2025-05-08T17:11:25+00:00\",\"breadcrumb\":{\"@id\":\"https:\\\/\\\/www.camlock.org\\\/fi\\\/tietosuojak-yt-nt\\\/#breadcrumb\"},\"inLanguage\":\"fi\",\"potentialAction\":[{\"@type\":\"ReadAction\",\"target\":[\"https:\\\/\\\/www.camlock.org\\\/fi\\\/tietosuojak-yt-nt\\\/\"]}]},{\"@type\":\"BreadcrumbList\",\"@id\":\"https:\\\/\\\/www.camlock.org\\\/fi\\\/tietosuojak-yt-nt\\\/#breadcrumb\",\"itemListElement\":[{\"@type\":\"ListItem\",\"position\":1,\"name\":\"Home\",\"item\":\"https:\\\/\\\/www.camlock.org\\\/fi\\\/etusivu\\\/\"},{\"@type\":\"ListItem\",\"position\":2,\"name\":\"Tietosuojak\u00e4yt\u00e4nt\u00f6\"}]},{\"@type\":\"WebSite\",\"@id\":\"https:\\\/\\\/www.camlock.org\\\/fi\\\/?lang=et\\\/#website\",\"url\":\"https:\\\/\\\/www.camlock.org\\\/fi\\\/?lang=et\\\/\",\"name\":\"\u041f\u0440\u043e\u0434\u0430\u0436\u0430 \u043a\u0430\u043c\u043b\u043e\u043a (Camlock) \u0441\u043e\u0435\u0434\u0438\u043d\u0435\u043d\u0438\u0439\",\"description\":\"\u041f\u0440\u043e\u0434\u0430\u0436\u0430 \u043a\u0430\u043c\u043b\u043e\u043a (Camlock) \u0441\u043e\u0435\u0434\u0438\u043d\u0435\u043d\u0438\u0439\",\"potentialAction\":[{\"@type\":\"SearchAction\",\"target\":{\"@type\":\"EntryPoint\",\"urlTemplate\":\"https:\\\/\\\/www.camlock.org\\\/fi\\\/?lang=et\\\/?s={search_term_string}\"},\"query-input\":{\"@type\":\"PropertyValueSpecification\",\"valueRequired\":true,\"valueName\":\"search_term_string\"}}],\"inLanguage\":\"fi\"}]}<\/script>\n<!-- \/ Yoast SEO plugin. -->","yoast_head_json":{"title":"Tietosuojak\u00e4yt\u00e4nt\u00f6 - \u041f\u0440\u043e\u0434\u0430\u0436\u0430 \u043a\u0430\u043c\u043b\u043e\u043a (Camlock) \u0441\u043e\u0435\u0434\u0438\u043d\u0435\u043d\u0438\u0439","robots":{"index":"index","follow":"follow","max-snippet":"max-snippet:-1","max-image-preview":"max-image-preview:large","max-video-preview":"max-video-preview:-1"},"canonical":"https:\/\/www.camlock.org\/fi\/tietosuojak-yt-nt\/","og_locale":"fi_FI","og_type":"article","og_title":"Tietosuojak\u00e4yt\u00e4nt\u00f6 - \u041f\u0440\u043e\u0434\u0430\u0436\u0430 \u043a\u0430\u043c\u043b\u043e\u043a (Camlock) \u0441\u043e\u0435\u0434\u0438\u043d\u0435\u043d\u0438\u0439","og_description":"Tietosuojak\u00e4yt\u00e4nt\u00f6 Camlock.org (Masterchem OU) on sitoutunut suojelemaan asiakkaidensa ja k\u00e4ytt\u00e4jiens\u00e4 yksityisyytt\u00e4. Siksi olemme laatineet n\u00e4m\u00e4 tietosuojaperiaatteet, jotka koskevat asiakastietojen ker\u00e4\u00e4mist\u00e4, k\u00e4ytt\u00f6\u00e4, luovuttamista, siirt\u00e4mist\u00e4 ja s\u00e4ilytt\u00e4mist\u00e4. Toimintamme Internetiss\u00e4 noudattaa kaikkia asiaankuuluvia k\u00e4yt\u00e4nt\u00f6j\u00e4 sek\u00e4 EU:n lains\u00e4\u00e4d\u00e4nt\u00f6\u00e4 ja Viron tasavallan lakeja. Ota hetki aikaa ja tutustu tietosuojaan soveltamiimme periaatteisiin. Henkil\u00f6tietojen ker\u00e4\u00e4minen, k\u00e4sittely ja tallentaminen Rekisterinpit\u00e4j\u00e4n ker\u00e4\u00e4m\u00e4t, k\u00e4sittelem\u00e4t ja [&hellip;]","og_url":"https:\/\/www.camlock.org\/fi\/tietosuojak-yt-nt\/","og_site_name":"\u041f\u0440\u043e\u0434\u0430\u0436\u0430 \u043a\u0430\u043c\u043b\u043e\u043a (Camlock) \u0441\u043e\u0435\u0434\u0438\u043d\u0435\u043d\u0438\u0439","twitter_card":"summary_large_image","twitter_misc":{"Arvioitu lukuaika":"4 minuuttia"},"schema":{"@context":"https:\/\/schema.org","@graph":[{"@type":"WebPage","@id":"https:\/\/www.camlock.org\/fi\/tietosuojak-yt-nt\/","url":"https:\/\/www.camlock.org\/fi\/tietosuojak-yt-nt\/","name":"Tietosuojak\u00e4yt\u00e4nt\u00f6 - \u041f\u0440\u043e\u0434\u0430\u0436\u0430 \u043a\u0430\u043c\u043b\u043e\u043a (Camlock) \u0441\u043e\u0435\u0434\u0438\u043d\u0435\u043d\u0438\u0439","isPartOf":{"@id":"https:\/\/www.camlock.org\/fi\/?lang=et\/#website"},"datePublished":"2025-05-08T17:11:25+00:00","breadcrumb":{"@id":"https:\/\/www.camlock.org\/fi\/tietosuojak-yt-nt\/#breadcrumb"},"inLanguage":"fi","potentialAction":[{"@type":"ReadAction","target":["https:\/\/www.camlock.org\/fi\/tietosuojak-yt-nt\/"]}]},{"@type":"BreadcrumbList","@id":"https:\/\/www.camlock.org\/fi\/tietosuojak-yt-nt\/#breadcrumb","itemListElement":[{"@type":"ListItem","position":1,"name":"Home","item":"https:\/\/www.camlock.org\/fi\/etusivu\/"},{"@type":"ListItem","position":2,"name":"Tietosuojak\u00e4yt\u00e4nt\u00f6"}]},{"@type":"WebSite","@id":"https:\/\/www.camlock.org\/fi\/?lang=et\/#website","url":"https:\/\/www.camlock.org\/fi\/?lang=et\/","name":"\u041f\u0440\u043e\u0434\u0430\u0436\u0430 \u043a\u0430\u043c\u043b\u043e\u043a (Camlock) \u0441\u043e\u0435\u0434\u0438\u043d\u0435\u043d\u0438\u0439","description":"\u041f\u0440\u043e\u0434\u0430\u0436\u0430 \u043a\u0430\u043c\u043b\u043e\u043a (Camlock) \u0441\u043e\u0435\u0434\u0438\u043d\u0435\u043d\u0438\u0439","potentialAction":[{"@type":"SearchAction","target":{"@type":"EntryPoint","urlTemplate":"https:\/\/www.camlock.org\/fi\/?lang=et\/?s={search_term_string}"},"query-input":{"@type":"PropertyValueSpecification","valueRequired":true,"valueName":"search_term_string"}}],"inLanguage":"fi"}]}},"_links":{"self":[{"href":"https:\/\/www.camlock.org\/fi\/wp-json\/wp\/v2\/pages\/23966","targetHints":{"allow":["GET"]}}],"collection":[{"href":"https:\/\/www.camlock.org\/fi\/wp-json\/wp\/v2\/pages"}],"about":[{"href":"https:\/\/www.camlock.org\/fi\/wp-json\/wp\/v2\/types\/page"}],"author":[{"embeddable":true,"href":"https:\/\/www.camlock.org\/fi\/wp-json\/wp\/v2\/users\/1"}],"replies":[{"embeddable":true,"href":"https:\/\/www.camlock.org\/fi\/wp-json\/wp\/v2\/comments?post=23966"}],"version-history":[{"count":1,"href":"https:\/\/www.camlock.org\/fi\/wp-json\/wp\/v2\/pages\/23966\/revisions"}],"predecessor-version":[{"id":23967,"href":"https:\/\/www.camlock.org\/fi\/wp-json\/wp\/v2\/pages\/23966\/revisions\/23967"}],"wp:attachment":[{"href":"https:\/\/www.camlock.org\/fi\/wp-json\/wp\/v2\/media?parent=23966"}],"curies":[{"name":"wp","href":"https:\/\/api.w.org\/{rel}","templated":true}]}}