{"id":23977,"date":"2025-05-08T21:33:49","date_gmt":"2025-05-08T18:33:49","guid":{"rendered":"https:\/\/www.camlock.org\/ehdot-ja-edellytykset\/"},"modified":"2025-05-08T21:33:50","modified_gmt":"2025-05-08T18:33:50","slug":"ehdot-ja-edellytykset","status":"publish","type":"page","link":"https:\/\/www.camlock.org\/fi\/ehdot-ja-edellytykset\/","title":{"rendered":"Ehdot ja edellytykset"},"content":{"rendered":"\n<h2 class=\"wp-block-heading\">Verkkokaupan ehdot ja edellytykset<\/h2>\n\n<p>Verkkokaupan www.camlock.org (j\u00e4ljemp\u00e4n\u00e4 Verkkokauppa) omistaja on MasterChem O\u00dc, rekisteritunnus 10755076, osoite Lao 4, Maardu 74114 Viro.<\/p>\n\n<p>Myyntisopimuksen, tuote- ja hintatietojen voimassaolo.<\/p>\n\n<p>Myyntiehdot koskevat tavaroiden ostamista verkkokaupasta.<\/p>\n\n<p>Verkkokaupassa myyt\u00e4vien tuotteiden hinnat on ilmoitettu tuotteiden vieress\u00e4. Hintaan lis\u00e4t\u00e4\u00e4n toimitusmaksu. Kaikki verkkokaupassa myyt\u00e4vien tuotteiden hinnat ovat eurom\u00e4\u00e4r\u00e4isi\u00e4.  <\/p>\n\n<p>Toimitusmaksu riippuu ostajan sijainnista ja toimitustavasta. Toimitusmaksu n\u00e4ytet\u00e4\u00e4n ostajalle tilausta tehdess\u00e4. <\/p>\n\n<p>Tietoja tavaroista on verkkokaupassa suoraan tavaran vieress\u00e4.<\/p>\n\n<h2 class=\"wp-block-heading\">Tilausten k\u00e4sittely<\/h2>\n\n<p>Tilataksesi tavaroita sinun on lis\u00e4tt\u00e4v\u00e4 haluamasi tuotteet ostoskoriin. Tilauksen loppuunsaattamiseksi sinun on t\u00e4ytett\u00e4v\u00e4 vaaditut tietokent\u00e4t ja valittava tuotteille sopiva toimitustapa. T\u00e4m\u00e4n j\u00e4lkeen n\u00e4yt\u00f6ll\u00e4 n\u00e4kyy maksun m\u00e4\u00e4r\u00e4, joka voidaan maksaa turvallisesti seuraavilla maksutavoilla:  <\/p>\n\n<p>Viron pankkimaksut: <br\/> Visa\/Mastercard-korttimaksut<br\/>Perustuu laadittuun laskuun<br\/>Suomalaiset pankkilinkit: Swedbank, SEB, Luminor, LHV, Coop Pank. Suomalaiset pankkilinkit: Swedbank, SEB, Luminor, LHV, Coop Pank: Aktia, \u00c5landsbanken, Danske, Handelsbanken, Nordea, Oma S\u00e4\u00e4stopankki, Pohjola, POP Pankki, S-Pankki, S\u00e4\u00e4stopankki<br\/>Latvian pankkimaksut: <br\/> Liettuan pankkimaksut: Swedbank, SEB, Citadele, Citadele ja Luminor Liettuan pankkimaksut: Swedbank, SEB, Citadele, \u0160iauliu ja Luminor<br\/>NB! Kun maksat pankkilinkill\u00e4, muista klikata &#8221;Takaisin kauppiaalle&#8221; -painiketta pankin sivulla.<br\/>Maksuja v\u00e4litt\u00e4\u00e4 Maksekeskus AS. Maksaminen tapahtuu verkkokaupan ulkopuolella suojatussa ymp\u00e4rist\u00f6ss\u00e4 &#8211; pankkilinkill\u00e4 maksettaessa kyseisen pankin suojatussa ymp\u00e4rist\u00f6ss\u00e4 ja luottokortilla maksettaessa Maksekeskus AS:n suojatussa ymp\u00e4rist\u00f6ss\u00e4. Myyj\u00e4ll\u00e4 ei ole p\u00e4\u00e4sy\u00e4 Asiakkaan pankki- ja luottokorttitietoihin. Sopimus astuu voimaan, kun maksuun tuleva summa on saapunut Verkkokaupan k\u00e4ytt\u00f6tilille.    <\/p>\n\n<p>Verkkokaupan omistaja on henkil\u00f6tietojen rekisterinpit\u00e4j\u00e4 ja v\u00e4litt\u00e4\u00e4 maksujen suorittamiseen tarvittavat henkil\u00f6tiedot valtuutetulle k\u00e4sittelij\u00e4lle Maksekeskus AS:lle.<\/p>\n\n<p>Jos tilattuja tavaroita ei voida toimittaa, koska ne ovat loppuneet varastosta tai muusta syyst\u00e4, ostajalle ilmoitetaan asiasta mahdollisimman pian ja maksetut rahat (mukaan lukien tavaran toimituskulut) palautetaan v\u00e4litt\u00f6m\u00e4sti, kuitenkin viimeist\u00e4\u00e4n 14 p\u00e4iv\u00e4n kuluessa ilmoituksen l\u00e4hett\u00e4misest\u00e4.<\/p>\n\n<h2 class=\"wp-block-heading\">Toimitus<\/h2>\n\n<p>Tavarat toimitetaan seuraaviin maihin: Latvia, Liettua, Suomi, Viro.<\/p>\n\n<p>Ostajalla on seuraavat vaihtoehdot tavaroiden vastaanottamiseksi: Omniva-pakettiautomaatti, Itella-pakettiautomaatti, CF&amp;S Estonia AS, Ferroline Group O\u00dc, DSV Estonia AS, mahdollisuus noutaa tavarat itse.<\/p>\n\n<p>Ostaja vastaa tavaroiden toimituskuluista, ja vastaava hintatieto n\u00e4kyy toimitustavan vieress\u00e4.<\/p>\n\n<p>Viron sis\u00e4iset l\u00e4hetykset saapuvat yleens\u00e4 ostajan ilmoittamaan m\u00e4\u00e4r\u00e4np\u00e4\u00e4h\u00e4n 5 ty\u00f6p\u00e4iv\u00e4n kuluessa kauppasopimuksen voimaantulosta. Viron ulkopuolelle toimitus tapahtuu 14 kalenterip\u00e4iv\u00e4n kuluessa. <\/p>\n\n<p>Poikkeustapauksissa ostajalla on oikeus toimittaa tavarat enint\u00e4\u00e4n 45 kalenterip\u00e4iv\u00e4n kuluessa.<\/p>\n\n<h2 class=\"wp-block-heading\">Peruuttamisoikeus<\/h2>\n\n<p>Tilauksen vastaanottamisen j\u00e4lkeen ostajalla on oikeus peruuttaa verkkokaupassa tehty sopimus 14 p\u00e4iv\u00e4n kuluessa.<\/p>\n\n<p>Peruuttamisoikeutta ei sovelleta, jos ostaja on oikeushenkil\u00f6.<\/p>\n\n<p>14 p\u00e4iv\u00e4n palautusoikeuden k\u00e4ytt\u00e4miseksi tilattuja tavaroita ei saa k\u00e4ytt\u00e4\u00e4 muuhun kuin siihen, mik\u00e4 on tarpeen tavaroiden luonteen, ominaisuuksien ja toiminnan tarkistamiseksi tavalla, joka on sallittu tavaroiden testaamiseksi fyysisess\u00e4 myym\u00e4l\u00e4ss\u00e4.<\/p>\n\n<p>Jos tavaroita on k\u00e4ytetty muuhun kuin siihen tarkoitukseen, joka on tarpeen tavaroiden luonteen, ominaisuuksien ja toiminnan tarkistamiseksi, tai jos niiss\u00e4 on k\u00e4yt\u00f6n tai kulumisen merkkej\u00e4, verkkokaupalla on oikeus alentaa palautusmaksua tavaroiden arvon alenemisen mukaan.<\/p>\n\n<p>Palauttaaksesi tavarat sinun on l\u00e4hetett\u00e4v\u00e4 peruutuspyynt\u00f6 tavaroiden ostosta s\u00e4hk\u00f6postiosoitteeseen info@ibc.ee viimeist\u00e4\u00e4n 14 p\u00e4iv\u00e4n kuluessa tavaroiden vastaanottamisesta.<\/p>\n\n<p>Jos haluat palauttaa tuotteen, sinun on l\u00e4hetett\u00e4v\u00e4 meille seuraavat tiedot s\u00e4hk\u00f6postitse:<\/p>\n\n<p>Nimi<br\/>Puhelinnumero<br\/>s\u00e4hk\u00f6posti<br\/>Laskun\/shekin numero<br\/>Palautettavan tuotteen nimi<br\/>Palautuksen syy.<\/p>\n\n<p><br\/>Ostaja vastaa tuotteen palautuskustannuksista, ellei palautuksen syyn\u00e4 ole se, ett\u00e4 palautettava tuote ei vastaa tilausta (esim. v\u00e4\u00e4r\u00e4 tai viallinen tuote).<\/p>\n\n<p>Ostajan on palautettava tuote 14 p\u00e4iv\u00e4n kuluessa hakemuksen j\u00e4tt\u00e4misest\u00e4 tai esitett\u00e4v\u00e4 todiste siit\u00e4, ett\u00e4 h\u00e4n on luovuttanut tuotteen rahdinkuljettajalle edell\u00e4 mainitun ajan kuluessa.<\/p>\n\n<p>Kun verkkokauppa on vastaanottanut palautetun tuotteen, se palauttaa v\u00e4litt\u00f6m\u00e4sti kaikki ostajalta sopimuksen mukaisesti saadut maksut, kuitenkin viimeist\u00e4\u00e4n 14 p\u00e4iv\u00e4n kuluessa peruutushakemuksen vastaanottamisesta.<\/p>\n\n<p>Verkkokauppa voi kielt\u00e4yty\u00e4 maksamasta hyvityst\u00e4 ennen kuin sopimuksen kohteena oleva tuote on palautettu tai ennen kuin ostaja on toimittanut todisteet siit\u00e4, ett\u00e4 h\u00e4n on palauttanut tuotteen, riippuen siit\u00e4, kumpi tapahtuu ensin.<\/p>\n\n<p>Jos ostaja on nimenomaisesti valinnut muun toimitustavan kuin verkkokaupan tarjoaman halvimman vakiotoimitustavan, verkkokauppa ei ole velvollinen palauttamaan kuluttajalle kustannuksia, jotka ylitt\u00e4v\u00e4t vakiotoimitustapaan liittyv\u00e4t kustannukset.<\/p>\n\n<p>Verkkokaupalla on oikeus peruuttaa myyntitapahtuma ja vaatia ostajalta tavaran palauttamista, jos tavaran hinta verkkokaupassa on merkitty virheest\u00e4 johtuen huomattavasti alle tavaran markkinahinnan.<\/p>\n\n<ul class=\"wp-block-list\"><\/ul>\n\n<h2 class=\"wp-block-heading\">Oikeus tehd\u00e4 korvausvaatimus<\/h2>\n\n<p>Verkkokauppa on vastuussa ostajalle myytyjen tavaroiden virheist\u00e4 tai puutteista, jotka olivat olemassa jo tavaroiden toimitushetkell\u00e4 ja jotka ilmenev\u00e4t kahden vuoden kuluessa tavaroiden toimittamisesta ostajalle. Ensimm\u00e4isten kuuden kuukauden aikana siit\u00e4, kun tavarat on toimitettu ostajalle, oletetaan, ett\u00e4 virhe oli olemassa jo tavaroiden toimitushetkell\u00e4. Verkkokaupan velvollisuus on kumota t\u00e4m\u00e4 olettamus.  <\/p>\n\n<p>Ostajalla on oikeus ottaa yhteytt\u00e4 verkkokauppaan kahden kuukauden kuluessa vian havaitsemisesta l\u00e4hett\u00e4m\u00e4ll\u00e4 s\u00e4hk\u00f6postia osoitteeseen info@camlock.org tai soittamalla numeroon +372 55513600.<\/p>\n\n<p>Verkkokauppa ei vastaa virheist\u00e4, jotka ovat syntyneet sen j\u00e4lkeen, kun tavarat on toimitettu ostajalle.<\/p>\n\n<p>Jos Verkkokaupasta ostetuissa tavaroissa on virheit\u00e4, joista Verkkokauppa on vastuussa, Verkkokauppa korjaa tai vaihtaa vialliset tavarat. Jos tavaran korjaaminen tai korvaaminen ei ole mahdollista, Verkkokauppa palauttaa Ostajalle kaikki kauppasopimukseen liittyv\u00e4t maksut. <\/p>\n\n<p>Verkkokauppa vastaa kuluttajan tekem\u00e4\u00e4n valitukseen kirjallisesti tai kirjallisesti toistettavassa muodossa 15 p\u00e4iv\u00e4n kuluessa.<\/p>\n\n<h2 class=\"wp-block-heading\">Suoramarkkinointi ja henkil\u00f6tietojen k\u00e4sittely<\/h2>\n\n<p>Verkkokauppa k\u00e4ytt\u00e4\u00e4 ostajan antamia henkil\u00f6tietoja ainoastaan tilauksen k\u00e4sittelyyn ja tavaroiden l\u00e4hett\u00e4miseen ostajalle. Verkkokauppa siirt\u00e4\u00e4 henkil\u00f6tietoja kuljetuspalveluja tarjoaville yrityksille tavaroiden toimittamiseksi. <\/p>\n\n<p>Verkkokauppa l\u00e4hett\u00e4\u00e4 uutiskirjeit\u00e4 ja tarjouksia ostajan s\u00e4hk\u00f6postiosoitteeseen vain, jos ostaja on ilmaissut halunsa siihen sy\u00f6tt\u00e4m\u00e4ll\u00e4 s\u00e4hk\u00f6postiosoitteensa verkkosivustolla ja ilmoittanut haluavansa vastaanottaa suoramarkkinointi-ilmoituksia.<\/p>\n\n<p>Ostaja voi milloin tahansa kielt\u00e4yty\u00e4 s\u00e4hk\u00f6postitse l\u00e4hetetyist\u00e4 tarjouksista ja uutiskirjeist\u00e4 ilmoittamalla siit\u00e4 meille s\u00e4hk\u00f6postitse tai noudattamalla tarjoukset sis\u00e4lt\u00e4v\u00e4ss\u00e4 s\u00e4hk\u00f6postiviestiss\u00e4 annettuja ohjeita.<\/p>\n\n<h2 class=\"wp-block-heading\">Riitojen ratkaiseminen<\/h2>\n\n<p>Jos ostajalla on verkkokauppaa koskevia valituksia, ne on l\u00e4hetett\u00e4v\u00e4 s\u00e4hk\u00f6postitse osoitteeseen info@ibc.ee tai puhelimitse: +372 55513600<\/p>\n\n<p>Jos ostaja ja verkkokauppa eiv\u00e4t pysty ratkaisemaan riitaa yhteisymm\u00e4rryksess\u00e4, ostaja voi ottaa yhteytt\u00e4 kuluttajariitalautakuntaan. Ostajalla on oikeus ottaa yhteytt\u00e4 toimivaltaiseen valvontaviranomaiseen, joka on kuluttajansuoja- ja teknisen valvonnan virasto, Pronksi 12, 10117 Tallinna, s\u00e4hk\u00f6posti: info@ttja.ee. Riidan ratkaisemiseksi ostaja voi ottaa yhteytt\u00e4 kuluttajariitalautakuntaan. Kuluttajariitalautakunta on toimivaltainen ratkaisemaan ostajan ja myyj\u00e4n v\u00e4lisest\u00e4 sopimuksesta johtuvat riidat, joita osapuolet eiv\u00e4t ole pystyneet ratkaisemaan yhteisymm\u00e4rryksess\u00e4. Lis\u00e4tietoja valitusten ratkaisemisesta on osoitteessa https:\/\/komisjon.ee\/et\/avalduse-esitamine.   <\/p>\n","protected":false},"excerpt":{"rendered":"<p>Verkkokaupan ehdot ja edellytykset Verkkokaupan www.camlock.org (j\u00e4ljemp\u00e4n\u00e4 Verkkokauppa) omistaja on MasterChem O\u00dc, rekisteritunnus 10755076, osoite Lao 4, Maardu 74114 Viro. Myyntisopimuksen, tuote- ja hintatietojen voimassaolo. Myyntiehdot koskevat tavaroiden ostamista verkkokaupasta. Verkkokaupassa myyt\u00e4vien tuotteiden hinnat on ilmoitettu tuotteiden vieress\u00e4. Hintaan lis\u00e4t\u00e4\u00e4n toimitusmaksu. Kaikki verkkokaupassa myyt\u00e4vien tuotteiden hinnat ovat eurom\u00e4\u00e4r\u00e4isi\u00e4. Toimitusmaksu riippuu ostajan sijainnista ja toimitustavasta. Toimitusmaksu [&hellip;]<\/p>\n","protected":false},"author":3,"featured_media":0,"parent":0,"menu_order":0,"comment_status":"closed","ping_status":"closed","template":"","meta":{"footnotes":""},"class_list":["post-23977","page","type-page","status-publish","hentry"],"yoast_head":"<!-- This site is optimized with the Yoast SEO plugin v27.4 - https:\/\/yoast.com\/product\/yoast-seo-wordpress\/ -->\n<title>Ehdot ja edellytykset - \u041f\u0440\u043e\u0434\u0430\u0436\u0430 \u043a\u0430\u043c\u043b\u043e\u043a (Camlock) \u0441\u043e\u0435\u0434\u0438\u043d\u0435\u043d\u0438\u0439<\/title>\n<meta name=\"robots\" content=\"index, follow, max-snippet:-1, max-image-preview:large, max-video-preview:-1\" \/>\n<link rel=\"canonical\" href=\"https:\/\/www.camlock.org\/fi\/ehdot-ja-edellytykset\/\" \/>\n<meta property=\"og:locale\" content=\"fi_FI\" \/>\n<meta property=\"og:type\" content=\"article\" \/>\n<meta property=\"og:title\" content=\"Ehdot ja edellytykset - \u041f\u0440\u043e\u0434\u0430\u0436\u0430 \u043a\u0430\u043c\u043b\u043e\u043a (Camlock) \u0441\u043e\u0435\u0434\u0438\u043d\u0435\u043d\u0438\u0439\" \/>\n<meta property=\"og:description\" content=\"Verkkokaupan ehdot ja edellytykset Verkkokaupan www.camlock.org (j\u00e4ljemp\u00e4n\u00e4 Verkkokauppa) omistaja on MasterChem O\u00dc, rekisteritunnus 10755076, osoite Lao 4, Maardu 74114 Viro. Myyntisopimuksen, tuote- ja hintatietojen voimassaolo. Myyntiehdot koskevat tavaroiden ostamista verkkokaupasta. Verkkokaupassa myyt\u00e4vien tuotteiden hinnat on ilmoitettu tuotteiden vieress\u00e4. Hintaan lis\u00e4t\u00e4\u00e4n toimitusmaksu. Kaikki verkkokaupassa myyt\u00e4vien tuotteiden hinnat ovat eurom\u00e4\u00e4r\u00e4isi\u00e4. Toimitusmaksu riippuu ostajan sijainnista ja toimitustavasta. Toimitusmaksu [&hellip;]\" \/>\n<meta property=\"og:url\" content=\"https:\/\/www.camlock.org\/fi\/ehdot-ja-edellytykset\/\" \/>\n<meta property=\"og:site_name\" content=\"\u041f\u0440\u043e\u0434\u0430\u0436\u0430 \u043a\u0430\u043c\u043b\u043e\u043a (Camlock) \u0441\u043e\u0435\u0434\u0438\u043d\u0435\u043d\u0438\u0439\" \/>\n<meta property=\"article:modified_time\" content=\"2025-05-08T18:33:50+00:00\" \/>\n<meta name=\"twitter:card\" content=\"summary_large_image\" \/>\n<meta name=\"twitter:label1\" content=\"Arvioitu lukuaika\" \/>\n\t<meta name=\"twitter:data1\" content=\"5 minuuttia\" \/>\n<script type=\"application\/ld+json\" class=\"yoast-schema-graph\">{\"@context\":\"https:\\\/\\\/schema.org\",\"@graph\":[{\"@type\":\"WebPage\",\"@id\":\"https:\\\/\\\/www.camlock.org\\\/fi\\\/ehdot-ja-edellytykset\\\/\",\"url\":\"https:\\\/\\\/www.camlock.org\\\/fi\\\/ehdot-ja-edellytykset\\\/\",\"name\":\"Ehdot ja edellytykset - \u041f\u0440\u043e\u0434\u0430\u0436\u0430 \u043a\u0430\u043c\u043b\u043e\u043a (Camlock) \u0441\u043e\u0435\u0434\u0438\u043d\u0435\u043d\u0438\u0439\",\"isPartOf\":{\"@id\":\"https:\\\/\\\/www.camlock.org\\\/fi\\\/?lang=et\\\/#website\"},\"datePublished\":\"2025-05-08T18:33:49+00:00\",\"dateModified\":\"2025-05-08T18:33:50+00:00\",\"breadcrumb\":{\"@id\":\"https:\\\/\\\/www.camlock.org\\\/fi\\\/ehdot-ja-edellytykset\\\/#breadcrumb\"},\"inLanguage\":\"fi\",\"potentialAction\":[{\"@type\":\"ReadAction\",\"target\":[\"https:\\\/\\\/www.camlock.org\\\/fi\\\/ehdot-ja-edellytykset\\\/\"]}]},{\"@type\":\"BreadcrumbList\",\"@id\":\"https:\\\/\\\/www.camlock.org\\\/fi\\\/ehdot-ja-edellytykset\\\/#breadcrumb\",\"itemListElement\":[{\"@type\":\"ListItem\",\"position\":1,\"name\":\"Home\",\"item\":\"https:\\\/\\\/www.camlock.org\\\/fi\\\/etusivu\\\/\"},{\"@type\":\"ListItem\",\"position\":2,\"name\":\"Ehdot ja edellytykset\"}]},{\"@type\":\"WebSite\",\"@id\":\"https:\\\/\\\/www.camlock.org\\\/fi\\\/?lang=et\\\/#website\",\"url\":\"https:\\\/\\\/www.camlock.org\\\/fi\\\/?lang=et\\\/\",\"name\":\"\u041f\u0440\u043e\u0434\u0430\u0436\u0430 \u043a\u0430\u043c\u043b\u043e\u043a (Camlock) \u0441\u043e\u0435\u0434\u0438\u043d\u0435\u043d\u0438\u0439\",\"description\":\"\u041f\u0440\u043e\u0434\u0430\u0436\u0430 \u043a\u0430\u043c\u043b\u043e\u043a (Camlock) \u0441\u043e\u0435\u0434\u0438\u043d\u0435\u043d\u0438\u0439\",\"potentialAction\":[{\"@type\":\"SearchAction\",\"target\":{\"@type\":\"EntryPoint\",\"urlTemplate\":\"https:\\\/\\\/www.camlock.org\\\/fi\\\/?lang=et\\\/?s={search_term_string}\"},\"query-input\":{\"@type\":\"PropertyValueSpecification\",\"valueRequired\":true,\"valueName\":\"search_term_string\"}}],\"inLanguage\":\"fi\"}]}<\/script>\n<!-- \/ Yoast SEO plugin. -->","yoast_head_json":{"title":"Ehdot ja edellytykset - \u041f\u0440\u043e\u0434\u0430\u0436\u0430 \u043a\u0430\u043c\u043b\u043e\u043a (Camlock) \u0441\u043e\u0435\u0434\u0438\u043d\u0435\u043d\u0438\u0439","robots":{"index":"index","follow":"follow","max-snippet":"max-snippet:-1","max-image-preview":"max-image-preview:large","max-video-preview":"max-video-preview:-1"},"canonical":"https:\/\/www.camlock.org\/fi\/ehdot-ja-edellytykset\/","og_locale":"fi_FI","og_type":"article","og_title":"Ehdot ja edellytykset - \u041f\u0440\u043e\u0434\u0430\u0436\u0430 \u043a\u0430\u043c\u043b\u043e\u043a (Camlock) \u0441\u043e\u0435\u0434\u0438\u043d\u0435\u043d\u0438\u0439","og_description":"Verkkokaupan ehdot ja edellytykset Verkkokaupan www.camlock.org (j\u00e4ljemp\u00e4n\u00e4 Verkkokauppa) omistaja on MasterChem O\u00dc, rekisteritunnus 10755076, osoite Lao 4, Maardu 74114 Viro. Myyntisopimuksen, tuote- ja hintatietojen voimassaolo. Myyntiehdot koskevat tavaroiden ostamista verkkokaupasta. Verkkokaupassa myyt\u00e4vien tuotteiden hinnat on ilmoitettu tuotteiden vieress\u00e4. Hintaan lis\u00e4t\u00e4\u00e4n toimitusmaksu. Kaikki verkkokaupassa myyt\u00e4vien tuotteiden hinnat ovat eurom\u00e4\u00e4r\u00e4isi\u00e4. Toimitusmaksu riippuu ostajan sijainnista ja toimitustavasta. Toimitusmaksu [&hellip;]","og_url":"https:\/\/www.camlock.org\/fi\/ehdot-ja-edellytykset\/","og_site_name":"\u041f\u0440\u043e\u0434\u0430\u0436\u0430 \u043a\u0430\u043c\u043b\u043e\u043a (Camlock) \u0441\u043e\u0435\u0434\u0438\u043d\u0435\u043d\u0438\u0439","article_modified_time":"2025-05-08T18:33:50+00:00","twitter_card":"summary_large_image","twitter_misc":{"Arvioitu lukuaika":"5 minuuttia"},"schema":{"@context":"https:\/\/schema.org","@graph":[{"@type":"WebPage","@id":"https:\/\/www.camlock.org\/fi\/ehdot-ja-edellytykset\/","url":"https:\/\/www.camlock.org\/fi\/ehdot-ja-edellytykset\/","name":"Ehdot ja edellytykset - \u041f\u0440\u043e\u0434\u0430\u0436\u0430 \u043a\u0430\u043c\u043b\u043e\u043a (Camlock) \u0441\u043e\u0435\u0434\u0438\u043d\u0435\u043d\u0438\u0439","isPartOf":{"@id":"https:\/\/www.camlock.org\/fi\/?lang=et\/#website"},"datePublished":"2025-05-08T18:33:49+00:00","dateModified":"2025-05-08T18:33:50+00:00","breadcrumb":{"@id":"https:\/\/www.camlock.org\/fi\/ehdot-ja-edellytykset\/#breadcrumb"},"inLanguage":"fi","potentialAction":[{"@type":"ReadAction","target":["https:\/\/www.camlock.org\/fi\/ehdot-ja-edellytykset\/"]}]},{"@type":"BreadcrumbList","@id":"https:\/\/www.camlock.org\/fi\/ehdot-ja-edellytykset\/#breadcrumb","itemListElement":[{"@type":"ListItem","position":1,"name":"Home","item":"https:\/\/www.camlock.org\/fi\/etusivu\/"},{"@type":"ListItem","position":2,"name":"Ehdot ja edellytykset"}]},{"@type":"WebSite","@id":"https:\/\/www.camlock.org\/fi\/?lang=et\/#website","url":"https:\/\/www.camlock.org\/fi\/?lang=et\/","name":"\u041f\u0440\u043e\u0434\u0430\u0436\u0430 \u043a\u0430\u043c\u043b\u043e\u043a (Camlock) \u0441\u043e\u0435\u0434\u0438\u043d\u0435\u043d\u0438\u0439","description":"\u041f\u0440\u043e\u0434\u0430\u0436\u0430 \u043a\u0430\u043c\u043b\u043e\u043a (Camlock) \u0441\u043e\u0435\u0434\u0438\u043d\u0435\u043d\u0438\u0439","potentialAction":[{"@type":"SearchAction","target":{"@type":"EntryPoint","urlTemplate":"https:\/\/www.camlock.org\/fi\/?lang=et\/?s={search_term_string}"},"query-input":{"@type":"PropertyValueSpecification","valueRequired":true,"valueName":"search_term_string"}}],"inLanguage":"fi"}]}},"_links":{"self":[{"href":"https:\/\/www.camlock.org\/fi\/wp-json\/wp\/v2\/pages\/23977","targetHints":{"allow":["GET"]}}],"collection":[{"href":"https:\/\/www.camlock.org\/fi\/wp-json\/wp\/v2\/pages"}],"about":[{"href":"https:\/\/www.camlock.org\/fi\/wp-json\/wp\/v2\/types\/page"}],"author":[{"embeddable":true,"href":"https:\/\/www.camlock.org\/fi\/wp-json\/wp\/v2\/users\/3"}],"replies":[{"embeddable":true,"href":"https:\/\/www.camlock.org\/fi\/wp-json\/wp\/v2\/comments?post=23977"}],"version-history":[{"count":1,"href":"https:\/\/www.camlock.org\/fi\/wp-json\/wp\/v2\/pages\/23977\/revisions"}],"predecessor-version":[{"id":23978,"href":"https:\/\/www.camlock.org\/fi\/wp-json\/wp\/v2\/pages\/23977\/revisions\/23978"}],"wp:attachment":[{"href":"https:\/\/www.camlock.org\/fi\/wp-json\/wp\/v2\/media?parent=23977"}],"curies":[{"name":"wp","href":"https:\/\/api.w.org\/{rel}","templated":true}]}}