{"id":10306,"date":"2018-01-19T11:40:03","date_gmt":"2018-01-19T08:40:03","guid":{"rendered":"https:\/\/www.camlock.org\/product\/type-dp-nylon-camlock-fitting-male-end-coupler\/"},"modified":"2025-05-15T15:31:34","modified_gmt":"2025-05-15T12:31:34","slug":"tyypin-dp-nylon-camlock-fitting-urospuolinen-liitinosa","status":"publish","type":"product","link":"https:\/\/www.camlock.org\/fi\/tuote\/tyypin-dp-nylon-camlock-fitting-urospuolinen-liitinosa\/","title":{"rendered":"Tyypin DP Nylon Camlock Fitting &#8211; urospuolinen liitinosa"},"content":{"rendered":"<p>P\u00f6lytulppa &#8211; Camlock-p\u00f6lytulppia k\u00e4ytet\u00e4\u00e4n pit\u00e4m\u00e4\u00e4n vieraat esineet poissa mist\u00e4 tahansa naarasnokkaliit\u00e4nn\u00e4st\u00e4.<\/p>\n","protected":false},"excerpt":{"rendered":"<p>Nyloninen nokkakolmioinen urospuolinen p\u00e4\u00e4tyadapteri osa DP asetetaan tavallisesti samankokoisiin B-, C- ja D-tyypin adaptereihin.<\/p>\n","protected":false},"featured_media":9099,"template":"","meta":[],"product_brand":[],"product_cat":[147],"product_tag":[148,287],"class_list":{"0":"post-10306","1":"product","2":"type-product","3":"status-publish","4":"has-post-thumbnail","6":"product_cat-nylon-camlock-couplings-fi","7":"product_tag-nylon-fi","8":"product_tag-type-dp-fi","10":"first","11":"instock","12":"taxable","13":"shipping-taxable","14":"purchasable","15":"product-type-variable"},"yoast_head":"<!-- This site is optimized with the Yoast SEO plugin v27.4 - https:\/\/yoast.com\/product\/yoast-seo-wordpress\/ -->\n<title>Tyypin DP Nylon Camlock Fitting - urospuolinen liitinosa<\/title>\n<meta name=\"description\" content=\"P\u00f6lytulppa - Tyypin DP Nylon Camlock-p\u00f6lytulppia k\u00e4ytet\u00e4\u00e4n pit\u00e4m\u00e4\u00e4n vieraat esineet poissa kaikista naarasnokkaliit\u00e4nn\u00f6ist\u00e4.\" \/>\n<meta name=\"robots\" content=\"index, follow, max-snippet:-1, max-image-preview:large, max-video-preview:-1\" \/>\n<link rel=\"canonical\" href=\"https:\/\/www.camlock.org\/fi\/tuote\/tyypin-dp-nylon-camlock-fitting-urospuolinen-liitinosa\/\" \/>\n<meta property=\"og:locale\" content=\"fi_FI\" \/>\n<meta property=\"og:type\" content=\"article\" \/>\n<meta property=\"og:title\" content=\"Tyypin DP Nylon Camlock Fitting - urospuolinen liitinosa\" \/>\n<meta property=\"og:description\" content=\"P\u00f6lytulppa - Tyypin DP Nylon Camlock-p\u00f6lytulppia k\u00e4ytet\u00e4\u00e4n pit\u00e4m\u00e4\u00e4n vieraat esineet poissa kaikista naarasnokkaliit\u00e4nn\u00f6ist\u00e4.\" \/>\n<meta property=\"og:url\" content=\"https:\/\/www.camlock.org\/fi\/tuote\/tyypin-dp-nylon-camlock-fitting-urospuolinen-liitinosa\/\" \/>\n<meta property=\"og:site_name\" content=\"\u041f\u0440\u043e\u0434\u0430\u0436\u0430 \u043a\u0430\u043c\u043b\u043e\u043a (Camlock) \u0441\u043e\u0435\u0434\u0438\u043d\u0435\u043d\u0438\u0439\" \/>\n<meta property=\"article:modified_time\" content=\"2025-05-15T12:31:34+00:00\" \/>\n<meta property=\"og:image\" content=\"https:\/\/www.camlock.org\/wp-content\/uploads\/2018\/01\/Camlock_Nylon_type-DP_50mm_DP200NY_.jpg\" \/>\n\t<meta property=\"og:image:width\" content=\"1000\" \/>\n\t<meta property=\"og:image:height\" content=\"1134\" \/>\n\t<meta property=\"og:image:type\" content=\"image\/jpeg\" \/>\n<meta name=\"twitter:card\" content=\"summary_large_image\" \/>\n<meta name=\"twitter:label1\" content=\"Arvioitu lukuaika\" \/>\n\t<meta name=\"twitter:data1\" content=\"1 minuutti\" \/>\n<script type=\"application\/ld+json\" class=\"yoast-schema-graph\">{\"@context\":\"https:\\\/\\\/schema.org\",\"@graph\":[{\"@type\":\"WebPage\",\"@id\":\"https:\\\/\\\/www.camlock.org\\\/fi\\\/tuote\\\/tyypin-dp-nylon-camlock-fitting-urospuolinen-liitinosa\\\/\",\"url\":\"https:\\\/\\\/www.camlock.org\\\/fi\\\/tuote\\\/tyypin-dp-nylon-camlock-fitting-urospuolinen-liitinosa\\\/\",\"name\":\"Tyypin DP Nylon Camlock Fitting - urospuolinen liitinosa\",\"isPartOf\":{\"@id\":\"https:\\\/\\\/www.camlock.org\\\/fi\\\/?lang=et\\\/#website\"},\"primaryImageOfPage\":{\"@id\":\"https:\\\/\\\/www.camlock.org\\\/fi\\\/tuote\\\/tyypin-dp-nylon-camlock-fitting-urospuolinen-liitinosa\\\/#primaryimage\"},\"image\":{\"@id\":\"https:\\\/\\\/www.camlock.org\\\/fi\\\/tuote\\\/tyypin-dp-nylon-camlock-fitting-urospuolinen-liitinosa\\\/#primaryimage\"},\"thumbnailUrl\":\"https:\\\/\\\/www.camlock.org\\\/wp-content\\\/uploads\\\/2018\\\/01\\\/Camlock_Nylon_type-DP_50mm_DP200NY_.jpg\",\"datePublished\":\"2018-01-19T08:40:03+00:00\",\"dateModified\":\"2025-05-15T12:31:34+00:00\",\"description\":\"P\u00f6lytulppa - Tyypin DP Nylon Camlock-p\u00f6lytulppia k\u00e4ytet\u00e4\u00e4n pit\u00e4m\u00e4\u00e4n vieraat esineet poissa kaikista naarasnokkaliit\u00e4nn\u00f6ist\u00e4.\",\"breadcrumb\":{\"@id\":\"https:\\\/\\\/www.camlock.org\\\/fi\\\/tuote\\\/tyypin-dp-nylon-camlock-fitting-urospuolinen-liitinosa\\\/#breadcrumb\"},\"inLanguage\":\"fi\",\"potentialAction\":[{\"@type\":\"ReadAction\",\"target\":[\"https:\\\/\\\/www.camlock.org\\\/fi\\\/tuote\\\/tyypin-dp-nylon-camlock-fitting-urospuolinen-liitinosa\\\/\"]}]},{\"@type\":\"ImageObject\",\"inLanguage\":\"fi\",\"@id\":\"https:\\\/\\\/www.camlock.org\\\/fi\\\/tuote\\\/tyypin-dp-nylon-camlock-fitting-urospuolinen-liitinosa\\\/#primaryimage\",\"url\":\"https:\\\/\\\/www.camlock.org\\\/wp-content\\\/uploads\\\/2018\\\/01\\\/Camlock_Nylon_type-DP_50mm_DP200NY_.jpg\",\"contentUrl\":\"https:\\\/\\\/www.camlock.org\\\/wp-content\\\/uploads\\\/2018\\\/01\\\/Camlock_Nylon_type-DP_50mm_DP200NY_.jpg\",\"width\":1000,\"height\":1134,\"caption\":\"Type DP Nylon Camlock Fitting - Male End Coupler\"},{\"@type\":\"BreadcrumbList\",\"@id\":\"https:\\\/\\\/www.camlock.org\\\/fi\\\/tuote\\\/tyypin-dp-nylon-camlock-fitting-urospuolinen-liitinosa\\\/#breadcrumb\",\"itemListElement\":[{\"@type\":\"ListItem\",\"position\":1,\"name\":\"Home\",\"item\":\"https:\\\/\\\/www.camlock.org\\\/fi\\\/etusivu\\\/\"},{\"@type\":\"ListItem\",\"position\":2,\"name\":\"Kauppa\",\"item\":\"https:\\\/\\\/www.camlock.org\\\/fi\\\/d0-bc-d0-b0-d0-b3-d0-b0-d0-b7-d0-b8-d0-bd\\\/\"},{\"@type\":\"ListItem\",\"position\":3,\"name\":\"Tyypin DP Nylon Camlock Fitting &#8211; urospuolinen liitinosa\"}]},{\"@type\":\"WebSite\",\"@id\":\"https:\\\/\\\/www.camlock.org\\\/fi\\\/?lang=et\\\/#website\",\"url\":\"https:\\\/\\\/www.camlock.org\\\/fi\\\/?lang=et\\\/\",\"name\":\"\u041f\u0440\u043e\u0434\u0430\u0436\u0430 \u043a\u0430\u043c\u043b\u043e\u043a (Camlock) \u0441\u043e\u0435\u0434\u0438\u043d\u0435\u043d\u0438\u0439\",\"description\":\"\u041f\u0440\u043e\u0434\u0430\u0436\u0430 \u043a\u0430\u043c\u043b\u043e\u043a (Camlock) \u0441\u043e\u0435\u0434\u0438\u043d\u0435\u043d\u0438\u0439\",\"potentialAction\":[{\"@type\":\"SearchAction\",\"target\":{\"@type\":\"EntryPoint\",\"urlTemplate\":\"https:\\\/\\\/www.camlock.org\\\/fi\\\/?lang=et\\\/?s={search_term_string}\"},\"query-input\":{\"@type\":\"PropertyValueSpecification\",\"valueRequired\":true,\"valueName\":\"search_term_string\"}}],\"inLanguage\":\"fi\"}]}<\/script>\n<!-- \/ Yoast SEO plugin. -->","yoast_head_json":{"title":"Tyypin DP Nylon Camlock Fitting - urospuolinen liitinosa","description":"P\u00f6lytulppa - Tyypin DP Nylon Camlock-p\u00f6lytulppia k\u00e4ytet\u00e4\u00e4n pit\u00e4m\u00e4\u00e4n vieraat esineet poissa kaikista naarasnokkaliit\u00e4nn\u00f6ist\u00e4.","robots":{"index":"index","follow":"follow","max-snippet":"max-snippet:-1","max-image-preview":"max-image-preview:large","max-video-preview":"max-video-preview:-1"},"canonical":"https:\/\/www.camlock.org\/fi\/tuote\/tyypin-dp-nylon-camlock-fitting-urospuolinen-liitinosa\/","og_locale":"fi_FI","og_type":"article","og_title":"Tyypin DP Nylon Camlock Fitting - urospuolinen liitinosa","og_description":"P\u00f6lytulppa - Tyypin DP Nylon Camlock-p\u00f6lytulppia k\u00e4ytet\u00e4\u00e4n pit\u00e4m\u00e4\u00e4n vieraat esineet poissa kaikista naarasnokkaliit\u00e4nn\u00f6ist\u00e4.","og_url":"https:\/\/www.camlock.org\/fi\/tuote\/tyypin-dp-nylon-camlock-fitting-urospuolinen-liitinosa\/","og_site_name":"\u041f\u0440\u043e\u0434\u0430\u0436\u0430 \u043a\u0430\u043c\u043b\u043e\u043a (Camlock) \u0441\u043e\u0435\u0434\u0438\u043d\u0435\u043d\u0438\u0439","article_modified_time":"2025-05-15T12:31:34+00:00","og_image":[{"width":1000,"height":1134,"url":"https:\/\/www.camlock.org\/wp-content\/uploads\/2018\/01\/Camlock_Nylon_type-DP_50mm_DP200NY_.jpg","type":"image\/jpeg"}],"twitter_card":"summary_large_image","twitter_misc":{"Arvioitu lukuaika":"1 minuutti"},"schema":{"@context":"https:\/\/schema.org","@graph":[{"@type":"WebPage","@id":"https:\/\/www.camlock.org\/fi\/tuote\/tyypin-dp-nylon-camlock-fitting-urospuolinen-liitinosa\/","url":"https:\/\/www.camlock.org\/fi\/tuote\/tyypin-dp-nylon-camlock-fitting-urospuolinen-liitinosa\/","name":"Tyypin DP Nylon Camlock Fitting - urospuolinen liitinosa","isPartOf":{"@id":"https:\/\/www.camlock.org\/fi\/?lang=et\/#website"},"primaryImageOfPage":{"@id":"https:\/\/www.camlock.org\/fi\/tuote\/tyypin-dp-nylon-camlock-fitting-urospuolinen-liitinosa\/#primaryimage"},"image":{"@id":"https:\/\/www.camlock.org\/fi\/tuote\/tyypin-dp-nylon-camlock-fitting-urospuolinen-liitinosa\/#primaryimage"},"thumbnailUrl":"https:\/\/www.camlock.org\/wp-content\/uploads\/2018\/01\/Camlock_Nylon_type-DP_50mm_DP200NY_.jpg","datePublished":"2018-01-19T08:40:03+00:00","dateModified":"2025-05-15T12:31:34+00:00","description":"P\u00f6lytulppa - Tyypin DP Nylon Camlock-p\u00f6lytulppia k\u00e4ytet\u00e4\u00e4n pit\u00e4m\u00e4\u00e4n vieraat esineet poissa kaikista naarasnokkaliit\u00e4nn\u00f6ist\u00e4.","breadcrumb":{"@id":"https:\/\/www.camlock.org\/fi\/tuote\/tyypin-dp-nylon-camlock-fitting-urospuolinen-liitinosa\/#breadcrumb"},"inLanguage":"fi","potentialAction":[{"@type":"ReadAction","target":["https:\/\/www.camlock.org\/fi\/tuote\/tyypin-dp-nylon-camlock-fitting-urospuolinen-liitinosa\/"]}]},{"@type":"ImageObject","inLanguage":"fi","@id":"https:\/\/www.camlock.org\/fi\/tuote\/tyypin-dp-nylon-camlock-fitting-urospuolinen-liitinosa\/#primaryimage","url":"https:\/\/www.camlock.org\/wp-content\/uploads\/2018\/01\/Camlock_Nylon_type-DP_50mm_DP200NY_.jpg","contentUrl":"https:\/\/www.camlock.org\/wp-content\/uploads\/2018\/01\/Camlock_Nylon_type-DP_50mm_DP200NY_.jpg","width":1000,"height":1134,"caption":"Type DP Nylon Camlock Fitting - Male End Coupler"},{"@type":"BreadcrumbList","@id":"https:\/\/www.camlock.org\/fi\/tuote\/tyypin-dp-nylon-camlock-fitting-urospuolinen-liitinosa\/#breadcrumb","itemListElement":[{"@type":"ListItem","position":1,"name":"Home","item":"https:\/\/www.camlock.org\/fi\/etusivu\/"},{"@type":"ListItem","position":2,"name":"Kauppa","item":"https:\/\/www.camlock.org\/fi\/d0-bc-d0-b0-d0-b3-d0-b0-d0-b7-d0-b8-d0-bd\/"},{"@type":"ListItem","position":3,"name":"Tyypin DP Nylon Camlock Fitting &#8211; urospuolinen liitinosa"}]},{"@type":"WebSite","@id":"https:\/\/www.camlock.org\/fi\/?lang=et\/#website","url":"https:\/\/www.camlock.org\/fi\/?lang=et\/","name":"\u041f\u0440\u043e\u0434\u0430\u0436\u0430 \u043a\u0430\u043c\u043b\u043e\u043a (Camlock) \u0441\u043e\u0435\u0434\u0438\u043d\u0435\u043d\u0438\u0439","description":"\u041f\u0440\u043e\u0434\u0430\u0436\u0430 \u043a\u0430\u043c\u043b\u043e\u043a (Camlock) \u0441\u043e\u0435\u0434\u0438\u043d\u0435\u043d\u0438\u0439","potentialAction":[{"@type":"SearchAction","target":{"@type":"EntryPoint","urlTemplate":"https:\/\/www.camlock.org\/fi\/?lang=et\/?s={search_term_string}"},"query-input":{"@type":"PropertyValueSpecification","valueRequired":true,"valueName":"search_term_string"}}],"inLanguage":"fi"}]}},"_links":{"self":[{"href":"https:\/\/www.camlock.org\/fi\/wp-json\/wp\/v2\/product\/10306","targetHints":{"allow":["GET"]}}],"collection":[{"href":"https:\/\/www.camlock.org\/fi\/wp-json\/wp\/v2\/product"}],"about":[{"href":"https:\/\/www.camlock.org\/fi\/wp-json\/wp\/v2\/types\/product"}],"wp:featuredmedia":[{"embeddable":true,"href":"https:\/\/www.camlock.org\/fi\/wp-json\/wp\/v2\/media\/9099"}],"wp:attachment":[{"href":"https:\/\/www.camlock.org\/fi\/wp-json\/wp\/v2\/media?parent=10306"}],"wp:term":[{"taxonomy":"product_brand","embeddable":true,"href":"https:\/\/www.camlock.org\/fi\/wp-json\/wp\/v2\/product_brand?post=10306"},{"taxonomy":"product_cat","embeddable":true,"href":"https:\/\/www.camlock.org\/fi\/wp-json\/wp\/v2\/product_cat?post=10306"},{"taxonomy":"product_tag","embeddable":true,"href":"https:\/\/www.camlock.org\/fi\/wp-json\/wp\/v2\/product_tag?post=10306"}],"curies":[{"name":"wp","href":"https:\/\/api.w.org\/{rel}","templated":true}]}}