{"id":10322,"date":"2018-01-28T21:51:34","date_gmt":"2018-01-28T18:51:34","guid":{"rendered":"https:\/\/www.camlock.org\/product\/type-a-polypropylene-camlock-coupler-male-coupler-x-female-bsp-thread\/"},"modified":"2025-05-14T20:06:41","modified_gmt":"2025-05-14T17:06:41","slug":"type-a-polypropylene-camlock-coupler-male-coupler-x-female-bsp-thread","status":"publish","type":"product","link":"https:\/\/www.camlock.org\/fi\/tuote\/type-a-polypropylene-camlock-coupler-male-coupler-x-female-bsp-thread\/","title":{"rendered":"A-tyypin polypropeeninen nokkapeltiliitin &#8211; urosliitin x BSP-kierre naarasliitin"},"content":{"rendered":"<p>Musta Camlock-sovitin tyyppi A &#8211; urossovitin \u00d7 BSP-naaras (my\u00f6s mahdollinen NPT), usein yhdess\u00e4 D-, B-, C- ja DC-tyypin liittimien kanssa turvallisen letkun pikaliit\u00e4nn\u00e4n t\u00e4ydent\u00e4miseksi. Polypropeenista valmistettu nokka- ja urakytkin parantaa ty\u00f6n tehokkuutta ja poistaa kierteiden ja laippojen monimutkaisen k\u00e4yt\u00f6n. Urosmainen urosp\u00e4\u00e4 sopii mihin tahansa samankokoiseen naarasnokkaliittimeen. Naaraspuolinen S60x6 polypropeeniliitin yhdist\u00e4\u00e4 1000 litran IBC-s\u00e4ili\u00f6n venttiilin. Voidaan liitt\u00e4\u00e4 letku s\u00e4ili\u00f6\u00f6n ja vesi suoraan s\u00e4ili\u00f6st\u00e4. T\u00e4m\u00e4n varusteen voit tilata my\u00f6s Euroopan verkkokaupastamme.     <\/p>\n","protected":false},"excerpt":{"rendered":"<p>Varoitus: Polypropeenista valmistettua nokkakytkint\u00e4 EI k\u00e4ytet\u00e4 paineistetuissa sovelluksissa.<\/p>\n","protected":false},"featured_media":9300,"template":"","meta":[],"product_brand":[],"product_cat":[139],"product_tag":[289,149],"class_list":{"0":"post-10322","1":"product","2":"type-product","3":"status-publish","4":"has-post-thumbnail","6":"product_cat-polypropeeni-kammion-liitososat","7":"product_tag-polypropylene-fi","8":"product_tag-type-a-fi","10":"first","11":"onbackorder","12":"taxable","13":"shipping-taxable","14":"purchasable","15":"product-type-variable"},"yoast_head":"<!-- This site is optimized with the Yoast SEO plugin v27.4 - https:\/\/yoast.com\/product\/yoast-seo-wordpress\/ -->\n<title>A-tyypin polypropeenin nokkakytkin<\/title>\n<meta name=\"description\" content=\"A-tyypin polypropeenista valmistettu nokkakytkin - urossovitin \u00d7 BSP-naaras (my\u00f6s NPT mahdollista), k\u00e4ytet\u00e4\u00e4n usein yhdess\u00e4 D-, B-, C- ja DC-tyypin kytkimien kanssa turvallisen letkujen pikaliit\u00e4nn\u00e4n t\u00e4ydent\u00e4miseksi.\" \/>\n<meta name=\"robots\" content=\"index, follow, max-snippet:-1, max-image-preview:large, max-video-preview:-1\" \/>\n<link rel=\"canonical\" href=\"https:\/\/www.camlock.org\/fi\/tuote\/type-a-polypropylene-camlock-coupler-male-coupler-x-female-bsp-thread\/\" \/>\n<meta property=\"og:locale\" content=\"fi_FI\" \/>\n<meta property=\"og:type\" content=\"article\" \/>\n<meta property=\"og:title\" content=\"A-tyypin polypropeenin nokkakytkin\" \/>\n<meta property=\"og:description\" content=\"A-tyypin polypropeenista valmistettu nokkakytkin - urossovitin \u00d7 BSP-naaras (my\u00f6s NPT mahdollista), k\u00e4ytet\u00e4\u00e4n usein yhdess\u00e4 D-, B-, C- ja DC-tyypin kytkimien kanssa turvallisen letkujen pikaliit\u00e4nn\u00e4n t\u00e4ydent\u00e4miseksi.\" \/>\n<meta property=\"og:url\" content=\"https:\/\/www.camlock.org\/fi\/tuote\/type-a-polypropylene-camlock-coupler-male-coupler-x-female-bsp-thread\/\" \/>\n<meta property=\"og:site_name\" content=\"\u041f\u0440\u043e\u0434\u0430\u0436\u0430 \u043a\u0430\u043c\u043b\u043e\u043a (Camlock) \u0441\u043e\u0435\u0434\u0438\u043d\u0435\u043d\u0438\u0439\" \/>\n<meta property=\"article:modified_time\" content=\"2025-05-14T17:06:41+00:00\" \/>\n<meta property=\"og:image\" content=\"https:\/\/www.camlock.org\/wp-content\/uploads\/2018\/01\/Camlock_Polypropylen_type-A_200mm_A050PP_f.jpg\" \/>\n\t<meta property=\"og:image:width\" content=\"1000\" \/>\n\t<meta property=\"og:image:height\" content=\"1134\" \/>\n\t<meta property=\"og:image:type\" content=\"image\/jpeg\" \/>\n<meta name=\"twitter:card\" content=\"summary_large_image\" \/>\n<script type=\"application\/ld+json\" class=\"yoast-schema-graph\">{\"@context\":\"https:\\\/\\\/schema.org\",\"@graph\":[{\"@type\":\"WebPage\",\"@id\":\"https:\\\/\\\/www.camlock.org\\\/fi\\\/tuote\\\/type-a-polypropylene-camlock-coupler-male-coupler-x-female-bsp-thread\\\/\",\"url\":\"https:\\\/\\\/www.camlock.org\\\/fi\\\/tuote\\\/type-a-polypropylene-camlock-coupler-male-coupler-x-female-bsp-thread\\\/\",\"name\":\"A-tyypin polypropeenin nokkakytkin\",\"isPartOf\":{\"@id\":\"https:\\\/\\\/www.camlock.org\\\/fi\\\/?lang=et\\\/#website\"},\"primaryImageOfPage\":{\"@id\":\"https:\\\/\\\/www.camlock.org\\\/fi\\\/tuote\\\/type-a-polypropylene-camlock-coupler-male-coupler-x-female-bsp-thread\\\/#primaryimage\"},\"image\":{\"@id\":\"https:\\\/\\\/www.camlock.org\\\/fi\\\/tuote\\\/type-a-polypropylene-camlock-coupler-male-coupler-x-female-bsp-thread\\\/#primaryimage\"},\"thumbnailUrl\":\"https:\\\/\\\/www.camlock.org\\\/wp-content\\\/uploads\\\/2018\\\/01\\\/Camlock_Polypropylen_type-A_200mm_A050PP_f.jpg\",\"datePublished\":\"2018-01-28T18:51:34+00:00\",\"dateModified\":\"2025-05-14T17:06:41+00:00\",\"description\":\"A-tyypin polypropeenista valmistettu nokkakytkin - urossovitin \u00d7 BSP-naaras (my\u00f6s NPT mahdollista), k\u00e4ytet\u00e4\u00e4n usein yhdess\u00e4 D-, B-, C- ja DC-tyypin kytkimien kanssa turvallisen letkujen pikaliit\u00e4nn\u00e4n t\u00e4ydent\u00e4miseksi.\",\"breadcrumb\":{\"@id\":\"https:\\\/\\\/www.camlock.org\\\/fi\\\/tuote\\\/type-a-polypropylene-camlock-coupler-male-coupler-x-female-bsp-thread\\\/#breadcrumb\"},\"inLanguage\":\"fi\",\"potentialAction\":[{\"@type\":\"ReadAction\",\"target\":[\"https:\\\/\\\/www.camlock.org\\\/fi\\\/tuote\\\/type-a-polypropylene-camlock-coupler-male-coupler-x-female-bsp-thread\\\/\"]}]},{\"@type\":\"ImageObject\",\"inLanguage\":\"fi\",\"@id\":\"https:\\\/\\\/www.camlock.org\\\/fi\\\/tuote\\\/type-a-polypropylene-camlock-coupler-male-coupler-x-female-bsp-thread\\\/#primaryimage\",\"url\":\"https:\\\/\\\/www.camlock.org\\\/wp-content\\\/uploads\\\/2018\\\/01\\\/Camlock_Polypropylen_type-A_200mm_A050PP_f.jpg\",\"contentUrl\":\"https:\\\/\\\/www.camlock.org\\\/wp-content\\\/uploads\\\/2018\\\/01\\\/Camlock_Polypropylen_type-A_200mm_A050PP_f.jpg\",\"width\":1000,\"height\":1134,\"caption\":\"Type A Polypropylene Camlock Coupler - Male Coupler x Female BSP Thread\"},{\"@type\":\"BreadcrumbList\",\"@id\":\"https:\\\/\\\/www.camlock.org\\\/fi\\\/tuote\\\/type-a-polypropylene-camlock-coupler-male-coupler-x-female-bsp-thread\\\/#breadcrumb\",\"itemListElement\":[{\"@type\":\"ListItem\",\"position\":1,\"name\":\"Home\",\"item\":\"https:\\\/\\\/www.camlock.org\\\/fi\\\/etusivu\\\/\"},{\"@type\":\"ListItem\",\"position\":2,\"name\":\"Kauppa\",\"item\":\"https:\\\/\\\/www.camlock.org\\\/fi\\\/d0-bc-d0-b0-d0-b3-d0-b0-d0-b7-d0-b8-d0-bd\\\/\"},{\"@type\":\"ListItem\",\"position\":3,\"name\":\"A-tyypin polypropeeninen nokkapeltiliitin &#8211; urosliitin x BSP-kierre naarasliitin\"}]},{\"@type\":\"WebSite\",\"@id\":\"https:\\\/\\\/www.camlock.org\\\/fi\\\/?lang=et\\\/#website\",\"url\":\"https:\\\/\\\/www.camlock.org\\\/fi\\\/?lang=et\\\/\",\"name\":\"\u041f\u0440\u043e\u0434\u0430\u0436\u0430 \u043a\u0430\u043c\u043b\u043e\u043a (Camlock) \u0441\u043e\u0435\u0434\u0438\u043d\u0435\u043d\u0438\u0439\",\"description\":\"\u041f\u0440\u043e\u0434\u0430\u0436\u0430 \u043a\u0430\u043c\u043b\u043e\u043a (Camlock) \u0441\u043e\u0435\u0434\u0438\u043d\u0435\u043d\u0438\u0439\",\"potentialAction\":[{\"@type\":\"SearchAction\",\"target\":{\"@type\":\"EntryPoint\",\"urlTemplate\":\"https:\\\/\\\/www.camlock.org\\\/fi\\\/?lang=et\\\/?s={search_term_string}\"},\"query-input\":{\"@type\":\"PropertyValueSpecification\",\"valueRequired\":true,\"valueName\":\"search_term_string\"}}],\"inLanguage\":\"fi\"}]}<\/script>\n<!-- \/ Yoast SEO plugin. -->","yoast_head_json":{"title":"A-tyypin polypropeenin nokkakytkin","description":"A-tyypin polypropeenista valmistettu nokkakytkin - urossovitin \u00d7 BSP-naaras (my\u00f6s NPT mahdollista), k\u00e4ytet\u00e4\u00e4n usein yhdess\u00e4 D-, B-, C- ja DC-tyypin kytkimien kanssa turvallisen letkujen pikaliit\u00e4nn\u00e4n t\u00e4ydent\u00e4miseksi.","robots":{"index":"index","follow":"follow","max-snippet":"max-snippet:-1","max-image-preview":"max-image-preview:large","max-video-preview":"max-video-preview:-1"},"canonical":"https:\/\/www.camlock.org\/fi\/tuote\/type-a-polypropylene-camlock-coupler-male-coupler-x-female-bsp-thread\/","og_locale":"fi_FI","og_type":"article","og_title":"A-tyypin polypropeenin nokkakytkin","og_description":"A-tyypin polypropeenista valmistettu nokkakytkin - urossovitin \u00d7 BSP-naaras (my\u00f6s NPT mahdollista), k\u00e4ytet\u00e4\u00e4n usein yhdess\u00e4 D-, B-, C- ja DC-tyypin kytkimien kanssa turvallisen letkujen pikaliit\u00e4nn\u00e4n t\u00e4ydent\u00e4miseksi.","og_url":"https:\/\/www.camlock.org\/fi\/tuote\/type-a-polypropylene-camlock-coupler-male-coupler-x-female-bsp-thread\/","og_site_name":"\u041f\u0440\u043e\u0434\u0430\u0436\u0430 \u043a\u0430\u043c\u043b\u043e\u043a (Camlock) \u0441\u043e\u0435\u0434\u0438\u043d\u0435\u043d\u0438\u0439","article_modified_time":"2025-05-14T17:06:41+00:00","og_image":[{"width":1000,"height":1134,"url":"https:\/\/www.camlock.org\/wp-content\/uploads\/2018\/01\/Camlock_Polypropylen_type-A_200mm_A050PP_f.jpg","type":"image\/jpeg"}],"twitter_card":"summary_large_image","schema":{"@context":"https:\/\/schema.org","@graph":[{"@type":"WebPage","@id":"https:\/\/www.camlock.org\/fi\/tuote\/type-a-polypropylene-camlock-coupler-male-coupler-x-female-bsp-thread\/","url":"https:\/\/www.camlock.org\/fi\/tuote\/type-a-polypropylene-camlock-coupler-male-coupler-x-female-bsp-thread\/","name":"A-tyypin polypropeenin nokkakytkin","isPartOf":{"@id":"https:\/\/www.camlock.org\/fi\/?lang=et\/#website"},"primaryImageOfPage":{"@id":"https:\/\/www.camlock.org\/fi\/tuote\/type-a-polypropylene-camlock-coupler-male-coupler-x-female-bsp-thread\/#primaryimage"},"image":{"@id":"https:\/\/www.camlock.org\/fi\/tuote\/type-a-polypropylene-camlock-coupler-male-coupler-x-female-bsp-thread\/#primaryimage"},"thumbnailUrl":"https:\/\/www.camlock.org\/wp-content\/uploads\/2018\/01\/Camlock_Polypropylen_type-A_200mm_A050PP_f.jpg","datePublished":"2018-01-28T18:51:34+00:00","dateModified":"2025-05-14T17:06:41+00:00","description":"A-tyypin polypropeenista valmistettu nokkakytkin - urossovitin \u00d7 BSP-naaras (my\u00f6s NPT mahdollista), k\u00e4ytet\u00e4\u00e4n usein yhdess\u00e4 D-, B-, C- ja DC-tyypin kytkimien kanssa turvallisen letkujen pikaliit\u00e4nn\u00e4n t\u00e4ydent\u00e4miseksi.","breadcrumb":{"@id":"https:\/\/www.camlock.org\/fi\/tuote\/type-a-polypropylene-camlock-coupler-male-coupler-x-female-bsp-thread\/#breadcrumb"},"inLanguage":"fi","potentialAction":[{"@type":"ReadAction","target":["https:\/\/www.camlock.org\/fi\/tuote\/type-a-polypropylene-camlock-coupler-male-coupler-x-female-bsp-thread\/"]}]},{"@type":"ImageObject","inLanguage":"fi","@id":"https:\/\/www.camlock.org\/fi\/tuote\/type-a-polypropylene-camlock-coupler-male-coupler-x-female-bsp-thread\/#primaryimage","url":"https:\/\/www.camlock.org\/wp-content\/uploads\/2018\/01\/Camlock_Polypropylen_type-A_200mm_A050PP_f.jpg","contentUrl":"https:\/\/www.camlock.org\/wp-content\/uploads\/2018\/01\/Camlock_Polypropylen_type-A_200mm_A050PP_f.jpg","width":1000,"height":1134,"caption":"Type A Polypropylene Camlock Coupler - Male Coupler x Female BSP Thread"},{"@type":"BreadcrumbList","@id":"https:\/\/www.camlock.org\/fi\/tuote\/type-a-polypropylene-camlock-coupler-male-coupler-x-female-bsp-thread\/#breadcrumb","itemListElement":[{"@type":"ListItem","position":1,"name":"Home","item":"https:\/\/www.camlock.org\/fi\/etusivu\/"},{"@type":"ListItem","position":2,"name":"Kauppa","item":"https:\/\/www.camlock.org\/fi\/d0-bc-d0-b0-d0-b3-d0-b0-d0-b7-d0-b8-d0-bd\/"},{"@type":"ListItem","position":3,"name":"A-tyypin polypropeeninen nokkapeltiliitin &#8211; urosliitin x BSP-kierre naarasliitin"}]},{"@type":"WebSite","@id":"https:\/\/www.camlock.org\/fi\/?lang=et\/#website","url":"https:\/\/www.camlock.org\/fi\/?lang=et\/","name":"\u041f\u0440\u043e\u0434\u0430\u0436\u0430 \u043a\u0430\u043c\u043b\u043e\u043a (Camlock) \u0441\u043e\u0435\u0434\u0438\u043d\u0435\u043d\u0438\u0439","description":"\u041f\u0440\u043e\u0434\u0430\u0436\u0430 \u043a\u0430\u043c\u043b\u043e\u043a (Camlock) \u0441\u043e\u0435\u0434\u0438\u043d\u0435\u043d\u0438\u0439","potentialAction":[{"@type":"SearchAction","target":{"@type":"EntryPoint","urlTemplate":"https:\/\/www.camlock.org\/fi\/?lang=et\/?s={search_term_string}"},"query-input":{"@type":"PropertyValueSpecification","valueRequired":true,"valueName":"search_term_string"}}],"inLanguage":"fi"}]}},"_links":{"self":[{"href":"https:\/\/www.camlock.org\/fi\/wp-json\/wp\/v2\/product\/10322","targetHints":{"allow":["GET"]}}],"collection":[{"href":"https:\/\/www.camlock.org\/fi\/wp-json\/wp\/v2\/product"}],"about":[{"href":"https:\/\/www.camlock.org\/fi\/wp-json\/wp\/v2\/types\/product"}],"wp:featuredmedia":[{"embeddable":true,"href":"https:\/\/www.camlock.org\/fi\/wp-json\/wp\/v2\/media\/9300"}],"wp:attachment":[{"href":"https:\/\/www.camlock.org\/fi\/wp-json\/wp\/v2\/media?parent=10322"}],"wp:term":[{"taxonomy":"product_brand","embeddable":true,"href":"https:\/\/www.camlock.org\/fi\/wp-json\/wp\/v2\/product_brand?post=10322"},{"taxonomy":"product_cat","embeddable":true,"href":"https:\/\/www.camlock.org\/fi\/wp-json\/wp\/v2\/product_cat?post=10322"},{"taxonomy":"product_tag","embeddable":true,"href":"https:\/\/www.camlock.org\/fi\/wp-json\/wp\/v2\/product_tag?post=10322"}],"curies":[{"name":"wp","href":"https:\/\/api.w.org\/{rel}","templated":true}]}}