{"id":10780,"date":"2018-01-29T00:42:07","date_gmt":"2018-01-28T21:42:07","guid":{"rendered":"https:\/\/www.camlock.org\/product\/type-e-polypropylene-camlock-coupler-male-coupler-x-hose-shank\/"},"modified":"2025-05-15T15:24:38","modified_gmt":"2025-05-15T12:24:38","slug":"e-tyypin-polypropeeninen-nokkapeltiliitin-urosliitin-letkunvarsi","status":"publish","type":"product","link":"https:\/\/www.camlock.org\/fi\/tuote\/e-tyypin-polypropeeninen-nokkapeltiliitin-urosliitin-letkunvarsi\/","title":{"rendered":"E-tyypin polypropeeninen nokkapeltiliitin &#8211; urosliitin \u00d7 letkunvarsi"},"content":{"rendered":"<p>E-tyypin polypropyleeniliitin tarkoittaa urosadapteria letkunp\u00e4\u00e4ss\u00e4 &#8211; E-tyypin nokkaportissa on urosnokkaportti toisessa p\u00e4\u00e4ss\u00e4 ja urosletkunp\u00e4\u00e4 toisessa p\u00e4\u00e4ss\u00e4. Nokkalukkoinen urosp\u00e4\u00e4 hyv\u00e4ksyy mink\u00e4 tahansa naarasnokkalukkoisen sovittimen, ja letkun h\u00e4nt\u00e4 ty\u00f6nnet\u00e4\u00e4n mink\u00e4 tahansa oikean kokoisen letkun sis\u00e4\u00e4n ja kiinnitet\u00e4\u00e4n raskaalla, t\u00e4ysin ruostumattomasta ter\u00e4ksest\u00e4 valmistetulla pulttipuristimella.<\/p>\n","protected":false},"excerpt":{"rendered":"<p>E-tyypin sovitinta k\u00e4ytet\u00e4\u00e4n tavallisesti C-tyypin liittimen kanssa. T\u00e4t\u00e4 E-tyypin sovitinta voidaan kuitenkin k\u00e4ytt\u00e4\u00e4 B- tai D-tyypin liittimen sek\u00e4 samankokoisen DC:n (p\u00f6lysuojuksen) kanssa. <\/p>\n","protected":false},"featured_media":9785,"template":"","meta":[],"product_brand":[],"product_cat":[139],"product_tag":[289,271],"class_list":{"0":"post-10780","1":"product","2":"type-product","3":"status-publish","4":"has-post-thumbnail","6":"product_cat-polypropeeni-kammion-liitososat","7":"product_tag-polypropylene-fi","8":"product_tag-type-e-fi","10":"first","11":"instock","12":"taxable","13":"shipping-taxable","14":"purchasable","15":"product-type-variable"},"yoast_head":"<!-- This site is optimized with the Yoast SEO plugin v27.4 - https:\/\/yoast.com\/product\/yoast-seo-wordpress\/ -->\n<title>E-tyypin polypropeeninen nokkapeltiliitin - urosliitin \u00d7 letkunvarsi<\/title>\n<meta name=\"description\" content=\"E-tyypin polypropeeniliitin tarkoittaa urosadapteria letkunp\u00e4\u00e4ss\u00e4 - E-tyypin nokkapelliss\u00e4 on urosnokkapelti toisessa p\u00e4\u00e4ss\u00e4 ja urosletkunp\u00e4\u00e4 toisessa p\u00e4\u00e4ss\u00e4.\" \/>\n<meta name=\"robots\" content=\"index, follow, max-snippet:-1, max-image-preview:large, max-video-preview:-1\" \/>\n<link rel=\"canonical\" href=\"https:\/\/www.camlock.org\/fi\/tuote\/e-tyypin-polypropeeninen-nokkapeltiliitin-urosliitin-letkunvarsi\/\" \/>\n<meta property=\"og:locale\" content=\"fi_FI\" \/>\n<meta property=\"og:type\" content=\"article\" \/>\n<meta property=\"og:title\" content=\"E-tyypin polypropeeninen nokkapeltiliitin - urosliitin \u00d7 letkunvarsi\" \/>\n<meta property=\"og:description\" content=\"E-tyypin polypropeeniliitin tarkoittaa urosadapteria letkunp\u00e4\u00e4ss\u00e4 - E-tyypin nokkapelliss\u00e4 on urosnokkapelti toisessa p\u00e4\u00e4ss\u00e4 ja urosletkunp\u00e4\u00e4 toisessa p\u00e4\u00e4ss\u00e4.\" \/>\n<meta property=\"og:url\" content=\"https:\/\/www.camlock.org\/fi\/tuote\/e-tyypin-polypropeeninen-nokkapeltiliitin-urosliitin-letkunvarsi\/\" \/>\n<meta property=\"og:site_name\" content=\"\u041f\u0440\u043e\u0434\u0430\u0436\u0430 \u043a\u0430\u043c\u043b\u043e\u043a (Camlock) \u0441\u043e\u0435\u0434\u0438\u043d\u0435\u043d\u0438\u0439\" \/>\n<meta property=\"article:modified_time\" content=\"2025-05-15T12:24:38+00:00\" \/>\n<meta property=\"og:image\" content=\"https:\/\/www.camlock.org\/wp-content\/uploads\/2018\/01\/Camlock_Polypropylene_type-E_50mm_E200PP_.jpg\" \/>\n\t<meta property=\"og:image:width\" content=\"1000\" \/>\n\t<meta property=\"og:image:height\" content=\"1134\" \/>\n\t<meta property=\"og:image:type\" content=\"image\/jpeg\" \/>\n<meta name=\"twitter:card\" content=\"summary_large_image\" \/>\n<meta name=\"twitter:label1\" content=\"Arvioitu lukuaika\" \/>\n\t<meta name=\"twitter:data1\" content=\"1 minuutti\" \/>\n<script type=\"application\/ld+json\" class=\"yoast-schema-graph\">{\"@context\":\"https:\\\/\\\/schema.org\",\"@graph\":[{\"@type\":\"WebPage\",\"@id\":\"https:\\\/\\\/www.camlock.org\\\/fi\\\/tuote\\\/e-tyypin-polypropeeninen-nokkapeltiliitin-urosliitin-letkunvarsi\\\/\",\"url\":\"https:\\\/\\\/www.camlock.org\\\/fi\\\/tuote\\\/e-tyypin-polypropeeninen-nokkapeltiliitin-urosliitin-letkunvarsi\\\/\",\"name\":\"E-tyypin polypropeeninen nokkapeltiliitin - urosliitin \u00d7 letkunvarsi\",\"isPartOf\":{\"@id\":\"https:\\\/\\\/www.camlock.org\\\/fi\\\/?lang=et\\\/#website\"},\"primaryImageOfPage\":{\"@id\":\"https:\\\/\\\/www.camlock.org\\\/fi\\\/tuote\\\/e-tyypin-polypropeeninen-nokkapeltiliitin-urosliitin-letkunvarsi\\\/#primaryimage\"},\"image\":{\"@id\":\"https:\\\/\\\/www.camlock.org\\\/fi\\\/tuote\\\/e-tyypin-polypropeeninen-nokkapeltiliitin-urosliitin-letkunvarsi\\\/#primaryimage\"},\"thumbnailUrl\":\"https:\\\/\\\/www.camlock.org\\\/wp-content\\\/uploads\\\/2018\\\/01\\\/Camlock_Polypropylene_type-E_50mm_E200PP_.jpg\",\"datePublished\":\"2018-01-28T21:42:07+00:00\",\"dateModified\":\"2025-05-15T12:24:38+00:00\",\"description\":\"E-tyypin polypropeeniliitin tarkoittaa urosadapteria letkunp\u00e4\u00e4ss\u00e4 - E-tyypin nokkapelliss\u00e4 on urosnokkapelti toisessa p\u00e4\u00e4ss\u00e4 ja urosletkunp\u00e4\u00e4 toisessa p\u00e4\u00e4ss\u00e4.\",\"breadcrumb\":{\"@id\":\"https:\\\/\\\/www.camlock.org\\\/fi\\\/tuote\\\/e-tyypin-polypropeeninen-nokkapeltiliitin-urosliitin-letkunvarsi\\\/#breadcrumb\"},\"inLanguage\":\"fi\",\"potentialAction\":[{\"@type\":\"ReadAction\",\"target\":[\"https:\\\/\\\/www.camlock.org\\\/fi\\\/tuote\\\/e-tyypin-polypropeeninen-nokkapeltiliitin-urosliitin-letkunvarsi\\\/\"]}]},{\"@type\":\"ImageObject\",\"inLanguage\":\"fi\",\"@id\":\"https:\\\/\\\/www.camlock.org\\\/fi\\\/tuote\\\/e-tyypin-polypropeeninen-nokkapeltiliitin-urosliitin-letkunvarsi\\\/#primaryimage\",\"url\":\"https:\\\/\\\/www.camlock.org\\\/wp-content\\\/uploads\\\/2018\\\/01\\\/Camlock_Polypropylene_type-E_50mm_E200PP_.jpg\",\"contentUrl\":\"https:\\\/\\\/www.camlock.org\\\/wp-content\\\/uploads\\\/2018\\\/01\\\/Camlock_Polypropylene_type-E_50mm_E200PP_.jpg\",\"width\":1000,\"height\":1134,\"caption\":\"Type E Polypropylene Camlock Coupler - Male Coupler \u00d7 Hose Shank\"},{\"@type\":\"BreadcrumbList\",\"@id\":\"https:\\\/\\\/www.camlock.org\\\/fi\\\/tuote\\\/e-tyypin-polypropeeninen-nokkapeltiliitin-urosliitin-letkunvarsi\\\/#breadcrumb\",\"itemListElement\":[{\"@type\":\"ListItem\",\"position\":1,\"name\":\"Home\",\"item\":\"https:\\\/\\\/www.camlock.org\\\/fi\\\/etusivu\\\/\"},{\"@type\":\"ListItem\",\"position\":2,\"name\":\"Kauppa\",\"item\":\"https:\\\/\\\/www.camlock.org\\\/fi\\\/d0-bc-d0-b0-d0-b3-d0-b0-d0-b7-d0-b8-d0-bd\\\/\"},{\"@type\":\"ListItem\",\"position\":3,\"name\":\"E-tyypin polypropeeninen nokkapeltiliitin &#8211; urosliitin \u00d7 letkunvarsi\"}]},{\"@type\":\"WebSite\",\"@id\":\"https:\\\/\\\/www.camlock.org\\\/fi\\\/?lang=et\\\/#website\",\"url\":\"https:\\\/\\\/www.camlock.org\\\/fi\\\/?lang=et\\\/\",\"name\":\"\u041f\u0440\u043e\u0434\u0430\u0436\u0430 \u043a\u0430\u043c\u043b\u043e\u043a (Camlock) \u0441\u043e\u0435\u0434\u0438\u043d\u0435\u043d\u0438\u0439\",\"description\":\"\u041f\u0440\u043e\u0434\u0430\u0436\u0430 \u043a\u0430\u043c\u043b\u043e\u043a (Camlock) \u0441\u043e\u0435\u0434\u0438\u043d\u0435\u043d\u0438\u0439\",\"potentialAction\":[{\"@type\":\"SearchAction\",\"target\":{\"@type\":\"EntryPoint\",\"urlTemplate\":\"https:\\\/\\\/www.camlock.org\\\/fi\\\/?lang=et\\\/?s={search_term_string}\"},\"query-input\":{\"@type\":\"PropertyValueSpecification\",\"valueRequired\":true,\"valueName\":\"search_term_string\"}}],\"inLanguage\":\"fi\"}]}<\/script>\n<!-- \/ Yoast SEO plugin. -->","yoast_head_json":{"title":"E-tyypin polypropeeninen nokkapeltiliitin - urosliitin \u00d7 letkunvarsi","description":"E-tyypin polypropeeniliitin tarkoittaa urosadapteria letkunp\u00e4\u00e4ss\u00e4 - E-tyypin nokkapelliss\u00e4 on urosnokkapelti toisessa p\u00e4\u00e4ss\u00e4 ja urosletkunp\u00e4\u00e4 toisessa p\u00e4\u00e4ss\u00e4.","robots":{"index":"index","follow":"follow","max-snippet":"max-snippet:-1","max-image-preview":"max-image-preview:large","max-video-preview":"max-video-preview:-1"},"canonical":"https:\/\/www.camlock.org\/fi\/tuote\/e-tyypin-polypropeeninen-nokkapeltiliitin-urosliitin-letkunvarsi\/","og_locale":"fi_FI","og_type":"article","og_title":"E-tyypin polypropeeninen nokkapeltiliitin - urosliitin \u00d7 letkunvarsi","og_description":"E-tyypin polypropeeniliitin tarkoittaa urosadapteria letkunp\u00e4\u00e4ss\u00e4 - E-tyypin nokkapelliss\u00e4 on urosnokkapelti toisessa p\u00e4\u00e4ss\u00e4 ja urosletkunp\u00e4\u00e4 toisessa p\u00e4\u00e4ss\u00e4.","og_url":"https:\/\/www.camlock.org\/fi\/tuote\/e-tyypin-polypropeeninen-nokkapeltiliitin-urosliitin-letkunvarsi\/","og_site_name":"\u041f\u0440\u043e\u0434\u0430\u0436\u0430 \u043a\u0430\u043c\u043b\u043e\u043a (Camlock) \u0441\u043e\u0435\u0434\u0438\u043d\u0435\u043d\u0438\u0439","article_modified_time":"2025-05-15T12:24:38+00:00","og_image":[{"width":1000,"height":1134,"url":"https:\/\/www.camlock.org\/wp-content\/uploads\/2018\/01\/Camlock_Polypropylene_type-E_50mm_E200PP_.jpg","type":"image\/jpeg"}],"twitter_card":"summary_large_image","twitter_misc":{"Arvioitu lukuaika":"1 minuutti"},"schema":{"@context":"https:\/\/schema.org","@graph":[{"@type":"WebPage","@id":"https:\/\/www.camlock.org\/fi\/tuote\/e-tyypin-polypropeeninen-nokkapeltiliitin-urosliitin-letkunvarsi\/","url":"https:\/\/www.camlock.org\/fi\/tuote\/e-tyypin-polypropeeninen-nokkapeltiliitin-urosliitin-letkunvarsi\/","name":"E-tyypin polypropeeninen nokkapeltiliitin - urosliitin \u00d7 letkunvarsi","isPartOf":{"@id":"https:\/\/www.camlock.org\/fi\/?lang=et\/#website"},"primaryImageOfPage":{"@id":"https:\/\/www.camlock.org\/fi\/tuote\/e-tyypin-polypropeeninen-nokkapeltiliitin-urosliitin-letkunvarsi\/#primaryimage"},"image":{"@id":"https:\/\/www.camlock.org\/fi\/tuote\/e-tyypin-polypropeeninen-nokkapeltiliitin-urosliitin-letkunvarsi\/#primaryimage"},"thumbnailUrl":"https:\/\/www.camlock.org\/wp-content\/uploads\/2018\/01\/Camlock_Polypropylene_type-E_50mm_E200PP_.jpg","datePublished":"2018-01-28T21:42:07+00:00","dateModified":"2025-05-15T12:24:38+00:00","description":"E-tyypin polypropeeniliitin tarkoittaa urosadapteria letkunp\u00e4\u00e4ss\u00e4 - E-tyypin nokkapelliss\u00e4 on urosnokkapelti toisessa p\u00e4\u00e4ss\u00e4 ja urosletkunp\u00e4\u00e4 toisessa p\u00e4\u00e4ss\u00e4.","breadcrumb":{"@id":"https:\/\/www.camlock.org\/fi\/tuote\/e-tyypin-polypropeeninen-nokkapeltiliitin-urosliitin-letkunvarsi\/#breadcrumb"},"inLanguage":"fi","potentialAction":[{"@type":"ReadAction","target":["https:\/\/www.camlock.org\/fi\/tuote\/e-tyypin-polypropeeninen-nokkapeltiliitin-urosliitin-letkunvarsi\/"]}]},{"@type":"ImageObject","inLanguage":"fi","@id":"https:\/\/www.camlock.org\/fi\/tuote\/e-tyypin-polypropeeninen-nokkapeltiliitin-urosliitin-letkunvarsi\/#primaryimage","url":"https:\/\/www.camlock.org\/wp-content\/uploads\/2018\/01\/Camlock_Polypropylene_type-E_50mm_E200PP_.jpg","contentUrl":"https:\/\/www.camlock.org\/wp-content\/uploads\/2018\/01\/Camlock_Polypropylene_type-E_50mm_E200PP_.jpg","width":1000,"height":1134,"caption":"Type E Polypropylene Camlock Coupler - Male Coupler \u00d7 Hose Shank"},{"@type":"BreadcrumbList","@id":"https:\/\/www.camlock.org\/fi\/tuote\/e-tyypin-polypropeeninen-nokkapeltiliitin-urosliitin-letkunvarsi\/#breadcrumb","itemListElement":[{"@type":"ListItem","position":1,"name":"Home","item":"https:\/\/www.camlock.org\/fi\/etusivu\/"},{"@type":"ListItem","position":2,"name":"Kauppa","item":"https:\/\/www.camlock.org\/fi\/d0-bc-d0-b0-d0-b3-d0-b0-d0-b7-d0-b8-d0-bd\/"},{"@type":"ListItem","position":3,"name":"E-tyypin polypropeeninen nokkapeltiliitin &#8211; urosliitin \u00d7 letkunvarsi"}]},{"@type":"WebSite","@id":"https:\/\/www.camlock.org\/fi\/?lang=et\/#website","url":"https:\/\/www.camlock.org\/fi\/?lang=et\/","name":"\u041f\u0440\u043e\u0434\u0430\u0436\u0430 \u043a\u0430\u043c\u043b\u043e\u043a (Camlock) \u0441\u043e\u0435\u0434\u0438\u043d\u0435\u043d\u0438\u0439","description":"\u041f\u0440\u043e\u0434\u0430\u0436\u0430 \u043a\u0430\u043c\u043b\u043e\u043a (Camlock) \u0441\u043e\u0435\u0434\u0438\u043d\u0435\u043d\u0438\u0439","potentialAction":[{"@type":"SearchAction","target":{"@type":"EntryPoint","urlTemplate":"https:\/\/www.camlock.org\/fi\/?lang=et\/?s={search_term_string}"},"query-input":{"@type":"PropertyValueSpecification","valueRequired":true,"valueName":"search_term_string"}}],"inLanguage":"fi"}]}},"_links":{"self":[{"href":"https:\/\/www.camlock.org\/fi\/wp-json\/wp\/v2\/product\/10780","targetHints":{"allow":["GET"]}}],"collection":[{"href":"https:\/\/www.camlock.org\/fi\/wp-json\/wp\/v2\/product"}],"about":[{"href":"https:\/\/www.camlock.org\/fi\/wp-json\/wp\/v2\/types\/product"}],"wp:featuredmedia":[{"embeddable":true,"href":"https:\/\/www.camlock.org\/fi\/wp-json\/wp\/v2\/media\/9785"}],"wp:attachment":[{"href":"https:\/\/www.camlock.org\/fi\/wp-json\/wp\/v2\/media?parent=10780"}],"wp:term":[{"taxonomy":"product_brand","embeddable":true,"href":"https:\/\/www.camlock.org\/fi\/wp-json\/wp\/v2\/product_brand?post=10780"},{"taxonomy":"product_cat","embeddable":true,"href":"https:\/\/www.camlock.org\/fi\/wp-json\/wp\/v2\/product_cat?post=10780"},{"taxonomy":"product_tag","embeddable":true,"href":"https:\/\/www.camlock.org\/fi\/wp-json\/wp\/v2\/product_tag?post=10780"}],"curies":[{"name":"wp","href":"https:\/\/api.w.org\/{rel}","templated":true}]}}