{"id":10789,"date":"2018-01-29T00:25:16","date_gmt":"2018-01-28T21:25:16","guid":{"rendered":"https:\/\/www.camlock.org\/product\/type-d-polypropylene-camlock-coupler-female-coupler-x-female-bsp-thread\/"},"modified":"2025-05-15T15:25:24","modified_gmt":"2025-05-15T12:25:24","slug":"tyypin-d-polypropyleeninen-nokkapeltiliitin-naarasliitin-bsp-kierre","status":"publish","type":"product","link":"https:\/\/www.camlock.org\/fi\/tuote\/tyypin-d-polypropyleeninen-nokkapeltiliitin-naarasliitin-bsp-kierre\/","title":{"rendered":"Tyypin D polypropyleeninen nokkapeltiliitin &#8211; naarasliitin \u00d7 BSP-kierre"},"content":{"rendered":"<p>Naaraspuolinen nokkalukkop\u00e4\u00e4 sopii mihin tahansa samankokoiseen urospuoliseen nokkalukkoliit\u00e4nt\u00e4\u00e4n. D-tyypin nokkakytkimi\u00e4 k\u00e4ytet\u00e4\u00e4n usein A-tyypin sovittimien kanssa, ja joskus niit\u00e4 voidaan k\u00e4ytt\u00e4\u00e4 samankokoisten E &amp; F-tyyppisten ja DP-tyypin (p\u00f6lypistoke) kanssa. Polypropyleenikytkimet on varustettu ruostumattomasta ter\u00e4ksest\u00e4 valmistetuilla kahvoilla, renkailla ja nastoilla, jotka pident\u00e4v\u00e4t k\u00e4ytt\u00f6ik\u00e4\u00e4. <\/p>\n","protected":false},"excerpt":{"rendered":"<p>Naarasliitin BSP-kierteell\u00e4 &#8211; D-tyyppisiss\u00e4 nokkapaloissa on nokkapalop\u00e4\u00e4 ja samankokoinen BSP-kierre.<\/p>\n","protected":false},"featured_media":9685,"template":"","meta":[],"product_brand":[],"product_cat":[139],"product_tag":[289,255],"class_list":{"0":"post-10789","1":"product","2":"type-product","3":"status-publish","4":"has-post-thumbnail","6":"product_cat-polypropeeni-kammion-liitososat","7":"product_tag-polypropylene-fi","8":"product_tag-type-d-fi","10":"first","11":"instock","12":"taxable","13":"shipping-taxable","14":"purchasable","15":"product-type-variable"},"yoast_head":"<!-- This site is optimized with the Yoast SEO plugin v27.4 - https:\/\/yoast.com\/product\/yoast-seo-wordpress\/ -->\n<title>Tyypin D polypropyleeninen nokkapeltiliitin - naarasliitin \u00d7 BSP-kierre<\/title>\n<meta name=\"description\" content=\"Naaraspuolinen nokkalukkop\u00e4\u00e4 sopii mihin tahansa samankokoiseen urospuoliseen nokkalukkoliit\u00e4nt\u00e4\u00e4n. D-tyypin nokkakytkimi\u00e4 k\u00e4ytet\u00e4\u00e4n usein A-tyypin sovittimien kanssa, ja joskus niit\u00e4 voidaan k\u00e4ytt\u00e4\u00e4 samankokoisten E &amp; F-tyyppisten ja DP-tyypin (p\u00f6lypistoke) kanssa.\" \/>\n<meta name=\"robots\" content=\"index, follow, max-snippet:-1, max-image-preview:large, max-video-preview:-1\" \/>\n<link rel=\"canonical\" href=\"https:\/\/www.camlock.org\/fi\/tuote\/tyypin-d-polypropyleeninen-nokkapeltiliitin-naarasliitin-bsp-kierre\/\" \/>\n<meta property=\"og:locale\" content=\"fi_FI\" \/>\n<meta property=\"og:type\" content=\"article\" \/>\n<meta property=\"og:title\" content=\"Tyypin D polypropyleeninen nokkapeltiliitin - naarasliitin \u00d7 BSP-kierre\" \/>\n<meta property=\"og:description\" content=\"Naaraspuolinen nokkalukkop\u00e4\u00e4 sopii mihin tahansa samankokoiseen urospuoliseen nokkalukkoliit\u00e4nt\u00e4\u00e4n. D-tyypin nokkakytkimi\u00e4 k\u00e4ytet\u00e4\u00e4n usein A-tyypin sovittimien kanssa, ja joskus niit\u00e4 voidaan k\u00e4ytt\u00e4\u00e4 samankokoisten E &amp; F-tyyppisten ja DP-tyypin (p\u00f6lypistoke) kanssa.\" \/>\n<meta property=\"og:url\" content=\"https:\/\/www.camlock.org\/fi\/tuote\/tyypin-d-polypropyleeninen-nokkapeltiliitin-naarasliitin-bsp-kierre\/\" \/>\n<meta property=\"og:site_name\" content=\"\u041f\u0440\u043e\u0434\u0430\u0436\u0430 \u043a\u0430\u043c\u043b\u043e\u043a (Camlock) \u0441\u043e\u0435\u0434\u0438\u043d\u0435\u043d\u0438\u0439\" \/>\n<meta property=\"article:modified_time\" content=\"2025-05-15T12:25:24+00:00\" \/>\n<meta property=\"og:image\" content=\"https:\/\/www.camlock.org\/wp-content\/uploads\/2018\/01\/Camlock_Polypropylen_type-D_50mm_D200PP_.jpg\" \/>\n\t<meta property=\"og:image:width\" content=\"1000\" \/>\n\t<meta property=\"og:image:height\" content=\"1134\" \/>\n\t<meta property=\"og:image:type\" content=\"image\/jpeg\" \/>\n<meta name=\"twitter:card\" content=\"summary_large_image\" \/>\n<meta name=\"twitter:label1\" content=\"Arvioitu lukuaika\" \/>\n\t<meta name=\"twitter:data1\" content=\"1 minuutti\" \/>\n<script type=\"application\/ld+json\" class=\"yoast-schema-graph\">{\"@context\":\"https:\\\/\\\/schema.org\",\"@graph\":[{\"@type\":\"WebPage\",\"@id\":\"https:\\\/\\\/www.camlock.org\\\/fi\\\/tuote\\\/tyypin-d-polypropyleeninen-nokkapeltiliitin-naarasliitin-bsp-kierre\\\/\",\"url\":\"https:\\\/\\\/www.camlock.org\\\/fi\\\/tuote\\\/tyypin-d-polypropyleeninen-nokkapeltiliitin-naarasliitin-bsp-kierre\\\/\",\"name\":\"Tyypin D polypropyleeninen nokkapeltiliitin - naarasliitin \u00d7 BSP-kierre\",\"isPartOf\":{\"@id\":\"https:\\\/\\\/www.camlock.org\\\/fi\\\/?lang=et\\\/#website\"},\"primaryImageOfPage\":{\"@id\":\"https:\\\/\\\/www.camlock.org\\\/fi\\\/tuote\\\/tyypin-d-polypropyleeninen-nokkapeltiliitin-naarasliitin-bsp-kierre\\\/#primaryimage\"},\"image\":{\"@id\":\"https:\\\/\\\/www.camlock.org\\\/fi\\\/tuote\\\/tyypin-d-polypropyleeninen-nokkapeltiliitin-naarasliitin-bsp-kierre\\\/#primaryimage\"},\"thumbnailUrl\":\"https:\\\/\\\/www.camlock.org\\\/wp-content\\\/uploads\\\/2018\\\/01\\\/Camlock_Polypropylen_type-D_50mm_D200PP_.jpg\",\"datePublished\":\"2018-01-28T21:25:16+00:00\",\"dateModified\":\"2025-05-15T12:25:24+00:00\",\"description\":\"Naaraspuolinen nokkalukkop\u00e4\u00e4 sopii mihin tahansa samankokoiseen urospuoliseen nokkalukkoliit\u00e4nt\u00e4\u00e4n. D-tyypin nokkakytkimi\u00e4 k\u00e4ytet\u00e4\u00e4n usein A-tyypin sovittimien kanssa, ja joskus niit\u00e4 voidaan k\u00e4ytt\u00e4\u00e4 samankokoisten E & F-tyyppisten ja DP-tyypin (p\u00f6lypistoke) kanssa.\",\"breadcrumb\":{\"@id\":\"https:\\\/\\\/www.camlock.org\\\/fi\\\/tuote\\\/tyypin-d-polypropyleeninen-nokkapeltiliitin-naarasliitin-bsp-kierre\\\/#breadcrumb\"},\"inLanguage\":\"fi\",\"potentialAction\":[{\"@type\":\"ReadAction\",\"target\":[\"https:\\\/\\\/www.camlock.org\\\/fi\\\/tuote\\\/tyypin-d-polypropyleeninen-nokkapeltiliitin-naarasliitin-bsp-kierre\\\/\"]}]},{\"@type\":\"ImageObject\",\"inLanguage\":\"fi\",\"@id\":\"https:\\\/\\\/www.camlock.org\\\/fi\\\/tuote\\\/tyypin-d-polypropyleeninen-nokkapeltiliitin-naarasliitin-bsp-kierre\\\/#primaryimage\",\"url\":\"https:\\\/\\\/www.camlock.org\\\/wp-content\\\/uploads\\\/2018\\\/01\\\/Camlock_Polypropylen_type-D_50mm_D200PP_.jpg\",\"contentUrl\":\"https:\\\/\\\/www.camlock.org\\\/wp-content\\\/uploads\\\/2018\\\/01\\\/Camlock_Polypropylen_type-D_50mm_D200PP_.jpg\",\"width\":1000,\"height\":1134,\"caption\":\"Type D Polypropylene Camlock Coupler - Female Coupler \u00d7 Female BSP Thread\"},{\"@type\":\"BreadcrumbList\",\"@id\":\"https:\\\/\\\/www.camlock.org\\\/fi\\\/tuote\\\/tyypin-d-polypropyleeninen-nokkapeltiliitin-naarasliitin-bsp-kierre\\\/#breadcrumb\",\"itemListElement\":[{\"@type\":\"ListItem\",\"position\":1,\"name\":\"Home\",\"item\":\"https:\\\/\\\/www.camlock.org\\\/fi\\\/etusivu\\\/\"},{\"@type\":\"ListItem\",\"position\":2,\"name\":\"Kauppa\",\"item\":\"https:\\\/\\\/www.camlock.org\\\/fi\\\/d0-bc-d0-b0-d0-b3-d0-b0-d0-b7-d0-b8-d0-bd\\\/\"},{\"@type\":\"ListItem\",\"position\":3,\"name\":\"Tyypin D polypropyleeninen nokkapeltiliitin &#8211; naarasliitin \u00d7 BSP-kierre\"}]},{\"@type\":\"WebSite\",\"@id\":\"https:\\\/\\\/www.camlock.org\\\/fi\\\/?lang=et\\\/#website\",\"url\":\"https:\\\/\\\/www.camlock.org\\\/fi\\\/?lang=et\\\/\",\"name\":\"\u041f\u0440\u043e\u0434\u0430\u0436\u0430 \u043a\u0430\u043c\u043b\u043e\u043a (Camlock) \u0441\u043e\u0435\u0434\u0438\u043d\u0435\u043d\u0438\u0439\",\"description\":\"\u041f\u0440\u043e\u0434\u0430\u0436\u0430 \u043a\u0430\u043c\u043b\u043e\u043a (Camlock) \u0441\u043e\u0435\u0434\u0438\u043d\u0435\u043d\u0438\u0439\",\"potentialAction\":[{\"@type\":\"SearchAction\",\"target\":{\"@type\":\"EntryPoint\",\"urlTemplate\":\"https:\\\/\\\/www.camlock.org\\\/fi\\\/?lang=et\\\/?s={search_term_string}\"},\"query-input\":{\"@type\":\"PropertyValueSpecification\",\"valueRequired\":true,\"valueName\":\"search_term_string\"}}],\"inLanguage\":\"fi\"}]}<\/script>\n<!-- \/ Yoast SEO plugin. -->","yoast_head_json":{"title":"Tyypin D polypropyleeninen nokkapeltiliitin - naarasliitin \u00d7 BSP-kierre","description":"Naaraspuolinen nokkalukkop\u00e4\u00e4 sopii mihin tahansa samankokoiseen urospuoliseen nokkalukkoliit\u00e4nt\u00e4\u00e4n. D-tyypin nokkakytkimi\u00e4 k\u00e4ytet\u00e4\u00e4n usein A-tyypin sovittimien kanssa, ja joskus niit\u00e4 voidaan k\u00e4ytt\u00e4\u00e4 samankokoisten E & F-tyyppisten ja DP-tyypin (p\u00f6lypistoke) kanssa.","robots":{"index":"index","follow":"follow","max-snippet":"max-snippet:-1","max-image-preview":"max-image-preview:large","max-video-preview":"max-video-preview:-1"},"canonical":"https:\/\/www.camlock.org\/fi\/tuote\/tyypin-d-polypropyleeninen-nokkapeltiliitin-naarasliitin-bsp-kierre\/","og_locale":"fi_FI","og_type":"article","og_title":"Tyypin D polypropyleeninen nokkapeltiliitin - naarasliitin \u00d7 BSP-kierre","og_description":"Naaraspuolinen nokkalukkop\u00e4\u00e4 sopii mihin tahansa samankokoiseen urospuoliseen nokkalukkoliit\u00e4nt\u00e4\u00e4n. D-tyypin nokkakytkimi\u00e4 k\u00e4ytet\u00e4\u00e4n usein A-tyypin sovittimien kanssa, ja joskus niit\u00e4 voidaan k\u00e4ytt\u00e4\u00e4 samankokoisten E & F-tyyppisten ja DP-tyypin (p\u00f6lypistoke) kanssa.","og_url":"https:\/\/www.camlock.org\/fi\/tuote\/tyypin-d-polypropyleeninen-nokkapeltiliitin-naarasliitin-bsp-kierre\/","og_site_name":"\u041f\u0440\u043e\u0434\u0430\u0436\u0430 \u043a\u0430\u043c\u043b\u043e\u043a (Camlock) \u0441\u043e\u0435\u0434\u0438\u043d\u0435\u043d\u0438\u0439","article_modified_time":"2025-05-15T12:25:24+00:00","og_image":[{"width":1000,"height":1134,"url":"https:\/\/www.camlock.org\/wp-content\/uploads\/2018\/01\/Camlock_Polypropylen_type-D_50mm_D200PP_.jpg","type":"image\/jpeg"}],"twitter_card":"summary_large_image","twitter_misc":{"Arvioitu lukuaika":"1 minuutti"},"schema":{"@context":"https:\/\/schema.org","@graph":[{"@type":"WebPage","@id":"https:\/\/www.camlock.org\/fi\/tuote\/tyypin-d-polypropyleeninen-nokkapeltiliitin-naarasliitin-bsp-kierre\/","url":"https:\/\/www.camlock.org\/fi\/tuote\/tyypin-d-polypropyleeninen-nokkapeltiliitin-naarasliitin-bsp-kierre\/","name":"Tyypin D polypropyleeninen nokkapeltiliitin - naarasliitin \u00d7 BSP-kierre","isPartOf":{"@id":"https:\/\/www.camlock.org\/fi\/?lang=et\/#website"},"primaryImageOfPage":{"@id":"https:\/\/www.camlock.org\/fi\/tuote\/tyypin-d-polypropyleeninen-nokkapeltiliitin-naarasliitin-bsp-kierre\/#primaryimage"},"image":{"@id":"https:\/\/www.camlock.org\/fi\/tuote\/tyypin-d-polypropyleeninen-nokkapeltiliitin-naarasliitin-bsp-kierre\/#primaryimage"},"thumbnailUrl":"https:\/\/www.camlock.org\/wp-content\/uploads\/2018\/01\/Camlock_Polypropylen_type-D_50mm_D200PP_.jpg","datePublished":"2018-01-28T21:25:16+00:00","dateModified":"2025-05-15T12:25:24+00:00","description":"Naaraspuolinen nokkalukkop\u00e4\u00e4 sopii mihin tahansa samankokoiseen urospuoliseen nokkalukkoliit\u00e4nt\u00e4\u00e4n. D-tyypin nokkakytkimi\u00e4 k\u00e4ytet\u00e4\u00e4n usein A-tyypin sovittimien kanssa, ja joskus niit\u00e4 voidaan k\u00e4ytt\u00e4\u00e4 samankokoisten E & F-tyyppisten ja DP-tyypin (p\u00f6lypistoke) kanssa.","breadcrumb":{"@id":"https:\/\/www.camlock.org\/fi\/tuote\/tyypin-d-polypropyleeninen-nokkapeltiliitin-naarasliitin-bsp-kierre\/#breadcrumb"},"inLanguage":"fi","potentialAction":[{"@type":"ReadAction","target":["https:\/\/www.camlock.org\/fi\/tuote\/tyypin-d-polypropyleeninen-nokkapeltiliitin-naarasliitin-bsp-kierre\/"]}]},{"@type":"ImageObject","inLanguage":"fi","@id":"https:\/\/www.camlock.org\/fi\/tuote\/tyypin-d-polypropyleeninen-nokkapeltiliitin-naarasliitin-bsp-kierre\/#primaryimage","url":"https:\/\/www.camlock.org\/wp-content\/uploads\/2018\/01\/Camlock_Polypropylen_type-D_50mm_D200PP_.jpg","contentUrl":"https:\/\/www.camlock.org\/wp-content\/uploads\/2018\/01\/Camlock_Polypropylen_type-D_50mm_D200PP_.jpg","width":1000,"height":1134,"caption":"Type D Polypropylene Camlock Coupler - Female Coupler \u00d7 Female BSP Thread"},{"@type":"BreadcrumbList","@id":"https:\/\/www.camlock.org\/fi\/tuote\/tyypin-d-polypropyleeninen-nokkapeltiliitin-naarasliitin-bsp-kierre\/#breadcrumb","itemListElement":[{"@type":"ListItem","position":1,"name":"Home","item":"https:\/\/www.camlock.org\/fi\/etusivu\/"},{"@type":"ListItem","position":2,"name":"Kauppa","item":"https:\/\/www.camlock.org\/fi\/d0-bc-d0-b0-d0-b3-d0-b0-d0-b7-d0-b8-d0-bd\/"},{"@type":"ListItem","position":3,"name":"Tyypin D polypropyleeninen nokkapeltiliitin &#8211; naarasliitin \u00d7 BSP-kierre"}]},{"@type":"WebSite","@id":"https:\/\/www.camlock.org\/fi\/?lang=et\/#website","url":"https:\/\/www.camlock.org\/fi\/?lang=et\/","name":"\u041f\u0440\u043e\u0434\u0430\u0436\u0430 \u043a\u0430\u043c\u043b\u043e\u043a (Camlock) \u0441\u043e\u0435\u0434\u0438\u043d\u0435\u043d\u0438\u0439","description":"\u041f\u0440\u043e\u0434\u0430\u0436\u0430 \u043a\u0430\u043c\u043b\u043e\u043a (Camlock) \u0441\u043e\u0435\u0434\u0438\u043d\u0435\u043d\u0438\u0439","potentialAction":[{"@type":"SearchAction","target":{"@type":"EntryPoint","urlTemplate":"https:\/\/www.camlock.org\/fi\/?lang=et\/?s={search_term_string}"},"query-input":{"@type":"PropertyValueSpecification","valueRequired":true,"valueName":"search_term_string"}}],"inLanguage":"fi"}]}},"_links":{"self":[{"href":"https:\/\/www.camlock.org\/fi\/wp-json\/wp\/v2\/product\/10789","targetHints":{"allow":["GET"]}}],"collection":[{"href":"https:\/\/www.camlock.org\/fi\/wp-json\/wp\/v2\/product"}],"about":[{"href":"https:\/\/www.camlock.org\/fi\/wp-json\/wp\/v2\/types\/product"}],"wp:featuredmedia":[{"embeddable":true,"href":"https:\/\/www.camlock.org\/fi\/wp-json\/wp\/v2\/media\/9685"}],"wp:attachment":[{"href":"https:\/\/www.camlock.org\/fi\/wp-json\/wp\/v2\/media?parent=10789"}],"wp:term":[{"taxonomy":"product_brand","embeddable":true,"href":"https:\/\/www.camlock.org\/fi\/wp-json\/wp\/v2\/product_brand?post=10789"},{"taxonomy":"product_cat","embeddable":true,"href":"https:\/\/www.camlock.org\/fi\/wp-json\/wp\/v2\/product_cat?post=10789"},{"taxonomy":"product_tag","embeddable":true,"href":"https:\/\/www.camlock.org\/fi\/wp-json\/wp\/v2\/product_tag?post=10789"}],"curies":[{"name":"wp","href":"https:\/\/api.w.org\/{rel}","templated":true}]}}