{"id":10798,"date":"2018-01-29T00:58:38","date_gmt":"2018-01-28T21:58:38","guid":{"rendered":"https:\/\/www.camlock.org\/product\/type-f-polypropylene-camlock-coupler-male-coupler-x-male-bsp-thread\/"},"modified":"2025-05-15T15:24:21","modified_gmt":"2025-05-15T12:24:21","slug":"f-tyypin-polypropeenin-nokkakytkin-urosliitin-x-bsp-uroskierre","status":"publish","type":"product","link":"https:\/\/www.camlock.org\/fi\/tuote\/f-tyypin-polypropeenin-nokkakytkin-urosliitin-x-bsp-uroskierre\/","title":{"rendered":"F-tyypin polypropeenin nokkakytkin &#8211; urosliitin x BSP-uroskierre"},"content":{"rendered":"<p>Polypropeenista valmistettuja nokkalukkoliittimi\u00e4 k\u00e4ytet\u00e4\u00e4n usein palontorjuntapumpuissa tai IBC-pumpuissa tai sovelluksissa, joissa tarvitaan pikaliit\u00e4nt\u00e4\/-poiskytkent\u00e4. Letkun pikaliit\u00e4nt\u00e4 s\u00e4\u00e4st\u00e4\u00e4 paljon enemm\u00e4n aikaa kuin kierteiden tai laippaliitosten kiinnitt\u00e4minen. <\/p>\n","protected":false},"excerpt":{"rendered":"<p>Polypropeenista valmistettu nokkaporttisovitin tyyppi F &#8211; siin\u00e4 on uritettu urossovitin ja samankokoinen BSP\/NPT-ulkokierre. F-tyyppi\u00e4 k\u00e4ytet\u00e4\u00e4n usein C-, B-, D- ja DC-tyyppisten liittimien kanssa. <\/p>\n","protected":false},"featured_media":9885,"template":"","meta":[],"product_brand":[],"product_cat":[139],"product_tag":[289,272],"class_list":{"0":"post-10798","1":"product","2":"type-product","3":"status-publish","4":"has-post-thumbnail","6":"product_cat-polypropeeni-kammion-liitososat","7":"product_tag-polypropylene-fi","8":"product_tag-type-f-fi","10":"first","11":"instock","12":"taxable","13":"shipping-taxable","14":"purchasable","15":"product-type-variable"},"yoast_head":"<!-- This site is optimized with the Yoast SEO plugin v27.4 - https:\/\/yoast.com\/product\/yoast-seo-wordpress\/ -->\n<title>F-tyypin polypropeenin nokkakytkin - urosliitin<\/title>\n<meta name=\"description\" content=\"F-tyypin polypropeeniset nokkapeltiliittimet ovat usein palontorjuntapumpuissa tai IBC-pumpuissa tai sovelluksissa, joissa tarvitaan pikaliit\u00e4nt\u00e4\/-poiskytkent\u00e4. Letkun pikaliit\u00e4nt\u00e4 s\u00e4\u00e4st\u00e4\u00e4 paljon enemm\u00e4n aikaa kuin kierteiden tai laippaliitosten kiinnitt\u00e4minen.\" \/>\n<meta name=\"robots\" content=\"index, follow, max-snippet:-1, max-image-preview:large, max-video-preview:-1\" \/>\n<link rel=\"canonical\" href=\"https:\/\/www.camlock.org\/fi\/tuote\/f-tyypin-polypropeenin-nokkakytkin-urosliitin-x-bsp-uroskierre\/\" \/>\n<meta property=\"og:locale\" content=\"fi_FI\" \/>\n<meta property=\"og:type\" content=\"article\" \/>\n<meta property=\"og:title\" content=\"F-tyypin polypropeenin nokkakytkin - urosliitin\" \/>\n<meta property=\"og:description\" content=\"F-tyypin polypropeeniset nokkapeltiliittimet ovat usein palontorjuntapumpuissa tai IBC-pumpuissa tai sovelluksissa, joissa tarvitaan pikaliit\u00e4nt\u00e4\/-poiskytkent\u00e4. Letkun pikaliit\u00e4nt\u00e4 s\u00e4\u00e4st\u00e4\u00e4 paljon enemm\u00e4n aikaa kuin kierteiden tai laippaliitosten kiinnitt\u00e4minen.\" \/>\n<meta property=\"og:url\" content=\"https:\/\/www.camlock.org\/fi\/tuote\/f-tyypin-polypropeenin-nokkakytkin-urosliitin-x-bsp-uroskierre\/\" \/>\n<meta property=\"og:site_name\" content=\"\u041f\u0440\u043e\u0434\u0430\u0436\u0430 \u043a\u0430\u043c\u043b\u043e\u043a (Camlock) \u0441\u043e\u0435\u0434\u0438\u043d\u0435\u043d\u0438\u0439\" \/>\n<meta property=\"article:modified_time\" content=\"2025-05-15T12:24:21+00:00\" \/>\n<meta property=\"og:image\" content=\"https:\/\/www.camlock.org\/wp-content\/uploads\/2018\/01\/Camlock_Polypropylene_type-F_50mm_F200PP_.jpg\" \/>\n\t<meta property=\"og:image:width\" content=\"1000\" \/>\n\t<meta property=\"og:image:height\" content=\"1134\" \/>\n\t<meta property=\"og:image:type\" content=\"image\/jpeg\" \/>\n<meta name=\"twitter:card\" content=\"summary_large_image\" \/>\n<meta name=\"twitter:label1\" content=\"Arvioitu lukuaika\" \/>\n\t<meta name=\"twitter:data1\" content=\"1 minuutti\" \/>\n<script type=\"application\/ld+json\" class=\"yoast-schema-graph\">{\"@context\":\"https:\\\/\\\/schema.org\",\"@graph\":[{\"@type\":\"WebPage\",\"@id\":\"https:\\\/\\\/www.camlock.org\\\/fi\\\/tuote\\\/f-tyypin-polypropeenin-nokkakytkin-urosliitin-x-bsp-uroskierre\\\/\",\"url\":\"https:\\\/\\\/www.camlock.org\\\/fi\\\/tuote\\\/f-tyypin-polypropeenin-nokkakytkin-urosliitin-x-bsp-uroskierre\\\/\",\"name\":\"F-tyypin polypropeenin nokkakytkin - urosliitin\",\"isPartOf\":{\"@id\":\"https:\\\/\\\/www.camlock.org\\\/fi\\\/?lang=et\\\/#website\"},\"primaryImageOfPage\":{\"@id\":\"https:\\\/\\\/www.camlock.org\\\/fi\\\/tuote\\\/f-tyypin-polypropeenin-nokkakytkin-urosliitin-x-bsp-uroskierre\\\/#primaryimage\"},\"image\":{\"@id\":\"https:\\\/\\\/www.camlock.org\\\/fi\\\/tuote\\\/f-tyypin-polypropeenin-nokkakytkin-urosliitin-x-bsp-uroskierre\\\/#primaryimage\"},\"thumbnailUrl\":\"https:\\\/\\\/www.camlock.org\\\/wp-content\\\/uploads\\\/2018\\\/01\\\/Camlock_Polypropylene_type-F_50mm_F200PP_.jpg\",\"datePublished\":\"2018-01-28T21:58:38+00:00\",\"dateModified\":\"2025-05-15T12:24:21+00:00\",\"description\":\"F-tyypin polypropeeniset nokkapeltiliittimet ovat usein palontorjuntapumpuissa tai IBC-pumpuissa tai sovelluksissa, joissa tarvitaan pikaliit\u00e4nt\u00e4\\\/-poiskytkent\u00e4. Letkun pikaliit\u00e4nt\u00e4 s\u00e4\u00e4st\u00e4\u00e4 paljon enemm\u00e4n aikaa kuin kierteiden tai laippaliitosten kiinnitt\u00e4minen.\",\"breadcrumb\":{\"@id\":\"https:\\\/\\\/www.camlock.org\\\/fi\\\/tuote\\\/f-tyypin-polypropeenin-nokkakytkin-urosliitin-x-bsp-uroskierre\\\/#breadcrumb\"},\"inLanguage\":\"fi\",\"potentialAction\":[{\"@type\":\"ReadAction\",\"target\":[\"https:\\\/\\\/www.camlock.org\\\/fi\\\/tuote\\\/f-tyypin-polypropeenin-nokkakytkin-urosliitin-x-bsp-uroskierre\\\/\"]}]},{\"@type\":\"ImageObject\",\"inLanguage\":\"fi\",\"@id\":\"https:\\\/\\\/www.camlock.org\\\/fi\\\/tuote\\\/f-tyypin-polypropeenin-nokkakytkin-urosliitin-x-bsp-uroskierre\\\/#primaryimage\",\"url\":\"https:\\\/\\\/www.camlock.org\\\/wp-content\\\/uploads\\\/2018\\\/01\\\/Camlock_Polypropylene_type-F_50mm_F200PP_.jpg\",\"contentUrl\":\"https:\\\/\\\/www.camlock.org\\\/wp-content\\\/uploads\\\/2018\\\/01\\\/Camlock_Polypropylene_type-F_50mm_F200PP_.jpg\",\"width\":1000,\"height\":1134,\"caption\":\"Type F Polypropylene Camlock Coupler - Male Coupler x Male BSP Thread\"},{\"@type\":\"BreadcrumbList\",\"@id\":\"https:\\\/\\\/www.camlock.org\\\/fi\\\/tuote\\\/f-tyypin-polypropeenin-nokkakytkin-urosliitin-x-bsp-uroskierre\\\/#breadcrumb\",\"itemListElement\":[{\"@type\":\"ListItem\",\"position\":1,\"name\":\"Home\",\"item\":\"https:\\\/\\\/www.camlock.org\\\/fi\\\/etusivu\\\/\"},{\"@type\":\"ListItem\",\"position\":2,\"name\":\"Kauppa\",\"item\":\"https:\\\/\\\/www.camlock.org\\\/fi\\\/d0-bc-d0-b0-d0-b3-d0-b0-d0-b7-d0-b8-d0-bd\\\/\"},{\"@type\":\"ListItem\",\"position\":3,\"name\":\"F-tyypin polypropeenin nokkakytkin &#8211; urosliitin x BSP-uroskierre\"}]},{\"@type\":\"WebSite\",\"@id\":\"https:\\\/\\\/www.camlock.org\\\/fi\\\/?lang=et\\\/#website\",\"url\":\"https:\\\/\\\/www.camlock.org\\\/fi\\\/?lang=et\\\/\",\"name\":\"\u041f\u0440\u043e\u0434\u0430\u0436\u0430 \u043a\u0430\u043c\u043b\u043e\u043a (Camlock) \u0441\u043e\u0435\u0434\u0438\u043d\u0435\u043d\u0438\u0439\",\"description\":\"\u041f\u0440\u043e\u0434\u0430\u0436\u0430 \u043a\u0430\u043c\u043b\u043e\u043a (Camlock) \u0441\u043e\u0435\u0434\u0438\u043d\u0435\u043d\u0438\u0439\",\"potentialAction\":[{\"@type\":\"SearchAction\",\"target\":{\"@type\":\"EntryPoint\",\"urlTemplate\":\"https:\\\/\\\/www.camlock.org\\\/fi\\\/?lang=et\\\/?s={search_term_string}\"},\"query-input\":{\"@type\":\"PropertyValueSpecification\",\"valueRequired\":true,\"valueName\":\"search_term_string\"}}],\"inLanguage\":\"fi\"}]}<\/script>\n<!-- \/ Yoast SEO plugin. -->","yoast_head_json":{"title":"F-tyypin polypropeenin nokkakytkin - urosliitin","description":"F-tyypin polypropeeniset nokkapeltiliittimet ovat usein palontorjuntapumpuissa tai IBC-pumpuissa tai sovelluksissa, joissa tarvitaan pikaliit\u00e4nt\u00e4\/-poiskytkent\u00e4. Letkun pikaliit\u00e4nt\u00e4 s\u00e4\u00e4st\u00e4\u00e4 paljon enemm\u00e4n aikaa kuin kierteiden tai laippaliitosten kiinnitt\u00e4minen.","robots":{"index":"index","follow":"follow","max-snippet":"max-snippet:-1","max-image-preview":"max-image-preview:large","max-video-preview":"max-video-preview:-1"},"canonical":"https:\/\/www.camlock.org\/fi\/tuote\/f-tyypin-polypropeenin-nokkakytkin-urosliitin-x-bsp-uroskierre\/","og_locale":"fi_FI","og_type":"article","og_title":"F-tyypin polypropeenin nokkakytkin - urosliitin","og_description":"F-tyypin polypropeeniset nokkapeltiliittimet ovat usein palontorjuntapumpuissa tai IBC-pumpuissa tai sovelluksissa, joissa tarvitaan pikaliit\u00e4nt\u00e4\/-poiskytkent\u00e4. Letkun pikaliit\u00e4nt\u00e4 s\u00e4\u00e4st\u00e4\u00e4 paljon enemm\u00e4n aikaa kuin kierteiden tai laippaliitosten kiinnitt\u00e4minen.","og_url":"https:\/\/www.camlock.org\/fi\/tuote\/f-tyypin-polypropeenin-nokkakytkin-urosliitin-x-bsp-uroskierre\/","og_site_name":"\u041f\u0440\u043e\u0434\u0430\u0436\u0430 \u043a\u0430\u043c\u043b\u043e\u043a (Camlock) \u0441\u043e\u0435\u0434\u0438\u043d\u0435\u043d\u0438\u0439","article_modified_time":"2025-05-15T12:24:21+00:00","og_image":[{"width":1000,"height":1134,"url":"https:\/\/www.camlock.org\/wp-content\/uploads\/2018\/01\/Camlock_Polypropylene_type-F_50mm_F200PP_.jpg","type":"image\/jpeg"}],"twitter_card":"summary_large_image","twitter_misc":{"Arvioitu lukuaika":"1 minuutti"},"schema":{"@context":"https:\/\/schema.org","@graph":[{"@type":"WebPage","@id":"https:\/\/www.camlock.org\/fi\/tuote\/f-tyypin-polypropeenin-nokkakytkin-urosliitin-x-bsp-uroskierre\/","url":"https:\/\/www.camlock.org\/fi\/tuote\/f-tyypin-polypropeenin-nokkakytkin-urosliitin-x-bsp-uroskierre\/","name":"F-tyypin polypropeenin nokkakytkin - urosliitin","isPartOf":{"@id":"https:\/\/www.camlock.org\/fi\/?lang=et\/#website"},"primaryImageOfPage":{"@id":"https:\/\/www.camlock.org\/fi\/tuote\/f-tyypin-polypropeenin-nokkakytkin-urosliitin-x-bsp-uroskierre\/#primaryimage"},"image":{"@id":"https:\/\/www.camlock.org\/fi\/tuote\/f-tyypin-polypropeenin-nokkakytkin-urosliitin-x-bsp-uroskierre\/#primaryimage"},"thumbnailUrl":"https:\/\/www.camlock.org\/wp-content\/uploads\/2018\/01\/Camlock_Polypropylene_type-F_50mm_F200PP_.jpg","datePublished":"2018-01-28T21:58:38+00:00","dateModified":"2025-05-15T12:24:21+00:00","description":"F-tyypin polypropeeniset nokkapeltiliittimet ovat usein palontorjuntapumpuissa tai IBC-pumpuissa tai sovelluksissa, joissa tarvitaan pikaliit\u00e4nt\u00e4\/-poiskytkent\u00e4. Letkun pikaliit\u00e4nt\u00e4 s\u00e4\u00e4st\u00e4\u00e4 paljon enemm\u00e4n aikaa kuin kierteiden tai laippaliitosten kiinnitt\u00e4minen.","breadcrumb":{"@id":"https:\/\/www.camlock.org\/fi\/tuote\/f-tyypin-polypropeenin-nokkakytkin-urosliitin-x-bsp-uroskierre\/#breadcrumb"},"inLanguage":"fi","potentialAction":[{"@type":"ReadAction","target":["https:\/\/www.camlock.org\/fi\/tuote\/f-tyypin-polypropeenin-nokkakytkin-urosliitin-x-bsp-uroskierre\/"]}]},{"@type":"ImageObject","inLanguage":"fi","@id":"https:\/\/www.camlock.org\/fi\/tuote\/f-tyypin-polypropeenin-nokkakytkin-urosliitin-x-bsp-uroskierre\/#primaryimage","url":"https:\/\/www.camlock.org\/wp-content\/uploads\/2018\/01\/Camlock_Polypropylene_type-F_50mm_F200PP_.jpg","contentUrl":"https:\/\/www.camlock.org\/wp-content\/uploads\/2018\/01\/Camlock_Polypropylene_type-F_50mm_F200PP_.jpg","width":1000,"height":1134,"caption":"Type F Polypropylene Camlock Coupler - Male Coupler x Male BSP Thread"},{"@type":"BreadcrumbList","@id":"https:\/\/www.camlock.org\/fi\/tuote\/f-tyypin-polypropeenin-nokkakytkin-urosliitin-x-bsp-uroskierre\/#breadcrumb","itemListElement":[{"@type":"ListItem","position":1,"name":"Home","item":"https:\/\/www.camlock.org\/fi\/etusivu\/"},{"@type":"ListItem","position":2,"name":"Kauppa","item":"https:\/\/www.camlock.org\/fi\/d0-bc-d0-b0-d0-b3-d0-b0-d0-b7-d0-b8-d0-bd\/"},{"@type":"ListItem","position":3,"name":"F-tyypin polypropeenin nokkakytkin &#8211; urosliitin x BSP-uroskierre"}]},{"@type":"WebSite","@id":"https:\/\/www.camlock.org\/fi\/?lang=et\/#website","url":"https:\/\/www.camlock.org\/fi\/?lang=et\/","name":"\u041f\u0440\u043e\u0434\u0430\u0436\u0430 \u043a\u0430\u043c\u043b\u043e\u043a (Camlock) \u0441\u043e\u0435\u0434\u0438\u043d\u0435\u043d\u0438\u0439","description":"\u041f\u0440\u043e\u0434\u0430\u0436\u0430 \u043a\u0430\u043c\u043b\u043e\u043a (Camlock) \u0441\u043e\u0435\u0434\u0438\u043d\u0435\u043d\u0438\u0439","potentialAction":[{"@type":"SearchAction","target":{"@type":"EntryPoint","urlTemplate":"https:\/\/www.camlock.org\/fi\/?lang=et\/?s={search_term_string}"},"query-input":{"@type":"PropertyValueSpecification","valueRequired":true,"valueName":"search_term_string"}}],"inLanguage":"fi"}]}},"_links":{"self":[{"href":"https:\/\/www.camlock.org\/fi\/wp-json\/wp\/v2\/product\/10798","targetHints":{"allow":["GET"]}}],"collection":[{"href":"https:\/\/www.camlock.org\/fi\/wp-json\/wp\/v2\/product"}],"about":[{"href":"https:\/\/www.camlock.org\/fi\/wp-json\/wp\/v2\/types\/product"}],"wp:featuredmedia":[{"embeddable":true,"href":"https:\/\/www.camlock.org\/fi\/wp-json\/wp\/v2\/media\/9885"}],"wp:attachment":[{"href":"https:\/\/www.camlock.org\/fi\/wp-json\/wp\/v2\/media?parent=10798"}],"wp:term":[{"taxonomy":"product_brand","embeddable":true,"href":"https:\/\/www.camlock.org\/fi\/wp-json\/wp\/v2\/product_brand?post=10798"},{"taxonomy":"product_cat","embeddable":true,"href":"https:\/\/www.camlock.org\/fi\/wp-json\/wp\/v2\/product_cat?post=10798"},{"taxonomy":"product_tag","embeddable":true,"href":"https:\/\/www.camlock.org\/fi\/wp-json\/wp\/v2\/product_tag?post=10798"}],"curies":[{"name":"wp","href":"https:\/\/api.w.org\/{rel}","templated":true}]}}