{"id":10901,"date":"2018-01-29T01:15:44","date_gmt":"2018-01-28T22:15:44","guid":{"rendered":"https:\/\/www.camlock.org\/product\/type-dc-polypropylene-camlock-coupler-female-end-coupler\/"},"modified":"2025-05-15T15:20:39","modified_gmt":"2025-05-15T12:20:39","slug":"tyypin-dc-polypropeenista-valmistettu-nokkapeltiliitin-naarasliitin","status":"publish","type":"product","link":"https:\/\/www.camlock.org\/fi\/tuote\/tyypin-dc-polypropeenista-valmistettu-nokkapeltiliitin-naarasliitin\/","title":{"rendered":"Tyypin DC polypropeenista valmistettu nokkapeltiliitin &#8211; naarasliitin"},"content":{"rendered":"<p>P\u00f6lysuojus &#8211; nokkaportin p\u00f6lysuojuksia k\u00e4ytet\u00e4\u00e4n pit\u00e4m\u00e4\u00e4n vieraat esineet poissa nokkaportin urosliittimest\u00e4. Niit\u00e4 ei saa koskaan k\u00e4ytt\u00e4\u00e4 j\u00e4rjestelm\u00e4n toimiessa paineen alaisena. <\/p>\n","protected":false},"excerpt":{"rendered":"<p>Mustaa polypropeenista valmistettua nokkaporttiliitint\u00e4, osa DC, k\u00e4ytet\u00e4\u00e4n yleens\u00e4 samankokoisten A-, E- ja F-sovittimien kanssa. K\u00e4ytet\u00e4\u00e4n urossovittimen p\u00e4\u00e4n tulppaamiseen. <\/p>\n","protected":false},"featured_media":9976,"template":"","meta":[],"product_brand":[],"product_cat":[139],"product_tag":[289,288],"class_list":{"0":"post-10901","1":"product","2":"type-product","3":"status-publish","4":"has-post-thumbnail","6":"product_cat-polypropeeni-kammion-liitososat","7":"product_tag-polypropylene-fi","8":"product_tag-type-dc-fi","10":"first","11":"onbackorder","12":"taxable","13":"shipping-taxable","14":"purchasable","15":"product-type-variable"},"yoast_head":"<!-- This site is optimized with the Yoast SEO plugin v27.4 - https:\/\/yoast.com\/product\/yoast-seo-wordpress\/ -->\n<title>Tyypin DC polypropeenista valmistettu nokkapeltiliitin - naarasliitin<\/title>\n<meta name=\"description\" content=\"P\u00f6lysuojus - Tyypin DC polypropyleenist\u00e4 valmistetut nokkakytkimen p\u00f6lysuojukset est\u00e4v\u00e4t vieraiden esineiden p\u00e4\u00e4syn nokkakytkimen urosliittimiin. Niit\u00e4 ei saa koskaan k\u00e4ytt\u00e4\u00e4 j\u00e4rjestelm\u00e4n toimiessa paineen alaisena.\" \/>\n<meta name=\"robots\" content=\"index, follow, max-snippet:-1, max-image-preview:large, max-video-preview:-1\" \/>\n<link rel=\"canonical\" href=\"https:\/\/www.camlock.org\/fi\/tuote\/tyypin-dc-polypropeenista-valmistettu-nokkapeltiliitin-naarasliitin\/\" \/>\n<meta property=\"og:locale\" content=\"fi_FI\" \/>\n<meta property=\"og:type\" content=\"article\" \/>\n<meta property=\"og:title\" content=\"Tyypin DC polypropeenista valmistettu nokkapeltiliitin - naarasliitin\" \/>\n<meta property=\"og:description\" content=\"P\u00f6lysuojus - Tyypin DC polypropyleenist\u00e4 valmistetut nokkakytkimen p\u00f6lysuojukset est\u00e4v\u00e4t vieraiden esineiden p\u00e4\u00e4syn nokkakytkimen urosliittimiin. Niit\u00e4 ei saa koskaan k\u00e4ytt\u00e4\u00e4 j\u00e4rjestelm\u00e4n toimiessa paineen alaisena.\" \/>\n<meta property=\"og:url\" content=\"https:\/\/www.camlock.org\/fi\/tuote\/tyypin-dc-polypropeenista-valmistettu-nokkapeltiliitin-naarasliitin\/\" \/>\n<meta property=\"og:site_name\" content=\"\u041f\u0440\u043e\u0434\u0430\u0436\u0430 \u043a\u0430\u043c\u043b\u043e\u043a (Camlock) \u0441\u043e\u0435\u0434\u0438\u043d\u0435\u043d\u0438\u0439\" \/>\n<meta property=\"article:modified_time\" content=\"2025-05-15T12:20:39+00:00\" \/>\n<meta property=\"og:image\" content=\"https:\/\/www.camlock.org\/wp-content\/uploads\/2018\/01\/Camlock_Polypropylene_type-DC_50mm_DC200PP_-1.jpg\" \/>\n\t<meta property=\"og:image:width\" content=\"1000\" \/>\n\t<meta property=\"og:image:height\" content=\"1134\" \/>\n\t<meta property=\"og:image:type\" content=\"image\/jpeg\" \/>\n<meta name=\"twitter:card\" content=\"summary_large_image\" \/>\n<meta name=\"twitter:label1\" content=\"Arvioitu lukuaika\" \/>\n\t<meta name=\"twitter:data1\" content=\"1 minuutti\" \/>\n<script type=\"application\/ld+json\" class=\"yoast-schema-graph\">{\"@context\":\"https:\\\/\\\/schema.org\",\"@graph\":[{\"@type\":\"WebPage\",\"@id\":\"https:\\\/\\\/www.camlock.org\\\/fi\\\/tuote\\\/tyypin-dc-polypropeenista-valmistettu-nokkapeltiliitin-naarasliitin\\\/\",\"url\":\"https:\\\/\\\/www.camlock.org\\\/fi\\\/tuote\\\/tyypin-dc-polypropeenista-valmistettu-nokkapeltiliitin-naarasliitin\\\/\",\"name\":\"Tyypin DC polypropeenista valmistettu nokkapeltiliitin - naarasliitin\",\"isPartOf\":{\"@id\":\"https:\\\/\\\/www.camlock.org\\\/fi\\\/?lang=et\\\/#website\"},\"primaryImageOfPage\":{\"@id\":\"https:\\\/\\\/www.camlock.org\\\/fi\\\/tuote\\\/tyypin-dc-polypropeenista-valmistettu-nokkapeltiliitin-naarasliitin\\\/#primaryimage\"},\"image\":{\"@id\":\"https:\\\/\\\/www.camlock.org\\\/fi\\\/tuote\\\/tyypin-dc-polypropeenista-valmistettu-nokkapeltiliitin-naarasliitin\\\/#primaryimage\"},\"thumbnailUrl\":\"https:\\\/\\\/www.camlock.org\\\/wp-content\\\/uploads\\\/2018\\\/01\\\/Camlock_Polypropylene_type-DC_50mm_DC200PP_-1.jpg\",\"datePublished\":\"2018-01-28T22:15:44+00:00\",\"dateModified\":\"2025-05-15T12:20:39+00:00\",\"description\":\"P\u00f6lysuojus - Tyypin DC polypropyleenist\u00e4 valmistetut nokkakytkimen p\u00f6lysuojukset est\u00e4v\u00e4t vieraiden esineiden p\u00e4\u00e4syn nokkakytkimen urosliittimiin. Niit\u00e4 ei saa koskaan k\u00e4ytt\u00e4\u00e4 j\u00e4rjestelm\u00e4n toimiessa paineen alaisena.\",\"breadcrumb\":{\"@id\":\"https:\\\/\\\/www.camlock.org\\\/fi\\\/tuote\\\/tyypin-dc-polypropeenista-valmistettu-nokkapeltiliitin-naarasliitin\\\/#breadcrumb\"},\"inLanguage\":\"fi\",\"potentialAction\":[{\"@type\":\"ReadAction\",\"target\":[\"https:\\\/\\\/www.camlock.org\\\/fi\\\/tuote\\\/tyypin-dc-polypropeenista-valmistettu-nokkapeltiliitin-naarasliitin\\\/\"]}]},{\"@type\":\"ImageObject\",\"inLanguage\":\"fi\",\"@id\":\"https:\\\/\\\/www.camlock.org\\\/fi\\\/tuote\\\/tyypin-dc-polypropeenista-valmistettu-nokkapeltiliitin-naarasliitin\\\/#primaryimage\",\"url\":\"https:\\\/\\\/www.camlock.org\\\/wp-content\\\/uploads\\\/2018\\\/01\\\/Camlock_Polypropylene_type-DC_50mm_DC200PP_-1.jpg\",\"contentUrl\":\"https:\\\/\\\/www.camlock.org\\\/wp-content\\\/uploads\\\/2018\\\/01\\\/Camlock_Polypropylene_type-DC_50mm_DC200PP_-1.jpg\",\"width\":1000,\"height\":1134,\"caption\":\"Type DC Polypropylene Camlock Coupler - Female End Coupler\"},{\"@type\":\"BreadcrumbList\",\"@id\":\"https:\\\/\\\/www.camlock.org\\\/fi\\\/tuote\\\/tyypin-dc-polypropeenista-valmistettu-nokkapeltiliitin-naarasliitin\\\/#breadcrumb\",\"itemListElement\":[{\"@type\":\"ListItem\",\"position\":1,\"name\":\"Home\",\"item\":\"https:\\\/\\\/www.camlock.org\\\/fi\\\/etusivu\\\/\"},{\"@type\":\"ListItem\",\"position\":2,\"name\":\"Kauppa\",\"item\":\"https:\\\/\\\/www.camlock.org\\\/fi\\\/d0-bc-d0-b0-d0-b3-d0-b0-d0-b7-d0-b8-d0-bd\\\/\"},{\"@type\":\"ListItem\",\"position\":3,\"name\":\"Tyypin DC polypropeenista valmistettu nokkapeltiliitin &#8211; naarasliitin\"}]},{\"@type\":\"WebSite\",\"@id\":\"https:\\\/\\\/www.camlock.org\\\/fi\\\/?lang=et\\\/#website\",\"url\":\"https:\\\/\\\/www.camlock.org\\\/fi\\\/?lang=et\\\/\",\"name\":\"\u041f\u0440\u043e\u0434\u0430\u0436\u0430 \u043a\u0430\u043c\u043b\u043e\u043a (Camlock) \u0441\u043e\u0435\u0434\u0438\u043d\u0435\u043d\u0438\u0439\",\"description\":\"\u041f\u0440\u043e\u0434\u0430\u0436\u0430 \u043a\u0430\u043c\u043b\u043e\u043a (Camlock) \u0441\u043e\u0435\u0434\u0438\u043d\u0435\u043d\u0438\u0439\",\"potentialAction\":[{\"@type\":\"SearchAction\",\"target\":{\"@type\":\"EntryPoint\",\"urlTemplate\":\"https:\\\/\\\/www.camlock.org\\\/fi\\\/?lang=et\\\/?s={search_term_string}\"},\"query-input\":{\"@type\":\"PropertyValueSpecification\",\"valueRequired\":true,\"valueName\":\"search_term_string\"}}],\"inLanguage\":\"fi\"}]}<\/script>\n<!-- \/ Yoast SEO plugin. -->","yoast_head_json":{"title":"Tyypin DC polypropeenista valmistettu nokkapeltiliitin - naarasliitin","description":"P\u00f6lysuojus - Tyypin DC polypropyleenist\u00e4 valmistetut nokkakytkimen p\u00f6lysuojukset est\u00e4v\u00e4t vieraiden esineiden p\u00e4\u00e4syn nokkakytkimen urosliittimiin. Niit\u00e4 ei saa koskaan k\u00e4ytt\u00e4\u00e4 j\u00e4rjestelm\u00e4n toimiessa paineen alaisena.","robots":{"index":"index","follow":"follow","max-snippet":"max-snippet:-1","max-image-preview":"max-image-preview:large","max-video-preview":"max-video-preview:-1"},"canonical":"https:\/\/www.camlock.org\/fi\/tuote\/tyypin-dc-polypropeenista-valmistettu-nokkapeltiliitin-naarasliitin\/","og_locale":"fi_FI","og_type":"article","og_title":"Tyypin DC polypropeenista valmistettu nokkapeltiliitin - naarasliitin","og_description":"P\u00f6lysuojus - Tyypin DC polypropyleenist\u00e4 valmistetut nokkakytkimen p\u00f6lysuojukset est\u00e4v\u00e4t vieraiden esineiden p\u00e4\u00e4syn nokkakytkimen urosliittimiin. Niit\u00e4 ei saa koskaan k\u00e4ytt\u00e4\u00e4 j\u00e4rjestelm\u00e4n toimiessa paineen alaisena.","og_url":"https:\/\/www.camlock.org\/fi\/tuote\/tyypin-dc-polypropeenista-valmistettu-nokkapeltiliitin-naarasliitin\/","og_site_name":"\u041f\u0440\u043e\u0434\u0430\u0436\u0430 \u043a\u0430\u043c\u043b\u043e\u043a (Camlock) \u0441\u043e\u0435\u0434\u0438\u043d\u0435\u043d\u0438\u0439","article_modified_time":"2025-05-15T12:20:39+00:00","og_image":[{"width":1000,"height":1134,"url":"https:\/\/www.camlock.org\/wp-content\/uploads\/2018\/01\/Camlock_Polypropylene_type-DC_50mm_DC200PP_-1.jpg","type":"image\/jpeg"}],"twitter_card":"summary_large_image","twitter_misc":{"Arvioitu lukuaika":"1 minuutti"},"schema":{"@context":"https:\/\/schema.org","@graph":[{"@type":"WebPage","@id":"https:\/\/www.camlock.org\/fi\/tuote\/tyypin-dc-polypropeenista-valmistettu-nokkapeltiliitin-naarasliitin\/","url":"https:\/\/www.camlock.org\/fi\/tuote\/tyypin-dc-polypropeenista-valmistettu-nokkapeltiliitin-naarasliitin\/","name":"Tyypin DC polypropeenista valmistettu nokkapeltiliitin - naarasliitin","isPartOf":{"@id":"https:\/\/www.camlock.org\/fi\/?lang=et\/#website"},"primaryImageOfPage":{"@id":"https:\/\/www.camlock.org\/fi\/tuote\/tyypin-dc-polypropeenista-valmistettu-nokkapeltiliitin-naarasliitin\/#primaryimage"},"image":{"@id":"https:\/\/www.camlock.org\/fi\/tuote\/tyypin-dc-polypropeenista-valmistettu-nokkapeltiliitin-naarasliitin\/#primaryimage"},"thumbnailUrl":"https:\/\/www.camlock.org\/wp-content\/uploads\/2018\/01\/Camlock_Polypropylene_type-DC_50mm_DC200PP_-1.jpg","datePublished":"2018-01-28T22:15:44+00:00","dateModified":"2025-05-15T12:20:39+00:00","description":"P\u00f6lysuojus - Tyypin DC polypropyleenist\u00e4 valmistetut nokkakytkimen p\u00f6lysuojukset est\u00e4v\u00e4t vieraiden esineiden p\u00e4\u00e4syn nokkakytkimen urosliittimiin. Niit\u00e4 ei saa koskaan k\u00e4ytt\u00e4\u00e4 j\u00e4rjestelm\u00e4n toimiessa paineen alaisena.","breadcrumb":{"@id":"https:\/\/www.camlock.org\/fi\/tuote\/tyypin-dc-polypropeenista-valmistettu-nokkapeltiliitin-naarasliitin\/#breadcrumb"},"inLanguage":"fi","potentialAction":[{"@type":"ReadAction","target":["https:\/\/www.camlock.org\/fi\/tuote\/tyypin-dc-polypropeenista-valmistettu-nokkapeltiliitin-naarasliitin\/"]}]},{"@type":"ImageObject","inLanguage":"fi","@id":"https:\/\/www.camlock.org\/fi\/tuote\/tyypin-dc-polypropeenista-valmistettu-nokkapeltiliitin-naarasliitin\/#primaryimage","url":"https:\/\/www.camlock.org\/wp-content\/uploads\/2018\/01\/Camlock_Polypropylene_type-DC_50mm_DC200PP_-1.jpg","contentUrl":"https:\/\/www.camlock.org\/wp-content\/uploads\/2018\/01\/Camlock_Polypropylene_type-DC_50mm_DC200PP_-1.jpg","width":1000,"height":1134,"caption":"Type DC Polypropylene Camlock Coupler - Female End Coupler"},{"@type":"BreadcrumbList","@id":"https:\/\/www.camlock.org\/fi\/tuote\/tyypin-dc-polypropeenista-valmistettu-nokkapeltiliitin-naarasliitin\/#breadcrumb","itemListElement":[{"@type":"ListItem","position":1,"name":"Home","item":"https:\/\/www.camlock.org\/fi\/etusivu\/"},{"@type":"ListItem","position":2,"name":"Kauppa","item":"https:\/\/www.camlock.org\/fi\/d0-bc-d0-b0-d0-b3-d0-b0-d0-b7-d0-b8-d0-bd\/"},{"@type":"ListItem","position":3,"name":"Tyypin DC polypropeenista valmistettu nokkapeltiliitin &#8211; naarasliitin"}]},{"@type":"WebSite","@id":"https:\/\/www.camlock.org\/fi\/?lang=et\/#website","url":"https:\/\/www.camlock.org\/fi\/?lang=et\/","name":"\u041f\u0440\u043e\u0434\u0430\u0436\u0430 \u043a\u0430\u043c\u043b\u043e\u043a (Camlock) \u0441\u043e\u0435\u0434\u0438\u043d\u0435\u043d\u0438\u0439","description":"\u041f\u0440\u043e\u0434\u0430\u0436\u0430 \u043a\u0430\u043c\u043b\u043e\u043a (Camlock) \u0441\u043e\u0435\u0434\u0438\u043d\u0435\u043d\u0438\u0439","potentialAction":[{"@type":"SearchAction","target":{"@type":"EntryPoint","urlTemplate":"https:\/\/www.camlock.org\/fi\/?lang=et\/?s={search_term_string}"},"query-input":{"@type":"PropertyValueSpecification","valueRequired":true,"valueName":"search_term_string"}}],"inLanguage":"fi"}]}},"_links":{"self":[{"href":"https:\/\/www.camlock.org\/fi\/wp-json\/wp\/v2\/product\/10901","targetHints":{"allow":["GET"]}}],"collection":[{"href":"https:\/\/www.camlock.org\/fi\/wp-json\/wp\/v2\/product"}],"about":[{"href":"https:\/\/www.camlock.org\/fi\/wp-json\/wp\/v2\/types\/product"}],"wp:featuredmedia":[{"embeddable":true,"href":"https:\/\/www.camlock.org\/fi\/wp-json\/wp\/v2\/media\/9976"}],"wp:attachment":[{"href":"https:\/\/www.camlock.org\/fi\/wp-json\/wp\/v2\/media?parent=10901"}],"wp:term":[{"taxonomy":"product_brand","embeddable":true,"href":"https:\/\/www.camlock.org\/fi\/wp-json\/wp\/v2\/product_brand?post=10901"},{"taxonomy":"product_cat","embeddable":true,"href":"https:\/\/www.camlock.org\/fi\/wp-json\/wp\/v2\/product_cat?post=10901"},{"taxonomy":"product_tag","embeddable":true,"href":"https:\/\/www.camlock.org\/fi\/wp-json\/wp\/v2\/product_tag?post=10901"}],"curies":[{"name":"wp","href":"https:\/\/api.w.org\/{rel}","templated":true}]}}