{"id":11303,"date":"2018-06-03T17:13:49","date_gmt":"2018-06-03T14:13:58","guid":{"rendered":"https:\/\/www.camlock.org\/?post_type=product&#038;p=11303"},"modified":"2025-05-15T15:17:35","modified_gmt":"2025-05-15T12:17:35","slug":"tyypin-dp-polypropeenista-valmistettu-nokkakytkin-urospuolinen-liitin","status":"publish","type":"product","link":"https:\/\/www.camlock.org\/fi\/tuote\/tyypin-dp-polypropeenista-valmistettu-nokkakytkin-urospuolinen-liitin\/","title":{"rendered":"Tyypin DP polypropeenista valmistettu nokkakytkin &#8211; urospuolinen liitin"},"content":{"rendered":"<p>P\u00f6lytulppa &#8211; Camlock-p\u00f6lytulppia k\u00e4ytet\u00e4\u00e4n pit\u00e4m\u00e4\u00e4n vieraat esineet poissa mist\u00e4 tahansa naarasnokkaliit\u00e4nn\u00e4st\u00e4.<\/p>\n","protected":false},"excerpt":{"rendered":"<p>Polypropeenista valmistettu nokkaportilla varustettu urospuolinen p\u00e4\u00e4tyadapteri, osa DP, liitet\u00e4\u00e4n yleens\u00e4 samankokoisiin B-, C- ja D-tyypin adaptereihin. K\u00e4ytet\u00e4\u00e4n naarasliittimen p\u00e4\u00e4n liitt\u00e4miseen. <\/p>\n","protected":false},"featured_media":10058,"template":"","meta":[],"product_brand":[],"product_cat":[139],"product_tag":[289,287],"class_list":{"0":"post-11303","1":"product","2":"type-product","3":"status-publish","4":"has-post-thumbnail","6":"product_cat-polypropeeni-kammion-liitososat","7":"product_tag-polypropylene-fi","8":"product_tag-type-dp-fi","10":"first","11":"onbackorder","12":"taxable","13":"shipping-taxable","14":"purchasable","15":"product-type-variable"},"yoast_head":"<!-- This site is optimized with the Yoast SEO plugin v27.4 - https:\/\/yoast.com\/product\/yoast-seo-wordpress\/ -->\n<title>Tyypin DP polypropeenista valmistettu nokkakytkin - urospuolinen liitin<\/title>\n<meta name=\"description\" content=\"P\u00f6lytulppa - DP Polypropeenista valmistetut nokkakytkimen p\u00f6lytulpat pit\u00e4v\u00e4t vieraat esineet poissa nokkakytkimen liitososista.\" \/>\n<meta name=\"robots\" content=\"index, follow, max-snippet:-1, max-image-preview:large, max-video-preview:-1\" \/>\n<link rel=\"canonical\" href=\"https:\/\/www.camlock.org\/fi\/tuote\/tyypin-dp-polypropeenista-valmistettu-nokkakytkin-urospuolinen-liitin\/\" \/>\n<meta property=\"og:locale\" content=\"fi_FI\" \/>\n<meta property=\"og:type\" content=\"article\" \/>\n<meta property=\"og:title\" content=\"Tyypin DP polypropeenista valmistettu nokkakytkin - urospuolinen liitin\" \/>\n<meta property=\"og:description\" content=\"P\u00f6lytulppa - DP Polypropeenista valmistetut nokkakytkimen p\u00f6lytulpat pit\u00e4v\u00e4t vieraat esineet poissa nokkakytkimen liitososista.\" \/>\n<meta property=\"og:url\" content=\"https:\/\/www.camlock.org\/fi\/tuote\/tyypin-dp-polypropeenista-valmistettu-nokkakytkin-urospuolinen-liitin\/\" \/>\n<meta property=\"og:site_name\" content=\"\u041f\u0440\u043e\u0434\u0430\u0436\u0430 \u043a\u0430\u043c\u043b\u043e\u043a (Camlock) \u0441\u043e\u0435\u0434\u0438\u043d\u0435\u043d\u0438\u0439\" \/>\n<meta property=\"article:modified_time\" content=\"2025-05-15T12:17:35+00:00\" \/>\n<meta property=\"og:image\" content=\"https:\/\/www.camlock.org\/wp-content\/uploads\/2018\/01\/Camlock_Polypropylene_type-DP_50mm_DP200PP_.jpg\" \/>\n\t<meta property=\"og:image:width\" content=\"1000\" \/>\n\t<meta property=\"og:image:height\" content=\"1134\" \/>\n\t<meta property=\"og:image:type\" content=\"image\/jpeg\" \/>\n<meta name=\"twitter:card\" content=\"summary_large_image\" \/>\n<meta name=\"twitter:label1\" content=\"Arvioitu lukuaika\" \/>\n\t<meta name=\"twitter:data1\" content=\"1 minuutti\" \/>\n<script type=\"application\/ld+json\" class=\"yoast-schema-graph\">{\"@context\":\"https:\\\/\\\/schema.org\",\"@graph\":[{\"@type\":\"WebPage\",\"@id\":\"https:\\\/\\\/www.camlock.org\\\/fi\\\/tuote\\\/tyypin-dp-polypropeenista-valmistettu-nokkakytkin-urospuolinen-liitin\\\/\",\"url\":\"https:\\\/\\\/www.camlock.org\\\/fi\\\/tuote\\\/tyypin-dp-polypropeenista-valmistettu-nokkakytkin-urospuolinen-liitin\\\/\",\"name\":\"Tyypin DP polypropeenista valmistettu nokkakytkin - urospuolinen liitin\",\"isPartOf\":{\"@id\":\"https:\\\/\\\/www.camlock.org\\\/fi\\\/?lang=et\\\/#website\"},\"primaryImageOfPage\":{\"@id\":\"https:\\\/\\\/www.camlock.org\\\/fi\\\/tuote\\\/tyypin-dp-polypropeenista-valmistettu-nokkakytkin-urospuolinen-liitin\\\/#primaryimage\"},\"image\":{\"@id\":\"https:\\\/\\\/www.camlock.org\\\/fi\\\/tuote\\\/tyypin-dp-polypropeenista-valmistettu-nokkakytkin-urospuolinen-liitin\\\/#primaryimage\"},\"thumbnailUrl\":\"https:\\\/\\\/www.camlock.org\\\/wp-content\\\/uploads\\\/2018\\\/01\\\/Camlock_Polypropylene_type-DP_50mm_DP200PP_.jpg\",\"datePublished\":\"2018-06-03T14:13:58+00:00\",\"dateModified\":\"2025-05-15T12:17:35+00:00\",\"description\":\"P\u00f6lytulppa - DP Polypropeenista valmistetut nokkakytkimen p\u00f6lytulpat pit\u00e4v\u00e4t vieraat esineet poissa nokkakytkimen liitososista.\",\"breadcrumb\":{\"@id\":\"https:\\\/\\\/www.camlock.org\\\/fi\\\/tuote\\\/tyypin-dp-polypropeenista-valmistettu-nokkakytkin-urospuolinen-liitin\\\/#breadcrumb\"},\"inLanguage\":\"fi\",\"potentialAction\":[{\"@type\":\"ReadAction\",\"target\":[\"https:\\\/\\\/www.camlock.org\\\/fi\\\/tuote\\\/tyypin-dp-polypropeenista-valmistettu-nokkakytkin-urospuolinen-liitin\\\/\"]}]},{\"@type\":\"ImageObject\",\"inLanguage\":\"fi\",\"@id\":\"https:\\\/\\\/www.camlock.org\\\/fi\\\/tuote\\\/tyypin-dp-polypropeenista-valmistettu-nokkakytkin-urospuolinen-liitin\\\/#primaryimage\",\"url\":\"https:\\\/\\\/www.camlock.org\\\/wp-content\\\/uploads\\\/2018\\\/01\\\/Camlock_Polypropylene_type-DP_50mm_DP200PP_.jpg\",\"contentUrl\":\"https:\\\/\\\/www.camlock.org\\\/wp-content\\\/uploads\\\/2018\\\/01\\\/Camlock_Polypropylene_type-DP_50mm_DP200PP_.jpg\",\"width\":1000,\"height\":1134,\"caption\":\"Type DP Polypropylene Camlock Coupler - Male End Coupler\"},{\"@type\":\"BreadcrumbList\",\"@id\":\"https:\\\/\\\/www.camlock.org\\\/fi\\\/tuote\\\/tyypin-dp-polypropeenista-valmistettu-nokkakytkin-urospuolinen-liitin\\\/#breadcrumb\",\"itemListElement\":[{\"@type\":\"ListItem\",\"position\":1,\"name\":\"Home\",\"item\":\"https:\\\/\\\/www.camlock.org\\\/fi\\\/etusivu\\\/\"},{\"@type\":\"ListItem\",\"position\":2,\"name\":\"Kauppa\",\"item\":\"https:\\\/\\\/www.camlock.org\\\/fi\\\/d0-bc-d0-b0-d0-b3-d0-b0-d0-b7-d0-b8-d0-bd\\\/\"},{\"@type\":\"ListItem\",\"position\":3,\"name\":\"Tyypin DP polypropeenista valmistettu nokkakytkin &#8211; urospuolinen liitin\"}]},{\"@type\":\"WebSite\",\"@id\":\"https:\\\/\\\/www.camlock.org\\\/fi\\\/?lang=et\\\/#website\",\"url\":\"https:\\\/\\\/www.camlock.org\\\/fi\\\/?lang=et\\\/\",\"name\":\"\u041f\u0440\u043e\u0434\u0430\u0436\u0430 \u043a\u0430\u043c\u043b\u043e\u043a (Camlock) \u0441\u043e\u0435\u0434\u0438\u043d\u0435\u043d\u0438\u0439\",\"description\":\"\u041f\u0440\u043e\u0434\u0430\u0436\u0430 \u043a\u0430\u043c\u043b\u043e\u043a (Camlock) \u0441\u043e\u0435\u0434\u0438\u043d\u0435\u043d\u0438\u0439\",\"potentialAction\":[{\"@type\":\"SearchAction\",\"target\":{\"@type\":\"EntryPoint\",\"urlTemplate\":\"https:\\\/\\\/www.camlock.org\\\/fi\\\/?lang=et\\\/?s={search_term_string}\"},\"query-input\":{\"@type\":\"PropertyValueSpecification\",\"valueRequired\":true,\"valueName\":\"search_term_string\"}}],\"inLanguage\":\"fi\"}]}<\/script>\n<!-- \/ Yoast SEO plugin. -->","yoast_head_json":{"title":"Tyypin DP polypropeenista valmistettu nokkakytkin - urospuolinen liitin","description":"P\u00f6lytulppa - DP Polypropeenista valmistetut nokkakytkimen p\u00f6lytulpat pit\u00e4v\u00e4t vieraat esineet poissa nokkakytkimen liitososista.","robots":{"index":"index","follow":"follow","max-snippet":"max-snippet:-1","max-image-preview":"max-image-preview:large","max-video-preview":"max-video-preview:-1"},"canonical":"https:\/\/www.camlock.org\/fi\/tuote\/tyypin-dp-polypropeenista-valmistettu-nokkakytkin-urospuolinen-liitin\/","og_locale":"fi_FI","og_type":"article","og_title":"Tyypin DP polypropeenista valmistettu nokkakytkin - urospuolinen liitin","og_description":"P\u00f6lytulppa - DP Polypropeenista valmistetut nokkakytkimen p\u00f6lytulpat pit\u00e4v\u00e4t vieraat esineet poissa nokkakytkimen liitososista.","og_url":"https:\/\/www.camlock.org\/fi\/tuote\/tyypin-dp-polypropeenista-valmistettu-nokkakytkin-urospuolinen-liitin\/","og_site_name":"\u041f\u0440\u043e\u0434\u0430\u0436\u0430 \u043a\u0430\u043c\u043b\u043e\u043a (Camlock) \u0441\u043e\u0435\u0434\u0438\u043d\u0435\u043d\u0438\u0439","article_modified_time":"2025-05-15T12:17:35+00:00","og_image":[{"width":1000,"height":1134,"url":"https:\/\/www.camlock.org\/wp-content\/uploads\/2018\/01\/Camlock_Polypropylene_type-DP_50mm_DP200PP_.jpg","type":"image\/jpeg"}],"twitter_card":"summary_large_image","twitter_misc":{"Arvioitu lukuaika":"1 minuutti"},"schema":{"@context":"https:\/\/schema.org","@graph":[{"@type":"WebPage","@id":"https:\/\/www.camlock.org\/fi\/tuote\/tyypin-dp-polypropeenista-valmistettu-nokkakytkin-urospuolinen-liitin\/","url":"https:\/\/www.camlock.org\/fi\/tuote\/tyypin-dp-polypropeenista-valmistettu-nokkakytkin-urospuolinen-liitin\/","name":"Tyypin DP polypropeenista valmistettu nokkakytkin - urospuolinen liitin","isPartOf":{"@id":"https:\/\/www.camlock.org\/fi\/?lang=et\/#website"},"primaryImageOfPage":{"@id":"https:\/\/www.camlock.org\/fi\/tuote\/tyypin-dp-polypropeenista-valmistettu-nokkakytkin-urospuolinen-liitin\/#primaryimage"},"image":{"@id":"https:\/\/www.camlock.org\/fi\/tuote\/tyypin-dp-polypropeenista-valmistettu-nokkakytkin-urospuolinen-liitin\/#primaryimage"},"thumbnailUrl":"https:\/\/www.camlock.org\/wp-content\/uploads\/2018\/01\/Camlock_Polypropylene_type-DP_50mm_DP200PP_.jpg","datePublished":"2018-06-03T14:13:58+00:00","dateModified":"2025-05-15T12:17:35+00:00","description":"P\u00f6lytulppa - DP Polypropeenista valmistetut nokkakytkimen p\u00f6lytulpat pit\u00e4v\u00e4t vieraat esineet poissa nokkakytkimen liitososista.","breadcrumb":{"@id":"https:\/\/www.camlock.org\/fi\/tuote\/tyypin-dp-polypropeenista-valmistettu-nokkakytkin-urospuolinen-liitin\/#breadcrumb"},"inLanguage":"fi","potentialAction":[{"@type":"ReadAction","target":["https:\/\/www.camlock.org\/fi\/tuote\/tyypin-dp-polypropeenista-valmistettu-nokkakytkin-urospuolinen-liitin\/"]}]},{"@type":"ImageObject","inLanguage":"fi","@id":"https:\/\/www.camlock.org\/fi\/tuote\/tyypin-dp-polypropeenista-valmistettu-nokkakytkin-urospuolinen-liitin\/#primaryimage","url":"https:\/\/www.camlock.org\/wp-content\/uploads\/2018\/01\/Camlock_Polypropylene_type-DP_50mm_DP200PP_.jpg","contentUrl":"https:\/\/www.camlock.org\/wp-content\/uploads\/2018\/01\/Camlock_Polypropylene_type-DP_50mm_DP200PP_.jpg","width":1000,"height":1134,"caption":"Type DP Polypropylene Camlock Coupler - Male End Coupler"},{"@type":"BreadcrumbList","@id":"https:\/\/www.camlock.org\/fi\/tuote\/tyypin-dp-polypropeenista-valmistettu-nokkakytkin-urospuolinen-liitin\/#breadcrumb","itemListElement":[{"@type":"ListItem","position":1,"name":"Home","item":"https:\/\/www.camlock.org\/fi\/etusivu\/"},{"@type":"ListItem","position":2,"name":"Kauppa","item":"https:\/\/www.camlock.org\/fi\/d0-bc-d0-b0-d0-b3-d0-b0-d0-b7-d0-b8-d0-bd\/"},{"@type":"ListItem","position":3,"name":"Tyypin DP polypropeenista valmistettu nokkakytkin &#8211; urospuolinen liitin"}]},{"@type":"WebSite","@id":"https:\/\/www.camlock.org\/fi\/?lang=et\/#website","url":"https:\/\/www.camlock.org\/fi\/?lang=et\/","name":"\u041f\u0440\u043e\u0434\u0430\u0436\u0430 \u043a\u0430\u043c\u043b\u043e\u043a (Camlock) \u0441\u043e\u0435\u0434\u0438\u043d\u0435\u043d\u0438\u0439","description":"\u041f\u0440\u043e\u0434\u0430\u0436\u0430 \u043a\u0430\u043c\u043b\u043e\u043a (Camlock) \u0441\u043e\u0435\u0434\u0438\u043d\u0435\u043d\u0438\u0439","potentialAction":[{"@type":"SearchAction","target":{"@type":"EntryPoint","urlTemplate":"https:\/\/www.camlock.org\/fi\/?lang=et\/?s={search_term_string}"},"query-input":{"@type":"PropertyValueSpecification","valueRequired":true,"valueName":"search_term_string"}}],"inLanguage":"fi"}]}},"_links":{"self":[{"href":"https:\/\/www.camlock.org\/fi\/wp-json\/wp\/v2\/product\/11303","targetHints":{"allow":["GET"]}}],"collection":[{"href":"https:\/\/www.camlock.org\/fi\/wp-json\/wp\/v2\/product"}],"about":[{"href":"https:\/\/www.camlock.org\/fi\/wp-json\/wp\/v2\/types\/product"}],"wp:featuredmedia":[{"embeddable":true,"href":"https:\/\/www.camlock.org\/fi\/wp-json\/wp\/v2\/media\/10058"}],"wp:attachment":[{"href":"https:\/\/www.camlock.org\/fi\/wp-json\/wp\/v2\/media?parent=11303"}],"wp:term":[{"taxonomy":"product_brand","embeddable":true,"href":"https:\/\/www.camlock.org\/fi\/wp-json\/wp\/v2\/product_brand?post=11303"},{"taxonomy":"product_cat","embeddable":true,"href":"https:\/\/www.camlock.org\/fi\/wp-json\/wp\/v2\/product_cat?post=11303"},{"taxonomy":"product_tag","embeddable":true,"href":"https:\/\/www.camlock.org\/fi\/wp-json\/wp\/v2\/product_tag?post=11303"}],"curies":[{"name":"wp","href":"https:\/\/api.w.org\/{rel}","templated":true}]}}