{"id":11847,"date":"2018-06-03T18:09:03","date_gmt":"2018-06-03T15:09:05","guid":{"rendered":"https:\/\/www.camlock.org\/?post_type=product&#038;p=11847"},"modified":"2025-05-15T15:16:59","modified_gmt":"2025-05-15T12:16:59","slug":"tyypin-a-ruostumattomasta-ter-ksest-316-valmistettu-nokkapalttinaliitin","status":"publish","type":"product","link":"https:\/\/www.camlock.org\/fi\/tuote\/tyypin-a-ruostumattomasta-ter-ksest-316-valmistettu-nokkapalttinaliitin\/","title":{"rendered":"Tyypin A ruostumattomasta ter\u00e4ksest\u00e4 316 valmistettu nokkapalttinaliitin"},"content":{"rendered":"<p>Musta Camlock-sovitin tyyppi A &#8211; urossovitin \u00d7 BSP-naaras (my\u00f6s NPT mahdollista), k\u00e4ytet\u00e4\u00e4n usein yhdess\u00e4 D-, B-, C- ja DC-tyyppisten liittimien kanssa turvallisen letkun pikaliit\u00e4nn\u00e4n toteuttamiseksi. Ruostumattomasta ter\u00e4ksest\u00e4 valmistettu nokka- ja urakytkin parantaa ty\u00f6n tehokkuutta ja poistaa kierteiden ja laippojen monimutkaisen k\u00e4yt\u00f6n. Urosmainen urosp\u00e4\u00e4 sopii mihin tahansa samankokoiseen naarasnokkaliittimeen. Naaraspuolinen S60x6-ter\u00e4ksinen liit\u00e4nt\u00e4 1000 litran IBC-s\u00e4ili\u00f6n venttiiliin. Voidaan liitt\u00e4\u00e4 letku s\u00e4ili\u00f6\u00f6n ja vesi suoraan s\u00e4ili\u00f6st\u00e4. T\u00e4m\u00e4n varusteen voit tilata my\u00f6s Euroopan verkkokaupastamme.     <\/p>\n","protected":false},"excerpt":{"rendered":"<p>Voidaan liitt\u00e4\u00e4 letku s\u00e4ili\u00f6\u00f6n ja vesi suoraan s\u00e4ili\u00f6st\u00e4. T\u00e4m\u00e4 possition voit tilata my\u00f6s Euroopan verkkokaupastamme. <\/p>\n","protected":false},"featured_media":12810,"template":"","meta":[],"product_brand":[],"product_cat":[492],"product_tag":[493,149],"class_list":{"0":"post-11847","1":"product","2":"type-product","3":"status-publish","4":"has-post-thumbnail","6":"product_cat-ruostumattomasta-ter-ksest-valmistetut-nokkakytkimen-liitososat","7":"product_tag-ruostumaton-ter-s","8":"product_tag-type-a-fi","10":"first","11":"onbackorder","12":"taxable","13":"shipping-taxable","14":"purchasable","15":"product-type-variable"},"yoast_head":"<!-- This site is optimized with the Yoast SEO plugin v27.4 - https:\/\/yoast.com\/product\/yoast-seo-wordpress\/ -->\n<title>Tyypin A ruostumattomasta ter\u00e4ksest\u00e4 316 valmistettu nokkapalttinaliitin<\/title>\n<meta name=\"description\" content=\"Tyypin A ruostumattomasta ter\u00e4ksest\u00e4 valmistettu 316 Camlock - urossovitin \u00d7 BSP-naaras (my\u00f6s NPT mahdollista), johon usein liitet\u00e4\u00e4n tyypin D, B, C ja DC-liittimet turvallisen letkun pikaliit\u00e4nn\u00e4n t\u00e4ydent\u00e4miseksi.\" \/>\n<meta name=\"robots\" content=\"index, follow, max-snippet:-1, max-image-preview:large, max-video-preview:-1\" \/>\n<link rel=\"canonical\" href=\"https:\/\/www.camlock.org\/fi\/tuote\/tyypin-a-ruostumattomasta-ter-ksest-316-valmistettu-nokkapalttinaliitin\/\" \/>\n<meta property=\"og:locale\" content=\"fi_FI\" \/>\n<meta property=\"og:type\" content=\"article\" \/>\n<meta property=\"og:title\" content=\"Tyypin A ruostumattomasta ter\u00e4ksest\u00e4 316 valmistettu nokkapalttinaliitin\" \/>\n<meta property=\"og:description\" content=\"Tyypin A ruostumattomasta ter\u00e4ksest\u00e4 valmistettu 316 Camlock - urossovitin \u00d7 BSP-naaras (my\u00f6s NPT mahdollista), johon usein liitet\u00e4\u00e4n tyypin D, B, C ja DC-liittimet turvallisen letkun pikaliit\u00e4nn\u00e4n t\u00e4ydent\u00e4miseksi.\" \/>\n<meta property=\"og:url\" content=\"https:\/\/www.camlock.org\/fi\/tuote\/tyypin-a-ruostumattomasta-ter-ksest-316-valmistettu-nokkapalttinaliitin\/\" \/>\n<meta property=\"og:site_name\" content=\"\u041f\u0440\u043e\u0434\u0430\u0436\u0430 \u043a\u0430\u043c\u043b\u043e\u043a (Camlock) \u0441\u043e\u0435\u0434\u0438\u043d\u0435\u043d\u0438\u0439\" \/>\n<meta property=\"article:modified_time\" content=\"2025-05-15T12:16:59+00:00\" \/>\n<meta property=\"og:image\" content=\"https:\/\/www.camlock.org\/wp-content\/uploads\/2018\/06\/Camlock_SS316_type_A_50mm_D200SS.jpg\" \/>\n\t<meta property=\"og:image:width\" content=\"1000\" \/>\n\t<meta property=\"og:image:height\" content=\"1000\" \/>\n\t<meta property=\"og:image:type\" content=\"image\/jpeg\" \/>\n<meta name=\"twitter:card\" content=\"summary_large_image\" \/>\n<meta name=\"twitter:label1\" content=\"Arvioitu lukuaika\" \/>\n\t<meta name=\"twitter:data1\" content=\"1 minuutti\" \/>\n<script type=\"application\/ld+json\" class=\"yoast-schema-graph\">{\"@context\":\"https:\\\/\\\/schema.org\",\"@graph\":[{\"@type\":\"WebPage\",\"@id\":\"https:\\\/\\\/www.camlock.org\\\/fi\\\/tuote\\\/tyypin-a-ruostumattomasta-ter-ksest-316-valmistettu-nokkapalttinaliitin\\\/\",\"url\":\"https:\\\/\\\/www.camlock.org\\\/fi\\\/tuote\\\/tyypin-a-ruostumattomasta-ter-ksest-316-valmistettu-nokkapalttinaliitin\\\/\",\"name\":\"Tyypin A ruostumattomasta ter\u00e4ksest\u00e4 316 valmistettu nokkapalttinaliitin\",\"isPartOf\":{\"@id\":\"https:\\\/\\\/www.camlock.org\\\/fi\\\/?lang=et\\\/#website\"},\"primaryImageOfPage\":{\"@id\":\"https:\\\/\\\/www.camlock.org\\\/fi\\\/tuote\\\/tyypin-a-ruostumattomasta-ter-ksest-316-valmistettu-nokkapalttinaliitin\\\/#primaryimage\"},\"image\":{\"@id\":\"https:\\\/\\\/www.camlock.org\\\/fi\\\/tuote\\\/tyypin-a-ruostumattomasta-ter-ksest-316-valmistettu-nokkapalttinaliitin\\\/#primaryimage\"},\"thumbnailUrl\":\"https:\\\/\\\/www.camlock.org\\\/wp-content\\\/uploads\\\/2018\\\/06\\\/Camlock_SS316_type_A_50mm_D200SS.jpg\",\"datePublished\":\"2018-06-03T15:09:05+00:00\",\"dateModified\":\"2025-05-15T12:16:59+00:00\",\"description\":\"Tyypin A ruostumattomasta ter\u00e4ksest\u00e4 valmistettu 316 Camlock - urossovitin \u00d7 BSP-naaras (my\u00f6s NPT mahdollista), johon usein liitet\u00e4\u00e4n tyypin D, B, C ja DC-liittimet turvallisen letkun pikaliit\u00e4nn\u00e4n t\u00e4ydent\u00e4miseksi.\",\"breadcrumb\":{\"@id\":\"https:\\\/\\\/www.camlock.org\\\/fi\\\/tuote\\\/tyypin-a-ruostumattomasta-ter-ksest-316-valmistettu-nokkapalttinaliitin\\\/#breadcrumb\"},\"inLanguage\":\"fi\",\"potentialAction\":[{\"@type\":\"ReadAction\",\"target\":[\"https:\\\/\\\/www.camlock.org\\\/fi\\\/tuote\\\/tyypin-a-ruostumattomasta-ter-ksest-316-valmistettu-nokkapalttinaliitin\\\/\"]}]},{\"@type\":\"ImageObject\",\"inLanguage\":\"fi\",\"@id\":\"https:\\\/\\\/www.camlock.org\\\/fi\\\/tuote\\\/tyypin-a-ruostumattomasta-ter-ksest-316-valmistettu-nokkapalttinaliitin\\\/#primaryimage\",\"url\":\"https:\\\/\\\/www.camlock.org\\\/wp-content\\\/uploads\\\/2018\\\/06\\\/Camlock_SS316_type_A_50mm_D200SS.jpg\",\"contentUrl\":\"https:\\\/\\\/www.camlock.org\\\/wp-content\\\/uploads\\\/2018\\\/06\\\/Camlock_SS316_type_A_50mm_D200SS.jpg\",\"width\":1000,\"height\":1000},{\"@type\":\"BreadcrumbList\",\"@id\":\"https:\\\/\\\/www.camlock.org\\\/fi\\\/tuote\\\/tyypin-a-ruostumattomasta-ter-ksest-316-valmistettu-nokkapalttinaliitin\\\/#breadcrumb\",\"itemListElement\":[{\"@type\":\"ListItem\",\"position\":1,\"name\":\"Home\",\"item\":\"https:\\\/\\\/www.camlock.org\\\/fi\\\/etusivu\\\/\"},{\"@type\":\"ListItem\",\"position\":2,\"name\":\"Kauppa\",\"item\":\"https:\\\/\\\/www.camlock.org\\\/fi\\\/d0-bc-d0-b0-d0-b3-d0-b0-d0-b7-d0-b8-d0-bd\\\/\"},{\"@type\":\"ListItem\",\"position\":3,\"name\":\"Tyypin A ruostumattomasta ter\u00e4ksest\u00e4 316 valmistettu nokkapalttinaliitin\"}]},{\"@type\":\"WebSite\",\"@id\":\"https:\\\/\\\/www.camlock.org\\\/fi\\\/?lang=et\\\/#website\",\"url\":\"https:\\\/\\\/www.camlock.org\\\/fi\\\/?lang=et\\\/\",\"name\":\"\u041f\u0440\u043e\u0434\u0430\u0436\u0430 \u043a\u0430\u043c\u043b\u043e\u043a (Camlock) \u0441\u043e\u0435\u0434\u0438\u043d\u0435\u043d\u0438\u0439\",\"description\":\"\u041f\u0440\u043e\u0434\u0430\u0436\u0430 \u043a\u0430\u043c\u043b\u043e\u043a (Camlock) \u0441\u043e\u0435\u0434\u0438\u043d\u0435\u043d\u0438\u0439\",\"potentialAction\":[{\"@type\":\"SearchAction\",\"target\":{\"@type\":\"EntryPoint\",\"urlTemplate\":\"https:\\\/\\\/www.camlock.org\\\/fi\\\/?lang=et\\\/?s={search_term_string}\"},\"query-input\":{\"@type\":\"PropertyValueSpecification\",\"valueRequired\":true,\"valueName\":\"search_term_string\"}}],\"inLanguage\":\"fi\"}]}<\/script>\n<!-- \/ Yoast SEO plugin. -->","yoast_head_json":{"title":"Tyypin A ruostumattomasta ter\u00e4ksest\u00e4 316 valmistettu nokkapalttinaliitin","description":"Tyypin A ruostumattomasta ter\u00e4ksest\u00e4 valmistettu 316 Camlock - urossovitin \u00d7 BSP-naaras (my\u00f6s NPT mahdollista), johon usein liitet\u00e4\u00e4n tyypin D, B, C ja DC-liittimet turvallisen letkun pikaliit\u00e4nn\u00e4n t\u00e4ydent\u00e4miseksi.","robots":{"index":"index","follow":"follow","max-snippet":"max-snippet:-1","max-image-preview":"max-image-preview:large","max-video-preview":"max-video-preview:-1"},"canonical":"https:\/\/www.camlock.org\/fi\/tuote\/tyypin-a-ruostumattomasta-ter-ksest-316-valmistettu-nokkapalttinaliitin\/","og_locale":"fi_FI","og_type":"article","og_title":"Tyypin A ruostumattomasta ter\u00e4ksest\u00e4 316 valmistettu nokkapalttinaliitin","og_description":"Tyypin A ruostumattomasta ter\u00e4ksest\u00e4 valmistettu 316 Camlock - urossovitin \u00d7 BSP-naaras (my\u00f6s NPT mahdollista), johon usein liitet\u00e4\u00e4n tyypin D, B, C ja DC-liittimet turvallisen letkun pikaliit\u00e4nn\u00e4n t\u00e4ydent\u00e4miseksi.","og_url":"https:\/\/www.camlock.org\/fi\/tuote\/tyypin-a-ruostumattomasta-ter-ksest-316-valmistettu-nokkapalttinaliitin\/","og_site_name":"\u041f\u0440\u043e\u0434\u0430\u0436\u0430 \u043a\u0430\u043c\u043b\u043e\u043a (Camlock) \u0441\u043e\u0435\u0434\u0438\u043d\u0435\u043d\u0438\u0439","article_modified_time":"2025-05-15T12:16:59+00:00","og_image":[{"width":1000,"height":1000,"url":"https:\/\/www.camlock.org\/wp-content\/uploads\/2018\/06\/Camlock_SS316_type_A_50mm_D200SS.jpg","type":"image\/jpeg"}],"twitter_card":"summary_large_image","twitter_misc":{"Arvioitu lukuaika":"1 minuutti"},"schema":{"@context":"https:\/\/schema.org","@graph":[{"@type":"WebPage","@id":"https:\/\/www.camlock.org\/fi\/tuote\/tyypin-a-ruostumattomasta-ter-ksest-316-valmistettu-nokkapalttinaliitin\/","url":"https:\/\/www.camlock.org\/fi\/tuote\/tyypin-a-ruostumattomasta-ter-ksest-316-valmistettu-nokkapalttinaliitin\/","name":"Tyypin A ruostumattomasta ter\u00e4ksest\u00e4 316 valmistettu nokkapalttinaliitin","isPartOf":{"@id":"https:\/\/www.camlock.org\/fi\/?lang=et\/#website"},"primaryImageOfPage":{"@id":"https:\/\/www.camlock.org\/fi\/tuote\/tyypin-a-ruostumattomasta-ter-ksest-316-valmistettu-nokkapalttinaliitin\/#primaryimage"},"image":{"@id":"https:\/\/www.camlock.org\/fi\/tuote\/tyypin-a-ruostumattomasta-ter-ksest-316-valmistettu-nokkapalttinaliitin\/#primaryimage"},"thumbnailUrl":"https:\/\/www.camlock.org\/wp-content\/uploads\/2018\/06\/Camlock_SS316_type_A_50mm_D200SS.jpg","datePublished":"2018-06-03T15:09:05+00:00","dateModified":"2025-05-15T12:16:59+00:00","description":"Tyypin A ruostumattomasta ter\u00e4ksest\u00e4 valmistettu 316 Camlock - urossovitin \u00d7 BSP-naaras (my\u00f6s NPT mahdollista), johon usein liitet\u00e4\u00e4n tyypin D, B, C ja DC-liittimet turvallisen letkun pikaliit\u00e4nn\u00e4n t\u00e4ydent\u00e4miseksi.","breadcrumb":{"@id":"https:\/\/www.camlock.org\/fi\/tuote\/tyypin-a-ruostumattomasta-ter-ksest-316-valmistettu-nokkapalttinaliitin\/#breadcrumb"},"inLanguage":"fi","potentialAction":[{"@type":"ReadAction","target":["https:\/\/www.camlock.org\/fi\/tuote\/tyypin-a-ruostumattomasta-ter-ksest-316-valmistettu-nokkapalttinaliitin\/"]}]},{"@type":"ImageObject","inLanguage":"fi","@id":"https:\/\/www.camlock.org\/fi\/tuote\/tyypin-a-ruostumattomasta-ter-ksest-316-valmistettu-nokkapalttinaliitin\/#primaryimage","url":"https:\/\/www.camlock.org\/wp-content\/uploads\/2018\/06\/Camlock_SS316_type_A_50mm_D200SS.jpg","contentUrl":"https:\/\/www.camlock.org\/wp-content\/uploads\/2018\/06\/Camlock_SS316_type_A_50mm_D200SS.jpg","width":1000,"height":1000},{"@type":"BreadcrumbList","@id":"https:\/\/www.camlock.org\/fi\/tuote\/tyypin-a-ruostumattomasta-ter-ksest-316-valmistettu-nokkapalttinaliitin\/#breadcrumb","itemListElement":[{"@type":"ListItem","position":1,"name":"Home","item":"https:\/\/www.camlock.org\/fi\/etusivu\/"},{"@type":"ListItem","position":2,"name":"Kauppa","item":"https:\/\/www.camlock.org\/fi\/d0-bc-d0-b0-d0-b3-d0-b0-d0-b7-d0-b8-d0-bd\/"},{"@type":"ListItem","position":3,"name":"Tyypin A ruostumattomasta ter\u00e4ksest\u00e4 316 valmistettu nokkapalttinaliitin"}]},{"@type":"WebSite","@id":"https:\/\/www.camlock.org\/fi\/?lang=et\/#website","url":"https:\/\/www.camlock.org\/fi\/?lang=et\/","name":"\u041f\u0440\u043e\u0434\u0430\u0436\u0430 \u043a\u0430\u043c\u043b\u043e\u043a (Camlock) \u0441\u043e\u0435\u0434\u0438\u043d\u0435\u043d\u0438\u0439","description":"\u041f\u0440\u043e\u0434\u0430\u0436\u0430 \u043a\u0430\u043c\u043b\u043e\u043a (Camlock) \u0441\u043e\u0435\u0434\u0438\u043d\u0435\u043d\u0438\u0439","potentialAction":[{"@type":"SearchAction","target":{"@type":"EntryPoint","urlTemplate":"https:\/\/www.camlock.org\/fi\/?lang=et\/?s={search_term_string}"},"query-input":{"@type":"PropertyValueSpecification","valueRequired":true,"valueName":"search_term_string"}}],"inLanguage":"fi"}]}},"_links":{"self":[{"href":"https:\/\/www.camlock.org\/fi\/wp-json\/wp\/v2\/product\/11847","targetHints":{"allow":["GET"]}}],"collection":[{"href":"https:\/\/www.camlock.org\/fi\/wp-json\/wp\/v2\/product"}],"about":[{"href":"https:\/\/www.camlock.org\/fi\/wp-json\/wp\/v2\/types\/product"}],"wp:featuredmedia":[{"embeddable":true,"href":"https:\/\/www.camlock.org\/fi\/wp-json\/wp\/v2\/media\/12810"}],"wp:attachment":[{"href":"https:\/\/www.camlock.org\/fi\/wp-json\/wp\/v2\/media?parent=11847"}],"wp:term":[{"taxonomy":"product_brand","embeddable":true,"href":"https:\/\/www.camlock.org\/fi\/wp-json\/wp\/v2\/product_brand?post=11847"},{"taxonomy":"product_cat","embeddable":true,"href":"https:\/\/www.camlock.org\/fi\/wp-json\/wp\/v2\/product_cat?post=11847"},{"taxonomy":"product_tag","embeddable":true,"href":"https:\/\/www.camlock.org\/fi\/wp-json\/wp\/v2\/product_tag?post=11847"}],"curies":[{"name":"wp","href":"https:\/\/api.w.org\/{rel}","templated":true}]}}