{"id":14359,"date":"2019-12-21T20:25:50","date_gmt":"2019-12-21T17:26:02","guid":{"rendered":"https:\/\/www.camlock.org\/?post_type=product&#038;p=14359"},"modified":"2025-05-15T15:10:15","modified_gmt":"2025-05-15T12:10:15","slug":"a-tyypin-alumiininen-nokkakytkin","status":"publish","type":"product","link":"https:\/\/www.camlock.org\/fi\/tuote\/a-tyypin-alumiininen-nokkakytkin\/","title":{"rendered":"A-tyypin alumiininen nokkakytkin"},"content":{"rendered":"<p>Alumiininen nokka- ja urakytkin parantaa ty\u00f6tehoa ja poistaa monimutkaiset kierteiden ja laippojen toiminnot. Urosmainen urosp\u00e4\u00e4 sopii mihin tahansa samankokoiseen naarasnokkakappaleeseen.  Alumiiniset nokkakytkimet kest\u00e4v\u00e4t hyvin korroosiota kemiallisten j\u00e4\u00e4hdytysnesteiden, polttoaineiden, veden, lakan ja joskus my\u00f6s kiinteiden materiaalien, kuten lietteiden ja jauheiden, kanssa.<\/p>\n","protected":false},"excerpt":{"rendered":"<p>Alumiinista Camlock-sovitinta tyyppi A &#8211; uros sovitin \u00d7 BSP-naaras k\u00e4ytet\u00e4\u00e4n tavallisesti D-tyypin liittimien kanssa, kun taas B- ja C-tyypin liittimi\u00e4 sek\u00e4 samankokoisia p\u00f6lykapseleita (tyyppi DC) on saatavana.<\/p>\n","protected":false},"featured_media":14629,"template":"","meta":[],"product_brand":[],"product_cat":[464],"product_tag":[463,149],"class_list":{"0":"post-14359","1":"product","2":"type-product","3":"status-publish","4":"has-post-thumbnail","6":"product_cat-alumiiniset-nokkakytkimen-liitososat","7":"product_tag-alumiini","8":"product_tag-type-a-fi","10":"first","11":"instock","12":"taxable","13":"shipping-taxable","14":"purchasable","15":"product-type-variable"},"yoast_head":"<!-- This site is optimized with the Yoast SEO plugin v27.4 - https:\/\/yoast.com\/product\/yoast-seo-wordpress\/ -->\n<title>A-tyypin alumiininen nokkakytkin - \u041f\u0440\u043e\u0434\u0430\u0436\u0430 \u043a\u0430\u043c\u043b\u043e\u043a (Camlock) \u0441\u043e\u0435\u0434\u0438\u043d\u0435\u043d\u0438\u0439<\/title>\n<meta name=\"description\" content=\"Alumiininen nokka- ja urakytkin parantaa ty\u00f6tehoa ja poistaa monimutkaiset kierteiden ja laippojen toiminnot. Urosmainen urosp\u00e4\u00e4 sopii mihin tahansa samankokoiseen naarasnokkakappaleeseen.\" \/>\n<meta name=\"robots\" content=\"index, follow, max-snippet:-1, max-image-preview:large, max-video-preview:-1\" \/>\n<link rel=\"canonical\" href=\"https:\/\/www.camlock.org\/fi\/tuote\/a-tyypin-alumiininen-nokkakytkin\/\" \/>\n<meta property=\"og:locale\" content=\"fi_FI\" \/>\n<meta property=\"og:type\" content=\"article\" \/>\n<meta property=\"og:title\" content=\"A-tyypin alumiininen nokkakytkin - \u041f\u0440\u043e\u0434\u0430\u0436\u0430 \u043a\u0430\u043c\u043b\u043e\u043a (Camlock) \u0441\u043e\u0435\u0434\u0438\u043d\u0435\u043d\u0438\u0439\" \/>\n<meta property=\"og:description\" content=\"Alumiininen nokka- ja urakytkin parantaa ty\u00f6tehoa ja poistaa monimutkaiset kierteiden ja laippojen toiminnot. Urosmainen urosp\u00e4\u00e4 sopii mihin tahansa samankokoiseen naarasnokkakappaleeseen.\" \/>\n<meta property=\"og:url\" content=\"https:\/\/www.camlock.org\/fi\/tuote\/a-tyypin-alumiininen-nokkakytkin\/\" \/>\n<meta property=\"og:site_name\" content=\"\u041f\u0440\u043e\u0434\u0430\u0436\u0430 \u043a\u0430\u043c\u043b\u043e\u043a (Camlock) \u0441\u043e\u0435\u0434\u0438\u043d\u0435\u043d\u0438\u0439\" \/>\n<meta property=\"article:modified_time\" content=\"2025-05-15T12:10:15+00:00\" \/>\n<meta property=\"og:image\" content=\"https:\/\/www.camlock.org\/wp-content\/uploads\/2019\/12\/Camlock_Aluminium_type_A_50mm_D200AL.jpg\" \/>\n\t<meta property=\"og:image:width\" content=\"1000\" \/>\n\t<meta property=\"og:image:height\" content=\"1000\" \/>\n\t<meta property=\"og:image:type\" content=\"image\/jpeg\" \/>\n<meta name=\"twitter:card\" content=\"summary_large_image\" \/>\n<meta name=\"twitter:label1\" content=\"Arvioitu lukuaika\" \/>\n\t<meta name=\"twitter:data1\" content=\"1 minuutti\" \/>\n<script type=\"application\/ld+json\" class=\"yoast-schema-graph\">{\"@context\":\"https:\\\/\\\/schema.org\",\"@graph\":[{\"@type\":\"WebPage\",\"@id\":\"https:\\\/\\\/www.camlock.org\\\/fi\\\/tuote\\\/a-tyypin-alumiininen-nokkakytkin\\\/\",\"url\":\"https:\\\/\\\/www.camlock.org\\\/fi\\\/tuote\\\/a-tyypin-alumiininen-nokkakytkin\\\/\",\"name\":\"A-tyypin alumiininen nokkakytkin - \u041f\u0440\u043e\u0434\u0430\u0436\u0430 \u043a\u0430\u043c\u043b\u043e\u043a (Camlock) \u0441\u043e\u0435\u0434\u0438\u043d\u0435\u043d\u0438\u0439\",\"isPartOf\":{\"@id\":\"https:\\\/\\\/www.camlock.org\\\/fi\\\/?lang=et\\\/#website\"},\"primaryImageOfPage\":{\"@id\":\"https:\\\/\\\/www.camlock.org\\\/fi\\\/tuote\\\/a-tyypin-alumiininen-nokkakytkin\\\/#primaryimage\"},\"image\":{\"@id\":\"https:\\\/\\\/www.camlock.org\\\/fi\\\/tuote\\\/a-tyypin-alumiininen-nokkakytkin\\\/#primaryimage\"},\"thumbnailUrl\":\"https:\\\/\\\/www.camlock.org\\\/wp-content\\\/uploads\\\/2019\\\/12\\\/Camlock_Aluminium_type_A_50mm_D200AL.jpg\",\"datePublished\":\"2019-12-21T17:26:02+00:00\",\"dateModified\":\"2025-05-15T12:10:15+00:00\",\"description\":\"Alumiininen nokka- ja urakytkin parantaa ty\u00f6tehoa ja poistaa monimutkaiset kierteiden ja laippojen toiminnot. Urosmainen urosp\u00e4\u00e4 sopii mihin tahansa samankokoiseen naarasnokkakappaleeseen.\",\"breadcrumb\":{\"@id\":\"https:\\\/\\\/www.camlock.org\\\/fi\\\/tuote\\\/a-tyypin-alumiininen-nokkakytkin\\\/#breadcrumb\"},\"inLanguage\":\"fi\",\"potentialAction\":[{\"@type\":\"ReadAction\",\"target\":[\"https:\\\/\\\/www.camlock.org\\\/fi\\\/tuote\\\/a-tyypin-alumiininen-nokkakytkin\\\/\"]}]},{\"@type\":\"ImageObject\",\"inLanguage\":\"fi\",\"@id\":\"https:\\\/\\\/www.camlock.org\\\/fi\\\/tuote\\\/a-tyypin-alumiininen-nokkakytkin\\\/#primaryimage\",\"url\":\"https:\\\/\\\/www.camlock.org\\\/wp-content\\\/uploads\\\/2019\\\/12\\\/Camlock_Aluminium_type_A_50mm_D200AL.jpg\",\"contentUrl\":\"https:\\\/\\\/www.camlock.org\\\/wp-content\\\/uploads\\\/2019\\\/12\\\/Camlock_Aluminium_type_A_50mm_D200AL.jpg\",\"width\":1000,\"height\":1000,\"caption\":\"Type A Aluminium Camlock Coupler\"},{\"@type\":\"BreadcrumbList\",\"@id\":\"https:\\\/\\\/www.camlock.org\\\/fi\\\/tuote\\\/a-tyypin-alumiininen-nokkakytkin\\\/#breadcrumb\",\"itemListElement\":[{\"@type\":\"ListItem\",\"position\":1,\"name\":\"Home\",\"item\":\"https:\\\/\\\/www.camlock.org\\\/fi\\\/etusivu\\\/\"},{\"@type\":\"ListItem\",\"position\":2,\"name\":\"Kauppa\",\"item\":\"https:\\\/\\\/www.camlock.org\\\/fi\\\/d0-bc-d0-b0-d0-b3-d0-b0-d0-b7-d0-b8-d0-bd\\\/\"},{\"@type\":\"ListItem\",\"position\":3,\"name\":\"A-tyypin alumiininen nokkakytkin\"}]},{\"@type\":\"WebSite\",\"@id\":\"https:\\\/\\\/www.camlock.org\\\/fi\\\/?lang=et\\\/#website\",\"url\":\"https:\\\/\\\/www.camlock.org\\\/fi\\\/?lang=et\\\/\",\"name\":\"\u041f\u0440\u043e\u0434\u0430\u0436\u0430 \u043a\u0430\u043c\u043b\u043e\u043a (Camlock) \u0441\u043e\u0435\u0434\u0438\u043d\u0435\u043d\u0438\u0439\",\"description\":\"\u041f\u0440\u043e\u0434\u0430\u0436\u0430 \u043a\u0430\u043c\u043b\u043e\u043a (Camlock) \u0441\u043e\u0435\u0434\u0438\u043d\u0435\u043d\u0438\u0439\",\"potentialAction\":[{\"@type\":\"SearchAction\",\"target\":{\"@type\":\"EntryPoint\",\"urlTemplate\":\"https:\\\/\\\/www.camlock.org\\\/fi\\\/?lang=et\\\/?s={search_term_string}\"},\"query-input\":{\"@type\":\"PropertyValueSpecification\",\"valueRequired\":true,\"valueName\":\"search_term_string\"}}],\"inLanguage\":\"fi\"}]}<\/script>\n<!-- \/ Yoast SEO plugin. -->","yoast_head_json":{"title":"A-tyypin alumiininen nokkakytkin - \u041f\u0440\u043e\u0434\u0430\u0436\u0430 \u043a\u0430\u043c\u043b\u043e\u043a (Camlock) \u0441\u043e\u0435\u0434\u0438\u043d\u0435\u043d\u0438\u0439","description":"Alumiininen nokka- ja urakytkin parantaa ty\u00f6tehoa ja poistaa monimutkaiset kierteiden ja laippojen toiminnot. Urosmainen urosp\u00e4\u00e4 sopii mihin tahansa samankokoiseen naarasnokkakappaleeseen.","robots":{"index":"index","follow":"follow","max-snippet":"max-snippet:-1","max-image-preview":"max-image-preview:large","max-video-preview":"max-video-preview:-1"},"canonical":"https:\/\/www.camlock.org\/fi\/tuote\/a-tyypin-alumiininen-nokkakytkin\/","og_locale":"fi_FI","og_type":"article","og_title":"A-tyypin alumiininen nokkakytkin - \u041f\u0440\u043e\u0434\u0430\u0436\u0430 \u043a\u0430\u043c\u043b\u043e\u043a (Camlock) \u0441\u043e\u0435\u0434\u0438\u043d\u0435\u043d\u0438\u0439","og_description":"Alumiininen nokka- ja urakytkin parantaa ty\u00f6tehoa ja poistaa monimutkaiset kierteiden ja laippojen toiminnot. Urosmainen urosp\u00e4\u00e4 sopii mihin tahansa samankokoiseen naarasnokkakappaleeseen.","og_url":"https:\/\/www.camlock.org\/fi\/tuote\/a-tyypin-alumiininen-nokkakytkin\/","og_site_name":"\u041f\u0440\u043e\u0434\u0430\u0436\u0430 \u043a\u0430\u043c\u043b\u043e\u043a (Camlock) \u0441\u043e\u0435\u0434\u0438\u043d\u0435\u043d\u0438\u0439","article_modified_time":"2025-05-15T12:10:15+00:00","og_image":[{"width":1000,"height":1000,"url":"https:\/\/www.camlock.org\/wp-content\/uploads\/2019\/12\/Camlock_Aluminium_type_A_50mm_D200AL.jpg","type":"image\/jpeg"}],"twitter_card":"summary_large_image","twitter_misc":{"Arvioitu lukuaika":"1 minuutti"},"schema":{"@context":"https:\/\/schema.org","@graph":[{"@type":"WebPage","@id":"https:\/\/www.camlock.org\/fi\/tuote\/a-tyypin-alumiininen-nokkakytkin\/","url":"https:\/\/www.camlock.org\/fi\/tuote\/a-tyypin-alumiininen-nokkakytkin\/","name":"A-tyypin alumiininen nokkakytkin - \u041f\u0440\u043e\u0434\u0430\u0436\u0430 \u043a\u0430\u043c\u043b\u043e\u043a (Camlock) \u0441\u043e\u0435\u0434\u0438\u043d\u0435\u043d\u0438\u0439","isPartOf":{"@id":"https:\/\/www.camlock.org\/fi\/?lang=et\/#website"},"primaryImageOfPage":{"@id":"https:\/\/www.camlock.org\/fi\/tuote\/a-tyypin-alumiininen-nokkakytkin\/#primaryimage"},"image":{"@id":"https:\/\/www.camlock.org\/fi\/tuote\/a-tyypin-alumiininen-nokkakytkin\/#primaryimage"},"thumbnailUrl":"https:\/\/www.camlock.org\/wp-content\/uploads\/2019\/12\/Camlock_Aluminium_type_A_50mm_D200AL.jpg","datePublished":"2019-12-21T17:26:02+00:00","dateModified":"2025-05-15T12:10:15+00:00","description":"Alumiininen nokka- ja urakytkin parantaa ty\u00f6tehoa ja poistaa monimutkaiset kierteiden ja laippojen toiminnot. Urosmainen urosp\u00e4\u00e4 sopii mihin tahansa samankokoiseen naarasnokkakappaleeseen.","breadcrumb":{"@id":"https:\/\/www.camlock.org\/fi\/tuote\/a-tyypin-alumiininen-nokkakytkin\/#breadcrumb"},"inLanguage":"fi","potentialAction":[{"@type":"ReadAction","target":["https:\/\/www.camlock.org\/fi\/tuote\/a-tyypin-alumiininen-nokkakytkin\/"]}]},{"@type":"ImageObject","inLanguage":"fi","@id":"https:\/\/www.camlock.org\/fi\/tuote\/a-tyypin-alumiininen-nokkakytkin\/#primaryimage","url":"https:\/\/www.camlock.org\/wp-content\/uploads\/2019\/12\/Camlock_Aluminium_type_A_50mm_D200AL.jpg","contentUrl":"https:\/\/www.camlock.org\/wp-content\/uploads\/2019\/12\/Camlock_Aluminium_type_A_50mm_D200AL.jpg","width":1000,"height":1000,"caption":"Type A Aluminium Camlock Coupler"},{"@type":"BreadcrumbList","@id":"https:\/\/www.camlock.org\/fi\/tuote\/a-tyypin-alumiininen-nokkakytkin\/#breadcrumb","itemListElement":[{"@type":"ListItem","position":1,"name":"Home","item":"https:\/\/www.camlock.org\/fi\/etusivu\/"},{"@type":"ListItem","position":2,"name":"Kauppa","item":"https:\/\/www.camlock.org\/fi\/d0-bc-d0-b0-d0-b3-d0-b0-d0-b7-d0-b8-d0-bd\/"},{"@type":"ListItem","position":3,"name":"A-tyypin alumiininen nokkakytkin"}]},{"@type":"WebSite","@id":"https:\/\/www.camlock.org\/fi\/?lang=et\/#website","url":"https:\/\/www.camlock.org\/fi\/?lang=et\/","name":"\u041f\u0440\u043e\u0434\u0430\u0436\u0430 \u043a\u0430\u043c\u043b\u043e\u043a (Camlock) \u0441\u043e\u0435\u0434\u0438\u043d\u0435\u043d\u0438\u0439","description":"\u041f\u0440\u043e\u0434\u0430\u0436\u0430 \u043a\u0430\u043c\u043b\u043e\u043a (Camlock) \u0441\u043e\u0435\u0434\u0438\u043d\u0435\u043d\u0438\u0439","potentialAction":[{"@type":"SearchAction","target":{"@type":"EntryPoint","urlTemplate":"https:\/\/www.camlock.org\/fi\/?lang=et\/?s={search_term_string}"},"query-input":{"@type":"PropertyValueSpecification","valueRequired":true,"valueName":"search_term_string"}}],"inLanguage":"fi"}]}},"_links":{"self":[{"href":"https:\/\/www.camlock.org\/fi\/wp-json\/wp\/v2\/product\/14359","targetHints":{"allow":["GET"]}}],"collection":[{"href":"https:\/\/www.camlock.org\/fi\/wp-json\/wp\/v2\/product"}],"about":[{"href":"https:\/\/www.camlock.org\/fi\/wp-json\/wp\/v2\/types\/product"}],"wp:featuredmedia":[{"embeddable":true,"href":"https:\/\/www.camlock.org\/fi\/wp-json\/wp\/v2\/media\/14629"}],"wp:attachment":[{"href":"https:\/\/www.camlock.org\/fi\/wp-json\/wp\/v2\/media?parent=14359"}],"wp:term":[{"taxonomy":"product_brand","embeddable":true,"href":"https:\/\/www.camlock.org\/fi\/wp-json\/wp\/v2\/product_brand?post=14359"},{"taxonomy":"product_cat","embeddable":true,"href":"https:\/\/www.camlock.org\/fi\/wp-json\/wp\/v2\/product_cat?post=14359"},{"taxonomy":"product_tag","embeddable":true,"href":"https:\/\/www.camlock.org\/fi\/wp-json\/wp\/v2\/product_tag?post=14359"}],"curies":[{"name":"wp","href":"https:\/\/api.w.org\/{rel}","templated":true}]}}