{"id":14708,"date":"2019-12-22T11:15:03","date_gmt":"2019-12-22T08:15:16","guid":{"rendered":"https:\/\/www.camlock.org\/?post_type=product&#038;p=14708"},"modified":"2025-05-15T15:09:53","modified_gmt":"2025-05-15T12:09:53","slug":"b-tyypin-alumiininen-nokkakierteinen-urosliitin","status":"publish","type":"product","link":"https:\/\/www.camlock.org\/fi\/tuote\/b-tyypin-alumiininen-nokkakierteinen-urosliitin\/","title":{"rendered":"B-tyypin alumiininen nokkakierteinen urosliitin"},"content":{"rendered":"<p>B-tyypin alumiininen Camlock-sovitin on naarasliitin yhdest\u00e4 koosta ja BSP-uroskierre toisesta koosta. B-tyypin nokkapaloissa on naarasnokkap\u00e4\u00e4ty ja samankokoinen BSP-ulkokierre. Naarasnokkap\u00e4\u00e4 sopii mihin tahansa samankokoiseen urosnokkap\u00e4\u00e4tyyn.  <\/p>\n","protected":false},"excerpt":{"rendered":"<p>B-tyypin alumiinista nokkakytkint\u00e4 k\u00e4ytet\u00e4\u00e4n yleens\u00e4 F-tyypin sovittimen kanssa, joskus my\u00f6s samankokoisten A- ja E-tyyppisten ja DP-tyyppisten (p\u00f6lypistoke) sovittimien kanssa.<\/p>\n","protected":false},"featured_media":14967,"template":"","meta":[],"product_brand":[],"product_cat":[464],"product_tag":[463,240],"class_list":{"0":"post-14708","1":"product","2":"type-product","3":"status-publish","4":"has-post-thumbnail","6":"product_cat-alumiiniset-nokkakytkimen-liitososat","7":"product_tag-alumiini","8":"product_tag-type-b-fi","10":"first","11":"instock","12":"taxable","13":"shipping-taxable","14":"purchasable","15":"product-type-variable"},"yoast_head":"<!-- This site is optimized with the Yoast SEO plugin v27.4 - https:\/\/yoast.com\/product\/yoast-seo-wordpress\/ -->\n<title>B-tyypin alumiininen nokkakierteinen urosliitin -<\/title>\n<meta name=\"description\" content=\"B-tyypin alumiiniset nokka- ja uraliittimet tekev\u00e4t letkun kytkenn\u00e4st\u00e4\/irrotuksesta helppoa ja eliminoivat monimutkaisen kierteiden ja laippojen k\u00e4yt\u00f6n. Asetat vain urossovittimen naarasliittimeen, kunnes tiiviste koskettaa sit\u00e4.\" \/>\n<meta name=\"robots\" content=\"index, follow, max-snippet:-1, max-image-preview:large, max-video-preview:-1\" \/>\n<link rel=\"canonical\" href=\"https:\/\/www.camlock.org\/fi\/tuote\/b-tyypin-alumiininen-nokkakierteinen-urosliitin\/\" \/>\n<meta property=\"og:locale\" content=\"fi_FI\" \/>\n<meta property=\"og:type\" content=\"article\" \/>\n<meta property=\"og:title\" content=\"B-tyypin alumiininen nokkakierteinen urosliitin -\" \/>\n<meta property=\"og:description\" content=\"B-tyypin alumiiniset nokka- ja uraliittimet tekev\u00e4t letkun kytkenn\u00e4st\u00e4\/irrotuksesta helppoa ja eliminoivat monimutkaisen kierteiden ja laippojen k\u00e4yt\u00f6n. Asetat vain urossovittimen naarasliittimeen, kunnes tiiviste koskettaa sit\u00e4.\" \/>\n<meta property=\"og:url\" content=\"https:\/\/www.camlock.org\/fi\/tuote\/b-tyypin-alumiininen-nokkakierteinen-urosliitin\/\" \/>\n<meta property=\"og:site_name\" content=\"\u041f\u0440\u043e\u0434\u0430\u0436\u0430 \u043a\u0430\u043c\u043b\u043e\u043a (Camlock) \u0441\u043e\u0435\u0434\u0438\u043d\u0435\u043d\u0438\u0439\" \/>\n<meta property=\"article:modified_time\" content=\"2025-05-15T12:09:53+00:00\" \/>\n<meta property=\"og:image\" content=\"https:\/\/www.camlock.org\/wp-content\/uploads\/2019\/12\/Camlock_Aluminium_type_B_50mm_D200AL.jpg\" \/>\n\t<meta property=\"og:image:width\" content=\"1000\" \/>\n\t<meta property=\"og:image:height\" content=\"1000\" \/>\n\t<meta property=\"og:image:type\" content=\"image\/jpeg\" \/>\n<meta name=\"twitter:card\" content=\"summary_large_image\" \/>\n<meta name=\"twitter:label1\" content=\"Arvioitu lukuaika\" \/>\n\t<meta name=\"twitter:data1\" content=\"1 minuutti\" \/>\n<script type=\"application\/ld+json\" class=\"yoast-schema-graph\">{\"@context\":\"https:\\\/\\\/schema.org\",\"@graph\":[{\"@type\":\"WebPage\",\"@id\":\"https:\\\/\\\/www.camlock.org\\\/fi\\\/tuote\\\/b-tyypin-alumiininen-nokkakierteinen-urosliitin\\\/\",\"url\":\"https:\\\/\\\/www.camlock.org\\\/fi\\\/tuote\\\/b-tyypin-alumiininen-nokkakierteinen-urosliitin\\\/\",\"name\":\"B-tyypin alumiininen nokkakierteinen urosliitin -\",\"isPartOf\":{\"@id\":\"https:\\\/\\\/www.camlock.org\\\/fi\\\/?lang=et\\\/#website\"},\"primaryImageOfPage\":{\"@id\":\"https:\\\/\\\/www.camlock.org\\\/fi\\\/tuote\\\/b-tyypin-alumiininen-nokkakierteinen-urosliitin\\\/#primaryimage\"},\"image\":{\"@id\":\"https:\\\/\\\/www.camlock.org\\\/fi\\\/tuote\\\/b-tyypin-alumiininen-nokkakierteinen-urosliitin\\\/#primaryimage\"},\"thumbnailUrl\":\"https:\\\/\\\/www.camlock.org\\\/wp-content\\\/uploads\\\/2019\\\/12\\\/Camlock_Aluminium_type_B_50mm_D200AL.jpg\",\"datePublished\":\"2019-12-22T08:15:16+00:00\",\"dateModified\":\"2025-05-15T12:09:53+00:00\",\"description\":\"B-tyypin alumiiniset nokka- ja uraliittimet tekev\u00e4t letkun kytkenn\u00e4st\u00e4\\\/irrotuksesta helppoa ja eliminoivat monimutkaisen kierteiden ja laippojen k\u00e4yt\u00f6n. Asetat vain urossovittimen naarasliittimeen, kunnes tiiviste koskettaa sit\u00e4.\",\"breadcrumb\":{\"@id\":\"https:\\\/\\\/www.camlock.org\\\/fi\\\/tuote\\\/b-tyypin-alumiininen-nokkakierteinen-urosliitin\\\/#breadcrumb\"},\"inLanguage\":\"fi\",\"potentialAction\":[{\"@type\":\"ReadAction\",\"target\":[\"https:\\\/\\\/www.camlock.org\\\/fi\\\/tuote\\\/b-tyypin-alumiininen-nokkakierteinen-urosliitin\\\/\"]}]},{\"@type\":\"ImageObject\",\"inLanguage\":\"fi\",\"@id\":\"https:\\\/\\\/www.camlock.org\\\/fi\\\/tuote\\\/b-tyypin-alumiininen-nokkakierteinen-urosliitin\\\/#primaryimage\",\"url\":\"https:\\\/\\\/www.camlock.org\\\/wp-content\\\/uploads\\\/2019\\\/12\\\/Camlock_Aluminium_type_B_50mm_D200AL.jpg\",\"contentUrl\":\"https:\\\/\\\/www.camlock.org\\\/wp-content\\\/uploads\\\/2019\\\/12\\\/Camlock_Aluminium_type_B_50mm_D200AL.jpg\",\"width\":1000,\"height\":1000,\"caption\":\"Type B Aluminium Camlock Male Threaded Coupler\"},{\"@type\":\"BreadcrumbList\",\"@id\":\"https:\\\/\\\/www.camlock.org\\\/fi\\\/tuote\\\/b-tyypin-alumiininen-nokkakierteinen-urosliitin\\\/#breadcrumb\",\"itemListElement\":[{\"@type\":\"ListItem\",\"position\":1,\"name\":\"Home\",\"item\":\"https:\\\/\\\/www.camlock.org\\\/fi\\\/etusivu\\\/\"},{\"@type\":\"ListItem\",\"position\":2,\"name\":\"Kauppa\",\"item\":\"https:\\\/\\\/www.camlock.org\\\/fi\\\/d0-bc-d0-b0-d0-b3-d0-b0-d0-b7-d0-b8-d0-bd\\\/\"},{\"@type\":\"ListItem\",\"position\":3,\"name\":\"B-tyypin alumiininen nokkakierteinen urosliitin\"}]},{\"@type\":\"WebSite\",\"@id\":\"https:\\\/\\\/www.camlock.org\\\/fi\\\/?lang=et\\\/#website\",\"url\":\"https:\\\/\\\/www.camlock.org\\\/fi\\\/?lang=et\\\/\",\"name\":\"\u041f\u0440\u043e\u0434\u0430\u0436\u0430 \u043a\u0430\u043c\u043b\u043e\u043a (Camlock) \u0441\u043e\u0435\u0434\u0438\u043d\u0435\u043d\u0438\u0439\",\"description\":\"\u041f\u0440\u043e\u0434\u0430\u0436\u0430 \u043a\u0430\u043c\u043b\u043e\u043a (Camlock) \u0441\u043e\u0435\u0434\u0438\u043d\u0435\u043d\u0438\u0439\",\"potentialAction\":[{\"@type\":\"SearchAction\",\"target\":{\"@type\":\"EntryPoint\",\"urlTemplate\":\"https:\\\/\\\/www.camlock.org\\\/fi\\\/?lang=et\\\/?s={search_term_string}\"},\"query-input\":{\"@type\":\"PropertyValueSpecification\",\"valueRequired\":true,\"valueName\":\"search_term_string\"}}],\"inLanguage\":\"fi\"}]}<\/script>\n<!-- \/ Yoast SEO plugin. -->","yoast_head_json":{"title":"B-tyypin alumiininen nokkakierteinen urosliitin -","description":"B-tyypin alumiiniset nokka- ja uraliittimet tekev\u00e4t letkun kytkenn\u00e4st\u00e4\/irrotuksesta helppoa ja eliminoivat monimutkaisen kierteiden ja laippojen k\u00e4yt\u00f6n. Asetat vain urossovittimen naarasliittimeen, kunnes tiiviste koskettaa sit\u00e4.","robots":{"index":"index","follow":"follow","max-snippet":"max-snippet:-1","max-image-preview":"max-image-preview:large","max-video-preview":"max-video-preview:-1"},"canonical":"https:\/\/www.camlock.org\/fi\/tuote\/b-tyypin-alumiininen-nokkakierteinen-urosliitin\/","og_locale":"fi_FI","og_type":"article","og_title":"B-tyypin alumiininen nokkakierteinen urosliitin -","og_description":"B-tyypin alumiiniset nokka- ja uraliittimet tekev\u00e4t letkun kytkenn\u00e4st\u00e4\/irrotuksesta helppoa ja eliminoivat monimutkaisen kierteiden ja laippojen k\u00e4yt\u00f6n. Asetat vain urossovittimen naarasliittimeen, kunnes tiiviste koskettaa sit\u00e4.","og_url":"https:\/\/www.camlock.org\/fi\/tuote\/b-tyypin-alumiininen-nokkakierteinen-urosliitin\/","og_site_name":"\u041f\u0440\u043e\u0434\u0430\u0436\u0430 \u043a\u0430\u043c\u043b\u043e\u043a (Camlock) \u0441\u043e\u0435\u0434\u0438\u043d\u0435\u043d\u0438\u0439","article_modified_time":"2025-05-15T12:09:53+00:00","og_image":[{"width":1000,"height":1000,"url":"https:\/\/www.camlock.org\/wp-content\/uploads\/2019\/12\/Camlock_Aluminium_type_B_50mm_D200AL.jpg","type":"image\/jpeg"}],"twitter_card":"summary_large_image","twitter_misc":{"Arvioitu lukuaika":"1 minuutti"},"schema":{"@context":"https:\/\/schema.org","@graph":[{"@type":"WebPage","@id":"https:\/\/www.camlock.org\/fi\/tuote\/b-tyypin-alumiininen-nokkakierteinen-urosliitin\/","url":"https:\/\/www.camlock.org\/fi\/tuote\/b-tyypin-alumiininen-nokkakierteinen-urosliitin\/","name":"B-tyypin alumiininen nokkakierteinen urosliitin -","isPartOf":{"@id":"https:\/\/www.camlock.org\/fi\/?lang=et\/#website"},"primaryImageOfPage":{"@id":"https:\/\/www.camlock.org\/fi\/tuote\/b-tyypin-alumiininen-nokkakierteinen-urosliitin\/#primaryimage"},"image":{"@id":"https:\/\/www.camlock.org\/fi\/tuote\/b-tyypin-alumiininen-nokkakierteinen-urosliitin\/#primaryimage"},"thumbnailUrl":"https:\/\/www.camlock.org\/wp-content\/uploads\/2019\/12\/Camlock_Aluminium_type_B_50mm_D200AL.jpg","datePublished":"2019-12-22T08:15:16+00:00","dateModified":"2025-05-15T12:09:53+00:00","description":"B-tyypin alumiiniset nokka- ja uraliittimet tekev\u00e4t letkun kytkenn\u00e4st\u00e4\/irrotuksesta helppoa ja eliminoivat monimutkaisen kierteiden ja laippojen k\u00e4yt\u00f6n. Asetat vain urossovittimen naarasliittimeen, kunnes tiiviste koskettaa sit\u00e4.","breadcrumb":{"@id":"https:\/\/www.camlock.org\/fi\/tuote\/b-tyypin-alumiininen-nokkakierteinen-urosliitin\/#breadcrumb"},"inLanguage":"fi","potentialAction":[{"@type":"ReadAction","target":["https:\/\/www.camlock.org\/fi\/tuote\/b-tyypin-alumiininen-nokkakierteinen-urosliitin\/"]}]},{"@type":"ImageObject","inLanguage":"fi","@id":"https:\/\/www.camlock.org\/fi\/tuote\/b-tyypin-alumiininen-nokkakierteinen-urosliitin\/#primaryimage","url":"https:\/\/www.camlock.org\/wp-content\/uploads\/2019\/12\/Camlock_Aluminium_type_B_50mm_D200AL.jpg","contentUrl":"https:\/\/www.camlock.org\/wp-content\/uploads\/2019\/12\/Camlock_Aluminium_type_B_50mm_D200AL.jpg","width":1000,"height":1000,"caption":"Type B Aluminium Camlock Male Threaded Coupler"},{"@type":"BreadcrumbList","@id":"https:\/\/www.camlock.org\/fi\/tuote\/b-tyypin-alumiininen-nokkakierteinen-urosliitin\/#breadcrumb","itemListElement":[{"@type":"ListItem","position":1,"name":"Home","item":"https:\/\/www.camlock.org\/fi\/etusivu\/"},{"@type":"ListItem","position":2,"name":"Kauppa","item":"https:\/\/www.camlock.org\/fi\/d0-bc-d0-b0-d0-b3-d0-b0-d0-b7-d0-b8-d0-bd\/"},{"@type":"ListItem","position":3,"name":"B-tyypin alumiininen nokkakierteinen urosliitin"}]},{"@type":"WebSite","@id":"https:\/\/www.camlock.org\/fi\/?lang=et\/#website","url":"https:\/\/www.camlock.org\/fi\/?lang=et\/","name":"\u041f\u0440\u043e\u0434\u0430\u0436\u0430 \u043a\u0430\u043c\u043b\u043e\u043a (Camlock) \u0441\u043e\u0435\u0434\u0438\u043d\u0435\u043d\u0438\u0439","description":"\u041f\u0440\u043e\u0434\u0430\u0436\u0430 \u043a\u0430\u043c\u043b\u043e\u043a (Camlock) \u0441\u043e\u0435\u0434\u0438\u043d\u0435\u043d\u0438\u0439","potentialAction":[{"@type":"SearchAction","target":{"@type":"EntryPoint","urlTemplate":"https:\/\/www.camlock.org\/fi\/?lang=et\/?s={search_term_string}"},"query-input":{"@type":"PropertyValueSpecification","valueRequired":true,"valueName":"search_term_string"}}],"inLanguage":"fi"}]}},"_links":{"self":[{"href":"https:\/\/www.camlock.org\/fi\/wp-json\/wp\/v2\/product\/14708","targetHints":{"allow":["GET"]}}],"collection":[{"href":"https:\/\/www.camlock.org\/fi\/wp-json\/wp\/v2\/product"}],"about":[{"href":"https:\/\/www.camlock.org\/fi\/wp-json\/wp\/v2\/types\/product"}],"wp:featuredmedia":[{"embeddable":true,"href":"https:\/\/www.camlock.org\/fi\/wp-json\/wp\/v2\/media\/14967"}],"wp:attachment":[{"href":"https:\/\/www.camlock.org\/fi\/wp-json\/wp\/v2\/media?parent=14708"}],"wp:term":[{"taxonomy":"product_brand","embeddable":true,"href":"https:\/\/www.camlock.org\/fi\/wp-json\/wp\/v2\/product_brand?post=14708"},{"taxonomy":"product_cat","embeddable":true,"href":"https:\/\/www.camlock.org\/fi\/wp-json\/wp\/v2\/product_cat?post=14708"},{"taxonomy":"product_tag","embeddable":true,"href":"https:\/\/www.camlock.org\/fi\/wp-json\/wp\/v2\/product_tag?post=14708"}],"curies":[{"name":"wp","href":"https:\/\/api.w.org\/{rel}","templated":true}]}}