{"id":15291,"date":"2019-12-22T21:50:45","date_gmt":"2019-12-22T18:50:57","guid":{"rendered":"https:\/\/www.camlock.org\/?post_type=product&#038;p=15291"},"modified":"2025-05-15T15:05:03","modified_gmt":"2025-05-15T12:05:03","slug":"d-tyypin-alumiiniset-snaplock-liit-nn-t-sis-kierteinen-liitosliitin","status":"publish","type":"product","link":"https:\/\/www.camlock.org\/fi\/tuote\/d-tyypin-alumiiniset-snaplock-liit-nn-t-sis-kierteinen-liitosliitin\/","title":{"rendered":"D-tyypin alumiiniset Snaplock-liit\u00e4nn\u00e4t &#8211; Sis\u00e4kierteinen liitosliitin"},"content":{"rendered":"<p>Naaraspuolinen nokkalukkop\u00e4\u00e4 sopii mihin tahansa samankokoiseen urospuoliseen nokkalukkoliit\u00e4nt\u00e4\u00e4n. D-tyypin nokkakytkimi\u00e4 k\u00e4ytet\u00e4\u00e4n usein A-tyypin sovittimien kanssa, ja joskus niit\u00e4 voidaan k\u00e4ytt\u00e4\u00e4 samankokoisten E- ja F-tyyppisten ja DP-tyypin (p\u00f6lypistoke) kanssa. Alumiiniliittimet on varustettu ruostumattomasta ter\u00e4ksest\u00e4 valmistetuilla kahvoilla, renkailla ja nastoilla, jotka pident\u00e4v\u00e4t k\u00e4ytt\u00f6ik\u00e4\u00e4.  <\/p>\n","protected":false},"excerpt":{"rendered":"<p>Naarasliitin BSP-kierteell\u00e4 &#8211; D-tyyppisiss\u00e4 nokkapaloissa on nokkapalop\u00e4\u00e4 ja samankokoinen BSP-kierre.<\/p>\n","protected":false},"featured_media":15534,"template":"","meta":[],"product_brand":[],"product_cat":[464],"product_tag":[463,255],"class_list":{"0":"post-15291","1":"product","2":"type-product","3":"status-publish","4":"has-post-thumbnail","6":"product_cat-alumiiniset-nokkakytkimen-liitososat","7":"product_tag-alumiini","8":"product_tag-type-d-fi","10":"first","11":"onbackorder","12":"taxable","13":"shipping-taxable","14":"purchasable","15":"product-type-variable"},"yoast_head":"<!-- This site is optimized with the Yoast SEO plugin v27.4 - https:\/\/yoast.com\/product\/yoast-seo-wordpress\/ -->\n<title>D-tyypin alumiiniset Snaplock-liit\u00e4nn\u00e4t - Sis\u00e4kierteinen liitosliitin<\/title>\n<meta name=\"description\" content=\"Naaraspuolinen nokkalukkop\u00e4\u00e4 sopii mihin tahansa samankokoiseen urospuoliseen nokkalukkoliit\u00e4nt\u00e4\u00e4n. D-tyypin nokkakytkimi\u00e4 k\u00e4ytet\u00e4\u00e4n usein A-tyypin sovittimien kanssa, ja joskus niit\u00e4 voidaan k\u00e4ytt\u00e4\u00e4 samankokoisten E- ja F-tyyppisten ja DP-tyypin (p\u00f6lypistoke) kanssa.\" \/>\n<meta name=\"robots\" content=\"index, follow, max-snippet:-1, max-image-preview:large, max-video-preview:-1\" \/>\n<link rel=\"canonical\" href=\"https:\/\/www.camlock.org\/fi\/tuote\/d-tyypin-alumiiniset-snaplock-liit-nn-t-sis-kierteinen-liitosliitin\/\" \/>\n<meta property=\"og:locale\" content=\"fi_FI\" \/>\n<meta property=\"og:type\" content=\"article\" \/>\n<meta property=\"og:title\" content=\"D-tyypin alumiiniset Snaplock-liit\u00e4nn\u00e4t - Sis\u00e4kierteinen liitosliitin\" \/>\n<meta property=\"og:description\" content=\"Naaraspuolinen nokkalukkop\u00e4\u00e4 sopii mihin tahansa samankokoiseen urospuoliseen nokkalukkoliit\u00e4nt\u00e4\u00e4n. D-tyypin nokkakytkimi\u00e4 k\u00e4ytet\u00e4\u00e4n usein A-tyypin sovittimien kanssa, ja joskus niit\u00e4 voidaan k\u00e4ytt\u00e4\u00e4 samankokoisten E- ja F-tyyppisten ja DP-tyypin (p\u00f6lypistoke) kanssa.\" \/>\n<meta property=\"og:url\" content=\"https:\/\/www.camlock.org\/fi\/tuote\/d-tyypin-alumiiniset-snaplock-liit-nn-t-sis-kierteinen-liitosliitin\/\" \/>\n<meta property=\"og:site_name\" content=\"\u041f\u0440\u043e\u0434\u0430\u0436\u0430 \u043a\u0430\u043c\u043b\u043e\u043a (Camlock) \u0441\u043e\u0435\u0434\u0438\u043d\u0435\u043d\u0438\u0439\" \/>\n<meta property=\"article:modified_time\" content=\"2025-05-15T12:05:03+00:00\" \/>\n<meta property=\"og:image\" content=\"https:\/\/www.camlock.org\/wp-content\/uploads\/2019\/12\/Camlock_Aluminium_type_D_50mm_D200AL.jpg\" \/>\n\t<meta property=\"og:image:width\" content=\"1000\" \/>\n\t<meta property=\"og:image:height\" content=\"1000\" \/>\n\t<meta property=\"og:image:type\" content=\"image\/jpeg\" \/>\n<meta name=\"twitter:card\" content=\"summary_large_image\" \/>\n<meta name=\"twitter:label1\" content=\"Arvioitu lukuaika\" \/>\n\t<meta name=\"twitter:data1\" content=\"1 minuutti\" \/>\n<script type=\"application\/ld+json\" class=\"yoast-schema-graph\">{\"@context\":\"https:\\\/\\\/schema.org\",\"@graph\":[{\"@type\":\"WebPage\",\"@id\":\"https:\\\/\\\/www.camlock.org\\\/fi\\\/tuote\\\/d-tyypin-alumiiniset-snaplock-liit-nn-t-sis-kierteinen-liitosliitin\\\/\",\"url\":\"https:\\\/\\\/www.camlock.org\\\/fi\\\/tuote\\\/d-tyypin-alumiiniset-snaplock-liit-nn-t-sis-kierteinen-liitosliitin\\\/\",\"name\":\"D-tyypin alumiiniset Snaplock-liit\u00e4nn\u00e4t - Sis\u00e4kierteinen liitosliitin\",\"isPartOf\":{\"@id\":\"https:\\\/\\\/www.camlock.org\\\/fi\\\/?lang=et\\\/#website\"},\"primaryImageOfPage\":{\"@id\":\"https:\\\/\\\/www.camlock.org\\\/fi\\\/tuote\\\/d-tyypin-alumiiniset-snaplock-liit-nn-t-sis-kierteinen-liitosliitin\\\/#primaryimage\"},\"image\":{\"@id\":\"https:\\\/\\\/www.camlock.org\\\/fi\\\/tuote\\\/d-tyypin-alumiiniset-snaplock-liit-nn-t-sis-kierteinen-liitosliitin\\\/#primaryimage\"},\"thumbnailUrl\":\"https:\\\/\\\/www.camlock.org\\\/wp-content\\\/uploads\\\/2019\\\/12\\\/Camlock_Aluminium_type_D_50mm_D200AL.jpg\",\"datePublished\":\"2019-12-22T18:50:57+00:00\",\"dateModified\":\"2025-05-15T12:05:03+00:00\",\"description\":\"Naaraspuolinen nokkalukkop\u00e4\u00e4 sopii mihin tahansa samankokoiseen urospuoliseen nokkalukkoliit\u00e4nt\u00e4\u00e4n. D-tyypin nokkakytkimi\u00e4 k\u00e4ytet\u00e4\u00e4n usein A-tyypin sovittimien kanssa, ja joskus niit\u00e4 voidaan k\u00e4ytt\u00e4\u00e4 samankokoisten E- ja F-tyyppisten ja DP-tyypin (p\u00f6lypistoke) kanssa.\",\"breadcrumb\":{\"@id\":\"https:\\\/\\\/www.camlock.org\\\/fi\\\/tuote\\\/d-tyypin-alumiiniset-snaplock-liit-nn-t-sis-kierteinen-liitosliitin\\\/#breadcrumb\"},\"inLanguage\":\"fi\",\"potentialAction\":[{\"@type\":\"ReadAction\",\"target\":[\"https:\\\/\\\/www.camlock.org\\\/fi\\\/tuote\\\/d-tyypin-alumiiniset-snaplock-liit-nn-t-sis-kierteinen-liitosliitin\\\/\"]}]},{\"@type\":\"ImageObject\",\"inLanguage\":\"fi\",\"@id\":\"https:\\\/\\\/www.camlock.org\\\/fi\\\/tuote\\\/d-tyypin-alumiiniset-snaplock-liit-nn-t-sis-kierteinen-liitosliitin\\\/#primaryimage\",\"url\":\"https:\\\/\\\/www.camlock.org\\\/wp-content\\\/uploads\\\/2019\\\/12\\\/Camlock_Aluminium_type_D_50mm_D200AL.jpg\",\"contentUrl\":\"https:\\\/\\\/www.camlock.org\\\/wp-content\\\/uploads\\\/2019\\\/12\\\/Camlock_Aluminium_type_D_50mm_D200AL.jpg\",\"width\":1000,\"height\":1000},{\"@type\":\"BreadcrumbList\",\"@id\":\"https:\\\/\\\/www.camlock.org\\\/fi\\\/tuote\\\/d-tyypin-alumiiniset-snaplock-liit-nn-t-sis-kierteinen-liitosliitin\\\/#breadcrumb\",\"itemListElement\":[{\"@type\":\"ListItem\",\"position\":1,\"name\":\"Home\",\"item\":\"https:\\\/\\\/www.camlock.org\\\/fi\\\/etusivu\\\/\"},{\"@type\":\"ListItem\",\"position\":2,\"name\":\"Kauppa\",\"item\":\"https:\\\/\\\/www.camlock.org\\\/fi\\\/d0-bc-d0-b0-d0-b3-d0-b0-d0-b7-d0-b8-d0-bd\\\/\"},{\"@type\":\"ListItem\",\"position\":3,\"name\":\"D-tyypin alumiiniset Snaplock-liit\u00e4nn\u00e4t &#8211; Sis\u00e4kierteinen liitosliitin\"}]},{\"@type\":\"WebSite\",\"@id\":\"https:\\\/\\\/www.camlock.org\\\/fi\\\/?lang=et\\\/#website\",\"url\":\"https:\\\/\\\/www.camlock.org\\\/fi\\\/?lang=et\\\/\",\"name\":\"\u041f\u0440\u043e\u0434\u0430\u0436\u0430 \u043a\u0430\u043c\u043b\u043e\u043a (Camlock) \u0441\u043e\u0435\u0434\u0438\u043d\u0435\u043d\u0438\u0439\",\"description\":\"\u041f\u0440\u043e\u0434\u0430\u0436\u0430 \u043a\u0430\u043c\u043b\u043e\u043a (Camlock) \u0441\u043e\u0435\u0434\u0438\u043d\u0435\u043d\u0438\u0439\",\"potentialAction\":[{\"@type\":\"SearchAction\",\"target\":{\"@type\":\"EntryPoint\",\"urlTemplate\":\"https:\\\/\\\/www.camlock.org\\\/fi\\\/?lang=et\\\/?s={search_term_string}\"},\"query-input\":{\"@type\":\"PropertyValueSpecification\",\"valueRequired\":true,\"valueName\":\"search_term_string\"}}],\"inLanguage\":\"fi\"}]}<\/script>\n<!-- \/ Yoast SEO plugin. -->","yoast_head_json":{"title":"D-tyypin alumiiniset Snaplock-liit\u00e4nn\u00e4t - Sis\u00e4kierteinen liitosliitin","description":"Naaraspuolinen nokkalukkop\u00e4\u00e4 sopii mihin tahansa samankokoiseen urospuoliseen nokkalukkoliit\u00e4nt\u00e4\u00e4n. D-tyypin nokkakytkimi\u00e4 k\u00e4ytet\u00e4\u00e4n usein A-tyypin sovittimien kanssa, ja joskus niit\u00e4 voidaan k\u00e4ytt\u00e4\u00e4 samankokoisten E- ja F-tyyppisten ja DP-tyypin (p\u00f6lypistoke) kanssa.","robots":{"index":"index","follow":"follow","max-snippet":"max-snippet:-1","max-image-preview":"max-image-preview:large","max-video-preview":"max-video-preview:-1"},"canonical":"https:\/\/www.camlock.org\/fi\/tuote\/d-tyypin-alumiiniset-snaplock-liit-nn-t-sis-kierteinen-liitosliitin\/","og_locale":"fi_FI","og_type":"article","og_title":"D-tyypin alumiiniset Snaplock-liit\u00e4nn\u00e4t - Sis\u00e4kierteinen liitosliitin","og_description":"Naaraspuolinen nokkalukkop\u00e4\u00e4 sopii mihin tahansa samankokoiseen urospuoliseen nokkalukkoliit\u00e4nt\u00e4\u00e4n. D-tyypin nokkakytkimi\u00e4 k\u00e4ytet\u00e4\u00e4n usein A-tyypin sovittimien kanssa, ja joskus niit\u00e4 voidaan k\u00e4ytt\u00e4\u00e4 samankokoisten E- ja F-tyyppisten ja DP-tyypin (p\u00f6lypistoke) kanssa.","og_url":"https:\/\/www.camlock.org\/fi\/tuote\/d-tyypin-alumiiniset-snaplock-liit-nn-t-sis-kierteinen-liitosliitin\/","og_site_name":"\u041f\u0440\u043e\u0434\u0430\u0436\u0430 \u043a\u0430\u043c\u043b\u043e\u043a (Camlock) \u0441\u043e\u0435\u0434\u0438\u043d\u0435\u043d\u0438\u0439","article_modified_time":"2025-05-15T12:05:03+00:00","og_image":[{"width":1000,"height":1000,"url":"https:\/\/www.camlock.org\/wp-content\/uploads\/2019\/12\/Camlock_Aluminium_type_D_50mm_D200AL.jpg","type":"image\/jpeg"}],"twitter_card":"summary_large_image","twitter_misc":{"Arvioitu lukuaika":"1 minuutti"},"schema":{"@context":"https:\/\/schema.org","@graph":[{"@type":"WebPage","@id":"https:\/\/www.camlock.org\/fi\/tuote\/d-tyypin-alumiiniset-snaplock-liit-nn-t-sis-kierteinen-liitosliitin\/","url":"https:\/\/www.camlock.org\/fi\/tuote\/d-tyypin-alumiiniset-snaplock-liit-nn-t-sis-kierteinen-liitosliitin\/","name":"D-tyypin alumiiniset Snaplock-liit\u00e4nn\u00e4t - Sis\u00e4kierteinen liitosliitin","isPartOf":{"@id":"https:\/\/www.camlock.org\/fi\/?lang=et\/#website"},"primaryImageOfPage":{"@id":"https:\/\/www.camlock.org\/fi\/tuote\/d-tyypin-alumiiniset-snaplock-liit-nn-t-sis-kierteinen-liitosliitin\/#primaryimage"},"image":{"@id":"https:\/\/www.camlock.org\/fi\/tuote\/d-tyypin-alumiiniset-snaplock-liit-nn-t-sis-kierteinen-liitosliitin\/#primaryimage"},"thumbnailUrl":"https:\/\/www.camlock.org\/wp-content\/uploads\/2019\/12\/Camlock_Aluminium_type_D_50mm_D200AL.jpg","datePublished":"2019-12-22T18:50:57+00:00","dateModified":"2025-05-15T12:05:03+00:00","description":"Naaraspuolinen nokkalukkop\u00e4\u00e4 sopii mihin tahansa samankokoiseen urospuoliseen nokkalukkoliit\u00e4nt\u00e4\u00e4n. D-tyypin nokkakytkimi\u00e4 k\u00e4ytet\u00e4\u00e4n usein A-tyypin sovittimien kanssa, ja joskus niit\u00e4 voidaan k\u00e4ytt\u00e4\u00e4 samankokoisten E- ja F-tyyppisten ja DP-tyypin (p\u00f6lypistoke) kanssa.","breadcrumb":{"@id":"https:\/\/www.camlock.org\/fi\/tuote\/d-tyypin-alumiiniset-snaplock-liit-nn-t-sis-kierteinen-liitosliitin\/#breadcrumb"},"inLanguage":"fi","potentialAction":[{"@type":"ReadAction","target":["https:\/\/www.camlock.org\/fi\/tuote\/d-tyypin-alumiiniset-snaplock-liit-nn-t-sis-kierteinen-liitosliitin\/"]}]},{"@type":"ImageObject","inLanguage":"fi","@id":"https:\/\/www.camlock.org\/fi\/tuote\/d-tyypin-alumiiniset-snaplock-liit-nn-t-sis-kierteinen-liitosliitin\/#primaryimage","url":"https:\/\/www.camlock.org\/wp-content\/uploads\/2019\/12\/Camlock_Aluminium_type_D_50mm_D200AL.jpg","contentUrl":"https:\/\/www.camlock.org\/wp-content\/uploads\/2019\/12\/Camlock_Aluminium_type_D_50mm_D200AL.jpg","width":1000,"height":1000},{"@type":"BreadcrumbList","@id":"https:\/\/www.camlock.org\/fi\/tuote\/d-tyypin-alumiiniset-snaplock-liit-nn-t-sis-kierteinen-liitosliitin\/#breadcrumb","itemListElement":[{"@type":"ListItem","position":1,"name":"Home","item":"https:\/\/www.camlock.org\/fi\/etusivu\/"},{"@type":"ListItem","position":2,"name":"Kauppa","item":"https:\/\/www.camlock.org\/fi\/d0-bc-d0-b0-d0-b3-d0-b0-d0-b7-d0-b8-d0-bd\/"},{"@type":"ListItem","position":3,"name":"D-tyypin alumiiniset Snaplock-liit\u00e4nn\u00e4t &#8211; Sis\u00e4kierteinen liitosliitin"}]},{"@type":"WebSite","@id":"https:\/\/www.camlock.org\/fi\/?lang=et\/#website","url":"https:\/\/www.camlock.org\/fi\/?lang=et\/","name":"\u041f\u0440\u043e\u0434\u0430\u0436\u0430 \u043a\u0430\u043c\u043b\u043e\u043a (Camlock) \u0441\u043e\u0435\u0434\u0438\u043d\u0435\u043d\u0438\u0439","description":"\u041f\u0440\u043e\u0434\u0430\u0436\u0430 \u043a\u0430\u043c\u043b\u043e\u043a (Camlock) \u0441\u043e\u0435\u0434\u0438\u043d\u0435\u043d\u0438\u0439","potentialAction":[{"@type":"SearchAction","target":{"@type":"EntryPoint","urlTemplate":"https:\/\/www.camlock.org\/fi\/?lang=et\/?s={search_term_string}"},"query-input":{"@type":"PropertyValueSpecification","valueRequired":true,"valueName":"search_term_string"}}],"inLanguage":"fi"}]}},"_links":{"self":[{"href":"https:\/\/www.camlock.org\/fi\/wp-json\/wp\/v2\/product\/15291","targetHints":{"allow":["GET"]}}],"collection":[{"href":"https:\/\/www.camlock.org\/fi\/wp-json\/wp\/v2\/product"}],"about":[{"href":"https:\/\/www.camlock.org\/fi\/wp-json\/wp\/v2\/types\/product"}],"wp:featuredmedia":[{"embeddable":true,"href":"https:\/\/www.camlock.org\/fi\/wp-json\/wp\/v2\/media\/15534"}],"wp:attachment":[{"href":"https:\/\/www.camlock.org\/fi\/wp-json\/wp\/v2\/media?parent=15291"}],"wp:term":[{"taxonomy":"product_brand","embeddable":true,"href":"https:\/\/www.camlock.org\/fi\/wp-json\/wp\/v2\/product_brand?post=15291"},{"taxonomy":"product_cat","embeddable":true,"href":"https:\/\/www.camlock.org\/fi\/wp-json\/wp\/v2\/product_cat?post=15291"},{"taxonomy":"product_tag","embeddable":true,"href":"https:\/\/www.camlock.org\/fi\/wp-json\/wp\/v2\/product_tag?post=15291"}],"curies":[{"name":"wp","href":"https:\/\/api.w.org\/{rel}","templated":true}]}}