{"id":23989,"date":"2019-12-23T10:21:15","date_gmt":"2025-05-12T07:13:07","guid":{"rendered":"https:\/\/www.camlock.org\/product\/tyypin-dp-alumiininen-nokkapeltiliitin-urospuolen-liitin\/"},"modified":"2025-05-12T10:13:07","modified_gmt":"2025-05-12T07:13:07","slug":"tyypin-dp-alumiininen-nokkapeltiliitin-urospuolen-liitin","status":"publish","type":"product","link":"https:\/\/www.camlock.org\/fi\/tuote\/tyypin-dp-alumiininen-nokkapeltiliitin-urospuolen-liitin\/","title":{"rendered":"Tyypin DP alumiininen nokkapeltiliitin &#8211; urospuolen liitin"},"content":{"rendered":"<p>Alumiininen nokkapistokkeen p\u00f6lytulppa (DP) on urossovitin, jossa on tulppa ja jota k\u00e4ytet\u00e4\u00e4n naarasnokkapistokkeiden p\u00e4\u00e4ss\u00e4 pit\u00e4m\u00e4\u00e4n p\u00f6ly, lika ja pienet el\u00e4imet poissa j\u00e4rjestelm\u00e4st\u00e4.<\/p>\n","protected":false},"excerpt":{"rendered":"<p>P\u00f6lytulppa &#8211; Camlock-p\u00f6lytulppia k\u00e4ytet\u00e4\u00e4n pit\u00e4m\u00e4\u00e4n vieraat esineet poissa mist\u00e4 tahansa naarasnokkaliit\u00e4nn\u00e4st\u00e4. Alumiininen nokkapuolinen urospuolinen p\u00e4\u00e4tyadapteri osa DP asetetaan yleens\u00e4 samankokoisiin B-, C- ja D-tyypin sovittimiin. <\/p>\n","protected":false},"featured_media":23990,"template":"","meta":[],"product_brand":[],"product_cat":[464],"product_tag":[463,287],"class_list":{"0":"post-23989","1":"product","2":"type-product","3":"status-publish","4":"has-post-thumbnail","6":"product_cat-alumiiniset-nokkakytkimen-liitososat","7":"product_tag-alumiini","8":"product_tag-type-dp-fi","10":"first","11":"onbackorder","12":"taxable","13":"shipping-taxable","14":"purchasable","15":"product-type-variable"},"yoast_head":"<!-- This site is optimized with the Yoast SEO plugin v27.5 - https:\/\/yoast.com\/product\/yoast-seo-wordpress\/ -->\n<title>Tyypin DP alumiininen nokkapeltiliitin - urospuolen liitin - \u041f\u0440\u043e\u0434\u0430\u0436\u0430 \u043a\u0430\u043c\u043b\u043e\u043a (Camlock) \u0441\u043e\u0435\u0434\u0438\u043d\u0435\u043d\u0438\u0439<\/title>\n<meta name=\"description\" content=\"P\u00f6lytulppa - Camlock-p\u00f6lytulppia k\u00e4ytet\u00e4\u00e4n pit\u00e4m\u00e4\u00e4n vieraat esineet poissa mist\u00e4 tahansa naarasnokkaliit\u00e4nn\u00e4st\u00e4. Alumiininen nokkapuolinen urospuolinen p\u00e4\u00e4tyadapteri osa DP asetetaan yleens\u00e4 samankokoisiin B-, C- ja D-tyypin sovittimiin.\" \/>\n<meta name=\"robots\" content=\"index, follow, max-snippet:-1, max-image-preview:large, max-video-preview:-1\" \/>\n<link rel=\"canonical\" href=\"https:\/\/www.camlock.org\/fi\/tuote\/tyypin-dp-alumiininen-nokkapeltiliitin-urospuolen-liitin\/\" \/>\n<meta property=\"og:locale\" content=\"fi_FI\" \/>\n<meta property=\"og:type\" content=\"article\" \/>\n<meta property=\"og:title\" content=\"Tyypin DP alumiininen nokkapeltiliitin - urospuolen liitin - \u041f\u0440\u043e\u0434\u0430\u0436\u0430 \u043a\u0430\u043c\u043b\u043e\u043a (Camlock) \u0441\u043e\u0435\u0434\u0438\u043d\u0435\u043d\u0438\u0439\" \/>\n<meta property=\"og:description\" content=\"P\u00f6lytulppa - Camlock-p\u00f6lytulppia k\u00e4ytet\u00e4\u00e4n pit\u00e4m\u00e4\u00e4n vieraat esineet poissa mist\u00e4 tahansa naarasnokkaliit\u00e4nn\u00e4st\u00e4. Alumiininen nokkapuolinen urospuolinen p\u00e4\u00e4tyadapteri osa DP asetetaan yleens\u00e4 samankokoisiin B-, C- ja D-tyypin sovittimiin.\" \/>\n<meta property=\"og:url\" content=\"https:\/\/www.camlock.org\/fi\/tuote\/tyypin-dp-alumiininen-nokkapeltiliitin-urospuolen-liitin\/\" \/>\n<meta property=\"og:site_name\" content=\"\u041f\u0440\u043e\u0434\u0430\u0436\u0430 \u043a\u0430\u043c\u043b\u043e\u043a (Camlock) \u0441\u043e\u0435\u0434\u0438\u043d\u0435\u043d\u0438\u0439\" \/>\n<meta property=\"og:image\" content=\"https:\/\/www.camlock.org\/wp-content\/uploads\/2019\/12\/Camlock_Aluminium_type_DP_50mm_D200AL.jpg\" \/>\n\t<meta property=\"og:image:width\" content=\"1000\" \/>\n\t<meta property=\"og:image:height\" content=\"1000\" \/>\n\t<meta property=\"og:image:type\" content=\"image\/jpeg\" \/>\n<meta name=\"twitter:card\" content=\"summary_large_image\" \/>\n<script type=\"application\/ld+json\" class=\"yoast-schema-graph\">{\"@context\":\"https:\\\/\\\/schema.org\",\"@graph\":[{\"@type\":\"WebPage\",\"@id\":\"https:\\\/\\\/www.camlock.org\\\/fi\\\/tuote\\\/tyypin-dp-alumiininen-nokkapeltiliitin-urospuolen-liitin\\\/\",\"url\":\"https:\\\/\\\/www.camlock.org\\\/fi\\\/tuote\\\/tyypin-dp-alumiininen-nokkapeltiliitin-urospuolen-liitin\\\/\",\"name\":\"Tyypin DP alumiininen nokkapeltiliitin - urospuolen liitin - \u041f\u0440\u043e\u0434\u0430\u0436\u0430 \u043a\u0430\u043c\u043b\u043e\u043a (Camlock) \u0441\u043e\u0435\u0434\u0438\u043d\u0435\u043d\u0438\u0439\",\"isPartOf\":{\"@id\":\"https:\\\/\\\/www.camlock.org\\\/fi\\\/?lang=et\\\/#website\"},\"primaryImageOfPage\":{\"@id\":\"https:\\\/\\\/www.camlock.org\\\/fi\\\/tuote\\\/tyypin-dp-alumiininen-nokkapeltiliitin-urospuolen-liitin\\\/#primaryimage\"},\"image\":{\"@id\":\"https:\\\/\\\/www.camlock.org\\\/fi\\\/tuote\\\/tyypin-dp-alumiininen-nokkapeltiliitin-urospuolen-liitin\\\/#primaryimage\"},\"thumbnailUrl\":\"https:\\\/\\\/www.camlock.org\\\/wp-content\\\/uploads\\\/2019\\\/12\\\/Camlock_Aluminium_type_DP_50mm_D200AL.jpg\",\"datePublished\":\"2025-05-12T07:13:07+00:00\",\"description\":\"P\u00f6lytulppa - Camlock-p\u00f6lytulppia k\u00e4ytet\u00e4\u00e4n pit\u00e4m\u00e4\u00e4n vieraat esineet poissa mist\u00e4 tahansa naarasnokkaliit\u00e4nn\u00e4st\u00e4. Alumiininen nokkapuolinen urospuolinen p\u00e4\u00e4tyadapteri osa DP asetetaan yleens\u00e4 samankokoisiin B-, C- ja D-tyypin sovittimiin.\",\"breadcrumb\":{\"@id\":\"https:\\\/\\\/www.camlock.org\\\/fi\\\/tuote\\\/tyypin-dp-alumiininen-nokkapeltiliitin-urospuolen-liitin\\\/#breadcrumb\"},\"inLanguage\":\"fi\",\"potentialAction\":[{\"@type\":\"ReadAction\",\"target\":[\"https:\\\/\\\/www.camlock.org\\\/fi\\\/tuote\\\/tyypin-dp-alumiininen-nokkapeltiliitin-urospuolen-liitin\\\/\"]}]},{\"@type\":\"ImageObject\",\"inLanguage\":\"fi\",\"@id\":\"https:\\\/\\\/www.camlock.org\\\/fi\\\/tuote\\\/tyypin-dp-alumiininen-nokkapeltiliitin-urospuolen-liitin\\\/#primaryimage\",\"url\":\"https:\\\/\\\/www.camlock.org\\\/wp-content\\\/uploads\\\/2019\\\/12\\\/Camlock_Aluminium_type_DP_50mm_D200AL.jpg\",\"contentUrl\":\"https:\\\/\\\/www.camlock.org\\\/wp-content\\\/uploads\\\/2019\\\/12\\\/Camlock_Aluminium_type_DP_50mm_D200AL.jpg\",\"width\":1000,\"height\":1000},{\"@type\":\"BreadcrumbList\",\"@id\":\"https:\\\/\\\/www.camlock.org\\\/fi\\\/tuote\\\/tyypin-dp-alumiininen-nokkapeltiliitin-urospuolen-liitin\\\/#breadcrumb\",\"itemListElement\":[{\"@type\":\"ListItem\",\"position\":1,\"name\":\"Home\",\"item\":\"https:\\\/\\\/www.camlock.org\\\/fi\\\/etusivu\\\/\"},{\"@type\":\"ListItem\",\"position\":2,\"name\":\"Kauppa\",\"item\":\"https:\\\/\\\/www.camlock.org\\\/fi\\\/d0-bc-d0-b0-d0-b3-d0-b0-d0-b7-d0-b8-d0-bd\\\/\"},{\"@type\":\"ListItem\",\"position\":3,\"name\":\"Tyypin DP alumiininen nokkapeltiliitin &#8211; urospuolen liitin\"}]},{\"@type\":\"WebSite\",\"@id\":\"https:\\\/\\\/www.camlock.org\\\/fi\\\/?lang=et\\\/#website\",\"url\":\"https:\\\/\\\/www.camlock.org\\\/fi\\\/?lang=et\\\/\",\"name\":\"\u041f\u0440\u043e\u0434\u0430\u0436\u0430 \u043a\u0430\u043c\u043b\u043e\u043a (Camlock) \u0441\u043e\u0435\u0434\u0438\u043d\u0435\u043d\u0438\u0439\",\"description\":\"\u041f\u0440\u043e\u0434\u0430\u0436\u0430 \u043a\u0430\u043c\u043b\u043e\u043a (Camlock) \u0441\u043e\u0435\u0434\u0438\u043d\u0435\u043d\u0438\u0439\",\"potentialAction\":[{\"@type\":\"SearchAction\",\"target\":{\"@type\":\"EntryPoint\",\"urlTemplate\":\"https:\\\/\\\/www.camlock.org\\\/fi\\\/?lang=et\\\/?s={search_term_string}\"},\"query-input\":{\"@type\":\"PropertyValueSpecification\",\"valueRequired\":true,\"valueName\":\"search_term_string\"}}],\"inLanguage\":\"fi\"}]}<\/script>\n<!-- \/ Yoast SEO plugin. -->","yoast_head_json":{"title":"Tyypin DP alumiininen nokkapeltiliitin - urospuolen liitin - \u041f\u0440\u043e\u0434\u0430\u0436\u0430 \u043a\u0430\u043c\u043b\u043e\u043a (Camlock) \u0441\u043e\u0435\u0434\u0438\u043d\u0435\u043d\u0438\u0439","description":"P\u00f6lytulppa - Camlock-p\u00f6lytulppia k\u00e4ytet\u00e4\u00e4n pit\u00e4m\u00e4\u00e4n vieraat esineet poissa mist\u00e4 tahansa naarasnokkaliit\u00e4nn\u00e4st\u00e4. Alumiininen nokkapuolinen urospuolinen p\u00e4\u00e4tyadapteri osa DP asetetaan yleens\u00e4 samankokoisiin B-, C- ja D-tyypin sovittimiin.","robots":{"index":"index","follow":"follow","max-snippet":"max-snippet:-1","max-image-preview":"max-image-preview:large","max-video-preview":"max-video-preview:-1"},"canonical":"https:\/\/www.camlock.org\/fi\/tuote\/tyypin-dp-alumiininen-nokkapeltiliitin-urospuolen-liitin\/","og_locale":"fi_FI","og_type":"article","og_title":"Tyypin DP alumiininen nokkapeltiliitin - urospuolen liitin - \u041f\u0440\u043e\u0434\u0430\u0436\u0430 \u043a\u0430\u043c\u043b\u043e\u043a (Camlock) \u0441\u043e\u0435\u0434\u0438\u043d\u0435\u043d\u0438\u0439","og_description":"P\u00f6lytulppa - Camlock-p\u00f6lytulppia k\u00e4ytet\u00e4\u00e4n pit\u00e4m\u00e4\u00e4n vieraat esineet poissa mist\u00e4 tahansa naarasnokkaliit\u00e4nn\u00e4st\u00e4. Alumiininen nokkapuolinen urospuolinen p\u00e4\u00e4tyadapteri osa DP asetetaan yleens\u00e4 samankokoisiin B-, C- ja D-tyypin sovittimiin.","og_url":"https:\/\/www.camlock.org\/fi\/tuote\/tyypin-dp-alumiininen-nokkapeltiliitin-urospuolen-liitin\/","og_site_name":"\u041f\u0440\u043e\u0434\u0430\u0436\u0430 \u043a\u0430\u043c\u043b\u043e\u043a (Camlock) \u0441\u043e\u0435\u0434\u0438\u043d\u0435\u043d\u0438\u0439","og_image":[{"width":1000,"height":1000,"url":"https:\/\/www.camlock.org\/wp-content\/uploads\/2019\/12\/Camlock_Aluminium_type_DP_50mm_D200AL.jpg","type":"image\/jpeg"}],"twitter_card":"summary_large_image","schema":{"@context":"https:\/\/schema.org","@graph":[{"@type":"WebPage","@id":"https:\/\/www.camlock.org\/fi\/tuote\/tyypin-dp-alumiininen-nokkapeltiliitin-urospuolen-liitin\/","url":"https:\/\/www.camlock.org\/fi\/tuote\/tyypin-dp-alumiininen-nokkapeltiliitin-urospuolen-liitin\/","name":"Tyypin DP alumiininen nokkapeltiliitin - urospuolen liitin - \u041f\u0440\u043e\u0434\u0430\u0436\u0430 \u043a\u0430\u043c\u043b\u043e\u043a (Camlock) \u0441\u043e\u0435\u0434\u0438\u043d\u0435\u043d\u0438\u0439","isPartOf":{"@id":"https:\/\/www.camlock.org\/fi\/?lang=et\/#website"},"primaryImageOfPage":{"@id":"https:\/\/www.camlock.org\/fi\/tuote\/tyypin-dp-alumiininen-nokkapeltiliitin-urospuolen-liitin\/#primaryimage"},"image":{"@id":"https:\/\/www.camlock.org\/fi\/tuote\/tyypin-dp-alumiininen-nokkapeltiliitin-urospuolen-liitin\/#primaryimage"},"thumbnailUrl":"https:\/\/www.camlock.org\/wp-content\/uploads\/2019\/12\/Camlock_Aluminium_type_DP_50mm_D200AL.jpg","datePublished":"2025-05-12T07:13:07+00:00","description":"P\u00f6lytulppa - Camlock-p\u00f6lytulppia k\u00e4ytet\u00e4\u00e4n pit\u00e4m\u00e4\u00e4n vieraat esineet poissa mist\u00e4 tahansa naarasnokkaliit\u00e4nn\u00e4st\u00e4. Alumiininen nokkapuolinen urospuolinen p\u00e4\u00e4tyadapteri osa DP asetetaan yleens\u00e4 samankokoisiin B-, C- ja D-tyypin sovittimiin.","breadcrumb":{"@id":"https:\/\/www.camlock.org\/fi\/tuote\/tyypin-dp-alumiininen-nokkapeltiliitin-urospuolen-liitin\/#breadcrumb"},"inLanguage":"fi","potentialAction":[{"@type":"ReadAction","target":["https:\/\/www.camlock.org\/fi\/tuote\/tyypin-dp-alumiininen-nokkapeltiliitin-urospuolen-liitin\/"]}]},{"@type":"ImageObject","inLanguage":"fi","@id":"https:\/\/www.camlock.org\/fi\/tuote\/tyypin-dp-alumiininen-nokkapeltiliitin-urospuolen-liitin\/#primaryimage","url":"https:\/\/www.camlock.org\/wp-content\/uploads\/2019\/12\/Camlock_Aluminium_type_DP_50mm_D200AL.jpg","contentUrl":"https:\/\/www.camlock.org\/wp-content\/uploads\/2019\/12\/Camlock_Aluminium_type_DP_50mm_D200AL.jpg","width":1000,"height":1000},{"@type":"BreadcrumbList","@id":"https:\/\/www.camlock.org\/fi\/tuote\/tyypin-dp-alumiininen-nokkapeltiliitin-urospuolen-liitin\/#breadcrumb","itemListElement":[{"@type":"ListItem","position":1,"name":"Home","item":"https:\/\/www.camlock.org\/fi\/etusivu\/"},{"@type":"ListItem","position":2,"name":"Kauppa","item":"https:\/\/www.camlock.org\/fi\/d0-bc-d0-b0-d0-b3-d0-b0-d0-b7-d0-b8-d0-bd\/"},{"@type":"ListItem","position":3,"name":"Tyypin DP alumiininen nokkapeltiliitin &#8211; urospuolen liitin"}]},{"@type":"WebSite","@id":"https:\/\/www.camlock.org\/fi\/?lang=et\/#website","url":"https:\/\/www.camlock.org\/fi\/?lang=et\/","name":"\u041f\u0440\u043e\u0434\u0430\u0436\u0430 \u043a\u0430\u043c\u043b\u043e\u043a (Camlock) \u0441\u043e\u0435\u0434\u0438\u043d\u0435\u043d\u0438\u0439","description":"\u041f\u0440\u043e\u0434\u0430\u0436\u0430 \u043a\u0430\u043c\u043b\u043e\u043a (Camlock) \u0441\u043e\u0435\u0434\u0438\u043d\u0435\u043d\u0438\u0439","potentialAction":[{"@type":"SearchAction","target":{"@type":"EntryPoint","urlTemplate":"https:\/\/www.camlock.org\/fi\/?lang=et\/?s={search_term_string}"},"query-input":{"@type":"PropertyValueSpecification","valueRequired":true,"valueName":"search_term_string"}}],"inLanguage":"fi"}]}},"_links":{"self":[{"href":"https:\/\/www.camlock.org\/fi\/wp-json\/wp\/v2\/product\/23989","targetHints":{"allow":["GET"]}}],"collection":[{"href":"https:\/\/www.camlock.org\/fi\/wp-json\/wp\/v2\/product"}],"about":[{"href":"https:\/\/www.camlock.org\/fi\/wp-json\/wp\/v2\/types\/product"}],"wp:featuredmedia":[{"embeddable":true,"href":"https:\/\/www.camlock.org\/fi\/wp-json\/wp\/v2\/media\/23990"}],"wp:attachment":[{"href":"https:\/\/www.camlock.org\/fi\/wp-json\/wp\/v2\/media?parent=23989"}],"wp:term":[{"taxonomy":"product_brand","embeddable":true,"href":"https:\/\/www.camlock.org\/fi\/wp-json\/wp\/v2\/product_brand?post=23989"},{"taxonomy":"product_cat","embeddable":true,"href":"https:\/\/www.camlock.org\/fi\/wp-json\/wp\/v2\/product_cat?post=23989"},{"taxonomy":"product_tag","embeddable":true,"href":"https:\/\/www.camlock.org\/fi\/wp-json\/wp\/v2\/product_tag?post=23989"}],"curies":[{"name":"wp","href":"https:\/\/api.w.org\/{rel}","templated":true}]}}