{"id":24232,"date":"2019-12-22T23:11:17","date_gmt":"2025-05-12T08:48:28","guid":{"rendered":"https:\/\/www.camlock.org\/product\/e-tyypin-alumiiniset-camlock-liittimet-letkusovitin\/"},"modified":"2025-05-12T11:48:28","modified_gmt":"2025-05-12T08:48:28","slug":"e-tyypin-alumiiniset-camlock-liittimet-letkusovitin","status":"publish","type":"product","link":"https:\/\/www.camlock.org\/fi\/tuote\/e-tyypin-alumiiniset-camlock-liittimet-letkusovitin\/","title":{"rendered":"E-tyypin alumiiniset Camlock-liittimet &#8211; Letkusovitin"},"content":{"rendered":"<p>E-tyypin alumiininen nokkalukko tarkoittaa urossovitinta letkuh\u00e4nn\u00e4ll\u00e4 &#8211; E-tyypin nokkalukossa on urosnokkalukko toisessa p\u00e4\u00e4ss\u00e4 ja urosletkuh\u00e4nt\u00e4 toisessa p\u00e4\u00e4ss\u00e4. Urosnokkalukon p\u00e4\u00e4h\u00e4n sopii mik\u00e4 tahansa naarasnokkalukon sovitin, ja letkuh\u00e4nt\u00e4 ty\u00f6nnet\u00e4\u00e4n mink\u00e4 tahansa oikean kokoisen letkun sis\u00e4\u00e4n ja kiinnitet\u00e4\u00e4n raskaalla ruostumattomasta ter\u00e4ksest\u00e4 valmistetulla pulttipuristimella. <\/p>\n","protected":false},"excerpt":{"rendered":"<p>E-tyypin sovitinta k\u00e4ytet\u00e4\u00e4n tavallisesti C-tyypin liittimen kanssa. T\u00e4t\u00e4 E-tyypin sovitinta voidaan kuitenkin k\u00e4ytt\u00e4\u00e4 B- tai D-tyypin liittimen sek\u00e4 samankokoisen DC:n (p\u00f6lysuojuksen) kanssa. <\/p>\n","protected":false},"featured_media":24233,"template":"","meta":[],"product_brand":[],"product_cat":[464],"product_tag":[463,271],"class_list":{"0":"post-24232","1":"product","2":"type-product","3":"status-publish","4":"has-post-thumbnail","6":"product_cat-alumiiniset-nokkakytkimen-liitososat","7":"product_tag-alumiini","8":"product_tag-type-e-fi","10":"first","11":"onbackorder","12":"taxable","13":"shipping-taxable","14":"purchasable","15":"product-type-variable"},"yoast_head":"<!-- This site is optimized with the Yoast SEO plugin v27.4 - https:\/\/yoast.com\/product\/yoast-seo-wordpress\/ -->\n<title>E-tyypin alumiiniset Camlock-liittimet - Letkusovitin<\/title>\n<meta name=\"description\" content=\"E-tyypin alumiiniliitin tarkoittaa urosadapteria letkuh\u00e4nn\u00e4ll\u00e4 - E-tyypin nokkalukossa on urosnokkalukko toisessa p\u00e4\u00e4ss\u00e4 ja urosletkuh\u00e4nt\u00e4 toisessa p\u00e4\u00e4ss\u00e4.\" \/>\n<meta name=\"robots\" content=\"index, follow, max-snippet:-1, max-image-preview:large, max-video-preview:-1\" \/>\n<link rel=\"canonical\" href=\"https:\/\/www.camlock.org\/fi\/tuote\/e-tyypin-alumiiniset-camlock-liittimet-letkusovitin\/\" \/>\n<meta property=\"og:locale\" content=\"fi_FI\" \/>\n<meta property=\"og:type\" content=\"article\" \/>\n<meta property=\"og:title\" content=\"E-tyypin alumiiniset Camlock-liittimet - Letkusovitin\" \/>\n<meta property=\"og:description\" content=\"E-tyypin alumiiniliitin tarkoittaa urosadapteria letkuh\u00e4nn\u00e4ll\u00e4 - E-tyypin nokkalukossa on urosnokkalukko toisessa p\u00e4\u00e4ss\u00e4 ja urosletkuh\u00e4nt\u00e4 toisessa p\u00e4\u00e4ss\u00e4.\" \/>\n<meta property=\"og:url\" content=\"https:\/\/www.camlock.org\/fi\/tuote\/e-tyypin-alumiiniset-camlock-liittimet-letkusovitin\/\" \/>\n<meta property=\"og:site_name\" content=\"\u041f\u0440\u043e\u0434\u0430\u0436\u0430 \u043a\u0430\u043c\u043b\u043e\u043a (Camlock) \u0441\u043e\u0435\u0434\u0438\u043d\u0435\u043d\u0438\u0439\" \/>\n<meta property=\"og:image\" content=\"https:\/\/www.camlock.org\/wp-content\/uploads\/2019\/12\/Camlock_Aluminium_type_E_50mm_D200AL.jpg\" \/>\n\t<meta property=\"og:image:width\" content=\"1000\" \/>\n\t<meta property=\"og:image:height\" content=\"1000\" \/>\n\t<meta property=\"og:image:type\" content=\"image\/jpeg\" \/>\n<meta name=\"twitter:card\" content=\"summary_large_image\" \/>\n<script type=\"application\/ld+json\" class=\"yoast-schema-graph\">{\"@context\":\"https:\\\/\\\/schema.org\",\"@graph\":[{\"@type\":\"WebPage\",\"@id\":\"https:\\\/\\\/www.camlock.org\\\/fi\\\/tuote\\\/e-tyypin-alumiiniset-camlock-liittimet-letkusovitin\\\/\",\"url\":\"https:\\\/\\\/www.camlock.org\\\/fi\\\/tuote\\\/e-tyypin-alumiiniset-camlock-liittimet-letkusovitin\\\/\",\"name\":\"E-tyypin alumiiniset Camlock-liittimet - Letkusovitin\",\"isPartOf\":{\"@id\":\"https:\\\/\\\/www.camlock.org\\\/fi\\\/?lang=et\\\/#website\"},\"primaryImageOfPage\":{\"@id\":\"https:\\\/\\\/www.camlock.org\\\/fi\\\/tuote\\\/e-tyypin-alumiiniset-camlock-liittimet-letkusovitin\\\/#primaryimage\"},\"image\":{\"@id\":\"https:\\\/\\\/www.camlock.org\\\/fi\\\/tuote\\\/e-tyypin-alumiiniset-camlock-liittimet-letkusovitin\\\/#primaryimage\"},\"thumbnailUrl\":\"https:\\\/\\\/www.camlock.org\\\/wp-content\\\/uploads\\\/2019\\\/12\\\/Camlock_Aluminium_type_E_50mm_D200AL.jpg\",\"datePublished\":\"2025-05-12T08:48:28+00:00\",\"description\":\"E-tyypin alumiiniliitin tarkoittaa urosadapteria letkuh\u00e4nn\u00e4ll\u00e4 - E-tyypin nokkalukossa on urosnokkalukko toisessa p\u00e4\u00e4ss\u00e4 ja urosletkuh\u00e4nt\u00e4 toisessa p\u00e4\u00e4ss\u00e4.\",\"breadcrumb\":{\"@id\":\"https:\\\/\\\/www.camlock.org\\\/fi\\\/tuote\\\/e-tyypin-alumiiniset-camlock-liittimet-letkusovitin\\\/#breadcrumb\"},\"inLanguage\":\"fi\",\"potentialAction\":[{\"@type\":\"ReadAction\",\"target\":[\"https:\\\/\\\/www.camlock.org\\\/fi\\\/tuote\\\/e-tyypin-alumiiniset-camlock-liittimet-letkusovitin\\\/\"]}]},{\"@type\":\"ImageObject\",\"inLanguage\":\"fi\",\"@id\":\"https:\\\/\\\/www.camlock.org\\\/fi\\\/tuote\\\/e-tyypin-alumiiniset-camlock-liittimet-letkusovitin\\\/#primaryimage\",\"url\":\"https:\\\/\\\/www.camlock.org\\\/wp-content\\\/uploads\\\/2019\\\/12\\\/Camlock_Aluminium_type_E_50mm_D200AL.jpg\",\"contentUrl\":\"https:\\\/\\\/www.camlock.org\\\/wp-content\\\/uploads\\\/2019\\\/12\\\/Camlock_Aluminium_type_E_50mm_D200AL.jpg\",\"width\":1000,\"height\":1000},{\"@type\":\"BreadcrumbList\",\"@id\":\"https:\\\/\\\/www.camlock.org\\\/fi\\\/tuote\\\/e-tyypin-alumiiniset-camlock-liittimet-letkusovitin\\\/#breadcrumb\",\"itemListElement\":[{\"@type\":\"ListItem\",\"position\":1,\"name\":\"Home\",\"item\":\"https:\\\/\\\/www.camlock.org\\\/fi\\\/etusivu\\\/\"},{\"@type\":\"ListItem\",\"position\":2,\"name\":\"Kauppa\",\"item\":\"https:\\\/\\\/www.camlock.org\\\/fi\\\/d0-bc-d0-b0-d0-b3-d0-b0-d0-b7-d0-b8-d0-bd\\\/\"},{\"@type\":\"ListItem\",\"position\":3,\"name\":\"E-tyypin alumiiniset Camlock-liittimet &#8211; Letkusovitin\"}]},{\"@type\":\"WebSite\",\"@id\":\"https:\\\/\\\/www.camlock.org\\\/fi\\\/?lang=et\\\/#website\",\"url\":\"https:\\\/\\\/www.camlock.org\\\/fi\\\/?lang=et\\\/\",\"name\":\"\u041f\u0440\u043e\u0434\u0430\u0436\u0430 \u043a\u0430\u043c\u043b\u043e\u043a (Camlock) \u0441\u043e\u0435\u0434\u0438\u043d\u0435\u043d\u0438\u0439\",\"description\":\"\u041f\u0440\u043e\u0434\u0430\u0436\u0430 \u043a\u0430\u043c\u043b\u043e\u043a (Camlock) \u0441\u043e\u0435\u0434\u0438\u043d\u0435\u043d\u0438\u0439\",\"potentialAction\":[{\"@type\":\"SearchAction\",\"target\":{\"@type\":\"EntryPoint\",\"urlTemplate\":\"https:\\\/\\\/www.camlock.org\\\/fi\\\/?lang=et\\\/?s={search_term_string}\"},\"query-input\":{\"@type\":\"PropertyValueSpecification\",\"valueRequired\":true,\"valueName\":\"search_term_string\"}}],\"inLanguage\":\"fi\"}]}<\/script>\n<!-- \/ Yoast SEO plugin. -->","yoast_head_json":{"title":"E-tyypin alumiiniset Camlock-liittimet - Letkusovitin","description":"E-tyypin alumiiniliitin tarkoittaa urosadapteria letkuh\u00e4nn\u00e4ll\u00e4 - E-tyypin nokkalukossa on urosnokkalukko toisessa p\u00e4\u00e4ss\u00e4 ja urosletkuh\u00e4nt\u00e4 toisessa p\u00e4\u00e4ss\u00e4.","robots":{"index":"index","follow":"follow","max-snippet":"max-snippet:-1","max-image-preview":"max-image-preview:large","max-video-preview":"max-video-preview:-1"},"canonical":"https:\/\/www.camlock.org\/fi\/tuote\/e-tyypin-alumiiniset-camlock-liittimet-letkusovitin\/","og_locale":"fi_FI","og_type":"article","og_title":"E-tyypin alumiiniset Camlock-liittimet - Letkusovitin","og_description":"E-tyypin alumiiniliitin tarkoittaa urosadapteria letkuh\u00e4nn\u00e4ll\u00e4 - E-tyypin nokkalukossa on urosnokkalukko toisessa p\u00e4\u00e4ss\u00e4 ja urosletkuh\u00e4nt\u00e4 toisessa p\u00e4\u00e4ss\u00e4.","og_url":"https:\/\/www.camlock.org\/fi\/tuote\/e-tyypin-alumiiniset-camlock-liittimet-letkusovitin\/","og_site_name":"\u041f\u0440\u043e\u0434\u0430\u0436\u0430 \u043a\u0430\u043c\u043b\u043e\u043a (Camlock) \u0441\u043e\u0435\u0434\u0438\u043d\u0435\u043d\u0438\u0439","og_image":[{"width":1000,"height":1000,"url":"https:\/\/www.camlock.org\/wp-content\/uploads\/2019\/12\/Camlock_Aluminium_type_E_50mm_D200AL.jpg","type":"image\/jpeg"}],"twitter_card":"summary_large_image","schema":{"@context":"https:\/\/schema.org","@graph":[{"@type":"WebPage","@id":"https:\/\/www.camlock.org\/fi\/tuote\/e-tyypin-alumiiniset-camlock-liittimet-letkusovitin\/","url":"https:\/\/www.camlock.org\/fi\/tuote\/e-tyypin-alumiiniset-camlock-liittimet-letkusovitin\/","name":"E-tyypin alumiiniset Camlock-liittimet - Letkusovitin","isPartOf":{"@id":"https:\/\/www.camlock.org\/fi\/?lang=et\/#website"},"primaryImageOfPage":{"@id":"https:\/\/www.camlock.org\/fi\/tuote\/e-tyypin-alumiiniset-camlock-liittimet-letkusovitin\/#primaryimage"},"image":{"@id":"https:\/\/www.camlock.org\/fi\/tuote\/e-tyypin-alumiiniset-camlock-liittimet-letkusovitin\/#primaryimage"},"thumbnailUrl":"https:\/\/www.camlock.org\/wp-content\/uploads\/2019\/12\/Camlock_Aluminium_type_E_50mm_D200AL.jpg","datePublished":"2025-05-12T08:48:28+00:00","description":"E-tyypin alumiiniliitin tarkoittaa urosadapteria letkuh\u00e4nn\u00e4ll\u00e4 - E-tyypin nokkalukossa on urosnokkalukko toisessa p\u00e4\u00e4ss\u00e4 ja urosletkuh\u00e4nt\u00e4 toisessa p\u00e4\u00e4ss\u00e4.","breadcrumb":{"@id":"https:\/\/www.camlock.org\/fi\/tuote\/e-tyypin-alumiiniset-camlock-liittimet-letkusovitin\/#breadcrumb"},"inLanguage":"fi","potentialAction":[{"@type":"ReadAction","target":["https:\/\/www.camlock.org\/fi\/tuote\/e-tyypin-alumiiniset-camlock-liittimet-letkusovitin\/"]}]},{"@type":"ImageObject","inLanguage":"fi","@id":"https:\/\/www.camlock.org\/fi\/tuote\/e-tyypin-alumiiniset-camlock-liittimet-letkusovitin\/#primaryimage","url":"https:\/\/www.camlock.org\/wp-content\/uploads\/2019\/12\/Camlock_Aluminium_type_E_50mm_D200AL.jpg","contentUrl":"https:\/\/www.camlock.org\/wp-content\/uploads\/2019\/12\/Camlock_Aluminium_type_E_50mm_D200AL.jpg","width":1000,"height":1000},{"@type":"BreadcrumbList","@id":"https:\/\/www.camlock.org\/fi\/tuote\/e-tyypin-alumiiniset-camlock-liittimet-letkusovitin\/#breadcrumb","itemListElement":[{"@type":"ListItem","position":1,"name":"Home","item":"https:\/\/www.camlock.org\/fi\/etusivu\/"},{"@type":"ListItem","position":2,"name":"Kauppa","item":"https:\/\/www.camlock.org\/fi\/d0-bc-d0-b0-d0-b3-d0-b0-d0-b7-d0-b8-d0-bd\/"},{"@type":"ListItem","position":3,"name":"E-tyypin alumiiniset Camlock-liittimet &#8211; Letkusovitin"}]},{"@type":"WebSite","@id":"https:\/\/www.camlock.org\/fi\/?lang=et\/#website","url":"https:\/\/www.camlock.org\/fi\/?lang=et\/","name":"\u041f\u0440\u043e\u0434\u0430\u0436\u0430 \u043a\u0430\u043c\u043b\u043e\u043a (Camlock) \u0441\u043e\u0435\u0434\u0438\u043d\u0435\u043d\u0438\u0439","description":"\u041f\u0440\u043e\u0434\u0430\u0436\u0430 \u043a\u0430\u043c\u043b\u043e\u043a (Camlock) \u0441\u043e\u0435\u0434\u0438\u043d\u0435\u043d\u0438\u0439","potentialAction":[{"@type":"SearchAction","target":{"@type":"EntryPoint","urlTemplate":"https:\/\/www.camlock.org\/fi\/?lang=et\/?s={search_term_string}"},"query-input":{"@type":"PropertyValueSpecification","valueRequired":true,"valueName":"search_term_string"}}],"inLanguage":"fi"}]}},"_links":{"self":[{"href":"https:\/\/www.camlock.org\/fi\/wp-json\/wp\/v2\/product\/24232","targetHints":{"allow":["GET"]}}],"collection":[{"href":"https:\/\/www.camlock.org\/fi\/wp-json\/wp\/v2\/product"}],"about":[{"href":"https:\/\/www.camlock.org\/fi\/wp-json\/wp\/v2\/types\/product"}],"wp:featuredmedia":[{"embeddable":true,"href":"https:\/\/www.camlock.org\/fi\/wp-json\/wp\/v2\/media\/24233"}],"wp:attachment":[{"href":"https:\/\/www.camlock.org\/fi\/wp-json\/wp\/v2\/media?parent=24232"}],"wp:term":[{"taxonomy":"product_brand","embeddable":true,"href":"https:\/\/www.camlock.org\/fi\/wp-json\/wp\/v2\/product_brand?post=24232"},{"taxonomy":"product_cat","embeddable":true,"href":"https:\/\/www.camlock.org\/fi\/wp-json\/wp\/v2\/product_cat?post=24232"},{"taxonomy":"product_tag","embeddable":true,"href":"https:\/\/www.camlock.org\/fi\/wp-json\/wp\/v2\/product_tag?post=24232"}],"curies":[{"name":"wp","href":"https:\/\/api.w.org\/{rel}","templated":true}]}}