{"id":24493,"date":"2019-12-04T01:18:48","date_gmt":"2025-05-12T13:01:16","guid":{"rendered":"https:\/\/www.camlock.org\/product\/tyypin-e-ruostumattomasta-ter-ksest-316-valmistettu-nokkapy-r-kytkin-urosliitin-letkunvarsi\/"},"modified":"2025-05-12T16:01:16","modified_gmt":"2025-05-12T13:01:16","slug":"tyypin-e-ruostumattomasta-ter-ksest-316-valmistettu-nokkapy-r-kytkin-urosliitin-letkunvarsi","status":"publish","type":"product","link":"https:\/\/www.camlock.org\/fi\/tuote\/tyypin-e-ruostumattomasta-ter-ksest-316-valmistettu-nokkapy-r-kytkin-urosliitin-letkunvarsi\/","title":{"rendered":"Tyypin E ruostumattomasta ter\u00e4ksest\u00e4 316 valmistettu nokkapy\u00f6r\u00e4kytkin &#8211; urosliitin \u00d7 letkunvarsi"},"content":{"rendered":"<p>E-tyypin 316 ruostumattomasta ter\u00e4ksest\u00e4 valmistettu liitin tarkoittaa uros-sovitinta letkuh\u00e4nn\u00e4ll\u00e4 &#8211; E-tyypin nokkalukossa on urosnokkalukko toisessa p\u00e4\u00e4ss\u00e4 ja urosletkuh\u00e4nt\u00e4 toisessa p\u00e4\u00e4ss\u00e4. Nokkalukkoinen urosp\u00e4\u00e4 hyv\u00e4ksyy mink\u00e4 tahansa naarasnokkalukkoisen sovittimen, ja letkun h\u00e4nt\u00e4 ty\u00f6nnet\u00e4\u00e4n mink\u00e4 tahansa oikean kokoisen letkun sis\u00e4\u00e4n ja kiinnitet\u00e4\u00e4n raskaalla, t\u00e4ysin ruostumattomasta ter\u00e4ksest\u00e4 valmistetulla pulttipuristimella.<\/p>\n","protected":false},"excerpt":{"rendered":"<p>Naarasliitin BSP-kierteell\u00e4 &#8211; D-tyyppisiss\u00e4 nokkapaloissa on nokkapalop\u00e4\u00e4 ja samankokoinen BSP-kierre. Naaraspuolinen nokkalukkop\u00e4\u00e4 sopii mihin tahansa samankokoiseen urospuoliseen nokkalukkoliit\u00e4nt\u00e4\u00e4n. Mustia D-tyypin nokkakytkimi\u00e4 k\u00e4ytet\u00e4\u00e4n usein A-tyypin sovittimien kanssa, ja joskus niit\u00e4 voidaan k\u00e4ytt\u00e4\u00e4 samankokoisten E &amp; F-tyyppisten ja DP-tyypin (p\u00f6lypistoke) kanssa. PP-liittimet on varustettu ruostumattomasta ter\u00e4ksest\u00e4 valmistetuilla kahvoilla, renkailla ja nastoilla, jotka pident\u00e4v\u00e4t k\u00e4ytt\u00f6ik\u00e4\u00e4.<\/p>\n","protected":false},"featured_media":24494,"template":"","meta":[],"product_brand":[],"product_cat":[492],"product_tag":[493,271],"class_list":{"0":"post-24493","1":"product","2":"type-product","3":"status-publish","4":"has-post-thumbnail","6":"product_cat-ruostumattomasta-ter-ksest-valmistetut-nokkakytkimen-liitososat","7":"product_tag-ruostumaton-ter-s","8":"product_tag-type-e-fi","10":"first","11":"onbackorder","12":"taxable","13":"shipping-taxable","14":"purchasable","15":"product-type-variable"},"yoast_head":"<!-- This site is optimized with the Yoast SEO plugin v27.4 - https:\/\/yoast.com\/product\/yoast-seo-wordpress\/ -->\n<title>Tyypin E ruostumattomasta ter\u00e4ksest\u00e4 316 valmistettu nokkapy\u00f6r\u00e4kytkin - urosliitin \u00d7 letkunvarsi<\/title>\n<meta name=\"description\" content=\"E-tyypin 316 ruostumattomasta ter\u00e4ksest\u00e4 valmistettu liitin tarkoittaa uros-sovitinta letkuh\u00e4nn\u00e4ll\u00e4 - E-tyypin nokkalukossa on urosnokkalukko toisessa p\u00e4\u00e4ss\u00e4 ja urosletkuh\u00e4nt\u00e4 toisessa p\u00e4\u00e4ss\u00e4.\" \/>\n<meta name=\"robots\" content=\"index, follow, max-snippet:-1, max-image-preview:large, max-video-preview:-1\" \/>\n<link rel=\"canonical\" href=\"https:\/\/www.camlock.org\/fi\/tuote\/tyypin-e-ruostumattomasta-ter-ksest-316-valmistettu-nokkapy-r-kytkin-urosliitin-letkunvarsi\/\" \/>\n<meta property=\"og:locale\" content=\"fi_FI\" \/>\n<meta property=\"og:type\" content=\"article\" \/>\n<meta property=\"og:title\" content=\"Tyypin E ruostumattomasta ter\u00e4ksest\u00e4 316 valmistettu nokkapy\u00f6r\u00e4kytkin - urosliitin \u00d7 letkunvarsi\" \/>\n<meta property=\"og:description\" content=\"E-tyypin 316 ruostumattomasta ter\u00e4ksest\u00e4 valmistettu liitin tarkoittaa uros-sovitinta letkuh\u00e4nn\u00e4ll\u00e4 - E-tyypin nokkalukossa on urosnokkalukko toisessa p\u00e4\u00e4ss\u00e4 ja urosletkuh\u00e4nt\u00e4 toisessa p\u00e4\u00e4ss\u00e4.\" \/>\n<meta property=\"og:url\" content=\"https:\/\/www.camlock.org\/fi\/tuote\/tyypin-e-ruostumattomasta-ter-ksest-316-valmistettu-nokkapy-r-kytkin-urosliitin-letkunvarsi\/\" \/>\n<meta property=\"og:site_name\" content=\"\u041f\u0440\u043e\u0434\u0430\u0436\u0430 \u043a\u0430\u043c\u043b\u043e\u043a (Camlock) \u0441\u043e\u0435\u0434\u0438\u043d\u0435\u043d\u0438\u0439\" \/>\n<meta property=\"og:image\" content=\"https:\/\/www.camlock.org\/wp-content\/uploads\/2019\/12\/Camlock_SS316_type_E_50mm_D200SS.jpg\" \/>\n\t<meta property=\"og:image:width\" content=\"1000\" \/>\n\t<meta property=\"og:image:height\" content=\"1000\" \/>\n\t<meta property=\"og:image:type\" content=\"image\/jpeg\" \/>\n<meta name=\"twitter:card\" content=\"summary_large_image\" \/>\n<script type=\"application\/ld+json\" class=\"yoast-schema-graph\">{\"@context\":\"https:\\\/\\\/schema.org\",\"@graph\":[{\"@type\":\"WebPage\",\"@id\":\"https:\\\/\\\/www.camlock.org\\\/fi\\\/tuote\\\/tyypin-e-ruostumattomasta-ter-ksest-316-valmistettu-nokkapy-r-kytkin-urosliitin-letkunvarsi\\\/\",\"url\":\"https:\\\/\\\/www.camlock.org\\\/fi\\\/tuote\\\/tyypin-e-ruostumattomasta-ter-ksest-316-valmistettu-nokkapy-r-kytkin-urosliitin-letkunvarsi\\\/\",\"name\":\"Tyypin E ruostumattomasta ter\u00e4ksest\u00e4 316 valmistettu nokkapy\u00f6r\u00e4kytkin - urosliitin \u00d7 letkunvarsi\",\"isPartOf\":{\"@id\":\"https:\\\/\\\/www.camlock.org\\\/fi\\\/?lang=et\\\/#website\"},\"primaryImageOfPage\":{\"@id\":\"https:\\\/\\\/www.camlock.org\\\/fi\\\/tuote\\\/tyypin-e-ruostumattomasta-ter-ksest-316-valmistettu-nokkapy-r-kytkin-urosliitin-letkunvarsi\\\/#primaryimage\"},\"image\":{\"@id\":\"https:\\\/\\\/www.camlock.org\\\/fi\\\/tuote\\\/tyypin-e-ruostumattomasta-ter-ksest-316-valmistettu-nokkapy-r-kytkin-urosliitin-letkunvarsi\\\/#primaryimage\"},\"thumbnailUrl\":\"https:\\\/\\\/www.camlock.org\\\/wp-content\\\/uploads\\\/2019\\\/12\\\/Camlock_SS316_type_E_50mm_D200SS.jpg\",\"datePublished\":\"2025-05-12T13:01:16+00:00\",\"description\":\"E-tyypin 316 ruostumattomasta ter\u00e4ksest\u00e4 valmistettu liitin tarkoittaa uros-sovitinta letkuh\u00e4nn\u00e4ll\u00e4 - E-tyypin nokkalukossa on urosnokkalukko toisessa p\u00e4\u00e4ss\u00e4 ja urosletkuh\u00e4nt\u00e4 toisessa p\u00e4\u00e4ss\u00e4.\",\"breadcrumb\":{\"@id\":\"https:\\\/\\\/www.camlock.org\\\/fi\\\/tuote\\\/tyypin-e-ruostumattomasta-ter-ksest-316-valmistettu-nokkapy-r-kytkin-urosliitin-letkunvarsi\\\/#breadcrumb\"},\"inLanguage\":\"fi\",\"potentialAction\":[{\"@type\":\"ReadAction\",\"target\":[\"https:\\\/\\\/www.camlock.org\\\/fi\\\/tuote\\\/tyypin-e-ruostumattomasta-ter-ksest-316-valmistettu-nokkapy-r-kytkin-urosliitin-letkunvarsi\\\/\"]}]},{\"@type\":\"ImageObject\",\"inLanguage\":\"fi\",\"@id\":\"https:\\\/\\\/www.camlock.org\\\/fi\\\/tuote\\\/tyypin-e-ruostumattomasta-ter-ksest-316-valmistettu-nokkapy-r-kytkin-urosliitin-letkunvarsi\\\/#primaryimage\",\"url\":\"https:\\\/\\\/www.camlock.org\\\/wp-content\\\/uploads\\\/2019\\\/12\\\/Camlock_SS316_type_E_50mm_D200SS.jpg\",\"contentUrl\":\"https:\\\/\\\/www.camlock.org\\\/wp-content\\\/uploads\\\/2019\\\/12\\\/Camlock_SS316_type_E_50mm_D200SS.jpg\",\"width\":1000,\"height\":1000},{\"@type\":\"BreadcrumbList\",\"@id\":\"https:\\\/\\\/www.camlock.org\\\/fi\\\/tuote\\\/tyypin-e-ruostumattomasta-ter-ksest-316-valmistettu-nokkapy-r-kytkin-urosliitin-letkunvarsi\\\/#breadcrumb\",\"itemListElement\":[{\"@type\":\"ListItem\",\"position\":1,\"name\":\"Home\",\"item\":\"https:\\\/\\\/www.camlock.org\\\/fi\\\/etusivu\\\/\"},{\"@type\":\"ListItem\",\"position\":2,\"name\":\"Kauppa\",\"item\":\"https:\\\/\\\/www.camlock.org\\\/fi\\\/d0-bc-d0-b0-d0-b3-d0-b0-d0-b7-d0-b8-d0-bd\\\/\"},{\"@type\":\"ListItem\",\"position\":3,\"name\":\"Tyypin E ruostumattomasta ter\u00e4ksest\u00e4 316 valmistettu nokkapy\u00f6r\u00e4kytkin &#8211; urosliitin \u00d7 letkunvarsi\"}]},{\"@type\":\"WebSite\",\"@id\":\"https:\\\/\\\/www.camlock.org\\\/fi\\\/?lang=et\\\/#website\",\"url\":\"https:\\\/\\\/www.camlock.org\\\/fi\\\/?lang=et\\\/\",\"name\":\"\u041f\u0440\u043e\u0434\u0430\u0436\u0430 \u043a\u0430\u043c\u043b\u043e\u043a (Camlock) \u0441\u043e\u0435\u0434\u0438\u043d\u0435\u043d\u0438\u0439\",\"description\":\"\u041f\u0440\u043e\u0434\u0430\u0436\u0430 \u043a\u0430\u043c\u043b\u043e\u043a (Camlock) \u0441\u043e\u0435\u0434\u0438\u043d\u0435\u043d\u0438\u0439\",\"potentialAction\":[{\"@type\":\"SearchAction\",\"target\":{\"@type\":\"EntryPoint\",\"urlTemplate\":\"https:\\\/\\\/www.camlock.org\\\/fi\\\/?lang=et\\\/?s={search_term_string}\"},\"query-input\":{\"@type\":\"PropertyValueSpecification\",\"valueRequired\":true,\"valueName\":\"search_term_string\"}}],\"inLanguage\":\"fi\"}]}<\/script>\n<!-- \/ Yoast SEO plugin. -->","yoast_head_json":{"title":"Tyypin E ruostumattomasta ter\u00e4ksest\u00e4 316 valmistettu nokkapy\u00f6r\u00e4kytkin - urosliitin \u00d7 letkunvarsi","description":"E-tyypin 316 ruostumattomasta ter\u00e4ksest\u00e4 valmistettu liitin tarkoittaa uros-sovitinta letkuh\u00e4nn\u00e4ll\u00e4 - E-tyypin nokkalukossa on urosnokkalukko toisessa p\u00e4\u00e4ss\u00e4 ja urosletkuh\u00e4nt\u00e4 toisessa p\u00e4\u00e4ss\u00e4.","robots":{"index":"index","follow":"follow","max-snippet":"max-snippet:-1","max-image-preview":"max-image-preview:large","max-video-preview":"max-video-preview:-1"},"canonical":"https:\/\/www.camlock.org\/fi\/tuote\/tyypin-e-ruostumattomasta-ter-ksest-316-valmistettu-nokkapy-r-kytkin-urosliitin-letkunvarsi\/","og_locale":"fi_FI","og_type":"article","og_title":"Tyypin E ruostumattomasta ter\u00e4ksest\u00e4 316 valmistettu nokkapy\u00f6r\u00e4kytkin - urosliitin \u00d7 letkunvarsi","og_description":"E-tyypin 316 ruostumattomasta ter\u00e4ksest\u00e4 valmistettu liitin tarkoittaa uros-sovitinta letkuh\u00e4nn\u00e4ll\u00e4 - E-tyypin nokkalukossa on urosnokkalukko toisessa p\u00e4\u00e4ss\u00e4 ja urosletkuh\u00e4nt\u00e4 toisessa p\u00e4\u00e4ss\u00e4.","og_url":"https:\/\/www.camlock.org\/fi\/tuote\/tyypin-e-ruostumattomasta-ter-ksest-316-valmistettu-nokkapy-r-kytkin-urosliitin-letkunvarsi\/","og_site_name":"\u041f\u0440\u043e\u0434\u0430\u0436\u0430 \u043a\u0430\u043c\u043b\u043e\u043a (Camlock) \u0441\u043e\u0435\u0434\u0438\u043d\u0435\u043d\u0438\u0439","og_image":[{"width":1000,"height":1000,"url":"https:\/\/www.camlock.org\/wp-content\/uploads\/2019\/12\/Camlock_SS316_type_E_50mm_D200SS.jpg","type":"image\/jpeg"}],"twitter_card":"summary_large_image","schema":{"@context":"https:\/\/schema.org","@graph":[{"@type":"WebPage","@id":"https:\/\/www.camlock.org\/fi\/tuote\/tyypin-e-ruostumattomasta-ter-ksest-316-valmistettu-nokkapy-r-kytkin-urosliitin-letkunvarsi\/","url":"https:\/\/www.camlock.org\/fi\/tuote\/tyypin-e-ruostumattomasta-ter-ksest-316-valmistettu-nokkapy-r-kytkin-urosliitin-letkunvarsi\/","name":"Tyypin E ruostumattomasta ter\u00e4ksest\u00e4 316 valmistettu nokkapy\u00f6r\u00e4kytkin - urosliitin \u00d7 letkunvarsi","isPartOf":{"@id":"https:\/\/www.camlock.org\/fi\/?lang=et\/#website"},"primaryImageOfPage":{"@id":"https:\/\/www.camlock.org\/fi\/tuote\/tyypin-e-ruostumattomasta-ter-ksest-316-valmistettu-nokkapy-r-kytkin-urosliitin-letkunvarsi\/#primaryimage"},"image":{"@id":"https:\/\/www.camlock.org\/fi\/tuote\/tyypin-e-ruostumattomasta-ter-ksest-316-valmistettu-nokkapy-r-kytkin-urosliitin-letkunvarsi\/#primaryimage"},"thumbnailUrl":"https:\/\/www.camlock.org\/wp-content\/uploads\/2019\/12\/Camlock_SS316_type_E_50mm_D200SS.jpg","datePublished":"2025-05-12T13:01:16+00:00","description":"E-tyypin 316 ruostumattomasta ter\u00e4ksest\u00e4 valmistettu liitin tarkoittaa uros-sovitinta letkuh\u00e4nn\u00e4ll\u00e4 - E-tyypin nokkalukossa on urosnokkalukko toisessa p\u00e4\u00e4ss\u00e4 ja urosletkuh\u00e4nt\u00e4 toisessa p\u00e4\u00e4ss\u00e4.","breadcrumb":{"@id":"https:\/\/www.camlock.org\/fi\/tuote\/tyypin-e-ruostumattomasta-ter-ksest-316-valmistettu-nokkapy-r-kytkin-urosliitin-letkunvarsi\/#breadcrumb"},"inLanguage":"fi","potentialAction":[{"@type":"ReadAction","target":["https:\/\/www.camlock.org\/fi\/tuote\/tyypin-e-ruostumattomasta-ter-ksest-316-valmistettu-nokkapy-r-kytkin-urosliitin-letkunvarsi\/"]}]},{"@type":"ImageObject","inLanguage":"fi","@id":"https:\/\/www.camlock.org\/fi\/tuote\/tyypin-e-ruostumattomasta-ter-ksest-316-valmistettu-nokkapy-r-kytkin-urosliitin-letkunvarsi\/#primaryimage","url":"https:\/\/www.camlock.org\/wp-content\/uploads\/2019\/12\/Camlock_SS316_type_E_50mm_D200SS.jpg","contentUrl":"https:\/\/www.camlock.org\/wp-content\/uploads\/2019\/12\/Camlock_SS316_type_E_50mm_D200SS.jpg","width":1000,"height":1000},{"@type":"BreadcrumbList","@id":"https:\/\/www.camlock.org\/fi\/tuote\/tyypin-e-ruostumattomasta-ter-ksest-316-valmistettu-nokkapy-r-kytkin-urosliitin-letkunvarsi\/#breadcrumb","itemListElement":[{"@type":"ListItem","position":1,"name":"Home","item":"https:\/\/www.camlock.org\/fi\/etusivu\/"},{"@type":"ListItem","position":2,"name":"Kauppa","item":"https:\/\/www.camlock.org\/fi\/d0-bc-d0-b0-d0-b3-d0-b0-d0-b7-d0-b8-d0-bd\/"},{"@type":"ListItem","position":3,"name":"Tyypin E ruostumattomasta ter\u00e4ksest\u00e4 316 valmistettu nokkapy\u00f6r\u00e4kytkin &#8211; urosliitin \u00d7 letkunvarsi"}]},{"@type":"WebSite","@id":"https:\/\/www.camlock.org\/fi\/?lang=et\/#website","url":"https:\/\/www.camlock.org\/fi\/?lang=et\/","name":"\u041f\u0440\u043e\u0434\u0430\u0436\u0430 \u043a\u0430\u043c\u043b\u043e\u043a (Camlock) \u0441\u043e\u0435\u0434\u0438\u043d\u0435\u043d\u0438\u0439","description":"\u041f\u0440\u043e\u0434\u0430\u0436\u0430 \u043a\u0430\u043c\u043b\u043e\u043a (Camlock) \u0441\u043e\u0435\u0434\u0438\u043d\u0435\u043d\u0438\u0439","potentialAction":[{"@type":"SearchAction","target":{"@type":"EntryPoint","urlTemplate":"https:\/\/www.camlock.org\/fi\/?lang=et\/?s={search_term_string}"},"query-input":{"@type":"PropertyValueSpecification","valueRequired":true,"valueName":"search_term_string"}}],"inLanguage":"fi"}]}},"_links":{"self":[{"href":"https:\/\/www.camlock.org\/fi\/wp-json\/wp\/v2\/product\/24493","targetHints":{"allow":["GET"]}}],"collection":[{"href":"https:\/\/www.camlock.org\/fi\/wp-json\/wp\/v2\/product"}],"about":[{"href":"https:\/\/www.camlock.org\/fi\/wp-json\/wp\/v2\/types\/product"}],"wp:featuredmedia":[{"embeddable":true,"href":"https:\/\/www.camlock.org\/fi\/wp-json\/wp\/v2\/media\/24494"}],"wp:attachment":[{"href":"https:\/\/www.camlock.org\/fi\/wp-json\/wp\/v2\/media?parent=24493"}],"wp:term":[{"taxonomy":"product_brand","embeddable":true,"href":"https:\/\/www.camlock.org\/fi\/wp-json\/wp\/v2\/product_brand?post=24493"},{"taxonomy":"product_cat","embeddable":true,"href":"https:\/\/www.camlock.org\/fi\/wp-json\/wp\/v2\/product_cat?post=24493"},{"taxonomy":"product_tag","embeddable":true,"href":"https:\/\/www.camlock.org\/fi\/wp-json\/wp\/v2\/product_tag?post=24493"}],"curies":[{"name":"wp","href":"https:\/\/api.w.org\/{rel}","templated":true}]}}