{"id":24644,"date":"2018-06-03T17:16:49","date_gmt":"2025-05-15T13:17:58","guid":{"rendered":"https:\/\/www.camlock.org\/?post_type=product&#038;p=24644"},"modified":"2025-05-15T16:17:58","modified_gmt":"2025-05-15T13:17:58","slug":"tyypin-c-ruostumattomasta-ter-ksest-316-valmistettu-nokkapy-r-kytkin-naarasliitin-letkunvarsi","status":"publish","type":"product","link":"https:\/\/www.camlock.org\/fi\/tuote\/tyypin-c-ruostumattomasta-ter-ksest-316-valmistettu-nokkapy-r-kytkin-naarasliitin-letkunvarsi\/","title":{"rendered":"Tyypin C ruostumattomasta ter\u00e4ksest\u00e4 316 valmistettu nokkapy\u00f6r\u00e4kytkin &#8211; naarasliitin \u00d7 letkunvarsi"},"content":{"rendered":"<p>C-tyypin ruostumattomasta ter\u00e4ksest\u00e4 valmistettu nokkapeltiliitin &#8211; Naarasliitin letkuh\u00e4nn\u00e4ll\u00e4 &#8211; C-tyypin ter\u00e4ksisiss\u00e4 nokkapeltiliittimiss\u00e4 on nokkapeltiliitin toisessa p\u00e4\u00e4ss\u00e4 ja urosliitin letkuh\u00e4nn\u00e4ll\u00e4 toisessa p\u00e4\u00e4ss\u00e4. Naarasnokkakytkimen p\u00e4\u00e4h\u00e4n sopii mik\u00e4 tahansa urosnokkakytkimen sovitin, ja letkuh\u00e4nt\u00e4 ty\u00f6nnet\u00e4\u00e4n mink\u00e4 tahansa oikean kokoisen letkun sis\u00e4\u00e4n ja kiinnitet\u00e4\u00e4n raskaalla ruostumattomasta ter\u00e4ksest\u00e4 valmistetulla pulttipuristimella.<\/p>\n","protected":false},"excerpt":{"rendered":"<p>C-tyypin ruostumattomasta ter\u00e4ksest\u00e4 valmistettu nokkapeltiliitin &#8211; Naarasliitin letkuh\u00e4nn\u00e4ll\u00e4 &#8211; C-tyypin ter\u00e4ksisiss\u00e4 nokkapeltiliittimiss\u00e4 on nokkapeltiliitin toisessa p\u00e4\u00e4ss\u00e4 ja urosliitin letkuh\u00e4nn\u00e4ll\u00e4 toisessa p\u00e4\u00e4ss\u00e4.<\/p>\n","protected":false},"featured_media":24647,"template":"","meta":[],"product_brand":[],"product_cat":[492],"product_tag":[493,233],"class_list":{"0":"post-24644","1":"product","2":"type-product","3":"status-publish","4":"has-post-thumbnail","6":"product_cat-ruostumattomasta-ter-ksest-valmistetut-nokkakytkimen-liitososat","7":"product_tag-ruostumaton-ter-s","8":"product_tag-type--fi","10":"first","11":"instock","12":"taxable","13":"shipping-taxable","14":"purchasable","15":"product-type-variable"},"yoast_head":"<!-- This site is optimized with the Yoast SEO plugin v27.4 - https:\/\/yoast.com\/product\/yoast-seo-wordpress\/ -->\n<title>Tyypin C ruostumattomasta ter\u00e4ksest\u00e4 316 valmistettu nokkapy\u00f6r\u00e4kytkin - naarasliitin \u00d7 letkunvarsi - \u041f\u0440\u043e\u0434\u0430\u0436\u0430 \u043a\u0430\u043c\u043b\u043e\u043a (Camlock) \u0441\u043e\u0435\u0434\u0438\u043d\u0435\u043d\u0438\u0439<\/title>\n<meta name=\"description\" content=\"C-tyypin ruostumattomasta ter\u00e4ksest\u00e4 valmistettu nokkapeltiliitin - Naarasliitin letkuh\u00e4nn\u00e4ll\u00e4 - C-tyypin ter\u00e4ksisiss\u00e4 nokkapeltiliittimiss\u00e4 on nokkapeltiliitin toisessa p\u00e4\u00e4ss\u00e4 ja urosliitin letkuh\u00e4nn\u00e4ll\u00e4 toisessa p\u00e4\u00e4ss\u00e4.\" \/>\n<meta name=\"robots\" content=\"index, follow, max-snippet:-1, max-image-preview:large, max-video-preview:-1\" \/>\n<link rel=\"canonical\" href=\"https:\/\/www.camlock.org\/fi\/tuote\/tyypin-c-ruostumattomasta-ter-ksest-316-valmistettu-nokkapy-r-kytkin-naarasliitin-letkunvarsi\/\" \/>\n<meta property=\"og:locale\" content=\"fi_FI\" \/>\n<meta property=\"og:type\" content=\"article\" \/>\n<meta property=\"og:title\" content=\"Tyypin C ruostumattomasta ter\u00e4ksest\u00e4 316 valmistettu nokkapy\u00f6r\u00e4kytkin - naarasliitin \u00d7 letkunvarsi - \u041f\u0440\u043e\u0434\u0430\u0436\u0430 \u043a\u0430\u043c\u043b\u043e\u043a (Camlock) \u0441\u043e\u0435\u0434\u0438\u043d\u0435\u043d\u0438\u0439\" \/>\n<meta property=\"og:description\" content=\"C-tyypin ruostumattomasta ter\u00e4ksest\u00e4 valmistettu nokkapeltiliitin - Naarasliitin letkuh\u00e4nn\u00e4ll\u00e4 - C-tyypin ter\u00e4ksisiss\u00e4 nokkapeltiliittimiss\u00e4 on nokkapeltiliitin toisessa p\u00e4\u00e4ss\u00e4 ja urosliitin letkuh\u00e4nn\u00e4ll\u00e4 toisessa p\u00e4\u00e4ss\u00e4.\" \/>\n<meta property=\"og:url\" content=\"https:\/\/www.camlock.org\/fi\/tuote\/tyypin-c-ruostumattomasta-ter-ksest-316-valmistettu-nokkapy-r-kytkin-naarasliitin-letkunvarsi\/\" \/>\n<meta property=\"og:site_name\" content=\"\u041f\u0440\u043e\u0434\u0430\u0436\u0430 \u043a\u0430\u043c\u043b\u043e\u043a (Camlock) \u0441\u043e\u0435\u0434\u0438\u043d\u0435\u043d\u0438\u0439\" \/>\n<meta property=\"og:image\" content=\"https:\/\/www.camlock.org\/wp-content\/uploads\/2018\/06\/Camlock_SS316_type_C_50mm_D200SS-1.jpg\" \/>\n\t<meta property=\"og:image:width\" content=\"1000\" \/>\n\t<meta property=\"og:image:height\" content=\"1000\" \/>\n\t<meta property=\"og:image:type\" content=\"image\/jpeg\" \/>\n<meta name=\"twitter:card\" content=\"summary_large_image\" \/>\n<script type=\"application\/ld+json\" class=\"yoast-schema-graph\">{\"@context\":\"https:\\\/\\\/schema.org\",\"@graph\":[{\"@type\":\"WebPage\",\"@id\":\"https:\\\/\\\/www.camlock.org\\\/fi\\\/tuote\\\/tyypin-c-ruostumattomasta-ter-ksest-316-valmistettu-nokkapy-r-kytkin-naarasliitin-letkunvarsi\\\/\",\"url\":\"https:\\\/\\\/www.camlock.org\\\/fi\\\/tuote\\\/tyypin-c-ruostumattomasta-ter-ksest-316-valmistettu-nokkapy-r-kytkin-naarasliitin-letkunvarsi\\\/\",\"name\":\"Tyypin C ruostumattomasta ter\u00e4ksest\u00e4 316 valmistettu nokkapy\u00f6r\u00e4kytkin - naarasliitin \u00d7 letkunvarsi - \u041f\u0440\u043e\u0434\u0430\u0436\u0430 \u043a\u0430\u043c\u043b\u043e\u043a (Camlock) \u0441\u043e\u0435\u0434\u0438\u043d\u0435\u043d\u0438\u0439\",\"isPartOf\":{\"@id\":\"https:\\\/\\\/www.camlock.org\\\/fi\\\/?lang=et\\\/#website\"},\"primaryImageOfPage\":{\"@id\":\"https:\\\/\\\/www.camlock.org\\\/fi\\\/tuote\\\/tyypin-c-ruostumattomasta-ter-ksest-316-valmistettu-nokkapy-r-kytkin-naarasliitin-letkunvarsi\\\/#primaryimage\"},\"image\":{\"@id\":\"https:\\\/\\\/www.camlock.org\\\/fi\\\/tuote\\\/tyypin-c-ruostumattomasta-ter-ksest-316-valmistettu-nokkapy-r-kytkin-naarasliitin-letkunvarsi\\\/#primaryimage\"},\"thumbnailUrl\":\"https:\\\/\\\/www.camlock.org\\\/wp-content\\\/uploads\\\/2018\\\/06\\\/Camlock_SS316_type_C_50mm_D200SS-1.jpg\",\"datePublished\":\"2025-05-15T13:17:58+00:00\",\"description\":\"C-tyypin ruostumattomasta ter\u00e4ksest\u00e4 valmistettu nokkapeltiliitin - Naarasliitin letkuh\u00e4nn\u00e4ll\u00e4 - C-tyypin ter\u00e4ksisiss\u00e4 nokkapeltiliittimiss\u00e4 on nokkapeltiliitin toisessa p\u00e4\u00e4ss\u00e4 ja urosliitin letkuh\u00e4nn\u00e4ll\u00e4 toisessa p\u00e4\u00e4ss\u00e4.\",\"breadcrumb\":{\"@id\":\"https:\\\/\\\/www.camlock.org\\\/fi\\\/tuote\\\/tyypin-c-ruostumattomasta-ter-ksest-316-valmistettu-nokkapy-r-kytkin-naarasliitin-letkunvarsi\\\/#breadcrumb\"},\"inLanguage\":\"fi\",\"potentialAction\":[{\"@type\":\"ReadAction\",\"target\":[\"https:\\\/\\\/www.camlock.org\\\/fi\\\/tuote\\\/tyypin-c-ruostumattomasta-ter-ksest-316-valmistettu-nokkapy-r-kytkin-naarasliitin-letkunvarsi\\\/\"]}]},{\"@type\":\"ImageObject\",\"inLanguage\":\"fi\",\"@id\":\"https:\\\/\\\/www.camlock.org\\\/fi\\\/tuote\\\/tyypin-c-ruostumattomasta-ter-ksest-316-valmistettu-nokkapy-r-kytkin-naarasliitin-letkunvarsi\\\/#primaryimage\",\"url\":\"https:\\\/\\\/www.camlock.org\\\/wp-content\\\/uploads\\\/2018\\\/06\\\/Camlock_SS316_type_C_50mm_D200SS-1.jpg\",\"contentUrl\":\"https:\\\/\\\/www.camlock.org\\\/wp-content\\\/uploads\\\/2018\\\/06\\\/Camlock_SS316_type_C_50mm_D200SS-1.jpg\",\"width\":1000,\"height\":1000},{\"@type\":\"BreadcrumbList\",\"@id\":\"https:\\\/\\\/www.camlock.org\\\/fi\\\/tuote\\\/tyypin-c-ruostumattomasta-ter-ksest-316-valmistettu-nokkapy-r-kytkin-naarasliitin-letkunvarsi\\\/#breadcrumb\",\"itemListElement\":[{\"@type\":\"ListItem\",\"position\":1,\"name\":\"Home\",\"item\":\"https:\\\/\\\/www.camlock.org\\\/fi\\\/etusivu\\\/\"},{\"@type\":\"ListItem\",\"position\":2,\"name\":\"Kauppa\",\"item\":\"https:\\\/\\\/www.camlock.org\\\/fi\\\/d0-bc-d0-b0-d0-b3-d0-b0-d0-b7-d0-b8-d0-bd\\\/\"},{\"@type\":\"ListItem\",\"position\":3,\"name\":\"Tyypin C ruostumattomasta ter\u00e4ksest\u00e4 316 valmistettu nokkapy\u00f6r\u00e4kytkin &#8211; naarasliitin \u00d7 letkunvarsi\"}]},{\"@type\":\"WebSite\",\"@id\":\"https:\\\/\\\/www.camlock.org\\\/fi\\\/?lang=et\\\/#website\",\"url\":\"https:\\\/\\\/www.camlock.org\\\/fi\\\/?lang=et\\\/\",\"name\":\"\u041f\u0440\u043e\u0434\u0430\u0436\u0430 \u043a\u0430\u043c\u043b\u043e\u043a (Camlock) \u0441\u043e\u0435\u0434\u0438\u043d\u0435\u043d\u0438\u0439\",\"description\":\"\u041f\u0440\u043e\u0434\u0430\u0436\u0430 \u043a\u0430\u043c\u043b\u043e\u043a (Camlock) \u0441\u043e\u0435\u0434\u0438\u043d\u0435\u043d\u0438\u0439\",\"potentialAction\":[{\"@type\":\"SearchAction\",\"target\":{\"@type\":\"EntryPoint\",\"urlTemplate\":\"https:\\\/\\\/www.camlock.org\\\/fi\\\/?lang=et\\\/?s={search_term_string}\"},\"query-input\":{\"@type\":\"PropertyValueSpecification\",\"valueRequired\":true,\"valueName\":\"search_term_string\"}}],\"inLanguage\":\"fi\"}]}<\/script>\n<!-- \/ Yoast SEO plugin. -->","yoast_head_json":{"title":"Tyypin C ruostumattomasta ter\u00e4ksest\u00e4 316 valmistettu nokkapy\u00f6r\u00e4kytkin - naarasliitin \u00d7 letkunvarsi - \u041f\u0440\u043e\u0434\u0430\u0436\u0430 \u043a\u0430\u043c\u043b\u043e\u043a (Camlock) \u0441\u043e\u0435\u0434\u0438\u043d\u0435\u043d\u0438\u0439","description":"C-tyypin ruostumattomasta ter\u00e4ksest\u00e4 valmistettu nokkapeltiliitin - Naarasliitin letkuh\u00e4nn\u00e4ll\u00e4 - C-tyypin ter\u00e4ksisiss\u00e4 nokkapeltiliittimiss\u00e4 on nokkapeltiliitin toisessa p\u00e4\u00e4ss\u00e4 ja urosliitin letkuh\u00e4nn\u00e4ll\u00e4 toisessa p\u00e4\u00e4ss\u00e4.","robots":{"index":"index","follow":"follow","max-snippet":"max-snippet:-1","max-image-preview":"max-image-preview:large","max-video-preview":"max-video-preview:-1"},"canonical":"https:\/\/www.camlock.org\/fi\/tuote\/tyypin-c-ruostumattomasta-ter-ksest-316-valmistettu-nokkapy-r-kytkin-naarasliitin-letkunvarsi\/","og_locale":"fi_FI","og_type":"article","og_title":"Tyypin C ruostumattomasta ter\u00e4ksest\u00e4 316 valmistettu nokkapy\u00f6r\u00e4kytkin - naarasliitin \u00d7 letkunvarsi - \u041f\u0440\u043e\u0434\u0430\u0436\u0430 \u043a\u0430\u043c\u043b\u043e\u043a (Camlock) \u0441\u043e\u0435\u0434\u0438\u043d\u0435\u043d\u0438\u0439","og_description":"C-tyypin ruostumattomasta ter\u00e4ksest\u00e4 valmistettu nokkapeltiliitin - Naarasliitin letkuh\u00e4nn\u00e4ll\u00e4 - C-tyypin ter\u00e4ksisiss\u00e4 nokkapeltiliittimiss\u00e4 on nokkapeltiliitin toisessa p\u00e4\u00e4ss\u00e4 ja urosliitin letkuh\u00e4nn\u00e4ll\u00e4 toisessa p\u00e4\u00e4ss\u00e4.","og_url":"https:\/\/www.camlock.org\/fi\/tuote\/tyypin-c-ruostumattomasta-ter-ksest-316-valmistettu-nokkapy-r-kytkin-naarasliitin-letkunvarsi\/","og_site_name":"\u041f\u0440\u043e\u0434\u0430\u0436\u0430 \u043a\u0430\u043c\u043b\u043e\u043a (Camlock) \u0441\u043e\u0435\u0434\u0438\u043d\u0435\u043d\u0438\u0439","og_image":[{"width":1000,"height":1000,"url":"https:\/\/www.camlock.org\/wp-content\/uploads\/2018\/06\/Camlock_SS316_type_C_50mm_D200SS-1.jpg","type":"image\/jpeg"}],"twitter_card":"summary_large_image","schema":{"@context":"https:\/\/schema.org","@graph":[{"@type":"WebPage","@id":"https:\/\/www.camlock.org\/fi\/tuote\/tyypin-c-ruostumattomasta-ter-ksest-316-valmistettu-nokkapy-r-kytkin-naarasliitin-letkunvarsi\/","url":"https:\/\/www.camlock.org\/fi\/tuote\/tyypin-c-ruostumattomasta-ter-ksest-316-valmistettu-nokkapy-r-kytkin-naarasliitin-letkunvarsi\/","name":"Tyypin C ruostumattomasta ter\u00e4ksest\u00e4 316 valmistettu nokkapy\u00f6r\u00e4kytkin - naarasliitin \u00d7 letkunvarsi - \u041f\u0440\u043e\u0434\u0430\u0436\u0430 \u043a\u0430\u043c\u043b\u043e\u043a (Camlock) \u0441\u043e\u0435\u0434\u0438\u043d\u0435\u043d\u0438\u0439","isPartOf":{"@id":"https:\/\/www.camlock.org\/fi\/?lang=et\/#website"},"primaryImageOfPage":{"@id":"https:\/\/www.camlock.org\/fi\/tuote\/tyypin-c-ruostumattomasta-ter-ksest-316-valmistettu-nokkapy-r-kytkin-naarasliitin-letkunvarsi\/#primaryimage"},"image":{"@id":"https:\/\/www.camlock.org\/fi\/tuote\/tyypin-c-ruostumattomasta-ter-ksest-316-valmistettu-nokkapy-r-kytkin-naarasliitin-letkunvarsi\/#primaryimage"},"thumbnailUrl":"https:\/\/www.camlock.org\/wp-content\/uploads\/2018\/06\/Camlock_SS316_type_C_50mm_D200SS-1.jpg","datePublished":"2025-05-15T13:17:58+00:00","description":"C-tyypin ruostumattomasta ter\u00e4ksest\u00e4 valmistettu nokkapeltiliitin - Naarasliitin letkuh\u00e4nn\u00e4ll\u00e4 - C-tyypin ter\u00e4ksisiss\u00e4 nokkapeltiliittimiss\u00e4 on nokkapeltiliitin toisessa p\u00e4\u00e4ss\u00e4 ja urosliitin letkuh\u00e4nn\u00e4ll\u00e4 toisessa p\u00e4\u00e4ss\u00e4.","breadcrumb":{"@id":"https:\/\/www.camlock.org\/fi\/tuote\/tyypin-c-ruostumattomasta-ter-ksest-316-valmistettu-nokkapy-r-kytkin-naarasliitin-letkunvarsi\/#breadcrumb"},"inLanguage":"fi","potentialAction":[{"@type":"ReadAction","target":["https:\/\/www.camlock.org\/fi\/tuote\/tyypin-c-ruostumattomasta-ter-ksest-316-valmistettu-nokkapy-r-kytkin-naarasliitin-letkunvarsi\/"]}]},{"@type":"ImageObject","inLanguage":"fi","@id":"https:\/\/www.camlock.org\/fi\/tuote\/tyypin-c-ruostumattomasta-ter-ksest-316-valmistettu-nokkapy-r-kytkin-naarasliitin-letkunvarsi\/#primaryimage","url":"https:\/\/www.camlock.org\/wp-content\/uploads\/2018\/06\/Camlock_SS316_type_C_50mm_D200SS-1.jpg","contentUrl":"https:\/\/www.camlock.org\/wp-content\/uploads\/2018\/06\/Camlock_SS316_type_C_50mm_D200SS-1.jpg","width":1000,"height":1000},{"@type":"BreadcrumbList","@id":"https:\/\/www.camlock.org\/fi\/tuote\/tyypin-c-ruostumattomasta-ter-ksest-316-valmistettu-nokkapy-r-kytkin-naarasliitin-letkunvarsi\/#breadcrumb","itemListElement":[{"@type":"ListItem","position":1,"name":"Home","item":"https:\/\/www.camlock.org\/fi\/etusivu\/"},{"@type":"ListItem","position":2,"name":"Kauppa","item":"https:\/\/www.camlock.org\/fi\/d0-bc-d0-b0-d0-b3-d0-b0-d0-b7-d0-b8-d0-bd\/"},{"@type":"ListItem","position":3,"name":"Tyypin C ruostumattomasta ter\u00e4ksest\u00e4 316 valmistettu nokkapy\u00f6r\u00e4kytkin &#8211; naarasliitin \u00d7 letkunvarsi"}]},{"@type":"WebSite","@id":"https:\/\/www.camlock.org\/fi\/?lang=et\/#website","url":"https:\/\/www.camlock.org\/fi\/?lang=et\/","name":"\u041f\u0440\u043e\u0434\u0430\u0436\u0430 \u043a\u0430\u043c\u043b\u043e\u043a (Camlock) \u0441\u043e\u0435\u0434\u0438\u043d\u0435\u043d\u0438\u0439","description":"\u041f\u0440\u043e\u0434\u0430\u0436\u0430 \u043a\u0430\u043c\u043b\u043e\u043a (Camlock) \u0441\u043e\u0435\u0434\u0438\u043d\u0435\u043d\u0438\u0439","potentialAction":[{"@type":"SearchAction","target":{"@type":"EntryPoint","urlTemplate":"https:\/\/www.camlock.org\/fi\/?lang=et\/?s={search_term_string}"},"query-input":{"@type":"PropertyValueSpecification","valueRequired":true,"valueName":"search_term_string"}}],"inLanguage":"fi"}]}},"_links":{"self":[{"href":"https:\/\/www.camlock.org\/fi\/wp-json\/wp\/v2\/product\/24644","targetHints":{"allow":["GET"]}}],"collection":[{"href":"https:\/\/www.camlock.org\/fi\/wp-json\/wp\/v2\/product"}],"about":[{"href":"https:\/\/www.camlock.org\/fi\/wp-json\/wp\/v2\/types\/product"}],"wp:featuredmedia":[{"embeddable":true,"href":"https:\/\/www.camlock.org\/fi\/wp-json\/wp\/v2\/media\/24647"}],"wp:attachment":[{"href":"https:\/\/www.camlock.org\/fi\/wp-json\/wp\/v2\/media?parent=24644"}],"wp:term":[{"taxonomy":"product_brand","embeddable":true,"href":"https:\/\/www.camlock.org\/fi\/wp-json\/wp\/v2\/product_brand?post=24644"},{"taxonomy":"product_cat","embeddable":true,"href":"https:\/\/www.camlock.org\/fi\/wp-json\/wp\/v2\/product_cat?post=24644"},{"taxonomy":"product_tag","embeddable":true,"href":"https:\/\/www.camlock.org\/fi\/wp-json\/wp\/v2\/product_tag?post=24644"}],"curies":[{"name":"wp","href":"https:\/\/api.w.org\/{rel}","templated":true}]}}