{"id":8652,"date":"2018-01-16T22:13:30","date_gmt":"2018-01-16T19:13:30","guid":{"rendered":"https:\/\/www.camlock.org\/product\/tyyppi-c-nailonkiinnike-naarasliitin-x-letkun-varsi\/"},"modified":"2025-05-14T21:46:02","modified_gmt":"2025-05-14T18:46:02","slug":"tyyppi-c-nailonkiinnike-naarasliitin-x-letkun-varsi","status":"publish","type":"product","link":"https:\/\/www.camlock.org\/fi\/tuote\/tyyppi-c-nailonkiinnike-naarasliitin-x-letkun-varsi\/","title":{"rendered":"Tyyppi C nailonkiinnike &#8211; naarasliitin \u00d7 letkun varsi"},"content":{"rendered":"<p>Naarasliitin letkuliittimell\u00e4 &#8211; C-tyypin nailonlukossa on naarasliitin toisessa p\u00e4\u00e4ss\u00e4 ja urosliitin toisessa p\u00e4\u00e4ss\u00e4. Naarasliitin sopii mihin tahansa urosliittimeen, ja letkuliitin asetetaan mink\u00e4 tahansa oikean kokoisen letkun sis\u00e4\u00e4n ja kiinnitet\u00e4\u00e4n tukevalla ruostumattomasta ter\u00e4ksest\u00e4 valmistetulla pulttikipidikkeell\u00e4. <\/p>\n","protected":false},"excerpt":{"rendered":"<p>C-tyyppi\u00e4 k\u00e4ytet\u00e4\u00e4n yleens\u00e4 A-, E-, F- ja DP-tyyppisten sovittimien kanssa.<\/p>\n","protected":false},"featured_media":8464,"template":"","meta":[],"product_brand":[],"product_cat":[147],"product_tag":[148,233],"class_list":{"0":"post-8652","1":"product","2":"type-product","3":"status-publish","4":"has-post-thumbnail","6":"product_cat-nylon-camlock-couplings-fi","7":"product_tag-nylon-fi","8":"product_tag-type--fi","10":"first","11":"instock","12":"taxable","13":"shipping-taxable","14":"purchasable","15":"product-type-variable"},"yoast_head":"<!-- This site is optimized with the Yoast SEO plugin v27.4 - https:\/\/yoast.com\/product\/yoast-seo-wordpress\/ -->\n<title>Tyyppi C nailonkiinnike - naarasliitin \u00d7 letkun varsi<\/title>\n<meta name=\"description\" content=\"Naarasliitin letkuliittimell\u00e4 - C-tyypin nailonlukossa on naarasliitin toisessa p\u00e4\u00e4ss\u00e4 ja urosliitin toisessa p\u00e4\u00e4ss\u00e4.\" \/>\n<meta name=\"robots\" content=\"index, follow, max-snippet:-1, max-image-preview:large, max-video-preview:-1\" \/>\n<link rel=\"canonical\" href=\"https:\/\/www.camlock.org\/fi\/tuote\/tyyppi-c-nailonkiinnike-naarasliitin-x-letkun-varsi\/\" \/>\n<meta property=\"og:locale\" content=\"fi_FI\" \/>\n<meta property=\"og:type\" content=\"article\" \/>\n<meta property=\"og:title\" content=\"Tyyppi C nailonkiinnike - naarasliitin \u00d7 letkun varsi\" \/>\n<meta property=\"og:description\" content=\"Naarasliitin letkuliittimell\u00e4 - C-tyypin nailonlukossa on naarasliitin toisessa p\u00e4\u00e4ss\u00e4 ja urosliitin toisessa p\u00e4\u00e4ss\u00e4.\" \/>\n<meta property=\"og:url\" content=\"https:\/\/www.camlock.org\/fi\/tuote\/tyyppi-c-nailonkiinnike-naarasliitin-x-letkun-varsi\/\" \/>\n<meta property=\"og:site_name\" content=\"\u041f\u0440\u043e\u0434\u0430\u0436\u0430 \u043a\u0430\u043c\u043b\u043e\u043a (Camlock) \u0441\u043e\u0435\u0434\u0438\u043d\u0435\u043d\u0438\u0439\" \/>\n<meta property=\"article:modified_time\" content=\"2025-05-14T18:46:02+00:00\" \/>\n<meta property=\"og:image\" content=\"https:\/\/www.camlock.org\/wp-content\/uploads\/2018\/01\/Camlock_Nylon_type-C_200mm_A050NL_.jpg\" \/>\n\t<meta property=\"og:image:width\" content=\"1000\" \/>\n\t<meta property=\"og:image:height\" content=\"1134\" \/>\n\t<meta property=\"og:image:type\" content=\"image\/jpeg\" \/>\n<meta name=\"twitter:card\" content=\"summary_large_image\" \/>\n<script type=\"application\/ld+json\" class=\"yoast-schema-graph\">{\"@context\":\"https:\\\/\\\/schema.org\",\"@graph\":[{\"@type\":\"WebPage\",\"@id\":\"https:\\\/\\\/www.camlock.org\\\/fi\\\/tuote\\\/tyyppi-c-nailonkiinnike-naarasliitin-x-letkun-varsi\\\/\",\"url\":\"https:\\\/\\\/www.camlock.org\\\/fi\\\/tuote\\\/tyyppi-c-nailonkiinnike-naarasliitin-x-letkun-varsi\\\/\",\"name\":\"Tyyppi C nailonkiinnike - naarasliitin \u00d7 letkun varsi\",\"isPartOf\":{\"@id\":\"https:\\\/\\\/www.camlock.org\\\/fi\\\/?lang=et\\\/#website\"},\"primaryImageOfPage\":{\"@id\":\"https:\\\/\\\/www.camlock.org\\\/fi\\\/tuote\\\/tyyppi-c-nailonkiinnike-naarasliitin-x-letkun-varsi\\\/#primaryimage\"},\"image\":{\"@id\":\"https:\\\/\\\/www.camlock.org\\\/fi\\\/tuote\\\/tyyppi-c-nailonkiinnike-naarasliitin-x-letkun-varsi\\\/#primaryimage\"},\"thumbnailUrl\":\"https:\\\/\\\/www.camlock.org\\\/wp-content\\\/uploads\\\/2018\\\/01\\\/Camlock_Nylon_type-C_200mm_A050NL_.jpg\",\"datePublished\":\"2018-01-16T19:13:30+00:00\",\"dateModified\":\"2025-05-14T18:46:02+00:00\",\"description\":\"Naarasliitin letkuliittimell\u00e4 - C-tyypin nailonlukossa on naarasliitin toisessa p\u00e4\u00e4ss\u00e4 ja urosliitin toisessa p\u00e4\u00e4ss\u00e4.\",\"breadcrumb\":{\"@id\":\"https:\\\/\\\/www.camlock.org\\\/fi\\\/tuote\\\/tyyppi-c-nailonkiinnike-naarasliitin-x-letkun-varsi\\\/#breadcrumb\"},\"inLanguage\":\"fi\",\"potentialAction\":[{\"@type\":\"ReadAction\",\"target\":[\"https:\\\/\\\/www.camlock.org\\\/fi\\\/tuote\\\/tyyppi-c-nailonkiinnike-naarasliitin-x-letkun-varsi\\\/\"]}]},{\"@type\":\"ImageObject\",\"inLanguage\":\"fi\",\"@id\":\"https:\\\/\\\/www.camlock.org\\\/fi\\\/tuote\\\/tyyppi-c-nailonkiinnike-naarasliitin-x-letkun-varsi\\\/#primaryimage\",\"url\":\"https:\\\/\\\/www.camlock.org\\\/wp-content\\\/uploads\\\/2018\\\/01\\\/Camlock_Nylon_type-C_200mm_A050NL_.jpg\",\"contentUrl\":\"https:\\\/\\\/www.camlock.org\\\/wp-content\\\/uploads\\\/2018\\\/01\\\/Camlock_Nylon_type-C_200mm_A050NL_.jpg\",\"width\":1000,\"height\":1134,\"caption\":\"Tyyppi C nailonkiinnike - naarasliitin \u00d7 letkun varsi\"},{\"@type\":\"BreadcrumbList\",\"@id\":\"https:\\\/\\\/www.camlock.org\\\/fi\\\/tuote\\\/tyyppi-c-nailonkiinnike-naarasliitin-x-letkun-varsi\\\/#breadcrumb\",\"itemListElement\":[{\"@type\":\"ListItem\",\"position\":1,\"name\":\"Home\",\"item\":\"https:\\\/\\\/www.camlock.org\\\/fi\\\/etusivu\\\/\"},{\"@type\":\"ListItem\",\"position\":2,\"name\":\"Kauppa\",\"item\":\"https:\\\/\\\/www.camlock.org\\\/fi\\\/d0-bc-d0-b0-d0-b3-d0-b0-d0-b7-d0-b8-d0-bd\\\/\"},{\"@type\":\"ListItem\",\"position\":3,\"name\":\"Tyyppi C nailonkiinnike &#8211; naarasliitin \u00d7 letkun varsi\"}]},{\"@type\":\"WebSite\",\"@id\":\"https:\\\/\\\/www.camlock.org\\\/fi\\\/?lang=et\\\/#website\",\"url\":\"https:\\\/\\\/www.camlock.org\\\/fi\\\/?lang=et\\\/\",\"name\":\"\u041f\u0440\u043e\u0434\u0430\u0436\u0430 \u043a\u0430\u043c\u043b\u043e\u043a (Camlock) \u0441\u043e\u0435\u0434\u0438\u043d\u0435\u043d\u0438\u0439\",\"description\":\"\u041f\u0440\u043e\u0434\u0430\u0436\u0430 \u043a\u0430\u043c\u043b\u043e\u043a (Camlock) \u0441\u043e\u0435\u0434\u0438\u043d\u0435\u043d\u0438\u0439\",\"potentialAction\":[{\"@type\":\"SearchAction\",\"target\":{\"@type\":\"EntryPoint\",\"urlTemplate\":\"https:\\\/\\\/www.camlock.org\\\/fi\\\/?lang=et\\\/?s={search_term_string}\"},\"query-input\":{\"@type\":\"PropertyValueSpecification\",\"valueRequired\":true,\"valueName\":\"search_term_string\"}}],\"inLanguage\":\"fi\"}]}<\/script>\n<!-- \/ Yoast SEO plugin. -->","yoast_head_json":{"title":"Tyyppi C nailonkiinnike - naarasliitin \u00d7 letkun varsi","description":"Naarasliitin letkuliittimell\u00e4 - C-tyypin nailonlukossa on naarasliitin toisessa p\u00e4\u00e4ss\u00e4 ja urosliitin toisessa p\u00e4\u00e4ss\u00e4.","robots":{"index":"index","follow":"follow","max-snippet":"max-snippet:-1","max-image-preview":"max-image-preview:large","max-video-preview":"max-video-preview:-1"},"canonical":"https:\/\/www.camlock.org\/fi\/tuote\/tyyppi-c-nailonkiinnike-naarasliitin-x-letkun-varsi\/","og_locale":"fi_FI","og_type":"article","og_title":"Tyyppi C nailonkiinnike - naarasliitin \u00d7 letkun varsi","og_description":"Naarasliitin letkuliittimell\u00e4 - C-tyypin nailonlukossa on naarasliitin toisessa p\u00e4\u00e4ss\u00e4 ja urosliitin toisessa p\u00e4\u00e4ss\u00e4.","og_url":"https:\/\/www.camlock.org\/fi\/tuote\/tyyppi-c-nailonkiinnike-naarasliitin-x-letkun-varsi\/","og_site_name":"\u041f\u0440\u043e\u0434\u0430\u0436\u0430 \u043a\u0430\u043c\u043b\u043e\u043a (Camlock) \u0441\u043e\u0435\u0434\u0438\u043d\u0435\u043d\u0438\u0439","article_modified_time":"2025-05-14T18:46:02+00:00","og_image":[{"width":1000,"height":1134,"url":"https:\/\/www.camlock.org\/wp-content\/uploads\/2018\/01\/Camlock_Nylon_type-C_200mm_A050NL_.jpg","type":"image\/jpeg"}],"twitter_card":"summary_large_image","schema":{"@context":"https:\/\/schema.org","@graph":[{"@type":"WebPage","@id":"https:\/\/www.camlock.org\/fi\/tuote\/tyyppi-c-nailonkiinnike-naarasliitin-x-letkun-varsi\/","url":"https:\/\/www.camlock.org\/fi\/tuote\/tyyppi-c-nailonkiinnike-naarasliitin-x-letkun-varsi\/","name":"Tyyppi C nailonkiinnike - naarasliitin \u00d7 letkun varsi","isPartOf":{"@id":"https:\/\/www.camlock.org\/fi\/?lang=et\/#website"},"primaryImageOfPage":{"@id":"https:\/\/www.camlock.org\/fi\/tuote\/tyyppi-c-nailonkiinnike-naarasliitin-x-letkun-varsi\/#primaryimage"},"image":{"@id":"https:\/\/www.camlock.org\/fi\/tuote\/tyyppi-c-nailonkiinnike-naarasliitin-x-letkun-varsi\/#primaryimage"},"thumbnailUrl":"https:\/\/www.camlock.org\/wp-content\/uploads\/2018\/01\/Camlock_Nylon_type-C_200mm_A050NL_.jpg","datePublished":"2018-01-16T19:13:30+00:00","dateModified":"2025-05-14T18:46:02+00:00","description":"Naarasliitin letkuliittimell\u00e4 - C-tyypin nailonlukossa on naarasliitin toisessa p\u00e4\u00e4ss\u00e4 ja urosliitin toisessa p\u00e4\u00e4ss\u00e4.","breadcrumb":{"@id":"https:\/\/www.camlock.org\/fi\/tuote\/tyyppi-c-nailonkiinnike-naarasliitin-x-letkun-varsi\/#breadcrumb"},"inLanguage":"fi","potentialAction":[{"@type":"ReadAction","target":["https:\/\/www.camlock.org\/fi\/tuote\/tyyppi-c-nailonkiinnike-naarasliitin-x-letkun-varsi\/"]}]},{"@type":"ImageObject","inLanguage":"fi","@id":"https:\/\/www.camlock.org\/fi\/tuote\/tyyppi-c-nailonkiinnike-naarasliitin-x-letkun-varsi\/#primaryimage","url":"https:\/\/www.camlock.org\/wp-content\/uploads\/2018\/01\/Camlock_Nylon_type-C_200mm_A050NL_.jpg","contentUrl":"https:\/\/www.camlock.org\/wp-content\/uploads\/2018\/01\/Camlock_Nylon_type-C_200mm_A050NL_.jpg","width":1000,"height":1134,"caption":"Tyyppi C nailonkiinnike - naarasliitin \u00d7 letkun varsi"},{"@type":"BreadcrumbList","@id":"https:\/\/www.camlock.org\/fi\/tuote\/tyyppi-c-nailonkiinnike-naarasliitin-x-letkun-varsi\/#breadcrumb","itemListElement":[{"@type":"ListItem","position":1,"name":"Home","item":"https:\/\/www.camlock.org\/fi\/etusivu\/"},{"@type":"ListItem","position":2,"name":"Kauppa","item":"https:\/\/www.camlock.org\/fi\/d0-bc-d0-b0-d0-b3-d0-b0-d0-b7-d0-b8-d0-bd\/"},{"@type":"ListItem","position":3,"name":"Tyyppi C nailonkiinnike &#8211; naarasliitin \u00d7 letkun varsi"}]},{"@type":"WebSite","@id":"https:\/\/www.camlock.org\/fi\/?lang=et\/#website","url":"https:\/\/www.camlock.org\/fi\/?lang=et\/","name":"\u041f\u0440\u043e\u0434\u0430\u0436\u0430 \u043a\u0430\u043c\u043b\u043e\u043a (Camlock) \u0441\u043e\u0435\u0434\u0438\u043d\u0435\u043d\u0438\u0439","description":"\u041f\u0440\u043e\u0434\u0430\u0436\u0430 \u043a\u0430\u043c\u043b\u043e\u043a (Camlock) \u0441\u043e\u0435\u0434\u0438\u043d\u0435\u043d\u0438\u0439","potentialAction":[{"@type":"SearchAction","target":{"@type":"EntryPoint","urlTemplate":"https:\/\/www.camlock.org\/fi\/?lang=et\/?s={search_term_string}"},"query-input":{"@type":"PropertyValueSpecification","valueRequired":true,"valueName":"search_term_string"}}],"inLanguage":"fi"}]}},"_links":{"self":[{"href":"https:\/\/www.camlock.org\/fi\/wp-json\/wp\/v2\/product\/8652","targetHints":{"allow":["GET"]}}],"collection":[{"href":"https:\/\/www.camlock.org\/fi\/wp-json\/wp\/v2\/product"}],"about":[{"href":"https:\/\/www.camlock.org\/fi\/wp-json\/wp\/v2\/types\/product"}],"wp:featuredmedia":[{"embeddable":true,"href":"https:\/\/www.camlock.org\/fi\/wp-json\/wp\/v2\/media\/8464"}],"wp:attachment":[{"href":"https:\/\/www.camlock.org\/fi\/wp-json\/wp\/v2\/media?parent=8652"}],"wp:term":[{"taxonomy":"product_brand","embeddable":true,"href":"https:\/\/www.camlock.org\/fi\/wp-json\/wp\/v2\/product_brand?post=8652"},{"taxonomy":"product_cat","embeddable":true,"href":"https:\/\/www.camlock.org\/fi\/wp-json\/wp\/v2\/product_cat?post=8652"},{"taxonomy":"product_tag","embeddable":true,"href":"https:\/\/www.camlock.org\/fi\/wp-json\/wp\/v2\/product_tag?post=8652"}],"curies":[{"name":"wp","href":"https:\/\/api.w.org\/{rel}","templated":true}]}}