{"id":9188,"date":"2017-12-13T13:31:26","date_gmt":"2017-12-13T10:31:26","guid":{"rendered":"https:\/\/www.camlock.org\/product\/tyyppi-b-nailon-kammion-kiinnitys-naarasliitin-x-uros-bsp-kierre\/"},"modified":"2025-05-15T15:35:58","modified_gmt":"2025-05-15T12:35:58","slug":"tyyppi-b-nailon-kammion-kiinnitys-naarasliitin-uros-bsp-kierre","status":"publish","type":"product","link":"https:\/\/www.camlock.org\/fi\/tuote\/tyyppi-b-nailon-kammion-kiinnitys-naarasliitin-uros-bsp-kierre\/","title":{"rendered":"Tyyppi B nailon kammion kiinnitys &#8211; naarasliitin \u00d7 uros BSP -kierre"},"content":{"rendered":"<p>Tyypin B keltaista nokka-liitint\u00e4 k\u00e4ytet\u00e4\u00e4n yleens\u00e4 tyypin F sovittimen kanssa, joskus my\u00f6s samankokoisten tyyppien A ja E sek\u00e4 DP (p\u00f6lytulppa) kanssa. Nailonista valmistetut nokka- ja uraliittimet mahdollistavat letkun kiinnitt\u00e4misen ja irrottamisen napsahduksella, mik\u00e4 eliminoi kierteiden ja laipan monimutkaisen k\u00e4yt\u00f6n. Ty\u00f6nn\u00e4t vain urosliittimen naarasliittimeen, kunnes se koskettaa tiivistett\u00e4. Paina sitten varret alas, jotta tiiviste puristuu tasaisesti.   <\/p>\n","protected":false},"excerpt":{"rendered":"<p>B-tyypin nokka-akseliliitint\u00e4 k\u00e4ytet\u00e4\u00e4n yleens\u00e4 F-tyypin sovittimen kanssa, joskus samankokoisten A- ja E-tyypin sovittimen sek\u00e4 DP:n (p\u00f6lytulpan) kanssa.<\/p>\n","protected":false},"featured_media":8334,"template":"","meta":[],"product_brand":[],"product_cat":[147],"product_tag":[148,240],"class_list":{"0":"post-9188","1":"product","2":"type-product","3":"status-publish","4":"has-post-thumbnail","6":"product_cat-nylon-camlock-couplings-fi","7":"product_tag-nylon-fi","8":"product_tag-type-b-fi","10":"first","11":"instock","12":"taxable","13":"shipping-taxable","14":"purchasable","15":"product-type-variable"},"yoast_head":"<!-- This site is optimized with the Yoast SEO plugin v27.4 - https:\/\/yoast.com\/product\/yoast-seo-wordpress\/ -->\n<title>Tyyppi B nailon kammion kiinnitys - naarasliitin \u00d7 uros BSP -kierre<\/title>\n<meta name=\"description\" content=\"Tyypin B keltaista nokkaliitint\u00e4 k\u00e4ytet\u00e4\u00e4n yleens\u00e4 tyypin F sovittimen kanssa, joskus my\u00f6s samankokoisten tyypin A ja E sek\u00e4 DP (p\u00f6lytulppa) kanssa. Nailoniset nokka- ja uraliittimet mahdollistavat letkun kiinnitt\u00e4misen ja irrottamisen napsahtamalla, mik\u00e4 eliminoi kierteiden ja laippojen monimutkaisen k\u00e4yt\u00f6n.\" \/>\n<meta name=\"robots\" content=\"index, follow, max-snippet:-1, max-image-preview:large, max-video-preview:-1\" \/>\n<link rel=\"canonical\" href=\"https:\/\/www.camlock.org\/fi\/tuote\/tyyppi-b-nailon-kammion-kiinnitys-naarasliitin-uros-bsp-kierre\/\" \/>\n<meta property=\"og:locale\" content=\"fi_FI\" \/>\n<meta property=\"og:type\" content=\"article\" \/>\n<meta property=\"og:title\" content=\"Tyyppi B nailon kammion kiinnitys - naarasliitin \u00d7 uros BSP -kierre\" \/>\n<meta property=\"og:description\" content=\"Tyypin B keltaista nokkaliitint\u00e4 k\u00e4ytet\u00e4\u00e4n yleens\u00e4 tyypin F sovittimen kanssa, joskus my\u00f6s samankokoisten tyypin A ja E sek\u00e4 DP (p\u00f6lytulppa) kanssa. Nailoniset nokka- ja uraliittimet mahdollistavat letkun kiinnitt\u00e4misen ja irrottamisen napsahtamalla, mik\u00e4 eliminoi kierteiden ja laippojen monimutkaisen k\u00e4yt\u00f6n.\" \/>\n<meta property=\"og:url\" content=\"https:\/\/www.camlock.org\/fi\/tuote\/tyyppi-b-nailon-kammion-kiinnitys-naarasliitin-uros-bsp-kierre\/\" \/>\n<meta property=\"og:site_name\" content=\"\u041f\u0440\u043e\u0434\u0430\u0436\u0430 \u043a\u0430\u043c\u043b\u043e\u043a (Camlock) \u0441\u043e\u0435\u0434\u0438\u043d\u0435\u043d\u0438\u0439\" \/>\n<meta property=\"article:modified_time\" content=\"2025-05-15T12:35:58+00:00\" \/>\n<meta property=\"og:image\" content=\"https:\/\/www.camlock.org\/wp-content\/uploads\/2017\/12\/Camlock_Nylon_type-B_50mm_B200NY_.jpg\" \/>\n\t<meta property=\"og:image:width\" content=\"1000\" \/>\n\t<meta property=\"og:image:height\" content=\"1134\" \/>\n\t<meta property=\"og:image:type\" content=\"image\/jpeg\" \/>\n<meta name=\"twitter:card\" content=\"summary_large_image\" \/>\n<meta name=\"twitter:label1\" content=\"Arvioitu lukuaika\" \/>\n\t<meta name=\"twitter:data1\" content=\"1 minuutti\" \/>\n<script type=\"application\/ld+json\" class=\"yoast-schema-graph\">{\"@context\":\"https:\\\/\\\/schema.org\",\"@graph\":[{\"@type\":\"WebPage\",\"@id\":\"https:\\\/\\\/www.camlock.org\\\/fi\\\/tuote\\\/tyyppi-b-nailon-kammion-kiinnitys-naarasliitin-uros-bsp-kierre\\\/\",\"url\":\"https:\\\/\\\/www.camlock.org\\\/fi\\\/tuote\\\/tyyppi-b-nailon-kammion-kiinnitys-naarasliitin-uros-bsp-kierre\\\/\",\"name\":\"Tyyppi B nailon kammion kiinnitys - naarasliitin \u00d7 uros BSP -kierre\",\"isPartOf\":{\"@id\":\"https:\\\/\\\/www.camlock.org\\\/fi\\\/?lang=et\\\/#website\"},\"primaryImageOfPage\":{\"@id\":\"https:\\\/\\\/www.camlock.org\\\/fi\\\/tuote\\\/tyyppi-b-nailon-kammion-kiinnitys-naarasliitin-uros-bsp-kierre\\\/#primaryimage\"},\"image\":{\"@id\":\"https:\\\/\\\/www.camlock.org\\\/fi\\\/tuote\\\/tyyppi-b-nailon-kammion-kiinnitys-naarasliitin-uros-bsp-kierre\\\/#primaryimage\"},\"thumbnailUrl\":\"https:\\\/\\\/www.camlock.org\\\/wp-content\\\/uploads\\\/2017\\\/12\\\/Camlock_Nylon_type-B_50mm_B200NY_.jpg\",\"datePublished\":\"2017-12-13T10:31:26+00:00\",\"dateModified\":\"2025-05-15T12:35:58+00:00\",\"description\":\"Tyypin B keltaista nokkaliitint\u00e4 k\u00e4ytet\u00e4\u00e4n yleens\u00e4 tyypin F sovittimen kanssa, joskus my\u00f6s samankokoisten tyypin A ja E sek\u00e4 DP (p\u00f6lytulppa) kanssa. Nailoniset nokka- ja uraliittimet mahdollistavat letkun kiinnitt\u00e4misen ja irrottamisen napsahtamalla, mik\u00e4 eliminoi kierteiden ja laippojen monimutkaisen k\u00e4yt\u00f6n.\",\"breadcrumb\":{\"@id\":\"https:\\\/\\\/www.camlock.org\\\/fi\\\/tuote\\\/tyyppi-b-nailon-kammion-kiinnitys-naarasliitin-uros-bsp-kierre\\\/#breadcrumb\"},\"inLanguage\":\"fi\",\"potentialAction\":[{\"@type\":\"ReadAction\",\"target\":[\"https:\\\/\\\/www.camlock.org\\\/fi\\\/tuote\\\/tyyppi-b-nailon-kammion-kiinnitys-naarasliitin-uros-bsp-kierre\\\/\"]}]},{\"@type\":\"ImageObject\",\"inLanguage\":\"fi\",\"@id\":\"https:\\\/\\\/www.camlock.org\\\/fi\\\/tuote\\\/tyyppi-b-nailon-kammion-kiinnitys-naarasliitin-uros-bsp-kierre\\\/#primaryimage\",\"url\":\"https:\\\/\\\/www.camlock.org\\\/wp-content\\\/uploads\\\/2017\\\/12\\\/Camlock_Nylon_type-B_50mm_B200NY_.jpg\",\"contentUrl\":\"https:\\\/\\\/www.camlock.org\\\/wp-content\\\/uploads\\\/2017\\\/12\\\/Camlock_Nylon_type-B_50mm_B200NY_.jpg\",\"width\":1000,\"height\":1134,\"caption\":\"Type B Nylon Camlock Fitting - Female Coupler \u00d7 Male BSP Thread\"},{\"@type\":\"BreadcrumbList\",\"@id\":\"https:\\\/\\\/www.camlock.org\\\/fi\\\/tuote\\\/tyyppi-b-nailon-kammion-kiinnitys-naarasliitin-uros-bsp-kierre\\\/#breadcrumb\",\"itemListElement\":[{\"@type\":\"ListItem\",\"position\":1,\"name\":\"Home\",\"item\":\"https:\\\/\\\/www.camlock.org\\\/fi\\\/etusivu\\\/\"},{\"@type\":\"ListItem\",\"position\":2,\"name\":\"Kauppa\",\"item\":\"https:\\\/\\\/www.camlock.org\\\/fi\\\/d0-bc-d0-b0-d0-b3-d0-b0-d0-b7-d0-b8-d0-bd\\\/\"},{\"@type\":\"ListItem\",\"position\":3,\"name\":\"Tyyppi B nailon kammion kiinnitys &#8211; naarasliitin \u00d7 uros BSP -kierre\"}]},{\"@type\":\"WebSite\",\"@id\":\"https:\\\/\\\/www.camlock.org\\\/fi\\\/?lang=et\\\/#website\",\"url\":\"https:\\\/\\\/www.camlock.org\\\/fi\\\/?lang=et\\\/\",\"name\":\"\u041f\u0440\u043e\u0434\u0430\u0436\u0430 \u043a\u0430\u043c\u043b\u043e\u043a (Camlock) \u0441\u043e\u0435\u0434\u0438\u043d\u0435\u043d\u0438\u0439\",\"description\":\"\u041f\u0440\u043e\u0434\u0430\u0436\u0430 \u043a\u0430\u043c\u043b\u043e\u043a (Camlock) \u0441\u043e\u0435\u0434\u0438\u043d\u0435\u043d\u0438\u0439\",\"potentialAction\":[{\"@type\":\"SearchAction\",\"target\":{\"@type\":\"EntryPoint\",\"urlTemplate\":\"https:\\\/\\\/www.camlock.org\\\/fi\\\/?lang=et\\\/?s={search_term_string}\"},\"query-input\":{\"@type\":\"PropertyValueSpecification\",\"valueRequired\":true,\"valueName\":\"search_term_string\"}}],\"inLanguage\":\"fi\"}]}<\/script>\n<!-- \/ Yoast SEO plugin. -->","yoast_head_json":{"title":"Tyyppi B nailon kammion kiinnitys - naarasliitin \u00d7 uros BSP -kierre","description":"Tyypin B keltaista nokkaliitint\u00e4 k\u00e4ytet\u00e4\u00e4n yleens\u00e4 tyypin F sovittimen kanssa, joskus my\u00f6s samankokoisten tyypin A ja E sek\u00e4 DP (p\u00f6lytulppa) kanssa. Nailoniset nokka- ja uraliittimet mahdollistavat letkun kiinnitt\u00e4misen ja irrottamisen napsahtamalla, mik\u00e4 eliminoi kierteiden ja laippojen monimutkaisen k\u00e4yt\u00f6n.","robots":{"index":"index","follow":"follow","max-snippet":"max-snippet:-1","max-image-preview":"max-image-preview:large","max-video-preview":"max-video-preview:-1"},"canonical":"https:\/\/www.camlock.org\/fi\/tuote\/tyyppi-b-nailon-kammion-kiinnitys-naarasliitin-uros-bsp-kierre\/","og_locale":"fi_FI","og_type":"article","og_title":"Tyyppi B nailon kammion kiinnitys - naarasliitin \u00d7 uros BSP -kierre","og_description":"Tyypin B keltaista nokkaliitint\u00e4 k\u00e4ytet\u00e4\u00e4n yleens\u00e4 tyypin F sovittimen kanssa, joskus my\u00f6s samankokoisten tyypin A ja E sek\u00e4 DP (p\u00f6lytulppa) kanssa. Nailoniset nokka- ja uraliittimet mahdollistavat letkun kiinnitt\u00e4misen ja irrottamisen napsahtamalla, mik\u00e4 eliminoi kierteiden ja laippojen monimutkaisen k\u00e4yt\u00f6n.","og_url":"https:\/\/www.camlock.org\/fi\/tuote\/tyyppi-b-nailon-kammion-kiinnitys-naarasliitin-uros-bsp-kierre\/","og_site_name":"\u041f\u0440\u043e\u0434\u0430\u0436\u0430 \u043a\u0430\u043c\u043b\u043e\u043a (Camlock) \u0441\u043e\u0435\u0434\u0438\u043d\u0435\u043d\u0438\u0439","article_modified_time":"2025-05-15T12:35:58+00:00","og_image":[{"width":1000,"height":1134,"url":"https:\/\/www.camlock.org\/wp-content\/uploads\/2017\/12\/Camlock_Nylon_type-B_50mm_B200NY_.jpg","type":"image\/jpeg"}],"twitter_card":"summary_large_image","twitter_misc":{"Arvioitu lukuaika":"1 minuutti"},"schema":{"@context":"https:\/\/schema.org","@graph":[{"@type":"WebPage","@id":"https:\/\/www.camlock.org\/fi\/tuote\/tyyppi-b-nailon-kammion-kiinnitys-naarasliitin-uros-bsp-kierre\/","url":"https:\/\/www.camlock.org\/fi\/tuote\/tyyppi-b-nailon-kammion-kiinnitys-naarasliitin-uros-bsp-kierre\/","name":"Tyyppi B nailon kammion kiinnitys - naarasliitin \u00d7 uros BSP -kierre","isPartOf":{"@id":"https:\/\/www.camlock.org\/fi\/?lang=et\/#website"},"primaryImageOfPage":{"@id":"https:\/\/www.camlock.org\/fi\/tuote\/tyyppi-b-nailon-kammion-kiinnitys-naarasliitin-uros-bsp-kierre\/#primaryimage"},"image":{"@id":"https:\/\/www.camlock.org\/fi\/tuote\/tyyppi-b-nailon-kammion-kiinnitys-naarasliitin-uros-bsp-kierre\/#primaryimage"},"thumbnailUrl":"https:\/\/www.camlock.org\/wp-content\/uploads\/2017\/12\/Camlock_Nylon_type-B_50mm_B200NY_.jpg","datePublished":"2017-12-13T10:31:26+00:00","dateModified":"2025-05-15T12:35:58+00:00","description":"Tyypin B keltaista nokkaliitint\u00e4 k\u00e4ytet\u00e4\u00e4n yleens\u00e4 tyypin F sovittimen kanssa, joskus my\u00f6s samankokoisten tyypin A ja E sek\u00e4 DP (p\u00f6lytulppa) kanssa. Nailoniset nokka- ja uraliittimet mahdollistavat letkun kiinnitt\u00e4misen ja irrottamisen napsahtamalla, mik\u00e4 eliminoi kierteiden ja laippojen monimutkaisen k\u00e4yt\u00f6n.","breadcrumb":{"@id":"https:\/\/www.camlock.org\/fi\/tuote\/tyyppi-b-nailon-kammion-kiinnitys-naarasliitin-uros-bsp-kierre\/#breadcrumb"},"inLanguage":"fi","potentialAction":[{"@type":"ReadAction","target":["https:\/\/www.camlock.org\/fi\/tuote\/tyyppi-b-nailon-kammion-kiinnitys-naarasliitin-uros-bsp-kierre\/"]}]},{"@type":"ImageObject","inLanguage":"fi","@id":"https:\/\/www.camlock.org\/fi\/tuote\/tyyppi-b-nailon-kammion-kiinnitys-naarasliitin-uros-bsp-kierre\/#primaryimage","url":"https:\/\/www.camlock.org\/wp-content\/uploads\/2017\/12\/Camlock_Nylon_type-B_50mm_B200NY_.jpg","contentUrl":"https:\/\/www.camlock.org\/wp-content\/uploads\/2017\/12\/Camlock_Nylon_type-B_50mm_B200NY_.jpg","width":1000,"height":1134,"caption":"Type B Nylon Camlock Fitting - Female Coupler \u00d7 Male BSP Thread"},{"@type":"BreadcrumbList","@id":"https:\/\/www.camlock.org\/fi\/tuote\/tyyppi-b-nailon-kammion-kiinnitys-naarasliitin-uros-bsp-kierre\/#breadcrumb","itemListElement":[{"@type":"ListItem","position":1,"name":"Home","item":"https:\/\/www.camlock.org\/fi\/etusivu\/"},{"@type":"ListItem","position":2,"name":"Kauppa","item":"https:\/\/www.camlock.org\/fi\/d0-bc-d0-b0-d0-b3-d0-b0-d0-b7-d0-b8-d0-bd\/"},{"@type":"ListItem","position":3,"name":"Tyyppi B nailon kammion kiinnitys &#8211; naarasliitin \u00d7 uros BSP -kierre"}]},{"@type":"WebSite","@id":"https:\/\/www.camlock.org\/fi\/?lang=et\/#website","url":"https:\/\/www.camlock.org\/fi\/?lang=et\/","name":"\u041f\u0440\u043e\u0434\u0430\u0436\u0430 \u043a\u0430\u043c\u043b\u043e\u043a (Camlock) \u0441\u043e\u0435\u0434\u0438\u043d\u0435\u043d\u0438\u0439","description":"\u041f\u0440\u043e\u0434\u0430\u0436\u0430 \u043a\u0430\u043c\u043b\u043e\u043a (Camlock) \u0441\u043e\u0435\u0434\u0438\u043d\u0435\u043d\u0438\u0439","potentialAction":[{"@type":"SearchAction","target":{"@type":"EntryPoint","urlTemplate":"https:\/\/www.camlock.org\/fi\/?lang=et\/?s={search_term_string}"},"query-input":{"@type":"PropertyValueSpecification","valueRequired":true,"valueName":"search_term_string"}}],"inLanguage":"fi"}]}},"_links":{"self":[{"href":"https:\/\/www.camlock.org\/fi\/wp-json\/wp\/v2\/product\/9188","targetHints":{"allow":["GET"]}}],"collection":[{"href":"https:\/\/www.camlock.org\/fi\/wp-json\/wp\/v2\/product"}],"about":[{"href":"https:\/\/www.camlock.org\/fi\/wp-json\/wp\/v2\/types\/product"}],"wp:featuredmedia":[{"embeddable":true,"href":"https:\/\/www.camlock.org\/fi\/wp-json\/wp\/v2\/media\/8334"}],"wp:attachment":[{"href":"https:\/\/www.camlock.org\/fi\/wp-json\/wp\/v2\/media?parent=9188"}],"wp:term":[{"taxonomy":"product_brand","embeddable":true,"href":"https:\/\/www.camlock.org\/fi\/wp-json\/wp\/v2\/product_brand?post=9188"},{"taxonomy":"product_cat","embeddable":true,"href":"https:\/\/www.camlock.org\/fi\/wp-json\/wp\/v2\/product_cat?post=9188"},{"taxonomy":"product_tag","embeddable":true,"href":"https:\/\/www.camlock.org\/fi\/wp-json\/wp\/v2\/product_tag?post=9188"}],"curies":[{"name":"wp","href":"https:\/\/api.w.org\/{rel}","templated":true}]}}