{"id":23970,"date":"2025-05-08T20:12:18","date_gmt":"2025-05-08T17:12:18","guid":{"rendered":"https:\/\/www.camlock.org\/privatumo-politika\/"},"modified":"2025-05-08T20:12:18","modified_gmt":"2025-05-08T17:12:18","slug":"privatumo-politika","status":"publish","type":"page","link":"https:\/\/www.camlock.org\/lt\/privatumo-politika\/","title":{"rendered":"Privatumo politika"},"content":{"rendered":"\n<h2 class=\"wp-block-heading\">Privatumo politika<\/h2>\n\n<p>&#8222;Camlock.org&#8221; (&#8222;Masterchem OU&#8221;) \u012fsipareigojo saugoti savo klient\u0173 ir naudotoj\u0173 privatum\u0105. Tod\u0117l pareng\u0117 \u0161iuos privatumo politikos principus, kuriais reglamentuojamas klient\u0173 duomen\u0173 rinkimas, naudojimas, atskleidimas, perdavimas ir saugojimas. M\u016bs\u0173 veikla internete atitinka vis\u0105 susijusi\u0105 praktik\u0105, taip pat atitinkamus ES teis\u0117s aktus ir Estijos Respublikos \u012fstatymus. Skirkite \u0161iek tiek laiko ir susipa\u017einkite su m\u016bs\u0173 taikomais privatumo principais   <\/p>\n\n<h2 class=\"wp-block-heading\">Asmens duomen\u0173 rinkimas, tvarkymas ir saugojimas<\/h2>\n\n<p>Duomen\u0173 valdytojo renkami, tvarkomi ir saugomi asmens duomenys renkami elektroniniu b\u016bdu, daugiausia svetain\u0117je, el. pa\u0161tu ir popieriuje.<\/p>\n\n<p>Dalydamasis savo asmens duomenimis, duomen\u0173 subjektas suteikia duomen\u0173 valdytojui teis\u0119 rinkti, tvarkyti, naudoti ir administruoti asmens duomenis, kuriais duomen\u0173 subjektas tiesiogiai ar netiesiogiai dalijasi su duomen\u0173 valdytoju pirkdamas prekes ar paslaugas interneto svetain\u0117je, privatumo politikoje apibr\u0117\u017etu tikslu.<\/p>\n\n<p>Duomen\u0173 subjektas atsako u\u017e savo pateikt\u0173 duomen\u0173 tikslum\u0105, teisingum\u0105 ir vientisum\u0105. S\u0105moningai klaiding\u0173 duomen\u0173 pateikimas laikomas privatumo politikos pa\u017eeidimu. Duomen\u0173 subjektas privalo nedelsdamas prane\u0161ti duomen\u0173 valdytojui apie bet kokius pateikt\u0173 duomen\u0173 pasikeitimus.  <\/p>\n\n<p>Duomen\u0173 valdytojas neatsako u\u017e \u017eal\u0105 ar nuostolius, kuriuos duomen\u0173 subjektas ar tre\u010dioji \u0161alis patyr\u0117 d\u0117l to, kad duomen\u0173 subjektas pateik\u0117 klaidingus duomenis.<\/p>\n\n<h2 class=\"wp-block-heading\">Klient\u0173 asmens duomen\u0173 tvarkymas<\/h2>\n\n<p>Duomen\u0173 valdytojas gali tvarkyti \u0161iuos duomen\u0173 subjekto asmens duomenis:<\/p>\n\n<ul class=\"wp-block-list\">\n<li>Kai m\u016bs\u0173 svetain\u0117je pateikiate savo kontaktin\u0119 informacij\u0105 (\u012fskaitant vard\u0105, pavard\u0119, asmens kod\u0105, pa\u0161to adres\u0105, telefono numer\u012f, el. pa\u0161to adres\u0105, pageidaujam\u0105 bendravimo b\u016bd\u0105);<\/li>\n\n\n\n<li>kai naudojat\u0117s m\u016bs\u0173 svetaine, duomenys renkami per j\u016bs\u0173 paskyr\u0105 arba slapukus;<\/li>\n<\/ul>\n\n<h2 class=\"wp-block-heading\">Kit\u0173 duomen\u0173 rinkimas<\/h2>\n\n<p>Taip pat galime rinkti bendro pob\u016bd\u017eio duomenis apie tai, kaip klientai bendrauja su m\u016bs\u0173 el. parduotuv\u0117mis ir svetaine. \u0160ie duomenys sujungiami ir naudojami siekiant pateikti klientams naudingesn\u0119 informacij\u0105 ir su\u017einoti, kurios svetain\u0117s dalys, produktai ir paslaugos sulaukia did\u017eiausio susidom\u0117jimo. \u0160ioje privatumo politikoje tokie sujungti duomenys laikomi neasmeniniais duomenimis.  <\/p>\n\n<p>Be to, kas i\u0161d\u0117styta pirmiau, duomen\u0173 valdytojas turi teis\u0119 rinkti duomenis apie klient\u0105, kuriuos galima rasti vie\u0161uose registruose.<\/p>\n\n<h2 class=\"wp-block-heading\">Surinkt\u0173 asmens duomen\u0173 naudojimas ir saugojimas<\/h2>\n\n<p>Galime naudoti visus surinktus asmens duomenis, kad klientams rodytume &#8222;Camlock.org&#8221; produkt\u0173 naujienas, kampanijas ir b\u016bsimus renginius. Klientai, norintys atsisakyti dalyvauti m\u016bs\u0173 naujienlai\u0161ki\u0173 siuntimo s\u0105ra\u0161e arba nenorintys gauti informacijos apie juos dominan\u010dius gaminius, gali bet kada atsisakyti naujienlai\u0161ki\u0173 siuntimo s\u0105ra\u0161\u0173. Surinktus asmens duomenis taip pat naudojame prek\u0117ms pristatyti ir \u012fsipareigojimams, kuriuos galime b\u016bti prisi\u0117m\u0119 kliento at\u017evilgiu, vykdyti.<br\/>Sutikdamas su Privatumo politikos s\u0105lygomis, klientas duoda &#8222;Camlock.org&#8221; sutikim\u0105 automatizuotai tvarkyti jo duomenis. Savo sutikim\u0105 galite bet kada at\u0161aukti m\u016bs\u0173 interneto svetain\u0117je arba atsi\u0173sdami mums pra\u0161ym\u0105 ra\u0161tu atkuriamu formatu. Tokie pra\u0161ymai ir sutikimai atgaline data negalioja.    <\/p>\n\n<p>Siekdamas u\u017etikrinti geresn\u012f klient\u0173 aptarnavim\u0105, informacij\u0105 apie atskirus naudotojus galiu atskleisti tre\u010diajai \u0161aliai, kuri teikia paslaugas &#8222;Camlock.org&#8221; ir pagal sutart\u012f yra \u012fsipareigojusi i\u0161laikyti bet kokios pasidalytos informacijos konfidencialum\u0105. Tokia tre\u010dioji \u0161alis gali b\u016bti, pavyzd\u017eiui, m\u016bs\u0173 partneris, kurio pareiga &#8211; pristatyti m\u016bs\u0173 e. parduotuv\u0117je parduodamas prekes arba teikti pirkimo i\u0161simok\u0117tinai paslaugas. U\u017e asmens duomen\u0173 tvarkym\u0105 atsako &#8222;Camlock.org&#8221;. Mok\u0117jimams atlikti reikalingus asmens duomenis duomen\u0173 valdytojas perduoda duomen\u0173 tvarkytojui, bendrovei &#8222;Maksekeskus AS&#8221;.   <\/p>\n\n<p>&#8222;Camlock.org&#8221; visus kliento asmens duomenis iki lojalaus kliento sutarties nutraukimo. Duomenis, kuriuos &#8222;Camlock.org&#8221; privalo saugoti pagal \u012fstatymus (pvz., apskaitos duomenis), &#8222;Camlock.org&#8221; saugo pagal \u012fstatym\u0173 nuostatas. <\/p>\n\n<h2 class=\"wp-block-heading\">Asmens duomen\u0173 saugumas<\/h2>\n\n<p>&#8222;Camlock.org&#8221; imasi vis\u0173 atsargumo priemoni\u0173 (\u012fskaitant administracines, technines ir fizines priemones), kad apsaugot\u0173 klient\u0173 asmens duomenis. Prieig\u0105 prie asmens duomen\u0173 turi tik \u012fgalioti asmenys, kad gal\u0117t\u0173 juos keisti ir tvarkyti. <\/p>\n\n<p>Asmenin\u0119 informacij\u0105 saugome tik grie\u017etai nustatyt\u0105 minimal\u0173 laik\u0105. Asmens duomenis saugome ne ilgiau kaip 5 metus nuo paskutinio u\u017esakymo ar technin\u0117s prie\u017ei\u016bros darb\u0173 atlikimo. Saugodami duomenis taip pat laikom\u0117s Buhalterin\u0117s apskaitos \u012fstatymo reikalavim\u0173.  <\/p>\n\n<p>Asmens duomenys, kuri\u0173 saugojimo laikotarpis baig\u0117si, sunaikinami arba anonimizuojami taikant geriausi\u0105 praktik\u0105.<\/p>\n\n<h2 class=\"wp-block-heading\">Apsauga<\/h2>\n\n<p>Visi asmens duomenys, kuriuos pateikiate lankydamiesi &#8222;Camlock.org&#8221; e. parduotuv\u0117je ir joje apsipirkdami, laikomi konfidencialia informacija. Naudojant \u0161ifruot\u0105 duomen\u0173 perdavimo kanal\u0105 su bankais, u\u017etikrinama, kad pirk\u0117j\u0173 asmens duomenys ir banko rekvizitai yra apsaugoti. <\/p>\n\n<h2 class=\"wp-block-heading\">Privatumo politikos s\u0105lygos ir pakeitimai<\/h2>\n\n<p>Prad\u0117dami naudotis m\u016bs\u0173 svetaine arba pildydami lojalaus kliento parai\u0161k\u0105 patvirtinate, kad susipa\u017einote su \u0161iais principais, s\u0105lygomis ir nuostatomis ir su jais sutinkate. Mes pasiliekame teis\u0119 prireikus keisti \u0161ios privatumo politikos bendr\u0105sias s\u0105lygas, apie tai prane\u0161dami visiems lojaliems klientams, ta\u010diau dedame visas pastangas, kad m\u016bs\u0173 privatumo politika b\u016bt\u0173 nuolat atnaujinama ir jums prieinama m\u016bs\u0173 interneto svetain\u0117je. <\/p>\n\n<p>Jei turite klausim\u0173 ar abejoni\u0173 d\u0117l \u0161ios privatumo politikos ar duomen\u0173 tvarkymo, susisiekite su mumis adresu <a href=\"mailto:info@camlock.org\">info@camlock.org<\/a>.<\/p>\n\n<p><\/p>\n","protected":false},"excerpt":{"rendered":"<p>Privatumo politika &#8222;Camlock.org&#8221; (&#8222;Masterchem OU&#8221;) \u012fsipareigojo saugoti savo klient\u0173 ir naudotoj\u0173 privatum\u0105. Tod\u0117l pareng\u0117 \u0161iuos privatumo politikos principus, kuriais reglamentuojamas klient\u0173 duomen\u0173 rinkimas, naudojimas, atskleidimas, perdavimas ir saugojimas. M\u016bs\u0173 veikla internete atitinka vis\u0105 susijusi\u0105 praktik\u0105, taip pat atitinkamus ES teis\u0117s aktus ir Estijos Respublikos \u012fstatymus. Skirkite \u0161iek tiek laiko ir susipa\u017einkite su m\u016bs\u0173 taikomais privatumo [&hellip;]<\/p>\n","protected":false},"author":1,"featured_media":0,"parent":0,"menu_order":0,"comment_status":"closed","ping_status":"closed","template":"","meta":{"footnotes":""},"class_list":["post-23970","page","type-page","status-publish","hentry"],"yoast_head":"<!-- This site is optimized with the Yoast SEO plugin v27.4 - https:\/\/yoast.com\/product\/yoast-seo-wordpress\/ -->\n<title>Privatumo politika - \u041f\u0440\u043e\u0434\u0430\u0436\u0430 \u043a\u0430\u043c\u043b\u043e\u043a (Camlock) \u0441\u043e\u0435\u0434\u0438\u043d\u0435\u043d\u0438\u0439<\/title>\n<meta name=\"robots\" content=\"index, follow, max-snippet:-1, max-image-preview:large, max-video-preview:-1\" \/>\n<link rel=\"canonical\" href=\"https:\/\/www.camlock.org\/lt\/privatumo-politika\/\" \/>\n<meta property=\"og:locale\" content=\"lt_LT\" \/>\n<meta property=\"og:type\" content=\"article\" \/>\n<meta property=\"og:title\" content=\"Privatumo politika - \u041f\u0440\u043e\u0434\u0430\u0436\u0430 \u043a\u0430\u043c\u043b\u043e\u043a (Camlock) \u0441\u043e\u0435\u0434\u0438\u043d\u0435\u043d\u0438\u0439\" \/>\n<meta property=\"og:description\" content=\"Privatumo politika &#8222;Camlock.org&#8221; (&#8222;Masterchem OU&#8221;) \u012fsipareigojo saugoti savo klient\u0173 ir naudotoj\u0173 privatum\u0105. Tod\u0117l pareng\u0117 \u0161iuos privatumo politikos principus, kuriais reglamentuojamas klient\u0173 duomen\u0173 rinkimas, naudojimas, atskleidimas, perdavimas ir saugojimas. M\u016bs\u0173 veikla internete atitinka vis\u0105 susijusi\u0105 praktik\u0105, taip pat atitinkamus ES teis\u0117s aktus ir Estijos Respublikos \u012fstatymus. Skirkite \u0161iek tiek laiko ir susipa\u017einkite su m\u016bs\u0173 taikomais privatumo [&hellip;]\" \/>\n<meta property=\"og:url\" content=\"https:\/\/www.camlock.org\/lt\/privatumo-politika\/\" \/>\n<meta property=\"og:site_name\" content=\"\u041f\u0440\u043e\u0434\u0430\u0436\u0430 \u043a\u0430\u043c\u043b\u043e\u043a (Camlock) \u0441\u043e\u0435\u0434\u0438\u043d\u0435\u043d\u0438\u0439\" \/>\n<meta name=\"twitter:card\" content=\"summary_large_image\" \/>\n<meta name=\"twitter:label1\" content=\"Est. reading time\" \/>\n\t<meta name=\"twitter:data1\" content=\"4 minut\u0117s\" \/>\n<script type=\"application\/ld+json\" class=\"yoast-schema-graph\">{\"@context\":\"https:\\\/\\\/schema.org\",\"@graph\":[{\"@type\":\"WebPage\",\"@id\":\"https:\\\/\\\/www.camlock.org\\\/lt\\\/privatumo-politika\\\/\",\"url\":\"https:\\\/\\\/www.camlock.org\\\/lt\\\/privatumo-politika\\\/\",\"name\":\"Privatumo politika - \u041f\u0440\u043e\u0434\u0430\u0436\u0430 \u043a\u0430\u043c\u043b\u043e\u043a (Camlock) \u0441\u043e\u0435\u0434\u0438\u043d\u0435\u043d\u0438\u0439\",\"isPartOf\":{\"@id\":\"https:\\\/\\\/www.camlock.org\\\/lt\\\/?lang=et\\\/#website\"},\"datePublished\":\"2025-05-08T17:12:18+00:00\",\"breadcrumb\":{\"@id\":\"https:\\\/\\\/www.camlock.org\\\/lt\\\/privatumo-politika\\\/#breadcrumb\"},\"inLanguage\":\"lt-LT\",\"potentialAction\":[{\"@type\":\"ReadAction\",\"target\":[\"https:\\\/\\\/www.camlock.org\\\/lt\\\/privatumo-politika\\\/\"]}]},{\"@type\":\"BreadcrumbList\",\"@id\":\"https:\\\/\\\/www.camlock.org\\\/lt\\\/privatumo-politika\\\/#breadcrumb\",\"itemListElement\":[{\"@type\":\"ListItem\",\"position\":1,\"name\":\"Home\",\"item\":\"https:\\\/\\\/www.camlock.org\\\/lt\\\/prad-ia\\\/\"},{\"@type\":\"ListItem\",\"position\":2,\"name\":\"Privatumo politika\"}]},{\"@type\":\"WebSite\",\"@id\":\"https:\\\/\\\/www.camlock.org\\\/lt\\\/?lang=et\\\/#website\",\"url\":\"https:\\\/\\\/www.camlock.org\\\/lt\\\/?lang=et\\\/\",\"name\":\"\u041f\u0440\u043e\u0434\u0430\u0436\u0430 \u043a\u0430\u043c\u043b\u043e\u043a (Camlock) \u0441\u043e\u0435\u0434\u0438\u043d\u0435\u043d\u0438\u0439\",\"description\":\"\u041f\u0440\u043e\u0434\u0430\u0436\u0430 \u043a\u0430\u043c\u043b\u043e\u043a (Camlock) \u0441\u043e\u0435\u0434\u0438\u043d\u0435\u043d\u0438\u0439\",\"potentialAction\":[{\"@type\":\"SearchAction\",\"target\":{\"@type\":\"EntryPoint\",\"urlTemplate\":\"https:\\\/\\\/www.camlock.org\\\/lt\\\/?lang=et\\\/?s={search_term_string}\"},\"query-input\":{\"@type\":\"PropertyValueSpecification\",\"valueRequired\":true,\"valueName\":\"search_term_string\"}}],\"inLanguage\":\"lt-LT\"}]}<\/script>\n<!-- \/ Yoast SEO plugin. -->","yoast_head_json":{"title":"Privatumo politika - \u041f\u0440\u043e\u0434\u0430\u0436\u0430 \u043a\u0430\u043c\u043b\u043e\u043a (Camlock) \u0441\u043e\u0435\u0434\u0438\u043d\u0435\u043d\u0438\u0439","robots":{"index":"index","follow":"follow","max-snippet":"max-snippet:-1","max-image-preview":"max-image-preview:large","max-video-preview":"max-video-preview:-1"},"canonical":"https:\/\/www.camlock.org\/lt\/privatumo-politika\/","og_locale":"lt_LT","og_type":"article","og_title":"Privatumo politika - \u041f\u0440\u043e\u0434\u0430\u0436\u0430 \u043a\u0430\u043c\u043b\u043e\u043a (Camlock) \u0441\u043e\u0435\u0434\u0438\u043d\u0435\u043d\u0438\u0439","og_description":"Privatumo politika &#8222;Camlock.org&#8221; (&#8222;Masterchem OU&#8221;) \u012fsipareigojo saugoti savo klient\u0173 ir naudotoj\u0173 privatum\u0105. Tod\u0117l pareng\u0117 \u0161iuos privatumo politikos principus, kuriais reglamentuojamas klient\u0173 duomen\u0173 rinkimas, naudojimas, atskleidimas, perdavimas ir saugojimas. M\u016bs\u0173 veikla internete atitinka vis\u0105 susijusi\u0105 praktik\u0105, taip pat atitinkamus ES teis\u0117s aktus ir Estijos Respublikos \u012fstatymus. Skirkite \u0161iek tiek laiko ir susipa\u017einkite su m\u016bs\u0173 taikomais privatumo [&hellip;]","og_url":"https:\/\/www.camlock.org\/lt\/privatumo-politika\/","og_site_name":"\u041f\u0440\u043e\u0434\u0430\u0436\u0430 \u043a\u0430\u043c\u043b\u043e\u043a (Camlock) \u0441\u043e\u0435\u0434\u0438\u043d\u0435\u043d\u0438\u0439","twitter_card":"summary_large_image","twitter_misc":{"Est. reading time":"4 minut\u0117s"},"schema":{"@context":"https:\/\/schema.org","@graph":[{"@type":"WebPage","@id":"https:\/\/www.camlock.org\/lt\/privatumo-politika\/","url":"https:\/\/www.camlock.org\/lt\/privatumo-politika\/","name":"Privatumo politika - \u041f\u0440\u043e\u0434\u0430\u0436\u0430 \u043a\u0430\u043c\u043b\u043e\u043a (Camlock) \u0441\u043e\u0435\u0434\u0438\u043d\u0435\u043d\u0438\u0439","isPartOf":{"@id":"https:\/\/www.camlock.org\/lt\/?lang=et\/#website"},"datePublished":"2025-05-08T17:12:18+00:00","breadcrumb":{"@id":"https:\/\/www.camlock.org\/lt\/privatumo-politika\/#breadcrumb"},"inLanguage":"lt-LT","potentialAction":[{"@type":"ReadAction","target":["https:\/\/www.camlock.org\/lt\/privatumo-politika\/"]}]},{"@type":"BreadcrumbList","@id":"https:\/\/www.camlock.org\/lt\/privatumo-politika\/#breadcrumb","itemListElement":[{"@type":"ListItem","position":1,"name":"Home","item":"https:\/\/www.camlock.org\/lt\/prad-ia\/"},{"@type":"ListItem","position":2,"name":"Privatumo politika"}]},{"@type":"WebSite","@id":"https:\/\/www.camlock.org\/lt\/?lang=et\/#website","url":"https:\/\/www.camlock.org\/lt\/?lang=et\/","name":"\u041f\u0440\u043e\u0434\u0430\u0436\u0430 \u043a\u0430\u043c\u043b\u043e\u043a (Camlock) \u0441\u043e\u0435\u0434\u0438\u043d\u0435\u043d\u0438\u0439","description":"\u041f\u0440\u043e\u0434\u0430\u0436\u0430 \u043a\u0430\u043c\u043b\u043e\u043a (Camlock) \u0441\u043e\u0435\u0434\u0438\u043d\u0435\u043d\u0438\u0439","potentialAction":[{"@type":"SearchAction","target":{"@type":"EntryPoint","urlTemplate":"https:\/\/www.camlock.org\/lt\/?lang=et\/?s={search_term_string}"},"query-input":{"@type":"PropertyValueSpecification","valueRequired":true,"valueName":"search_term_string"}}],"inLanguage":"lt-LT"}]}},"_links":{"self":[{"href":"https:\/\/www.camlock.org\/lt\/wp-json\/wp\/v2\/pages\/23970","targetHints":{"allow":["GET"]}}],"collection":[{"href":"https:\/\/www.camlock.org\/lt\/wp-json\/wp\/v2\/pages"}],"about":[{"href":"https:\/\/www.camlock.org\/lt\/wp-json\/wp\/v2\/types\/page"}],"author":[{"embeddable":true,"href":"https:\/\/www.camlock.org\/lt\/wp-json\/wp\/v2\/users\/1"}],"replies":[{"embeddable":true,"href":"https:\/\/www.camlock.org\/lt\/wp-json\/wp\/v2\/comments?post=23970"}],"version-history":[{"count":1,"href":"https:\/\/www.camlock.org\/lt\/wp-json\/wp\/v2\/pages\/23970\/revisions"}],"predecessor-version":[{"id":23971,"href":"https:\/\/www.camlock.org\/lt\/wp-json\/wp\/v2\/pages\/23970\/revisions\/23971"}],"wp:attachment":[{"href":"https:\/\/www.camlock.org\/lt\/wp-json\/wp\/v2\/media?parent=23970"}],"curies":[{"name":"wp","href":"https:\/\/api.w.org\/{rel}","templated":true}]}}