{"id":23981,"date":"2025-05-08T21:37:36","date_gmt":"2025-05-08T18:37:36","guid":{"rendered":"https:\/\/www.camlock.org\/terminai-ir-s-lygos\/"},"modified":"2025-05-08T21:37:36","modified_gmt":"2025-05-08T18:37:36","slug":"terminai-ir-s-lygos","status":"publish","type":"page","link":"https:\/\/www.camlock.org\/lt\/terminai-ir-s-lygos\/","title":{"rendered":"Terminai ir s\u0105lygos"},"content":{"rendered":"\n<h2 class=\"wp-block-heading\">Internetin\u0117s parduotuv\u0117s taisykl\u0117s ir s\u0105lygos<\/h2>\n\n<p>Internetin\u0117s parduotuv\u0117s www.camlock.org (toliau &#8211; Internetin\u0117 parduotuv\u0117) savininkas yra &#8222;MasterChem O\u00dc&#8221;, registro kodas 10755076, \u012fsik\u016brusi adresu Lao 4, Maardu 74114 Estija.<\/p>\n\n<p>Pardavimo sutarties galiojimas, informacija apie produkt\u0105 ir kain\u0105<\/p>\n\n<p>\u0160ios pardavimo s\u0105lygos taikomos perkant prekes i\u0161 internetin\u0117s parduotuv\u0117s.<\/p>\n\n<p>Internetin\u0117je parduotuv\u0117je parduodam\u0173 produkt\u0173 kainos nurodytos \u0161alia produkt\u0173. Prie kainos pridedamas pristatymo mokestis. Visos internetin\u0117je parduotuv\u0117je parduodam\u0173 preki\u0173 kainos nurodytos eurais.  <\/p>\n\n<p>Pristatymo mokestis priklauso nuo pirk\u0117jo buvimo vietos ir pristatymo b\u016bdo. Pristatymo mokestis pirk\u0117jui rodomas pateikiant u\u017esakym\u0105. <\/p>\n\n<p>Informacija apie prekes pateikiama internetin\u0117je parduotuv\u0117je prie pat preki\u0173.<\/p>\n\n<h2 class=\"wp-block-heading\">U\u017esakym\u0173 apdorojimas<\/h2>\n\n<p>Nor\u0117dami u\u017esisakyti preki\u0173, \u012f pirkini\u0173 krep\u0161el\u012f turite \u012ftraukti norimus produktus. Nor\u0117dami u\u017ebaigti u\u017esakym\u0105, turite u\u017epildyti reikiamus duomen\u0173 laukus ir pasirinkti tinkam\u0105 produkt\u0173 pristatymo b\u016bd\u0105. Tuomet ekrane bus rodoma mokes\u010dio suma, kuri\u0105 galima saugiai sumok\u0117ti \u0161iais mok\u0117jimo b\u016bdais:  <\/p>\n\n<p>Estijos bank\u0173 mok\u0117jimai: Swedbank, SEB, Luminor, LHV, Coop Pank<br\/>Mok\u0117jimai Visa\/Mastercard kortel\u0117mis<br\/>Pagal paruo\u0161t\u0105 s\u0105skait\u0105<br\/>Suomijos bank\u0173 nuorodos: Aktia, \u00c5landsbanken, Danske, Handelsbanken, Nordea, Oma S\u00e4\u00e4stopankki, Pohjola, POP Pankki, S-Pankki, S\u00e4\u00e4stopankki<br\/>Latvijos bank\u0173 mok\u0117jimai: Swedbank, SEB, Citadele, Citadele ir Luminor<br\/>Lietuvos bank\u0173 mok\u0117jimai: Swedbank, SEB, Citadele, \u0160iauli\u0173 ir Luminor<br\/>NB! Mok\u0117dami banko nuoroda, banko puslapyje b\u016btinai spauskite mygtuk\u0105 &#8222;Gr\u012f\u017eti pas prekybinink\u0105&#8221;.<br\/>Mok\u0117jimus tarpininkauja Maksekeskus AS. Mok\u0117jimas vyksta u\u017e internetin\u0117s parduotuv\u0117s rib\u0173 saugioje aplinkoje &#8211; mokant banko nuoroda &#8211; atitinkamo banko saugioje aplinkoje, o mokant kredito kortele &#8211; &#8222;Maksekeskus AS&#8221; saugioje aplinkoje. Pardav\u0117jas neturi prieigos prie Pirk\u0117jo banko ir kredito kortel\u0117s duomen\u0173. Sutartis \u012fsigalioja gavus mok\u0117tin\u0105 sum\u0105 \u012f internetin\u0117s parduotuv\u0117s atsiskaitom\u0105j\u0105 s\u0105skait\u0105.    <\/p>\n\n<p>Internetin\u0117s parduotuv\u0117s savininkas yra asmens duomen\u0173 valdytojas ir perduoda asmens duomenis, reikalingus mok\u0117jimams atlikti, \u012fgaliotam duomen\u0173 tvarkytojui &#8222;Maksekeskus AS&#8221;.<\/p>\n\n<p>Jei u\u017esakytos prek\u0117s negali b\u016bti pristatytos d\u0117l to, kad j\u0173 n\u0117ra sand\u0117lyje, arba d\u0117l kitos prie\u017easties, Pirk\u0117jui apie tai bus prane\u0161ta kaip galima grei\u010diau, o sumok\u0117ti pinigai (\u012fskaitant preki\u0173 pristatymo i\u0161laidas) bus gr\u0105\u017einti nedelsiant, bet ne v\u0117liau kaip per 14 dien\u0173 nuo prane\u0161imo i\u0161siuntimo.<\/p>\n\n<h2 class=\"wp-block-heading\">Pristatymas<\/h2>\n\n<p>Prek\u0117s siun\u010diamos \u012f \u0161ias \u0161alis: Estija, Latvija, Lietuva, Suomija.<\/p>\n\n<p>Pirk\u0117jas turi \u0161ias preki\u0173 gavimo galimybes: &#8222;Omniva parcel machine&#8221;, &#8222;Itella parcel machine&#8221;, &#8222;CF&amp;S Estonia AS&#8221;, &#8222;Ferroline Group O\u00dc&#8221;, &#8222;DSV Estonia AS&#8221;, galimyb\u0117 pa\u010diam atsiimti prekes.<\/p>\n\n<p>Preki\u0173 pristatymo i\u0161laidas apmoka pirk\u0117jas, o atitinkama informacija apie kain\u0105 rodoma \u0161alia pristatymo b\u016bdo.<\/p>\n\n<p>Siuntos Estijoje paprastai pasiekia pirk\u0117jo nurodyt\u0105 paskirties viet\u0105 per 5 darbo dienas nuo pirkimo-pardavimo sutarties \u012fsigaliojimo. U\u017e Estijos rib\u0173 prek\u0117s pristatomos per 14 kalendorini\u0173 dien\u0173. <\/p>\n\n<p>I\u0161imtiniais atvejais pirk\u0117jas turi teis\u0119 pristatyti prekes per 45 kalendorines dienas.<\/p>\n\n<h2 class=\"wp-block-heading\">Teis\u0117 atsisakyti sutarties<\/h2>\n\n<p>Gav\u0119s u\u017esakym\u0105, pirk\u0117jas turi teis\u0119 per 14 dien\u0173 atsisakyti internetin\u0117je parduotuv\u0117je sudarytos sutarties.<\/p>\n\n<p>Teis\u0117 atsisakyti sutarties netaikoma, jei pirk\u0117jas yra juridinis asmuo.<\/p>\n\n<p>Norint pasinaudoti 14 dien\u0173 gr\u0105\u017einimo teise, u\u017esakytos prek\u0117s negali b\u016bti naudojamos jokiais kitais b\u016bdais, i\u0161skyrus tuos, kurie b\u016btini preki\u0173 pob\u016bd\u017eiui, savyb\u0117ms ir veikimui patikrinti tokiu b\u016bdu, koks leid\u017eiamas i\u0161bandyti prekes fizin\u0117je parduotuv\u0117je.<\/p>\n\n<p>Jei prek\u0117s buvo naudojamos kitais tikslais nei tie, kurie yra b\u016btini preki\u0173 pob\u016bd\u017eiui, savyb\u0117ms ir veikimui patikrinti, arba jei jos turi naudojimo ar nusid\u0117v\u0117jimo po\u017eymi\u0173, internetin\u0117 parduotuv\u0117 turi teis\u0119 suma\u017einti gr\u0105\u017einimo mokest\u012f pagal suma\u017e\u0117jusi\u0105 preki\u0173 vert\u0119.<\/p>\n\n<p>Nor\u0117dami gr\u0105\u017einti prekes, turite pateikti pra\u0161ym\u0105 atsisakyti preki\u0173 pirkimo el. pa\u0161to adresu info@ibc.ee ne v\u0117liau kaip per 14 dien\u0173 nuo preki\u0173 gavimo dienos.<\/p>\n\n<p>Nor\u0117dami gr\u0105\u017einti gamin\u012f, el. pa\u0161tu turite atsi\u0173sti mums \u0161i\u0105 informacij\u0105:<\/p>\n\n<p>Vardas ir pavard\u0117<br\/>Telefono numeris<br\/>el. pa\u0161tas<br\/>S\u0105skaitos fakt\u016bros \/ \u010dekio numeris<br\/>Gr\u0105\u017einamo gaminio pavadinimas<br\/>Gr\u0105\u017einimo prie\u017eastis<\/p>\n\n<p><br\/>Produkto gr\u0105\u017einimo i\u0161laidas apmoka pirk\u0117jas, i\u0161skyrus atvejus, kai gr\u0105\u017einimo prie\u017eastis yra ta, kad gr\u0105\u017einamas produktas neatitinka u\u017esakymo (pvz., netinkamas arba nekokybi\u0161kas produktas).<\/p>\n\n<p>Pirk\u0117jas privalo gr\u0105\u017einti gamin\u012f per 14 dien\u0173 nuo parai\u0161kos pateikimo arba pateikti \u012frodym\u0105, kad per min\u0117t\u0105 laikotarp\u012f perdav\u0117 gamin\u012f ve\u017e\u0117jui.<\/p>\n\n<p>Gavusi gr\u0105\u017eint\u0105 prek\u0119, internetin\u0117 parduotuv\u0117 nedelsdama gr\u0105\u017eins visus i\u0161 pirk\u0117jo pagal sutart\u012f gautus mokes\u010dius, bet ne v\u0117liau kaip per 14 dien\u0173 nuo pra\u0161ymo atsisakyti sutarties gavimo dienos.<\/p>\n\n<p>Internetin\u0117 parduotuv\u0117 gali atsisakyti gr\u0105\u017einti pinigus, kol prek\u0117, d\u0117l kurios sudaryta sutartis, nebus gr\u0105\u017einta arba kol pirk\u0117jas nepateiks \u012frodym\u0173, kad jis gr\u0105\u017eino prek\u0119, priklausomai nuo to, kas \u012fvyks pirmiau.<\/p>\n\n<p>Jei pirk\u0117jas ai\u0161kiai pasirinko kit\u0105 pristatymo b\u016bd\u0105, o ne pigiausi\u0105 internetin\u0117s parduotuv\u0117s si\u016blom\u0105 standartin\u012f pristatymo b\u016bd\u0105, internetin\u0117 parduotuv\u0117 neprivalo gr\u0105\u017einti vartotojui joki\u0173 i\u0161laid\u0173, kurios vir\u0161ija su standartiniu pristatymo b\u016bdu susijusias i\u0161laidas.<\/p>\n\n<p>Internetin\u0117 parduotuv\u0117 turi teis\u0119 atsisakyti pirkimo-pardavimo sandorio ir pareikalauti, kad pirk\u0117jas gr\u0105\u017eint\u0173 prekes, jei internetin\u0117je parduotuv\u0117je preki\u0173 kaina d\u0117l klaidos yra \u017eenkliai ma\u017eesn\u0117 u\u017e preki\u0173 rinkos kain\u0105.<\/p>\n\n<ul class=\"wp-block-list\"><\/ul>\n\n<h2 class=\"wp-block-heading\">Teis\u0117 pateikti pretenzij\u0105<\/h2>\n\n<p>Internetin\u0117 parduotuv\u0117 atsako u\u017e bet kok\u012f Pirk\u0117jui parduot\u0173 preki\u0173 neatitikim\u0105 ar defekt\u0105, kuris egzistavo jau preki\u0173 pristatymo metu ir kuris paai\u0161k\u0117ja per dvejus metus nuo preki\u0173 pristatymo Pirk\u0117jui. Per pirmuosius \u0161e\u0161is m\u0117nesius nuo preki\u0173 pristatymo Pirk\u0117jui laikoma, kad defektas jau egzistavo preki\u0173 pristatymo metu. Internetin\u0117 parduotuv\u0117 privalo paneigti \u0161i\u0105 prezumpcij\u0105.  <\/p>\n\n<p>Pirk\u0117jas turi teis\u0119 kreiptis \u012f internetin\u0119 parduotuv\u0119 per du m\u0117nesius nuo defekto nustatymo dienos, si\u0173sdamas el. lai\u0161k\u0105 adresu info@camlock.org arba skambindamas telefonu +372 55513600.<\/p>\n\n<p>Internetin\u0117 parduotuv\u0117 neatsako u\u017e defektus, atsiradusius po to, kai prek\u0117s buvo pristatytos Pirk\u0117jui.<\/p>\n\n<p>Jei i\u0161 internetin\u0117s parduotuv\u0117s \u012fsigytos prek\u0117s turi defekt\u0173, u\u017e kuriuos internetin\u0117 parduotuv\u0117 yra atsakinga, internetin\u0117 parduotuv\u0117 pataisys arba pakeis nekokybi\u0161kas prekes. Jei preki\u0173 ne\u012fmanoma pataisyti arba pakeisti, internetin\u0117 parduotuv\u0117 gr\u0105\u017eins Pirk\u0117jui visus su pirkimo-pardavimo sutartimi susijusius mokes\u010dius. <\/p>\n\n<p>Internetin\u0117 parduotuv\u0117 \u012f vartotojo pateikt\u0105 skund\u0105 atsakys ra\u0161tu arba tokia forma, kuri\u0105 galima atkurti ra\u0161tu, per 15 dien\u0173.<\/p>\n\n<h2 class=\"wp-block-heading\">Tiesiogin\u0117 rinkodara ir asmens duomen\u0173 tvarkymas<\/h2>\n\n<p>Internetin\u0117 parduotuv\u0117 pirk\u0117jo \u012fvestus asmens duomenis naudoja tik u\u017esakymui apdoroti ir prek\u0117ms pirk\u0117jui i\u0161si\u0173sti. Internetin\u0117 parduotuv\u0117 perduoda asmens duomenis transporto paslaugas teikian\u010dioms bendrov\u0117ms, kad gal\u0117t\u0173 pristatyti prekes. <\/p>\n\n<p>Internetin\u0117 parduotuv\u0117 siun\u010dia naujienlai\u0161kius ir pasi\u016blymus pirk\u0117jo el. pa\u0161to adresu tik tuo atveju, jei pirk\u0117jas i\u0161rei\u0161k\u0117 tok\u012f pageidavim\u0105 \u012fvesdamas savo el. pa\u0161to adres\u0105 svetain\u0117je ir nurod\u0117, kad nori gauti tiesioginio pa\u0161to prane\u0161imus.<\/p>\n\n<p>Pirk\u0117jas gali bet kada atsisakyti el. pa\u0161tu siun\u010diam\u0173 pasi\u016blym\u0173 ir naujienlai\u0161ki\u0173, prane\u0161damas mums apie tai el. pa\u0161tu arba vadovaudamasis el. lai\u0161ke su pasi\u016blymais pateiktais nurodymais.<\/p>\n\n<h2 class=\"wp-block-heading\">Gin\u010d\u0173 sprendimas<\/h2>\n\n<p>Jei pirk\u0117jas turi koki\u0173 nors nusiskundim\u0173 d\u0117l internetin\u0117s parduotuv\u0117s, jie tur\u0117t\u0173 b\u016bti siun\u010diami el. pa\u0161tu info@ibc.ee arba telefonu: +372 55513600<\/p>\n\n<p>Jei pirk\u0117jui ir internetinei parduotuvei nepavyksta i\u0161spr\u0119sti gin\u010do susitarimu, pirk\u0117jas gali kreiptis \u012f Vartotoj\u0173 gin\u010d\u0173 komisij\u0105. Pirk\u0117jas turi teis\u0119 kreiptis \u012f kompetenting\u0105 prie\u017ei\u016bros institucij\u0105, kuri yra Vartotoj\u0173 apsaugos ir technin\u0117s prie\u017ei\u016bros tarnyba adresu Pronksi 12, 10117 Talinas, el. pa\u0161tas: info@ttja.ee. Siekdamas i\u0161spr\u0119sti gin\u010d\u0105, pirk\u0117jas gali kreiptis \u012f Vartotoj\u0173 gin\u010d\u0173 komisij\u0105. Vartotoj\u0173 gin\u010d\u0173 komisija yra kompetentinga spr\u0119sti gin\u010dus, kylan\u010dius i\u0161 Pirk\u0117jo ir Pardav\u0117jo sudarytos sutarties, kuri\u0173 \u0161alims nepavyko i\u0161spr\u0119sti susitarimu. Daugiau informacijos apie skund\u0173 sprendim\u0105 rasite https:\/\/komisjon.ee\/et\/avalduse-esitamine.   <\/p>\n","protected":false},"excerpt":{"rendered":"<p>Internetin\u0117s parduotuv\u0117s taisykl\u0117s ir s\u0105lygos Internetin\u0117s parduotuv\u0117s www.camlock.org (toliau &#8211; Internetin\u0117 parduotuv\u0117) savininkas yra &#8222;MasterChem O\u00dc&#8221;, registro kodas 10755076, \u012fsik\u016brusi adresu Lao 4, Maardu 74114 Estija. Pardavimo sutarties galiojimas, informacija apie produkt\u0105 ir kain\u0105 \u0160ios pardavimo s\u0105lygos taikomos perkant prekes i\u0161 internetin\u0117s parduotuv\u0117s. Internetin\u0117je parduotuv\u0117je parduodam\u0173 produkt\u0173 kainos nurodytos \u0161alia produkt\u0173. Prie kainos pridedamas pristatymo [&hellip;]<\/p>\n","protected":false},"author":3,"featured_media":0,"parent":0,"menu_order":0,"comment_status":"closed","ping_status":"closed","template":"","meta":{"footnotes":""},"class_list":["post-23981","page","type-page","status-publish","hentry"],"yoast_head":"<!-- This site is optimized with the Yoast SEO plugin v27.4 - https:\/\/yoast.com\/product\/yoast-seo-wordpress\/ -->\n<title>Terminai ir s\u0105lygos - \u041f\u0440\u043e\u0434\u0430\u0436\u0430 \u043a\u0430\u043c\u043b\u043e\u043a (Camlock) \u0441\u043e\u0435\u0434\u0438\u043d\u0435\u043d\u0438\u0439<\/title>\n<meta name=\"robots\" content=\"index, follow, max-snippet:-1, max-image-preview:large, max-video-preview:-1\" \/>\n<link rel=\"canonical\" href=\"https:\/\/www.camlock.org\/lt\/terminai-ir-s-lygos\/\" \/>\n<meta property=\"og:locale\" content=\"lt_LT\" \/>\n<meta property=\"og:type\" content=\"article\" \/>\n<meta property=\"og:title\" content=\"Terminai ir s\u0105lygos - \u041f\u0440\u043e\u0434\u0430\u0436\u0430 \u043a\u0430\u043c\u043b\u043e\u043a (Camlock) \u0441\u043e\u0435\u0434\u0438\u043d\u0435\u043d\u0438\u0439\" \/>\n<meta property=\"og:description\" content=\"Internetin\u0117s parduotuv\u0117s taisykl\u0117s ir s\u0105lygos Internetin\u0117s parduotuv\u0117s www.camlock.org (toliau &#8211; Internetin\u0117 parduotuv\u0117) savininkas yra &#8222;MasterChem O\u00dc&#8221;, registro kodas 10755076, \u012fsik\u016brusi adresu Lao 4, Maardu 74114 Estija. Pardavimo sutarties galiojimas, informacija apie produkt\u0105 ir kain\u0105 \u0160ios pardavimo s\u0105lygos taikomos perkant prekes i\u0161 internetin\u0117s parduotuv\u0117s. Internetin\u0117je parduotuv\u0117je parduodam\u0173 produkt\u0173 kainos nurodytos \u0161alia produkt\u0173. Prie kainos pridedamas pristatymo [&hellip;]\" \/>\n<meta property=\"og:url\" content=\"https:\/\/www.camlock.org\/lt\/terminai-ir-s-lygos\/\" \/>\n<meta property=\"og:site_name\" content=\"\u041f\u0440\u043e\u0434\u0430\u0436\u0430 \u043a\u0430\u043c\u043b\u043e\u043a (Camlock) \u0441\u043e\u0435\u0434\u0438\u043d\u0435\u043d\u0438\u0439\" \/>\n<meta name=\"twitter:card\" content=\"summary_large_image\" \/>\n<meta name=\"twitter:label1\" content=\"Est. reading time\" \/>\n\t<meta name=\"twitter:data1\" content=\"6 minut\u0117s\" \/>\n<script type=\"application\/ld+json\" class=\"yoast-schema-graph\">{\"@context\":\"https:\\\/\\\/schema.org\",\"@graph\":[{\"@type\":\"WebPage\",\"@id\":\"https:\\\/\\\/www.camlock.org\\\/lt\\\/terminai-ir-s-lygos\\\/\",\"url\":\"https:\\\/\\\/www.camlock.org\\\/lt\\\/terminai-ir-s-lygos\\\/\",\"name\":\"Terminai ir s\u0105lygos - \u041f\u0440\u043e\u0434\u0430\u0436\u0430 \u043a\u0430\u043c\u043b\u043e\u043a (Camlock) \u0441\u043e\u0435\u0434\u0438\u043d\u0435\u043d\u0438\u0439\",\"isPartOf\":{\"@id\":\"https:\\\/\\\/www.camlock.org\\\/lt\\\/?lang=et\\\/#website\"},\"datePublished\":\"2025-05-08T18:37:36+00:00\",\"breadcrumb\":{\"@id\":\"https:\\\/\\\/www.camlock.org\\\/lt\\\/terminai-ir-s-lygos\\\/#breadcrumb\"},\"inLanguage\":\"lt-LT\",\"potentialAction\":[{\"@type\":\"ReadAction\",\"target\":[\"https:\\\/\\\/www.camlock.org\\\/lt\\\/terminai-ir-s-lygos\\\/\"]}]},{\"@type\":\"BreadcrumbList\",\"@id\":\"https:\\\/\\\/www.camlock.org\\\/lt\\\/terminai-ir-s-lygos\\\/#breadcrumb\",\"itemListElement\":[{\"@type\":\"ListItem\",\"position\":1,\"name\":\"Home\",\"item\":\"https:\\\/\\\/www.camlock.org\\\/lt\\\/prad-ia\\\/\"},{\"@type\":\"ListItem\",\"position\":2,\"name\":\"Terminai ir s\u0105lygos\"}]},{\"@type\":\"WebSite\",\"@id\":\"https:\\\/\\\/www.camlock.org\\\/lt\\\/?lang=et\\\/#website\",\"url\":\"https:\\\/\\\/www.camlock.org\\\/lt\\\/?lang=et\\\/\",\"name\":\"\u041f\u0440\u043e\u0434\u0430\u0436\u0430 \u043a\u0430\u043c\u043b\u043e\u043a (Camlock) \u0441\u043e\u0435\u0434\u0438\u043d\u0435\u043d\u0438\u0439\",\"description\":\"\u041f\u0440\u043e\u0434\u0430\u0436\u0430 \u043a\u0430\u043c\u043b\u043e\u043a (Camlock) \u0441\u043e\u0435\u0434\u0438\u043d\u0435\u043d\u0438\u0439\",\"potentialAction\":[{\"@type\":\"SearchAction\",\"target\":{\"@type\":\"EntryPoint\",\"urlTemplate\":\"https:\\\/\\\/www.camlock.org\\\/lt\\\/?lang=et\\\/?s={search_term_string}\"},\"query-input\":{\"@type\":\"PropertyValueSpecification\",\"valueRequired\":true,\"valueName\":\"search_term_string\"}}],\"inLanguage\":\"lt-LT\"}]}<\/script>\n<!-- \/ Yoast SEO plugin. -->","yoast_head_json":{"title":"Terminai ir s\u0105lygos - \u041f\u0440\u043e\u0434\u0430\u0436\u0430 \u043a\u0430\u043c\u043b\u043e\u043a (Camlock) \u0441\u043e\u0435\u0434\u0438\u043d\u0435\u043d\u0438\u0439","robots":{"index":"index","follow":"follow","max-snippet":"max-snippet:-1","max-image-preview":"max-image-preview:large","max-video-preview":"max-video-preview:-1"},"canonical":"https:\/\/www.camlock.org\/lt\/terminai-ir-s-lygos\/","og_locale":"lt_LT","og_type":"article","og_title":"Terminai ir s\u0105lygos - \u041f\u0440\u043e\u0434\u0430\u0436\u0430 \u043a\u0430\u043c\u043b\u043e\u043a (Camlock) \u0441\u043e\u0435\u0434\u0438\u043d\u0435\u043d\u0438\u0439","og_description":"Internetin\u0117s parduotuv\u0117s taisykl\u0117s ir s\u0105lygos Internetin\u0117s parduotuv\u0117s www.camlock.org (toliau &#8211; Internetin\u0117 parduotuv\u0117) savininkas yra &#8222;MasterChem O\u00dc&#8221;, registro kodas 10755076, \u012fsik\u016brusi adresu Lao 4, Maardu 74114 Estija. Pardavimo sutarties galiojimas, informacija apie produkt\u0105 ir kain\u0105 \u0160ios pardavimo s\u0105lygos taikomos perkant prekes i\u0161 internetin\u0117s parduotuv\u0117s. Internetin\u0117je parduotuv\u0117je parduodam\u0173 produkt\u0173 kainos nurodytos \u0161alia produkt\u0173. Prie kainos pridedamas pristatymo [&hellip;]","og_url":"https:\/\/www.camlock.org\/lt\/terminai-ir-s-lygos\/","og_site_name":"\u041f\u0440\u043e\u0434\u0430\u0436\u0430 \u043a\u0430\u043c\u043b\u043e\u043a (Camlock) \u0441\u043e\u0435\u0434\u0438\u043d\u0435\u043d\u0438\u0439","twitter_card":"summary_large_image","twitter_misc":{"Est. reading time":"6 minut\u0117s"},"schema":{"@context":"https:\/\/schema.org","@graph":[{"@type":"WebPage","@id":"https:\/\/www.camlock.org\/lt\/terminai-ir-s-lygos\/","url":"https:\/\/www.camlock.org\/lt\/terminai-ir-s-lygos\/","name":"Terminai ir s\u0105lygos - \u041f\u0440\u043e\u0434\u0430\u0436\u0430 \u043a\u0430\u043c\u043b\u043e\u043a (Camlock) \u0441\u043e\u0435\u0434\u0438\u043d\u0435\u043d\u0438\u0439","isPartOf":{"@id":"https:\/\/www.camlock.org\/lt\/?lang=et\/#website"},"datePublished":"2025-05-08T18:37:36+00:00","breadcrumb":{"@id":"https:\/\/www.camlock.org\/lt\/terminai-ir-s-lygos\/#breadcrumb"},"inLanguage":"lt-LT","potentialAction":[{"@type":"ReadAction","target":["https:\/\/www.camlock.org\/lt\/terminai-ir-s-lygos\/"]}]},{"@type":"BreadcrumbList","@id":"https:\/\/www.camlock.org\/lt\/terminai-ir-s-lygos\/#breadcrumb","itemListElement":[{"@type":"ListItem","position":1,"name":"Home","item":"https:\/\/www.camlock.org\/lt\/prad-ia\/"},{"@type":"ListItem","position":2,"name":"Terminai ir s\u0105lygos"}]},{"@type":"WebSite","@id":"https:\/\/www.camlock.org\/lt\/?lang=et\/#website","url":"https:\/\/www.camlock.org\/lt\/?lang=et\/","name":"\u041f\u0440\u043e\u0434\u0430\u0436\u0430 \u043a\u0430\u043c\u043b\u043e\u043a (Camlock) \u0441\u043e\u0435\u0434\u0438\u043d\u0435\u043d\u0438\u0439","description":"\u041f\u0440\u043e\u0434\u0430\u0436\u0430 \u043a\u0430\u043c\u043b\u043e\u043a (Camlock) \u0441\u043e\u0435\u0434\u0438\u043d\u0435\u043d\u0438\u0439","potentialAction":[{"@type":"SearchAction","target":{"@type":"EntryPoint","urlTemplate":"https:\/\/www.camlock.org\/lt\/?lang=et\/?s={search_term_string}"},"query-input":{"@type":"PropertyValueSpecification","valueRequired":true,"valueName":"search_term_string"}}],"inLanguage":"lt-LT"}]}},"_links":{"self":[{"href":"https:\/\/www.camlock.org\/lt\/wp-json\/wp\/v2\/pages\/23981","targetHints":{"allow":["GET"]}}],"collection":[{"href":"https:\/\/www.camlock.org\/lt\/wp-json\/wp\/v2\/pages"}],"about":[{"href":"https:\/\/www.camlock.org\/lt\/wp-json\/wp\/v2\/types\/page"}],"author":[{"embeddable":true,"href":"https:\/\/www.camlock.org\/lt\/wp-json\/wp\/v2\/users\/3"}],"replies":[{"embeddable":true,"href":"https:\/\/www.camlock.org\/lt\/wp-json\/wp\/v2\/comments?post=23981"}],"version-history":[{"count":1,"href":"https:\/\/www.camlock.org\/lt\/wp-json\/wp\/v2\/pages\/23981\/revisions"}],"predecessor-version":[{"id":23982,"href":"https:\/\/www.camlock.org\/lt\/wp-json\/wp\/v2\/pages\/23981\/revisions\/23982"}],"wp:attachment":[{"href":"https:\/\/www.camlock.org\/lt\/wp-json\/wp\/v2\/media?parent=23981"}],"curies":[{"name":"wp","href":"https:\/\/api.w.org\/{rel}","templated":true}]}}