{"id":10236,"date":"2018-01-18T17:49:19","date_gmt":"2018-01-18T14:49:19","guid":{"rendered":"https:\/\/www.camlock.org\/product\/type-e-nylon-camlock-fitting-male-coupler-x-hose-shank\/"},"modified":"2025-05-16T11:53:26","modified_gmt":"2025-05-16T08:53:26","slug":"e-tipo-nailonin-camlock-jungtis-vyri-ka-jungtis-arnos-kotas","status":"publish","type":"product","link":"https:\/\/www.camlock.org\/lt\/produktas\/e-tipo-nailonin-camlock-jungtis-vyri-ka-jungtis-arnos-kotas\/","title":{"rendered":"E tipo nailonin\u0117 Camlock jungtis &#8211; vyri\u0161ka jungtis \u00d7 \u017earnos kotas"},"content":{"rendered":"<p>E tipo adapteris &#8211; nailoninis kum\u0161telio ir griovelio vyri\u0161kas adapteris x \u017earnos kotas. E tipo adapteriai paprastai naudojami su C tipo jungtimis, ta\u010diau gali b\u016bti naudojami ir su tokio paties dyd\u017eio B ir D tipo jungtimis arba DC (dulki\u0173 dangteliu).  Nailono, PP, aliuminio, ner\u016bdijan\u010diojo plieno arba \u017ealvario Camlock jungtys susideda i\u0161 dviej\u0173 dali\u0173 &#8211; adapterio ir movos. Adapter\u012f \u012fd\u0117kite \u012f tokio pat dyd\u017eio mov\u0105 ir u\u017ed\u0117kite kum\u0161telinius pe\u010dius, tada sandarinimas bus baigtas. <\/p>\n","protected":false},"excerpt":{"rendered":"<p>E tipo adapteris &#8211; nailoninis kum\u0161telio ir griovelio vyri\u0161kas adapteris x \u017earnos kotas. E tipo adapteriai paprastai naudojami su C tipo jungtimis, ta\u010diau gali b\u016bti naudojami ir su tokio paties dyd\u017eio B ir D tipo jungtimis arba DC (dulki\u0173 dangteliu).  Nailono, PP, aliuminio, ner\u016bdijan\u010diojo plieno arba \u017ealvario Camlock jungtys susideda i\u0161 dviej\u0173 dali\u0173 &#8211; adapterio ir movos. Adapter\u012f \u012fd\u0117kite \u012f tokio pat dyd\u017eio mov\u0105 ir u\u017ed\u0117kite kum\u0161telinius pe\u010dius, tada sandarinimas bus baigtas. <\/p>\n","protected":false},"featured_media":8778,"template":"","meta":[],"product_brand":[],"product_cat":[191],"product_tag":[192,279],"class_list":{"0":"post-10236","1":"product","2":"type-product","3":"status-publish","4":"has-post-thumbnail","6":"product_cat-nylon-camlock-couplings-lt","7":"product_tag-nylon-lt","8":"product_tag-type-e-lt","10":"first","11":"instock","12":"taxable","13":"shipping-taxable","14":"purchasable","15":"product-type-variable"},"yoast_head":"<!-- This site is optimized with the Yoast SEO plugin v27.4 - https:\/\/yoast.com\/product\/yoast-seo-wordpress\/ -->\n<title>E tipo nailonin\u0117 Camlock jungtis - vyri\u0161ka jungtis \u00d7 \u017earnos kotas<\/title>\n<meta name=\"description\" content=\"E tipo adapteris - nailoninis kum\u0161telio ir griovelio vyri\u0161kas adapteris x \u017earnos kotas. E tipo adapteriai paprastai naudojami su C tipo jungtimis, ta\u010diau gali b\u016bti naudojami ir su tokio paties dyd\u017eio B ir D tipo jungtimis arba DC (dulki\u0173 dangteliu).\" \/>\n<meta name=\"robots\" content=\"index, follow, max-snippet:-1, max-image-preview:large, max-video-preview:-1\" \/>\n<link rel=\"canonical\" href=\"https:\/\/www.camlock.org\/lt\/produktas\/e-tipo-nailonin-camlock-jungtis-vyri-ka-jungtis-arnos-kotas\/\" \/>\n<meta property=\"og:locale\" content=\"lt_LT\" \/>\n<meta property=\"og:type\" content=\"article\" \/>\n<meta property=\"og:title\" content=\"E tipo nailonin\u0117 Camlock jungtis - vyri\u0161ka jungtis \u00d7 \u017earnos kotas\" \/>\n<meta property=\"og:description\" content=\"E tipo adapteris - nailoninis kum\u0161telio ir griovelio vyri\u0161kas adapteris x \u017earnos kotas. E tipo adapteriai paprastai naudojami su C tipo jungtimis, ta\u010diau gali b\u016bti naudojami ir su tokio paties dyd\u017eio B ir D tipo jungtimis arba DC (dulki\u0173 dangteliu).\" \/>\n<meta property=\"og:url\" content=\"https:\/\/www.camlock.org\/lt\/produktas\/e-tipo-nailonin-camlock-jungtis-vyri-ka-jungtis-arnos-kotas\/\" \/>\n<meta property=\"og:site_name\" content=\"\u041f\u0440\u043e\u0434\u0430\u0436\u0430 \u043a\u0430\u043c\u043b\u043e\u043a (Camlock) \u0441\u043e\u0435\u0434\u0438\u043d\u0435\u043d\u0438\u0439\" \/>\n<meta property=\"article:modified_time\" content=\"2025-05-16T08:53:26+00:00\" \/>\n<meta property=\"og:image\" content=\"https:\/\/www.camlock.org\/wp-content\/uploads\/2018\/01\/Camlock_Nylon_type-E_50mm_E200NY_.jpg\" \/>\n\t<meta property=\"og:image:width\" content=\"1000\" \/>\n\t<meta property=\"og:image:height\" content=\"1134\" \/>\n\t<meta property=\"og:image:type\" content=\"image\/jpeg\" \/>\n<meta name=\"twitter:card\" content=\"summary_large_image\" \/>\n<meta name=\"twitter:label1\" content=\"Est. reading time\" \/>\n\t<meta name=\"twitter:data1\" content=\"1 minut\u0117\" \/>\n<script type=\"application\/ld+json\" class=\"yoast-schema-graph\">{\"@context\":\"https:\\\/\\\/schema.org\",\"@graph\":[{\"@type\":\"WebPage\",\"@id\":\"https:\\\/\\\/www.camlock.org\\\/lt\\\/produktas\\\/e-tipo-nailonin-camlock-jungtis-vyri-ka-jungtis-arnos-kotas\\\/\",\"url\":\"https:\\\/\\\/www.camlock.org\\\/lt\\\/produktas\\\/e-tipo-nailonin-camlock-jungtis-vyri-ka-jungtis-arnos-kotas\\\/\",\"name\":\"E tipo nailonin\u0117 Camlock jungtis - vyri\u0161ka jungtis \u00d7 \u017earnos kotas\",\"isPartOf\":{\"@id\":\"https:\\\/\\\/www.camlock.org\\\/lt\\\/?lang=et\\\/#website\"},\"primaryImageOfPage\":{\"@id\":\"https:\\\/\\\/www.camlock.org\\\/lt\\\/produktas\\\/e-tipo-nailonin-camlock-jungtis-vyri-ka-jungtis-arnos-kotas\\\/#primaryimage\"},\"image\":{\"@id\":\"https:\\\/\\\/www.camlock.org\\\/lt\\\/produktas\\\/e-tipo-nailonin-camlock-jungtis-vyri-ka-jungtis-arnos-kotas\\\/#primaryimage\"},\"thumbnailUrl\":\"https:\\\/\\\/www.camlock.org\\\/wp-content\\\/uploads\\\/2018\\\/01\\\/Camlock_Nylon_type-E_50mm_E200NY_.jpg\",\"datePublished\":\"2018-01-18T14:49:19+00:00\",\"dateModified\":\"2025-05-16T08:53:26+00:00\",\"description\":\"E tipo adapteris - nailoninis kum\u0161telio ir griovelio vyri\u0161kas adapteris x \u017earnos kotas. E tipo adapteriai paprastai naudojami su C tipo jungtimis, ta\u010diau gali b\u016bti naudojami ir su tokio paties dyd\u017eio B ir D tipo jungtimis arba DC (dulki\u0173 dangteliu).\",\"breadcrumb\":{\"@id\":\"https:\\\/\\\/www.camlock.org\\\/lt\\\/produktas\\\/e-tipo-nailonin-camlock-jungtis-vyri-ka-jungtis-arnos-kotas\\\/#breadcrumb\"},\"inLanguage\":\"lt-LT\",\"potentialAction\":[{\"@type\":\"ReadAction\",\"target\":[\"https:\\\/\\\/www.camlock.org\\\/lt\\\/produktas\\\/e-tipo-nailonin-camlock-jungtis-vyri-ka-jungtis-arnos-kotas\\\/\"]}]},{\"@type\":\"ImageObject\",\"inLanguage\":\"lt-LT\",\"@id\":\"https:\\\/\\\/www.camlock.org\\\/lt\\\/produktas\\\/e-tipo-nailonin-camlock-jungtis-vyri-ka-jungtis-arnos-kotas\\\/#primaryimage\",\"url\":\"https:\\\/\\\/www.camlock.org\\\/wp-content\\\/uploads\\\/2018\\\/01\\\/Camlock_Nylon_type-E_50mm_E200NY_.jpg\",\"contentUrl\":\"https:\\\/\\\/www.camlock.org\\\/wp-content\\\/uploads\\\/2018\\\/01\\\/Camlock_Nylon_type-E_50mm_E200NY_.jpg\",\"width\":1000,\"height\":1134,\"caption\":\"Type E Nylon Camlock Fitting\u00a0- Male Coupler \u00d7 Hose Shank\"},{\"@type\":\"BreadcrumbList\",\"@id\":\"https:\\\/\\\/www.camlock.org\\\/lt\\\/produktas\\\/e-tipo-nailonin-camlock-jungtis-vyri-ka-jungtis-arnos-kotas\\\/#breadcrumb\",\"itemListElement\":[{\"@type\":\"ListItem\",\"position\":1,\"name\":\"Home\",\"item\":\"https:\\\/\\\/www.camlock.org\\\/lt\\\/prad-ia\\\/\"},{\"@type\":\"ListItem\",\"position\":2,\"name\":\"Parduotuv\u0117\",\"item\":\"https:\\\/\\\/www.camlock.org\\\/lt\\\/d0-bc-d0-b0-d0-b3-d0-b0-d0-b7-d0-b8-d0-bd\\\/\"},{\"@type\":\"ListItem\",\"position\":3,\"name\":\"E tipo nailonin\u0117 Camlock jungtis &#8211; vyri\u0161ka jungtis \u00d7 \u017earnos kotas\"}]},{\"@type\":\"WebSite\",\"@id\":\"https:\\\/\\\/www.camlock.org\\\/lt\\\/?lang=et\\\/#website\",\"url\":\"https:\\\/\\\/www.camlock.org\\\/lt\\\/?lang=et\\\/\",\"name\":\"\u041f\u0440\u043e\u0434\u0430\u0436\u0430 \u043a\u0430\u043c\u043b\u043e\u043a (Camlock) \u0441\u043e\u0435\u0434\u0438\u043d\u0435\u043d\u0438\u0439\",\"description\":\"\u041f\u0440\u043e\u0434\u0430\u0436\u0430 \u043a\u0430\u043c\u043b\u043e\u043a (Camlock) \u0441\u043e\u0435\u0434\u0438\u043d\u0435\u043d\u0438\u0439\",\"potentialAction\":[{\"@type\":\"SearchAction\",\"target\":{\"@type\":\"EntryPoint\",\"urlTemplate\":\"https:\\\/\\\/www.camlock.org\\\/lt\\\/?lang=et\\\/?s={search_term_string}\"},\"query-input\":{\"@type\":\"PropertyValueSpecification\",\"valueRequired\":true,\"valueName\":\"search_term_string\"}}],\"inLanguage\":\"lt-LT\"}]}<\/script>\n<!-- \/ Yoast SEO plugin. -->","yoast_head_json":{"title":"E tipo nailonin\u0117 Camlock jungtis - vyri\u0161ka jungtis \u00d7 \u017earnos kotas","description":"E tipo adapteris - nailoninis kum\u0161telio ir griovelio vyri\u0161kas adapteris x \u017earnos kotas. E tipo adapteriai paprastai naudojami su C tipo jungtimis, ta\u010diau gali b\u016bti naudojami ir su tokio paties dyd\u017eio B ir D tipo jungtimis arba DC (dulki\u0173 dangteliu).","robots":{"index":"index","follow":"follow","max-snippet":"max-snippet:-1","max-image-preview":"max-image-preview:large","max-video-preview":"max-video-preview:-1"},"canonical":"https:\/\/www.camlock.org\/lt\/produktas\/e-tipo-nailonin-camlock-jungtis-vyri-ka-jungtis-arnos-kotas\/","og_locale":"lt_LT","og_type":"article","og_title":"E tipo nailonin\u0117 Camlock jungtis - vyri\u0161ka jungtis \u00d7 \u017earnos kotas","og_description":"E tipo adapteris - nailoninis kum\u0161telio ir griovelio vyri\u0161kas adapteris x \u017earnos kotas. E tipo adapteriai paprastai naudojami su C tipo jungtimis, ta\u010diau gali b\u016bti naudojami ir su tokio paties dyd\u017eio B ir D tipo jungtimis arba DC (dulki\u0173 dangteliu).","og_url":"https:\/\/www.camlock.org\/lt\/produktas\/e-tipo-nailonin-camlock-jungtis-vyri-ka-jungtis-arnos-kotas\/","og_site_name":"\u041f\u0440\u043e\u0434\u0430\u0436\u0430 \u043a\u0430\u043c\u043b\u043e\u043a (Camlock) \u0441\u043e\u0435\u0434\u0438\u043d\u0435\u043d\u0438\u0439","article_modified_time":"2025-05-16T08:53:26+00:00","og_image":[{"width":1000,"height":1134,"url":"https:\/\/www.camlock.org\/wp-content\/uploads\/2018\/01\/Camlock_Nylon_type-E_50mm_E200NY_.jpg","type":"image\/jpeg"}],"twitter_card":"summary_large_image","twitter_misc":{"Est. reading time":"1 minut\u0117"},"schema":{"@context":"https:\/\/schema.org","@graph":[{"@type":"WebPage","@id":"https:\/\/www.camlock.org\/lt\/produktas\/e-tipo-nailonin-camlock-jungtis-vyri-ka-jungtis-arnos-kotas\/","url":"https:\/\/www.camlock.org\/lt\/produktas\/e-tipo-nailonin-camlock-jungtis-vyri-ka-jungtis-arnos-kotas\/","name":"E tipo nailonin\u0117 Camlock jungtis - vyri\u0161ka jungtis \u00d7 \u017earnos kotas","isPartOf":{"@id":"https:\/\/www.camlock.org\/lt\/?lang=et\/#website"},"primaryImageOfPage":{"@id":"https:\/\/www.camlock.org\/lt\/produktas\/e-tipo-nailonin-camlock-jungtis-vyri-ka-jungtis-arnos-kotas\/#primaryimage"},"image":{"@id":"https:\/\/www.camlock.org\/lt\/produktas\/e-tipo-nailonin-camlock-jungtis-vyri-ka-jungtis-arnos-kotas\/#primaryimage"},"thumbnailUrl":"https:\/\/www.camlock.org\/wp-content\/uploads\/2018\/01\/Camlock_Nylon_type-E_50mm_E200NY_.jpg","datePublished":"2018-01-18T14:49:19+00:00","dateModified":"2025-05-16T08:53:26+00:00","description":"E tipo adapteris - nailoninis kum\u0161telio ir griovelio vyri\u0161kas adapteris x \u017earnos kotas. E tipo adapteriai paprastai naudojami su C tipo jungtimis, ta\u010diau gali b\u016bti naudojami ir su tokio paties dyd\u017eio B ir D tipo jungtimis arba DC (dulki\u0173 dangteliu).","breadcrumb":{"@id":"https:\/\/www.camlock.org\/lt\/produktas\/e-tipo-nailonin-camlock-jungtis-vyri-ka-jungtis-arnos-kotas\/#breadcrumb"},"inLanguage":"lt-LT","potentialAction":[{"@type":"ReadAction","target":["https:\/\/www.camlock.org\/lt\/produktas\/e-tipo-nailonin-camlock-jungtis-vyri-ka-jungtis-arnos-kotas\/"]}]},{"@type":"ImageObject","inLanguage":"lt-LT","@id":"https:\/\/www.camlock.org\/lt\/produktas\/e-tipo-nailonin-camlock-jungtis-vyri-ka-jungtis-arnos-kotas\/#primaryimage","url":"https:\/\/www.camlock.org\/wp-content\/uploads\/2018\/01\/Camlock_Nylon_type-E_50mm_E200NY_.jpg","contentUrl":"https:\/\/www.camlock.org\/wp-content\/uploads\/2018\/01\/Camlock_Nylon_type-E_50mm_E200NY_.jpg","width":1000,"height":1134,"caption":"Type E Nylon Camlock Fitting\u00a0- Male Coupler \u00d7 Hose Shank"},{"@type":"BreadcrumbList","@id":"https:\/\/www.camlock.org\/lt\/produktas\/e-tipo-nailonin-camlock-jungtis-vyri-ka-jungtis-arnos-kotas\/#breadcrumb","itemListElement":[{"@type":"ListItem","position":1,"name":"Home","item":"https:\/\/www.camlock.org\/lt\/prad-ia\/"},{"@type":"ListItem","position":2,"name":"Parduotuv\u0117","item":"https:\/\/www.camlock.org\/lt\/d0-bc-d0-b0-d0-b3-d0-b0-d0-b7-d0-b8-d0-bd\/"},{"@type":"ListItem","position":3,"name":"E tipo nailonin\u0117 Camlock jungtis &#8211; vyri\u0161ka jungtis \u00d7 \u017earnos kotas"}]},{"@type":"WebSite","@id":"https:\/\/www.camlock.org\/lt\/?lang=et\/#website","url":"https:\/\/www.camlock.org\/lt\/?lang=et\/","name":"\u041f\u0440\u043e\u0434\u0430\u0436\u0430 \u043a\u0430\u043c\u043b\u043e\u043a (Camlock) \u0441\u043e\u0435\u0434\u0438\u043d\u0435\u043d\u0438\u0439","description":"\u041f\u0440\u043e\u0434\u0430\u0436\u0430 \u043a\u0430\u043c\u043b\u043e\u043a (Camlock) \u0441\u043e\u0435\u0434\u0438\u043d\u0435\u043d\u0438\u0439","potentialAction":[{"@type":"SearchAction","target":{"@type":"EntryPoint","urlTemplate":"https:\/\/www.camlock.org\/lt\/?lang=et\/?s={search_term_string}"},"query-input":{"@type":"PropertyValueSpecification","valueRequired":true,"valueName":"search_term_string"}}],"inLanguage":"lt-LT"}]}},"_links":{"self":[{"href":"https:\/\/www.camlock.org\/lt\/wp-json\/wp\/v2\/product\/10236","targetHints":{"allow":["GET"]}}],"collection":[{"href":"https:\/\/www.camlock.org\/lt\/wp-json\/wp\/v2\/product"}],"about":[{"href":"https:\/\/www.camlock.org\/lt\/wp-json\/wp\/v2\/types\/product"}],"wp:featuredmedia":[{"embeddable":true,"href":"https:\/\/www.camlock.org\/lt\/wp-json\/wp\/v2\/media\/8778"}],"wp:attachment":[{"href":"https:\/\/www.camlock.org\/lt\/wp-json\/wp\/v2\/media?parent=10236"}],"wp:term":[{"taxonomy":"product_brand","embeddable":true,"href":"https:\/\/www.camlock.org\/lt\/wp-json\/wp\/v2\/product_brand?post=10236"},{"taxonomy":"product_cat","embeddable":true,"href":"https:\/\/www.camlock.org\/lt\/wp-json\/wp\/v2\/product_cat?post=10236"},{"taxonomy":"product_tag","embeddable":true,"href":"https:\/\/www.camlock.org\/lt\/wp-json\/wp\/v2\/product_tag?post=10236"}],"curies":[{"name":"wp","href":"https:\/\/api.w.org\/{rel}","templated":true}]}}