{"id":10245,"date":"2018-01-19T10:34:53","date_gmt":"2018-01-19T07:34:53","guid":{"rendered":"https:\/\/www.camlock.org\/product\/type-f-nylon-camlock-fitting-male-coupler-x-male-bsp\/"},"modified":"2025-05-16T11:54:08","modified_gmt":"2025-05-16T08:54:08","slug":"f-tipo-nailonin-camlock-jungtis-vyri-ka-jungtis-x-bsp-vyri-ka-jungtis","status":"publish","type":"product","link":"https:\/\/www.camlock.org\/lt\/produktas\/f-tipo-nailonin-camlock-jungtis-vyri-ka-jungtis-x-bsp-vyri-ka-jungtis\/","title":{"rendered":"F tipo nailonin\u0117 Camlock jungtis &#8211; vyri\u0161ka jungtis x BSP vyri\u0161ka jungtis"},"content":{"rendered":"<p>Nailonin\u0117s kum\u0161telin\u0117s jungtys da\u017enai naudojamos gaisr\u0173 gesinimo siurbliuose, IBC siurbliuose arba ten, kur reikia greitai prijungti ir atjungti. Greitas \u017earn\u0173 sujungimas sutaupo daug daugiau laiko nei sriegi\u0173 ar flan\u0161ini\u0173 jung\u010di\u0173 tvirtinimas.<\/p>\n","protected":false},"excerpt":{"rendered":"<p>F tipo nailoninis adapteris su kum\u0161teliniu u\u017eraktu &#8211; turi to paties dyd\u017eio i\u0161orin\u012f griovelin\u012f adapter\u012f ir i\u0161orin\u012f BSP\/NPT srieg\u012f. F tipo jungtys da\u017enai naudojamos su C, B, D ir DC tipo jungtimis.<\/p>\n","protected":false},"featured_media":8887,"template":"","meta":[],"product_brand":[],"product_cat":[191],"product_tag":[192,280],"class_list":{"0":"post-10245","1":"product","2":"type-product","3":"status-publish","4":"has-post-thumbnail","6":"product_cat-nylon-camlock-couplings-lt","7":"product_tag-nylon-lt","8":"product_tag-type-f-lt","10":"first","11":"instock","12":"taxable","13":"shipping-taxable","14":"purchasable","15":"product-type-variable"},"yoast_head":"<!-- This site is optimized with the Yoast SEO plugin v27.4 - https:\/\/yoast.com\/product\/yoast-seo-wordpress\/ -->\n<title>F tipo nailonin\u0117 Camlock jungtis - vyri\u0161ka jungtis x BSP vyri\u0161ka jungtis<\/title>\n<meta name=\"description\" content=\"F tipo nailonin\u0117s kam\u0161tin\u0117s jungtys Kam\u0161tin\u0117s jungtys da\u017enai naudojamos gaisr\u0173 gesinimo siurbliuose, IBC arba ten, kur reikia greitai prijungti ir atjungti. Greitas \u017earn\u0173 sujungimas sutaupo daug daugiau laiko nei sriegi\u0173 ar flan\u0161ini\u0173 jung\u010di\u0173 tvirtinimas.\" \/>\n<meta name=\"robots\" content=\"index, follow, max-snippet:-1, max-image-preview:large, max-video-preview:-1\" \/>\n<link rel=\"canonical\" href=\"https:\/\/www.camlock.org\/lt\/produktas\/f-tipo-nailonin-camlock-jungtis-vyri-ka-jungtis-x-bsp-vyri-ka-jungtis\/\" \/>\n<meta property=\"og:locale\" content=\"lt_LT\" \/>\n<meta property=\"og:type\" content=\"article\" \/>\n<meta property=\"og:title\" content=\"F tipo nailonin\u0117 Camlock jungtis - vyri\u0161ka jungtis x BSP vyri\u0161ka jungtis\" \/>\n<meta property=\"og:description\" content=\"F tipo nailonin\u0117s kam\u0161tin\u0117s jungtys Kam\u0161tin\u0117s jungtys da\u017enai naudojamos gaisr\u0173 gesinimo siurbliuose, IBC arba ten, kur reikia greitai prijungti ir atjungti. Greitas \u017earn\u0173 sujungimas sutaupo daug daugiau laiko nei sriegi\u0173 ar flan\u0161ini\u0173 jung\u010di\u0173 tvirtinimas.\" \/>\n<meta property=\"og:url\" content=\"https:\/\/www.camlock.org\/lt\/produktas\/f-tipo-nailonin-camlock-jungtis-vyri-ka-jungtis-x-bsp-vyri-ka-jungtis\/\" \/>\n<meta property=\"og:site_name\" content=\"\u041f\u0440\u043e\u0434\u0430\u0436\u0430 \u043a\u0430\u043c\u043b\u043e\u043a (Camlock) \u0441\u043e\u0435\u0434\u0438\u043d\u0435\u043d\u0438\u0439\" \/>\n<meta property=\"article:modified_time\" content=\"2025-05-16T08:54:08+00:00\" \/>\n<meta property=\"og:image\" content=\"https:\/\/www.camlock.org\/wp-content\/uploads\/2018\/01\/Camlock_Nylon_type-F_40mm_F200NY_.jpg\" \/>\n\t<meta property=\"og:image:width\" content=\"1000\" \/>\n\t<meta property=\"og:image:height\" content=\"1134\" \/>\n\t<meta property=\"og:image:type\" content=\"image\/jpeg\" \/>\n<meta name=\"twitter:card\" content=\"summary_large_image\" \/>\n<meta name=\"twitter:label1\" content=\"Est. reading time\" \/>\n\t<meta name=\"twitter:data1\" content=\"1 minut\u0117\" \/>\n<script type=\"application\/ld+json\" class=\"yoast-schema-graph\">{\"@context\":\"https:\\\/\\\/schema.org\",\"@graph\":[{\"@type\":\"WebPage\",\"@id\":\"https:\\\/\\\/www.camlock.org\\\/lt\\\/produktas\\\/f-tipo-nailonin-camlock-jungtis-vyri-ka-jungtis-x-bsp-vyri-ka-jungtis\\\/\",\"url\":\"https:\\\/\\\/www.camlock.org\\\/lt\\\/produktas\\\/f-tipo-nailonin-camlock-jungtis-vyri-ka-jungtis-x-bsp-vyri-ka-jungtis\\\/\",\"name\":\"F tipo nailonin\u0117 Camlock jungtis - vyri\u0161ka jungtis x BSP vyri\u0161ka jungtis\",\"isPartOf\":{\"@id\":\"https:\\\/\\\/www.camlock.org\\\/lt\\\/?lang=et\\\/#website\"},\"primaryImageOfPage\":{\"@id\":\"https:\\\/\\\/www.camlock.org\\\/lt\\\/produktas\\\/f-tipo-nailonin-camlock-jungtis-vyri-ka-jungtis-x-bsp-vyri-ka-jungtis\\\/#primaryimage\"},\"image\":{\"@id\":\"https:\\\/\\\/www.camlock.org\\\/lt\\\/produktas\\\/f-tipo-nailonin-camlock-jungtis-vyri-ka-jungtis-x-bsp-vyri-ka-jungtis\\\/#primaryimage\"},\"thumbnailUrl\":\"https:\\\/\\\/www.camlock.org\\\/wp-content\\\/uploads\\\/2018\\\/01\\\/Camlock_Nylon_type-F_40mm_F200NY_.jpg\",\"datePublished\":\"2018-01-19T07:34:53+00:00\",\"dateModified\":\"2025-05-16T08:54:08+00:00\",\"description\":\"F tipo nailonin\u0117s kam\u0161tin\u0117s jungtys Kam\u0161tin\u0117s jungtys da\u017enai naudojamos gaisr\u0173 gesinimo siurbliuose, IBC arba ten, kur reikia greitai prijungti ir atjungti. Greitas \u017earn\u0173 sujungimas sutaupo daug daugiau laiko nei sriegi\u0173 ar flan\u0161ini\u0173 jung\u010di\u0173 tvirtinimas.\",\"breadcrumb\":{\"@id\":\"https:\\\/\\\/www.camlock.org\\\/lt\\\/produktas\\\/f-tipo-nailonin-camlock-jungtis-vyri-ka-jungtis-x-bsp-vyri-ka-jungtis\\\/#breadcrumb\"},\"inLanguage\":\"lt-LT\",\"potentialAction\":[{\"@type\":\"ReadAction\",\"target\":[\"https:\\\/\\\/www.camlock.org\\\/lt\\\/produktas\\\/f-tipo-nailonin-camlock-jungtis-vyri-ka-jungtis-x-bsp-vyri-ka-jungtis\\\/\"]}]},{\"@type\":\"ImageObject\",\"inLanguage\":\"lt-LT\",\"@id\":\"https:\\\/\\\/www.camlock.org\\\/lt\\\/produktas\\\/f-tipo-nailonin-camlock-jungtis-vyri-ka-jungtis-x-bsp-vyri-ka-jungtis\\\/#primaryimage\",\"url\":\"https:\\\/\\\/www.camlock.org\\\/wp-content\\\/uploads\\\/2018\\\/01\\\/Camlock_Nylon_type-F_40mm_F200NY_.jpg\",\"contentUrl\":\"https:\\\/\\\/www.camlock.org\\\/wp-content\\\/uploads\\\/2018\\\/01\\\/Camlock_Nylon_type-F_40mm_F200NY_.jpg\",\"width\":1000,\"height\":1134,\"caption\":\"Type F Nylon Camlock Fitting - Male Coupler x Male BSP Thread\"},{\"@type\":\"BreadcrumbList\",\"@id\":\"https:\\\/\\\/www.camlock.org\\\/lt\\\/produktas\\\/f-tipo-nailonin-camlock-jungtis-vyri-ka-jungtis-x-bsp-vyri-ka-jungtis\\\/#breadcrumb\",\"itemListElement\":[{\"@type\":\"ListItem\",\"position\":1,\"name\":\"Home\",\"item\":\"https:\\\/\\\/www.camlock.org\\\/lt\\\/prad-ia\\\/\"},{\"@type\":\"ListItem\",\"position\":2,\"name\":\"Parduotuv\u0117\",\"item\":\"https:\\\/\\\/www.camlock.org\\\/lt\\\/d0-bc-d0-b0-d0-b3-d0-b0-d0-b7-d0-b8-d0-bd\\\/\"},{\"@type\":\"ListItem\",\"position\":3,\"name\":\"F tipo nailonin\u0117 Camlock jungtis &#8211; vyri\u0161ka jungtis x BSP vyri\u0161ka jungtis\"}]},{\"@type\":\"WebSite\",\"@id\":\"https:\\\/\\\/www.camlock.org\\\/lt\\\/?lang=et\\\/#website\",\"url\":\"https:\\\/\\\/www.camlock.org\\\/lt\\\/?lang=et\\\/\",\"name\":\"\u041f\u0440\u043e\u0434\u0430\u0436\u0430 \u043a\u0430\u043c\u043b\u043e\u043a (Camlock) \u0441\u043e\u0435\u0434\u0438\u043d\u0435\u043d\u0438\u0439\",\"description\":\"\u041f\u0440\u043e\u0434\u0430\u0436\u0430 \u043a\u0430\u043c\u043b\u043e\u043a (Camlock) \u0441\u043e\u0435\u0434\u0438\u043d\u0435\u043d\u0438\u0439\",\"potentialAction\":[{\"@type\":\"SearchAction\",\"target\":{\"@type\":\"EntryPoint\",\"urlTemplate\":\"https:\\\/\\\/www.camlock.org\\\/lt\\\/?lang=et\\\/?s={search_term_string}\"},\"query-input\":{\"@type\":\"PropertyValueSpecification\",\"valueRequired\":true,\"valueName\":\"search_term_string\"}}],\"inLanguage\":\"lt-LT\"}]}<\/script>\n<!-- \/ Yoast SEO plugin. -->","yoast_head_json":{"title":"F tipo nailonin\u0117 Camlock jungtis - vyri\u0161ka jungtis x BSP vyri\u0161ka jungtis","description":"F tipo nailonin\u0117s kam\u0161tin\u0117s jungtys Kam\u0161tin\u0117s jungtys da\u017enai naudojamos gaisr\u0173 gesinimo siurbliuose, IBC arba ten, kur reikia greitai prijungti ir atjungti. Greitas \u017earn\u0173 sujungimas sutaupo daug daugiau laiko nei sriegi\u0173 ar flan\u0161ini\u0173 jung\u010di\u0173 tvirtinimas.","robots":{"index":"index","follow":"follow","max-snippet":"max-snippet:-1","max-image-preview":"max-image-preview:large","max-video-preview":"max-video-preview:-1"},"canonical":"https:\/\/www.camlock.org\/lt\/produktas\/f-tipo-nailonin-camlock-jungtis-vyri-ka-jungtis-x-bsp-vyri-ka-jungtis\/","og_locale":"lt_LT","og_type":"article","og_title":"F tipo nailonin\u0117 Camlock jungtis - vyri\u0161ka jungtis x BSP vyri\u0161ka jungtis","og_description":"F tipo nailonin\u0117s kam\u0161tin\u0117s jungtys Kam\u0161tin\u0117s jungtys da\u017enai naudojamos gaisr\u0173 gesinimo siurbliuose, IBC arba ten, kur reikia greitai prijungti ir atjungti. Greitas \u017earn\u0173 sujungimas sutaupo daug daugiau laiko nei sriegi\u0173 ar flan\u0161ini\u0173 jung\u010di\u0173 tvirtinimas.","og_url":"https:\/\/www.camlock.org\/lt\/produktas\/f-tipo-nailonin-camlock-jungtis-vyri-ka-jungtis-x-bsp-vyri-ka-jungtis\/","og_site_name":"\u041f\u0440\u043e\u0434\u0430\u0436\u0430 \u043a\u0430\u043c\u043b\u043e\u043a (Camlock) \u0441\u043e\u0435\u0434\u0438\u043d\u0435\u043d\u0438\u0439","article_modified_time":"2025-05-16T08:54:08+00:00","og_image":[{"width":1000,"height":1134,"url":"https:\/\/www.camlock.org\/wp-content\/uploads\/2018\/01\/Camlock_Nylon_type-F_40mm_F200NY_.jpg","type":"image\/jpeg"}],"twitter_card":"summary_large_image","twitter_misc":{"Est. reading time":"1 minut\u0117"},"schema":{"@context":"https:\/\/schema.org","@graph":[{"@type":"WebPage","@id":"https:\/\/www.camlock.org\/lt\/produktas\/f-tipo-nailonin-camlock-jungtis-vyri-ka-jungtis-x-bsp-vyri-ka-jungtis\/","url":"https:\/\/www.camlock.org\/lt\/produktas\/f-tipo-nailonin-camlock-jungtis-vyri-ka-jungtis-x-bsp-vyri-ka-jungtis\/","name":"F tipo nailonin\u0117 Camlock jungtis - vyri\u0161ka jungtis x BSP vyri\u0161ka jungtis","isPartOf":{"@id":"https:\/\/www.camlock.org\/lt\/?lang=et\/#website"},"primaryImageOfPage":{"@id":"https:\/\/www.camlock.org\/lt\/produktas\/f-tipo-nailonin-camlock-jungtis-vyri-ka-jungtis-x-bsp-vyri-ka-jungtis\/#primaryimage"},"image":{"@id":"https:\/\/www.camlock.org\/lt\/produktas\/f-tipo-nailonin-camlock-jungtis-vyri-ka-jungtis-x-bsp-vyri-ka-jungtis\/#primaryimage"},"thumbnailUrl":"https:\/\/www.camlock.org\/wp-content\/uploads\/2018\/01\/Camlock_Nylon_type-F_40mm_F200NY_.jpg","datePublished":"2018-01-19T07:34:53+00:00","dateModified":"2025-05-16T08:54:08+00:00","description":"F tipo nailonin\u0117s kam\u0161tin\u0117s jungtys Kam\u0161tin\u0117s jungtys da\u017enai naudojamos gaisr\u0173 gesinimo siurbliuose, IBC arba ten, kur reikia greitai prijungti ir atjungti. Greitas \u017earn\u0173 sujungimas sutaupo daug daugiau laiko nei sriegi\u0173 ar flan\u0161ini\u0173 jung\u010di\u0173 tvirtinimas.","breadcrumb":{"@id":"https:\/\/www.camlock.org\/lt\/produktas\/f-tipo-nailonin-camlock-jungtis-vyri-ka-jungtis-x-bsp-vyri-ka-jungtis\/#breadcrumb"},"inLanguage":"lt-LT","potentialAction":[{"@type":"ReadAction","target":["https:\/\/www.camlock.org\/lt\/produktas\/f-tipo-nailonin-camlock-jungtis-vyri-ka-jungtis-x-bsp-vyri-ka-jungtis\/"]}]},{"@type":"ImageObject","inLanguage":"lt-LT","@id":"https:\/\/www.camlock.org\/lt\/produktas\/f-tipo-nailonin-camlock-jungtis-vyri-ka-jungtis-x-bsp-vyri-ka-jungtis\/#primaryimage","url":"https:\/\/www.camlock.org\/wp-content\/uploads\/2018\/01\/Camlock_Nylon_type-F_40mm_F200NY_.jpg","contentUrl":"https:\/\/www.camlock.org\/wp-content\/uploads\/2018\/01\/Camlock_Nylon_type-F_40mm_F200NY_.jpg","width":1000,"height":1134,"caption":"Type F Nylon Camlock Fitting - Male Coupler x Male BSP Thread"},{"@type":"BreadcrumbList","@id":"https:\/\/www.camlock.org\/lt\/produktas\/f-tipo-nailonin-camlock-jungtis-vyri-ka-jungtis-x-bsp-vyri-ka-jungtis\/#breadcrumb","itemListElement":[{"@type":"ListItem","position":1,"name":"Home","item":"https:\/\/www.camlock.org\/lt\/prad-ia\/"},{"@type":"ListItem","position":2,"name":"Parduotuv\u0117","item":"https:\/\/www.camlock.org\/lt\/d0-bc-d0-b0-d0-b3-d0-b0-d0-b7-d0-b8-d0-bd\/"},{"@type":"ListItem","position":3,"name":"F tipo nailonin\u0117 Camlock jungtis &#8211; vyri\u0161ka jungtis x BSP vyri\u0161ka jungtis"}]},{"@type":"WebSite","@id":"https:\/\/www.camlock.org\/lt\/?lang=et\/#website","url":"https:\/\/www.camlock.org\/lt\/?lang=et\/","name":"\u041f\u0440\u043e\u0434\u0430\u0436\u0430 \u043a\u0430\u043c\u043b\u043e\u043a (Camlock) \u0441\u043e\u0435\u0434\u0438\u043d\u0435\u043d\u0438\u0439","description":"\u041f\u0440\u043e\u0434\u0430\u0436\u0430 \u043a\u0430\u043c\u043b\u043e\u043a (Camlock) \u0441\u043e\u0435\u0434\u0438\u043d\u0435\u043d\u0438\u0439","potentialAction":[{"@type":"SearchAction","target":{"@type":"EntryPoint","urlTemplate":"https:\/\/www.camlock.org\/lt\/?lang=et\/?s={search_term_string}"},"query-input":{"@type":"PropertyValueSpecification","valueRequired":true,"valueName":"search_term_string"}}],"inLanguage":"lt-LT"}]}},"_links":{"self":[{"href":"https:\/\/www.camlock.org\/lt\/wp-json\/wp\/v2\/product\/10245","targetHints":{"allow":["GET"]}}],"collection":[{"href":"https:\/\/www.camlock.org\/lt\/wp-json\/wp\/v2\/product"}],"about":[{"href":"https:\/\/www.camlock.org\/lt\/wp-json\/wp\/v2\/types\/product"}],"wp:featuredmedia":[{"embeddable":true,"href":"https:\/\/www.camlock.org\/lt\/wp-json\/wp\/v2\/media\/8887"}],"wp:attachment":[{"href":"https:\/\/www.camlock.org\/lt\/wp-json\/wp\/v2\/media?parent=10245"}],"wp:term":[{"taxonomy":"product_brand","embeddable":true,"href":"https:\/\/www.camlock.org\/lt\/wp-json\/wp\/v2\/product_brand?post=10245"},{"taxonomy":"product_cat","embeddable":true,"href":"https:\/\/www.camlock.org\/lt\/wp-json\/wp\/v2\/product_cat?post=10245"},{"taxonomy":"product_tag","embeddable":true,"href":"https:\/\/www.camlock.org\/lt\/wp-json\/wp\/v2\/product_tag?post=10245"}],"curies":[{"name":"wp","href":"https:\/\/api.w.org\/{rel}","templated":true}]}}