{"id":10450,"date":"2018-01-28T21:51:34","date_gmt":"2018-01-28T18:51:34","guid":{"rendered":"https:\/\/www.camlock.org\/product\/type-a-polypropylene-camlock-coupler-male-coupler-x-female-bsp-thread\/"},"modified":"2025-05-16T11:55:03","modified_gmt":"2025-05-16T08:55:03","slug":"a-tipo-polipropileno-kam-tin-jungtis-vyri-ka-jungtis-x-moteri-kas-bsp-sriegis","status":"publish","type":"product","link":"https:\/\/www.camlock.org\/lt\/produktas\/a-tipo-polipropileno-kam-tin-jungtis-vyri-ka-jungtis-x-moteri-kas-bsp-sriegis\/","title":{"rendered":"A tipo polipropileno kam\u0161tin\u0117 jungtis &#8211; vyri\u0161ka jungtis x moteri\u0161kas BSP sriegis"},"content":{"rendered":"<p>Juodas A tipo Camlock adapteris &#8211; vyri\u0161kas adapteris \u00d7 moteri\u0161kas BSP (taip pat gali b\u016bti NPT), da\u017enai naudojamas kartu su D, B, C ir DC tipo jungtimis, kad b\u016bt\u0173 galima saugiai greitai sujungti \u017earnas. Polipropileno kum\u0161telin\u0117 ir griovelio jungtis padidina darbo efektyvum\u0105 ir pa\u0161alina sud\u0117ting\u0105 sriegi\u0173 ir flan\u0161\u0173 valdym\u0105.  Vyri\u0161kasis griovelio galas tinka prie bet kurios tokio pat dyd\u017eio moteri\u0161kosios camlock jungties. Vidinis S60x6 polipropileno jungtis, jungianti 1000 litr\u0173 IBC talpyklos vo\u017etuv\u0105. Galima prijungti \u017earn\u0105 prie bako ir vanden\u012f tiesiogiai i\u0161 bako. \u0160i\u0105 jungt\u012f taip pat galite u\u017esisakyti i\u0161 m\u016bs\u0173 Europos internetin\u0117s parduotuv\u0117s.   <\/p>\n","protected":false},"excerpt":{"rendered":"<p>\u012esp\u0117jimas: Polipropileno kum\u0161telin\u0117 jungtis NENAUDOJAMA susl\u0117gtiems darbams.<\/p>\n","protected":false},"featured_media":9304,"template":"","meta":[],"product_brand":[],"product_cat":[144],"product_tag":[307,193],"class_list":{"0":"post-10450","1":"product","2":"type-product","3":"status-publish","4":"has-post-thumbnail","6":"product_cat-polipropileniniai-kampeliniai-movos","7":"product_tag-polypropylene-lt","8":"product_tag-type-a-lt","10":"first","11":"onbackorder","12":"taxable","13":"shipping-taxable","14":"purchasable","15":"product-type-variable"},"yoast_head":"<!-- This site is optimized with the Yoast SEO plugin v27.3 - https:\/\/yoast.com\/product\/yoast-seo-wordpress\/ -->\n<title>A tipo polipropileno kam\u0161tin\u0117 jungtis<\/title>\n<meta name=\"description\" content=\"A tipo polipropileno kam\u0161tin\u0117 jungtis - vyri\u0161kas adapteris \u00d7 moteri\u0161kas BSP (taip pat galima NPT), da\u017enai naudojama kartu su D, B, C ir DC tipo jungtimis, kad b\u016bt\u0173 galima saugiai greitai sujungti \u017earnas.\" \/>\n<meta name=\"robots\" content=\"index, follow, max-snippet:-1, max-image-preview:large, max-video-preview:-1\" \/>\n<link rel=\"canonical\" href=\"https:\/\/www.camlock.org\/lt\/produktas\/a-tipo-polipropileno-kam-tin-jungtis-vyri-ka-jungtis-x-moteri-kas-bsp-sriegis\/\" \/>\n<meta property=\"og:locale\" content=\"lt_LT\" \/>\n<meta property=\"og:type\" content=\"article\" \/>\n<meta property=\"og:title\" content=\"A tipo polipropileno kam\u0161tin\u0117 jungtis\" \/>\n<meta property=\"og:description\" content=\"A tipo polipropileno kam\u0161tin\u0117 jungtis - vyri\u0161kas adapteris \u00d7 moteri\u0161kas BSP (taip pat galima NPT), da\u017enai naudojama kartu su D, B, C ir DC tipo jungtimis, kad b\u016bt\u0173 galima saugiai greitai sujungti \u017earnas.\" \/>\n<meta property=\"og:url\" content=\"https:\/\/www.camlock.org\/lt\/produktas\/a-tipo-polipropileno-kam-tin-jungtis-vyri-ka-jungtis-x-moteri-kas-bsp-sriegis\/\" \/>\n<meta property=\"og:site_name\" content=\"\u041f\u0440\u043e\u0434\u0430\u0436\u0430 \u043a\u0430\u043c\u043b\u043e\u043a (Camlock) \u0441\u043e\u0435\u0434\u0438\u043d\u0435\u043d\u0438\u0439\" \/>\n<meta property=\"article:modified_time\" content=\"2025-05-16T08:55:03+00:00\" \/>\n<meta property=\"og:image\" content=\"https:\/\/www.camlock.org\/wp-content\/uploads\/2018\/01\/Camlock_Polypropylen_type-A_200mm_A050PP_f.jpg\" \/>\n\t<meta property=\"og:image:width\" content=\"1000\" \/>\n\t<meta property=\"og:image:height\" content=\"1134\" \/>\n\t<meta property=\"og:image:type\" content=\"image\/jpeg\" \/>\n<meta name=\"twitter:card\" content=\"summary_large_image\" \/>\n<meta name=\"twitter:label1\" content=\"Est. reading time\" \/>\n\t<meta name=\"twitter:data1\" content=\"1 minut\u0117\" \/>\n<script type=\"application\/ld+json\" class=\"yoast-schema-graph\">{\"@context\":\"https:\\\/\\\/schema.org\",\"@graph\":[{\"@type\":\"WebPage\",\"@id\":\"https:\\\/\\\/www.camlock.org\\\/lt\\\/produktas\\\/a-tipo-polipropileno-kam-tin-jungtis-vyri-ka-jungtis-x-moteri-kas-bsp-sriegis\\\/\",\"url\":\"https:\\\/\\\/www.camlock.org\\\/lt\\\/produktas\\\/a-tipo-polipropileno-kam-tin-jungtis-vyri-ka-jungtis-x-moteri-kas-bsp-sriegis\\\/\",\"name\":\"A tipo polipropileno kam\u0161tin\u0117 jungtis\",\"isPartOf\":{\"@id\":\"https:\\\/\\\/www.camlock.org\\\/lt\\\/?lang=et\\\/#website\"},\"primaryImageOfPage\":{\"@id\":\"https:\\\/\\\/www.camlock.org\\\/lt\\\/produktas\\\/a-tipo-polipropileno-kam-tin-jungtis-vyri-ka-jungtis-x-moteri-kas-bsp-sriegis\\\/#primaryimage\"},\"image\":{\"@id\":\"https:\\\/\\\/www.camlock.org\\\/lt\\\/produktas\\\/a-tipo-polipropileno-kam-tin-jungtis-vyri-ka-jungtis-x-moteri-kas-bsp-sriegis\\\/#primaryimage\"},\"thumbnailUrl\":\"https:\\\/\\\/www.camlock.org\\\/wp-content\\\/uploads\\\/2018\\\/01\\\/Camlock_Polypropylen_type-A_200mm_A050PP_f.jpg\",\"datePublished\":\"2018-01-28T18:51:34+00:00\",\"dateModified\":\"2025-05-16T08:55:03+00:00\",\"description\":\"A tipo polipropileno kam\u0161tin\u0117 jungtis - vyri\u0161kas adapteris \u00d7 moteri\u0161kas BSP (taip pat galima NPT), da\u017enai naudojama kartu su D, B, C ir DC tipo jungtimis, kad b\u016bt\u0173 galima saugiai greitai sujungti \u017earnas.\",\"breadcrumb\":{\"@id\":\"https:\\\/\\\/www.camlock.org\\\/lt\\\/produktas\\\/a-tipo-polipropileno-kam-tin-jungtis-vyri-ka-jungtis-x-moteri-kas-bsp-sriegis\\\/#breadcrumb\"},\"inLanguage\":\"lt-LT\",\"potentialAction\":[{\"@type\":\"ReadAction\",\"target\":[\"https:\\\/\\\/www.camlock.org\\\/lt\\\/produktas\\\/a-tipo-polipropileno-kam-tin-jungtis-vyri-ka-jungtis-x-moteri-kas-bsp-sriegis\\\/\"]}]},{\"@type\":\"ImageObject\",\"inLanguage\":\"lt-LT\",\"@id\":\"https:\\\/\\\/www.camlock.org\\\/lt\\\/produktas\\\/a-tipo-polipropileno-kam-tin-jungtis-vyri-ka-jungtis-x-moteri-kas-bsp-sriegis\\\/#primaryimage\",\"url\":\"https:\\\/\\\/www.camlock.org\\\/wp-content\\\/uploads\\\/2018\\\/01\\\/Camlock_Polypropylen_type-A_200mm_A050PP_f.jpg\",\"contentUrl\":\"https:\\\/\\\/www.camlock.org\\\/wp-content\\\/uploads\\\/2018\\\/01\\\/Camlock_Polypropylen_type-A_200mm_A050PP_f.jpg\",\"width\":1000,\"height\":1134,\"caption\":\"Type A Polypropylene Camlock Coupler - Male Coupler x Female BSP Thread\"},{\"@type\":\"BreadcrumbList\",\"@id\":\"https:\\\/\\\/www.camlock.org\\\/lt\\\/produktas\\\/a-tipo-polipropileno-kam-tin-jungtis-vyri-ka-jungtis-x-moteri-kas-bsp-sriegis\\\/#breadcrumb\",\"itemListElement\":[{\"@type\":\"ListItem\",\"position\":1,\"name\":\"Home\",\"item\":\"https:\\\/\\\/www.camlock.org\\\/lt\\\/prad-ia\\\/\"},{\"@type\":\"ListItem\",\"position\":2,\"name\":\"Parduotuv\u0117\",\"item\":\"https:\\\/\\\/www.camlock.org\\\/lt\\\/d0-bc-d0-b0-d0-b3-d0-b0-d0-b7-d0-b8-d0-bd\\\/\"},{\"@type\":\"ListItem\",\"position\":3,\"name\":\"A tipo polipropileno kam\u0161tin\u0117 jungtis &#8211; vyri\u0161ka jungtis x moteri\u0161kas BSP sriegis\"}]},{\"@type\":\"WebSite\",\"@id\":\"https:\\\/\\\/www.camlock.org\\\/lt\\\/?lang=et\\\/#website\",\"url\":\"https:\\\/\\\/www.camlock.org\\\/lt\\\/?lang=et\\\/\",\"name\":\"\u041f\u0440\u043e\u0434\u0430\u0436\u0430 \u043a\u0430\u043c\u043b\u043e\u043a (Camlock) \u0441\u043e\u0435\u0434\u0438\u043d\u0435\u043d\u0438\u0439\",\"description\":\"\u041f\u0440\u043e\u0434\u0430\u0436\u0430 \u043a\u0430\u043c\u043b\u043e\u043a (Camlock) \u0441\u043e\u0435\u0434\u0438\u043d\u0435\u043d\u0438\u0439\",\"potentialAction\":[{\"@type\":\"SearchAction\",\"target\":{\"@type\":\"EntryPoint\",\"urlTemplate\":\"https:\\\/\\\/www.camlock.org\\\/lt\\\/?lang=et\\\/?s={search_term_string}\"},\"query-input\":{\"@type\":\"PropertyValueSpecification\",\"valueRequired\":true,\"valueName\":\"search_term_string\"}}],\"inLanguage\":\"lt-LT\"}]}<\/script>\n<!-- \/ Yoast SEO plugin. -->","yoast_head_json":{"title":"A tipo polipropileno kam\u0161tin\u0117 jungtis","description":"A tipo polipropileno kam\u0161tin\u0117 jungtis - vyri\u0161kas adapteris \u00d7 moteri\u0161kas BSP (taip pat galima NPT), da\u017enai naudojama kartu su D, B, C ir DC tipo jungtimis, kad b\u016bt\u0173 galima saugiai greitai sujungti \u017earnas.","robots":{"index":"index","follow":"follow","max-snippet":"max-snippet:-1","max-image-preview":"max-image-preview:large","max-video-preview":"max-video-preview:-1"},"canonical":"https:\/\/www.camlock.org\/lt\/produktas\/a-tipo-polipropileno-kam-tin-jungtis-vyri-ka-jungtis-x-moteri-kas-bsp-sriegis\/","og_locale":"lt_LT","og_type":"article","og_title":"A tipo polipropileno kam\u0161tin\u0117 jungtis","og_description":"A tipo polipropileno kam\u0161tin\u0117 jungtis - vyri\u0161kas adapteris \u00d7 moteri\u0161kas BSP (taip pat galima NPT), da\u017enai naudojama kartu su D, B, C ir DC tipo jungtimis, kad b\u016bt\u0173 galima saugiai greitai sujungti \u017earnas.","og_url":"https:\/\/www.camlock.org\/lt\/produktas\/a-tipo-polipropileno-kam-tin-jungtis-vyri-ka-jungtis-x-moteri-kas-bsp-sriegis\/","og_site_name":"\u041f\u0440\u043e\u0434\u0430\u0436\u0430 \u043a\u0430\u043c\u043b\u043e\u043a (Camlock) \u0441\u043e\u0435\u0434\u0438\u043d\u0435\u043d\u0438\u0439","article_modified_time":"2025-05-16T08:55:03+00:00","og_image":[{"width":1000,"height":1134,"url":"https:\/\/www.camlock.org\/wp-content\/uploads\/2018\/01\/Camlock_Polypropylen_type-A_200mm_A050PP_f.jpg","type":"image\/jpeg"}],"twitter_card":"summary_large_image","twitter_misc":{"Est. reading time":"1 minut\u0117"},"schema":{"@context":"https:\/\/schema.org","@graph":[{"@type":"WebPage","@id":"https:\/\/www.camlock.org\/lt\/produktas\/a-tipo-polipropileno-kam-tin-jungtis-vyri-ka-jungtis-x-moteri-kas-bsp-sriegis\/","url":"https:\/\/www.camlock.org\/lt\/produktas\/a-tipo-polipropileno-kam-tin-jungtis-vyri-ka-jungtis-x-moteri-kas-bsp-sriegis\/","name":"A tipo polipropileno kam\u0161tin\u0117 jungtis","isPartOf":{"@id":"https:\/\/www.camlock.org\/lt\/?lang=et\/#website"},"primaryImageOfPage":{"@id":"https:\/\/www.camlock.org\/lt\/produktas\/a-tipo-polipropileno-kam-tin-jungtis-vyri-ka-jungtis-x-moteri-kas-bsp-sriegis\/#primaryimage"},"image":{"@id":"https:\/\/www.camlock.org\/lt\/produktas\/a-tipo-polipropileno-kam-tin-jungtis-vyri-ka-jungtis-x-moteri-kas-bsp-sriegis\/#primaryimage"},"thumbnailUrl":"https:\/\/www.camlock.org\/wp-content\/uploads\/2018\/01\/Camlock_Polypropylen_type-A_200mm_A050PP_f.jpg","datePublished":"2018-01-28T18:51:34+00:00","dateModified":"2025-05-16T08:55:03+00:00","description":"A tipo polipropileno kam\u0161tin\u0117 jungtis - vyri\u0161kas adapteris \u00d7 moteri\u0161kas BSP (taip pat galima NPT), da\u017enai naudojama kartu su D, B, C ir DC tipo jungtimis, kad b\u016bt\u0173 galima saugiai greitai sujungti \u017earnas.","breadcrumb":{"@id":"https:\/\/www.camlock.org\/lt\/produktas\/a-tipo-polipropileno-kam-tin-jungtis-vyri-ka-jungtis-x-moteri-kas-bsp-sriegis\/#breadcrumb"},"inLanguage":"lt-LT","potentialAction":[{"@type":"ReadAction","target":["https:\/\/www.camlock.org\/lt\/produktas\/a-tipo-polipropileno-kam-tin-jungtis-vyri-ka-jungtis-x-moteri-kas-bsp-sriegis\/"]}]},{"@type":"ImageObject","inLanguage":"lt-LT","@id":"https:\/\/www.camlock.org\/lt\/produktas\/a-tipo-polipropileno-kam-tin-jungtis-vyri-ka-jungtis-x-moteri-kas-bsp-sriegis\/#primaryimage","url":"https:\/\/www.camlock.org\/wp-content\/uploads\/2018\/01\/Camlock_Polypropylen_type-A_200mm_A050PP_f.jpg","contentUrl":"https:\/\/www.camlock.org\/wp-content\/uploads\/2018\/01\/Camlock_Polypropylen_type-A_200mm_A050PP_f.jpg","width":1000,"height":1134,"caption":"Type A Polypropylene Camlock Coupler - Male Coupler x Female BSP Thread"},{"@type":"BreadcrumbList","@id":"https:\/\/www.camlock.org\/lt\/produktas\/a-tipo-polipropileno-kam-tin-jungtis-vyri-ka-jungtis-x-moteri-kas-bsp-sriegis\/#breadcrumb","itemListElement":[{"@type":"ListItem","position":1,"name":"Home","item":"https:\/\/www.camlock.org\/lt\/prad-ia\/"},{"@type":"ListItem","position":2,"name":"Parduotuv\u0117","item":"https:\/\/www.camlock.org\/lt\/d0-bc-d0-b0-d0-b3-d0-b0-d0-b7-d0-b8-d0-bd\/"},{"@type":"ListItem","position":3,"name":"A tipo polipropileno kam\u0161tin\u0117 jungtis &#8211; vyri\u0161ka jungtis x moteri\u0161kas BSP sriegis"}]},{"@type":"WebSite","@id":"https:\/\/www.camlock.org\/lt\/?lang=et\/#website","url":"https:\/\/www.camlock.org\/lt\/?lang=et\/","name":"\u041f\u0440\u043e\u0434\u0430\u0436\u0430 \u043a\u0430\u043c\u043b\u043e\u043a (Camlock) \u0441\u043e\u0435\u0434\u0438\u043d\u0435\u043d\u0438\u0439","description":"\u041f\u0440\u043e\u0434\u0430\u0436\u0430 \u043a\u0430\u043c\u043b\u043e\u043a (Camlock) \u0441\u043e\u0435\u0434\u0438\u043d\u0435\u043d\u0438\u0439","potentialAction":[{"@type":"SearchAction","target":{"@type":"EntryPoint","urlTemplate":"https:\/\/www.camlock.org\/lt\/?lang=et\/?s={search_term_string}"},"query-input":{"@type":"PropertyValueSpecification","valueRequired":true,"valueName":"search_term_string"}}],"inLanguage":"lt-LT"}]}},"_links":{"self":[{"href":"https:\/\/www.camlock.org\/lt\/wp-json\/wp\/v2\/product\/10450","targetHints":{"allow":["GET"]}}],"collection":[{"href":"https:\/\/www.camlock.org\/lt\/wp-json\/wp\/v2\/product"}],"about":[{"href":"https:\/\/www.camlock.org\/lt\/wp-json\/wp\/v2\/types\/product"}],"wp:featuredmedia":[{"embeddable":true,"href":"https:\/\/www.camlock.org\/lt\/wp-json\/wp\/v2\/media\/9304"}],"wp:attachment":[{"href":"https:\/\/www.camlock.org\/lt\/wp-json\/wp\/v2\/media?parent=10450"}],"wp:term":[{"taxonomy":"product_brand","embeddable":true,"href":"https:\/\/www.camlock.org\/lt\/wp-json\/wp\/v2\/product_brand?post=10450"},{"taxonomy":"product_cat","embeddable":true,"href":"https:\/\/www.camlock.org\/lt\/wp-json\/wp\/v2\/product_cat?post=10450"},{"taxonomy":"product_tag","embeddable":true,"href":"https:\/\/www.camlock.org\/lt\/wp-json\/wp\/v2\/product_tag?post=10450"}],"curies":[{"name":"wp","href":"https:\/\/api.w.org\/{rel}","templated":true}]}}