{"id":10688,"date":"2018-01-29T00:25:16","date_gmt":"2018-01-28T21:25:16","guid":{"rendered":"https:\/\/www.camlock.org\/product\/type-d-polypropylene-camlock-coupler-female-coupler-x-female-bsp-thread\/"},"modified":"2025-05-16T11:56:17","modified_gmt":"2025-05-16T08:56:17","slug":"d-tipo-polipropileno-kam-tin-jungtis-moteri-ka-jungtis-moteri-kas-bsp-sriegis","status":"publish","type":"product","link":"https:\/\/www.camlock.org\/lt\/produktas\/d-tipo-polipropileno-kam-tin-jungtis-moteri-ka-jungtis-moteri-kas-bsp-sriegis\/","title":{"rendered":"D tipo polipropileno kam\u0161tin\u0117 jungtis &#8211; moteri\u0161ka jungtis \u00d7 moteri\u0161kas BSP sriegis"},"content":{"rendered":"<p>Moteri\u0161kojo kum\u0161telinio u\u017erakto galas tinka bet kokiai tokio pat dyd\u017eio vyri\u0161kajai kum\u0161telinei jung\u010diai. D tipo kum\u0161telin\u0117s jungtys da\u017enai naudojamos su A tipo adapteriais, o kartais gali b\u016bti naudojamos su to paties dyd\u017eio E ir F tipo bei DP tipo (dulki\u0173 kam\u0161\u010dio) jungtimis. Polipropileno movos turi ner\u016bdijan\u010dio plieno rankenas, \u017eiedus ir kai\u0161\u010dius, kad pailg\u0117t\u0173 j\u0173 tarnavimo laikas.  <\/p>\n","protected":false},"excerpt":{"rendered":"<p>Moteri\u0161ka jungtis su BSP sriegiu &#8211; &#8222;D&#8221; tipo kum\u0161teliniai u\u017eraktai turi moteri\u0161k\u0105 kum\u0161telinio u\u017erakto gal\u0105 ir to paties dyd\u017eio BSP srieg\u012f.<\/p>\n","protected":false},"featured_media":9689,"template":"","meta":[],"product_brand":[],"product_cat":[144],"product_tag":[307,259],"class_list":{"0":"post-10688","1":"product","2":"type-product","3":"status-publish","4":"has-post-thumbnail","6":"product_cat-polipropileniniai-kampeliniai-movos","7":"product_tag-polypropylene-lt","8":"product_tag-type-d-lt","10":"first","11":"instock","12":"taxable","13":"shipping-taxable","14":"purchasable","15":"product-type-variable"},"yoast_head":"<!-- This site is optimized with the Yoast SEO plugin v27.3 - https:\/\/yoast.com\/product\/yoast-seo-wordpress\/ -->\n<title>D tipo polipropileno kam\u0161tin\u0117 jungtis - moteri\u0161ka jungtis \u00d7 moteri\u0161kas BSP sriegis<\/title>\n<meta name=\"description\" content=\"Moteri\u0161kojo kum\u0161telinio u\u017erakto galas tinka bet kokiai tokio pat dyd\u017eio vyri\u0161kajai kum\u0161telinei jung\u010diai. D tipo kum\u0161telin\u0117s jungtys da\u017enai naudojamos su A tipo adapteriais, o kartais gali b\u016bti naudojamos su to paties dyd\u017eio E ir F tipo bei DP tipo (dulki\u0173 kam\u0161\u010dio) jungtimis.\" \/>\n<meta name=\"robots\" content=\"index, follow, max-snippet:-1, max-image-preview:large, max-video-preview:-1\" \/>\n<link rel=\"canonical\" href=\"https:\/\/www.camlock.org\/lt\/produktas\/d-tipo-polipropileno-kam-tin-jungtis-moteri-ka-jungtis-moteri-kas-bsp-sriegis\/\" \/>\n<meta property=\"og:locale\" content=\"lt_LT\" \/>\n<meta property=\"og:type\" content=\"article\" \/>\n<meta property=\"og:title\" content=\"D tipo polipropileno kam\u0161tin\u0117 jungtis - moteri\u0161ka jungtis \u00d7 moteri\u0161kas BSP sriegis\" \/>\n<meta property=\"og:description\" content=\"Moteri\u0161kojo kum\u0161telinio u\u017erakto galas tinka bet kokiai tokio pat dyd\u017eio vyri\u0161kajai kum\u0161telinei jung\u010diai. D tipo kum\u0161telin\u0117s jungtys da\u017enai naudojamos su A tipo adapteriais, o kartais gali b\u016bti naudojamos su to paties dyd\u017eio E ir F tipo bei DP tipo (dulki\u0173 kam\u0161\u010dio) jungtimis.\" \/>\n<meta property=\"og:url\" content=\"https:\/\/www.camlock.org\/lt\/produktas\/d-tipo-polipropileno-kam-tin-jungtis-moteri-ka-jungtis-moteri-kas-bsp-sriegis\/\" \/>\n<meta property=\"og:site_name\" content=\"\u041f\u0440\u043e\u0434\u0430\u0436\u0430 \u043a\u0430\u043c\u043b\u043e\u043a (Camlock) \u0441\u043e\u0435\u0434\u0438\u043d\u0435\u043d\u0438\u0439\" \/>\n<meta property=\"article:modified_time\" content=\"2025-05-16T08:56:17+00:00\" \/>\n<meta property=\"og:image\" content=\"https:\/\/www.camlock.org\/wp-content\/uploads\/2018\/01\/Camlock_Polypropylen_type-D_50mm_D200PP_.jpg\" \/>\n\t<meta property=\"og:image:width\" content=\"1000\" \/>\n\t<meta property=\"og:image:height\" content=\"1134\" \/>\n\t<meta property=\"og:image:type\" content=\"image\/jpeg\" \/>\n<meta name=\"twitter:card\" content=\"summary_large_image\" \/>\n<meta name=\"twitter:label1\" content=\"Est. reading time\" \/>\n\t<meta name=\"twitter:data1\" content=\"1 minut\u0117\" \/>\n<script type=\"application\/ld+json\" class=\"yoast-schema-graph\">{\"@context\":\"https:\\\/\\\/schema.org\",\"@graph\":[{\"@type\":\"WebPage\",\"@id\":\"https:\\\/\\\/www.camlock.org\\\/lt\\\/produktas\\\/d-tipo-polipropileno-kam-tin-jungtis-moteri-ka-jungtis-moteri-kas-bsp-sriegis\\\/\",\"url\":\"https:\\\/\\\/www.camlock.org\\\/lt\\\/produktas\\\/d-tipo-polipropileno-kam-tin-jungtis-moteri-ka-jungtis-moteri-kas-bsp-sriegis\\\/\",\"name\":\"D tipo polipropileno kam\u0161tin\u0117 jungtis - moteri\u0161ka jungtis \u00d7 moteri\u0161kas BSP sriegis\",\"isPartOf\":{\"@id\":\"https:\\\/\\\/www.camlock.org\\\/lt\\\/?lang=et\\\/#website\"},\"primaryImageOfPage\":{\"@id\":\"https:\\\/\\\/www.camlock.org\\\/lt\\\/produktas\\\/d-tipo-polipropileno-kam-tin-jungtis-moteri-ka-jungtis-moteri-kas-bsp-sriegis\\\/#primaryimage\"},\"image\":{\"@id\":\"https:\\\/\\\/www.camlock.org\\\/lt\\\/produktas\\\/d-tipo-polipropileno-kam-tin-jungtis-moteri-ka-jungtis-moteri-kas-bsp-sriegis\\\/#primaryimage\"},\"thumbnailUrl\":\"https:\\\/\\\/www.camlock.org\\\/wp-content\\\/uploads\\\/2018\\\/01\\\/Camlock_Polypropylen_type-D_50mm_D200PP_.jpg\",\"datePublished\":\"2018-01-28T21:25:16+00:00\",\"dateModified\":\"2025-05-16T08:56:17+00:00\",\"description\":\"Moteri\u0161kojo kum\u0161telinio u\u017erakto galas tinka bet kokiai tokio pat dyd\u017eio vyri\u0161kajai kum\u0161telinei jung\u010diai. D tipo kum\u0161telin\u0117s jungtys da\u017enai naudojamos su A tipo adapteriais, o kartais gali b\u016bti naudojamos su to paties dyd\u017eio E ir F tipo bei DP tipo (dulki\u0173 kam\u0161\u010dio) jungtimis.\",\"breadcrumb\":{\"@id\":\"https:\\\/\\\/www.camlock.org\\\/lt\\\/produktas\\\/d-tipo-polipropileno-kam-tin-jungtis-moteri-ka-jungtis-moteri-kas-bsp-sriegis\\\/#breadcrumb\"},\"inLanguage\":\"lt-LT\",\"potentialAction\":[{\"@type\":\"ReadAction\",\"target\":[\"https:\\\/\\\/www.camlock.org\\\/lt\\\/produktas\\\/d-tipo-polipropileno-kam-tin-jungtis-moteri-ka-jungtis-moteri-kas-bsp-sriegis\\\/\"]}]},{\"@type\":\"ImageObject\",\"inLanguage\":\"lt-LT\",\"@id\":\"https:\\\/\\\/www.camlock.org\\\/lt\\\/produktas\\\/d-tipo-polipropileno-kam-tin-jungtis-moteri-ka-jungtis-moteri-kas-bsp-sriegis\\\/#primaryimage\",\"url\":\"https:\\\/\\\/www.camlock.org\\\/wp-content\\\/uploads\\\/2018\\\/01\\\/Camlock_Polypropylen_type-D_50mm_D200PP_.jpg\",\"contentUrl\":\"https:\\\/\\\/www.camlock.org\\\/wp-content\\\/uploads\\\/2018\\\/01\\\/Camlock_Polypropylen_type-D_50mm_D200PP_.jpg\",\"width\":1000,\"height\":1134,\"caption\":\"Type D Polypropylene Camlock Coupler - Female Coupler \u00d7 Female BSP Thread\"},{\"@type\":\"BreadcrumbList\",\"@id\":\"https:\\\/\\\/www.camlock.org\\\/lt\\\/produktas\\\/d-tipo-polipropileno-kam-tin-jungtis-moteri-ka-jungtis-moteri-kas-bsp-sriegis\\\/#breadcrumb\",\"itemListElement\":[{\"@type\":\"ListItem\",\"position\":1,\"name\":\"Home\",\"item\":\"https:\\\/\\\/www.camlock.org\\\/lt\\\/prad-ia\\\/\"},{\"@type\":\"ListItem\",\"position\":2,\"name\":\"Parduotuv\u0117\",\"item\":\"https:\\\/\\\/www.camlock.org\\\/lt\\\/d0-bc-d0-b0-d0-b3-d0-b0-d0-b7-d0-b8-d0-bd\\\/\"},{\"@type\":\"ListItem\",\"position\":3,\"name\":\"D tipo polipropileno kam\u0161tin\u0117 jungtis &#8211; moteri\u0161ka jungtis \u00d7 moteri\u0161kas BSP sriegis\"}]},{\"@type\":\"WebSite\",\"@id\":\"https:\\\/\\\/www.camlock.org\\\/lt\\\/?lang=et\\\/#website\",\"url\":\"https:\\\/\\\/www.camlock.org\\\/lt\\\/?lang=et\\\/\",\"name\":\"\u041f\u0440\u043e\u0434\u0430\u0436\u0430 \u043a\u0430\u043c\u043b\u043e\u043a (Camlock) \u0441\u043e\u0435\u0434\u0438\u043d\u0435\u043d\u0438\u0439\",\"description\":\"\u041f\u0440\u043e\u0434\u0430\u0436\u0430 \u043a\u0430\u043c\u043b\u043e\u043a (Camlock) \u0441\u043e\u0435\u0434\u0438\u043d\u0435\u043d\u0438\u0439\",\"potentialAction\":[{\"@type\":\"SearchAction\",\"target\":{\"@type\":\"EntryPoint\",\"urlTemplate\":\"https:\\\/\\\/www.camlock.org\\\/lt\\\/?lang=et\\\/?s={search_term_string}\"},\"query-input\":{\"@type\":\"PropertyValueSpecification\",\"valueRequired\":true,\"valueName\":\"search_term_string\"}}],\"inLanguage\":\"lt-LT\"}]}<\/script>\n<!-- \/ Yoast SEO plugin. -->","yoast_head_json":{"title":"D tipo polipropileno kam\u0161tin\u0117 jungtis - moteri\u0161ka jungtis \u00d7 moteri\u0161kas BSP sriegis","description":"Moteri\u0161kojo kum\u0161telinio u\u017erakto galas tinka bet kokiai tokio pat dyd\u017eio vyri\u0161kajai kum\u0161telinei jung\u010diai. D tipo kum\u0161telin\u0117s jungtys da\u017enai naudojamos su A tipo adapteriais, o kartais gali b\u016bti naudojamos su to paties dyd\u017eio E ir F tipo bei DP tipo (dulki\u0173 kam\u0161\u010dio) jungtimis.","robots":{"index":"index","follow":"follow","max-snippet":"max-snippet:-1","max-image-preview":"max-image-preview:large","max-video-preview":"max-video-preview:-1"},"canonical":"https:\/\/www.camlock.org\/lt\/produktas\/d-tipo-polipropileno-kam-tin-jungtis-moteri-ka-jungtis-moteri-kas-bsp-sriegis\/","og_locale":"lt_LT","og_type":"article","og_title":"D tipo polipropileno kam\u0161tin\u0117 jungtis - moteri\u0161ka jungtis \u00d7 moteri\u0161kas BSP sriegis","og_description":"Moteri\u0161kojo kum\u0161telinio u\u017erakto galas tinka bet kokiai tokio pat dyd\u017eio vyri\u0161kajai kum\u0161telinei jung\u010diai. D tipo kum\u0161telin\u0117s jungtys da\u017enai naudojamos su A tipo adapteriais, o kartais gali b\u016bti naudojamos su to paties dyd\u017eio E ir F tipo bei DP tipo (dulki\u0173 kam\u0161\u010dio) jungtimis.","og_url":"https:\/\/www.camlock.org\/lt\/produktas\/d-tipo-polipropileno-kam-tin-jungtis-moteri-ka-jungtis-moteri-kas-bsp-sriegis\/","og_site_name":"\u041f\u0440\u043e\u0434\u0430\u0436\u0430 \u043a\u0430\u043c\u043b\u043e\u043a (Camlock) \u0441\u043e\u0435\u0434\u0438\u043d\u0435\u043d\u0438\u0439","article_modified_time":"2025-05-16T08:56:17+00:00","og_image":[{"width":1000,"height":1134,"url":"https:\/\/www.camlock.org\/wp-content\/uploads\/2018\/01\/Camlock_Polypropylen_type-D_50mm_D200PP_.jpg","type":"image\/jpeg"}],"twitter_card":"summary_large_image","twitter_misc":{"Est. reading time":"1 minut\u0117"},"schema":{"@context":"https:\/\/schema.org","@graph":[{"@type":"WebPage","@id":"https:\/\/www.camlock.org\/lt\/produktas\/d-tipo-polipropileno-kam-tin-jungtis-moteri-ka-jungtis-moteri-kas-bsp-sriegis\/","url":"https:\/\/www.camlock.org\/lt\/produktas\/d-tipo-polipropileno-kam-tin-jungtis-moteri-ka-jungtis-moteri-kas-bsp-sriegis\/","name":"D tipo polipropileno kam\u0161tin\u0117 jungtis - moteri\u0161ka jungtis \u00d7 moteri\u0161kas BSP sriegis","isPartOf":{"@id":"https:\/\/www.camlock.org\/lt\/?lang=et\/#website"},"primaryImageOfPage":{"@id":"https:\/\/www.camlock.org\/lt\/produktas\/d-tipo-polipropileno-kam-tin-jungtis-moteri-ka-jungtis-moteri-kas-bsp-sriegis\/#primaryimage"},"image":{"@id":"https:\/\/www.camlock.org\/lt\/produktas\/d-tipo-polipropileno-kam-tin-jungtis-moteri-ka-jungtis-moteri-kas-bsp-sriegis\/#primaryimage"},"thumbnailUrl":"https:\/\/www.camlock.org\/wp-content\/uploads\/2018\/01\/Camlock_Polypropylen_type-D_50mm_D200PP_.jpg","datePublished":"2018-01-28T21:25:16+00:00","dateModified":"2025-05-16T08:56:17+00:00","description":"Moteri\u0161kojo kum\u0161telinio u\u017erakto galas tinka bet kokiai tokio pat dyd\u017eio vyri\u0161kajai kum\u0161telinei jung\u010diai. D tipo kum\u0161telin\u0117s jungtys da\u017enai naudojamos su A tipo adapteriais, o kartais gali b\u016bti naudojamos su to paties dyd\u017eio E ir F tipo bei DP tipo (dulki\u0173 kam\u0161\u010dio) jungtimis.","breadcrumb":{"@id":"https:\/\/www.camlock.org\/lt\/produktas\/d-tipo-polipropileno-kam-tin-jungtis-moteri-ka-jungtis-moteri-kas-bsp-sriegis\/#breadcrumb"},"inLanguage":"lt-LT","potentialAction":[{"@type":"ReadAction","target":["https:\/\/www.camlock.org\/lt\/produktas\/d-tipo-polipropileno-kam-tin-jungtis-moteri-ka-jungtis-moteri-kas-bsp-sriegis\/"]}]},{"@type":"ImageObject","inLanguage":"lt-LT","@id":"https:\/\/www.camlock.org\/lt\/produktas\/d-tipo-polipropileno-kam-tin-jungtis-moteri-ka-jungtis-moteri-kas-bsp-sriegis\/#primaryimage","url":"https:\/\/www.camlock.org\/wp-content\/uploads\/2018\/01\/Camlock_Polypropylen_type-D_50mm_D200PP_.jpg","contentUrl":"https:\/\/www.camlock.org\/wp-content\/uploads\/2018\/01\/Camlock_Polypropylen_type-D_50mm_D200PP_.jpg","width":1000,"height":1134,"caption":"Type D Polypropylene Camlock Coupler - Female Coupler \u00d7 Female BSP Thread"},{"@type":"BreadcrumbList","@id":"https:\/\/www.camlock.org\/lt\/produktas\/d-tipo-polipropileno-kam-tin-jungtis-moteri-ka-jungtis-moteri-kas-bsp-sriegis\/#breadcrumb","itemListElement":[{"@type":"ListItem","position":1,"name":"Home","item":"https:\/\/www.camlock.org\/lt\/prad-ia\/"},{"@type":"ListItem","position":2,"name":"Parduotuv\u0117","item":"https:\/\/www.camlock.org\/lt\/d0-bc-d0-b0-d0-b3-d0-b0-d0-b7-d0-b8-d0-bd\/"},{"@type":"ListItem","position":3,"name":"D tipo polipropileno kam\u0161tin\u0117 jungtis &#8211; moteri\u0161ka jungtis \u00d7 moteri\u0161kas BSP sriegis"}]},{"@type":"WebSite","@id":"https:\/\/www.camlock.org\/lt\/?lang=et\/#website","url":"https:\/\/www.camlock.org\/lt\/?lang=et\/","name":"\u041f\u0440\u043e\u0434\u0430\u0436\u0430 \u043a\u0430\u043c\u043b\u043e\u043a (Camlock) \u0441\u043e\u0435\u0434\u0438\u043d\u0435\u043d\u0438\u0439","description":"\u041f\u0440\u043e\u0434\u0430\u0436\u0430 \u043a\u0430\u043c\u043b\u043e\u043a (Camlock) \u0441\u043e\u0435\u0434\u0438\u043d\u0435\u043d\u0438\u0439","potentialAction":[{"@type":"SearchAction","target":{"@type":"EntryPoint","urlTemplate":"https:\/\/www.camlock.org\/lt\/?lang=et\/?s={search_term_string}"},"query-input":{"@type":"PropertyValueSpecification","valueRequired":true,"valueName":"search_term_string"}}],"inLanguage":"lt-LT"}]}},"_links":{"self":[{"href":"https:\/\/www.camlock.org\/lt\/wp-json\/wp\/v2\/product\/10688","targetHints":{"allow":["GET"]}}],"collection":[{"href":"https:\/\/www.camlock.org\/lt\/wp-json\/wp\/v2\/product"}],"about":[{"href":"https:\/\/www.camlock.org\/lt\/wp-json\/wp\/v2\/types\/product"}],"wp:featuredmedia":[{"embeddable":true,"href":"https:\/\/www.camlock.org\/lt\/wp-json\/wp\/v2\/media\/9689"}],"wp:attachment":[{"href":"https:\/\/www.camlock.org\/lt\/wp-json\/wp\/v2\/media?parent=10688"}],"wp:term":[{"taxonomy":"product_brand","embeddable":true,"href":"https:\/\/www.camlock.org\/lt\/wp-json\/wp\/v2\/product_brand?post=10688"},{"taxonomy":"product_cat","embeddable":true,"href":"https:\/\/www.camlock.org\/lt\/wp-json\/wp\/v2\/product_cat?post=10688"},{"taxonomy":"product_tag","embeddable":true,"href":"https:\/\/www.camlock.org\/lt\/wp-json\/wp\/v2\/product_tag?post=10688"}],"curies":[{"name":"wp","href":"https:\/\/api.w.org\/{rel}","templated":true}]}}