{"id":10949,"date":"2018-01-29T01:15:44","date_gmt":"2018-01-28T22:15:44","guid":{"rendered":"https:\/\/www.camlock.org\/product\/type-dc-polypropylene-camlock-coupler-female-end-coupler\/"},"modified":"2025-05-16T11:57:01","modified_gmt":"2025-05-16T08:57:01","slug":"dc-tipo-polipropileno-kam-tin-jungtis-moteri-kojo-galo-jungtis","status":"publish","type":"product","link":"https:\/\/www.camlock.org\/lt\/produktas\/dc-tipo-polipropileno-kam-tin-jungtis-moteri-kojo-galo-jungtis\/","title":{"rendered":"DC tipo polipropileno kam\u0161tin\u0117 jungtis &#8211; moteri\u0161kojo galo jungtis"},"content":{"rendered":"<p>Dulki\u0173 gaubtelis &#8211; kum\u0161telinio u\u017erakto dulki\u0173 gaubteliai naudojami tam, kad pa\u0161aliniai daiktai nepatekt\u0173 \u012f bet kuri\u0105 kum\u0161telinio u\u017erakto jungt\u012f. J\u0173 niekada negalima naudoti, kai sistemoje veikia sl\u0117gis. <\/p>\n","protected":false},"excerpt":{"rendered":"<p>Juodos spalvos polipropileno kum\u0161telin\u0117 vidin\u0117 jungtis DC dalis paprastai naudojama su tokio paties dyd\u017eio A, E ir F adapteriais. Naudojama vyri\u0161kojo adapterio galui u\u017edengti. <\/p>\n","protected":false},"featured_media":9980,"template":"","meta":[],"product_brand":[],"product_cat":[144],"product_tag":[307,306],"class_list":{"0":"post-10949","1":"product","2":"type-product","3":"status-publish","4":"has-post-thumbnail","6":"product_cat-polipropileniniai-kampeliniai-movos","7":"product_tag-polypropylene-lt","8":"product_tag-type-dc-lt","10":"first","11":"onbackorder","12":"taxable","13":"shipping-taxable","14":"purchasable","15":"product-type-variable"},"yoast_head":"<!-- This site is optimized with the Yoast SEO plugin v27.4 - https:\/\/yoast.com\/product\/yoast-seo-wordpress\/ -->\n<title>DC tipo polipropileno kam\u0161tin\u0117 jungtis - moteri\u0161kojo galo jungtis<\/title>\n<meta name=\"description\" content=\"Dulki\u0173 dangtelis - DC tipo polipropileno kam\u0161tin\u0117s jungties kam\u0161\u010dio dangteliai naudojami tam, kad \u012f bet koki\u0105 kam\u0161\u010dio jungt\u012f nepatekt\u0173 pa\u0161alini\u0173 daikt\u0173. J\u0173 niekada negalima naudoti, kai sistemoje veikia sl\u0117gis.\" \/>\n<meta name=\"robots\" content=\"index, follow, max-snippet:-1, max-image-preview:large, max-video-preview:-1\" \/>\n<link rel=\"canonical\" href=\"https:\/\/www.camlock.org\/lt\/produktas\/dc-tipo-polipropileno-kam-tin-jungtis-moteri-kojo-galo-jungtis\/\" \/>\n<meta property=\"og:locale\" content=\"lt_LT\" \/>\n<meta property=\"og:type\" content=\"article\" \/>\n<meta property=\"og:title\" content=\"DC tipo polipropileno kam\u0161tin\u0117 jungtis - moteri\u0161kojo galo jungtis\" \/>\n<meta property=\"og:description\" content=\"Dulki\u0173 dangtelis - DC tipo polipropileno kam\u0161tin\u0117s jungties kam\u0161\u010dio dangteliai naudojami tam, kad \u012f bet koki\u0105 kam\u0161\u010dio jungt\u012f nepatekt\u0173 pa\u0161alini\u0173 daikt\u0173. J\u0173 niekada negalima naudoti, kai sistemoje veikia sl\u0117gis.\" \/>\n<meta property=\"og:url\" content=\"https:\/\/www.camlock.org\/lt\/produktas\/dc-tipo-polipropileno-kam-tin-jungtis-moteri-kojo-galo-jungtis\/\" \/>\n<meta property=\"og:site_name\" content=\"\u041f\u0440\u043e\u0434\u0430\u0436\u0430 \u043a\u0430\u043c\u043b\u043e\u043a (Camlock) \u0441\u043e\u0435\u0434\u0438\u043d\u0435\u043d\u0438\u0439\" \/>\n<meta property=\"article:modified_time\" content=\"2025-05-16T08:57:01+00:00\" \/>\n<meta property=\"og:image\" content=\"https:\/\/www.camlock.org\/wp-content\/uploads\/2018\/01\/Camlock_Polypropylene_type-DC_50mm_DC200PP_-1.jpg\" \/>\n\t<meta property=\"og:image:width\" content=\"1000\" \/>\n\t<meta property=\"og:image:height\" content=\"1134\" \/>\n\t<meta property=\"og:image:type\" content=\"image\/jpeg\" \/>\n<meta name=\"twitter:card\" content=\"summary_large_image\" \/>\n<meta name=\"twitter:label1\" content=\"Est. reading time\" \/>\n\t<meta name=\"twitter:data1\" content=\"1 minut\u0117\" \/>\n<script type=\"application\/ld+json\" class=\"yoast-schema-graph\">{\"@context\":\"https:\\\/\\\/schema.org\",\"@graph\":[{\"@type\":\"WebPage\",\"@id\":\"https:\\\/\\\/www.camlock.org\\\/lt\\\/produktas\\\/dc-tipo-polipropileno-kam-tin-jungtis-moteri-kojo-galo-jungtis\\\/\",\"url\":\"https:\\\/\\\/www.camlock.org\\\/lt\\\/produktas\\\/dc-tipo-polipropileno-kam-tin-jungtis-moteri-kojo-galo-jungtis\\\/\",\"name\":\"DC tipo polipropileno kam\u0161tin\u0117 jungtis - moteri\u0161kojo galo jungtis\",\"isPartOf\":{\"@id\":\"https:\\\/\\\/www.camlock.org\\\/lt\\\/?lang=et\\\/#website\"},\"primaryImageOfPage\":{\"@id\":\"https:\\\/\\\/www.camlock.org\\\/lt\\\/produktas\\\/dc-tipo-polipropileno-kam-tin-jungtis-moteri-kojo-galo-jungtis\\\/#primaryimage\"},\"image\":{\"@id\":\"https:\\\/\\\/www.camlock.org\\\/lt\\\/produktas\\\/dc-tipo-polipropileno-kam-tin-jungtis-moteri-kojo-galo-jungtis\\\/#primaryimage\"},\"thumbnailUrl\":\"https:\\\/\\\/www.camlock.org\\\/wp-content\\\/uploads\\\/2018\\\/01\\\/Camlock_Polypropylene_type-DC_50mm_DC200PP_-1.jpg\",\"datePublished\":\"2018-01-28T22:15:44+00:00\",\"dateModified\":\"2025-05-16T08:57:01+00:00\",\"description\":\"Dulki\u0173 dangtelis - DC tipo polipropileno kam\u0161tin\u0117s jungties kam\u0161\u010dio dangteliai naudojami tam, kad \u012f bet koki\u0105 kam\u0161\u010dio jungt\u012f nepatekt\u0173 pa\u0161alini\u0173 daikt\u0173. J\u0173 niekada negalima naudoti, kai sistemoje veikia sl\u0117gis.\",\"breadcrumb\":{\"@id\":\"https:\\\/\\\/www.camlock.org\\\/lt\\\/produktas\\\/dc-tipo-polipropileno-kam-tin-jungtis-moteri-kojo-galo-jungtis\\\/#breadcrumb\"},\"inLanguage\":\"lt-LT\",\"potentialAction\":[{\"@type\":\"ReadAction\",\"target\":[\"https:\\\/\\\/www.camlock.org\\\/lt\\\/produktas\\\/dc-tipo-polipropileno-kam-tin-jungtis-moteri-kojo-galo-jungtis\\\/\"]}]},{\"@type\":\"ImageObject\",\"inLanguage\":\"lt-LT\",\"@id\":\"https:\\\/\\\/www.camlock.org\\\/lt\\\/produktas\\\/dc-tipo-polipropileno-kam-tin-jungtis-moteri-kojo-galo-jungtis\\\/#primaryimage\",\"url\":\"https:\\\/\\\/www.camlock.org\\\/wp-content\\\/uploads\\\/2018\\\/01\\\/Camlock_Polypropylene_type-DC_50mm_DC200PP_-1.jpg\",\"contentUrl\":\"https:\\\/\\\/www.camlock.org\\\/wp-content\\\/uploads\\\/2018\\\/01\\\/Camlock_Polypropylene_type-DC_50mm_DC200PP_-1.jpg\",\"width\":1000,\"height\":1134,\"caption\":\"Type DC Polypropylene Camlock Coupler - Female End Coupler\"},{\"@type\":\"BreadcrumbList\",\"@id\":\"https:\\\/\\\/www.camlock.org\\\/lt\\\/produktas\\\/dc-tipo-polipropileno-kam-tin-jungtis-moteri-kojo-galo-jungtis\\\/#breadcrumb\",\"itemListElement\":[{\"@type\":\"ListItem\",\"position\":1,\"name\":\"Home\",\"item\":\"https:\\\/\\\/www.camlock.org\\\/lt\\\/prad-ia\\\/\"},{\"@type\":\"ListItem\",\"position\":2,\"name\":\"Parduotuv\u0117\",\"item\":\"https:\\\/\\\/www.camlock.org\\\/lt\\\/d0-bc-d0-b0-d0-b3-d0-b0-d0-b7-d0-b8-d0-bd\\\/\"},{\"@type\":\"ListItem\",\"position\":3,\"name\":\"DC tipo polipropileno kam\u0161tin\u0117 jungtis &#8211; moteri\u0161kojo galo jungtis\"}]},{\"@type\":\"WebSite\",\"@id\":\"https:\\\/\\\/www.camlock.org\\\/lt\\\/?lang=et\\\/#website\",\"url\":\"https:\\\/\\\/www.camlock.org\\\/lt\\\/?lang=et\\\/\",\"name\":\"\u041f\u0440\u043e\u0434\u0430\u0436\u0430 \u043a\u0430\u043c\u043b\u043e\u043a (Camlock) \u0441\u043e\u0435\u0434\u0438\u043d\u0435\u043d\u0438\u0439\",\"description\":\"\u041f\u0440\u043e\u0434\u0430\u0436\u0430 \u043a\u0430\u043c\u043b\u043e\u043a (Camlock) \u0441\u043e\u0435\u0434\u0438\u043d\u0435\u043d\u0438\u0439\",\"potentialAction\":[{\"@type\":\"SearchAction\",\"target\":{\"@type\":\"EntryPoint\",\"urlTemplate\":\"https:\\\/\\\/www.camlock.org\\\/lt\\\/?lang=et\\\/?s={search_term_string}\"},\"query-input\":{\"@type\":\"PropertyValueSpecification\",\"valueRequired\":true,\"valueName\":\"search_term_string\"}}],\"inLanguage\":\"lt-LT\"}]}<\/script>\n<!-- \/ Yoast SEO plugin. -->","yoast_head_json":{"title":"DC tipo polipropileno kam\u0161tin\u0117 jungtis - moteri\u0161kojo galo jungtis","description":"Dulki\u0173 dangtelis - DC tipo polipropileno kam\u0161tin\u0117s jungties kam\u0161\u010dio dangteliai naudojami tam, kad \u012f bet koki\u0105 kam\u0161\u010dio jungt\u012f nepatekt\u0173 pa\u0161alini\u0173 daikt\u0173. J\u0173 niekada negalima naudoti, kai sistemoje veikia sl\u0117gis.","robots":{"index":"index","follow":"follow","max-snippet":"max-snippet:-1","max-image-preview":"max-image-preview:large","max-video-preview":"max-video-preview:-1"},"canonical":"https:\/\/www.camlock.org\/lt\/produktas\/dc-tipo-polipropileno-kam-tin-jungtis-moteri-kojo-galo-jungtis\/","og_locale":"lt_LT","og_type":"article","og_title":"DC tipo polipropileno kam\u0161tin\u0117 jungtis - moteri\u0161kojo galo jungtis","og_description":"Dulki\u0173 dangtelis - DC tipo polipropileno kam\u0161tin\u0117s jungties kam\u0161\u010dio dangteliai naudojami tam, kad \u012f bet koki\u0105 kam\u0161\u010dio jungt\u012f nepatekt\u0173 pa\u0161alini\u0173 daikt\u0173. J\u0173 niekada negalima naudoti, kai sistemoje veikia sl\u0117gis.","og_url":"https:\/\/www.camlock.org\/lt\/produktas\/dc-tipo-polipropileno-kam-tin-jungtis-moteri-kojo-galo-jungtis\/","og_site_name":"\u041f\u0440\u043e\u0434\u0430\u0436\u0430 \u043a\u0430\u043c\u043b\u043e\u043a (Camlock) \u0441\u043e\u0435\u0434\u0438\u043d\u0435\u043d\u0438\u0439","article_modified_time":"2025-05-16T08:57:01+00:00","og_image":[{"width":1000,"height":1134,"url":"https:\/\/www.camlock.org\/wp-content\/uploads\/2018\/01\/Camlock_Polypropylene_type-DC_50mm_DC200PP_-1.jpg","type":"image\/jpeg"}],"twitter_card":"summary_large_image","twitter_misc":{"Est. reading time":"1 minut\u0117"},"schema":{"@context":"https:\/\/schema.org","@graph":[{"@type":"WebPage","@id":"https:\/\/www.camlock.org\/lt\/produktas\/dc-tipo-polipropileno-kam-tin-jungtis-moteri-kojo-galo-jungtis\/","url":"https:\/\/www.camlock.org\/lt\/produktas\/dc-tipo-polipropileno-kam-tin-jungtis-moteri-kojo-galo-jungtis\/","name":"DC tipo polipropileno kam\u0161tin\u0117 jungtis - moteri\u0161kojo galo jungtis","isPartOf":{"@id":"https:\/\/www.camlock.org\/lt\/?lang=et\/#website"},"primaryImageOfPage":{"@id":"https:\/\/www.camlock.org\/lt\/produktas\/dc-tipo-polipropileno-kam-tin-jungtis-moteri-kojo-galo-jungtis\/#primaryimage"},"image":{"@id":"https:\/\/www.camlock.org\/lt\/produktas\/dc-tipo-polipropileno-kam-tin-jungtis-moteri-kojo-galo-jungtis\/#primaryimage"},"thumbnailUrl":"https:\/\/www.camlock.org\/wp-content\/uploads\/2018\/01\/Camlock_Polypropylene_type-DC_50mm_DC200PP_-1.jpg","datePublished":"2018-01-28T22:15:44+00:00","dateModified":"2025-05-16T08:57:01+00:00","description":"Dulki\u0173 dangtelis - DC tipo polipropileno kam\u0161tin\u0117s jungties kam\u0161\u010dio dangteliai naudojami tam, kad \u012f bet koki\u0105 kam\u0161\u010dio jungt\u012f nepatekt\u0173 pa\u0161alini\u0173 daikt\u0173. J\u0173 niekada negalima naudoti, kai sistemoje veikia sl\u0117gis.","breadcrumb":{"@id":"https:\/\/www.camlock.org\/lt\/produktas\/dc-tipo-polipropileno-kam-tin-jungtis-moteri-kojo-galo-jungtis\/#breadcrumb"},"inLanguage":"lt-LT","potentialAction":[{"@type":"ReadAction","target":["https:\/\/www.camlock.org\/lt\/produktas\/dc-tipo-polipropileno-kam-tin-jungtis-moteri-kojo-galo-jungtis\/"]}]},{"@type":"ImageObject","inLanguage":"lt-LT","@id":"https:\/\/www.camlock.org\/lt\/produktas\/dc-tipo-polipropileno-kam-tin-jungtis-moteri-kojo-galo-jungtis\/#primaryimage","url":"https:\/\/www.camlock.org\/wp-content\/uploads\/2018\/01\/Camlock_Polypropylene_type-DC_50mm_DC200PP_-1.jpg","contentUrl":"https:\/\/www.camlock.org\/wp-content\/uploads\/2018\/01\/Camlock_Polypropylene_type-DC_50mm_DC200PP_-1.jpg","width":1000,"height":1134,"caption":"Type DC Polypropylene Camlock Coupler - Female End Coupler"},{"@type":"BreadcrumbList","@id":"https:\/\/www.camlock.org\/lt\/produktas\/dc-tipo-polipropileno-kam-tin-jungtis-moteri-kojo-galo-jungtis\/#breadcrumb","itemListElement":[{"@type":"ListItem","position":1,"name":"Home","item":"https:\/\/www.camlock.org\/lt\/prad-ia\/"},{"@type":"ListItem","position":2,"name":"Parduotuv\u0117","item":"https:\/\/www.camlock.org\/lt\/d0-bc-d0-b0-d0-b3-d0-b0-d0-b7-d0-b8-d0-bd\/"},{"@type":"ListItem","position":3,"name":"DC tipo polipropileno kam\u0161tin\u0117 jungtis &#8211; moteri\u0161kojo galo jungtis"}]},{"@type":"WebSite","@id":"https:\/\/www.camlock.org\/lt\/?lang=et\/#website","url":"https:\/\/www.camlock.org\/lt\/?lang=et\/","name":"\u041f\u0440\u043e\u0434\u0430\u0436\u0430 \u043a\u0430\u043c\u043b\u043e\u043a (Camlock) \u0441\u043e\u0435\u0434\u0438\u043d\u0435\u043d\u0438\u0439","description":"\u041f\u0440\u043e\u0434\u0430\u0436\u0430 \u043a\u0430\u043c\u043b\u043e\u043a (Camlock) \u0441\u043e\u0435\u0434\u0438\u043d\u0435\u043d\u0438\u0439","potentialAction":[{"@type":"SearchAction","target":{"@type":"EntryPoint","urlTemplate":"https:\/\/www.camlock.org\/lt\/?lang=et\/?s={search_term_string}"},"query-input":{"@type":"PropertyValueSpecification","valueRequired":true,"valueName":"search_term_string"}}],"inLanguage":"lt-LT"}]}},"_links":{"self":[{"href":"https:\/\/www.camlock.org\/lt\/wp-json\/wp\/v2\/product\/10949","targetHints":{"allow":["GET"]}}],"collection":[{"href":"https:\/\/www.camlock.org\/lt\/wp-json\/wp\/v2\/product"}],"about":[{"href":"https:\/\/www.camlock.org\/lt\/wp-json\/wp\/v2\/types\/product"}],"wp:featuredmedia":[{"embeddable":true,"href":"https:\/\/www.camlock.org\/lt\/wp-json\/wp\/v2\/media\/9980"}],"wp:attachment":[{"href":"https:\/\/www.camlock.org\/lt\/wp-json\/wp\/v2\/media?parent=10949"}],"wp:term":[{"taxonomy":"product_brand","embeddable":true,"href":"https:\/\/www.camlock.org\/lt\/wp-json\/wp\/v2\/product_brand?post=10949"},{"taxonomy":"product_cat","embeddable":true,"href":"https:\/\/www.camlock.org\/lt\/wp-json\/wp\/v2\/product_cat?post=10949"},{"taxonomy":"product_tag","embeddable":true,"href":"https:\/\/www.camlock.org\/lt\/wp-json\/wp\/v2\/product_tag?post=10949"}],"curies":[{"name":"wp","href":"https:\/\/api.w.org\/{rel}","templated":true}]}}