{"id":11327,"date":"2018-06-03T17:13:49","date_gmt":"2018-06-03T14:14:05","guid":{"rendered":"https:\/\/www.camlock.org\/?post_type=product&#038;p=11327"},"modified":"2025-05-16T13:12:04","modified_gmt":"2025-05-16T10:12:04","slug":"dp-tipo-polipropileno-kam-tin-jungtis-vyri-kojo-galo-jungtis","status":"publish","type":"product","link":"https:\/\/www.camlock.org\/lt\/produktas\/dp-tipo-polipropileno-kam-tin-jungtis-vyri-kojo-galo-jungtis\/","title":{"rendered":"DP tipo polipropileno kam\u0161tin\u0117 jungtis &#8211; vyri\u0161kojo galo jungtis"},"content":{"rendered":"<p>Dulki\u0173 kam\u0161tis &#8211; Kam\u0161\u010dio kam\u0161\u010dio kam\u0161\u010diai naudojami tam, kad \u012f bet koki\u0105 kam\u0161\u010dio jungt\u012f nepatekt\u0173 pa\u0161alini\u0173 objekt\u0173.<\/p>\n","protected":false},"excerpt":{"rendered":"<p>Polipropileninis kum\u0161telinis vyri\u0161kojo galo adapteris DP dalis paprastai dedamas \u012f identi\u0161ko dyd\u017eio B, C ir D tipo adapterius. Naudojamas moteri\u0161kos jungties galui prijungti. <\/p>\n","protected":false},"featured_media":10062,"template":"","meta":[],"product_brand":[],"product_cat":[144],"product_tag":[307,305],"class_list":{"0":"post-11327","1":"product","2":"type-product","3":"status-publish","4":"has-post-thumbnail","6":"product_cat-polipropileniniai-kampeliniai-movos","7":"product_tag-polypropylene-lt","8":"product_tag-type-dp-lt","10":"first","11":"onbackorder","12":"taxable","13":"shipping-taxable","14":"purchasable","15":"product-type-variable"},"yoast_head":"<!-- This site is optimized with the Yoast SEO plugin v27.4 - https:\/\/yoast.com\/product\/yoast-seo-wordpress\/ -->\n<title>DP tipo polipropileno kam\u0161tin\u0117 jungtis - vyri\u0161kojo galo jungtis<\/title>\n<meta name=\"description\" content=\"Dulki\u0173 kam\u0161tis - DP polipropileno kam\u0161\u010dio jungties kam\u0161\u010dio kam\u0161tis naudojamas tam, kad pa\u0161aliniai daiktai nepatekt\u0173 \u012f bet koki\u0105 kam\u0161\u010dio jungt\u012f.\" \/>\n<meta name=\"robots\" content=\"index, follow, max-snippet:-1, max-image-preview:large, max-video-preview:-1\" \/>\n<link rel=\"canonical\" href=\"https:\/\/www.camlock.org\/lt\/produktas\/dp-tipo-polipropileno-kam-tin-jungtis-vyri-kojo-galo-jungtis\/\" \/>\n<meta property=\"og:locale\" content=\"lt_LT\" \/>\n<meta property=\"og:type\" content=\"article\" \/>\n<meta property=\"og:title\" content=\"DP tipo polipropileno kam\u0161tin\u0117 jungtis - vyri\u0161kojo galo jungtis\" \/>\n<meta property=\"og:description\" content=\"Dulki\u0173 kam\u0161tis - DP polipropileno kam\u0161\u010dio jungties kam\u0161\u010dio kam\u0161tis naudojamas tam, kad pa\u0161aliniai daiktai nepatekt\u0173 \u012f bet koki\u0105 kam\u0161\u010dio jungt\u012f.\" \/>\n<meta property=\"og:url\" content=\"https:\/\/www.camlock.org\/lt\/produktas\/dp-tipo-polipropileno-kam-tin-jungtis-vyri-kojo-galo-jungtis\/\" \/>\n<meta property=\"og:site_name\" content=\"\u041f\u0440\u043e\u0434\u0430\u0436\u0430 \u043a\u0430\u043c\u043b\u043e\u043a (Camlock) \u0441\u043e\u0435\u0434\u0438\u043d\u0435\u043d\u0438\u0439\" \/>\n<meta property=\"article:modified_time\" content=\"2025-05-16T10:12:04+00:00\" \/>\n<meta property=\"og:image\" content=\"https:\/\/www.camlock.org\/wp-content\/uploads\/2018\/01\/Camlock_Polypropylene_type-DP_50mm_DP200PP_.jpg\" \/>\n\t<meta property=\"og:image:width\" content=\"1000\" \/>\n\t<meta property=\"og:image:height\" content=\"1134\" \/>\n\t<meta property=\"og:image:type\" content=\"image\/jpeg\" \/>\n<meta name=\"twitter:card\" content=\"summary_large_image\" \/>\n<meta name=\"twitter:label1\" content=\"Est. reading time\" \/>\n\t<meta name=\"twitter:data1\" content=\"1 minut\u0117\" \/>\n<script type=\"application\/ld+json\" class=\"yoast-schema-graph\">{\"@context\":\"https:\\\/\\\/schema.org\",\"@graph\":[{\"@type\":\"WebPage\",\"@id\":\"https:\\\/\\\/www.camlock.org\\\/lt\\\/produktas\\\/dp-tipo-polipropileno-kam-tin-jungtis-vyri-kojo-galo-jungtis\\\/\",\"url\":\"https:\\\/\\\/www.camlock.org\\\/lt\\\/produktas\\\/dp-tipo-polipropileno-kam-tin-jungtis-vyri-kojo-galo-jungtis\\\/\",\"name\":\"DP tipo polipropileno kam\u0161tin\u0117 jungtis - vyri\u0161kojo galo jungtis\",\"isPartOf\":{\"@id\":\"https:\\\/\\\/www.camlock.org\\\/lt\\\/?lang=et\\\/#website\"},\"primaryImageOfPage\":{\"@id\":\"https:\\\/\\\/www.camlock.org\\\/lt\\\/produktas\\\/dp-tipo-polipropileno-kam-tin-jungtis-vyri-kojo-galo-jungtis\\\/#primaryimage\"},\"image\":{\"@id\":\"https:\\\/\\\/www.camlock.org\\\/lt\\\/produktas\\\/dp-tipo-polipropileno-kam-tin-jungtis-vyri-kojo-galo-jungtis\\\/#primaryimage\"},\"thumbnailUrl\":\"https:\\\/\\\/www.camlock.org\\\/wp-content\\\/uploads\\\/2018\\\/01\\\/Camlock_Polypropylene_type-DP_50mm_DP200PP_.jpg\",\"datePublished\":\"2018-06-03T14:14:05+00:00\",\"dateModified\":\"2025-05-16T10:12:04+00:00\",\"description\":\"Dulki\u0173 kam\u0161tis - DP polipropileno kam\u0161\u010dio jungties kam\u0161\u010dio kam\u0161tis naudojamas tam, kad pa\u0161aliniai daiktai nepatekt\u0173 \u012f bet koki\u0105 kam\u0161\u010dio jungt\u012f.\",\"breadcrumb\":{\"@id\":\"https:\\\/\\\/www.camlock.org\\\/lt\\\/produktas\\\/dp-tipo-polipropileno-kam-tin-jungtis-vyri-kojo-galo-jungtis\\\/#breadcrumb\"},\"inLanguage\":\"lt-LT\",\"potentialAction\":[{\"@type\":\"ReadAction\",\"target\":[\"https:\\\/\\\/www.camlock.org\\\/lt\\\/produktas\\\/dp-tipo-polipropileno-kam-tin-jungtis-vyri-kojo-galo-jungtis\\\/\"]}]},{\"@type\":\"ImageObject\",\"inLanguage\":\"lt-LT\",\"@id\":\"https:\\\/\\\/www.camlock.org\\\/lt\\\/produktas\\\/dp-tipo-polipropileno-kam-tin-jungtis-vyri-kojo-galo-jungtis\\\/#primaryimage\",\"url\":\"https:\\\/\\\/www.camlock.org\\\/wp-content\\\/uploads\\\/2018\\\/01\\\/Camlock_Polypropylene_type-DP_50mm_DP200PP_.jpg\",\"contentUrl\":\"https:\\\/\\\/www.camlock.org\\\/wp-content\\\/uploads\\\/2018\\\/01\\\/Camlock_Polypropylene_type-DP_50mm_DP200PP_.jpg\",\"width\":1000,\"height\":1134,\"caption\":\"Type DP Polypropylene Camlock Coupler - Male End Coupler\"},{\"@type\":\"BreadcrumbList\",\"@id\":\"https:\\\/\\\/www.camlock.org\\\/lt\\\/produktas\\\/dp-tipo-polipropileno-kam-tin-jungtis-vyri-kojo-galo-jungtis\\\/#breadcrumb\",\"itemListElement\":[{\"@type\":\"ListItem\",\"position\":1,\"name\":\"Home\",\"item\":\"https:\\\/\\\/www.camlock.org\\\/lt\\\/prad-ia\\\/\"},{\"@type\":\"ListItem\",\"position\":2,\"name\":\"Parduotuv\u0117\",\"item\":\"https:\\\/\\\/www.camlock.org\\\/lt\\\/d0-bc-d0-b0-d0-b3-d0-b0-d0-b7-d0-b8-d0-bd\\\/\"},{\"@type\":\"ListItem\",\"position\":3,\"name\":\"DP tipo polipropileno kam\u0161tin\u0117 jungtis &#8211; vyri\u0161kojo galo jungtis\"}]},{\"@type\":\"WebSite\",\"@id\":\"https:\\\/\\\/www.camlock.org\\\/lt\\\/?lang=et\\\/#website\",\"url\":\"https:\\\/\\\/www.camlock.org\\\/lt\\\/?lang=et\\\/\",\"name\":\"\u041f\u0440\u043e\u0434\u0430\u0436\u0430 \u043a\u0430\u043c\u043b\u043e\u043a (Camlock) \u0441\u043e\u0435\u0434\u0438\u043d\u0435\u043d\u0438\u0439\",\"description\":\"\u041f\u0440\u043e\u0434\u0430\u0436\u0430 \u043a\u0430\u043c\u043b\u043e\u043a (Camlock) \u0441\u043e\u0435\u0434\u0438\u043d\u0435\u043d\u0438\u0439\",\"potentialAction\":[{\"@type\":\"SearchAction\",\"target\":{\"@type\":\"EntryPoint\",\"urlTemplate\":\"https:\\\/\\\/www.camlock.org\\\/lt\\\/?lang=et\\\/?s={search_term_string}\"},\"query-input\":{\"@type\":\"PropertyValueSpecification\",\"valueRequired\":true,\"valueName\":\"search_term_string\"}}],\"inLanguage\":\"lt-LT\"}]}<\/script>\n<!-- \/ Yoast SEO plugin. -->","yoast_head_json":{"title":"DP tipo polipropileno kam\u0161tin\u0117 jungtis - vyri\u0161kojo galo jungtis","description":"Dulki\u0173 kam\u0161tis - DP polipropileno kam\u0161\u010dio jungties kam\u0161\u010dio kam\u0161tis naudojamas tam, kad pa\u0161aliniai daiktai nepatekt\u0173 \u012f bet koki\u0105 kam\u0161\u010dio jungt\u012f.","robots":{"index":"index","follow":"follow","max-snippet":"max-snippet:-1","max-image-preview":"max-image-preview:large","max-video-preview":"max-video-preview:-1"},"canonical":"https:\/\/www.camlock.org\/lt\/produktas\/dp-tipo-polipropileno-kam-tin-jungtis-vyri-kojo-galo-jungtis\/","og_locale":"lt_LT","og_type":"article","og_title":"DP tipo polipropileno kam\u0161tin\u0117 jungtis - vyri\u0161kojo galo jungtis","og_description":"Dulki\u0173 kam\u0161tis - DP polipropileno kam\u0161\u010dio jungties kam\u0161\u010dio kam\u0161tis naudojamas tam, kad pa\u0161aliniai daiktai nepatekt\u0173 \u012f bet koki\u0105 kam\u0161\u010dio jungt\u012f.","og_url":"https:\/\/www.camlock.org\/lt\/produktas\/dp-tipo-polipropileno-kam-tin-jungtis-vyri-kojo-galo-jungtis\/","og_site_name":"\u041f\u0440\u043e\u0434\u0430\u0436\u0430 \u043a\u0430\u043c\u043b\u043e\u043a (Camlock) \u0441\u043e\u0435\u0434\u0438\u043d\u0435\u043d\u0438\u0439","article_modified_time":"2025-05-16T10:12:04+00:00","og_image":[{"width":1000,"height":1134,"url":"https:\/\/www.camlock.org\/wp-content\/uploads\/2018\/01\/Camlock_Polypropylene_type-DP_50mm_DP200PP_.jpg","type":"image\/jpeg"}],"twitter_card":"summary_large_image","twitter_misc":{"Est. reading time":"1 minut\u0117"},"schema":{"@context":"https:\/\/schema.org","@graph":[{"@type":"WebPage","@id":"https:\/\/www.camlock.org\/lt\/produktas\/dp-tipo-polipropileno-kam-tin-jungtis-vyri-kojo-galo-jungtis\/","url":"https:\/\/www.camlock.org\/lt\/produktas\/dp-tipo-polipropileno-kam-tin-jungtis-vyri-kojo-galo-jungtis\/","name":"DP tipo polipropileno kam\u0161tin\u0117 jungtis - vyri\u0161kojo galo jungtis","isPartOf":{"@id":"https:\/\/www.camlock.org\/lt\/?lang=et\/#website"},"primaryImageOfPage":{"@id":"https:\/\/www.camlock.org\/lt\/produktas\/dp-tipo-polipropileno-kam-tin-jungtis-vyri-kojo-galo-jungtis\/#primaryimage"},"image":{"@id":"https:\/\/www.camlock.org\/lt\/produktas\/dp-tipo-polipropileno-kam-tin-jungtis-vyri-kojo-galo-jungtis\/#primaryimage"},"thumbnailUrl":"https:\/\/www.camlock.org\/wp-content\/uploads\/2018\/01\/Camlock_Polypropylene_type-DP_50mm_DP200PP_.jpg","datePublished":"2018-06-03T14:14:05+00:00","dateModified":"2025-05-16T10:12:04+00:00","description":"Dulki\u0173 kam\u0161tis - DP polipropileno kam\u0161\u010dio jungties kam\u0161\u010dio kam\u0161tis naudojamas tam, kad pa\u0161aliniai daiktai nepatekt\u0173 \u012f bet koki\u0105 kam\u0161\u010dio jungt\u012f.","breadcrumb":{"@id":"https:\/\/www.camlock.org\/lt\/produktas\/dp-tipo-polipropileno-kam-tin-jungtis-vyri-kojo-galo-jungtis\/#breadcrumb"},"inLanguage":"lt-LT","potentialAction":[{"@type":"ReadAction","target":["https:\/\/www.camlock.org\/lt\/produktas\/dp-tipo-polipropileno-kam-tin-jungtis-vyri-kojo-galo-jungtis\/"]}]},{"@type":"ImageObject","inLanguage":"lt-LT","@id":"https:\/\/www.camlock.org\/lt\/produktas\/dp-tipo-polipropileno-kam-tin-jungtis-vyri-kojo-galo-jungtis\/#primaryimage","url":"https:\/\/www.camlock.org\/wp-content\/uploads\/2018\/01\/Camlock_Polypropylene_type-DP_50mm_DP200PP_.jpg","contentUrl":"https:\/\/www.camlock.org\/wp-content\/uploads\/2018\/01\/Camlock_Polypropylene_type-DP_50mm_DP200PP_.jpg","width":1000,"height":1134,"caption":"Type DP Polypropylene Camlock Coupler - Male End Coupler"},{"@type":"BreadcrumbList","@id":"https:\/\/www.camlock.org\/lt\/produktas\/dp-tipo-polipropileno-kam-tin-jungtis-vyri-kojo-galo-jungtis\/#breadcrumb","itemListElement":[{"@type":"ListItem","position":1,"name":"Home","item":"https:\/\/www.camlock.org\/lt\/prad-ia\/"},{"@type":"ListItem","position":2,"name":"Parduotuv\u0117","item":"https:\/\/www.camlock.org\/lt\/d0-bc-d0-b0-d0-b3-d0-b0-d0-b7-d0-b8-d0-bd\/"},{"@type":"ListItem","position":3,"name":"DP tipo polipropileno kam\u0161tin\u0117 jungtis &#8211; vyri\u0161kojo galo jungtis"}]},{"@type":"WebSite","@id":"https:\/\/www.camlock.org\/lt\/?lang=et\/#website","url":"https:\/\/www.camlock.org\/lt\/?lang=et\/","name":"\u041f\u0440\u043e\u0434\u0430\u0436\u0430 \u043a\u0430\u043c\u043b\u043e\u043a (Camlock) \u0441\u043e\u0435\u0434\u0438\u043d\u0435\u043d\u0438\u0439","description":"\u041f\u0440\u043e\u0434\u0430\u0436\u0430 \u043a\u0430\u043c\u043b\u043e\u043a (Camlock) \u0441\u043e\u0435\u0434\u0438\u043d\u0435\u043d\u0438\u0439","potentialAction":[{"@type":"SearchAction","target":{"@type":"EntryPoint","urlTemplate":"https:\/\/www.camlock.org\/lt\/?lang=et\/?s={search_term_string}"},"query-input":{"@type":"PropertyValueSpecification","valueRequired":true,"valueName":"search_term_string"}}],"inLanguage":"lt-LT"}]}},"_links":{"self":[{"href":"https:\/\/www.camlock.org\/lt\/wp-json\/wp\/v2\/product\/11327","targetHints":{"allow":["GET"]}}],"collection":[{"href":"https:\/\/www.camlock.org\/lt\/wp-json\/wp\/v2\/product"}],"about":[{"href":"https:\/\/www.camlock.org\/lt\/wp-json\/wp\/v2\/types\/product"}],"wp:featuredmedia":[{"embeddable":true,"href":"https:\/\/www.camlock.org\/lt\/wp-json\/wp\/v2\/media\/10062"}],"wp:attachment":[{"href":"https:\/\/www.camlock.org\/lt\/wp-json\/wp\/v2\/media?parent=11327"}],"wp:term":[{"taxonomy":"product_brand","embeddable":true,"href":"https:\/\/www.camlock.org\/lt\/wp-json\/wp\/v2\/product_brand?post=11327"},{"taxonomy":"product_cat","embeddable":true,"href":"https:\/\/www.camlock.org\/lt\/wp-json\/wp\/v2\/product_cat?post=11327"},{"taxonomy":"product_tag","embeddable":true,"href":"https:\/\/www.camlock.org\/lt\/wp-json\/wp\/v2\/product_tag?post=11327"}],"curies":[{"name":"wp","href":"https:\/\/api.w.org\/{rel}","templated":true}]}}